{"id":10361,"date":"2025-01-01T04:30:00","date_gmt":"2025-01-01T12:30:00","guid":{"rendered":"https:\/\/www.soundcu.com\/?page_id=10361"},"modified":"2026-04-01T08:57:24","modified_gmt":"2026-04-01T15:57:24","slug":"balance-transfer-t-and-c","status":"publish","type":"page","link":"https:\/\/www.soundcu.com\/es\/balance-transfer-t-and-c\/","title":{"rendered":"Transferencia de saldo T y C"},"content":{"rendered":"<div class=\"co-flex_row co-flex_row__blue co-flex_row__minimal-hero co-flex_row__next_row__long-form-text\" >\n\t<div class=\"co-flex_row--row co-row\">\n\t\t\t<header class=\"co-page_hero co-page_minimalHero co-page_hero__no_image\" aria-label=\"Encabezado: Transferencia de saldo\">\n\t\t<div class=\"co-page_hero--inner\">\n\t\t\t<div class=\"prow items-center\">\n\t\t\t\t<div class=\"co-page_hero--text\">\n\t\t\t\t\t<h1 class=\"co-page_hero--title\" >Transferencia de saldo<\/h1>\t\t\t\t\t<p class=\"co-page_hero--tagline\">T\u00e9rminos y condiciones<\/p>\t\t\t\t<\/div>\n\t\t\t<\/div>\n\t\t<\/div>\n\t<\/header>\n\n\t<\/div>\n<\/div>\n\n\n<div class=\"co-flex_row co-flex_row__blue co-flex_row__last co-flex_row__long-form-text\" >\n\t<div class=\"co-flex_row--row co-row\">\n\t\t\t<div class=\"co-long_form\">\n\t\t\t\t\t<div class=\"co-long_form--block co-long_form--block__nomedia prow items-start\">\n\t\t\t\t<div class=\"co-long_form--text pcol-md:8\">\n\t\t\t\t\t<div class=\"co-long_form--content\"><p><strong>Promoci\u00f3n de tasa de inter\u00e9s anual del 1.991% en transferencias de saldo Visa realizadas entre el 1 de abril de 2026 y el 31 de diciembre de 2026. Disfrute de esta baja tasa hasta junio de 2027. Despu\u00e9s de esa fecha, se aplicar\u00e1 la tasa de inter\u00e9s anual variable est\u00e1ndar, actualmente entre el 10.451% y el 22.451%.<\/strong><\/p>\n<p><strong>T\u00e9rminos y condiciones de transferencia de saldo<\/strong><\/p>\n<p><strong>Informaci\u00f3n importante sobre esta oferta<\/strong>Las cuentas Sound Home Equity y Business Rewards, Business Platinum y Business Platinum Secured est\u00e1n excluidas de esta oferta. La APR promocional se aplica a las transferencias de saldo completadas entre el 1 de abril de 2026 y el 31 de diciembre de 2026. Los montos de las transacciones se aplicar\u00e1n a su l\u00edmite de cr\u00e9dito establecido y se les cobrar\u00e1 una APR de 1.99% hasta que su per\u00edodo de estado de cuenta comience en julio de 2027. Despu\u00e9s de eso, se le cobrar\u00e1 la APR est\u00e1ndar para compras seg\u00fan se describe en sus documentos de pr\u00e9stamo o cualquier cambio posterior en los t\u00e9rminos. Las transacciones que se registren despu\u00e9s de la fecha promocional o si su cuenta est\u00e1 en mora pueden cobrar los t\u00e9rminos no promocionales aplicables (por ejemplo, APR y comisi\u00f3n por transacci\u00f3n) establecidos en sus documentos de pr\u00e9stamo o cualquier cambio posterior en los t\u00e9rminos, o pueden ser rechazadas. La oferta, las tasas y las comisiones est\u00e1n sujetas a cambios. La APR en todas las dem\u00e1s transacciones y saldos en su cuenta permanecer\u00e1 en la tasa aplicable de acuerdo con su Contrato de Tarjeta de Cr\u00e9dito.<\/p>\n<p><strong>Transferencia de saldos:<\/strong> Las transferencias de saldo promocionales no se pueden usar para pagar otro pr\u00e9stamo o l\u00ednea de cr\u00e9dito de Sound Credit Union. Por favor, espere de 2 a 3 semanas para que la instituci\u00f3n receptora procese su pago. Contin\u00fae realizando sus pagos en estas cuentas hasta que el pago del monto transferido aparezca en el estado de cuenta de su otra entidad. Sound Credit Union no se hace responsable de los pagos atrasados en su cuenta de la otra entidad. No podemos cerrar sus otras cuentas, incluso si transfiere el saldo completo. Si desea cerrar la cuenta, deber\u00e1 comunicarse directamente con la entidad emisora. Los saldos se pueden transferir hasta su l\u00edmite establecido.<\/p>\n<p><strong>Enviar\u00e9 mi(s) pago(s):<\/strong> Entiendo que es mi responsabilidad enviar mi(s) pago(s) (mediante cheque, pago de facturas, ACH, etc.) al(los) prestamista(s) que he enumerado tan pronto como se realice el dep\u00f3sito de transferencia de saldo en mi cuenta de Sound.<\/p>\n<p><strong>Derecho a rechazar:<\/strong> En determinadas circunstancias (por ejemplo, si su cuenta est\u00e1 vencida o ha superado el l\u00edmite de cr\u00e9dito, o si creemos razonablemente que no podr\u00e1 o no querr\u00e1 pagar el saldo, o seg\u00fan lo estipulado en su Contrato de Tarjeta de Cr\u00e9dito), podemos rechazar procesar su transacci\u00f3n.<\/p>\n<p><strong>Contrato de tarjeta de cr\u00e9dito:<\/strong> Para obtener m\u00e1s detalles sobre los t\u00e9rminos y condiciones de su cuenta, consulte su Contrato de Tarjeta de Cr\u00e9dito.<\/p>\n<p><strong>Titulares de la tarjeta de recompensas:\u00a0<\/strong>No se otorgar\u00e1n puntos Sound Rewards por las transacciones realizadas a trav\u00e9s de esta promoci\u00f3n.<\/p>\n<p><strong>Titulares de tarjetas con reembolso en efectivo:\u00a0<\/strong>Las transferencias de saldo no dan derecho a reembolso en efectivo.<\/p>\n<p>Revisado: 4.2026<\/p>\n<\/div>\t\t\t\t<\/div>\n\t\t\t\t\t\t\t<\/div>\n\t\t\t\t<\/div>\n\n\t<\/div>\n<\/div>","protected":false},"excerpt":{"rendered":"","protected":false},"author":11,"featured_media":0,"parent":0,"menu_order":0,"comment_status":"closed","ping_status":"closed","template":"","meta":{"_acf_changed":false,"content-type":"","_searchwp_excluded":"","footnotes":""},"county":[],"class_list":["post-10361","page","type-page","status-publish","hentry"],"acf":[],"_links":{"self":[{"href":"https:\/\/www.soundcu.com\/es\/wp-json\/wp\/v2\/pages\/10361","targetHints":{"allow":["GET"]}}],"collection":[{"href":"https:\/\/www.soundcu.com\/es\/wp-json\/wp\/v2\/pages"}],"about":[{"href":"https:\/\/www.soundcu.com\/es\/wp-json\/wp\/v2\/types\/page"}],"author":[{"embeddable":true,"href":"https:\/\/www.soundcu.com\/es\/wp-json\/wp\/v2\/users\/11"}],"replies":[{"embeddable":true,"href":"https:\/\/www.soundcu.com\/es\/wp-json\/wp\/v2\/comments?post=10361"}],"version-history":[{"count":54,"href":"https:\/\/www.soundcu.com\/es\/wp-json\/wp\/v2\/pages\/10361\/revisions"}],"predecessor-version":[{"id":18620,"href":"https:\/\/www.soundcu.com\/es\/wp-json\/wp\/v2\/pages\/10361\/revisions\/18620"}],"wp:attachment":[{"href":"https:\/\/www.soundcu.com\/es\/wp-json\/wp\/v2\/media?parent=10361"}],"wp:term":[{"taxonomy":"county","embeddable":true,"href":"https:\/\/www.soundcu.com\/es\/wp-json\/wp\/v2\/county?post=10361"}],"curies":[{"name":"wp","href":"https:\/\/api.w.org\/{rel}","templated":true}]}}