{"id":10483,"date":"2024-03-19T11:42:02","date_gmt":"2024-03-19T18:42:02","guid":{"rendered":"https:\/\/www.soundcu.com\/?page_id=10483"},"modified":"2026-04-01T09:01:41","modified_gmt":"2026-04-01T16:01:41","slug":"toy-loan-rate-sale","status":"publish","type":"page","link":"https:\/\/www.soundcu.com\/es\/toy-loan-rate-sale\/","title":{"rendered":"Venta de tasas de pr\u00e9stamos para juguetes"},"content":{"rendered":"<div class=\"co-flex_row co-flex_row__blue co-flex_row__lead-capture-hero co-flex_row__next_row__long-form-text\" >\n\t<div class=\"co-flex_row--row co-row\">\n\t\t\t<header class=\"co-lead_capture_hero  co-lead_capture_hero__has_image benefits has_button\" aria-label=\"Encabezado: Venta de tasas de pr\u00e9stamos para juguetes\">\n\t\t<div class=\"co-lead_capture_hero--inner\">\n\t\t\t<div class=\"prow items-center\">\n\t\t\t\t<div class=\"co-lead_capture_hero--text pcol-lg:6 pcol-xl:6\">\n\t\t\t\t\t<h1 class=\"co-lead_capture_hero--title\" >Venta de tasas de pr\u00e9stamos para juguetes<\/h1>\t\t\t\t\t<p class=\"co-lead_capture_hero--tagline\">\u00bfListos para divertirse este verano?<\/p>\t\t\t\t\t\t<div class=\"co-lead_capture_hero--buttons\">\n\t\t\t\t\t\t\t<a class=\"co-lead_capture_hero--button\" href=\"https:\/\/app.loanspq.com\/vl\/VehicleLoan.aspx?enc=Kw21Wblm1yxpjJabdoZaDy5ozwngYxk5LnQg16INsUZZh2F8bIV9A51AuMKp8ohTrO59JWH8HQeI9q8evEGBIg&#038;_ga=2.26352701.1089265745.1710256798-1534459189.1681503375&#038;_gl=1*udezyn*_ga*MTUzNDQ1OTE4OS4xNjgxNTAzMzc1*_ga_FR6440DWJ8*MTcxMDI1Njc5Ny4zNjQuMS4xNzEwMjU2ODE2LjQxLjAuMA..\" target=\"_blank\" rel=\"noopener\">SOLICITA AHORA<\/a>\t\t\t\t\t\t<\/div>\n\t\t\t\t\t\t\t\t\t\t<\/div>\n\t\t\t\t\t\t\t\t\t<div class=\"co-lead_capture_hero--img_wrap pcol-lg:6 pcol-xl:6\">\n\t\t\t\t\t\t<svg class=\"co-branch_location_hero--svg-gradient\" width=\"159.2\" height=\"609\" viewbox=\"0 0 159.2 609\">\n  <defs>\n   <clippath id=\"clip-path-hero-gradient\">\n    <path d=\"M0,0H159.2V609H0Z\" fill=\"none\"\/>\n   <\/clippath>\n   <lineargradient id=\"linear-gradient-hero\" x1=\"1\" y1=\"1\" x2=\"1.147\" gradientunits=\"objectBoundingBox\">\n    <stop offset=\"0\" stop-color=\"#0d2c6c\"\/>\n    <stop offset=\"1\" stop-color=\"#67ccf2\"\/>\n   <\/lineargradient>\n  <\/defs>\n  <g transform=\"translate(487 -10)\">\n   <g transform=\"translate(-487 10)\" clip-path=\"url(#clip-path-hero-gradient)\">\n    <path d=\"M148.955,0H96.92c-232.639,458.1,26.61,607.908,26.61,607.908h25.425s-249.534-124.9,0-607.908\" transform=\"translate(0)\" fill=\"url(#linear-gradient-hero)\"\/>\n     <path d=\"M747.31,0Z\" transform=\"translate(246.995)\" fill=\"#040504\"\/>\n   <\/g>\n  <\/g>\n<\/svg>\n<div class=\"co-lead_capture_hero--mask\"><svg width=\"997.021\" height=\"609\" viewbox=\"0 0 997.021 609\"><defs><clippath id=\"svgPathHero\"><path d=\"M144.231,0c-260.172,483.012,0,607.908,0,607.908L1025.62,609V0Z\" transform=\"translate(-28.599)\"\/><\/clippath><\/defs><image id=\"image_69efc65f36938\" xlink:href=\"https:\/\/www.soundcu.com\/files\/SOUN0075F_vFINAL2a_toyloan_landing_SG-941x610.jpg\" src=\"https:\/\/www.soundcu.com\/files\/SOUN0075F_vFINAL2a_toyloan_landing_SG-941x610.jpg\" clip-path=\"url(#svgPathHero)\"  alt=\"A pop up browser graphic showing a lake, mountains, and forests. With the words \"out of office\" written across the top.\" \/><\/svg><\/div>\t\t\t\t\t<\/div>\n\t\t\t\t\t\t\t<\/div>\n\t\t<\/div>\n\t\t\t<\/header>\n\t<div class=\"co-benefits-hero benefits\">\n\t\t<div class=\"co-row\">\n\t\t\t<div class=\"prow\">\n\t\t\t\t<div class=\"pcol-lg:7 co-benefits-hero--col__info\">\n\t\t\t\t\t\t\t\t\t\t\t\t\t\t\t\t\t\t\t\t\t\t\t\t<div class=\"co-benefits-hero--description\">\n\t\t\t\t\t\t\t\t\t\t\t\t\t\t\t\t\t<div class=\"co-benefits-hero--description_head\">Vive tu pr\u00f3xima aventura todoterreno.<\/div>\n\t\t\t\t\t\t\t\t\t\t\t\t\t\t\t\t\t\t\t\t\t\t\t\t\t<div class=\"co-benefits-hero--description_text\"><p>Te tenemos cubierto con precios competitivos. <a href=\"https:\/\/www.soundcu.com\/es\/rates\/personal\/auto-loans\/\">tasas<\/a> en una variedad de pr\u00e9stamos de juguetes.<\/p>\n<ul>\n<li>Reciba un descuento del 11% en la TAE al financiar su compra con nosotros.<\/li>\n<li>Refinancia tu pr\u00e9stamo para juguetes con otra entidad financiera y te devolveremos 2% en efectivo sobre el importe del pr\u00e9stamo.<\/li>\n<\/ul>\n<\/div>\n\t\t\t\t\t\t\t\t\t\t\t\t\t\t\t<\/div>\n\t\t\t\t\t\t\t\t\t\t\t\t\t\t\t<\/div>\n\t\t\t\t<div class=\"pcol-lg:5 co-benefits-hero--col__form\">\t\t\t\n\t\t\t\t\t\t\t\t\t\t\t\t\t\t<div class=\"co-benefits-hero--promo\">\n\t\t\t\t\t\t\t<h2>Ofrecemos pr\u00e9stamos para muchos tipos de juguetes, entre ellos:<\/h2>\n<p style=\"text-align: center;\">motocicletas<\/p>\n<p style=\"text-align: center;\">Barcos y motos acu\u00e1ticas<\/p>\n<p style=\"text-align: center;\">Remolques de viaje<\/p>\n<p style=\"text-align: center;\">Autocaravanas<\/p>\n<p style=\"text-align: center;\">Quintas ruedas<\/p>\n<p style=\"text-align: center;\">Campistas<\/p>\n<p style=\"text-align: center;\">Veh\u00edculos todo terreno y veh\u00edculos utilitarios<\/p>\n\t\t\t\t\t\t<\/div>\n\t\t\t\t\t\t\t\t\t\t\t\t<\/div>\n\t\t\t<\/div>\n\t\t<\/div>\n\t<\/div>\n\n\t<\/div>\n<\/div>\n\n\n<div class=\"co-flex_row co-flex_row__blue co-flex_row__next_row_diff co-flex_row__long-form-text co-flex_row__next_row__multi-path-cta\" >\n\t<div class=\"co-flex_row--row co-row\">\n\t\t\t<div class=\"co-long_form\">\n\t\t\t\t\t<div class=\"co-long_form--block prow items-start flex-row-reverse\">\n\t\t\t\t<div class=\"co-long_form--text pcol-md:7\">\n\t\t\t\t\t<h2 class=\"co-long_form--headline\" >Ya sea que compre un juguete nuevo, usado o refinancie, ahorrar\u00e1 con un pr\u00e9stamo para juguetes de Sound:<\/h2><div class=\"co-long_form--content\"><ul>\n<li style=\"text-align: left;\">Baja competitividad <a href=\"https:\/\/www.soundcu.com\/es\/rates\/personal\/auto-loans\/\" target=\"_blank\" rel=\"noopener\">tasas<\/a><\/li>\n<li style=\"text-align: left;\">Deducci\u00f3n de la tasa TAE 1% en pr\u00e9stamos que cumplan los requisitos<\/li>\n<li style=\"text-align: left;\">2% reembolso en efectivo por refinanciamiento<\/li>\n<li style=\"text-align: left;\">Descuento de tarifa de 0,25% por pago autom\u00e1tico<\/li>\n<li style=\"text-align: left;\">Plazos de hasta 120 meses<\/li>\n<li style=\"text-align: left;\">Preaprobaci\u00f3n antes de comprar<\/li>\n<li style=\"text-align: left;\">Sin penalizaciones por pago anticipado<\/li>\n<\/ul>\n<\/div><a class=\"co-long_form--button co-button gtm-button\" href=\"https:\/\/app.loanspq.com\/vl\/VehicleLoan.aspx?enc=Kw21Wblm1yxpjJabdoZaDy5ozwngYxk5LnQg16INsUZZh2F8bIV9A51AuMKp8ohTrO59JWH8HQeI9q8evEGBIg&#038;_ga=2.26352701.1089265745.1710256798-1534459189.1681503375&#038;_gl=1*udezyn*_ga*MTUzNDQ1OTE4OS4xNjgxNTAzMzc1*_ga_FR6440DWJ8*MTcxMDI1Njc5Ny4zNjQuMS4xNzEwMjU2ODE2LjQxLjAuMA..\" target=\"_blank\" rel=\"noopener\">Solicita ahora<\/a>\t\t\t\t<\/div>\n\t\t\t\t\t\t\t\t\t<div class=\"co-long_form--media pcol-md:5 Image\">\n\t\t\t\t\t\t<div class=\"co-long_form--media_wrap\">\n\t\t\t\t\t\t\t<img loading=\"lazy\" decoding=\"async\" width=\"540\" height=\"330\" src=\"https:\/\/www.soundcu.com\/files\/iStock-1666402680_x540x330.jpg\" class=\"co-long_form--image\" alt=\"A young woman sitting with her dog while seated outside of a camper vehicle.\" srcset=\"https:\/\/www.soundcu.com\/files\/iStock-1666402680_x540x330.jpg 540w, https:\/\/www.soundcu.com\/files\/iStock-1666402680_x540x330-396x242.jpg 396w, https:\/\/www.soundcu.com\/files\/iStock-1666402680_x540x330-75x46.jpg 75w\" sizes=\"auto, (max-width: 540px) 100vw, 540px\" \/>\t\t\t\t\t\t\t\t\t\t\t\t\t\t\t<svg class=\"co-long_form--media__svg\" width=\"252.96\" height=\"86.432\" viewbox=\"0 0 252.96 86.432\"><g transform=\"translate(-992.041 -7954.568)\"><path d=\"M567.407,124.428c-77.494-74.559-170.562-30.665-250.487,0C396.429,151.611,495.98,196.666,567.407,124.428Z\" transform=\"translate(677.594 7871.189)\" fill=\"#71c4e8\"\/><path d=\"M452.635,105.62c-41.987-40.4-92.411-16.614-135.715,0C360,120.347,413.936,144.758,452.635,105.62Z\" transform=\"translate(675.121 7914.231)\" fill=\"#00205b\"\/><\/g><\/svg>\n\t\t\t\t\t\t\t\t\t\t\t\t\t<\/div>\n\t\t\t\t\t\t\t\t\t\t\t<\/div>\n\t\t\t\t\t\t\t<\/div>\n\t\t\t\t<\/div>\n\n\t<\/div>\n<\/div>\n\n\n<div class=\"co-flex_row co-flex_row__white co-flex_row__next_row_diff co-flex_row__multi-path-cta co-flex_row__next_row__disclosures\" >\n\t<div class=\"co-flex_row--row co-row\">\n\t\t\t<div class=\"co-mp_ctas\">\n\t\t\t\t<header class=\"co-intro_text\">\n\t\t\t<h2 class=\"co-intro_text--title\">\u00bfListo para disfrutar de la naturaleza?<\/h2><div class=\"co-intro_text--intro\"><p>\u00a1Solicita hoy mismo un pr\u00e9stamo de juguetes en Sound!<\/p>\n<\/div>\t\t<\/header>\n\t\t\t<div class=\"co-mp_ctas--list prow justify-center\">\n\t\t\t\t\t\t\t\t\t\t\t<div class=\"co-mp_cta pcol-lg:4\">\n\t\t\t\t\t<div class=\"co-mp_cta--title\">\n\t\t\t\t\t\tSolicita un pr\u00e9stamo para juguetes\t\t\t\t\t<\/div>\n\t\t\t\t\t<a class=\"co-mp_cta--link gtm-button\" href=\"https:\/\/app.loanspq.com\/vl\/VehicleLoan.aspx?enc=Kw21Wblm1yxpjJabdoZaDy5ozwngYxk5LnQg16INsUZZh2F8bIV9A51AuMKp8ohTrO59JWH8HQeI9q8evEGBIg&#038;_ga=2.26352701.1089265745.1710256798-1534459189.1681503375&#038;_gl=1*udezyn*_ga*MTUzNDQ1OTE4OS4xNjgxNTAzMzc1*_ga_FR6440DWJ8*MTcxMDI1Njc5Ny4zNjQuMS4xNzEwMjU2ODE2LjQxLjAuMA..\" rel=\"noopener\">SOLICITE EN L\u00cdNEA<\/a>\t\t\t\t<\/div>\n\t\t\t\t\t\t\t\t\t\t\t<div class=\"co-mp_cta pcol-lg:4\">\n\t\t\t\t\t<div class=\"co-mp_cta--title\">\n\t\t\t\t\t\tVisite una sucursal local.\t\t\t\t\t<\/div>\n\t\t\t\t\t<a class=\"co-mp_cta--link gtm-button\" href=\"https:\/\/www.soundcu.com\/es\/speed-bump\/?url=https%3A%2F%2Fwww.soundcu.com%2Fbranches%2F&#038;prev=https%3A%2F%2Fwww.soundcu.com%2Fes%2Ftoy-loan-rate-sale%2F\">Encuentra una sucursal<\/a>\t\t\t\t<\/div>\n\t\t\t\t\t\t\t\t\t\t\t<div class=\"co-mp_cta pcol-lg:4\">\n\t\t\t\t\t<div class=\"co-mp_cta--title\">\n\t\t\t\t\t\tLl\u00e1menos\t\t\t\t\t<\/div>\n\t\t\t\t\t\t\t\t\t\t\t<div class=\"co-mp_cta--content\">\n\t\t\t\t\t\t\t<p><a href=\"tel:8005628130\">800.562.8130<\/a><\/p>\n\t\t\t\t\t\t<\/div>\n\t\t\t\t\t\t\t\t\t<\/div>\n\t\t\t\t\t<\/div>\n\t<\/div>\n\n\t<\/div>\n<\/div>\n\n\n<div class=\"co-flex_row co-flex_row__blue co-flex_row__last co-flex_row__disclosures\" >\n\t<div class=\"co-flex_row--row co-row\">\n\t\t\t<div class=\"co-disclosures\">\n\t\t<h2 class=\"co-disclosures--title\">Divulgaciones<\/h2>\n\t\t<div class=\"co-disclosures--content\">\n\t\t\t<div class=\"small-text\">\n<p>Todos los pr\u00e9stamos est\u00e1n sujetos a las pol\u00edticas de cr\u00e9dito y las pautas de relaci\u00f3n pr\u00e9stamo-valor de Sound Credit Union. Su tasa y plazo se determinar\u00e1n seg\u00fan su solvencia crediticia, que incluye ingresos, relaci\u00f3n deuda-ingresos, empleo e historial crediticio. Es posible que se requiera verificaci\u00f3n de ingresos. Debe tener 18 a\u00f1os o m\u00e1s para calificar para el pr\u00e9stamo. Las promociones de pr\u00e9stamos no se pueden combinar con ninguna otra oferta. Las tasas y comisiones est\u00e1n sujetas a cambios.<\/p>\n<p><strong>Descuento de tarifa 1%:<\/strong> Esta oferta no incluye pr\u00e9stamos para autom\u00f3viles, camiones, furgonetas, SUV ni pr\u00e9stamos comerciales. El descuento se aplica sobre nuestras tasas regulares y es v\u00e1lido hasta el 31 de agosto de 2026.<\/p>\n<p><strong>Descuento TAE del 0,25%:<\/strong> Este descuento est\u00e1 disponible para ciertos pr\u00e9stamos al consumo con pago autom\u00e1tico desde una cuenta corriente Sound que cumpla con los requisitos. El titular principal debe ser titular principal o cotitular de la cuenta corriente. La tasa con descuento puede volver a la tasa regular si se cancela el pago autom\u00e1tico en cualquier momento durante el plazo del pr\u00e9stamo.<\/p>\n<p><strong>Oferta de reembolso de 2%:<\/strong> Si participa en esta oferta, 1) podr\u00eda recibir el Formulario 1099 MISC al final del a\u00f1o; 2) el reembolso en efectivo del programa 2% se perder\u00e1 y se sumar\u00e1 al monto a pagar si el pr\u00e9stamo se cancela dentro de los 24 meses posteriores a su apertura. La oferta vence el 31 de diciembre de 2026.<\/p>\n<\/div>\n\t\t<\/div>\n\t<\/div>\n\n\t<\/div>\n<\/div>","protected":false},"excerpt":{"rendered":"","protected":false},"author":13,"featured_media":0,"parent":0,"menu_order":0,"comment_status":"closed","ping_status":"closed","template":"tpl-leadCapture.php","meta":{"_acf_changed":false,"content-type":"","_searchwp_excluded":"","footnotes":""},"county":[],"class_list":["post-10483","page","type-page","status-publish","hentry"],"acf":[],"_links":{"self":[{"href":"https:\/\/www.soundcu.com\/es\/wp-json\/wp\/v2\/pages\/10483","targetHints":{"allow":["GET"]}}],"collection":[{"href":"https:\/\/www.soundcu.com\/es\/wp-json\/wp\/v2\/pages"}],"about":[{"href":"https:\/\/www.soundcu.com\/es\/wp-json\/wp\/v2\/types\/page"}],"author":[{"embeddable":true,"href":"https:\/\/www.soundcu.com\/es\/wp-json\/wp\/v2\/users\/13"}],"replies":[{"embeddable":true,"href":"https:\/\/www.soundcu.com\/es\/wp-json\/wp\/v2\/comments?post=10483"}],"version-history":[{"count":38,"href":"https:\/\/www.soundcu.com\/es\/wp-json\/wp\/v2\/pages\/10483\/revisions"}],"predecessor-version":[{"id":18560,"href":"https:\/\/www.soundcu.com\/es\/wp-json\/wp\/v2\/pages\/10483\/revisions\/18560"}],"wp:attachment":[{"href":"https:\/\/www.soundcu.com\/es\/wp-json\/wp\/v2\/media?parent=10483"}],"wp:term":[{"taxonomy":"county","embeddable":true,"href":"https:\/\/www.soundcu.com\/es\/wp-json\/wp\/v2\/county?post=10483"}],"curies":[{"name":"wp","href":"https:\/\/api.w.org\/{rel}","templated":true}]}}