{"id":11685,"date":"2024-10-29T09:38:49","date_gmt":"2024-10-29T16:38:49","guid":{"rendered":"https:\/\/www.soundcu.com\/?page_id=11685"},"modified":"2025-07-03T14:42:39","modified_gmt":"2025-07-03T21:42:39","slug":"welcome-wabizbank","status":"publish","type":"page","link":"https:\/\/www.soundcu.com\/es\/welcome-wabizbank\/","title":{"rendered":"Bienvenido, Washington Business Bank"},"content":{"rendered":"<div class=\"co-flex_row co-flex_row__blue co-flex_row__next_row_diff co-flex_row__lead-capture-hero co-flex_row__next_row__columns\" >\n\t<div class=\"co-flex_row--row co-row\">\n\t\t\t<header class=\"co-lead_capture_hero  co-lead_capture_hero__has_image benefits\" aria-label=\"Encabezado: \u00a1Bienvenido a Sound Credit Union!\">\n\t\t<div class=\"co-lead_capture_hero--inner\">\n\t\t\t<div class=\"prow items-center\">\n\t\t\t\t<div class=\"co-lead_capture_hero--text pcol-lg:6 pcol-xl:6\">\n\t\t\t\t\t<h1 class=\"co-lead_capture_hero--title\" >\u00a1Bienvenidos a Sound Credit Union!<\/h1>\t\t\t\t\t\t\t\t\t<\/div>\n\t\t\t\t\t\t\t\t\t<div class=\"co-lead_capture_hero--img_wrap pcol-lg:6 pcol-xl:6\">\n\t\t\t\t\t\t<svg class=\"co-branch_location_hero--svg-gradient\" width=\"159.2\" height=\"609\" viewbox=\"0 0 159.2 609\">\n  <defs>\n   <clippath id=\"clip-path-hero-gradient\">\n    <path d=\"M0,0H159.2V609H0Z\" fill=\"none\"\/>\n   <\/clippath>\n   <lineargradient id=\"linear-gradient-hero\" x1=\"1\" y1=\"1\" x2=\"1.147\" gradientunits=\"objectBoundingBox\">\n    <stop offset=\"0\" stop-color=\"#0d2c6c\"\/>\n    <stop offset=\"1\" stop-color=\"#67ccf2\"\/>\n   <\/lineargradient>\n  <\/defs>\n  <g transform=\"translate(487 -10)\">\n   <g transform=\"translate(-487 10)\" clip-path=\"url(#clip-path-hero-gradient)\">\n    <path d=\"M148.955,0H96.92c-232.639,458.1,26.61,607.908,26.61,607.908h25.425s-249.534-124.9,0-607.908\" transform=\"translate(0)\" fill=\"url(#linear-gradient-hero)\"\/>\n     <path d=\"M747.31,0Z\" transform=\"translate(246.995)\" fill=\"#040504\"\/>\n   <\/g>\n  <\/g>\n<\/svg>\n<div class=\"co-lead_capture_hero--mask\"><svg width=\"997.021\" height=\"609\" viewbox=\"0 0 997.021 609\"><defs><clippath id=\"svgPathHero\"><path d=\"M144.231,0c-260.172,483.012,0,607.908,0,607.908L1025.62,609V0Z\" transform=\"translate(-28.599)\"\/><\/clippath><\/defs><image id=\"image_69efafe5c2373\" xlink:href=\"https:\/\/www.soundcu.com\/files\/iStock-1469142859_944x612-941x610.jpg\" src=\"https:\/\/www.soundcu.com\/files\/iStock-1469142859_944x612-941x610.jpg\" clip-path=\"url(#svgPathHero)\"  alt=\"A businesswoman smiling at the camera while crossing her arms.\" \/><\/svg><\/div>\t\t\t\t\t<\/div>\n\t\t\t\t\t\t\t<\/div>\n\t\t<\/div>\n\t\t<svg class=\"co-blog_hero--svg-line\" xmlns=\"http:\/\/www.w3.org\/2000\/svg\" xmlns:xlink=\"http:\/\/www.w3.org\/1999\/xlink\" width=\"1435.942\" height=\"195.217\" viewbox=\"0 0 1435.942 195.217\">\n  <defs>\n    <clippath id=\"blog_hero-clip_path\">\n      <path d=\"M0,387.736C211.1,511.3,411.942,533.1,605.539,522.95c108.631-5.7,214.966-26.324,319.519-54.981C417.606,553.271,174.676,425.584,0,336.3Z\"\/>\n    <\/clippath>\n    <lineargradient id=\"blog_hero-linear_gradient\" x1=\"0.845\" y1=\"0.629\" x2=\"0.08\" y2=\"0.361\" gradientunits=\"objectBoundingBox\">\n      <stop offset=\"0\" stop-color=\"#0d2c6c\"\/>\n      <stop offset=\"1\" stop-color=\"#67ccf2\"\/>\n    <\/lineargradient>\n  <\/defs>\n  <g transform=\"translate(-2643 -1494)\">\n    <path d=\"M605.539,522.95C411.942,533.1,211.1,511.3,0,387.737V529.83H1435.942V334.613C1240.4,400.9,1071.692,443.32,925.057,467.969c-104.552,28.656-210.888,49.283-319.518,54.981\" transform=\"translate(2643 1159.387)\" fill=\"#f2fafc\"\/>\n    <g transform=\"translate(2643 1159.387)\" clip-path=\"url(#blog_hero-clip_path)\">\n      <path d=\"M901.455,259.213-64.733,341.84,23.6,630.362l966.188-82.627Z\" fill=\"url(#blog_hero-linear_gradient)\"\/>\n    <\/g>\n  <\/g>\n<\/svg>\n\t<\/header>\n\t<div class=\"co-benefits-hero benefits\">\n\t\t<div class=\"co-row\">\n\t\t\t<div class=\"prow\">\n\t\t\t\t<div class=\"pcol-lg:7 co-benefits-hero--col__info\">\n\t\t\t\t\t\t\t\t\t\t\t\t\t\t\t\t\t\t\t\t\t\t\t\t<div class=\"co-benefits-hero--description\">\n\t\t\t\t\t\t\t\t\t\t\t\t\t\t\t\t\t<div class=\"co-benefits-hero--description_head\">La integraci\u00f3n de la cuenta ya est\u00e1 completa.<\/div>\n\t\t\t\t\t\t\t\t\t\t\t\t\t\t\t\t\t\t\t\t\t\t\t\t\t<div class=\"co-benefits-hero--description_text\"><p>La integraci\u00f3n de cuentas el 27 de junio de 2025 marc\u00f3 el paso final de la adquisici\u00f3n entre Washington Business Bank (WBB) y Sound Credit Union (Sound).<\/p>\n<p>Todos los antiguos clientes de WBB son ahora miembros de Sound y tienen acceso a nuestra gama completa de productos y servicios financieros, adem\u00e1s de una red ampliada de sucursales locales.<\/p>\n<p>Para obtener m\u00e1s informaci\u00f3n sobre el proceso de integraci\u00f3n, consulte la secci\u00f3n \u00abDocumentos recientes\u00bb en esta p\u00e1gina. Para obtener m\u00e1s informaci\u00f3n sobre Sound, explore este sitio web o visite una de nuestras sucursales. Estaremos encantados de responder a sus preguntas.<\/p>\n<\/div>\n\t\t\t\t\t\t\t\t\t\t\t\t\t\t\t<\/div>\n\t\t\t\t\t\t\t\t\t\t\t\t\t\t\t<\/div>\n\t\t\t\t<div class=\"pcol-lg:5 co-benefits-hero--col__form\">\t\t\t\n\t\t\t\t\t\t\t\t\t\t\t\t\t\t<div class=\"co-benefits-hero--promo\">\n\t\t\t\t\t\t\t<h4>Documentos recientes<\/h4>\n<p><span class=\"co-button\"><a href=\"https:\/\/www.soundcu.com\/files\/QuickBooks-Quicken-Conversion-Instructions.pdf\" target=\"_blank\" rel=\"noopener\">Instrucciones de conversi\u00f3n de QuickBooks\/Quicken<\/a><\/span><\/p>\n<p><span class=\"co-button\"><a href=\"https:\/\/www.soundcu.com\/files\/WBB-Integration-Guide-Mailing-May-2025.pdf\" target=\"_blank\" rel=\"noopener\">Gu\u00eda de integraci\u00f3n de correo electr\u00f3nico<\/a><\/span><\/p>\n<p><span class=\"co-button\"><a href=\"https:\/\/www.soundcu.com\/files\/Integration_Guide_WBB_05.2025_Online-Version.pdf\" target=\"_blank\" rel=\"noopener\">Gu\u00eda de integraci\u00f3n<\/a><\/span><\/p>\n<p><span class=\"co-button\"><a href=\"https:\/\/www.soundcu.com\/files\/Post-Closing-Letter.pdf\" target=\"_blank\" rel=\"noopener\">Carta de cierre posterior<\/a><\/span><\/p>\n\t\t\t\t\t\t<\/div>\n\t\t\t\t\t\t\t\t\t\t\t\t<\/div>\n\t\t\t<\/div>\n\t\t<\/div>\n\t<\/div>\n\n\t<\/div>\n<\/div>\n\n\n<div class=\"co-flex_row co-flex_row__white co-flex_row__next_row_diff co-flex_row__columns co-flex_row__next_row__blog-feed\" >\n\t<div class=\"co-flex_row--row co-row\">\n\t\t\t<div class=\"co-columns\">\n\t\t\t\t<header class=\"co-intro_text\">\n\t\t\t<h2 class=\"co-intro_text--title\">Informaci\u00f3n previa a la integraci\u00f3n de la cuenta<\/h2>\t\t<\/header>\n\t\t\t\t<div class=\"co-columns--row prow prow-md:2 prow-lg:3 justify-center\">\n\t\t\t\t\t\t\t\t\t<div class=\"co-columns--box\">\n\t\t\t\t\t\t<h3 class=\"co-columns--box_headline\" >Listas de verificaci\u00f3n<\/h3><div class=\"co-columns--box_desc\"><p><a href=\"https:\/\/www.soundcu.com\/files\/Business-Account-Checklist.pdf\" target=\"_blank\" rel=\"noopener\">Lista de verificaci\u00f3n de cuentas comerciales<\/a><\/p>\n<p><a href=\"https:\/\/www.soundcu.com\/files\/Integration-Guide-Checklist.pdf\" target=\"_blank\" rel=\"noopener\">Lista de verificaci\u00f3n de integraci\u00f3n<\/a><\/p>\n<\/div><div class=\"co-columns--box_button\"><\/div>\t\t\t\t\t<\/div>\n\t\t\t\t\t\t\t\t\t<div class=\"co-columns--box\">\n\t\t\t\t\t\t<h3 class=\"co-columns--box_headline\" >Env\u00edo de correspondencia previo al cierre<\/h3><div class=\"co-columns--box_desc\"><p><a href=\"https:\/\/www.soundcu.com\/files\/SoundCU-WBB-Preclosing-Letter.pdf\" target=\"_blank\" rel=\"noopener\">Carta previa al cierre<\/a><\/p>\n<p><a href=\"https:\/\/www.soundcu.com\/files\/WBB-Preclosing-FAQs.pdf\" target=\"_blank\" rel=\"noopener\">Preguntas frecuentes<\/a><\/p>\n<p><a href=\"https:\/\/www.soundcu.com\/files\/FDIC-NCUA-Comparison-Chart.pdf\" target=\"_blank\" rel=\"noopener\">Tabla comparativa FDIC\/NCUA<\/a><\/p>\n<p><a href=\"https:\/\/www.soundcu.com\/files\/Privacy-Policy_Sound.pdf\" target=\"_blank\" rel=\"noopener\">Pol\u00edtica de privacidad de Sound<\/a><\/p>\n<p><a href=\"https:\/\/www.soundcu.com\/files\/WBB-SoundCU-Fee-Comparison.pdf\" target=\"_blank\" rel=\"noopener\">Tabla comparativa de tarifas<\/a><\/p>\n<\/div><div class=\"co-columns--box_button\"><\/div>\t\t\t\t\t<\/div>\n\t\t\t\t\t\t\t\t\t<div class=\"co-columns--box\">\n\t\t\t\t\t\t<h3 class=\"co-columns--box_headline\" >Postales<\/h3><div class=\"co-columns--box_desc\"><p><a href=\"https:\/\/www.soundcu.com\/files\/SoundCU-WBB-April-Postcard.pdf\" target=\"_blank\" rel=\"noopener\">Postal de abril<\/a><\/p>\n<p><a href=\"https:\/\/www.soundcu.com\/files\/SoundCU-WBB-February-Postcard.pdf\" target=\"_blank\" rel=\"noopener\">Postal de febrero<\/a><\/p>\n<\/div><div class=\"co-columns--box_button\"><\/div>\t\t\t\t\t<\/div>\n\t\t\t\t\t\t\t<\/div>\n\t\t\t\t<\/div>\n\n\t<\/div>\n<\/div>\n\n\n<div class=\"co-flex_row co-flex_row__blue co-flex_row__blog-feed co-flex_row__next_row__multi-path-cta\" >\n\t<div class=\"co-flex_row--row co-row\">\n\t\t<div class=\"co-bf\">\n\t\t\t<header class=\"co-intro_text\">\n\t\t\t<h2 class=\"co-intro_text--title\">Mant\u00e9ngase al d\u00eda con las \u00faltimas noticias sobre la adquisici\u00f3n.<\/h2>\t\t<\/header>\n\t\t<div class=\"co-bf--list prow prow-md:2 prow-lg:3\">\n\t\t<div class=\"co-post_tile co-columns--box\">\n\t<img loading=\"lazy\" decoding=\"async\" width=\"396\" height=\"258\" src=\"https:\/\/www.soundcu.com\/files\/LFT-FeaturedImage_SoundLogoONblue_842x548-396x258.jpg\" class=\"co-post_tile--img co-columns--box_image wp-post-image\" alt=\"Sound Credit Union logo and tagline, Invested in We, on blue background\" srcset=\"https:\/\/www.soundcu.com\/files\/LFT-FeaturedImage_SoundLogoONblue_842x548-396x258.jpg 396w, https:\/\/www.soundcu.com\/files\/LFT-FeaturedImage_SoundLogoONblue_842x548-540x351.jpg 540w, https:\/\/www.soundcu.com\/files\/LFT-FeaturedImage_SoundLogoONblue_842x548-730x475.jpg 730w, https:\/\/www.soundcu.com\/files\/LFT-FeaturedImage_SoundLogoONblue_842x548-768x500.jpg 768w, https:\/\/www.soundcu.com\/files\/LFT-FeaturedImage_SoundLogoONblue_842x548-75x49.jpg 75w, https:\/\/www.soundcu.com\/files\/LFT-FeaturedImage_SoundLogoONblue_842x548.jpg 842w\" sizes=\"auto, (max-width: 396px) 100vw, 396px\" \/><h2 class=\"co-post_tile--box_headline co-columns--box_headline\" > <a href=\"https:\/\/www.soundcu.com\/es\/blog\/sound-credit-union-completes-conversion-of-washington-business-bank\/\" class=\"link\">Sound Credit Union completa la conversi\u00f3n de Washington Business Bank.<\/a><\/h2>\t<div class=\"co-post_tile--box_desc co-post_tile--excerpt co-columns--box_desc\">\t\t\n\t\t\t<\/div>\n<\/div><div class=\"co-post_tile co-columns--box\">\n\t<img loading=\"lazy\" decoding=\"async\" width=\"396\" height=\"258\" src=\"https:\/\/www.soundcu.com\/files\/LFT-FeaturedImage_SoundLogoONblue_842x548-396x258.jpg\" class=\"co-post_tile--img co-columns--box_image wp-post-image\" alt=\"Sound Credit Union logo and tagline, Invested in We, on blue background\" srcset=\"https:\/\/www.soundcu.com\/files\/LFT-FeaturedImage_SoundLogoONblue_842x548-396x258.jpg 396w, https:\/\/www.soundcu.com\/files\/LFT-FeaturedImage_SoundLogoONblue_842x548-540x351.jpg 540w, https:\/\/www.soundcu.com\/files\/LFT-FeaturedImage_SoundLogoONblue_842x548-730x475.jpg 730w, https:\/\/www.soundcu.com\/files\/LFT-FeaturedImage_SoundLogoONblue_842x548-768x500.jpg 768w, https:\/\/www.soundcu.com\/files\/LFT-FeaturedImage_SoundLogoONblue_842x548-75x49.jpg 75w, https:\/\/www.soundcu.com\/files\/LFT-FeaturedImage_SoundLogoONblue_842x548.jpg 842w\" sizes=\"auto, (max-width: 396px) 100vw, 396px\" \/><h2 class=\"co-post_tile--box_headline co-columns--box_headline\" > <a href=\"https:\/\/www.soundcu.com\/es\/blog\/sound-credit-union-finalizes-acquisition-of-washington-business-bank\/\" class=\"link\">Sound Credit Union finaliza la adquisici\u00f3n de Washington Business Bank.<\/a><\/h2>\t<div class=\"co-post_tile--box_desc co-post_tile--excerpt co-columns--box_desc\">\t\t\n\t\t\t<\/div>\n<\/div><div class=\"co-post_tile co-columns--box\">\n\t<img loading=\"lazy\" decoding=\"async\" width=\"396\" height=\"258\" src=\"https:\/\/www.soundcu.com\/files\/LFT-FeaturedImage_SoundLogoONblue_842x548-396x258.jpg\" class=\"co-post_tile--img co-columns--box_image wp-post-image\" alt=\"Sound Credit Union logo and tagline, Invested in We, on blue background\" srcset=\"https:\/\/www.soundcu.com\/files\/LFT-FeaturedImage_SoundLogoONblue_842x548-396x258.jpg 396w, https:\/\/www.soundcu.com\/files\/LFT-FeaturedImage_SoundLogoONblue_842x548-540x351.jpg 540w, https:\/\/www.soundcu.com\/files\/LFT-FeaturedImage_SoundLogoONblue_842x548-730x475.jpg 730w, https:\/\/www.soundcu.com\/files\/LFT-FeaturedImage_SoundLogoONblue_842x548-768x500.jpg 768w, https:\/\/www.soundcu.com\/files\/LFT-FeaturedImage_SoundLogoONblue_842x548-75x49.jpg 75w, https:\/\/www.soundcu.com\/files\/LFT-FeaturedImage_SoundLogoONblue_842x548.jpg 842w\" sizes=\"auto, (max-width: 396px) 100vw, 396px\" \/><h2 class=\"co-post_tile--box_headline co-columns--box_headline\" > <a href=\"https:\/\/www.soundcu.com\/es\/blog\/sound-credit-union-and-washington-business-bank-announce-acquisition-agreement\/\" class=\"link\">Sound Credit Union y Washington Business Bank anuncian un acuerdo de adquisici\u00f3n.<\/a><\/h2>\t<div class=\"co-post_tile--box_desc co-post_tile--excerpt co-columns--box_desc\">\t\t\n\t\t\t<\/div>\n<\/div>\t<\/div>\n\t<\/div>\n\t<\/div>\n<\/div>\n\n\n<div class=\"co-flex_row co-flex_row__blue co-flex_row__last co-flex_row__multi-path-cta\" >\n\t<div class=\"co-flex_row--row co-row\">\n\t\t\t<div class=\"co-mp_ctas\">\n\t\t\t\t<header class=\"co-intro_text\">\n\t\t\t<h2 class=\"co-intro_text--title\"><a href=\"https:\/\/www.soundcu.com\/es\/contact\/\">Cont\u00e1ctarnos<\/a> \u00bfTiene preguntas o comentarios?<\/h2>\t\t<\/header>\n\t\t\t<div class=\"co-mp_ctas--list prow justify-center\">\n\t\t\t\t\t\t\t\t\t\t\t<div class=\"co-mp_cta pcol-lg:4\">\n\t\t\t\t\t<div class=\"co-mp_cta--title\">\n\t\t\t\t\t\tLl\u00e1menos\t\t\t\t\t<\/div>\n\t\t\t\t\t\t\t\t\t\t\t<div class=\"co-mp_cta--content\">\n\t\t\t\t\t\t\t<p><a href=\"tel:8005628130\">800.562.8130<\/a><\/p>\n\t\t\t\t\t\t<\/div>\n\t\t\t\t\t\t\t\t\t<\/div>\n\t\t\t\t\t\t\t\t\t\t\t<div class=\"co-mp_cta pcol-lg:4\">\n\t\t\t\t\t<div class=\"co-mp_cta--title\">\n\t\t\t\t\t\tVisite una sucursal local.\t\t\t\t\t<\/div>\n\t\t\t\t\t<a class=\"co-mp_cta--link gtm-button\" href=\"https:\/\/www.soundcu.com\/es\/speed-bump\/?url=https%3A%2F%2Fwww.soundcu.com%2Fbranches%2F&#038;prev=https%3A%2F%2Fwww.soundcu.com%2Fes%2Fwelcome-wabizbank%2F\"  >Encuentra una sucursal<\/a>\t\t\t\t<\/div>\n\t\t\t\t\t<\/div>\n\t<\/div>\n\n\t<\/div>\n<\/div>","protected":false},"excerpt":{"rendered":"","protected":false},"author":13,"featured_media":0,"parent":0,"menu_order":0,"comment_status":"closed","ping_status":"closed","template":"","meta":{"_acf_changed":false,"content-type":"","_searchwp_excluded":"","footnotes":""},"county":[],"class_list":["post-11685","page","type-page","status-publish","hentry"],"acf":[],"_links":{"self":[{"href":"https:\/\/www.soundcu.com\/es\/wp-json\/wp\/v2\/pages\/11685","targetHints":{"allow":["GET"]}}],"collection":[{"href":"https:\/\/www.soundcu.com\/es\/wp-json\/wp\/v2\/pages"}],"about":[{"href":"https:\/\/www.soundcu.com\/es\/wp-json\/wp\/v2\/types\/page"}],"author":[{"embeddable":true,"href":"https:\/\/www.soundcu.com\/es\/wp-json\/wp\/v2\/users\/13"}],"replies":[{"embeddable":true,"href":"https:\/\/www.soundcu.com\/es\/wp-json\/wp\/v2\/comments?post=11685"}],"version-history":[{"count":32,"href":"https:\/\/www.soundcu.com\/es\/wp-json\/wp\/v2\/pages\/11685\/revisions"}],"predecessor-version":[{"id":16110,"href":"https:\/\/www.soundcu.com\/es\/wp-json\/wp\/v2\/pages\/11685\/revisions\/16110"}],"wp:attachment":[{"href":"https:\/\/www.soundcu.com\/es\/wp-json\/wp\/v2\/media?parent=11685"}],"wp:term":[{"taxonomy":"county","embeddable":true,"href":"https:\/\/www.soundcu.com\/es\/wp-json\/wp\/v2\/county?post=11685"}],"curies":[{"name":"wp","href":"https:\/\/api.w.org\/{rel}","templated":true}]}}