{"id":12666,"date":"2024-08-23T14:44:40","date_gmt":"2024-08-23T21:44:40","guid":{"rendered":"https:\/\/www.soundcu.com\/?page_id=12666"},"modified":"2024-12-11T12:21:53","modified_gmt":"2024-12-11T20:21:53","slug":"career-progression-model","status":"publish","type":"page","link":"https:\/\/www.soundcu.com\/es\/career-progression-model\/","title":{"rendered":"Modelo de progresi\u00f3n profesional"},"content":{"rendered":"<div class=\"co-flex_row co-flex_row__blue co-flex_row__minimal-hero co-flex_row__next_row__tabs\" >\n\t<div class=\"co-flex_row--row co-row\">\n\t\t\t<header class=\"co-page_hero co-page_minimalHero co-page_hero__no_image\" aria-label=\"Encabezado: Nuestro modelo de progresi\u00f3n profesional\">\n\t\t<div class=\"co-page_hero--inner\">\n\t\t\t<div class=\"prow items-center\">\n\t\t\t\t<div class=\"co-page_hero--text\">\n\t\t\t\t\t<h1 class=\"co-page_hero--title\" >Nuestro modelo de progresi\u00f3n profesional<\/h1>\t\t\t\t\t\t\t\t\t<\/div>\n\t\t\t<\/div>\n\t\t<\/div>\n\t<\/header>\n\n\t<\/div>\n<\/div>\n\n\n<div class=\"co-flex_row co-flex_row__blue co-flex_row__last co-flex_row__tabs\" >\n\t<div class=\"co-flex_row--row co-row\">\n\t\t\t<div class=\"co-tabs\">\n\t\t\t\t<header class=\"co-intro_text\">\n\t\t\t<div class=\"co-intro_text--intro\"><div class=\"small-text\">Nuestro modelo de desarrollo profesional, formal y \u00fanico, est\u00e1 dise\u00f1ado para incorporarte al puesto adecuado seg\u00fan tu formaci\u00f3n y experiencia previas. Contamos con un plan de desarrollo profesional formal que te ayudar\u00e1 a progresar y aumentar tu salario a trav\u00e9s de diversos puestos dentro de nuestra organizaci\u00f3n, adquiriendo habilidades y experiencia en el proceso.<\/div>\n<\/div>\t\t<\/header>\n\t\t\t\t<div class=\"co-tabs--tabs js-tabs\">\n\t\t\t\t<nav class=\"co-tabs--nav\" aria-label=\"Tabs Navigation 69f0dbbf4ee43\">\n\t\t\t\t\t\t\t\t\t\t\t<button\n\t\t\t\t\t\t\tclass=\"co-tabs--nav_toggle\t\t\t\t\t\t\t\tjs-tab_toggle\t\t\t\t\t\t\t\tjs-tab_toggle_large\"\n\t\t\t\t\t\t\tdata-tabtitle=\"branchprogressionmodel\"\n\t\t\t\t\t\t\tdata-tabindex=\"0_branchprogressionmodel\"\n\t\t\t\t\t\t\taria-label=\"Modelo de progresi\u00f3n de ramas abiertas\"\n\t\t\t\t\t\t>\n\t\t\t\t\t\t\tModelo de progresi\u00f3n de ramas\t\t\t\t\t\t<\/button>\n\t\t\t\t\t\t\t\t\t\t\t<button\n\t\t\t\t\t\t\tclass=\"co-tabs--nav_toggle\t\t\t\t\t\t\t\tjs-tab_toggle\t\t\t\t\t\t\t\tjs-tab_toggle_large\"\n\t\t\t\t\t\t\tdata-tabtitle=\"callcenterprogressionmodel\"\n\t\t\t\t\t\t\tdata-tabindex=\"1_callcenterprogressionmodel\"\n\t\t\t\t\t\t\taria-label=\"Modelo de progresi\u00f3n de centro de llamadas abierto\"\n\t\t\t\t\t\t>\n\t\t\t\t\t\t\tModelo de progresi\u00f3n del centro de llamadas\t\t\t\t\t\t<\/button>\n\t\t\t\t\t\t\t\t\t<\/nav>\n\n\t\t\t\t<div class=\"co-tabs--panels\">\n\t\t\t\t\t\t\t\t\t\t\t<div class=\"co-tab js-tab co-tab__0\">\n\t\t\t\t\t\t\t<button\n\t\t\t\t\t\t\t\tclass=\"co-tab--toggle\t\t\t\t\t\t\t\t\tjs-tab_toggle\"\n\t\t\t\t\t\t\t\tdata-tabindex=\"0_branchprogressionmodel\"\n\t\t\t\t\t\t\t\taria-label=\"Abrir pesta\u00f1a m\u00f3vil Modelo de progresi\u00f3n de rama\"\n\t\t\t\t\t\t\t>\n\t\t\t\t\t\t\t\tModelo de progresi\u00f3n de ramas\t\t\t\t\t\t\t<\/button>\n\t\t\t\t\t\t\t<section\n\t\t\t\t\t\t\t\tclass=\"co-tab--content\t\t\t\t\t\t\t\t\tco-row\t\t\t\t\t\t\t\t\tjs-tab_content\"\n\t\t\t\t\t\t\t\taria-label=\"Contenido de la pesta\u00f1a para el modelo de progresi\u00f3n de ramas\"\n\t\t\t\t\t\t\t\tdata-tabindex=\"0_branchprogressionmodel\"\n\t\t\t\t\t\t\t>\n\t\t\t\t\t\t\t\t<h5 style=\"text-align: left;\"><strong>1. Cajero\/a \u2013 Representante de Servicio al Cliente<\/strong><\/h5>\n<p style=\"text-align: left;\">Impulsa tu carrera ayudando a los miembros con sus transacciones financieras rutinarias.<\/p>\n<p style=\"text-align: left;\">Responsabilidades:<\/p>\n<ul>\n<li style=\"list-style-type: none;\">\n<ul style=\"text-align: left;\">\n<li>Ser\u00e1s el primer punto de contacto para nuestros miembros, ayud\u00e1ndolos con diversas transacciones financieras, incluyendo retiros, adelantos en efectivo, pagos de pr\u00e9stamos y transferencias. Tendr\u00e1s la autonom\u00eda para resolver problemas, atender las consultas de los miembros, establecer relaciones y brindar informaci\u00f3n valiosa sobre el estado de las cuentas, saldos y detalles de los pr\u00e9stamos para garantizar que las necesidades de nuestros miembros se satisfagan con un servicio y atenci\u00f3n excepcionales.<\/li>\n<\/ul>\n<\/li>\n<\/ul>\n<p style=\"text-align: left;\">Requisitos:<\/p>\n<ul>\n<li style=\"list-style-type: none;\">\n<ul style=\"text-align: left;\">\n<li>Se requiere un a\u00f1o de experiencia en atenci\u00f3n al cliente; se valorar\u00e1 la experiencia en manejo de efectivo y ventas.<\/li>\n<\/ul>\n<\/li>\n<\/ul>\n<p style=\"text-align: left;\">Rango salarial:<\/p>\n<ul>\n<li style=\"list-style-type: none;\">\n<ul style=\"text-align: left;\">\n<li style=\"text-align: left;\">Rango salarial objetivo: $20.00 \u2013 $22.50, Rango completo: $20.00 \u2013 $25.00<\/li>\n<\/ul>\n<\/li>\n<\/ul>\n<p>&nbsp;<\/p>\n<h5 style=\"text-align: left;\"><strong>2. Asociado Universal I (Nuevas Cuentas)<\/strong><\/h5>\n<p style=\"text-align: left;\">Ampl\u00eda tus conocimientos y empieza a gestionar necesidades y transacciones m\u00e1s complejas de los miembros.<\/p>\n<p style=\"text-align: left;\">Responsabilidades adicionales:<\/p>\n<ul>\n<li style=\"list-style-type: none;\">\n<ul style=\"text-align: left;\">\n<li>Establecer\u00e1s relaciones a largo plazo con los miembros mediante la apertura de nuevas cuentas de consumo, que incluyen: cuentas de ahorro, cuentas corrientes, cuentas del mercado monetario, certificados de dep\u00f3sito, cuentas para menores, cuentas individuales de jubilaci\u00f3n (IRA), cuentas de ahorro para la salud, etc.<\/li>\n<\/ul>\n<\/li>\n<\/ul>\n<p style=\"text-align: left;\">Requisitos adicionales:<\/p>\n<ul>\n<li style=\"list-style-type: none;\">\n<ul style=\"text-align: left;\">\n<li>Al menos un a\u00f1o de experiencia como cajero o experiencia equivalente en atenci\u00f3n al cliente en el sector bancario.<\/li>\n<li>Se requiere experiencia en manejo de efectivo y apertura de nuevas cuentas.<\/li>\n<\/ul>\n<\/li>\n<\/ul>\n<p>Rango salarial:<\/p>\n<ul>\n<li style=\"list-style-type: none;\">\n<ul style=\"text-align: left;\">\n<li>Rango salarial objetivo: $21.50 \u2013 $24.00, Rango completo: $21.50 \u2013 $26.50<\/li>\n<\/ul>\n<\/li>\n<\/ul>\n<p>&nbsp;<\/p>\n<h5 style=\"text-align: left;\"><strong>3. Banquero \u2013 Asociado Universal II (Nuevas Cuentas y Pr\u00e9stamos)<\/strong><\/h5>\n<p style=\"text-align: left;\">Asumir responsabilidades adicionales, como la resoluci\u00f3n de problemas y la asistencia en las operaciones de la sucursal.<\/p>\n<p style=\"text-align: left;\">Responsabilidades adicionales:<\/p>\n<ul>\n<li style=\"list-style-type: none;\">\n<ul style=\"text-align: left;\">\n<li>Ayudar\u00e1s a los miembros a alcanzar sus objetivos financieros, lo que incluye aceptar, revisar y tramitar pr\u00e9stamos al consumo.<\/li>\n<\/ul>\n<\/li>\n<\/ul>\n<p style=\"text-align: left;\">Requisitos adicionales:<\/p>\n<ul>\n<li style=\"list-style-type: none;\">\n<ul>\n<li>Se requiere al menos un a\u00f1o de experiencia como cajero o experiencia equivalente en atenci\u00f3n al cliente en el sector bancario.<\/li>\n<li>Se requiere experiencia en manejo de efectivo y en la apertura de nuevas cuentas y pr\u00e9stamos.<\/li>\n<li>Capacidad para obtener la certificaci\u00f3n NMLS dentro de los 18 meses posteriores a la contrataci\u00f3n. Las certificaciones de notario y NMLS son necesarias para el nivel UA II y superiores, y requieren la ciudadan\u00eda estadounidense o la residencia legal permanente para obtenerlas, seg\u00fan la ley del estado de Washington.<\/li>\n<\/ul>\n<\/li>\n<\/ul>\n<p style=\"text-align: left;\">Rango salarial:<\/p>\n<ul>\n<li style=\"list-style-type: none;\">\n<ul style=\"text-align: left;\">\n<li>Rango salarial objetivo: $22.50 \u2013 $25.00, Rango completo: $22.50 \u2013 $27.50<\/li>\n<\/ul>\n<\/li>\n<\/ul>\n<p>&nbsp;<\/p>\n<h5 style=\"text-align: left;\"><strong>4. Asociado Universal III<\/strong><\/h5>\n<p style=\"text-align: left;\">Prep\u00e1rese para el liderazgo asesorando a nuevos empleados y gestionando transacciones de alto nivel.<\/p>\n<p>Responsabilidades adicionales:<\/p>\n<ul>\n<li style=\"list-style-type: none;\">\n<ul style=\"text-align: left;\">\n<li>Ayudar\u00e1s a los miembros a alcanzar sus objetivos financieros, lo que incluye aceptar, revisar y procesar pr\u00e9stamos complejos, incluidos pr\u00e9stamos con garant\u00eda hipotecaria y pr\u00e9stamos comerciales de menos de $50k.<\/li>\n<\/ul>\n<\/li>\n<\/ul>\n<p style=\"text-align: left;\">Requisitos adicionales:<\/p>\n<ul>\n<li style=\"list-style-type: none;\">\n<ul style=\"text-align: left;\">\n<li>Al menos dos a\u00f1os de experiencia como cajero o experiencia equivalente en atenci\u00f3n al cliente en el sector bancario.<\/li>\n<\/ul>\n<\/li>\n<\/ul>\n<p style=\"text-align: left;\">Rango salarial:<\/p>\n<ul>\n<li style=\"list-style-type: none;\">\n<ul style=\"text-align: left;\">\n<li>Rango salarial objetivo: $23.50 \u2013 $26.00, Rango completo: $23.50 \u2013 $28.50<\/li>\n<\/ul>\n<\/li>\n<\/ul>\n<p>&nbsp;<\/p>\n<h5 style=\"text-align: left;\"><strong>5. Asociado Universal Senior<\/strong><\/h5>\n<p style=\"text-align: left;\">Lidera a tu equipo con el ejemplo, gestiona las operaciones importantes de la sucursal y garantiza el m\u00e1s alto nivel de servicio.<\/p>\n<p style=\"text-align: left;\">Responsabilidades adicionales:<\/p>\n<ul>\n<li style=\"list-style-type: none;\">\n<ul style=\"text-align: left;\">\n<li>Actuar como experto en la materia para el equipo y los miembros de la sucursal.<\/li>\n<li>Colaborar en la formaci\u00f3n y el acompa\u00f1amiento de los nuevos empleados.<\/li>\n<\/ul>\n<\/li>\n<\/ul>\n<p>Requisitos adicionales:<\/p>\n<ul>\n<li style=\"list-style-type: none;\">\n<ul style=\"text-align: left;\">\n<li>Al menos tres a\u00f1os de experiencia como cajero o experiencia equivalente en atenci\u00f3n al cliente en el sector bancario.<\/li>\n<\/ul>\n<\/li>\n<\/ul>\n<p style=\"text-align: left;\">Rango salarial:<\/p>\n<ul>\n<li style=\"list-style-type: none;\">\n<ul>\n<li style=\"text-align: left;\">Rango salarial objetivo: $24.50 \u2013 $28.50, Rango completo: $24.50 \u2013 $32.50<\/li>\n<\/ul>\n<\/li>\n<\/ul>\n\t\t\t\t\t\t\t<\/section>\n\t\t\t\t\t\t<\/div>\n\t\t\t\t\t\t\t\t\t\t\t<div class=\"co-tab js-tab co-tab__1\">\n\t\t\t\t\t\t\t<button\n\t\t\t\t\t\t\t\tclass=\"co-tab--toggle\t\t\t\t\t\t\t\t\tjs-tab_toggle\"\n\t\t\t\t\t\t\t\tdata-tabindex=\"1_callcenterprogressionmodel\"\n\t\t\t\t\t\t\t\taria-label=\"Abrir pesta\u00f1a m\u00f3vil Modelo de progresi\u00f3n del centro de llamadas\"\n\t\t\t\t\t\t\t>\n\t\t\t\t\t\t\t\tModelo de progresi\u00f3n del centro de llamadas\t\t\t\t\t\t\t<\/button>\n\t\t\t\t\t\t\t<section\n\t\t\t\t\t\t\t\tclass=\"co-tab--content\t\t\t\t\t\t\t\t\tco-row\t\t\t\t\t\t\t\t\tjs-tab_content\"\n\t\t\t\t\t\t\t\taria-label=\"Contenido de la pesta\u00f1a para el modelo de progresi\u00f3n del centro de llamadas\"\n\t\t\t\t\t\t\t\tdata-tabindex=\"1_callcenterprogressionmodel\"\n\t\t\t\t\t\t\t>\n\t\t\t\t\t\t\t\t<h5><strong>1. Representante de centro de llamadas<\/strong><\/h5>\n<p>Impulsa tu carrera ayudando a los miembros con sus transacciones financieras rutinarias.<\/p>\n<p>Responsabilidades:<\/p>\n<ul>\n<li style=\"list-style-type: none;\">\n<ul>\n<li>Como primer punto de contacto en nuestro centro de llamadas, ayudar\u00e1s a nuestros miembros por tel\u00e9fono con transacciones financieras, responder\u00e1s a consultas, entablar\u00e1s relaciones y proporcionar\u00e1s informaci\u00f3n sobre el estado de las cuentas, los saldos y los detalles de los pr\u00e9stamos para ofrecer un servicio excepcional a nuestros miembros.<\/li>\n<\/ul>\n<\/li>\n<\/ul>\n<p>Requisitos:<\/p>\n<ul>\n<li style=\"list-style-type: none;\">\n<ul>\n<li>Un a\u00f1o de experiencia laboral satisfactoria en un puesto orientado al servicio, preferiblemente en un centro de llamadas.<\/li>\n<li>Se valorar\u00e1 la experiencia demostrable en ventas.<\/li>\n<\/ul>\n<\/li>\n<\/ul>\n<p>Rango salarial:<\/p>\n<ul>\n<li style=\"list-style-type: none;\">\n<ul>\n<li>Rango salarial objetivo: $21.50 \u2013 $24.00, Rango completo: $21.50 \u2013 $26.50<\/li>\n<\/ul>\n<\/li>\n<\/ul>\n<p>&nbsp;<\/p>\n<h5><strong>2. Especialista de centro de llamadas<\/strong><\/h5>\n<p>Ampl\u00eda tus conocimientos y empieza a gestionar necesidades y transacciones m\u00e1s complejas de los miembros.<\/p>\n<p>Responsabilidades adicionales:<\/p>\n<ul>\n<li style=\"list-style-type: none;\">\n<ul>\n<li>Brindar asistencia telef\u00f3nica a los miembros con necesidades m\u00e1s complejas, como el procesamiento de cambios en las cuentas, incluyendo la adici\u00f3n o eliminaci\u00f3n de titulares de cuentas, beneficiarios, cambios de nombre, solicitudes de IRA\/HSA, etc.<\/li>\n<\/ul>\n<\/li>\n<\/ul>\n<p>Requisitos adicionales:<\/p>\n<ul>\n<li style=\"list-style-type: none;\">\n<ul>\n<li>Dos a\u00f1os de experiencia laboral exitosa en un puesto orientado al servicio, preferiblemente en un entorno de centro de llamadas.<\/li>\n<\/ul>\n<\/li>\n<\/ul>\n<p>Rango salarial:<\/p>\n<ul>\n<li style=\"list-style-type: none;\">\n<ul>\n<li>Rango salarial objetivo: $23.50 \u2013 $26.00, Rango completo: $23.50 \u2013 $28.50<\/li>\n<\/ul>\n<\/li>\n<\/ul>\n<p>&nbsp;<\/p>\n<h5><strong>3. Especialista s\u00e9nior de centro de llamadas<\/strong><\/h5>\n<p>Prep\u00e1rese para el liderazgo asesorando a nuevos empleados y gestionando transacciones de alto nivel.<\/p>\n<p>Responsabilidades adicionales:<\/p>\n<ul>\n<li style=\"list-style-type: none;\">\n<ul>\n<li>Actuar como experto en la materia para el equipo y los miembros del centro de llamadas.<\/li>\n<li>Colaborar en la formaci\u00f3n de los nuevos empleados.<\/li>\n<\/ul>\n<\/li>\n<\/ul>\n<p>Requisitos adicionales:<\/p>\n<ul>\n<li style=\"list-style-type: none;\">\n<ul>\n<li>Tres a\u00f1os de experiencia laboral exitosa en un puesto orientado al servicio, preferiblemente en un entorno de centro de llamadas.<\/li>\n<\/ul>\n<\/li>\n<\/ul>\n<p>Rango salarial:<\/p>\n<ul>\n<li style=\"list-style-type: none;\">\n<ul>\n<li>Rango salarial objetivo: $24.50 \u2013 28.50, Rango completo: $24.50 \u2013 $32.50<\/li>\n<\/ul>\n<\/li>\n<\/ul>\n\t\t\t\t\t\t\t<\/section>\n\t\t\t\t\t\t<\/div>\n\t\t\t\t\t\t\t\t\t<\/div>\n\t\t\t<\/div>\n\t\t\t<\/div>\n\t\n\t<\/div>\n<\/div>","protected":false},"excerpt":{"rendered":"","protected":false},"author":13,"featured_media":0,"parent":0,"menu_order":0,"comment_status":"closed","ping_status":"closed","template":"","meta":{"_acf_changed":false,"content-type":"","_searchwp_excluded":"1","footnotes":""},"county":[],"class_list":["post-12666","page","type-page","status-publish","hentry"],"acf":[],"_links":{"self":[{"href":"https:\/\/www.soundcu.com\/es\/wp-json\/wp\/v2\/pages\/12666","targetHints":{"allow":["GET"]}}],"collection":[{"href":"https:\/\/www.soundcu.com\/es\/wp-json\/wp\/v2\/pages"}],"about":[{"href":"https:\/\/www.soundcu.com\/es\/wp-json\/wp\/v2\/types\/page"}],"author":[{"embeddable":true,"href":"https:\/\/www.soundcu.com\/es\/wp-json\/wp\/v2\/users\/13"}],"replies":[{"embeddable":true,"href":"https:\/\/www.soundcu.com\/es\/wp-json\/wp\/v2\/comments?post=12666"}],"version-history":[{"count":25,"href":"https:\/\/www.soundcu.com\/es\/wp-json\/wp\/v2\/pages\/12666\/revisions"}],"predecessor-version":[{"id":15893,"href":"https:\/\/www.soundcu.com\/es\/wp-json\/wp\/v2\/pages\/12666\/revisions\/15893"}],"wp:attachment":[{"href":"https:\/\/www.soundcu.com\/es\/wp-json\/wp\/v2\/media?parent=12666"}],"wp:term":[{"taxonomy":"county","embeddable":true,"href":"https:\/\/www.soundcu.com\/es\/wp-json\/wp\/v2\/county?post=12666"}],"curies":[{"name":"wp","href":"https:\/\/api.w.org\/{rel}","templated":true}]}}