{"id":13298,"date":"2024-11-22T13:23:45","date_gmt":"2024-11-22T21:23:45","guid":{"rendered":"https:\/\/www.soundcu.com\/?page_id=13298"},"modified":"2025-11-21T15:24:46","modified_gmt":"2025-11-21T23:24:46","slug":"earn-double-rewards","status":"publish","type":"page","link":"https:\/\/www.soundcu.com\/es\/earn-double-rewards\/","title":{"rendered":"Gana recompensas dobles"},"content":{"rendered":"<div class=\"co-flex_row co-flex_row__blue co-flex_row__minimal-hero co-flex_row__next_row__long-form-text\" >\n\t<div class=\"co-flex_row--row co-row\">\n\t\t\t<header class=\"co-page_hero co-page_minimalHero co-page_hero__no_image\" aria-label=\"Encabezado: Gana el doble de recompensas\">\n\t\t<div class=\"co-page_hero--inner\">\n\t\t\t<div class=\"prow items-center\">\n\t\t\t\t<div class=\"co-page_hero--text\">\n\t\t\t\t\t<h1 class=\"co-page_hero--title\" >Gana recompensas dobles<\/h1>\t\t\t\t\t<p class=\"co-page_hero--tagline\">Del 27 de noviembre al 2 de diciembre.<\/p>\t\t\t\t<\/div>\n\t\t\t<\/div>\n\t\t<\/div>\n\t<\/header>\n\n\t<\/div>\n<\/div>\n\n\n<div class=\"co-flex_row co-flex_row__blue co-flex_row__long-form-text co-flex_row__next_row__full-width-promo\" >\n\t<div class=\"co-flex_row--row co-row\">\n\t\t\t<div class=\"co-long_form\">\n\t\t\t\t\t<div class=\"co-long_form--block prow items-start\">\n\t\t\t\t<div class=\"co-long_form--text pcol-md:7\">\n\t\t\t\t\t<div class=\"co-long_form--content\"><h2>\u00bfListo para sacarle m\u00e1s partido a tu tarjeta Visa de Recompensas?<\/h2>\n<p>Nos complace informarle sobre una emocionante oportunidad para ganar m\u00e1s. <a href=\"https:\/\/www.soundcu.com\/es\/personal\/rewards\/\">Recompensas sonoras<\/a> \u00a1Puntos! Gana el doble de recompensas cuando compres con tu tarjeta Sound Rewards Visa desde <strong>Del jueves 27 de noviembre de 2025 al martes 2 de diciembre de 2025.<\/strong>.<\/p>\n<p>Esta es la oportunidad perfecta para aumentar tus recompensas durante las fiestas y convertirlas en experiencias inolvidables, efectivo, tarjetas de regalo, productos y mucho m\u00e1s. \u00a1Prep\u00e1rate para maximizar tus ganancias!<\/p>\n<\/div>\t\t\t\t<\/div>\n\t\t\t\t\t\t\t\t\t<div class=\"co-long_form--media pcol-md:5 Image\">\n\t\t\t\t\t\t<div class=\"co-long_form--media_wrap\">\n\t\t\t\t\t\t\t<img loading=\"lazy\" decoding=\"async\" width=\"540\" height=\"330\" src=\"https:\/\/www.soundcu.com\/files\/Double-Rewards-540x330.jpg\" class=\"co-long_form--image\" alt=\"Woman stopping at night with holiday bags\" srcset=\"https:\/\/www.soundcu.com\/files\/Double-Rewards-540x330.jpg 540w, https:\/\/www.soundcu.com\/files\/Double-Rewards-730x446.jpg 730w, https:\/\/www.soundcu.com\/files\/Double-Rewards-768x469.jpg 768w, https:\/\/www.soundcu.com\/files\/Double-Rewards-1536x939.jpg 1536w, https:\/\/www.soundcu.com\/files\/Double-Rewards-2048x1252.jpg 2048w, https:\/\/www.soundcu.com\/files\/Double-Rewards-396x242.jpg 396w, https:\/\/www.soundcu.com\/files\/Double-Rewards-997x610.jpg 997w, https:\/\/www.soundcu.com\/files\/Double-Rewards-75x46.jpg 75w\" sizes=\"auto, (max-width: 540px) 100vw, 540px\" \/>\t\t\t\t\t\t\t\t\t\t\t\t\t\t\t<svg class=\"co-long_form--media__svg\" width=\"252.96\" height=\"86.432\" viewbox=\"0 0 252.96 86.432\"><g transform=\"translate(-992.041 -7954.568)\"><path d=\"M567.407,124.428c-77.494-74.559-170.562-30.665-250.487,0C396.429,151.611,495.98,196.666,567.407,124.428Z\" transform=\"translate(677.594 7871.189)\" fill=\"#71c4e8\"\/><path d=\"M452.635,105.62c-41.987-40.4-92.411-16.614-135.715,0C360,120.347,413.936,144.758,452.635,105.62Z\" transform=\"translate(675.121 7914.231)\" fill=\"#00205b\"\/><\/g><\/svg>\n\t\t\t\t\t\t\t\t\t\t\t\t\t<\/div>\n\t\t\t\t\t\t\t\t\t\t\t<\/div>\n\t\t\t\t\t\t\t<\/div>\n\t\t\t\t<\/div>\n\n\t<\/div>\n<\/div>\n\n\n<div class=\"co-flex_row co-flex_row__blue co-flex_row__full-width-promo co-flex_row__next_row__single-path-cta\" >\n\t<div class=\"co-flex_row--row co-row\">\n\t\t<div class=\"co-fwp_wrap\">\n\t\t\t<div \n\t\t\tclass=\"co-fwp js-promo\" \n\t\t\tdata-position=\"fw-promo\" \n\t\t\tdata-title=\"Get a 10,000 Point Head Start on Rewards Credit Card\" \n\t\t\tdata-id=\"7749\" \n\t\t\tdata-isretar=\"false\"\n\t\t>\n\t\t\t<div class=\"prow\">\n\t\t\t\t<div class=\"co-fwp--img_wrap pcol-md:6 pcol-lg:5\">\n\t\t\t\t\t<img loading=\"lazy\" decoding=\"async\" width=\"700\" height=\"462\" src=\"https:\/\/www.soundcu.com\/files\/iStock-1392022910_700x462.jpg\" class=\"co-fwp--img\" alt=\"couple during sunrise watching hot air balloons in Cappadocia, Turkey\" srcset=\"https:\/\/www.soundcu.com\/files\/iStock-1392022910_700x462.jpg 700w, https:\/\/www.soundcu.com\/files\/iStock-1392022910_700x462-540x356.jpg 540w, https:\/\/www.soundcu.com\/files\/iStock-1392022910_700x462-396x261.jpg 396w, https:\/\/www.soundcu.com\/files\/iStock-1392022910_700x462-75x50.jpg 75w\" sizes=\"auto, (max-width: 700px) 100vw, 700px\" \/>\t\t\t\t<\/div>\n\t\t\t\t<div class=\"co-fwp--text pcol-md:6 pcol-lg:7\">\n\t\t\t\t\t<h2 class=\"co-fwp--title\">Obt\u00e9n una ventaja de 10,000 puntos con tu tarjeta de cr\u00e9dito de recompensas.<\/h2><div class=\"co-fwp--desc\"><p>Solicita una nueva tarjeta de cr\u00e9dito Rewards y te regalaremos 10.000 puntos Rewards para que empieces a disfrutar de sus beneficios.<\/p>\n<\/div><a class=\"co-fwp--button co-button gtm-button\" href=\"https:\/\/www.soundcu.com\/es\/speed-bump\/?url=https%3A%2F%2Fwww.soundcu.com%2Fbonus-rewards%2F&#038;prev=https%3A%2F%2Fwww.soundcu.com%2Fes%2Fearn-double-rewards%2F\"  >APRENDE M\u00c1S<\/a>\t\t\t\t<\/div>\n\t\t\t<\/div>\n\t\t<\/div>\n\t\t<\/div>\n\t<\/div>\n<\/div>\n\n\n<div class=\"co-flex_row co-flex_row__blue co-flex_row__single-path-cta co-flex_row__next_row__disclosures\" >\n\t<div class=\"co-flex_row--row co-row\">\n\t\t\t<svg class=\"co-sp_cta__svg\" width=\"488.512\" height=\"338.101\" viewbox=\"0 0 488.512 338.101\">\n\t\t\t<path class=\"co-sp_cta__svg--path_big\" d=\"M488.512,163.324C337.738,308.387,172.875,346.284,6.386,332.445c-12.895-1.072-2.726.507,0-169.121C7.666,83.681-1.682,4.826,3.448,4.309,177.337-13.221,346.255,19.454,488.512,163.324Z\"\/>\n\t\t\t<path class=\"co-sp_cta__svg--path_small\" d=\"M408.431,63.648c-126.358,121.572-278.108,50-408.431,0C129.644,19.327,291.966-54.138,408.431,63.648Z\" transform=\"translate(0 207.52)\" fill=\"#efc025\"\/>\n\t<\/svg>\n\t<div class=\"co-sp_cta\">\n\t\t\t\t<header class=\"co-intro_text\">\n\t\t\t<h2 class=\"co-intro_text--title\">\u00bfListo para solicitar una visa?<\/h2><div class=\"co-intro_text--intro\"><p>Sound tiene tarjetas que te hacen la vida m\u00e1s f\u00e1cil, y tal vez incluso un poco m\u00e1s rica.<\/p>\n<\/div>\t\t<\/header>\n\t<a class=\"co-sp_cta--button gtm-button\" href=\"https:\/\/www.soundcu.com\/es\/speed-bump\/?url=https%3A%2F%2Fwww.soundcu.com%2Fpersonal%2Fcredit-cards%2F&#038;prev=https%3A%2F%2Fwww.soundcu.com%2Fes%2Fearn-double-rewards%2F\"  >\u00a1Solicita hoy mismo!<\/a>\t<\/div>\n\n\t<\/div>\n<\/div>\n\n\n<div class=\"co-flex_row co-flex_row__blue co-flex_row__last co-flex_row__disclosures\" >\n\t<div class=\"co-flex_row--row co-row\">\n\t\t\t<div class=\"co-disclosures\">\n\t\t<h2 class=\"co-disclosures--title\">Divulgaciones<\/h2>\n\t\t<div class=\"co-disclosures--content\">\n\t\t\t<p style=\"font-size: 12px;\"><span style=\"color: #1a4672;\">Los empleados de Sound no son elegibles para esta promoci\u00f3n. 2 puntos por cada $1 gastado hasta un m\u00e1ximo de $20,000 en compras (total agregado durante el per\u00edodo de la promoci\u00f3n). El canje de puntos Sound Rewards est\u00e1 sujeto a\u00a0<a id=\"menur2cl\" style=\"color: #1a4672;\" title=\"https:\/\/www.soundcu.com\/files\/sound-rewards-terms-conditions.pdf\" href=\"https:\/\/www.soundcu.com\/files\/Sound-Rewards-Terms-Conditions.pdf\" target=\"_blank\" rel=\"noreferrer noopener\" aria-label=\"Enlace a los t\u00e9rminos y condiciones del programa de recompensas.\"><strong>T\u00e9rminos y condiciones del programa de recompensas<\/strong><\/a>.<\/span><\/p>\n<p style=\"font-size: 12px;\"><span style=\"color: #1a4672;\">Todos los pr\u00e9stamos est\u00e1n sujetos a las pol\u00edticas de cr\u00e9dito de Sound Credit Union. Su tasa y plazo se determinar\u00e1n seg\u00fan su solvencia crediticia. Es posible que se requiera verificaci\u00f3n de ingresos. Debe tener 18 a\u00f1os o m\u00e1s para calificar para un pr\u00e9stamo. Las promociones de pr\u00e9stamos no se pueden combinar con ninguna otra oferta o descuento. Las tasas y la oferta est\u00e1n sujetas a cambios.<\/span><\/p>\n\t\t<\/div>\n\t<\/div>\n\n\t<\/div>\n<\/div>","protected":false},"excerpt":{"rendered":"<p>Earn twice the rewards when you shop with your Sound Rewards Visa from Friday, November 29, 2024, through Monday, December 2, 2024. <a href=\"https:\/\/www.soundcu.com\/es\/earn-double-rewards\/\">Contin\u00faa leyendo <span class=\"meta-nav\">\u2192<\/span><\/a><\/p>","protected":false},"author":12,"featured_media":0,"parent":0,"menu_order":0,"comment_status":"closed","ping_status":"closed","template":"","meta":{"_acf_changed":false,"content-type":"","_searchwp_excluded":"","footnotes":""},"county":[],"class_list":["post-13298","page","type-page","status-publish","hentry"],"acf":[],"_links":{"self":[{"href":"https:\/\/www.soundcu.com\/es\/wp-json\/wp\/v2\/pages\/13298","targetHints":{"allow":["GET"]}}],"collection":[{"href":"https:\/\/www.soundcu.com\/es\/wp-json\/wp\/v2\/pages"}],"about":[{"href":"https:\/\/www.soundcu.com\/es\/wp-json\/wp\/v2\/types\/page"}],"author":[{"embeddable":true,"href":"https:\/\/www.soundcu.com\/es\/wp-json\/wp\/v2\/users\/12"}],"replies":[{"embeddable":true,"href":"https:\/\/www.soundcu.com\/es\/wp-json\/wp\/v2\/comments?post=13298"}],"version-history":[{"count":19,"href":"https:\/\/www.soundcu.com\/es\/wp-json\/wp\/v2\/pages\/13298\/revisions"}],"predecessor-version":[{"id":17736,"href":"https:\/\/www.soundcu.com\/es\/wp-json\/wp\/v2\/pages\/13298\/revisions\/17736"}],"wp:attachment":[{"href":"https:\/\/www.soundcu.com\/es\/wp-json\/wp\/v2\/media?parent=13298"}],"wp:term":[{"taxonomy":"county","embeddable":true,"href":"https:\/\/www.soundcu.com\/es\/wp-json\/wp\/v2\/county?post=13298"}],"curies":[{"name":"wp","href":"https:\/\/api.w.org\/{rel}","templated":true}]}}