{"id":13778,"date":"2025-01-24T08:38:45","date_gmt":"2025-01-24T16:38:45","guid":{"rendered":"https:\/\/www.soundcu.com\/?page_id=13778"},"modified":"2026-01-23T16:14:29","modified_gmt":"2026-01-24T00:14:29","slug":"sunset-rate-special","status":"publish","type":"page","link":"https:\/\/www.soundcu.com\/es\/sunset-rate-special\/","title":{"rendered":"Tarifa especial familiar de Sunset Auto"},"content":{"rendered":"<div class=\"co-flex_row co-flex_row__blue co-flex_row__page-hero co-flex_row__next_row__page-intro\" >\n\t<div class=\"co-flex_row--row co-row\">\n\t\t\t<header class=\"co-page_hero  co-page_hero__has_image\" aria-label=\"Encabezado: Oferta especial de tarifa familiar de Sunset Auto\">\n\t\t<div class=\"co-page_hero--inner\">\n\t\t\t<div class=\"prow items-center\">\n\t\t\t\t\t\t\t\t\t<div class=\"co-page_hero--img_wrap pcol-lg:6 pcol-xl:7\">\n\t\t\t\t\t\t<div class=\"co-page_hero--mask\"><svg width=\"997.021\" height=\"609.682\" viewbox=\"0 0 997.021 609.682\"><defs><clippath id=\"svgPathHero\"><path d=\"M299.014.148H0V609.681H299.014c480.632.192,698.007-296.752,698.007-296.752C691.761-16.846,299.014.148,299.014.148\"\/><\/clippath><\/defs><image id=\"image_69efafe60351f\" xlink:href=\"https:\/\/www.soundcu.com\/files\/iStock-1354258223_997x610.gif\" src=\"https:\/\/www.soundcu.com\/files\/iStock-1354258223_997x610.gif\" clip-path=\"url(#svgPathHero)\"  alt=\"how do auto loans work\" \/><\/svg><\/div>\t\t\t\t\t<\/div>\n\t\t\t\t\t\t\t\t<div class=\"co-page_hero--text pcol-lg:6 pcol-xl:5\">\n\t\t\t\t\t\t\t\t\t\t<h1 class=\"co-page_hero--title\" >Tarifa especial familiar de Sunset Auto<\/h1>\t\t\t\t\t<p class=\"co-page_hero--tagline\">\u00a1Compra tu coche con Sunset Auto Family y ahorra!<\/p>\t\t\t\t\t\t<div class=\"co-page_hero--buttons\">\n\t\t\t\t\t\t\t<a class=\"co-page_hero--button gtm-button\" href=\"https:\/\/app.loanspq.com\/vl\/VehicleLoan.aspx?enc=Kw21Wblm1yxpjJabdoZaDy5ozwngYxk5LnQg16INsUZZh2F8bIV9A51AuMKp8ohTrO59JWH8HQeI9q8evEGBIg&#038;_gl=1*sj3uz4*_gcl_au*MTYxODk3MDc0OC4xNzMwNzQ0NjYw*_ga*MTY1MjUzOTUxMy4xNjk1ODQ1NDUw*_ga_FR6440DWJ8*MTczMTYxNTY2Ny42MC4xLjE3MzE2MTg1MTkuNjAuMC4w&#038;_ga=2.268547121.1533033465.1731444742-1652539513.1695845450\" target=\"_blank\" rel=\"noopener\">\u00a1Solicita hoy mismo!<\/a>\t\t\t\t\t\t<\/div>\n\t\t\t\t\t\t\t\t\t\t<\/div>\n\t\t\t<\/div>\n\t\t<\/div>\n\t<\/header>\n\n\t<\/div>\n<\/div>\n\n\n<div class=\"co-flex_row co-flex_row__blue co-flex_row__page-intro co-flex_row__next_row__disclosures\" >\n\t<div class=\"co-flex_row--row co-row\">\n\t\t\t<div class=\"co-page_intro\">\n\t\t<div class=\"co-page_intro--desc\"><p style=\"text-align: left;\">Si busca un auto, camioneta o SUV nuevo o usado, ahora es el momento ideal para comprar. Nos hemos asociado con Sunset Auto Family para ofrecerle un precio con descuento en veh\u00edculos comprados en Sunset Chevrolet o Sunset Ford en Sumner, o en Sunset Kia\/Mitsubishi en Auburn.<\/p>\n<p style=\"text-align: left;\">Consulta estas ofertas para ahorrar dinero, con tasas tan bajas como:<\/p>\n<ul style=\"text-align: left;\">\n<li style=\"list-style-type: none;\">\n<ul>\n<li style=\"list-style-type: none;\">\n<ul>\n<li style=\"text-align: left;\">3,49% TAE durante un m\u00e1ximo de 36 meses<\/li>\n<li style=\"text-align: left;\">4,99% TAE durante un m\u00e1ximo de 84 meses<\/li>\n<li style=\"text-align: left;\">90 d\u00edas hasta el primer pago con pago autom\u00e1tico<\/li>\n<li>60 d\u00edas hasta el primer pago sin pago autom\u00e1tico<\/li>\n<\/ul>\n<\/li>\n<\/ul>\n<\/li>\n<\/ul>\n<p style=\"text-align: left;\">La oferta finaliza el 30 de abril de 2026. Taller mec\u00e1nico. <a href=\"https:\/\/www.sunsetautofamily.com\/\" target=\"_blank\" rel=\"noopener\">Familia de autom\u00f3viles Sunset<\/a> concesionarios hoy.<\/p>\n<p style=\"text-align: left;\"><span class=\"co-button\"><a href=\"https:\/\/app.loanspq.com\/vl\/VehicleLoan.aspx?enc=Kw21Wblm1yxpjJabdoZaDy5ozwngYxk5LnQg16INsUZZh2F8bIV9A51AuMKp8ohTrO59JWH8HQeI9q8evEGBIg&amp;_gl=1*sj3uz4*_gcl_au*MTYxODk3MDc0OC4xNzMwNzQ0NjYw*_ga*MTY1MjUzOTUxMy4xNjk1ODQ1NDUw*_ga_FR6440DWJ8*MTczMTYxNTY2Ny42MC4xLjE3MzE2MTg1MTkuNjAuMC4w&amp;_ga=2.268547121.1533033465.1731444742-1652539513.1695845450\" target=\"_blank\" rel=\"noopener\">\u00a1Solicita hoy mismo!<\/a><\/span><\/p>\n<\/div>\t<\/div>\n\n\t<\/div>\n<\/div>\n\n\n<div class=\"co-flex_row co-flex_row__blue co-flex_row__last co-flex_row__disclosures\" >\n\t<div class=\"co-flex_row--row co-row\">\n\t\t\t<div class=\"co-disclosures\">\n\t\t<h2 class=\"co-disclosures--title\">Divulgaciones<\/h2>\n\t\t<div class=\"co-disclosures--content\">\n\t\t\t<div class=\"small-text\">\n<p>La TAE y el plazo est\u00e1n sujetos a la aprobaci\u00f3n de cr\u00e9dito de Sound Credit Union. Los intereses comienzan a acumularse en la fecha del contrato, independientemente de la fecha del primer pago. Las ofertas, tasas y comisiones est\u00e1n sujetas a cambios sin previo aviso. Consulte con un representante de Sound para obtener informaci\u00f3n completa. Esta oferta no se puede combinar con ninguna otra promoci\u00f3n o descuento de pr\u00e9stamo. Se puede a\u00f1adir una comisi\u00f3n de documentaci\u00f3n negociable de $200 al precio de compra o al costo capitalizado de su veh\u00edculo. Se requiere ser miembro con una cuenta de ahorros en Sound Credit Union para participar. Todos los residentes de Washington son bienvenidos. Asegurado por la NCUA.<\/p>\n<p><strong>Tarifa especial:<\/strong> Tasas tan bajas como 3.49% APR hasta 36 meses o 4.99% APR hasta 84 meses en pr\u00e9stamos para autos para prestatarios calificados. El veh\u00edculo debe ser del a\u00f1o modelo 2015 o m\u00e1s nuevo con menos de 150,000 millas. 100% del MSRP o 100% Valor minorista m\u00e1s impuestos, t\u00edtulo, licencia y cargos. Pagos de ejemplo: 3.49% APR requiere 36 pagos mensuales de aproximadamente $1,179 para un pr\u00e9stamo de $40,000. 4.99% APR requiere 84 pagos mensuales de aproximadamente $570 para un pr\u00e9stamo de $40,000.<\/p>\n<p>El aplazamiento de pago de 90 d\u00edas requiere la configuraci\u00f3n de un pago autom\u00e1tico desde una cuenta corriente Sound que cumpla con los requisitos. El titular principal debe ser el titular principal o cotitular de la cuenta corriente. Las ofertas vencen el 30 de abril de 2026.<\/p>\n<\/div>\n\t\t<\/div>\n\t<\/div>\n\n\t<\/div>\n<\/div>","protected":false},"excerpt":{"rendered":"","protected":false},"author":13,"featured_media":0,"parent":0,"menu_order":0,"comment_status":"closed","ping_status":"closed","template":"","meta":{"_acf_changed":false,"content-type":"","_searchwp_excluded":"","footnotes":""},"county":[],"class_list":["post-13778","page","type-page","status-publish","hentry"],"acf":[],"_links":{"self":[{"href":"https:\/\/www.soundcu.com\/es\/wp-json\/wp\/v2\/pages\/13778","targetHints":{"allow":["GET"]}}],"collection":[{"href":"https:\/\/www.soundcu.com\/es\/wp-json\/wp\/v2\/pages"}],"about":[{"href":"https:\/\/www.soundcu.com\/es\/wp-json\/wp\/v2\/types\/page"}],"author":[{"embeddable":true,"href":"https:\/\/www.soundcu.com\/es\/wp-json\/wp\/v2\/users\/13"}],"replies":[{"embeddable":true,"href":"https:\/\/www.soundcu.com\/es\/wp-json\/wp\/v2\/comments?post=13778"}],"version-history":[{"count":14,"href":"https:\/\/www.soundcu.com\/es\/wp-json\/wp\/v2\/pages\/13778\/revisions"}],"predecessor-version":[{"id":18688,"href":"https:\/\/www.soundcu.com\/es\/wp-json\/wp\/v2\/pages\/13778\/revisions\/18688"}],"wp:attachment":[{"href":"https:\/\/www.soundcu.com\/es\/wp-json\/wp\/v2\/media?parent=13778"}],"wp:term":[{"taxonomy":"county","embeddable":true,"href":"https:\/\/www.soundcu.com\/es\/wp-json\/wp\/v2\/county?post=13778"}],"curies":[{"name":"wp","href":"https:\/\/api.w.org\/{rel}","templated":true}]}}