{"id":14005,"date":"2025-03-03T13:19:07","date_gmt":"2025-03-03T21:19:07","guid":{"rendered":"https:\/\/www.soundcu.com\/?page_id=14005"},"modified":"2025-03-04T09:57:59","modified_gmt":"2025-03-04T17:57:59","slug":"three-21-auto-march-event","status":"publish","type":"page","link":"https:\/\/www.soundcu.com\/es\/three-21-auto-march-event\/","title":{"rendered":"Evento de marzo de Three 21 Auto"},"content":{"rendered":"<div class=\"co-flex_row co-flex_row__blue co-flex_row__page-hero co-flex_row__next_row__page-intro\" >\n\t<div class=\"co-flex_row--row co-row\">\n\t\t\t<header class=\"co-page_hero  co-page_hero__has_image\" aria-label=\"Encabezado: D\u00eda Mundial del S\u00edndrome de Down\">\n\t\t<div class=\"co-page_hero--inner\">\n\t\t\t<div class=\"prow items-center\">\n\t\t\t\t\t\t\t\t\t<div class=\"co-page_hero--img_wrap pcol-lg:6 pcol-xl:7\">\n\t\t\t\t\t\t<div class=\"co-page_hero--mask\"><svg width=\"997.021\" height=\"609.682\" viewbox=\"0 0 997.021 609.682\"><defs><clippath id=\"svgPathHero\"><path d=\"M299.014.148H0V609.681H299.014c480.632.192,698.007-296.752,698.007-296.752C691.761-16.846,299.014.148,299.014.148\"\/><\/clippath><\/defs><image id=\"image_69efafcf1b947\" xlink:href=\"https:\/\/www.soundcu.com\/files\/iStock-1282516973_997x610.jpg\" src=\"https:\/\/www.soundcu.com\/files\/iStock-1282516973_997x610.jpg\" clip-path=\"url(#svgPathHero)\"  alt=\"Parents helping their son with Down syndrome put on a backpack\" \/><\/svg><\/div>\t\t\t\t\t<\/div>\n\t\t\t\t\t\t\t\t<div class=\"co-page_hero--text pcol-lg:6 pcol-xl:5\">\n\t\t\t\t\t\t\t\t\t\t<h1 class=\"co-page_hero--title\" >D\u00eda Mundial del S\u00edndrome de Down<\/h1>\t\t\t\t\t<p class=\"co-page_hero--tagline\">Obt\u00e9n un pr\u00e9stamo para auto y ayuda a los dem\u00e1s en marzo.<\/p>\t\t\t\t\t\t<div class=\"co-page_hero--buttons\">\n\t\t\t\t\t\t\t<a class=\"co-page_hero--button gtm-button\" href=\"https:\/\/www.soundcu.com\/es\/speed-bump\/?url=https%3A%2F%2Fwww.three21auto.com%2F&#038;prev=https%3A%2F%2Fwww.soundcu.com%2Fes%2Fthree-21-auto-march-event%2F\" target=\"_blank\" >Comience<\/a>\t\t\t\t\t\t<\/div>\n\t\t\t\t\t\t\t\t\t\t<\/div>\n\t\t\t<\/div>\n\t\t<\/div>\n\t<\/header>\n\n\t<\/div>\n<\/div>\n\n\n<div class=\"co-flex_row co-flex_row__blue co-flex_row__page-intro co-flex_row__next_row__disclosures\" >\n\t<div class=\"co-flex_row--row co-row\">\n\t\t\t<div class=\"co-page_intro\">\n\t\t<div class=\"co-page_intro--desc\"><p style=\"text-align: left;\">Desde 1940, Sound se ha dedicado a apoyar a la comunidad del noroeste. Como orgulloso socio de <strong><a href=\"https:\/\/www.three21auto.com\/\" rel=\"noopener\">Tres 21 Auto<\/a><\/strong>, \u00a1Nos complace anunciar esta iniciativa especial para el mes de marzo!<\/p>\n<p style=\"text-align: left;\">Three 21 Auto se dedica no solo a brindar un servicio y una calidad excelentes, sino tambi\u00e9n a crear conciencia sobre el s\u00edndrome de Down. Con motivo del D\u00eda Mundial del S\u00edndrome de Down el 21 de marzo, Three 21 se asocia con Sound para apoyar <a href=\"https:\/\/charity.pledgeit.org\/321Buddy\" rel=\"noopener\"><strong>321 Buddy<\/strong><\/a>\u2014una organizaci\u00f3n incre\u00edble comprometida con fomentar la inclusi\u00f3n y apoyar a las familias locales.<\/p>\n<p style=\"text-align: left;\">Por cada pr\u00e9stamo para autom\u00f3vil financiado a trav\u00e9s de Sound durante el mes de marzo, tanto Sound como Three 21 Auto donar\u00e1n $321 (hasta $5,000) a 321 Buddy para apoyar su labor de proporcionar recursos y eventos para la comunidad de personas con s\u00edndrome de Down de Puget Sound.<\/p>\n<p style=\"text-align: left;\">Juntos podemos lograr un impacto significativo. \u00a1Gracias por unirte a nosotros para apoyar esta importante causa!<\/p>\n<p>&nbsp;<\/p>\n<p style=\"text-align: left;\">\n<\/div>\t<\/div>\n\n\t<\/div>\n<\/div>\n\n\n<div class=\"co-flex_row co-flex_row__blue co-flex_row__last co-flex_row__disclosures\" >\n\t<div class=\"co-flex_row--row co-row\">\n\t\t\t<div class=\"co-disclosures\">\n\t\t<h2 class=\"co-disclosures--title\">Divulgaciones<\/h2>\n\t\t<div class=\"co-disclosures--content\">\n\t\t\t<div class=\"small-text\">\n<p>La donaci\u00f3n m\u00e1xima total es de $1,000. Los pr\u00e9stamos est\u00e1n sujetos a aprobaci\u00f3n crediticia a trav\u00e9s de Sound Credit Union. Comun\u00edquese con un representante de Sound para obtener m\u00e1s informaci\u00f3n. Se requiere ser miembro con una cuenta de ahorros en Sound Credit Union para participar. Todos los residentes de Washington son bienvenidos. Asegurado por la NCUA.<\/p>\n<\/div>\n\t\t<\/div>\n\t<\/div>\n\n\t<\/div>\n<\/div>","protected":false},"excerpt":{"rendered":"","protected":false},"author":13,"featured_media":0,"parent":0,"menu_order":0,"comment_status":"closed","ping_status":"closed","template":"","meta":{"_acf_changed":false,"content-type":"","_searchwp_excluded":"","footnotes":""},"county":[],"class_list":["post-14005","page","type-page","status-publish","hentry"],"acf":[],"_links":{"self":[{"href":"https:\/\/www.soundcu.com\/es\/wp-json\/wp\/v2\/pages\/14005","targetHints":{"allow":["GET"]}}],"collection":[{"href":"https:\/\/www.soundcu.com\/es\/wp-json\/wp\/v2\/pages"}],"about":[{"href":"https:\/\/www.soundcu.com\/es\/wp-json\/wp\/v2\/types\/page"}],"author":[{"embeddable":true,"href":"https:\/\/www.soundcu.com\/es\/wp-json\/wp\/v2\/users\/13"}],"replies":[{"embeddable":true,"href":"https:\/\/www.soundcu.com\/es\/wp-json\/wp\/v2\/comments?post=14005"}],"version-history":[{"count":17,"href":"https:\/\/www.soundcu.com\/es\/wp-json\/wp\/v2\/pages\/14005\/revisions"}],"predecessor-version":[{"id":14098,"href":"https:\/\/www.soundcu.com\/es\/wp-json\/wp\/v2\/pages\/14005\/revisions\/14098"}],"wp:attachment":[{"href":"https:\/\/www.soundcu.com\/es\/wp-json\/wp\/v2\/media?parent=14005"}],"wp:term":[{"taxonomy":"county","embeddable":true,"href":"https:\/\/www.soundcu.com\/es\/wp-json\/wp\/v2\/county?post=14005"}],"curies":[{"name":"wp","href":"https:\/\/api.w.org\/{rel}","templated":true}]}}