{"id":14540,"date":"2025-04-21T12:49:16","date_gmt":"2025-04-21T19:49:16","guid":{"rendered":"https:\/\/www.soundcu.com\/?page_id=14540"},"modified":"2025-08-27T13:08:53","modified_gmt":"2025-08-27T20:08:53","slug":"idcheck","status":"publish","type":"page","link":"https:\/\/www.soundcu.com\/es\/idcheck\/","title":{"rendered":"Verificaci\u00f3n de identidad"},"content":{"rendered":"<div class=\"co-flex_row co-flex_row__blue co-flex_row__page-hero co-flex_row__next_row__tabs\" >\n\t<div class=\"co-flex_row--row co-row\">\n\t\t\t<header class=\"co-page_hero  co-page_hero__has_image\" aria-label=\"Encabezado: Verificaci\u00f3n de identificaci\u00f3n\">\n\t\t<div class=\"co-page_hero--inner\">\n\t\t\t<div class=\"prow items-center\">\n\t\t\t\t\t\t\t\t\t<div class=\"co-page_hero--img_wrap pcol-lg:6 pcol-xl:7\">\n\t\t\t\t\t\t<div class=\"co-page_hero--mask\"><svg width=\"997.021\" height=\"609.682\" viewbox=\"0 0 997.021 609.682\"><defs><clippath id=\"svgPathHero\"><path d=\"M299.014.148H0V609.681H299.014c480.632.192,698.007-296.752,698.007-296.752C691.761-16.846,299.014.148,299.014.148\"\/><\/clippath><\/defs><image id=\"image_69efb2f314a98\" xlink:href=\"https:\/\/www.soundcu.com\/files\/iStock-2163956858_997x610.jpg\" src=\"https:\/\/www.soundcu.com\/files\/iStock-2163956858_997x610.jpg\" clip-path=\"url(#svgPathHero)\"  alt=\"open a checking account online\" \/><\/svg><\/div>\t\t\t\t\t<\/div>\n\t\t\t\t\t\t\t\t<div class=\"co-page_hero--text pcol-lg:6 pcol-xl:5\">\n\t\t\t\t\t\t\t\t\t\t\t<h1 class=\"co-page_hero--sup_heading\">\n\t\t\t\t\t\t\tProtecci\u00f3n de identidad\t\t\t\t\t\t<\/h1>\n\t\t\t\t\t\t\t\t\t\t<h2 class=\"co-page_hero--title\" >Verificaci\u00f3n de identidad<\/h2>\t\t\t\t\t<p class=\"co-page_hero--tagline\">Te presentamos una forma segura, sencilla y r\u00e1pida de verificar tu identidad.<\/p>\t\t\t\t\t\t<div class=\"co-page_hero--buttons\">\n\t\t\t\t\t\t\t<a class=\"co-page_hero--button gtm-button\" href=\"https:\/\/www.soundcu.com\/es\/speed-bump\/?url=http%3A%2F%2Fverify.coop.org&#038;prev=https%3A%2F%2Fwww.soundcu.com%2Fes%2Fidcheck%2F\" target=\"_blank\" >Comience<\/a>\t\t\t\t\t\t<\/div>\n\t\t\t\t\t\t\t\t\t\t<\/div>\n\t\t\t<\/div>\n\t\t<\/div>\n\t<\/header>\n\n\t<\/div>\n<\/div>\n\n\n<div class=\"co-flex_row co-flex_row__blue co-flex_row__last co-flex_row__tabs\" >\n\t<div class=\"co-flex_row--row co-row\">\n\t\t\t<div class=\"co-tabs\">\n\t\t\t\t<header class=\"co-intro_text\">\n\t\t\t<h2 class=\"co-intro_text--title\">La ramificaci\u00f3n compartida ahora es m\u00e1s f\u00e1cil y segura.<\/h2><div class=\"co-intro_text--intro\"><p>IDCheck es una herramienta dentro de la red de sucursales compartidas que tiene como objetivo reforzar la seguridad contra el fraude de identidad.<\/p>\n<p>Los socios de la cooperativa de cr\u00e9dito que utilicen una identificaci\u00f3n de otro estado en una sucursal compartida deber\u00e1n completar el proceso de verificaci\u00f3n IDCheck al realizar retiros.<\/p>\n<\/div>\t\t<\/header>\n\t\t\t\t<div class=\"co-tabs--tabs js-tabs\">\n\t\t\t\t<nav class=\"co-tabs--nav\" aria-label=\"Tabs Navigation 69efb2f31f603\">\n\t\t\t\t\t\t\t\t\t\t\t<button\n\t\t\t\t\t\t\tclass=\"co-tabs--nav_toggle\t\t\t\t\t\t\t\tjs-tab_toggle\t\t\t\t\t\t\t\tjs-tab_toggle_large\"\n\t\t\t\t\t\t\tdata-tabtitle=\"usingidcheck\"\n\t\t\t\t\t\t\tdata-tabindex=\"0_usingidcheck\"\n\t\t\t\t\t\t\taria-label=\"Abrir usando IDCheck\"\n\t\t\t\t\t\t>\n\t\t\t\t\t\t\tUsando IDCheck\t\t\t\t\t\t<\/button>\n\t\t\t\t\t\t\t\t\t\t\t<button\n\t\t\t\t\t\t\tclass=\"co-tabs--nav_toggle\t\t\t\t\t\t\t\tjs-tab_toggle\t\t\t\t\t\t\t\tjs-tab_toggle_large\"\n\t\t\t\t\t\t\tdata-tabtitle=\"frequentlyaskedquestions\"\n\t\t\t\t\t\t\tdata-tabindex=\"1_frequentlyaskedquestions\"\n\t\t\t\t\t\t\taria-label=\"Abrir preguntas frecuentes\"\n\t\t\t\t\t\t>\n\t\t\t\t\t\t\tPreguntas frecuentes\t\t\t\t\t\t<\/button>\n\t\t\t\t\t\t\t\t\t<\/nav>\n\n\t\t\t\t<div class=\"co-tabs--panels\">\n\t\t\t\t\t\t\t\t\t\t\t<div class=\"co-tab js-tab co-tab__0\">\n\t\t\t\t\t\t\t<button\n\t\t\t\t\t\t\t\tclass=\"co-tab--toggle\t\t\t\t\t\t\t\t\tjs-tab_toggle\"\n\t\t\t\t\t\t\t\tdata-tabindex=\"0_usingidcheck\"\n\t\t\t\t\t\t\t\taria-label=\"Abrir pesta\u00f1a m\u00f3vil usando IDCheck\"\n\t\t\t\t\t\t\t>\n\t\t\t\t\t\t\t\tUsando IDCheck\t\t\t\t\t\t\t<\/button>\n\t\t\t\t\t\t\t<section\n\t\t\t\t\t\t\t\tclass=\"co-tab--content\t\t\t\t\t\t\t\t\tco-row\t\t\t\t\t\t\t\t\tjs-tab_content\"\n\t\t\t\t\t\t\t\taria-label=\"Contenido de la pesta\u00f1a para usar IDCheck\"\n\t\t\t\t\t\t\t\tdata-tabindex=\"0_usingidcheck\"\n\t\t\t\t\t\t\t>\n\t\t\t\t\t\t\t\t<h2>Usando IDCheck<\/h2>\n<p>Para quienes utilicen una identificaci\u00f3n de otro estado para realizar retiros, un cajero les pedir\u00e1 que escaneen un c\u00f3digo QR con su dispositivo m\u00f3vil para iniciar el proceso de validaci\u00f3n.<\/p>\n<ol>\n<li style=\"list-style-type: none;\">\n<ol>\n<li>Escanee el c\u00f3digo QR con su dispositivo m\u00f3vil cuando visite una sucursal o visite <a href=\"https:\/\/verify.coop.org\/\" target=\"_blank\" rel=\"noopener\">verificar.coop.org.<\/a><\/li>\n<li>Acepta los &quot;T\u00e9rminos y condiciones&quot; y pulsa &quot;Iniciar&quot;.\u2018<\/li>\n<li>Ingrese el nombre de su cooperativa de cr\u00e9dito local.<\/li>\n<li>Ingrese su n\u00famero de cuenta y los \u00faltimos 4 d\u00edgitos de su n\u00famero de Seguro Social. Seleccione &quot;Acepto&quot; para aceptar los t\u00e9rminos de autenticaci\u00f3n.<\/li>\n<li>Toma una foto de tu documento de identidad oficial. (Nota: Permite el acceso a tu c\u00e1mara si es necesario y sigue las instrucciones en pantalla).<\/li>\n<li>T\u00f3mate una foto.<\/li>\n<li>Una vez completada la verificaci\u00f3n, recibir\u00e1 un c\u00f3digo de acceso \u00fanico que deber\u00e1 compartir con un cajero de Sound para realizar su transacci\u00f3n. El c\u00f3digo de acceso estar\u00e1 activo durante 20 minutos.<\/li>\n<\/ol>\n<\/li>\n<\/ol>\n<p>Se recomienda guardar su informaci\u00f3n de autenticaci\u00f3n. En su pr\u00f3xima visita, IDCheck utilizar\u00e1 esta informaci\u00f3n guardada para proporcionarle un c\u00f3digo de acceso una vez que escanee el c\u00f3digo QR o visite <a href=\"https:\/\/verify.coop.org\/\" target=\"_blank\" rel=\"noopener\">verificar.coop.org<\/a>, omitiendo los pasos 3 al 6.<\/p>\n\t\t\t\t\t\t\t<\/section>\n\t\t\t\t\t\t<\/div>\n\t\t\t\t\t\t\t\t\t\t\t<div class=\"co-tab js-tab co-tab__1\">\n\t\t\t\t\t\t\t<button\n\t\t\t\t\t\t\t\tclass=\"co-tab--toggle\t\t\t\t\t\t\t\t\tjs-tab_toggle\"\n\t\t\t\t\t\t\t\tdata-tabindex=\"1_frequentlyaskedquestions\"\n\t\t\t\t\t\t\t\taria-label=\"Abrir la pesta\u00f1a M\u00f3vil Preguntas frecuentes\"\n\t\t\t\t\t\t\t>\n\t\t\t\t\t\t\t\tPreguntas frecuentes\t\t\t\t\t\t\t<\/button>\n\t\t\t\t\t\t\t<section\n\t\t\t\t\t\t\t\tclass=\"co-tab--content\t\t\t\t\t\t\t\t\tco-row\t\t\t\t\t\t\t\t\tjs-tab_content\"\n\t\t\t\t\t\t\t\taria-label=\"Contenido de la pesta\u00f1a de preguntas frecuentes\"\n\t\t\t\t\t\t\t\tdata-tabindex=\"1_frequentlyaskedquestions\"\n\t\t\t\t\t\t\t>\n\t\t\t\t\t\t\t\t<h2>Preguntas frecuentes<\/h2>\n<h3>\u00bfC\u00f3mo accedo a IDCheck?<\/h3>\n<p>Un miembro visitante puede acceder a IDCheck escaneando el c\u00f3digo QR en la sucursal o visitando <a href=\"https:\/\/verify.coop.org\/\" target=\"_blank\" rel=\"noopener\">verificar.coop.org<\/a>.<\/p>\n<h3>\u00bfTendr\u00e9 que tomarme una foto con mi documento de identidad cada vez que visite una sucursal?<\/h3>\n<p>En visitas posteriores, no tendr\u00e1 que repetir el proceso si opta por guardar su informaci\u00f3n de autenticaci\u00f3n.<\/p>\n<h3>\u00bfSe pueden utilizar las identificaciones militares?<\/h3>\n<p>Si bien las identificaciones militares son una forma v\u00e1lida de identificaci\u00f3n, no se pueden usar en IDCheck debido a la normativa federal. Consulte con un cajero para obtener una forma alternativa de verificaci\u00f3n.<\/p>\n<h3>\u00bfQu\u00e9 informaci\u00f3n se almacena y c\u00f3mo se utiliza?<\/h3>\n<p>Consulte la siguiente informaci\u00f3n: <a href=\"https:\/\/www.socure.com\/privacy\" rel=\"noopener\">Pol\u00edtica de privacidad de Socure<\/a>.<\/p>\n\t\t\t\t\t\t\t<\/section>\n\t\t\t\t\t\t<\/div>\n\t\t\t\t\t\t\t\t\t<\/div>\n\t\t\t<\/div>\n\t\t\t<\/div>\n\t\n\t<\/div>\n<\/div>","protected":false},"excerpt":{"rendered":"","protected":false},"author":13,"featured_media":0,"parent":0,"menu_order":0,"comment_status":"closed","ping_status":"closed","template":"","meta":{"_acf_changed":false,"content-type":"","_searchwp_excluded":"","footnotes":""},"county":[],"class_list":["post-14540","page","type-page","status-publish","hentry"],"acf":[],"_links":{"self":[{"href":"https:\/\/www.soundcu.com\/es\/wp-json\/wp\/v2\/pages\/14540","targetHints":{"allow":["GET"]}}],"collection":[{"href":"https:\/\/www.soundcu.com\/es\/wp-json\/wp\/v2\/pages"}],"about":[{"href":"https:\/\/www.soundcu.com\/es\/wp-json\/wp\/v2\/types\/page"}],"author":[{"embeddable":true,"href":"https:\/\/www.soundcu.com\/es\/wp-json\/wp\/v2\/users\/13"}],"replies":[{"embeddable":true,"href":"https:\/\/www.soundcu.com\/es\/wp-json\/wp\/v2\/comments?post=14540"}],"version-history":[{"count":7,"href":"https:\/\/www.soundcu.com\/es\/wp-json\/wp\/v2\/pages\/14540\/revisions"}],"predecessor-version":[{"id":16742,"href":"https:\/\/www.soundcu.com\/es\/wp-json\/wp\/v2\/pages\/14540\/revisions\/16742"}],"wp:attachment":[{"href":"https:\/\/www.soundcu.com\/es\/wp-json\/wp\/v2\/media?parent=14540"}],"wp:term":[{"taxonomy":"county","embeddable":true,"href":"https:\/\/www.soundcu.com\/es\/wp-json\/wp\/v2\/county?post=14540"}],"curies":[{"name":"wp","href":"https:\/\/api.w.org\/{rel}","templated":true}]}}