{"id":14813,"date":"2025-05-13T09:00:00","date_gmt":"2025-05-13T16:00:00","guid":{"rendered":"https:\/\/www.soundcu.com\/?page_id=14813"},"modified":"2025-05-12T15:57:31","modified_gmt":"2025-05-12T22:57:31","slug":"retirement-score","status":"publish","type":"page","link":"https:\/\/www.soundcu.com\/es\/personal\/retirement-score\/","title":{"rendered":"Puntuaci\u00f3n de jubilaci\u00f3n"},"content":{"rendered":"<div class=\"co-flex_row co-flex_row__white co-flex_row__next_row_diff co-flex_row__page-hero co-flex_row__next_row__page-intro\" >\n\t<div class=\"co-flex_row--row co-row\">\n\t\t\t<header class=\"co-page_hero  co-page_hero__has_image\" aria-label=\"Encabezado: Desarrollado por Silvur\">\n\t\t<div class=\"co-page_hero--inner\">\n\t\t\t<div class=\"prow items-center\">\n\t\t\t\t\t\t\t\t\t<div class=\"co-page_hero--img_wrap pcol-lg:6 pcol-xl:7\">\n\t\t\t\t\t\t<div class=\"co-page_hero--mask\"><svg width=\"997.021\" height=\"609.682\" viewbox=\"0 0 997.021 609.682\"><defs><clippath id=\"svgPathHero\"><path d=\"M299.014.148H0V609.681H299.014c480.632.192,698.007-296.752,698.007-296.752C691.761-16.846,299.014.148,299.014.148\"\/><\/clippath><\/defs><image id=\"image_69ed4f6e3d682\" xlink:href=\"https:\/\/www.soundcu.com\/files\/Retirement-Score-hero2.jpg\" src=\"https:\/\/www.soundcu.com\/files\/Retirement-Score-hero2.jpg\" clip-path=\"url(#svgPathHero)\"  alt=\"Woman in smiling while holding her coffee in a coffee shop.\" \/><\/svg><\/div>\t\t\t\t\t<\/div>\n\t\t\t\t\t\t\t\t<div class=\"co-page_hero--text pcol-lg:6 pcol-xl:5\">\n\t\t\t\t\t\t\t\t\t\t\t<h1 class=\"co-page_hero--sup_heading\">\n\t\t\t\t\t\t\tJubilaci\u00f3n simplificada\t\t\t\t\t\t<\/h1>\n\t\t\t\t\t\t\t\t\t\t<h2 class=\"co-page_hero--title\" >Impulsado por Silvur<\/h2>\t\t\t\t\t<p class=\"co-page_hero--tagline\">Jub\u00edlate con tranquilidad<\/p>\t\t\t\t\t\t<div class=\"co-page_hero--buttons\">\n\t\t\t\t\t\t\t<a class=\"co-page_hero--button gtm-button\" href=\"https:\/\/soundcu.silvur.com\/?utm_source=web&#038;utm_medium=web&#038;utm_campaign=web_retirement_score_link\" rel=\"noopener\">CONSIGUE TU PUNTUACI\u00d3N DE JUBILACI\u00d3N<\/a>\t\t\t\t\t\t<\/div>\n\t\t\t\t\t\t\t\t\t\t<\/div>\n\t\t\t<\/div>\n\t\t<\/div>\n\t<\/header>\n\n\t<\/div>\n<\/div>\n\n\n<div class=\"co-flex_row co-flex_row__blue co-flex_row__page-intro co-flex_row__next_row__long-form-text\" >\n\t<div class=\"co-flex_row--row co-row\">\n\t\t\t<div class=\"co-page_intro\">\n\t\t<h2 class=\"co-page_intro--title\">Planifica con m\u00e1s inteligencia. Jub\u00edlate con m\u00e1s fortaleza.<\/h2><div class=\"co-page_intro--desc\"><p>Nos hemos asociado con Retirement Simplified, impulsado por Silvur, para ofrecerle orientaci\u00f3n experta y herramientas f\u00e1ciles de usar dise\u00f1adas para fortalecer, validar y mejorar su plan de jubilaci\u00f3n.<\/p>\n<\/div>\t<\/div>\n\n\t<\/div>\n<\/div>\n\n\n<div class=\"co-flex_row co-flex_row__blue co-flex_row__long-form-text co-flex_row__next_row__single-path-cta\" >\n\t<div class=\"co-flex_row--row co-row\">\n\t\t\t<div class=\"co-long_form\">\n\t\t\t\t\t<div class=\"co-long_form--block prow items-start\">\n\t\t\t\t<div class=\"co-long_form--text pcol-md:7\">\n\t\t\t\t\t<h2 class=\"co-long_form--headline\" >Calcula tu puntuaci\u00f3n personal de jubilaci\u00f3n<\/h2><div class=\"co-long_form--content\"><p>Calcula cu\u00e1nto tiempo te durar\u00e1 tu dinero durante la jubilaci\u00f3n, con precisi\u00f3n de a\u00f1os y meses. Nuestras herramientas de Seguridad Social, Medicare y costo de vida te permiten simular diferentes escenarios para ver c\u00f3mo tus decisiones influyen en tus planes seg\u00fan tu lugar de residencia, la fecha de tu jubilaci\u00f3n y otros factores.<\/p>\n<\/div>\t\t\t\t<\/div>\n\t\t\t\t\t\t\t\t\t<div class=\"co-long_form--media pcol-md:5 Image\">\n\t\t\t\t\t\t<div class=\"co-long_form--media_wrap\">\n\t\t\t\t\t\t\t<img loading=\"lazy\" decoding=\"async\" width=\"540\" height=\"351\" src=\"https:\/\/www.soundcu.com\/files\/retirement-score_score-540x351.png\" class=\"co-long_form--image\" alt=\"Retirement Score dashboard\" srcset=\"https:\/\/www.soundcu.com\/files\/retirement-score_score-540x351.png 540w, https:\/\/www.soundcu.com\/files\/retirement-score_score-730x474.png 730w, https:\/\/www.soundcu.com\/files\/retirement-score_score-768x499.png 768w, https:\/\/www.soundcu.com\/files\/retirement-score_score-1536x997.png 1536w, https:\/\/www.soundcu.com\/files\/retirement-score_score-2048x1330.png 2048w, https:\/\/www.soundcu.com\/files\/retirement-score_score-396x257.png 396w, https:\/\/www.soundcu.com\/files\/retirement-score_score-939x610.png 939w, https:\/\/www.soundcu.com\/files\/retirement-score_score-75x49.png 75w\" sizes=\"auto, (max-width: 540px) 100vw, 540px\" \/>\t\t\t\t\t\t\t\t\t\t\t\t\t\t\t<svg class=\"co-long_form--media__svg\" width=\"252.96\" height=\"86.432\" viewbox=\"0 0 252.96 86.432\"><g transform=\"translate(-992.041 -7954.568)\"><path d=\"M567.407,124.428c-77.494-74.559-170.562-30.665-250.487,0C396.429,151.611,495.98,196.666,567.407,124.428Z\" transform=\"translate(677.594 7871.189)\" fill=\"#71c4e8\"\/><path d=\"M452.635,105.62c-41.987-40.4-92.411-16.614-135.715,0C360,120.347,413.936,144.758,452.635,105.62Z\" transform=\"translate(675.121 7914.231)\" fill=\"#00205b\"\/><\/g><\/svg>\n\t\t\t\t\t\t\t\t\t\t\t\t\t<\/div>\n\t\t\t\t\t\t\t\t\t\t\t<\/div>\n\t\t\t\t\t\t\t<\/div>\n\t\t\t\t\t\t<div class=\"co-long_form--block prow items-start flex-row-reverse\">\n\t\t\t\t<div class=\"co-long_form--text pcol-md:7\">\n\t\t\t\t\t<h2 class=\"co-long_form--headline\" >Herramientas y calculadoras f\u00e1ciles de usar<\/h2><div class=\"co-long_form--content\"><p>Ajusta tus datos y toma decisiones informadas sobre cuestiones importantes relacionadas con la jubilaci\u00f3n, como:<\/p>\n<ul>\n<li>\u00bfCu\u00e1ndo debo solicitar el Seguro Social?<\/li>\n<li>\u00bfCu\u00e1nto tiempo me durar\u00e1n mis ahorros?<\/li>\n<li>\u00bfCu\u00e1nto me costar\u00e1 Medicare?<\/li>\n<li>\u00bfD\u00f3nde deber\u00eda jubilarme?<\/li>\n<\/ul>\n<\/div>\t\t\t\t<\/div>\n\t\t\t\t\t\t\t\t\t<div class=\"co-long_form--media pcol-md:5 Image\">\n\t\t\t\t\t\t<div class=\"co-long_form--media_wrap\">\n\t\t\t\t\t\t\t<img loading=\"lazy\" decoding=\"async\" width=\"540\" height=\"330\" src=\"https:\/\/www.soundcu.com\/files\/Retirement-Score-calculators.png\" class=\"co-long_form--image\" alt=\"Retirement Score calculator dashboard\" srcset=\"https:\/\/www.soundcu.com\/files\/Retirement-Score-calculators.png 540w, https:\/\/www.soundcu.com\/files\/Retirement-Score-calculators-396x242.png 396w, https:\/\/www.soundcu.com\/files\/Retirement-Score-calculators-75x46.png 75w\" sizes=\"auto, (max-width: 540px) 100vw, 540px\" \/>\t\t\t\t\t\t\t\t\t\t\t\t\t\t\t<svg class=\"co-long_form--media__svg\" width=\"252.96\" height=\"86.432\" viewbox=\"0 0 252.96 86.432\"><g transform=\"translate(-992.041 -7954.568)\"><path d=\"M567.407,124.428c-77.494-74.559-170.562-30.665-250.487,0C396.429,151.611,495.98,196.666,567.407,124.428Z\" transform=\"translate(677.594 7871.189)\" fill=\"#71c4e8\"\/><path d=\"M452.635,105.62c-41.987-40.4-92.411-16.614-135.715,0C360,120.347,413.936,144.758,452.635,105.62Z\" transform=\"translate(675.121 7914.231)\" fill=\"#00205b\"\/><\/g><\/svg>\n\t\t\t\t\t\t\t\t\t\t\t\t\t<\/div>\n\t\t\t\t\t\t\t\t\t\t\t<\/div>\n\t\t\t\t\t\t\t<\/div>\n\t\t\t\t\t\t<div class=\"co-long_form--block prow items-start\">\n\t\t\t\t<div class=\"co-long_form--text pcol-md:7\">\n\t\t\t\t\t<h2 class=\"co-long_form--headline\" >Educaci\u00f3n de primer nivel<\/h2><div class=\"co-long_form--content\"><p>Aprenda justo lo que necesita saber, en el momento preciso, con cursos concisos y f\u00e1ciles de entender impartidos por nuestros expertos en Seguridad Social, Medicare, impuestos y otros temas clave para la jubilaci\u00f3n.<\/p>\n<\/div>\t\t\t\t<\/div>\n\t\t\t\t\t\t\t\t\t<div class=\"co-long_form--media pcol-md:5 Image\">\n\t\t\t\t\t\t<div class=\"co-long_form--media_wrap\">\n\t\t\t\t\t\t\t<img loading=\"lazy\" decoding=\"async\" width=\"540\" height=\"399\" src=\"https:\/\/www.soundcu.com\/files\/retirement-score_education-540x399.png\" class=\"co-long_form--image\" alt=\"Retirement Score education dashboard\" srcset=\"https:\/\/www.soundcu.com\/files\/retirement-score_education-540x399.png 540w, https:\/\/www.soundcu.com\/files\/retirement-score_education-730x539.png 730w, https:\/\/www.soundcu.com\/files\/retirement-score_education-768x567.png 768w, https:\/\/www.soundcu.com\/files\/retirement-score_education-1536x1134.png 1536w, https:\/\/www.soundcu.com\/files\/retirement-score_education-2048x1512.png 2048w, https:\/\/www.soundcu.com\/files\/retirement-score_education-396x292.png 396w, https:\/\/www.soundcu.com\/files\/retirement-score_education-826x610.png 826w, https:\/\/www.soundcu.com\/files\/retirement-score_education-75x55.png 75w\" sizes=\"auto, (max-width: 540px) 100vw, 540px\" \/>\t\t\t\t\t\t\t\t\t\t\t\t\t\t\t<svg class=\"co-long_form--media__svg\" width=\"252.96\" height=\"86.432\" viewbox=\"0 0 252.96 86.432\"><g transform=\"translate(-992.041 -7954.568)\"><path d=\"M567.407,124.428c-77.494-74.559-170.562-30.665-250.487,0C396.429,151.611,495.98,196.666,567.407,124.428Z\" transform=\"translate(677.594 7871.189)\" fill=\"#71c4e8\"\/><path d=\"M452.635,105.62c-41.987-40.4-92.411-16.614-135.715,0C360,120.347,413.936,144.758,452.635,105.62Z\" transform=\"translate(675.121 7914.231)\" fill=\"#00205b\"\/><\/g><\/svg>\n\t\t\t\t\t\t\t\t\t\t\t\t\t<\/div>\n\t\t\t\t\t\t\t\t\t\t\t<\/div>\n\t\t\t\t\t\t\t<\/div>\n\t\t\t\t<\/div>\n\n\t<\/div>\n<\/div>\n\n\n<div class=\"co-flex_row co-flex_row__blue co-flex_row__next_row_diff co-flex_row__single-path-cta co-flex_row__next_row__blog-feed\" >\n\t<div class=\"co-flex_row--row co-row\">\n\t\t\t<svg class=\"co-sp_cta__svg\" width=\"488.512\" height=\"338.101\" viewbox=\"0 0 488.512 338.101\">\n\t\t\t<path class=\"co-sp_cta__svg--path_big\" d=\"M488.512,163.324C337.738,308.387,172.875,346.284,6.386,332.445c-12.895-1.072-2.726.507,0-169.121C7.666,83.681-1.682,4.826,3.448,4.309,177.337-13.221,346.255,19.454,488.512,163.324Z\"\/>\n\t\t\t<path class=\"co-sp_cta__svg--path_small\" d=\"M408.431,63.648c-126.358,121.572-278.108,50-408.431,0C129.644,19.327,291.966-54.138,408.431,63.648Z\" transform=\"translate(0 207.52)\" fill=\"#efc025\"\/>\n\t<\/svg>\n\t<div class=\"co-sp_cta\">\n\t\t\t\t<header class=\"co-intro_text\">\n\t\t\t<h2 class=\"co-intro_text--title\">Elimine las incertidumbres de la jubilaci\u00f3n.<\/h2><div class=\"co-intro_text--intro\"><p>\u00a1Activa hoy mismo tu perfil gratuito de Puntuaci\u00f3n de Jubilaci\u00f3n!<\/p>\n<\/div>\t\t<\/header>\n\t<a class=\"co-sp_cta--button gtm-button\" href=\"https:\/\/soundcu.silvur.com\/?utm_source=web&#038;utm_medium=web&#038;utm_campaign=web_retirement_score_link\" target=\"_blank\" rel=\"noopener\">CONSIGUE TU PUNTUACI\u00d3N DE JUBILACI\u00d3N<\/a>\t<\/div>\n\n\t<\/div>\n<\/div>\n\n\n<div class=\"co-flex_row co-flex_row__white co-flex_row__last co-flex_row__blog-feed\" >\n\t<div class=\"co-flex_row--row co-row\">\n\t\t<div class=\"co-bf\">\n\t\t\t<header class=\"co-intro_text\">\n\t\t\t<h2 class=\"co-intro_text--title\">\u00bfQuieres administrar tu dinero de forma inteligente? Nosotros te ayudamos.<\/h2><div class=\"co-intro_text--intro\"><p>Visita nuestra secci\u00f3n de Vida y Finanzas para obtener consejos, tutoriales y recomendaciones diarias que te ayudar\u00e1n a dominar tus finanzas personales.<\/p>\n<\/div>\t\t<\/header>\n\t\t<div class=\"co-bf--list prow prow-md:2 prow-lg:3\">\n\t\t<div class=\"co-post_tile co-columns--box\">\n\t<img loading=\"lazy\" decoding=\"async\" width=\"396\" height=\"258\" src=\"https:\/\/www.soundcu.com\/files\/iStock-1198401626_842x548-396x258.jpg\" class=\"co-post_tile--img co-columns--box_image wp-post-image\" alt=\"family time in living room\" srcset=\"https:\/\/www.soundcu.com\/files\/iStock-1198401626_842x548-396x258.jpg 396w, https:\/\/www.soundcu.com\/files\/iStock-1198401626_842x548-540x351.jpg 540w, https:\/\/www.soundcu.com\/files\/iStock-1198401626_842x548-730x475.jpg 730w, https:\/\/www.soundcu.com\/files\/iStock-1198401626_842x548-768x500.jpg 768w, https:\/\/www.soundcu.com\/files\/iStock-1198401626_842x548-75x49.jpg 75w, https:\/\/www.soundcu.com\/files\/iStock-1198401626_842x548.jpg 842w\" sizes=\"auto, (max-width: 396px) 100vw, 396px\" \/><h2 class=\"co-post_tile--box_headline co-columns--box_headline\" > <a href=\"https:\/\/www.soundcu.com\/es\/blog\/how-much-should-you-save-for-retirement\/\" class=\"link\">\u00bfCu\u00e1nto deber\u00eda ahorrar para la jubilaci\u00f3n?<\/a><\/h2>\t<div class=\"co-post_tile--box_desc co-post_tile--excerpt co-columns--box_desc\">\t\t\n\t\t<p>\u00bfC\u00f3mo te gustar\u00eda que fuera tu jubilaci\u00f3n? Si no te has hecho esa pregunta, es hora de hacerlo.  <a href=\"https:\/\/www.soundcu.com\/es\/blog\/how-much-should-you-save-for-retirement\/\">Contin\u00faa leyendo <span class=\"meta-nav\">\u2192<\/span><\/a><\/p>\n\t<\/div>\n<\/div><div class=\"co-post_tile co-columns--box\">\n\t<img loading=\"lazy\" decoding=\"async\" width=\"396\" height=\"261\" src=\"https:\/\/www.soundcu.com\/files\/photo-1475045386676-a66b44a0ff45-396x261.jpg\" class=\"co-post_tile--img co-columns--box_image wp-post-image\" alt=\"Five Good Money Habits to Boost Your Retirement Savings\" srcset=\"https:\/\/www.soundcu.com\/files\/photo-1475045386676-a66b44a0ff45-396x261.jpg 396w, https:\/\/www.soundcu.com\/files\/photo-1475045386676-a66b44a0ff45-540x356.jpg 540w, https:\/\/www.soundcu.com\/files\/photo-1475045386676-a66b44a0ff45-75x49.jpg 75w, https:\/\/www.soundcu.com\/files\/photo-1475045386676-a66b44a0ff45.jpg 640w\" sizes=\"auto, (max-width: 396px) 100vw, 396px\" \/><h2 class=\"co-post_tile--box_headline co-columns--box_headline\" > <a href=\"https:\/\/www.soundcu.com\/es\/blog\/five-good-money-habits-to-boost-your-retirement-savings\/\" class=\"link\">Cinco buenos h\u00e1bitos financieros para aumentar tus ahorros para la jubilaci\u00f3n<\/a><\/h2>\t<div class=\"co-post_tile--box_desc co-post_tile--excerpt co-columns--box_desc\">\t\t\n\t\t<p>Comprender las ventajas y desventajas de la elaboraci\u00f3n de un presupuesto es una habilidad valiosa, y resulta m\u00e1s f\u00e1cil recortar gastos cuando se puede contextualizar la consecuci\u00f3n de un objetivo. <a href=\"https:\/\/www.soundcu.com\/es\/blog\/five-good-money-habits-to-boost-your-retirement-savings\/\">Contin\u00faa leyendo <span class=\"meta-nav\">\u2192<\/span><\/a><\/p>\n\t<\/div>\n<\/div><div class=\"co-post_tile co-columns--box\">\n\t<img loading=\"lazy\" decoding=\"async\" width=\"396\" height=\"258\" src=\"https:\/\/www.soundcu.com\/files\/2023.02_combining-finances-money-talks_842x548-396x258.jpg\" class=\"co-post_tile--img co-columns--box_image wp-post-image\" alt=\"taxable income\" srcset=\"https:\/\/www.soundcu.com\/files\/2023.02_combining-finances-money-talks_842x548-396x258.jpg 396w, https:\/\/www.soundcu.com\/files\/2023.02_combining-finances-money-talks_842x548-540x351.jpg 540w, https:\/\/www.soundcu.com\/files\/2023.02_combining-finances-money-talks_842x548-730x475.jpg 730w, https:\/\/www.soundcu.com\/files\/2023.02_combining-finances-money-talks_842x548-768x500.jpg 768w, https:\/\/www.soundcu.com\/files\/2023.02_combining-finances-money-talks_842x548-75x49.jpg 75w, https:\/\/www.soundcu.com\/files\/2023.02_combining-finances-money-talks_842x548.jpg 842w\" sizes=\"auto, (max-width: 396px) 100vw, 396px\" \/><h2 class=\"co-post_tile--box_headline co-columns--box_headline\" > <a href=\"https:\/\/www.soundcu.com\/es\/blog\/how-much-should-i-save-vs-invest\/\" class=\"link\">\u00bfCu\u00e1nto debo ahorrar y cu\u00e1nto debo invertir? Entendiendo la diferencia entre ahorrar e invertir.<\/a><\/h2>\t<div class=\"co-post_tile--box_desc co-post_tile--excerpt co-columns--box_desc\">\t\t\n\t\t<p>Descubre la diferencia entre ahorrar e invertir y aprende a equilibrar ambas cosas, a crear un fondo de emergencia y a empezar a invertir con confianza. <a href=\"https:\/\/www.soundcu.com\/es\/blog\/how-much-should-i-save-vs-invest\/\">Contin\u00faa leyendo <span class=\"meta-nav\">\u2192<\/span><\/a><\/p>\n\t<\/div>\n<\/div>\t<\/div>\n\t<\/div>\n\t<\/div>\n<\/div>","protected":false},"excerpt":{"rendered":"","protected":false},"author":11,"featured_media":0,"parent":2314,"menu_order":0,"comment_status":"closed","ping_status":"closed","template":"","meta":{"_acf_changed":false,"content-type":"","_searchwp_excluded":"","footnotes":""},"county":[],"class_list":["post-14813","page","type-page","status-publish","hentry"],"acf":[],"_links":{"self":[{"href":"https:\/\/www.soundcu.com\/es\/wp-json\/wp\/v2\/pages\/14813","targetHints":{"allow":["GET"]}}],"collection":[{"href":"https:\/\/www.soundcu.com\/es\/wp-json\/wp\/v2\/pages"}],"about":[{"href":"https:\/\/www.soundcu.com\/es\/wp-json\/wp\/v2\/types\/page"}],"author":[{"embeddable":true,"href":"https:\/\/www.soundcu.com\/es\/wp-json\/wp\/v2\/users\/11"}],"replies":[{"embeddable":true,"href":"https:\/\/www.soundcu.com\/es\/wp-json\/wp\/v2\/comments?post=14813"}],"version-history":[{"count":47,"href":"https:\/\/www.soundcu.com\/es\/wp-json\/wp\/v2\/pages\/14813\/revisions"}],"predecessor-version":[{"id":16201,"href":"https:\/\/www.soundcu.com\/es\/wp-json\/wp\/v2\/pages\/14813\/revisions\/16201"}],"up":[{"embeddable":true,"href":"https:\/\/www.soundcu.com\/es\/wp-json\/wp\/v2\/pages\/2314"}],"wp:attachment":[{"href":"https:\/\/www.soundcu.com\/es\/wp-json\/wp\/v2\/media?parent=14813"}],"wp:term":[{"taxonomy":"county","embeddable":true,"href":"https:\/\/www.soundcu.com\/es\/wp-json\/wp\/v2\/county?post=14813"}],"curies":[{"name":"wp","href":"https:\/\/api.w.org\/{rel}","templated":true}]}}