{"id":14982,"date":"2025-06-11T08:59:00","date_gmt":"2025-06-11T15:59:00","guid":{"rendered":"https:\/\/www.soundcu.com\/?page_id=14982"},"modified":"2025-12-05T11:40:29","modified_gmt":"2025-12-05T19:40:29","slug":"open-a-business-account","status":"publish","type":"page","link":"https:\/\/www.soundcu.com\/es\/open-a-business-account\/","title":{"rendered":"Abra una cuenta comercial"},"content":{"rendered":"<div class=\"co-flex_row co-flex_row__blue co-flex_row__minimal-hero co-flex_row__next_row__sticky-nav\" >\n\t<div class=\"co-flex_row--row co-row\">\n\t\t\t<header class=\"co-page_hero co-page_minimalHero co-page_hero__no_image\" aria-label=\"Encabezado: Abrir una cuenta comercial en Washington\">\n\t\t<div class=\"co-page_hero--inner\">\n\t\t\t<div class=\"prow items-center\">\n\t\t\t\t<div class=\"co-page_hero--text\">\n\t\t\t\t\t<h1 class=\"co-page_hero--title\" >Abra una cuenta comercial en Washington.<\/h1>\t\t\t\t\t<p class=\"co-page_hero--tagline\">Para nuevas membres\u00edas de empresas unipersonales y LLC de un solo miembro<\/p>\t\t\t\t<\/div>\n\t\t\t<\/div>\n\t\t<\/div>\n\t<\/header>\n\n\t<\/div>\n<\/div>\n\n\n<div class=\"co-flex_row co-flex_row__sticky-nav co-flex_row__next_row__columns\" >\n\t<div class=\"co-flex_row--row co-row\">\n\t\t\t<div class=\"co-sticky_nav_wrap is-active\" id=\"js-sticky_nav_wrap\">\n\t\t<nav\n\t\t\tclass=\"co-sticky_nav\"\n\t\t\tid=\"js-sticky_nav\"\n\t\t\taria-label=\"en la navegaci\u00f3n de anclaje de p\u00e1gina\"\n\t\t>\n\t\t\t<div class=\"co-sticky_nav--mobile\">\n\t\t\t\t<button\n\t\t\t\t\tclass=\"co-sticky_nav--toggle\"\n\t\t\t\t\tid=\"js-sticky_nav_toggle\"\n\t\t\t\t\taria-label=\"Abrir y cerrar men\u00fa de p\u00e1gina\"\n\t\t\t\t>Men\u00fa de p\u00e1gina<\/button>\n\t\t\t<\/div>\n\t\t\t<div\n\t\t\t\tclass=\"co-sticky_nav--row co-row\"\n\t\t\t\tid=\"js-sticky_nav_links\"\n\t\t\t>\n\t\t\t\t\t\t\t\t\t<a\n\t\t\t\t\t\thref=\"#bizchkg\"\n\t\t\t\t\t\tclass=\"co-sticky_nav--link\t\t\t\t\t\t\tjs-sticky_nav_item\"\n\t\t\t\t\t\t\t\t\t\t\t>\n\t\t\t\t\t\tCuentas corrientes para empresas\t\t\t\t\t<\/a>\n\t\t\t\t\t\t\t\t\t<a\n\t\t\t\t\t\thref=\"#bizsav\"\n\t\t\t\t\t\tclass=\"co-sticky_nav--link\t\t\t\t\t\t\tjs-sticky_nav_item\"\n\t\t\t\t\t\t\t\t\t\t\t>\n\t\t\t\t\t\tAhorros empresariales\t\t\t\t\t<\/a>\n\t\t\t\t\t\t\t\t\t<a\n\t\t\t\t\t\thref=\"#bizcert\"\n\t\t\t\t\t\tclass=\"co-sticky_nav--link\t\t\t\t\t\t\tjs-sticky_nav_item\"\n\t\t\t\t\t\t\t\t\t\t\t>\n\t\t\t\t\t\tCertificados comerciales\t\t\t\t\t<\/a>\n\t\t\t\t\t\t\t\t\t<a\n\t\t\t\t\t\thref=\"#require\"\n\t\t\t\t\t\tclass=\"co-sticky_nav--link\t\t\t\t\t\t\tjs-sticky_nav_item\"\n\t\t\t\t\t\t\t\t\t\t\t>\n\t\t\t\t\t\tRequisitos\t\t\t\t\t<\/a>\n\t\t\t\t\t\t\t\t\t<a\n\t\t\t\t\t\thref=\"#bizteam\"\n\t\t\t\t\t\tclass=\"co-sticky_nav--link\t\t\t\t\t\t\tjs-sticky_nav_item\"\n\t\t\t\t\t\t\t\t\t\t\t>\n\t\t\t\t\t\tCont\u00e1ctarnos\t\t\t\t\t<\/a>\n\t\t\t\t\t\t\t<\/div>\n\t\t<\/nav>\n\t<\/div>\n\n\t<\/div>\n<\/div>\n\n\n<div class=\"co-flex_row co-flex_row__blue co-flex_row__next_row_diff co-flex_row__columns co-flex_row__next_row__columns\" id=\"bizchkg\">\n\t<div class=\"co-flex_row--row co-row\">\n\t\t\t<div class=\"co-columns\">\n\t\t\t\t<header class=\"co-intro_text\">\n\t\t\t<h2 class=\"co-intro_text--title\">Cuentas corrientes para empresas<\/h2><div class=\"co-intro_text--intro\"><p>Seleccione la cuenta corriente empresarial que desea abrir en los enlaces que aparecen a continuaci\u00f3n.<\/p>\n<\/div>\t\t<\/header>\n\t\t\t\t<div class=\"co-columns--row prow prow-md:2 prow-lg:3 co-columns--row__images justify-center\">\n\t\t\t\t\t\t\t\t\t<div class=\"co-columns--box\">\n\t\t\t\t\t\t<a class=\"co-columns--box_link\" href=\"https:\/\/www.soundcu.com\/es\/speed-bump\/?url=https%3A%2F%2Fwww.soundcu.com%2Fbusiness%2Fchecking%2F&#038;prev=https%3A%2F%2Fwww.soundcu.com%2Fes%2Fopen-a-business-account%2F\"><h3 class=\"co-columns--box_headline\" >Cuenta corriente gratuita para empresas<\/h3><\/a><div class=\"co-columns--box_desc\"><p>Servicios b\u00e1sicos de cuenta sin comisiones ni m\u00ednimos.<\/p>\n<\/div><div class=\"co-columns--box_button\"><a class=\"co-columns--button co-button gtm-button\" href=\"https:\/\/account.soundcu.com\/?productCode=72,70\" rel=\"noopener\">SOLICITE EN L\u00cdNEA<\/a><\/div>\t\t\t\t\t<\/div>\n\t\t\t\t\t\t\t\t\t<div class=\"co-columns--box\">\n\t\t\t\t\t\t<a class=\"co-columns--box_link\" href=\"https:\/\/www.soundcu.com\/es\/speed-bump\/?url=https%3A%2F%2Fwww.soundcu.com%2Fbusiness%2Fchecking%2F&#038;prev=https%3A%2F%2Fwww.soundcu.com%2Fes%2Fopen-a-business-account%2F\"><h3 class=\"co-columns--box_headline\" >Cuentas corrientes para empresas<\/h3><\/a><div class=\"co-columns--box_desc\"><p>M\u00e1xima comodidad, bajas comisiones y m\u00ednimos.<\/p>\n<\/div><div class=\"co-columns--box_button\"><a class=\"co-columns--button co-button gtm-button\" href=\"https:\/\/account.soundcu.com\/?productCode=74,70\" rel=\"noopener\">SOLICITE EN L\u00cdNEA<\/a><\/div>\t\t\t\t\t<\/div>\n\t\t\t\t\t\t\t\t\t<div class=\"co-columns--box\">\n\t\t\t\t\t\t<a class=\"co-columns--box_link\" href=\"https:\/\/www.soundcu.com\/es\/speed-bump\/?url=https%3A%2F%2Fwww.soundcu.com%2Fbusiness%2Fchecking%2F&#038;prev=https%3A%2F%2Fwww.soundcu.com%2Fes%2Fopen-a-business-account%2F\"><h3 class=\"co-columns--box_headline\" >Verificaci\u00f3n de intereses comerciales<\/h3><\/a><div class=\"co-columns--box_desc\"><p>Gana intereses y obt\u00e9n beneficios exclusivos.<\/p>\n<\/div><div class=\"co-columns--box_button\"><a class=\"co-columns--button co-button gtm-button\" href=\"https:\/\/account.soundcu.com\/?productCode=73,70\" rel=\"noopener\">SOLICITE EN L\u00cdNEA<\/a><\/div>\t\t\t\t\t<\/div>\n\t\t\t\t\t\t\t<\/div>\n\t\t\t\t<\/div>\n\n\t<\/div>\n<\/div>\n\n\n<div class=\"co-flex_row co-flex_row__white co-flex_row__next_row_diff co-flex_row__columns co-flex_row__next_row__columns\" id=\"bizsav\">\n\t<div class=\"co-flex_row--row co-row\">\n\t\t\t<div class=\"co-columns\">\n\t\t\t\t<header class=\"co-intro_text\">\n\t\t\t<h2 class=\"co-intro_text--title\">Cuentas de ahorro para empresas<\/h2><div class=\"co-intro_text--intro\"><p>Herramientas de inversi\u00f3n sencillas y directas para empresas locales, grandes y peque\u00f1as.<\/p>\n<\/div>\t\t<\/header>\n\t\t\t\t<div class=\"co-columns--row prow prow-md:2 prow-lg:4 co-columns--row__images justify-center\">\n\t\t\t\t\t\t\t\t\t<div class=\"co-columns--box\">\n\t\t\t\t\t\t<a class=\"co-columns--box_link\" href=\"https:\/\/www.soundcu.com\/es\/speed-bump\/?url=https%3A%2F%2Fwww.soundcu.com%2Fbusiness%2Fsavings-and-certificates%2Fhigh-yield-business-savings-account%2F&#038;prev=https%3A%2F%2Fwww.soundcu.com%2Fes%2Fopen-a-business-account%2F\"><h3 class=\"co-columns--box_headline\" >Ahorros empresariales de alto rendimiento<\/h3><\/a><div class=\"co-columns--box_desc\"><p>Mantenga la liquidez y la seguridad mientras obtiene una tasa escalonada sobre saldos de $100,000 o m\u00e1s.<\/p>\n<\/div><div class=\"co-columns--box_button\"><a class=\"co-columns--button co-button gtm-button\" href=\"https:\/\/account.soundcu.com\/?productCode=77,70\" rel=\"noopener\">SOLICITE EN L\u00cdNEA<\/a><\/div>\t\t\t\t\t<\/div>\n\t\t\t\t\t\t\t\t\t<div class=\"co-columns--box\">\n\t\t\t\t\t\t<h3 class=\"co-columns--box_headline\" >Ahorros empresariales<\/h3><div class=\"co-columns--box_desc\"><p>Establece tu membres\u00eda empresarial en Sound y desbloquea grandes ventajas.<\/p>\n<\/div><div class=\"co-columns--box_button\"><a class=\"co-columns--button co-button gtm-button\" href=\"https:\/\/account.soundcu.com\/?productCode=70\" rel=\"noopener\">SOLICITE EN L\u00cdNEA<\/a><\/div>\t\t\t\t\t<\/div>\n\t\t\t\t\t\t\t\t\t<div class=\"co-columns--box\">\n\t\t\t\t\t\t<h3 class=\"co-columns--box_headline\" >Ahorros empresariales secundarios<\/h3><div class=\"co-columns--box_desc\"><p>Las cuentas de ahorro adicionales generan dividendos sin necesidad de un saldo m\u00ednimo.<\/p>\n<\/div><div class=\"co-columns--box_button\"><a class=\"co-columns--button co-button gtm-button\" href=\"https:\/\/account.soundcu.com\/?productCode=71,70\" rel=\"noopener\">SOLICITE EN L\u00cdNEA<\/a><\/div>\t\t\t\t\t<\/div>\n\t\t\t\t\t\t\t\t\t<div class=\"co-columns--box\">\n\t\t\t\t\t\t<a class=\"co-columns--box_link\" href=\"https:\/\/www.soundcu.com\/es\/speed-bump\/?url=https%3A%2F%2Fwww.soundcu.com%2Fbusiness%2Fsavings-and-certificates%2Fmoney-market%2F&#038;prev=https%3A%2F%2Fwww.soundcu.com%2Fes%2Fopen-a-business-account%2F\"><h3 class=\"co-columns--box_headline\" >Mercado monetario de alto rendimiento para empresas<\/h3><\/a><div class=\"co-columns--box_desc\"><p>Ideal para quienes buscan una mayor rentabilidad que la de una cuenta de ahorros est\u00e1ndar, con la ventaja a\u00f1adida de tener los fondos a mano.<\/p>\n<\/div><div class=\"co-columns--box_button\"><a class=\"co-columns--button co-button gtm-button\" href=\"https:\/\/account.soundcu.com\/?productCode=76,70\" rel=\"noopener\">SOLICITE EN L\u00cdNEA<\/a><\/div>\t\t\t\t\t<\/div>\n\t\t\t\t\t\t\t<\/div>\n\t\t\t\t<\/div>\n\n\t<\/div>\n<\/div>\n\n\n<div class=\"co-flex_row co-flex_row__blue co-flex_row__next_row_diff co-flex_row__columns co-flex_row__next_row__long-form-text\" id=\"bizcert\">\n\t<div class=\"co-flex_row--row co-row\">\n\t\t\t<div class=\"co-columns\">\n\t\t\t\t<header class=\"co-intro_text\">\n\t\t\t<h2 class=\"co-intro_text--title\">Cuentas de Certificados Comerciales<\/h2><div class=\"co-intro_text--intro\"><p>Asegure una tasa alta y garantice su retorno.<\/p>\n<\/div>\t\t<\/header>\n\t\t\t\t<div class=\"co-columns--row prow prow-md:2 prow-lg:4 co-columns--row__images justify-center\">\n\t\t\t\t\t\t\t\t\t<div class=\"co-columns--box\">\n\t\t\t\t\t\t<a class=\"co-columns--box_link\" href=\"https:\/\/www.soundcu.com\/es\/speed-bump\/?url=https%3A%2F%2Fwww.soundcu.com%2Fbusiness%2Fsavings-and-certificates%2Fcertificate%2F&#038;prev=https%3A%2F%2Fwww.soundcu.com%2Fes%2Fopen-a-business-account%2F\"><h3 class=\"co-columns--box_headline\" >Certificados<\/h3><\/a><div class=\"co-columns--box_desc\"><p>Asegure una tasa alta con rendimiento garantizado y renovaciones sencillas al vencimiento. Saldo m\u00ednimo $500.<\/p>\n<\/div><div class=\"co-columns--box_button\"><a class=\"co-columns--button co-button gtm-button\" href=\"https:\/\/www.soundcu.com\/es\/speed-bump\/?url=https%3A%2F%2Fwww.soundcu.com%2Fopen-a-business-account%2F%23bizteam&#038;prev=https%3A%2F%2Fwww.soundcu.com%2Fes%2Fopen-a-business-account%2F\">Cont\u00e1ctarnos<\/a><\/div>\t\t\t\t\t<\/div>\n\t\t\t\t\t\t\t\t\t<div class=\"co-columns--box\">\n\t\t\t\t\t\t<a class=\"co-columns--box_link\" href=\"https:\/\/www.soundcu.com\/es\/speed-bump\/?url=https%3A%2F%2Fwww.soundcu.com%2Fbusiness%2Fsavings-and-certificates%2Fcertificate%2F&#038;prev=https%3A%2F%2Fwww.soundcu.com%2Fes%2Fopen-a-business-account%2F\"><h3 class=\"co-columns--box_headline\" >Certificados de modificaci\u00f3n<\/h3><\/a><div class=\"co-columns--box_desc\"><p>Un certificado con una excelente tasa de inter\u00e9s y la opci\u00f3n de un aumento de tasa \u00fanico. Saldo m\u00ednimo: $2,500.<\/p>\n<\/div><div class=\"co-columns--box_button\"><a class=\"co-columns--button co-button gtm-button\" href=\"https:\/\/www.soundcu.com\/es\/speed-bump\/?url=https%3A%2F%2Fwww.soundcu.com%2Fopen-a-business-account%2F%23bizteam&#038;prev=https%3A%2F%2Fwww.soundcu.com%2Fes%2Fopen-a-business-account%2F\">Cont\u00e1ctarnos<\/a><\/div>\t\t\t\t\t<\/div>\n\t\t\t\t\t\t\t\t\t<div class=\"co-columns--box\">\n\t\t\t\t\t\t<a class=\"co-columns--box_link\" href=\"https:\/\/www.soundcu.com\/es\/speed-bump\/?url=https%3A%2F%2Fwww.soundcu.com%2Fbusiness%2Fsavings-and-certificates%2Fcertificate%2F&#038;prev=https%3A%2F%2Fwww.soundcu.com%2Fes%2Fopen-a-business-account%2F\"><h3 class=\"co-columns--box_headline\" >Certificados flexibles<\/h3><\/a><div class=\"co-columns--box_desc\"><p>Un certificado con una excelente tasa de inter\u00e9s, un aumento de tasa \u00fanico y opci\u00f3n de retiro. Saldo m\u00ednimo: $2,500.<\/p>\n<\/div><div class=\"co-columns--box_button\"><a class=\"co-columns--button co-button gtm-button\" href=\"https:\/\/www.soundcu.com\/es\/speed-bump\/?url=https%3A%2F%2Fwww.soundcu.com%2Fopen-a-business-account%2F%23bizteam&#038;prev=https%3A%2F%2Fwww.soundcu.com%2Fes%2Fopen-a-business-account%2F\">Cont\u00e1ctarnos<\/a><\/div>\t\t\t\t\t<\/div>\n\t\t\t\t\t\t\t\t\t<div class=\"co-columns--box\">\n\t\t\t\t\t\t<a class=\"co-columns--box_link\" href=\"https:\/\/www.soundcu.com\/es\/speed-bump\/?url=https%3A%2F%2Fwww.soundcu.com%2Fbusiness%2Fsavings-and-certificates%2Fcertificate%2F&#038;prev=https%3A%2F%2Fwww.soundcu.com%2Fes%2Fopen-a-business-account%2F\"><h3 class=\"co-columns--box_headline\" >Certificados Jumbo<\/h3><\/a><div class=\"co-columns--box_desc\"><p>Asegure una tasa alta con un rendimiento garantizado en saldos de $100,000 o m\u00e1s.<\/p>\n<\/div><div class=\"co-columns--box_button\"><a class=\"co-columns--button co-button gtm-button\" href=\"https:\/\/www.soundcu.com\/es\/speed-bump\/?url=https%3A%2F%2Fwww.soundcu.com%2Fopen-a-business-account%2F%23bizteam&#038;prev=https%3A%2F%2Fwww.soundcu.com%2Fes%2Fopen-a-business-account%2F\">Cont\u00e1ctarnos<\/a><\/div>\t\t\t\t\t<\/div>\n\t\t\t\t\t\t\t<\/div>\n\t\t\t\t<\/div>\n\n\t<\/div>\n<\/div>\n\n\n<div class=\"co-flex_row co-flex_row__white co-flex_row__next_row_diff co-flex_row__long-form-text co-flex_row__next_row__multi-path-cta\" id=\"require\">\n\t<div class=\"co-flex_row--row co-row\">\n\t\t\t<div class=\"co-long_form\">\n\t\t\t\t<header class=\"co-intro_text\">\n\t\t\t<h2 class=\"co-intro_text--title\">Lo que necesitar\u00e1s<\/h2><div class=\"co-intro_text--intro\"><p>Tenga listos y anotados los siguientes elementos antes de comenzar.<\/p>\n<\/div>\t\t<\/header>\n\t\t\t\t<div class=\"co-long_form--block co-long_form--block__nomedia prow items-start\">\n\t\t\t\t<div class=\"co-long_form--text pcol-md:12\">\n\t\t\t\t\t<div class=\"co-long_form--content\"><h3 style=\"text-align: left;\">Requisitos<\/h3>\n<ul style=\"text-align: left;\">\n<li>Empresa registrada y ubicada en el estado de Washington.<\/li>\n<li>Empresa individual o sociedad de responsabilidad limitada de un solo miembro<sup>1<\/sup><\/li>\n<\/ul>\n<h3 style=\"text-align: left;\">Ten listos los siguientes elementos.<\/h3>\n<ul>\n<li style=\"text-align: left;\">N\u00famero de identificaci\u00f3n fiscal de la empresa<\/li>\n<li style=\"text-align: left;\">Documentaci\u00f3n para el registro de empresas<\/li>\n<li style=\"text-align: left;\">Su identificaci\u00f3n<\/li>\n<li style=\"text-align: left;\">N\u00famero de Seguro Social para partes relacionadas<\/li>\n<\/ul>\n<\/div>\t\t\t\t<\/div>\n\t\t\t\t\t\t\t<\/div>\n\t\t\t\t<\/div>\n\n\t<\/div>\n<\/div>\n\n\n<div class=\"co-flex_row co-flex_row__blue co-flex_row__multi-path-cta co-flex_row__next_row__back-to-top\" id=\"bizteam\">\n\t<div class=\"co-flex_row--row co-row\">\n\t\t\t<div class=\"co-mp_ctas\">\n\t\t\t\t<header class=\"co-intro_text\">\n\t\t\t<h2 class=\"co-intro_text--title\">Chatea con el Asistente Digital de Sound las 24 horas del d\u00eda, los 7 d\u00edas de la semana, desde el icono de chat en la esquina inferior derecha.<\/h2><div class=\"co-intro_text--intro\"><div class=\"small-text\">\n<p>\u00bfTienes preguntas o necesitas ayuda para abrir tu cuenta de empresa?<\/p>\n<\/div>\n<\/div>\t\t<\/header>\n\t\t\t<div class=\"co-mp_ctas--list prow justify-center\">\n\t\t\t\t\t\t\t\t\t\t\t<div class=\"co-mp_cta pcol-lg:4\">\n\t\t\t\t\t<div class=\"co-mp_cta--title\">\n\t\t\t\t\t\tConozca a nuestro equipo de banca empresarial.\t\t\t\t\t<\/div>\n\t\t\t\t\t<a class=\"co-mp_cta--link gtm-button\" href=\"https:\/\/www.soundcu.com\/es\/speed-bump\/?url=https%3A%2F%2Fwww.soundcu.com%2Fbusiness%2Fbanking-with-sound%2F%23team&#038;prev=https%3A%2F%2Fwww.soundcu.com%2Fes%2Fopen-a-business-account%2F\">Ponte en contacto<\/a>\t\t\t\t<\/div>\n\t\t\t\t\t\t\t\t\t\t\t<div class=\"co-mp_cta pcol-lg:4\">\n\t\t\t\t\t<div class=\"co-mp_cta--title\">\n\t\t\t\t\t\tVisita una sucursal local.\t\t\t\t\t<\/div>\n\t\t\t\t\t<a class=\"co-mp_cta--link gtm-button\" href=\"https:\/\/www.soundcu.com\/es\/speed-bump\/?url=https%3A%2F%2Fwww.soundcu.com%2Fbranches%2F&#038;prev=https%3A%2F%2Fwww.soundcu.com%2Fes%2Fopen-a-business-account%2F\">Encuentra una sucursal<\/a>\t\t\t\t<\/div>\n\t\t\t\t\t\t\t\t\t\t\t<div class=\"co-mp_cta pcol-lg:4\">\n\t\t\t\t\t<div class=\"co-mp_cta--title\">\n\t\t\t\t\t\tLl\u00e1menos\t\t\t\t\t<\/div>\n\t\t\t\t\t\t\t\t\t\t\t<div class=\"co-mp_cta--content\">\n\t\t\t\t\t\t\t<p><a href=\"tel:8005628130\">800.562.8130<\/a><\/p>\n\t\t\t\t\t\t<\/div>\n\t\t\t\t\t\t\t\t\t<\/div>\n\t\t\t\t\t<\/div>\n\t<\/div>\n\n\t<\/div>\n<\/div>\n\n\n<div class=\"co-flex_row co-flex_row__back-to-top co-flex_row__next_row__disclosures\" >\n\t<div class=\"co-flex_row--row co-row\">\n\t\t<div class=\"co-back-to-top\">\t\n  <a class=\"co-back-to-top--link js-scroll_link\" href=\"#\" aria-label=\"\">\n\t\t<img\n\t\t\tclass=\"co-back-to-top--arrow\"\n\t\t\tsrc=\"https:\/\/www.soundcu.com\/wp-content\/themes\/soundcu-theme\/images\/back_top.svg\"\n\t\t\talt=\"Back to Top Button\"\n\t\t\twidth=\"18.07\"\n\t\t\theight=\"23.169\"\n\t\t\tloading=\"lazy\"\n\t\t>\n\t  Volver arriba  <\/a>\n<\/div>\n\n\t<\/div>\n<\/div>\n\n\n<div class=\"co-flex_row co-flex_row__blue co-flex_row__last co-flex_row__disclosures\" >\n\t<div class=\"co-flex_row--row co-row\">\n\t\t\t<div class=\"co-disclosures\">\n\t\t<h2 class=\"co-disclosures--title\">Divulgaciones<\/h2>\n\t\t<div class=\"co-disclosures--content\">\n\t\t\t<div class=\"small-text\">\n<p>ASEGURADO FEDERALMENTE POR LA NCUA.<\/p>\n<p><sup>1<\/sup> La apertura de una cuenta comercial en l\u00ednea solo est\u00e1 disponible para nuevos miembros cuyos negocios sean empresas unipersonales o sociedades de responsabilidad limitada de un solo miembro. Si usted es un miembro comercial existente o su negocio tiene una estructura diferente, <a href=\"https:\/\/www.soundcu.com\/es\/business\/banking-with-sound\/#team\">Contacta con nuestro equipo de servicios empresariales.<\/a>.<\/p>\n<p>&nbsp;<\/p>\n<\/div>\n\t\t<\/div>\n\t<\/div>\n\n\t<\/div>\n<\/div>","protected":false},"excerpt":{"rendered":"","protected":false},"author":10,"featured_media":0,"parent":0,"menu_order":0,"comment_status":"closed","ping_status":"closed","template":"","meta":{"_acf_changed":false,"content-type":"","_searchwp_excluded":"","footnotes":""},"county":[],"class_list":["post-14982","page","type-page","status-publish","hentry"],"acf":[],"_links":{"self":[{"href":"https:\/\/www.soundcu.com\/es\/wp-json\/wp\/v2\/pages\/14982","targetHints":{"allow":["GET"]}}],"collection":[{"href":"https:\/\/www.soundcu.com\/es\/wp-json\/wp\/v2\/pages"}],"about":[{"href":"https:\/\/www.soundcu.com\/es\/wp-json\/wp\/v2\/types\/page"}],"author":[{"embeddable":true,"href":"https:\/\/www.soundcu.com\/es\/wp-json\/wp\/v2\/users\/10"}],"replies":[{"embeddable":true,"href":"https:\/\/www.soundcu.com\/es\/wp-json\/wp\/v2\/comments?post=14982"}],"version-history":[{"count":41,"href":"https:\/\/www.soundcu.com\/es\/wp-json\/wp\/v2\/pages\/14982\/revisions"}],"predecessor-version":[{"id":17787,"href":"https:\/\/www.soundcu.com\/es\/wp-json\/wp\/v2\/pages\/14982\/revisions\/17787"}],"wp:attachment":[{"href":"https:\/\/www.soundcu.com\/es\/wp-json\/wp\/v2\/media?parent=14982"}],"wp:term":[{"taxonomy":"county","embeddable":true,"href":"https:\/\/www.soundcu.com\/es\/wp-json\/wp\/v2\/county?post=14982"}],"curies":[{"name":"wp","href":"https:\/\/api.w.org\/{rel}","templated":true}]}}