{"id":17552,"date":"2026-03-31T10:00:00","date_gmt":"2026-03-31T17:00:00","guid":{"rendered":"https:\/\/www.soundcu.com\/?page_id=17552"},"modified":"2026-03-31T10:00:03","modified_gmt":"2026-03-31T17:00:03","slug":"business-digital-banking-update","status":"publish","type":"page","link":"https:\/\/www.soundcu.com\/es\/business\/online-banking\/business-digital-banking-update\/","title":{"rendered":"Actualizaci\u00f3n de banca digital para empresas"},"content":{"rendered":"<div class=\"co-flex_row co-flex_row__blue co-flex_row__page-hero co-flex_row__next_row__page-intro\" >\n\t<div class=\"co-flex_row--row co-row\">\n\t\t\t<header class=\"co-page_hero  co-page_hero__has_image\" aria-label=\"Header: Business Digital Banking Update\">\n\t\t<div class=\"co-page_hero--inner\">\n\t\t\t<div class=\"prow items-center\">\n\t\t\t\t\t\t\t\t\t<div class=\"co-page_hero--img_wrap pcol-lg:6 pcol-xl:7\">\n\t\t\t\t\t\t<div class=\"co-page_hero--mask\"><svg width=\"997.021\" height=\"609.682\" viewbox=\"0 0 997.021 609.682\"><defs><clippath id=\"svgPathHero\"><path d=\"M299.014.148H0V609.681H299.014c480.632.192,698.007-296.752,698.007-296.752C691.761-16.846,299.014.148,299.014.148\"\/><\/clippath><\/defs><image id=\"image_69ef348514e67\" xlink:href=\"https:\/\/www.soundcu.com\/files\/NextGen-997x610-2.jpg\" src=\"https:\/\/www.soundcu.com\/files\/NextGen-997x610-2.jpg\" clip-path=\"url(#svgPathHero)\"  alt=\"Woman at a desk smiling while using her laptop.\" \/><\/svg><\/div>\t\t\t\t\t<\/div>\n\t\t\t\t\t\t\t\t<div class=\"co-page_hero--text pcol-lg:6 pcol-xl:5\">\n\t\t\t\t\t\t\t\t\t\t<h1 class=\"co-page_hero--title\" >Actualizaci\u00f3n de banca digital para empresas<\/h1>\t\t\t\t\t<p class=\"co-page_hero--tagline\">Nueva experiencia de banca digital <\/p>\t\t\t\t<\/div>\n\t\t\t<\/div>\n\t\t<\/div>\n\t<\/header>\n\n\t<\/div>\n<\/div>\n\n\n<div class=\"co-flex_row co-flex_row__blue co-flex_row__page-intro co-flex_row__next_row__long-form-text\" >\n\t<div class=\"co-flex_row--row co-row\">\n\t\t\t<div class=\"co-page_intro\">\n\t\t<h2 class=\"co-page_intro--title\">La banca digital tiene una imagen totalmente renovada, y est\u00e1 mejor que nunca.<\/h2><div class=\"co-page_intro--desc\"><p style=\"text-align: center;\">Esta actualizaci\u00f3n proporciona una transici\u00f3n fluida entre la banca online para empresas y la banca m\u00f3vil, con una interfaz coherente y f\u00e1cil de usar.<\/p>\n<p style=\"text-align: center;\">Aqu\u00ed est\u00e1n algunos de los cambios.<\/p>\n<\/div>\t<\/div>\n\n\t<\/div>\n<\/div>\n\n\n<div class=\"co-flex_row co-flex_row__blue co-flex_row__next_row_diff co-flex_row__long-form-text co-flex_row__next_row__long-form-text\" >\n\t<div class=\"co-flex_row--row co-row\">\n\t\t\t<div class=\"co-long_form\">\n\t\t\t\t<header class=\"co-intro_text\">\n\t\t\t<h2 class=\"co-intro_text--title\">\u00bfQu\u00e9 ha cambiado en la banca online para empresas?<\/h2>\t\t<\/header>\n\t\t\t\t<div class=\"co-long_form--block prow items-start flex-row-reverse\">\n\t\t\t\t<div class=\"co-long_form--text pcol-md:7\">\n\t\t\t\t\t<div class=\"co-long_form--content\"><ul>\n<li><strong>Pesta\u00f1as de banca en l\u00ednea:<\/strong> Utilice estas diferentes pesta\u00f1as para navegar por los procesos disponibles dentro de la Banca en L\u00ednea.<br \/>\nNota: Solo los miembros de Cannabis ver\u00e1n la pesta\u00f1a &quot;Empyreal Cash Services&quot;.<\/li>\n<li><strong>Personaliza la pantalla de inicio:<\/strong> Esto permite a los usuarios editar su nombre dentro de la plataforma, acceder a sus preferencias o ocultar\/marcar como favoritos los widgets dentro de la pila de widgets.<\/li>\n<li><strong>Saludo Nombre:<\/strong> Puedes personalizar este nombre para ti o tu empresa. Todos los usuarios que inicien sesi\u00f3n tendr\u00e1n el mismo nombre de saludo.<\/li>\n<li><strong>Mensajes para ti:<\/strong> Aqu\u00ed se mostrar\u00e1n los mensajes sobre el pr\u00f3ximo mantenimiento. Si no hay mensajes, no aparecer\u00e1 nada en este espacio.<\/li>\n<li><strong>Aprobaciones:<\/strong> Esto se refiere a las aprobaciones secundarias de transacciones como transferencias ACH o transferencias bancarias.<\/li>\n<li><strong>Widgets de acci\u00f3n r\u00e1pida:<\/strong> Acceso r\u00e1pido a las funciones m\u00e1s utilizadas de la Banca Digital.<\/li>\n<li><strong>Widgets de cuenta:<\/strong> Todas las cuentas internas del usuario, incluidas las cuentas corrientes empresariales, las cuentas de ahorro empresariales, los pr\u00e9stamos y las inversiones.<\/li>\n<li><strong>Pila de widgets:<\/strong> Alberga todos los dem\u00e1s widgets.<\/li>\n<\/ul>\n<\/div>\t\t\t\t<\/div>\n\t\t\t\t\t\t\t\t\t<div class=\"co-long_form--media pcol-md:5 Image\">\n\t\t\t\t\t\t<div class=\"co-long_form--media_wrap\">\n\t\t\t\t\t\t\t<img loading=\"lazy\" decoding=\"async\" width=\"540\" height=\"330\" src=\"https:\/\/www.soundcu.com\/files\/BOLB-540x330.jpg\" class=\"co-long_form--image\" alt=\"\" srcset=\"https:\/\/www.soundcu.com\/files\/BOLB-540x330.jpg 540w, https:\/\/www.soundcu.com\/files\/BOLB-730x446.jpg 730w, https:\/\/www.soundcu.com\/files\/BOLB-768x469.jpg 768w, https:\/\/www.soundcu.com\/files\/BOLB-396x242.jpg 396w, https:\/\/www.soundcu.com\/files\/BOLB-997x610.jpg 997w, https:\/\/www.soundcu.com\/files\/BOLB-75x46.jpg 75w, https:\/\/www.soundcu.com\/files\/BOLB.jpg 1080w\" sizes=\"auto, (max-width: 540px) 100vw, 540px\" \/>\t\t\t\t\t\t\t\t\t\t\t\t\t\t\t<svg class=\"co-long_form--media__svg\" width=\"252.96\" height=\"86.432\" viewbox=\"0 0 252.96 86.432\"><g transform=\"translate(-992.041 -7954.568)\"><path d=\"M567.407,124.428c-77.494-74.559-170.562-30.665-250.487,0C396.429,151.611,495.98,196.666,567.407,124.428Z\" transform=\"translate(677.594 7871.189)\" fill=\"#71c4e8\"\/><path d=\"M452.635,105.62c-41.987-40.4-92.411-16.614-135.715,0C360,120.347,413.936,144.758,452.635,105.62Z\" transform=\"translate(675.121 7914.231)\" fill=\"#00205b\"\/><\/g><\/svg>\n\t\t\t\t\t\t\t\t\t\t\t\t\t<\/div>\n\t\t\t\t\t\t\t\t\t\t\t<\/div>\n\t\t\t\t\t\t\t<\/div>\n\t\t\t\t<\/div>\n\n\t<\/div>\n<\/div>\n\n\n<div class=\"co-flex_row co-flex_row__white co-flex_row__next_row_diff co-flex_row__long-form-text co-flex_row__next_row__accordions\" >\n\t<div class=\"co-flex_row--row co-row\">\n\t\t\t<div class=\"co-long_form\">\n\t\t\t\t<header class=\"co-intro_text\">\n\t\t\t<h2 class=\"co-intro_text--title\">\u00bfQu\u00e9 ha cambiado en la banca m\u00f3vil para empresas?<\/h2>\t\t<\/header>\n\t\t\t\t<div class=\"co-long_form--block co-long_form--block__nomedia prow items-start\">\n\t\t\t\t<div class=\"co-long_form--text pcol-md:8\">\n\t\t\t\t\t<div class=\"co-long_form--content\"><p style=\"text-align: left;\">Nuevas funciones:<\/p>\n<ul style=\"text-align: left;\">\n<li><strong>N\u00famero de cuenta<\/strong> \u2013 Se ha a\u00f1adido a la pantalla de detalles de la cuenta.<\/li>\n<li><strong>Botones de acci\u00f3n <\/strong>\u2013 <span data-teams=\"true\">Te permite enlazar r\u00e1pidamente con funciones, como <strong>Transferir y pagar<\/strong> y <strong>Recibe tu pago\u00a0<\/strong><\/span><\/li>\n<\/ul>\n<p style=\"text-align: left;\">Funcionalidades actualizadas:<\/p>\n<ul>\n<li style=\"text-align: left;\"><strong>Men\u00fas \u2013\u00a0<\/strong> \u201cEl men\u00fa \u201dM\u00e1s\u201d se ha actualizado para facilitar la b\u00fasqueda de elementos, incluyendo: <a href=\"https:\/\/www.soundcu.com\/es\/business\/services\/business-blog\/\">Centro de Recursos Empresariales<\/a><\/li>\n<\/ul>\n<\/div>\t\t\t\t<\/div>\n\t\t\t\t\t\t\t<\/div>\n\t\t\t\t\t\t<div class=\"co-long_form--block co-long_form--block__nomedia prow items-start\">\n\t\t\t\t<div class=\"co-long_form--text pcol-md:8\">\n\t\t\t\t\t<h3 class=\"co-long_form--headline\" >Vista previa de la banca m\u00f3vil para empresas<\/h3><div class=\"co-long_form--content\"><p><img loading=\"lazy\" decoding=\"async\" class=\"aligncenter wp-image-18396 size-full\" src=\"https:\/\/www.soundcu.com\/files\/Business-Mobile-scaled.jpg\" alt=\"Business Mobile Banking Screenshots\" width=\"2560\" height=\"1207\" srcset=\"https:\/\/www.soundcu.com\/files\/Business-Mobile-scaled.jpg 2560w, https:\/\/www.soundcu.com\/files\/Business-Mobile-540x255.jpg 540w, https:\/\/www.soundcu.com\/files\/Business-Mobile-730x344.jpg 730w, https:\/\/www.soundcu.com\/files\/Business-Mobile-768x362.jpg 768w, https:\/\/www.soundcu.com\/files\/Business-Mobile-1536x724.jpg 1536w, https:\/\/www.soundcu.com\/files\/Business-Mobile-2048x965.jpg 2048w, https:\/\/www.soundcu.com\/files\/Business-Mobile-396x187.jpg 396w, https:\/\/www.soundcu.com\/files\/Business-Mobile-997x470.jpg 997w, https:\/\/www.soundcu.com\/files\/Business-Mobile-75x35.jpg 75w\" sizes=\"auto, (max-width: 2560px) 100vw, 2560px\" \/><\/p>\n<\/div>\t\t\t\t<\/div>\n\t\t\t\t\t\t\t<\/div>\n\t\t\t\t<\/div>\n\n\t<\/div>\n<\/div>\n\n\n<div class=\"co-flex_row co-flex_row__blue co-flex_row__accordions co-flex_row__next_row__multi-path-cta\" >\n\t<div class=\"co-flex_row--row co-row\">\n\t\t\t<section class=\"co-accords_section\" aria-label=\"Preguntas frecuentes\">\n\t\t\t\t<header class=\"co-intro_text\">\n\t\t\t<h2 class=\"co-intro_text--title\">Preguntas frecuentes<\/h2>\t\t<\/header>\n\t\t\t<div class=\"co-accordion\" data-animation=\"on\" data-multi-items=\"on\">\n\t\t\t\t\t\t\t<div class=\"co-accordion--item\">\n\t\t\t\t\t<button\n\t\t\t\t\t\t\t\t\t\t\t\tclass=\"co-accordion--header\t\t\t\t\t\t\tjs-accord_toggle\t\t\t\t\t\t\tclosed\"\n\t\t\t\t\t>\n\t\t\t\t\t\t<span class=\"text-md\">\u00bfQu\u00e9 est\u00e1 cambiando?<\/span>\n\t\t\t\t\t\t<svg class=\"co-accordion--icon no-js:is-hidden\" viewbox=\"0 0 20 20\"><g class=\"icon__group\" fill=\"none\" stroke=\"currentColor\" stroke-linecap=\"round\" stroke-linejoin=\"round\"><line x1=\"3\" y1=\"3\" x2=\"17\" y2=\"17\"><\/line><line x1=\"17\" y1=\"3\" x2=\"3\" y2=\"17\"><\/line><\/g><\/svg>\n\t\t\t\t\t<\/button>\n\t\t\t\t\t<div class=\"co-accordion--panel\t\t\t\t\t\tjs-accord_content\">\n\t\t\t\t\t\t<p>Las interfaces de usuario (UI) de la banca en l\u00ednea y m\u00f3vil se han actualizado para ofrecer una experiencia mejorada con una navegaci\u00f3n optimizada, tiempos de carga m\u00e1s r\u00e1pidos y un dise\u00f1o m\u00e1s intuitivo.<\/p>\n\t\t\t\t\t<\/div>\n\t\t\t\t<\/div>\n\t\t\t\t\t\t\t<div class=\"co-accordion--item\">\n\t\t\t\t\t<button\n\t\t\t\t\t\t\t\t\t\t\t\tclass=\"co-accordion--header\t\t\t\t\t\t\tjs-accord_toggle\t\t\t\t\t\t\tclosed\"\n\t\t\t\t\t>\n\t\t\t\t\t\t<span class=\"text-md\">\u00bfHay algo que deba hacer para prepararme?<\/span>\n\t\t\t\t\t\t<svg class=\"co-accordion--icon no-js:is-hidden\" viewbox=\"0 0 20 20\"><g class=\"icon__group\" fill=\"none\" stroke=\"currentColor\" stroke-linecap=\"round\" stroke-linejoin=\"round\"><line x1=\"3\" y1=\"3\" x2=\"17\" y2=\"17\"><\/line><line x1=\"17\" y1=\"3\" x2=\"3\" y2=\"17\"><\/line><\/g><\/svg>\n\t\t\t\t\t<\/button>\n\t\t\t\t\t<div class=\"co-accordion--panel\t\t\t\t\t\tjs-accord_content\">\n\t\t\t\t\t\t<p>No es necesario que hagas nada. La actualizaci\u00f3n se realizar\u00e1 autom\u00e1ticamente y tus credenciales de inicio de sesi\u00f3n y la informaci\u00f3n de tu cuenta se conservar\u00e1n. Una vez finalizada la actualizaci\u00f3n, simplemente inicia sesi\u00f3n como de costumbre y empieza a disfrutar de la nueva experiencia.<\/p>\n\t\t\t\t\t<\/div>\n\t\t\t\t<\/div>\n\t\t\t\t\t\t\t<div class=\"co-accordion--item\">\n\t\t\t\t\t<button\n\t\t\t\t\t\t\t\t\t\t\t\tclass=\"co-accordion--header\t\t\t\t\t\t\tjs-accord_toggle\t\t\t\t\t\t\tclosed\"\n\t\t\t\t\t>\n\t\t\t\t\t\t<span class=\"text-md\">\u00bfSeguir\u00e1n funcionando los nombres de usuario y contrase\u00f1as actuales?<\/span>\n\t\t\t\t\t\t<svg class=\"co-accordion--icon no-js:is-hidden\" viewbox=\"0 0 20 20\"><g class=\"icon__group\" fill=\"none\" stroke=\"currentColor\" stroke-linecap=\"round\" stroke-linejoin=\"round\"><line x1=\"3\" y1=\"3\" x2=\"17\" y2=\"17\"><\/line><line x1=\"17\" y1=\"3\" x2=\"3\" y2=\"17\"><\/line><\/g><\/svg>\n\t\t\t\t\t<\/button>\n\t\t\t\t\t<div class=\"co-accordion--panel\t\t\t\t\t\tjs-accord_content\">\n\t\t\t\t\t\t<p>S\u00ed, los nombres de usuario y las contrase\u00f1as permanecen sin cambios. Puedes seguir iniciando sesi\u00f3n como de costumbre.<\/p>\n\t\t\t\t\t<\/div>\n\t\t\t\t<\/div>\n\t\t\t\t\t<\/div>\n\t\t\t<\/section>\n\n\t<\/div>\n<\/div>\n\n\n<div class=\"co-flex_row co-flex_row__blue co-flex_row__last co-flex_row__multi-path-cta\" >\n\t<div class=\"co-flex_row--row co-row\">\n\t\t\t<div class=\"co-mp_ctas\">\n\t\t\t\t<header class=\"co-intro_text\">\n\t\t\t<h2 class=\"co-intro_text--title\">\u00bfNo tienes banca online ni m\u00f3vil?<\/h2><div class=\"co-intro_text--intro\"><p>Inscribirse solo lleva unos minutos.<\/p>\n<\/div>\t\t<\/header>\n\t\t\t<div class=\"co-mp_ctas--list prow justify-center\">\n\t\t\t\t\t\t\t\t\t\t\t<div class=\"co-mp_cta pcol-lg:4\">\n\t\t\t\t\t<div class=\"co-mp_cta--title\">\n\t\t\t\t\t\tDescarga la aplicaci\u00f3n m\u00f3vil de Sound\t\t\t\t\t<\/div>\n\t\t\t\t\t\t\t\t\t\t\t<div class=\"co-mp_cta--content\">\n\t\t\t\t\t\t\t<p><a href=\"https:\/\/itunes.apple.com\/us\/app\/sound-cu-mobile-di\/id1337160161?ls=1&amp;mt=8\" rel=\"noopener\">Descargar para iOS<\/a><\/p>\n<p><a href=\"https:\/\/play.google.com\/store\/apps\/details?id=com.digitalinsight.cma.fiid01655\" rel=\"noopener\">Descargar para Android<\/a><\/p>\n\t\t\t\t\t\t<\/div>\n\t\t\t\t\t\t\t\t\t<\/div>\n\t\t\t\t\t\t\t\t\t\t\t<div class=\"co-mp_cta pcol-lg:4\">\n\t\t\t\t\t<div class=\"co-mp_cta--title\">\n\t\t\t\t\t\tInscr\u00edbase en la banca en l\u00ednea. \t\t\t\t\t<\/div>\n\t\t\t\t\t<a class=\"co-mp_cta--link gtm-button\" href=\"https:\/\/www.soundcu.com\/es\/speed-bump\/?url=https%3A%2F%2Fwww.soundcu.com%2Fpersonal%2Fonline-banking%2Fenroll%2F&#038;prev=https%3A%2F%2Fwww.soundcu.com%2Fes%2Fbusiness%2Fonline-banking%2Fbusiness-digital-banking-update%2F\">Comience<\/a>\t\t\t\t<\/div>\n\t\t\t\t\t<\/div>\n\t<\/div>\n\n\t<\/div>\n<\/div>","protected":false},"excerpt":{"rendered":"","protected":false},"author":11,"featured_media":0,"parent":2383,"menu_order":0,"comment_status":"closed","ping_status":"closed","template":"","meta":{"_acf_changed":false,"content-type":"","_searchwp_excluded":"","footnotes":""},"county":[],"class_list":["post-17552","page","type-page","status-publish","hentry"],"acf":[],"_links":{"self":[{"href":"https:\/\/www.soundcu.com\/es\/wp-json\/wp\/v2\/pages\/17552","targetHints":{"allow":["GET"]}}],"collection":[{"href":"https:\/\/www.soundcu.com\/es\/wp-json\/wp\/v2\/pages"}],"about":[{"href":"https:\/\/www.soundcu.com\/es\/wp-json\/wp\/v2\/types\/page"}],"author":[{"embeddable":true,"href":"https:\/\/www.soundcu.com\/es\/wp-json\/wp\/v2\/users\/11"}],"replies":[{"embeddable":true,"href":"https:\/\/www.soundcu.com\/es\/wp-json\/wp\/v2\/comments?post=17552"}],"version-history":[{"count":29,"href":"https:\/\/www.soundcu.com\/es\/wp-json\/wp\/v2\/pages\/17552\/revisions"}],"predecessor-version":[{"id":18577,"href":"https:\/\/www.soundcu.com\/es\/wp-json\/wp\/v2\/pages\/17552\/revisions\/18577"}],"up":[{"embeddable":true,"href":"https:\/\/www.soundcu.com\/es\/wp-json\/wp\/v2\/pages\/2383"}],"wp:attachment":[{"href":"https:\/\/www.soundcu.com\/es\/wp-json\/wp\/v2\/media?parent=17552"}],"wp:term":[{"taxonomy":"county","embeddable":true,"href":"https:\/\/www.soundcu.com\/es\/wp-json\/wp\/v2\/county?post=17552"}],"curies":[{"name":"wp","href":"https:\/\/api.w.org\/{rel}","templated":true}]}}