{"id":18687,"date":"2026-05-01T09:00:00","date_gmt":"2026-05-01T16:00:00","guid":{"rendered":"https:\/\/www.soundcu.com\/?page_id=18687"},"modified":"2026-04-22T11:09:30","modified_gmt":"2026-04-22T18:09:30","slug":"fugate-ford-discounted-loan-rate","status":"publish","type":"page","link":"https:\/\/www.soundcu.com\/es\/fugate-ford-discounted-loan-rate\/","title":{"rendered":"Tasa de inter\u00e9s de pr\u00e9stamo con descuento de Fugate Ford"},"content":{"rendered":"<div class=\"co-flex_row co-flex_row__blue co-flex_row__page-hero co-flex_row__next_row__page-intro\" >\n\t<div class=\"co-flex_row--row co-row\">\n\t\t\t<header class=\"co-page_hero  co-page_hero__has_image\" aria-label=\"Encabezado: Tasa de inter\u00e9s de pr\u00e9stamo con descuento de Fugate Ford\">\n\t\t<div class=\"co-page_hero--inner\">\n\t\t\t<div class=\"prow items-center\">\n\t\t\t\t\t\t\t\t\t<div class=\"co-page_hero--img_wrap pcol-lg:6 pcol-xl:7\">\n\t\t\t\t\t\t<div class=\"co-page_hero--mask\"><svg width=\"997.021\" height=\"609.682\" viewbox=\"0 0 997.021 609.682\"><defs><clippath id=\"svgPathHero\"><path d=\"M299.014.148H0V609.681H299.014c480.632.192,698.007-296.752,698.007-296.752C691.761-16.846,299.014.148,299.014.148\"\/><\/clippath><\/defs><image id=\"image_69f8d8dc39041\" xlink:href=\"https:\/\/www.soundcu.com\/files\/iStock-2190089371_997x610.jpg\" src=\"https:\/\/www.soundcu.com\/files\/iStock-2190089371_997x610.jpg\" clip-path=\"url(#svgPathHero)\"  alt=\"A couple looking inside a new car at the dealership.\" \/><\/svg><\/div>\t\t\t\t\t<\/div>\n\t\t\t\t\t\t\t\t<div class=\"co-page_hero--text pcol-lg:6 pcol-xl:5\">\n\t\t\t\t\t\t\t\t\t\t<h1 class=\"co-page_hero--title\" >Tasa de inter\u00e9s de pr\u00e9stamo con descuento de Fugate Ford<\/h1>\t\t\t\t\t<p class=\"co-page_hero--tagline\">Compra tu coche con Fugate Ford para ahorrar<\/p>\t\t\t\t\t\t<div class=\"co-page_hero--buttons\">\n\t\t\t\t\t\t\t<a class=\"co-page_hero--button gtm-button\" href=\"https:\/\/app.loanspq.com\/vl\/VehicleLoan.aspx?enc=Kw21Wblm1yxpjJabdoZaDy5ozwngYxk5LnQg16INsUZZh2F8bIV9A51AuMKp8ohTrO59JWH8HQeI9q8evEGBIg&#038;_gl=1*sj3uz4*_gcl_au*MTYxODk3MDc0OC4xNzMwNzQ0NjYw*_ga*MTY1MjUzOTUxMy4xNjk1ODQ1NDUw*_ga_FR6440DWJ8*MTczMTYxNTY2Ny42MC4xLjE3MzE2MTg1MTkuNjAuMC4w&#038;_ga=2.268547121.1533033465.1731444742-1652539513.1695845450\" rel=\"noopener\">\u00a1Solicita hoy mismo!<\/a>\t\t\t\t\t\t<\/div>\n\t\t\t\t\t\t\t\t\t\t<\/div>\n\t\t\t<\/div>\n\t\t<\/div>\n\t<\/header>\n\n\t<\/div>\n<\/div>\n\n\n<div class=\"co-flex_row co-flex_row__blue co-flex_row__page-intro co-flex_row__next_row__disclosures\" >\n\t<div class=\"co-flex_row--row co-row\">\n\t\t\t<div class=\"co-page_intro\">\n\t\t<div class=\"co-page_intro--desc\"><p style=\"text-align: left;\">Nos hemos asociado con <a href=\"https:\/\/www.fugateford.net\/\" rel=\"noopener\">Fugate Ford<\/a> En Enumclaw, ofrecer\u00e1n a sus miembros un descuento en la compra de veh\u00edculos en su concesionario. Si busca un auto, camioneta o SUV nuevo o usado, ahora es un excelente momento para comprar.<\/p>\n<p style=\"text-align: left;\">Consulta estas ofertas para ahorrar dinero, con tasas tan bajas como:<\/p>\n<ul style=\"text-align: left;\">\n<li style=\"list-style-type: none;\">\n<ul>\n<li style=\"list-style-type: none;\">\n<ul>\n<li style=\"text-align: left;\">3,79% TAE durante un m\u00e1ximo de 36 meses<\/li>\n<li style=\"text-align: left;\">Faltan 90 d\u00edas para que venza el primer pago.<\/li>\n<\/ul>\n<\/li>\n<\/ul>\n<\/li>\n<\/ul>\n<p style=\"text-align: left;\">Taller de coches en <a href=\"https:\/\/www.fugateford.net\/\" rel=\"noopener\">Fugate Ford<\/a> \u00a1Hoy! La oferta finaliza el 31 de mayo de 2026.<\/p>\n<p style=\"text-align: left;\"><span class=\"co-button\"><a href=\"https:\/\/app.loanspq.com\/vl\/VehicleLoan.aspx?enc=Kw21Wblm1yxpjJabdoZaDy5ozwngYxk5LnQg16INsUZZh2F8bIV9A51AuMKp8ohTrO59JWH8HQeI9q8evEGBIg&amp;_gl=1*sj3uz4*_gcl_au*MTYxODk3MDc0OC4xNzMwNzQ0NjYw*_ga*MTY1MjUzOTUxMy4xNjk1ODQ1NDUw*_ga_FR6440DWJ8*MTczMTYxNTY2Ny42MC4xLjE3MzE2MTg1MTkuNjAuMC4w&amp;_ga=2.268547121.1533033465.1731444742-1652539513.1695845450\" target=\"_blank\" rel=\"noopener\">\u00a1Solicita hoy mismo!<\/a><\/span><\/p>\n<\/div>\t<\/div>\n\n\t<\/div>\n<\/div>\n\n\n<div class=\"co-flex_row co-flex_row__blue co-flex_row__last co-flex_row__disclosures\" >\n\t<div class=\"co-flex_row--row co-row\">\n\t\t\t<div class=\"co-disclosures\">\n\t\t<h2 class=\"co-disclosures--title\">Divulgaciones<\/h2>\n\t\t<div class=\"co-disclosures--content\">\n\t\t\t<div class=\"small-text\">\n<p>La TAE y el plazo est\u00e1n sujetos a la aprobaci\u00f3n de cr\u00e9dito a trav\u00e9s de Sound Credit Union. Tasa especial desde 3.79% TAE hasta 36 meses para prestatarios calificados. Los intereses comienzan a acumularse en la fecha del contrato, independientemente de la fecha de vencimiento del primer pago. Las ofertas, tasas y cargos est\u00e1n sujetos a cambios sin previo aviso. Hable con un representante de Sound para obtener detalles completos. Se puede agregar un cargo por documentaci\u00f3n de $200 al precio de compra o al costo capitalizado de su veh\u00edculo. Adem\u00e1s, los cargos por licencia e impuestos. El veh\u00edculo debe ser del a\u00f1o modelo 2015 o posterior con menos de 150,000 millas. Pr\u00e9stamo de hasta 125% del MSRP o 125% del valor minorista m\u00e1s impuestos, t\u00edtulo y cargos. El aplazamiento de pago de 90 d\u00edas requiere pago autom\u00e1tico. Se requiere ser miembro con una cuenta de ahorros en Sound Credit Union para participar. Todos los residentes de Washington son bienvenidos. Asegurado por la NCUA. Ejemplo de pago: Un pr\u00e9stamo de $40,000 con una TAE del 3.791% requiere 36 pagos mensuales de aproximadamente $1284. Esta oferta no se puede combinar con ninguna otra promoci\u00f3n o descuento. La oferta vence el 31 de mayo de 2026.<\/p>\n<\/div>\n\t\t<\/div>\n\t<\/div>\n\n\t<\/div>\n<\/div>","protected":false},"excerpt":{"rendered":"","protected":false},"author":13,"featured_media":0,"parent":0,"menu_order":0,"comment_status":"closed","ping_status":"closed","template":"","meta":{"_acf_changed":false,"content-type":"","_searchwp_excluded":"","footnotes":""},"county":[],"class_list":["post-18687","page","type-page","status-publish","hentry"],"acf":[],"_links":{"self":[{"href":"https:\/\/www.soundcu.com\/es\/wp-json\/wp\/v2\/pages\/18687","targetHints":{"allow":["GET"]}}],"collection":[{"href":"https:\/\/www.soundcu.com\/es\/wp-json\/wp\/v2\/pages"}],"about":[{"href":"https:\/\/www.soundcu.com\/es\/wp-json\/wp\/v2\/types\/page"}],"author":[{"embeddable":true,"href":"https:\/\/www.soundcu.com\/es\/wp-json\/wp\/v2\/users\/13"}],"replies":[{"embeddable":true,"href":"https:\/\/www.soundcu.com\/es\/wp-json\/wp\/v2\/comments?post=18687"}],"version-history":[{"count":6,"href":"https:\/\/www.soundcu.com\/es\/wp-json\/wp\/v2\/pages\/18687\/revisions"}],"predecessor-version":[{"id":18701,"href":"https:\/\/www.soundcu.com\/es\/wp-json\/wp\/v2\/pages\/18687\/revisions\/18701"}],"wp:attachment":[{"href":"https:\/\/www.soundcu.com\/es\/wp-json\/wp\/v2\/media?parent=18687"}],"wp:term":[{"taxonomy":"county","embeddable":true,"href":"https:\/\/www.soundcu.com\/es\/wp-json\/wp\/v2\/county?post=18687"}],"curies":[{"name":"wp","href":"https:\/\/api.w.org\/{rel}","templated":true}]}}