{"id":2314,"date":"2023-08-14T18:12:35","date_gmt":"2023-08-15T01:12:35","guid":{"rendered":"https:\/\/www.soundcu.com\/personal\/"},"modified":"2024-06-12T14:47:33","modified_gmt":"2024-06-12T21:47:33","slug":"personal","status":"publish","type":"page","link":"https:\/\/www.soundcu.com\/es\/personal\/","title":{"rendered":"Personal"},"content":{"rendered":"<div class=\"co-flex_row co-flex_row__blue co-flex_row__minimal-hero co-flex_row__next_row__columns\" >\n\t<div class=\"co-flex_row--row co-row\">\n\t\t\t<header class=\"co-page_hero co-page_minimalHero co-page_hero__no_image\" aria-label=\"Encabezado: Cuentas y servicios personales\">\n\t\t<div class=\"co-page_hero--inner\">\n\t\t\t<div class=\"prow items-center\">\n\t\t\t\t<div class=\"co-page_hero--text\">\n\t\t\t\t\t<h1 class=\"co-page_hero--title\" >Cuentas y servicios personales<\/h1>\t\t\t\t\t<p class=\"co-page_hero--tagline\">Cuentas, tarjetas y servicios para particulares y familias.<\/p>\t\t\t\t<\/div>\n\t\t\t<\/div>\n\t\t<\/div>\n\t<\/header>\n\n\t<\/div>\n<\/div>\n\n\n<div class=\"co-flex_row co-flex_row__blue co-flex_row__last co-flex_row__columns\" >\n\t<div class=\"co-flex_row--row co-row\">\n\t\t\t<div class=\"co-columns\">\n\t\t\t\t\t<div class=\"co-columns--row prow prow-md:2 prow-lg:4 co-columns--row__images justify-center\">\n\t\t\t\t\t\t\t\t\t<div class=\"co-columns--box\">\n\t\t\t\t\t\t<img loading=\"lazy\" decoding=\"async\" width=\"730\" height=\"447\" src=\"https:\/\/www.soundcu.com\/files\/iStock_000019298394_778x476-730x447.jpg\" class=\"co-columns--box_image\" alt=\"couple canoeing on a lake\" srcset=\"https:\/\/www.soundcu.com\/files\/iStock_000019298394_778x476-730x447.jpg 730w, https:\/\/www.soundcu.com\/files\/iStock_000019298394_778x476-540x330.jpg 540w, https:\/\/www.soundcu.com\/files\/iStock_000019298394_778x476-768x470.jpg 768w, https:\/\/www.soundcu.com\/files\/iStock_000019298394_778x476-396x242.jpg 396w, https:\/\/www.soundcu.com\/files\/iStock_000019298394_778x476-75x46.jpg 75w, https:\/\/www.soundcu.com\/files\/iStock_000019298394_778x476.jpg 778w\" sizes=\"auto, (max-width: 730px) 100vw, 730px\" \/><h2 class=\"co-columns--box_headline\" >Cuentas corrientes<\/h2><div class=\"co-columns--box_desc\"><p>Las cuentas corrientes de Sound ofrecen f\u00e1cil acceso a tu dinero, adem\u00e1s de un mont\u00f3n de ventajas gratuitas.<\/p>\n<\/div><div class=\"co-columns--box_button\"><a class=\"co-columns--button co-button gtm-button\" href=\"\/es\/personal\/checking\/\"  >De cheques<\/a><\/div>\t\t\t\t\t<\/div>\n\t\t\t\t\t\t\t\t\t<div class=\"co-columns--box\">\n\t\t\t\t\t\t<img loading=\"lazy\" decoding=\"async\" width=\"730\" height=\"447\" src=\"https:\/\/www.soundcu.com\/files\/iStock-614146768_778x476-730x447.jpg\" class=\"co-columns--box_image\" alt=\"couple taking selfie on mountain top at sunrise\" srcset=\"https:\/\/www.soundcu.com\/files\/iStock-614146768_778x476-730x447.jpg 730w, https:\/\/www.soundcu.com\/files\/iStock-614146768_778x476-540x330.jpg 540w, https:\/\/www.soundcu.com\/files\/iStock-614146768_778x476-768x470.jpg 768w, https:\/\/www.soundcu.com\/files\/iStock-614146768_778x476-396x242.jpg 396w, https:\/\/www.soundcu.com\/files\/iStock-614146768_778x476-75x46.jpg 75w, https:\/\/www.soundcu.com\/files\/iStock-614146768_778x476.jpg 778w\" sizes=\"auto, (max-width: 730px) 100vw, 730px\" \/><h2 class=\"co-columns--box_headline\" >Tarjetas de cr\u00e9dito<\/h2><div class=\"co-columns--box_desc\"><p>Tarjetas de cr\u00e9dito que te hacen la vida m\u00e1s f\u00e1cil, y tal vez incluso te hacen un poco m\u00e1s rico.<\/p>\n<\/div><div class=\"co-columns--box_button\"><a class=\"co-columns--button co-button gtm-button\" href=\"\/es\/personal\/credit-cards\/\"  >Tarjetas de cr\u00e9dito<\/a><\/div>\t\t\t\t\t<\/div>\n\t\t\t\t\t\t\t\t\t<div class=\"co-columns--box\">\n\t\t\t\t\t\t<img loading=\"lazy\" decoding=\"async\" width=\"730\" height=\"447\" src=\"https:\/\/www.soundcu.com\/files\/iStock-1331288336_778x476-730x447.jpg\" class=\"co-columns--box_image\" alt=\"Car shopper sitting in a white sedan on showroom floor\" srcset=\"https:\/\/www.soundcu.com\/files\/iStock-1331288336_778x476-730x447.jpg 730w, https:\/\/www.soundcu.com\/files\/iStock-1331288336_778x476-540x330.jpg 540w, https:\/\/www.soundcu.com\/files\/iStock-1331288336_778x476-768x470.jpg 768w, https:\/\/www.soundcu.com\/files\/iStock-1331288336_778x476-396x242.jpg 396w, https:\/\/www.soundcu.com\/files\/iStock-1331288336_778x476-75x46.jpg 75w, https:\/\/www.soundcu.com\/files\/iStock-1331288336_778x476.jpg 778w\" sizes=\"auto, (max-width: 730px) 100vw, 730px\" \/><h2 class=\"co-columns--box_headline\" >Pr\u00e9stamos para autom\u00f3viles<\/h2><div class=\"co-columns--box_desc\"><p>Pr\u00e9stamos para autom\u00f3viles para residentes de Washington. \u00a1La aventura te espera!<\/p>\n<\/div><div class=\"co-columns--box_button\"><a class=\"co-columns--button co-button gtm-button\" href=\"\/es\/personal\/auto-loans\/car-buying\/get-an-auto-loan\/\"  >Pr\u00e9stamos para autom\u00f3viles<\/a><\/div>\t\t\t\t\t<\/div>\n\t\t\t\t\t\t\t\t\t<div class=\"co-columns--box\">\n\t\t\t\t\t\t<img loading=\"lazy\" decoding=\"async\" width=\"730\" height=\"447\" src=\"https:\/\/www.soundcu.com\/files\/iStock-1300996081_778x476-730x447.jpg\" class=\"co-columns--box_image\" alt=\"how do high-yield savings accounts work\" srcset=\"https:\/\/www.soundcu.com\/files\/iStock-1300996081_778x476-730x447.jpg 730w, https:\/\/www.soundcu.com\/files\/iStock-1300996081_778x476-540x330.jpg 540w, https:\/\/www.soundcu.com\/files\/iStock-1300996081_778x476-768x470.jpg 768w, https:\/\/www.soundcu.com\/files\/iStock-1300996081_778x476-396x242.jpg 396w, https:\/\/www.soundcu.com\/files\/iStock-1300996081_778x476-75x46.jpg 75w, https:\/\/www.soundcu.com\/files\/iStock-1300996081_778x476.jpg 778w\" sizes=\"auto, (max-width: 730px) 100vw, 730px\" \/><h2 class=\"co-columns--box_headline\" >Banca m\u00f3vil<\/h2><div class=\"co-columns--box_desc\"><p>Deposita cheques, paga facturas, transfiere fondos, desde cualquier dispositivo.<\/p>\n<\/div><div class=\"co-columns--box_button\"><a class=\"co-columns--button co-button gtm-button\" href=\"\/es\/personal\/mobile-banking\/\"  >Banca m\u00f3vil<\/a><\/div>\t\t\t\t\t<\/div>\n\t\t\t\t\t\t\t<\/div>\n\t\t\t\t<\/div>\n\n\t<\/div>\n<\/div>","protected":false},"excerpt":{"rendered":"","protected":false},"author":9,"featured_media":0,"parent":0,"menu_order":0,"comment_status":"closed","ping_status":"closed","template":"","meta":{"_acf_changed":false,"content-type":"","_searchwp_excluded":"","footnotes":""},"county":[],"class_list":["post-2314","page","type-page","status-publish","hentry"],"acf":[],"_links":{"self":[{"href":"https:\/\/www.soundcu.com\/es\/wp-json\/wp\/v2\/pages\/2314","targetHints":{"allow":["GET"]}}],"collection":[{"href":"https:\/\/www.soundcu.com\/es\/wp-json\/wp\/v2\/pages"}],"about":[{"href":"https:\/\/www.soundcu.com\/es\/wp-json\/wp\/v2\/types\/page"}],"author":[{"embeddable":true,"href":"https:\/\/www.soundcu.com\/es\/wp-json\/wp\/v2\/users\/9"}],"replies":[{"embeddable":true,"href":"https:\/\/www.soundcu.com\/es\/wp-json\/wp\/v2\/comments?post=2314"}],"version-history":[{"count":2,"href":"https:\/\/www.soundcu.com\/es\/wp-json\/wp\/v2\/pages\/2314\/revisions"}],"predecessor-version":[{"id":11854,"href":"https:\/\/www.soundcu.com\/es\/wp-json\/wp\/v2\/pages\/2314\/revisions\/11854"}],"wp:attachment":[{"href":"https:\/\/www.soundcu.com\/es\/wp-json\/wp\/v2\/media?parent=2314"}],"wp:term":[{"taxonomy":"county","embeddable":true,"href":"https:\/\/www.soundcu.com\/es\/wp-json\/wp\/v2\/county?post=2314"}],"curies":[{"name":"wp","href":"https:\/\/api.w.org\/{rel}","templated":true}]}}