{"id":2328,"date":"2023-08-14T18:12:38","date_gmt":"2023-08-15T01:12:38","guid":{"rendered":"https:\/\/www.soundcu.com\/personal\/home-loans\/"},"modified":"2025-11-20T08:28:19","modified_gmt":"2025-11-20T16:28:19","slug":"home-loans","status":"publish","type":"page","link":"https:\/\/www.soundcu.com\/es\/personal\/home-loans\/","title":{"rendered":"Pr\u00e9stamos para vivienda"},"content":{"rendered":"<div class=\"co-flex_row co-flex_row__white co-flex_row__next_row_diff co-flex_row__page-hero co-flex_row__next_row__columns\" >\n\t<div class=\"co-flex_row--row co-row\">\n\t\t\t<header class=\"co-page_hero  co-page_hero__no_image\" aria-label=\"Encabezado: \u00a1Solicita hoy mismo!\">\n\t\t<div class=\"co-page_hero--inner\">\n\t\t\t<div class=\"prow items-center\">\n\t\t\t\t\t\t\t\t<div class=\"co-page_hero--text\">\n\t\t\t\t\t\t\t\t\t\t\t<h1 class=\"co-page_hero--sup_heading\">\n\t\t\t\t\t\t\tPr\u00e9stamos hipotecarios en Washington\t\t\t\t\t\t<\/h1>\n\t\t\t\t\t\t\t\t\t\t<h2 class=\"co-page_hero--title\" >\u00a1Solicita hoy mismo!<\/h2>\t\t\t\t\t<p class=\"co-page_hero--tagline\">Ya sea para una nueva compra, una refinanciaci\u00f3n o un pr\u00e9stamo con garant\u00eda hipotecaria, Sound tiene pr\u00e9stamos dise\u00f1ados a su medida.<\/p>\t\t\t\t<\/div>\n\t\t\t<\/div>\n\t\t<\/div>\n\t<\/header>\n\n\t<\/div>\n<\/div>\n\n\n<div class=\"co-flex_row co-flex_row__blue co-flex_row__last co-flex_row__columns\" >\n\t<div class=\"co-flex_row--row co-row\">\n\t\t\t<div class=\"co-columns\">\n\t\t\t\t\t<div class=\"co-columns--row prow prow-md:2 prow-lg:3 co-columns--row__images justify-center\">\n\t\t\t\t\t\t\t\t\t<div class=\"co-columns--box\">\n\t\t\t\t\t\t<img loading=\"lazy\" decoding=\"async\" width=\"730\" height=\"447\" src=\"https:\/\/www.soundcu.com\/files\/familiy-730x447.jpg\" class=\"co-columns--box_image\" alt=\"home loans\" srcset=\"https:\/\/www.soundcu.com\/files\/familiy-730x447.jpg 730w, https:\/\/www.soundcu.com\/files\/familiy-540x330.jpg 540w, https:\/\/www.soundcu.com\/files\/familiy-768x470.jpg 768w, https:\/\/www.soundcu.com\/files\/familiy-396x242.jpg 396w, https:\/\/www.soundcu.com\/files\/familiy-75x46.jpg 75w, https:\/\/www.soundcu.com\/files\/familiy.jpg 778w\" sizes=\"auto, (max-width: 730px) 100vw, 730px\" \/><h2 class=\"co-columns--box_headline\" >Pr\u00e9stamos para vivienda<\/h2><div class=\"co-columns--box_desc\"><p>Hipoteca la compra de tu nueva casa.<\/p>\n<\/div><div class=\"co-columns--box_button\"><a class=\"co-columns--button co-button gtm-button\" href=\"https:\/\/www.soundcu.com\/es\/speed-bump\/?url=https%3A%2F%2Fwww.soundcu.com%2Fpersonal%2Fhome-loans%2Fbuy%2F&#038;prev=https%3A%2F%2Fwww.soundcu.com%2Fes%2Fpersonal%2Fhome-loans%2F\"  >Obt\u00e9n un pr\u00e9stamo hipotecario<\/a><\/div>\t\t\t\t\t<\/div>\n\t\t\t\t\t\t\t\t\t<div class=\"co-columns--box\">\n\t\t\t\t\t\t<img loading=\"lazy\" decoding=\"async\" width=\"730\" height=\"447\" src=\"https:\/\/www.soundcu.com\/files\/iStock-1947558030_778x476-730x447.jpg\" class=\"co-columns--box_image\" alt=\"confident and happy young man at home wearing a cardigan\" srcset=\"https:\/\/www.soundcu.com\/files\/iStock-1947558030_778x476-730x447.jpg 730w, https:\/\/www.soundcu.com\/files\/iStock-1947558030_778x476-540x330.jpg 540w, https:\/\/www.soundcu.com\/files\/iStock-1947558030_778x476-768x470.jpg 768w, https:\/\/www.soundcu.com\/files\/iStock-1947558030_778x476-396x242.jpg 396w, https:\/\/www.soundcu.com\/files\/iStock-1947558030_778x476-75x46.jpg 75w, https:\/\/www.soundcu.com\/files\/iStock-1947558030_778x476.jpg 778w\" sizes=\"auto, (max-width: 730px) 100vw, 730px\" \/><h2 class=\"co-columns--box_headline\" >Refinancia tu hipoteca<\/h2><div class=\"co-columns--box_desc\"><p>Traiga su pr\u00e9stamo hipotecario a Sound y ahorre dinero.<\/p>\n<\/div><div class=\"co-columns--box_button\"><a class=\"co-columns--button co-button gtm-button\" href=\"https:\/\/www.soundcu.com\/es\/speed-bump\/?url=https%3A%2F%2Fwww.soundcu.com%2Fpersonal%2Fhome-loans%2Frefinance%2F&#038;prev=https%3A%2F%2Fwww.soundcu.com%2Fes%2Fpersonal%2Fhome-loans%2F\"  >Refinanciar<\/a><\/div>\t\t\t\t\t<\/div>\n\t\t\t\t\t\t\t\t\t<div class=\"co-columns--box\">\n\t\t\t\t\t\t<img loading=\"lazy\" decoding=\"async\" width=\"730\" height=\"447\" src=\"https:\/\/www.soundcu.com\/files\/window-730x447.jpg\" class=\"co-columns--box_image\" alt=\"mother and child in window\" srcset=\"https:\/\/www.soundcu.com\/files\/window-730x447.jpg 730w, https:\/\/www.soundcu.com\/files\/window-540x330.jpg 540w, https:\/\/www.soundcu.com\/files\/window-768x470.jpg 768w, https:\/\/www.soundcu.com\/files\/window-396x242.jpg 396w, https:\/\/www.soundcu.com\/files\/window-75x46.jpg 75w, https:\/\/www.soundcu.com\/files\/window.jpg 778w\" sizes=\"auto, (max-width: 730px) 100vw, 730px\" \/><h2 class=\"co-columns--box_headline\" >Pr\u00e9stamos con garant\u00eda hipotecaria<\/h2><div class=\"co-columns--box_desc\"><p>Aprovecha el valor de tu vivienda para trabajar (o disfrutar).<\/p>\n<\/div><div class=\"co-columns--box_button\"><a class=\"co-columns--button co-button gtm-button\" href=\"https:\/\/www.soundcu.com\/es\/speed-bump\/?url=https%3A%2F%2Fwww.soundcu.com%2Fpersonal%2Fhome-loans%2Fequity%2F&#038;prev=https%3A%2F%2Fwww.soundcu.com%2Fes%2Fpersonal%2Fhome-loans%2F\"  >M\u00e1s informaci\u00f3n<\/a><\/div>\t\t\t\t\t<\/div>\n\t\t\t\t\t\t\t<\/div>\n\t\t\t\t<\/div>\n\n\t<\/div>\n<\/div>","protected":false},"excerpt":{"rendered":"","protected":false},"author":9,"featured_media":0,"parent":2314,"menu_order":0,"comment_status":"closed","ping_status":"closed","template":"","meta":{"_acf_changed":false,"content-type":"","_searchwp_excluded":"","footnotes":""},"county":[],"class_list":["post-2328","page","type-page","status-publish","hentry"],"acf":[],"_links":{"self":[{"href":"https:\/\/www.soundcu.com\/es\/wp-json\/wp\/v2\/pages\/2328","targetHints":{"allow":["GET"]}}],"collection":[{"href":"https:\/\/www.soundcu.com\/es\/wp-json\/wp\/v2\/pages"}],"about":[{"href":"https:\/\/www.soundcu.com\/es\/wp-json\/wp\/v2\/types\/page"}],"author":[{"embeddable":true,"href":"https:\/\/www.soundcu.com\/es\/wp-json\/wp\/v2\/users\/9"}],"replies":[{"embeddable":true,"href":"https:\/\/www.soundcu.com\/es\/wp-json\/wp\/v2\/comments?post=2328"}],"version-history":[{"count":11,"href":"https:\/\/www.soundcu.com\/es\/wp-json\/wp\/v2\/pages\/2328\/revisions"}],"predecessor-version":[{"id":17672,"href":"https:\/\/www.soundcu.com\/es\/wp-json\/wp\/v2\/pages\/2328\/revisions\/17672"}],"up":[{"embeddable":true,"href":"https:\/\/www.soundcu.com\/es\/wp-json\/wp\/v2\/pages\/2314"}],"wp:attachment":[{"href":"https:\/\/www.soundcu.com\/es\/wp-json\/wp\/v2\/media?parent=2328"}],"wp:term":[{"taxonomy":"county","embeddable":true,"href":"https:\/\/www.soundcu.com\/es\/wp-json\/wp\/v2\/county?post=2328"}],"curies":[{"name":"wp","href":"https:\/\/api.w.org\/{rel}","templated":true}]}}