{"id":2333,"date":"2023-08-14T18:12:38","date_gmt":"2023-08-15T01:12:38","guid":{"rendered":"https:\/\/www.soundcu.com\/va\/"},"modified":"2025-11-20T07:47:46","modified_gmt":"2025-11-20T15:47:46","slug":"va","status":"publish","type":"page","link":"https:\/\/www.soundcu.com\/es\/personal\/home-loans\/buy\/va\/","title":{"rendered":"Hipotecas VA"},"content":{"rendered":"<div class=\"co-flex_row co-flex_row__blue co-flex_row__page-hero co-flex_row__next_row__page-intro\" >\n\t<div class=\"co-flex_row--row co-row\">\n\t\t\t<header class=\"co-page_hero  co-page_hero__has_image\" aria-label=\"Encabezado: Hipotecas VA\">\n\t\t<div class=\"co-page_hero--inner\">\n\t\t\t<div class=\"prow items-center\">\n\t\t\t\t\t\t\t\t\t<div class=\"co-page_hero--img_wrap pcol-lg:6 pcol-xl:7\">\n\t\t\t\t\t\t<div class=\"co-page_hero--mask\"><svg width=\"997.021\" height=\"609.682\" viewbox=\"0 0 997.021 609.682\"><defs><clippath id=\"svgPathHero\"><path d=\"M299.014.148H0V609.681H299.014c480.632.192,698.007-296.752,698.007-296.752C691.761-16.846,299.014.148,299.014.148\"\/><\/clippath><\/defs><image id=\"image_69efb2d242a57\" xlink:href=\"https:\/\/www.soundcu.com\/files\/va.jpg\" src=\"https:\/\/www.soundcu.com\/files\/va.jpg\" clip-path=\"url(#svgPathHero)\"  alt=\"Father and child smiling and holding a basketball\" \/><\/svg><\/div>\t\t\t\t\t<\/div>\n\t\t\t\t\t\t\t\t<div class=\"co-page_hero--text pcol-lg:6 pcol-xl:5\">\n\t\t\t\t\t\t\t\t\t\t\t<h1 class=\"co-page_hero--sup_heading\">\n\t\t\t\t\t\t\tPr\u00e9stamos hipotecarios para veteranos\t\t\t\t\t\t<\/h1>\n\t\t\t\t\t\t\t\t\t\t<h2 class=\"co-page_hero--title\" >Hipotecas VA<\/h2>\t\t\t\t\t<p class=\"co-page_hero--tagline\">Abre la puerta a la casa de tus sue\u00f1os.<\/p>\t\t\t\t\t\t<div class=\"co-page_hero--buttons\">\n\t\t\t\t\t\t\t<a class=\"co-page_hero--button gtm-button\" href=\"https:\/\/www.soundcu.com\/es\/speed-bump\/?url=https%3A%2F%2Fwww.soundcu.com%2Fpersonal%2Fapply-for-a-loan%2F&#038;prev=https%3A%2F%2Fwww.soundcu.com%2Fes%2Fpersonal%2Fhome-loans%2Fbuy%2Fva%2F\"  >Solicita un pr\u00e9stamo<\/a>\t\t\t\t\t\t<\/div>\n\t\t\t\t\t\t\t\t\t\t<\/div>\n\t\t\t<\/div>\n\t\t<\/div>\n\t<\/header>\n\n\t<\/div>\n<\/div>\n\n\n<div class=\"co-flex_row co-flex_row__blue co-flex_row__page-intro co-flex_row__next_row__sticky-nav\" >\n\t<div class=\"co-flex_row--row co-row\">\n\t\t\t<div class=\"co-page_intro\">\n\t\t<div class=\"co-page_intro--desc\"><p>En <a href=\"https:\/\/www.soundcu.com\/es\/\">Sound Credit Union<\/a> Comprendemos los sacrificios que hacen los veteranos de nuestra naci\u00f3n y sus familias. Nos comprometemos a ayudar a nuestros estimados veteranos a lograr la compra de una vivienda mediante un pr\u00e9stamo hipotecario del Departamento de Asuntos de Veteranos (VA).<\/p>\n<\/div>\t<\/div>\n\n\t<\/div>\n<\/div>\n\n\n<div class=\"co-flex_row co-flex_row__sticky-nav co-flex_row__next_row__columns\" >\n\t<div class=\"co-flex_row--row co-row\">\n\t\t\t<div class=\"co-sticky_nav_wrap is-active\" id=\"js-sticky_nav_wrap\">\n\t\t<nav\n\t\t\tclass=\"co-sticky_nav\"\n\t\t\tid=\"js-sticky_nav\"\n\t\t\taria-label=\"en la navegaci\u00f3n de anclaje de p\u00e1gina\"\n\t\t>\n\t\t\t<div class=\"co-sticky_nav--mobile\">\n\t\t\t\t<button\n\t\t\t\t\tclass=\"co-sticky_nav--toggle\"\n\t\t\t\t\tid=\"js-sticky_nav_toggle\"\n\t\t\t\t\taria-label=\"Abrir y cerrar men\u00fa de p\u00e1gina\"\n\t\t\t\t>Men\u00fa de p\u00e1gina<\/button>\n\t\t\t<\/div>\n\t\t\t<div\n\t\t\t\tclass=\"co-sticky_nav--row co-row\"\n\t\t\t\tid=\"js-sticky_nav_links\"\n\t\t\t>\n\t\t\t\t\t\t\t\t\t<a\n\t\t\t\t\t\thref=\"#benefits\"\n\t\t\t\t\t\tclass=\"co-sticky_nav--link\t\t\t\t\t\t\tjs-sticky_nav_item\"\n\t\t\t\t\t\t\t\t\t\t\t>\n\t\t\t\t\t\tBeneficios\t\t\t\t\t<\/a>\n\t\t\t\t\t\t\t\t\t<a\n\t\t\t\t\t\thref=\"#eligibility\"\n\t\t\t\t\t\tclass=\"co-sticky_nav--link\t\t\t\t\t\t\tjs-sticky_nav_item\"\n\t\t\t\t\t\t\t\t\t\t\t>\n\t\t\t\t\t\tElegibilidad\t\t\t\t\t<\/a>\n\t\t\t\t\t\t\t\t\t<a\n\t\t\t\t\t\thref=\"#faqs\"\n\t\t\t\t\t\tclass=\"co-sticky_nav--link\t\t\t\t\t\t\tjs-sticky_nav_item\"\n\t\t\t\t\t\t\t\t\t\t\t>\n\t\t\t\t\t\tPreguntas frecuentes\t\t\t\t\t<\/a>\n\t\t\t\t\t\t\t\t\t<a\n\t\t\t\t\t\thref=\"#apply\"\n\t\t\t\t\t\tclass=\"co-sticky_nav--link\t\t\t\t\t\t\tjs-sticky_nav_item\"\n\t\t\t\t\t\t\t\t\t\t\t>\n\t\t\t\t\t\tAplicar\t\t\t\t\t<\/a>\n\t\t\t\t\t\t\t<\/div>\n\t\t<\/nav>\n\t<\/div>\n\n\t<\/div>\n<\/div>\n\n\n<div class=\"co-flex_row co-flex_row__blue co-flex_row__next_row_diff co-flex_row__columns co-flex_row__next_row__long-form-text\" id=\"benefits\">\n\t<div class=\"co-flex_row--row co-row\">\n\t\t\t<div class=\"co-columns\">\n\t\t\t\t<header class=\"co-intro_text\">\n\t\t\t<h2 class=\"co-intro_text--title\">Caracter\u00edsticas y beneficios clave<\/h2>\t\t<\/header>\n\t\t\t\t<div class=\"co-columns--row prow prow-md:2 prow-lg:4 justify-center\">\n\t\t\t\t\t\t\t\t\t<div class=\"co-columns--box\">\n\t\t\t\t\t\t<h3 class=\"co-columns--box_headline\" >Sin pago inicial<\/h3><div class=\"co-columns--box_desc\"><p>Una de las caracter\u00edsticas m\u00e1s atractivas de un pr\u00e9stamo hipotecario para veteranos es la posibilidad de comprar una vivienda sin ning\u00fan pago inicial, lo que hace que la compra de una vivienda sea m\u00e1s accesible y asequible para quienes han servido a nuestro pa\u00eds.<\/p>\n<\/div><div class=\"co-columns--box_button\"><\/div>\t\t\t\t\t<\/div>\n\t\t\t\t\t\t\t\t\t<div class=\"co-columns--box\">\n\t\t\t\t\t\t<h3 class=\"co-columns--box_headline\" >Tipos de inter\u00e9s competitivos<\/h3><div class=\"co-columns--box_desc\"><p>Nuestros pr\u00e9stamos hipotecarios para veteranos (VA) ofrecen tasas de inter\u00e9s competitivas, lo que garantiza que obtenga la mejor oferta posible para su hipoteca.<\/p>\n<\/div><div class=\"co-columns--box_button\"><\/div>\t\t\t\t\t<\/div>\n\t\t\t\t\t\t\t\t\t<div class=\"co-columns--box\">\n\t\t\t\t\t\t<h3 class=\"co-columns--box_headline\" >Sin seguro hipotecario privado (PMI)<\/h3><div class=\"co-columns--box_desc\"><p>A diferencia de los pr\u00e9stamos convencionales, los pr\u00e9stamos hipotecarios para veteranos no requieren seguro hipotecario privado, lo que le ayuda a ahorrar dinero cada mes.<\/p>\n<\/div><div class=\"co-columns--box_button\"><\/div>\t\t\t\t\t<\/div>\n\t\t\t\t\t\t\t\t\t<div class=\"co-columns--box\">\n\t\t\t\t\t\t<h3 class=\"co-columns--box_headline\" >Calificaci\u00f3n m\u00e1s sencilla<\/h3><div class=\"co-columns--box_desc\"><p>Los pr\u00e9stamos hipotecarios para veteranos suelen tener requisitos de calificaci\u00f3n m\u00e1s flexibles y menos estrictos en comparaci\u00f3n con los pr\u00e9stamos convencionales.<\/p>\n<\/div><div class=\"co-columns--box_button\"><\/div>\t\t\t\t\t<\/div>\n\t\t\t\t\t\t\t<\/div>\n\t\t\t\t<\/div>\n\n\t<\/div>\n<\/div>\n\n\n<div class=\"co-flex_row co-flex_row__white co-flex_row__next_row_diff co-flex_row__long-form-text co-flex_row__next_row__long-form-text\" id=\"eligibility\">\n\t<div class=\"co-flex_row--row co-row\">\n\t\t\t<div class=\"co-long_form\">\n\t\t\t\t<header class=\"co-intro_text\">\n\t\t\t<h2 class=\"co-intro_text--title\">Criterios de elegibilidad<\/h2>\t\t<\/header>\n\t\t\t\t<div class=\"co-long_form--block prow items-start flex-row-reverse\">\n\t\t\t\t<div class=\"co-long_form--text pcol-md:7\">\n\t\t\t\t\t<div class=\"co-long_form--content\"><p>Su antig\u00fcedad o compromiso de servicio, su situaci\u00f3n laboral y la naturaleza de su servicio determinan su elegibilidad para beneficios y tipos de pr\u00e9stamos hipotecarios espec\u00edficos, entre los que se incluyen:<\/p>\n<ul>\n<li>Pr\u00e9stamos para compra y refinanciamiento con retiro de efectivo<\/li>\n<li>Pr\u00e9stamo de refinanciamiento con reducci\u00f3n de tasa de inter\u00e9s (IRRRL)<\/li>\n<li>Programa de Pr\u00e9stamos Directos para Nativos Americanos (NADL)<\/li>\n<li>Subvenciones para viviendas adaptadas<\/li>\n<\/ul>\n<\/div>\t\t\t\t<\/div>\n\t\t\t\t\t\t\t\t\t<div class=\"co-long_form--media pcol-md:5 Image\">\n\t\t\t\t\t\t<div class=\"co-long_form--media_wrap\">\n\t\t\t\t\t\t\t<img loading=\"lazy\" decoding=\"async\" width=\"540\" height=\"330\" src=\"https:\/\/www.soundcu.com\/files\/iStock-1408038003_540x330.jpg\" class=\"co-long_form--image\" alt=\"navy veteran walking with family, laughing\" srcset=\"https:\/\/www.soundcu.com\/files\/iStock-1408038003_540x330.jpg 540w, https:\/\/www.soundcu.com\/files\/iStock-1408038003_540x330-396x242.jpg 396w, https:\/\/www.soundcu.com\/files\/iStock-1408038003_540x330-75x46.jpg 75w\" sizes=\"auto, (max-width: 540px) 100vw, 540px\" \/>\t\t\t\t\t\t\t\t\t\t\t\t\t\t\t<svg class=\"co-long_form--media__svg\" width=\"252.96\" height=\"86.432\" viewbox=\"0 0 252.96 86.432\"><g transform=\"translate(-992.041 -7954.568)\"><path d=\"M567.407,124.428c-77.494-74.559-170.562-30.665-250.487,0C396.429,151.611,495.98,196.666,567.407,124.428Z\" transform=\"translate(677.594 7871.189)\" fill=\"#71c4e8\"\/><path d=\"M452.635,105.62c-41.987-40.4-92.411-16.614-135.715,0C360,120.347,413.936,144.758,452.635,105.62Z\" transform=\"translate(675.121 7914.231)\" fill=\"#00205b\"\/><\/g><\/svg>\n\t\t\t\t\t\t\t\t\t\t\t\t\t<\/div>\n\t\t\t\t\t\t\t\t\t\t\t<\/div>\n\t\t\t\t\t\t\t<\/div>\n\t\t\t\t<\/div>\n\n\t<\/div>\n<\/div>\n\n\n<div class=\"co-flex_row co-flex_row__blue co-flex_row__long-form-text co-flex_row__next_row__faqs\" >\n\t<div class=\"co-flex_row--row co-row\">\n\t\t\t<div class=\"co-long_form\">\n\t\t\t\t<header class=\"co-intro_text\">\n\t\t\t<h2 class=\"co-intro_text--title\">C\u00f3mo puede ayudar una cooperativa de cr\u00e9dito s\u00f3lida<\/h2>\t\t<\/header>\n\t\t\t\t<div class=\"co-long_form--block prow items-start\">\n\t\t\t\t<div class=\"co-long_form--text pcol-md:7\">\n\t\t\t\t\t<div class=\"co-long_form--content\"><p>Nuestro experimentado equipo de asesores hipotecarios se dedica a guiarle a lo largo de todo el proceso de pr\u00e9stamo, desde la solicitud inicial hasta la aprobaci\u00f3n final.<\/p>\n<p>Ofrecemos asistencia personalizada y asesoramiento experto para garantizar que comprenda todos los detalles y requisitos relacionados con un pr\u00e9stamo hipotecario para veteranos.<\/p>\n<p><span class=\"co-button\"><a href=\"https:\/\/www.soundcu.com\/es\/personal\/home-loans\/buy\/#team\">CONOZCA A NUESTROS ASESORES DE PR\u00c9STAMOS HIPOTECARIOS<\/a><\/span><\/p>\n<\/div>\t\t\t\t<\/div>\n\t\t\t\t\t\t\t\t\t<div class=\"co-long_form--media pcol-md:5 Image\">\n\t\t\t\t\t\t<div class=\"co-long_form--media_wrap\">\n\t\t\t\t\t\t\t<img loading=\"lazy\" decoding=\"async\" width=\"540\" height=\"330\" src=\"https:\/\/www.soundcu.com\/files\/iStock-2223008803_540x330.jpg\" class=\"co-long_form--image\" alt=\"Smiling businesswoman working on laptop in modern office\" srcset=\"https:\/\/www.soundcu.com\/files\/iStock-2223008803_540x330.jpg 540w, https:\/\/www.soundcu.com\/files\/iStock-2223008803_540x330-396x242.jpg 396w, https:\/\/www.soundcu.com\/files\/iStock-2223008803_540x330-75x46.jpg 75w\" sizes=\"auto, (max-width: 540px) 100vw, 540px\" \/>\t\t\t\t\t\t\t\t\t\t\t\t\t\t\t<svg class=\"co-long_form--media__svg\" width=\"252.96\" height=\"86.432\" viewbox=\"0 0 252.96 86.432\"><g transform=\"translate(-992.041 -7954.568)\"><path d=\"M567.407,124.428c-77.494-74.559-170.562-30.665-250.487,0C396.429,151.611,495.98,196.666,567.407,124.428Z\" transform=\"translate(677.594 7871.189)\" fill=\"#71c4e8\"\/><path d=\"M452.635,105.62c-41.987-40.4-92.411-16.614-135.715,0C360,120.347,413.936,144.758,452.635,105.62Z\" transform=\"translate(675.121 7914.231)\" fill=\"#00205b\"\/><\/g><\/svg>\n\t\t\t\t\t\t\t\t\t\t\t\t\t<\/div>\n\t\t\t\t\t\t\t\t\t\t\t<\/div>\n\t\t\t\t\t\t\t<\/div>\n\t\t\t\t<\/div>\n\n\t<\/div>\n<\/div>\n\n\n<div class=\"co-flex_row co-flex_row__blue co-flex_row__faqs co-flex_row__next_row__multi-path-cta\" id=\"faqs\">\n\t<div class=\"co-flex_row--row co-row\">\n\t\t\t<section class=\"co-accords_section\" aria-label=\"\u00bfQu\u00e9 son los pr\u00e9stamos hipotecarios VA?\">\n\t\t\t\t<header class=\"co-intro_text\">\n\t\t\t<h2 class=\"co-intro_text--title\">\u00bfQu\u00e9 son los pr\u00e9stamos hipotecarios VA?<\/h2><div class=\"co-intro_text--intro\"><p>Dise\u00f1ado para facilitar la compra de vivienda a veteranos, miembros del servicio activo y c\u00f3nyuges sobrevivientes elegibles, nuestro programa de pr\u00e9stamos hipotecarios para veteranos ofrece beneficios y flexibilidad incomparables, lo que le permite disfrutar de un camino sencillo y asequible hacia la adquisici\u00f3n de su propia vivienda.<\/p>\n<\/div>\t\t<\/header>\n\t\t\t<div class=\"co-accordion\" data-animation=\"on\" data-multi-items=\"on\">\n\t\t\t\t\t\t\t<div class=\"co-accordion--item\">\n\t\t\t\t\t<button\n\t\t\t\t\t\t\t\t\t\t\t\t\tdata-accordid=\"17097\"\n\t\t\t\t\t\t\t\t\t\t\t\tclass=\"co-accordion--header\t\t\t\t\t\t\tjs-accord_toggle\t\t\t\t\t\t\tclosed\"\n\t\t\t\t\t>\n\t\t\t\t\t\t<span class=\"text-md\">\u00bfQu\u00e9 es un pr\u00e9stamo hipotecario VA?<\/span>\n\t\t\t\t\t\t<svg class=\"co-accordion--icon no-js:is-hidden\" viewbox=\"0 0 20 20\"><g class=\"icon__group\" fill=\"none\" stroke=\"currentColor\" stroke-linecap=\"round\" stroke-linejoin=\"round\"><line x1=\"3\" y1=\"3\" x2=\"17\" y2=\"17\"><\/line><line x1=\"17\" y1=\"3\" x2=\"3\" y2=\"17\"><\/line><\/g><\/svg>\n\t\t\t\t\t<\/button>\n\t\t\t\t\t<div class=\"co-accordion--panel\t\t\t\t\t\tjs-accord_content\">\n\t\t\t\t\t\t<p>Un pr\u00e9stamo hipotecario VA es una opci\u00f3n respaldada por el Departamento de Asuntos de Veteranos de EE. UU., dise\u00f1ada para ayudar a los veteranos elegibles, a los miembros del servicio activo y a algunos c\u00f3nyuges sobrevivientes a comprar, construir o refinanciar una vivienda. El programa ofrece condiciones favorables, como la ausencia de pago inicial, la ausencia de seguro hipotecario privado (PMI) y tasas de inter\u00e9s competitivas.<\/p>\n\t\t\t\t\t<\/div>\n\t\t\t\t<\/div>\n\t\t\t\t\t\t\t<div class=\"co-accordion--item\">\n\t\t\t\t\t<button\n\t\t\t\t\t\t\t\t\t\t\t\t\tdata-accordid=\"17099\"\n\t\t\t\t\t\t\t\t\t\t\t\tclass=\"co-accordion--header\t\t\t\t\t\t\tjs-accord_toggle\t\t\t\t\t\t\tclosed\"\n\t\t\t\t\t>\n\t\t\t\t\t\t<span class=\"text-md\">\u00bfQui\u00e9nes pueden optar a un pr\u00e9stamo hipotecario del Departamento de Asuntos de Veteranos (VA)?<\/span>\n\t\t\t\t\t\t<svg class=\"co-accordion--icon no-js:is-hidden\" viewbox=\"0 0 20 20\"><g class=\"icon__group\" fill=\"none\" stroke=\"currentColor\" stroke-linecap=\"round\" stroke-linejoin=\"round\"><line x1=\"3\" y1=\"3\" x2=\"17\" y2=\"17\"><\/line><line x1=\"17\" y1=\"3\" x2=\"3\" y2=\"17\"><\/line><\/g><\/svg>\n\t\t\t\t\t<\/button>\n\t\t\t\t\t<div class=\"co-accordion--panel\t\t\t\t\t\tjs-accord_content\">\n\t\t\t\t\t\t<p data-start=\"564\" data-end=\"593\">Usted podr\u00eda calificar para un pr\u00e9stamo hipotecario de la VA si:<\/p>\n<ul>\n<li data-start=\"596\" data-end=\"713\">Un miembro del servicio activo, veterano o miembro de la Guardia Nacional\/Reserva que cumpla con los requisitos m\u00ednimos de servicio, o<\/li>\n<li data-start=\"596\" data-end=\"713\">C\u00f3nyuge superviviente de un veterano que falleci\u00f3 en acto de servicio o como consecuencia de una discapacidad relacionada con el servicio militar.<\/li>\n<\/ul>\n<p data-start=\"819\" data-end=\"944\">Para confirmar su elegibilidad, necesitar\u00e1 un <strong data-start=\"862\" data-end=\"898\">Certificado de Elegibilidad (COE)<\/strong>, que Sound probablemente te puede ayudar a obtener.<\/p>\n\t\t\t\t\t<\/div>\n\t\t\t\t<\/div>\n\t\t\t\t\t\t\t<div class=\"co-accordion--item\">\n\t\t\t\t\t<button\n\t\t\t\t\t\t\t\t\t\t\t\t\tdata-accordid=\"17100\"\n\t\t\t\t\t\t\t\t\t\t\t\tclass=\"co-accordion--header\t\t\t\t\t\t\tjs-accord_toggle\t\t\t\t\t\t\tclosed\"\n\t\t\t\t\t>\n\t\t\t\t\t\t<span class=\"text-md\">\u00bfCu\u00e1les son las ventajas de elegir un pr\u00e9stamo hipotecario para veteranos?<\/span>\n\t\t\t\t\t\t<svg class=\"co-accordion--icon no-js:is-hidden\" viewbox=\"0 0 20 20\"><g class=\"icon__group\" fill=\"none\" stroke=\"currentColor\" stroke-linecap=\"round\" stroke-linejoin=\"round\"><line x1=\"3\" y1=\"3\" x2=\"17\" y2=\"17\"><\/line><line x1=\"17\" y1=\"3\" x2=\"3\" y2=\"17\"><\/line><\/g><\/svg>\n\t\t\t\t\t<\/button>\n\t\t\t\t\t<div class=\"co-accordion--panel\t\t\t\t\t\tjs-accord_content\">\n\t\t\t\t\t\t<p data-start=\"1014\" data-end=\"1066\">Los pr\u00e9stamos hipotecarios de la VA ofrecen varias ventajas, entre ellas:<\/p>\n<ul>\n<li data-start=\"1069\" data-end=\"1106\"><strong data-start=\"1069\" data-end=\"1088\">Sin pago inicial<\/strong> (en la mayor\u00eda de los casos)<\/li>\n<li data-start=\"1109\" data-end=\"1156\"><strong data-start=\"1109\" data-end=\"1119\">Sin seguro hipotecario privado (PMI)<\/strong>, lo que reduce su pago mensual<\/li>\n<li data-start=\"1159\" data-end=\"1191\"><strong data-start=\"1159\" data-end=\"1189\">Tipos de inter\u00e9s competitivos<\/strong><\/li>\n<li data-start=\"1194\" data-end=\"1257\"><strong data-start=\"1194\" data-end=\"1224\">Directrices de cr\u00e9dito flexibles<\/strong> en comparaci\u00f3n con los pr\u00e9stamos convencionales<\/li>\n<li data-start=\"1260\" data-end=\"1331\"><strong data-start=\"1260\" data-end=\"1287\">L\u00edmites en los costos de cierre<\/strong>, lo que ayuda a mantener los gastos iniciales bajo control.<\/li>\n<\/ul>\n\t\t\t\t\t<\/div>\n\t\t\t\t<\/div>\n\t\t\t\t\t<\/div>\n\t\t\t<\/section>\n\n\t<\/div>\n<\/div>\n\n\n<div class=\"co-flex_row co-flex_row__blue co-flex_row__multi-path-cta co-flex_row__next_row__disclosures\" >\n\t<div class=\"co-flex_row--row co-row\">\n\t\t\t<div class=\"co-mp_ctas\">\n\t\t\t\t<header class=\"co-intro_text\">\n\t\t\t<h2 class=\"co-intro_text--title\">Da el siguiente paso<\/h2>\t\t<\/header>\n\t\t\t<div class=\"co-mp_ctas--list prow justify-center\">\n\t\t\t\t\t\t\t\t\t\t\t<div class=\"co-mp_cta pcol-lg:4\">\n\t\t\t\t\t<div class=\"co-mp_cta--title\">\n\t\t\t\t\t\tComienza ahora\t\t\t\t\t<\/div>\n\t\t\t\t\t<a class=\"co-mp_cta--link gtm-button\" href=\"https:\/\/www.soundcu.com\/es\/speed-bump\/?url=https%3A%2F%2Fwww.soundcu.com%2Fpersonal%2Fapply-for-a-loan%2F&#038;prev=https%3A%2F%2Fwww.soundcu.com%2Fes%2Fpersonal%2Fhome-loans%2Fbuy%2Fva%2F\"  >Solicita en l\u00ednea<\/a>\t\t\t\t<\/div>\n\t\t\t\t\t\t\t\t\t\t\t<div class=\"co-mp_cta pcol-lg:4\">\n\t\t\t\t\t<div class=\"co-mp_cta--title\">\n\t\t\t\t\t\tLl\u00e1menos\t\t\t\t\t<\/div>\n\t\t\t\t\t\t\t\t\t\t\t<div class=\"co-mp_cta--content\">\n\t\t\t\t\t\t\t<p><a href=\"tel:8005628130\">800.562.8130<\/a><\/p>\n\t\t\t\t\t\t<\/div>\n\t\t\t\t\t\t\t\t\t<\/div>\n\t\t\t\t\t<\/div>\n\t<\/div>\n\n\t<\/div>\n<\/div>\n\n\n<div class=\"co-flex_row co-flex_row__blue co-flex_row__last co-flex_row__disclosures\" >\n\t<div class=\"co-flex_row--row co-row\">\n\t\t\t<div class=\"co-disclosures\">\n\t\t<h2 class=\"co-disclosures--title\">Divulgaciones<\/h2>\n\t\t<div class=\"co-disclosures--content\">\n\t\t\t<div class=\"small-text\">\n<p>NMLS# 691150 \u00b7\u00a0 \u00a0<a href=\"https:\/\/www.hud.gov\/\" target=\"_blank\" rel=\"noopener\">Igualdad de oportunidades de vivienda<\/a><\/p>\n<p>Todos los pr\u00e9stamos requieren membres\u00eda en Sound y est\u00e1n sujetos a aprobaci\u00f3n crediticia. Es posible que se requiera verificaci\u00f3n de ingresos. Se debe tener 18 a\u00f1os de edad para calificar para el pr\u00e9stamo. La TAE (Tasa Anual Equivalente) est\u00e1 sujeta a cambios en cualquier momento.<\/p>\n<p>1FHA: Se requiere seguro hipotecario premium (PMI) durante toda la vigencia del pr\u00e9stamo. VA: Disponible solo para militares en servicio activo o veteranos que cumplan con los requisitos.<\/p>\n<\/div>\n\t\t<\/div>\n\t<\/div>\n\n\t<\/div>\n<\/div>","protected":false},"excerpt":{"rendered":"","protected":false},"author":9,"featured_media":0,"parent":2330,"menu_order":0,"comment_status":"closed","ping_status":"closed","template":"","meta":{"_acf_changed":false,"content-type":"","_searchwp_excluded":"","footnotes":""},"county":[],"class_list":["post-2333","page","type-page","status-publish","hentry"],"acf":[],"_links":{"self":[{"href":"https:\/\/www.soundcu.com\/es\/wp-json\/wp\/v2\/pages\/2333","targetHints":{"allow":["GET"]}}],"collection":[{"href":"https:\/\/www.soundcu.com\/es\/wp-json\/wp\/v2\/pages"}],"about":[{"href":"https:\/\/www.soundcu.com\/es\/wp-json\/wp\/v2\/types\/page"}],"author":[{"embeddable":true,"href":"https:\/\/www.soundcu.com\/es\/wp-json\/wp\/v2\/users\/9"}],"replies":[{"embeddable":true,"href":"https:\/\/www.soundcu.com\/es\/wp-json\/wp\/v2\/comments?post=2333"}],"version-history":[{"count":11,"href":"https:\/\/www.soundcu.com\/es\/wp-json\/wp\/v2\/pages\/2333\/revisions"}],"predecessor-version":[{"id":17655,"href":"https:\/\/www.soundcu.com\/es\/wp-json\/wp\/v2\/pages\/2333\/revisions\/17655"}],"up":[{"embeddable":true,"href":"https:\/\/www.soundcu.com\/es\/wp-json\/wp\/v2\/pages\/2330"}],"wp:attachment":[{"href":"https:\/\/www.soundcu.com\/es\/wp-json\/wp\/v2\/media?parent=2333"}],"wp:term":[{"taxonomy":"county","embeddable":true,"href":"https:\/\/www.soundcu.com\/es\/wp-json\/wp\/v2\/county?post=2333"}],"curies":[{"name":"wp","href":"https:\/\/api.w.org\/{rel}","templated":true}]}}