{"id":2334,"date":"2023-08-14T18:12:39","date_gmt":"2023-08-15T01:12:39","guid":{"rendered":"https:\/\/www.soundcu.com\/usda\/"},"modified":"2025-11-20T09:15:43","modified_gmt":"2025-11-20T17:15:43","slug":"usda","status":"publish","type":"page","link":"https:\/\/www.soundcu.com\/es\/personal\/home-loans\/buy\/usda\/","title":{"rendered":"Pr\u00e9stamos del USDA"},"content":{"rendered":"<div class=\"co-flex_row co-flex_row__blue co-flex_row__next_row_diff co-flex_row__page-hero co-flex_row__next_row__page-intro\" >\n\t<div class=\"co-flex_row--row co-row\">\n\t\t\t<header class=\"co-page_hero  co-page_hero__has_image\" aria-label=\"Encabezado: Pr\u00e9stamos del USDA en Washington\">\n\t\t<div class=\"co-page_hero--inner\">\n\t\t\t<div class=\"prow items-center\">\n\t\t\t\t\t\t\t\t\t<div class=\"co-page_hero--img_wrap pcol-lg:6 pcol-xl:7\">\n\t\t\t\t\t\t<div class=\"co-page_hero--mask\"><svg width=\"997.021\" height=\"609.682\" viewbox=\"0 0 997.021 609.682\"><defs><clippath id=\"svgPathHero\"><path d=\"M299.014.148H0V609.681H299.014c480.632.192,698.007-296.752,698.007-296.752C691.761-16.846,299.014.148,299.014.148\"\/><\/clippath><\/defs><image id=\"image_6a08f9b489e28\" xlink:href=\"https:\/\/www.soundcu.com\/files\/507032065_Sunlady_997x610.jpg\" src=\"https:\/\/www.soundcu.com\/files\/507032065_Sunlady_997x610.jpg\" clip-path=\"url(#svgPathHero)\"  alt=\"Woman smiling at camera outdoors near sunset\" \/><\/svg><\/div>\t\t\t\t\t<\/div>\n\t\t\t\t\t\t\t\t<div class=\"co-page_hero--text pcol-lg:6 pcol-xl:5\">\n\t\t\t\t\t\t\t\t\t\t<h1 class=\"co-page_hero--title\" >Pr\u00e9stamos del USDA en Washington<\/h1>\t\t\t\t\t<p class=\"co-page_hero--tagline\">Facilitar el acceso a la vivienda propia a precios asequibles en las zonas rurales del noroeste del Pac\u00edfico.<\/p>\t\t\t\t\t\t<div class=\"co-page_hero--buttons\">\n\t\t\t\t\t\t\t<a class=\"co-page_hero--button gtm-button\" href=\"https:\/\/www.soundcu.com\/es\/speed-bump\/?url=https%3A%2F%2Fwww.soundcu.com%2Fpersonal%2Fapply-for-a-loan%2F&#038;prev=https%3A%2F%2Fwww.soundcu.com%2Fes%2Fpersonal%2Fhome-loans%2Fbuy%2Fusda%2F\"  >Solicita un pr\u00e9stamo<\/a>\t\t\t\t\t\t<\/div>\n\t\t\t\t\t\t\t\t\t\t<\/div>\n\t\t\t<\/div>\n\t\t<\/div>\n\t<\/header>\n\n\t<\/div>\n<\/div>\n\n\n<div class=\"co-flex_row co-flex_row__white co-flex_row__page-intro co-flex_row__next_row__sticky-nav\" >\n\t<div class=\"co-flex_row--row co-row\">\n\t\t\t<div class=\"co-page_intro\">\n\t\t<div class=\"co-page_intro--desc\"><p><a href=\"https:\/\/www.soundcu.com\/es\/\">Sound Credit Union<\/a> Reconoce la importancia de fomentar comunidades sostenibles y pr\u00f3speras en todas las zonas rurales de la regi\u00f3n metropolitana de Puget Sound y del estado de Washington.<\/p>\n<\/div>\t<\/div>\n\n\t<\/div>\n<\/div>\n\n\n<div class=\"co-flex_row co-flex_row__sticky-nav co-flex_row__next_row__columns\" >\n\t<div class=\"co-flex_row--row co-row\">\n\t\t\t<div class=\"co-sticky_nav_wrap is-active\" id=\"js-sticky_nav_wrap\">\n\t\t<nav\n\t\t\tclass=\"co-sticky_nav\"\n\t\t\tid=\"js-sticky_nav\"\n\t\t\taria-label=\"en la navegaci\u00f3n de anclaje de p\u00e1gina\"\n\t\t>\n\t\t\t<div class=\"co-sticky_nav--mobile\">\n\t\t\t\t<button\n\t\t\t\t\tclass=\"co-sticky_nav--toggle\"\n\t\t\t\t\tid=\"js-sticky_nav_toggle\"\n\t\t\t\t\taria-label=\"Abrir y cerrar men\u00fa de p\u00e1gina\"\n\t\t\t\t>Men\u00fa de p\u00e1gina<\/button>\n\t\t\t<\/div>\n\t\t\t<div\n\t\t\t\tclass=\"co-sticky_nav--row co-row\"\n\t\t\t\tid=\"js-sticky_nav_links\"\n\t\t\t>\n\t\t\t\t\t\t\t\t\t<a\n\t\t\t\t\t\thref=\"#benefits\"\n\t\t\t\t\t\tclass=\"co-sticky_nav--link\t\t\t\t\t\t\tjs-sticky_nav_item\"\n\t\t\t\t\t\t\t\t\t\t\t>\n\t\t\t\t\t\tBeneficios\t\t\t\t\t<\/a>\n\t\t\t\t\t\t\t\t\t<a\n\t\t\t\t\t\thref=\"#eligibility\"\n\t\t\t\t\t\tclass=\"co-sticky_nav--link\t\t\t\t\t\t\tjs-sticky_nav_item\"\n\t\t\t\t\t\t\t\t\t\t\t>\n\t\t\t\t\t\tElegibilidad\t\t\t\t\t<\/a>\n\t\t\t\t\t\t\t\t\t<a\n\t\t\t\t\t\thref=\"#faqs\"\n\t\t\t\t\t\tclass=\"co-sticky_nav--link\t\t\t\t\t\t\tjs-sticky_nav_item\"\n\t\t\t\t\t\t\t\t\t\t\t>\n\t\t\t\t\t\tPreguntas frecuentes\t\t\t\t\t<\/a>\n\t\t\t\t\t\t\t\t\t<a\n\t\t\t\t\t\thref=\"#apply\"\n\t\t\t\t\t\tclass=\"co-sticky_nav--link\t\t\t\t\t\t\tjs-sticky_nav_item\"\n\t\t\t\t\t\t\t\t\t\t\t>\n\t\t\t\t\t\tAplicar\t\t\t\t\t<\/a>\n\t\t\t\t\t\t\t<\/div>\n\t\t<\/nav>\n\t<\/div>\n\n\t<\/div>\n<\/div>\n\n\n<div class=\"co-flex_row co-flex_row__white co-flex_row__next_row_diff co-flex_row__columns co-flex_row__next_row__long-form-text\" id=\"benefits\">\n\t<div class=\"co-flex_row--row co-row\">\n\t\t\t<div class=\"co-columns\">\n\t\t\t\t<header class=\"co-intro_text\">\n\t\t\t<h2 class=\"co-intro_text--title\">Caracter\u00edsticas y beneficios clave<\/h2>\t\t<\/header>\n\t\t\t\t<div class=\"co-columns--row prow prow-md:2 prow-lg:4 justify-center\">\n\t\t\t\t\t\t\t\t\t<div class=\"co-columns--box\">\n\t\t\t\t\t\t<h3 class=\"co-columns--box_headline\" >Pago inicial cero<\/h3><div class=\"co-columns--box_desc\"><p>Con los pr\u00e9stamos del USDA, los solicitantes que cumplan los requisitos pueden obtener una hipoteca sin la carga de un elevado pago inicial, lo que facilita la consecuci\u00f3n del sue\u00f1o de ser propietario de una vivienda.<\/p>\n<\/div><div class=\"co-columns--box_button\"><\/div>\t\t\t\t\t<\/div>\n\t\t\t\t\t\t\t\t\t<div class=\"co-columns--box\">\n\t\t\t\t\t\t<h3 class=\"co-columns--box_headline\" >Tipos de inter\u00e9s competitivos<\/h3><div class=\"co-columns--box_desc\"><p>Disfrute de tipos de inter\u00e9s competitivos, garantizando que sus pagos hipotecarios mensuales sigan siendo asequibles y manejables durante toda la vigencia del pr\u00e9stamo.<\/p>\n<\/div><div class=\"co-columns--box_button\"><\/div>\t\t\t\t\t<\/div>\n\t\t\t\t\t\t\t\t\t<div class=\"co-columns--box\">\n\t\t\t\t\t\t<h3 class=\"co-columns--box_headline\" >Requisitos de cr\u00e9dito flexibles<\/h3><div class=\"co-columns--box_desc\"><p>Aunque no tengas un historial crediticio impecable, a\u00fan podr\u00edas ser elegible para un pr\u00e9stamo del USDA. Nuestros requisitos de cr\u00e9dito flexibles facilitan que m\u00e1s personas y familias califiquen.<\/p>\n<\/div><div class=\"co-columns--box_button\"><\/div>\t\t\t\t\t<\/div>\n\t\t\t\t\t\t\t\t\t<div class=\"co-columns--box\">\n\t\t\t\t\t\t<h3 class=\"co-columns--box_headline\" >Seguro hipotecario mensual bajo<\/h3><div class=\"co-columns--box_desc\"><p>Benef\u00edciese de primas mensuales bajas en el seguro hipotecario, lo que le permitir\u00e1 ahorrar m\u00e1s en sus gastos totales de vivienda.<\/p>\n<\/div><div class=\"co-columns--box_button\"><\/div>\t\t\t\t\t<\/div>\n\t\t\t\t\t\t\t<\/div>\n\t\t\t\t<\/div>\n\n\t<\/div>\n<\/div>\n\n\n<div class=\"co-flex_row co-flex_row__blue co-flex_row__next_row_diff co-flex_row__long-form-text co-flex_row__next_row__long-form-text\" id=\"eligibility\">\n\t<div class=\"co-flex_row--row co-row\">\n\t\t\t<div class=\"co-long_form\">\n\t\t\t\t<header class=\"co-intro_text\">\n\t\t\t<h2 class=\"co-intro_text--title\">Criterios de elegibilidad<\/h2>\t\t<\/header>\n\t\t\t\t<div class=\"co-long_form--block prow items-start flex-row-reverse\">\n\t\t\t\t<div class=\"co-long_form--text pcol-md:7\">\n\t\t\t\t\t<div class=\"co-long_form--content\"><p>Para poder optar a un pr\u00e9stamo del USDA, los solicitantes deben cumplir ciertos criterios, entre ellos:<\/p>\n<ul>\n<li>Comprar una vivienda en una zona rural elegible seg\u00fan lo define el USDA.<\/li>\n<li>Cumplir con los requisitos de ingresos especificados por el programa.<\/li>\n<li>Demostrar la capacidad de devolver el pr\u00e9stamo.<\/li>\n<\/ul>\n<\/div>\t\t\t\t<\/div>\n\t\t\t\t\t\t\t\t\t<div class=\"co-long_form--media pcol-md:5 Image\">\n\t\t\t\t\t\t<div class=\"co-long_form--media_wrap\">\n\t\t\t\t\t\t\t<img loading=\"lazy\" decoding=\"async\" width=\"540\" height=\"330\" src=\"https:\/\/www.soundcu.com\/files\/iStock-1272879937_540x330.jpg\" class=\"co-long_form--image\" alt=\"father with young son on the edge of small lake pond around sunset\" srcset=\"https:\/\/www.soundcu.com\/files\/iStock-1272879937_540x330.jpg 540w, https:\/\/www.soundcu.com\/files\/iStock-1272879937_540x330-396x242.jpg 396w, https:\/\/www.soundcu.com\/files\/iStock-1272879937_540x330-75x46.jpg 75w\" sizes=\"auto, (max-width: 540px) 100vw, 540px\" \/>\t\t\t\t\t\t\t\t\t\t\t\t\t\t\t<svg class=\"co-long_form--media__svg\" width=\"252.96\" height=\"86.432\" viewbox=\"0 0 252.96 86.432\"><g transform=\"translate(-992.041 -7954.568)\"><path d=\"M567.407,124.428c-77.494-74.559-170.562-30.665-250.487,0C396.429,151.611,495.98,196.666,567.407,124.428Z\" transform=\"translate(677.594 7871.189)\" fill=\"#71c4e8\"\/><path d=\"M452.635,105.62c-41.987-40.4-92.411-16.614-135.715,0C360,120.347,413.936,144.758,452.635,105.62Z\" transform=\"translate(675.121 7914.231)\" fill=\"#00205b\"\/><\/g><\/svg>\n\t\t\t\t\t\t\t\t\t\t\t\t\t<\/div>\n\t\t\t\t\t\t\t\t\t\t\t<\/div>\n\t\t\t\t\t\t\t<\/div>\n\t\t\t\t<\/div>\n\n\t<\/div>\n<\/div>\n\n\n<div class=\"co-flex_row co-flex_row__white co-flex_row__long-form-text co-flex_row__next_row__faqs\" >\n\t<div class=\"co-flex_row--row co-row\">\n\t\t\t<div class=\"co-long_form\">\n\t\t\t\t<header class=\"co-intro_text\">\n\t\t\t<h2 class=\"co-intro_text--title\">C\u00f3mo puede ayudar una cooperativa de cr\u00e9dito s\u00f3lida<\/h2>\t\t<\/header>\n\t\t\t\t<div class=\"co-long_form--block prow items-start\">\n\t\t\t\t<div class=\"co-long_form--text pcol-md:7\">\n\t\t\t\t\t<div class=\"co-long_form--content\"><p>Nuestro experimentado equipo de asesores hipotecarios se dedica a guiarle a lo largo de todo el proceso de pr\u00e9stamo, desde la solicitud inicial hasta la aprobaci\u00f3n final.<\/p>\n<p>Ofrecemos asistencia personalizada y asesoramiento experto para garantizar que usted comprenda todos los detalles y requisitos relacionados con un pr\u00e9stamo de Desarrollo Rural del USDA.<\/p>\n<p><span class=\"co-button\"><a href=\"https:\/\/www.soundcu.com\/es\/personal\/home-loans\/buy\/#team\">CONOZCA A NUESTROS ASESORES DE PR\u00c9STAMOS HIPOTECARIOS<\/a><\/span><\/p>\n<\/div>\t\t\t\t<\/div>\n\t\t\t\t\t\t\t\t\t<div class=\"co-long_form--media pcol-md:5 Image\">\n\t\t\t\t\t\t<div class=\"co-long_form--media_wrap\">\n\t\t\t\t\t\t\t<img loading=\"lazy\" decoding=\"async\" width=\"540\" height=\"330\" src=\"https:\/\/www.soundcu.com\/files\/iStock-1416869287_540x330.jpg\" class=\"co-long_form--image\" alt=\"girl on the porch with her dog\" srcset=\"https:\/\/www.soundcu.com\/files\/iStock-1416869287_540x330.jpg 540w, https:\/\/www.soundcu.com\/files\/iStock-1416869287_540x330-396x242.jpg 396w, https:\/\/www.soundcu.com\/files\/iStock-1416869287_540x330-75x46.jpg 75w\" sizes=\"auto, (max-width: 540px) 100vw, 540px\" \/>\t\t\t\t\t\t\t\t\t\t\t\t\t\t\t<svg class=\"co-long_form--media__svg\" width=\"252.96\" height=\"86.432\" viewbox=\"0 0 252.96 86.432\"><g transform=\"translate(-992.041 -7954.568)\"><path d=\"M567.407,124.428c-77.494-74.559-170.562-30.665-250.487,0C396.429,151.611,495.98,196.666,567.407,124.428Z\" transform=\"translate(677.594 7871.189)\" fill=\"#71c4e8\"\/><path d=\"M452.635,105.62c-41.987-40.4-92.411-16.614-135.715,0C360,120.347,413.936,144.758,452.635,105.62Z\" transform=\"translate(675.121 7914.231)\" fill=\"#00205b\"\/><\/g><\/svg>\n\t\t\t\t\t\t\t\t\t\t\t\t\t<\/div>\n\t\t\t\t\t\t\t\t\t\t\t<\/div>\n\t\t\t\t\t\t\t<\/div>\n\t\t\t\t<\/div>\n\n\t<\/div>\n<\/div>\n\n\n<div class=\"co-flex_row co-flex_row__white co-flex_row__faqs co-flex_row__next_row__multi-path-cta\" id=\"faqs\">\n\t<div class=\"co-flex_row--row co-row\">\n\t\t\t<section class=\"co-accords_section\" aria-label=\"\u00bfQu\u00e9 son los pr\u00e9stamos de desarrollo rural del USDA?\">\n\t\t\t\t<header class=\"co-intro_text\">\n\t\t\t<h2 class=\"co-intro_text--title\">\u00bfQu\u00e9 son los pr\u00e9stamos de desarrollo rural del USDA?<\/h2><div class=\"co-intro_text--intro\"><p>Los pr\u00e9stamos para el desarrollo rural del USDA, respaldados por el Departamento de Agricultura de los Estados Unidos, ofrecen opciones de financiamiento de vivienda asequibles para personas y familias en comunidades rurales. Estos pr\u00e9stamos est\u00e1n dise\u00f1ados espec\u00edficamente para facilitar el acceso a la vivienda propia y hacerlo m\u00e1s sostenible para quienes viven en zonas menos pobladas.<\/p>\n<\/div>\t\t<\/header>\n\t\t\t<div class=\"co-accordion\" data-animation=\"on\" data-multi-items=\"on\">\n\t\t\t\t\t\t\t<div class=\"co-accordion--item\">\n\t\t\t\t\t<button\n\t\t\t\t\t\t\t\t\t\t\t\t\tdata-accordid=\"17106\"\n\t\t\t\t\t\t\t\t\t\t\t\tclass=\"co-accordion--header\t\t\t\t\t\t\tjs-accord_toggle\t\t\t\t\t\t\tclosed\"\n\t\t\t\t\t>\n\t\t\t\t\t\t<span class=\"text-md\">\u00bfQu\u00e9 es un pr\u00e9stamo hipotecario del Departamento de Agricultura de los Estados Unidos (USDA) para el desarrollo rural?<\/span>\n\t\t\t\t\t\t<svg class=\"co-accordion--icon no-js:is-hidden\" viewbox=\"0 0 20 20\"><g class=\"icon__group\" fill=\"none\" stroke=\"currentColor\" stroke-linecap=\"round\" stroke-linejoin=\"round\"><line x1=\"3\" y1=\"3\" x2=\"17\" y2=\"17\"><\/line><line x1=\"17\" y1=\"3\" x2=\"3\" y2=\"17\"><\/line><\/g><\/svg>\n\t\t\t\t\t<\/button>\n\t\t\t\t\t<div class=\"co-accordion--panel\t\t\t\t\t\tjs-accord_content\">\n\t\t\t\t\t\t<p>Un pr\u00e9stamo hipotecario de Desarrollo Rural del USDA es un programa hipotecario respaldado por el gobierno dise\u00f1ado para ayudar a los prestatarios de ingresos bajos a moderados a comprar o refinanciar una vivienda en \u00e1reas rurales y suburbanas elegibles. Respaldados por el Departamento de Agricultura de los Estados Unidos (USDA), estos pr\u00e9stamos ofrecen financiamiento asequible con <strong data-start=\"501\" data-end=\"520\">Sin pago inicial<\/strong> Requisito indispensable para los solicitantes cualificados.<\/p>\n\t\t\t\t\t<\/div>\n\t\t\t\t<\/div>\n\t\t\t\t\t\t\t<div class=\"co-accordion--item\">\n\t\t\t\t\t<button\n\t\t\t\t\t\t\t\t\t\t\t\t\tdata-accordid=\"17107\"\n\t\t\t\t\t\t\t\t\t\t\t\tclass=\"co-accordion--header\t\t\t\t\t\t\tjs-accord_toggle\t\t\t\t\t\t\tclosed\"\n\t\t\t\t\t>\n\t\t\t\t\t\t<span class=\"text-md\">\u00bfQui\u00e9nes pueden optar a un pr\u00e9stamo hipotecario del USDA?<\/span>\n\t\t\t\t\t\t<svg class=\"co-accordion--icon no-js:is-hidden\" viewbox=\"0 0 20 20\"><g class=\"icon__group\" fill=\"none\" stroke=\"currentColor\" stroke-linecap=\"round\" stroke-linejoin=\"round\"><line x1=\"3\" y1=\"3\" x2=\"17\" y2=\"17\"><\/line><line x1=\"17\" y1=\"3\" x2=\"3\" y2=\"17\"><\/line><\/g><\/svg>\n\t\t\t\t\t<\/button>\n\t\t\t\t\t<div class=\"co-accordion--panel\t\t\t\t\t\tjs-accord_content\">\n\t\t\t\t\t\t<p data-start=\"613\" data-end=\"656\">La elegibilidad depende de algunos factores clave:<\/p>\n<ul>\n<li data-start=\"659\" data-end=\"757\"><strong data-start=\"659\" data-end=\"672\">Ubicaci\u00f3n:<\/strong> La propiedad debe estar ubicada en una zona rural o suburbana elegible, seg\u00fan lo define el USDA.<\/li>\n<li data-start=\"760\" data-end=\"864\"><strong data-start=\"760\" data-end=\"771\">Ingreso:<\/strong> Los ingresos de su hogar deben estar dentro de los l\u00edmites del programa para su \u00e1rea y tama\u00f1o de familia.<\/li>\n<li data-start=\"867\" data-end=\"971\"><strong data-start=\"867\" data-end=\"890\">Cr\u00e9dito y estabilidad:<\/strong> Los solicitantes deben demostrar ingresos estables y un historial crediticio razonable.<\/li>\n<\/ul>\n<p data-start=\"973\" data-end=\"1070\">El sonido puede ayudarte a confirmar si tanto t\u00fa como la propiedad que deseas cumplen con las directrices del USDA.<\/p>\n\t\t\t\t\t<\/div>\n\t\t\t\t<\/div>\n\t\t\t\t\t\t\t<div class=\"co-accordion--item\">\n\t\t\t\t\t<button\n\t\t\t\t\t\t\t\t\t\t\t\t\tdata-accordid=\"17108\"\n\t\t\t\t\t\t\t\t\t\t\t\tclass=\"co-accordion--header\t\t\t\t\t\t\tjs-accord_toggle\t\t\t\t\t\t\tclosed\"\n\t\t\t\t\t>\n\t\t\t\t\t\t<span class=\"text-md\">\u00bfCu\u00e1les son los beneficios de un pr\u00e9stamo hipotecario del USDA?<\/span>\n\t\t\t\t\t\t<svg class=\"co-accordion--icon no-js:is-hidden\" viewbox=\"0 0 20 20\"><g class=\"icon__group\" fill=\"none\" stroke=\"currentColor\" stroke-linecap=\"round\" stroke-linejoin=\"round\"><line x1=\"3\" y1=\"3\" x2=\"17\" y2=\"17\"><\/line><line x1=\"17\" y1=\"3\" x2=\"3\" y2=\"17\"><\/line><\/g><\/svg>\n\t\t\t\t\t<\/button>\n\t\t\t\t\t<div class=\"co-accordion--panel\t\t\t\t\t\tjs-accord_content\">\n\t\t\t\t\t\t<p data-start=\"1133\" data-end=\"1193\">Los pr\u00e9stamos del USDA ofrecen varias ventajas para los compradores que cumplen los requisitos:<\/p>\n<ul>\n<li data-start=\"1196\" data-end=\"1226\"><strong data-start=\"1196\" data-end=\"1224\">No se requiere pago inicial<\/strong><\/li>\n<li data-start=\"1229\" data-end=\"1259\"><strong data-start=\"1229\" data-end=\"1257\">Tipos de inter\u00e9s fijos bajos<\/strong><\/li>\n<li data-start=\"1262\" data-end=\"1329\"><strong data-start=\"1262\" data-end=\"1298\">Costes reducidos del seguro hipotecario<\/strong> en comparaci\u00f3n con otros tipos de pr\u00e9stamos<\/li>\n<li data-start=\"1332\" data-end=\"1377\"><strong data-start=\"1332\" data-end=\"1375\">Requisitos flexibles de cr\u00e9dito e ingresos<\/strong><\/li>\n<\/ul>\n<p data-start=\"1379\" data-end=\"1511\">Estas ventajas convierten a los pr\u00e9stamos del USDA en una excelente opci\u00f3n para los prestatarios que buscan adquirir una vivienda en entornos rurales o comunidades peque\u00f1as.<\/p>\n\t\t\t\t\t<\/div>\n\t\t\t\t<\/div>\n\t\t\t\t\t<\/div>\n\t\t\t<\/section>\n\n\t<\/div>\n<\/div>\n\n\n<div class=\"co-flex_row co-flex_row__white co-flex_row__multi-path-cta co-flex_row__next_row__disclosures\" id=\"apply\">\n\t<div class=\"co-flex_row--row co-row\">\n\t\t\t<div class=\"co-mp_ctas\">\n\t\t\t\t<header class=\"co-intro_text\">\n\t\t\t<h2 class=\"co-intro_text--title\">Da el siguiente paso<\/h2>\t\t<\/header>\n\t\t\t<div class=\"co-mp_ctas--list prow justify-center\">\n\t\t\t\t\t\t\t\t\t\t\t<div class=\"co-mp_cta pcol-lg:4\">\n\t\t\t\t\t<div class=\"co-mp_cta--title\">\n\t\t\t\t\t\tComienza ahora\t\t\t\t\t<\/div>\n\t\t\t\t\t<a class=\"co-mp_cta--link gtm-button\" href=\"https:\/\/www.soundcu.com\/es\/speed-bump\/?url=https%3A%2F%2Fwww.soundcu.com%2Fpersonal%2Fapply-for-a-loan%2F&#038;prev=https%3A%2F%2Fwww.soundcu.com%2Fes%2Fpersonal%2Fhome-loans%2Fbuy%2Fusda%2F\"  >Solicita en l\u00ednea<\/a>\t\t\t\t<\/div>\n\t\t\t\t\t\t\t\t\t\t\t<div class=\"co-mp_cta pcol-lg:4\">\n\t\t\t\t\t<div class=\"co-mp_cta--title\">\n\t\t\t\t\t\tVisite una sucursal local.\t\t\t\t\t<\/div>\n\t\t\t\t\t<a class=\"co-mp_cta--link gtm-button\" href=\"https:\/\/www.soundcu.com\/es\/speed-bump\/?url=https%3A%2F%2Fwww.soundcu.com%2Fbranches%2F&#038;prev=https%3A%2F%2Fwww.soundcu.com%2Fes%2Fpersonal%2Fhome-loans%2Fbuy%2Fusda%2F\"  >Encuentra una sucursal<\/a>\t\t\t\t<\/div>\n\t\t\t\t\t\t\t\t\t\t\t<div class=\"co-mp_cta pcol-lg:4\">\n\t\t\t\t\t<div class=\"co-mp_cta--title\">\n\t\t\t\t\t\tLl\u00e1menos\t\t\t\t\t<\/div>\n\t\t\t\t\t\t\t\t\t\t\t<div class=\"co-mp_cta--content\">\n\t\t\t\t\t\t\t<p><a href=\"tel:8005628130\">800.562.8130<\/a><\/p>\n\t\t\t\t\t\t<\/div>\n\t\t\t\t\t\t\t\t\t<\/div>\n\t\t\t\t\t<\/div>\n\t<\/div>\n\n\t<\/div>\n<\/div>\n\n\n<div class=\"co-flex_row co-flex_row__white co-flex_row__last co-flex_row__disclosures\" >\n\t<div class=\"co-flex_row--row co-row\">\n\t\t\t<div class=\"co-disclosures\">\n\t\t<h2 class=\"co-disclosures--title\">Divulgaciones<\/h2>\n\t\t<div class=\"co-disclosures--content\">\n\t\t\t<div class=\"small-text\">\n<p>Todos los pr\u00e9stamos requieren membres\u00eda en Sound y est\u00e1n sujetos a aprobaci\u00f3n crediticia. Es posible que se requiera verificaci\u00f3n de ingresos. Se debe tener 18 a\u00f1os de edad para calificar para el pr\u00e9stamo. La TAE (Tasa Anual Equivalente) est\u00e1 sujeta a cambios en cualquier momento.<\/p>\n<p>1FHA: Se requiere seguro hipotecario premium (PMI) durante toda la vigencia del pr\u00e9stamo. VA: Disponible solo para militares en servicio activo o veteranos que cumplan con los requisitos.<\/p>\n<\/div>\n\t\t<\/div>\n\t<\/div>\n\n\t<\/div>\n<\/div>","protected":false},"excerpt":{"rendered":"","protected":false},"author":9,"featured_media":0,"parent":2330,"menu_order":0,"comment_status":"closed","ping_status":"closed","template":"","meta":{"_acf_changed":false,"content-type":"","_searchwp_excluded":"","footnotes":""},"county":[],"class_list":["post-2334","page","type-page","status-publish","hentry"],"acf":[],"_links":{"self":[{"href":"https:\/\/www.soundcu.com\/es\/wp-json\/wp\/v2\/pages\/2334","targetHints":{"allow":["GET"]}}],"collection":[{"href":"https:\/\/www.soundcu.com\/es\/wp-json\/wp\/v2\/pages"}],"about":[{"href":"https:\/\/www.soundcu.com\/es\/wp-json\/wp\/v2\/types\/page"}],"author":[{"embeddable":true,"href":"https:\/\/www.soundcu.com\/es\/wp-json\/wp\/v2\/users\/9"}],"replies":[{"embeddable":true,"href":"https:\/\/www.soundcu.com\/es\/wp-json\/wp\/v2\/comments?post=2334"}],"version-history":[{"count":5,"href":"https:\/\/www.soundcu.com\/es\/wp-json\/wp\/v2\/pages\/2334\/revisions"}],"predecessor-version":[{"id":17705,"href":"https:\/\/www.soundcu.com\/es\/wp-json\/wp\/v2\/pages\/2334\/revisions\/17705"}],"up":[{"embeddable":true,"href":"https:\/\/www.soundcu.com\/es\/wp-json\/wp\/v2\/pages\/2330"}],"wp:attachment":[{"href":"https:\/\/www.soundcu.com\/es\/wp-json\/wp\/v2\/media?parent=2334"}],"wp:term":[{"taxonomy":"county","embeddable":true,"href":"https:\/\/www.soundcu.com\/es\/wp-json\/wp\/v2\/county?post=2334"}],"curies":[{"name":"wp","href":"https:\/\/api.w.org\/{rel}","templated":true}]}}