{"id":2335,"date":"2023-08-14T18:12:39","date_gmt":"2023-08-15T01:12:39","guid":{"rendered":"https:\/\/www.soundcu.com\/personal\/home-loans\/pay-mortgage\/"},"modified":"2023-12-04T15:16:26","modified_gmt":"2023-12-04T23:16:26","slug":"pay-mortgage","status":"publish","type":"page","link":"https:\/\/www.soundcu.com\/es\/personal\/home-loans\/pay-mortgage\/","title":{"rendered":"Paga tu hipoteca"},"content":{"rendered":"<div class=\"co-flex_row co-flex_row__white co-flex_row__page-hero co-flex_row__next_row__columns\" >\n\t<div class=\"co-flex_row--row co-row\">\n\t\t\t<header class=\"co-page_hero  co-page_hero__no_image\" aria-label=\"Encabezado: Pague su hipoteca\">\n\t\t<div class=\"co-page_hero--inner\">\n\t\t\t<div class=\"prow items-center\">\n\t\t\t\t\t\t\t\t<div class=\"co-page_hero--text\">\n\t\t\t\t\t\t\t\t\t\t<h1 class=\"co-page_hero--title\" >Paga tu hipoteca<\/h1>\t\t\t\t\t<p class=\"co-page_hero--tagline\">Realiza un pago en minutos.<\/p>\t\t\t\t<\/div>\n\t\t\t<\/div>\n\t\t<\/div>\n\t<\/header>\n\n\t<\/div>\n<\/div>\n\n\n<div class=\"co-flex_row co-flex_row__white co-flex_row__last co-flex_row__columns\" >\n\t<div class=\"co-flex_row--row co-row\">\n\t\t\t<div class=\"co-columns\">\n\t\t\t\t<header class=\"co-intro_text\">\n\t\t\t<h2 class=\"co-intro_text--title\">Realice los pagos de su hipoteca Sound Mortgage. <\/h2>\t\t<\/header>\n\t\t\t\t<div class=\"co-columns--row prow prow-md:2 prow-lg:3 co-columns--row__icons justify-center\">\n\t\t\t\t\t\t\t\t\t<div class=\"co-columns--box\">\n\t\t\t\t\t\t\t<svg\n\t\tclass=\"co-columns--box_icon IconComputerAlarm\"\n\t\tviewbox=\"0 0 83.6 70.857\"\n\t\twidth=\"83.6\"\n\t\theight=\"70.857\"\n\t>\n\t\t<title>Computer Alarm<\/title>\n\t\tclase=\u201denvoltorio\u201d&gt;\n\t<g transform=\"translate(-215.606 -221)\">\n\t\t<rect width=\"19.565\" height=\"10.846\" transform=\"translate(247.623 277.382)\" fill=\"#00205b\"\/>\n\t\t<path d=\"M130.05,267.837a3,3,0,0,1-3.005-3,3,3,0,0,0,3.005,3h0Z\" transform=\"translate(88.561 9.544)\" fill=\"#0561fc\"\/>\n\t\t<path d=\"M207.64,0H130.05a3,3,0,0,0-3.005,3V41.838h83.6V53.379a3,3,0,0,1-3.005,3h0a3,3,0,0,0,3.005-3V3.007a3,3,0,0,0-3.005-3\" transform=\"translate(88.561 220.998)\" fill=\"#00205b\"\/>\n\t\t<rect width=\"19.565\" transform=\"translate(247.623 277.381)\" fill=\"#0561fc\"\/>\n\t\t<path d=\"M127.045,207.57v11.541a3,3,0,0,0,3.005,3h77.589a3,3,0,0,0,3.005-3V207.57Z\" transform=\"translate(88.561 55.266)\" fill=\"#1f79af\"\/>\n\t\t<path d=\"M287.573,333.552H263.491v3.629H292.3v-3.629Z\" transform=\"translate(-20.384 -45.325)\" fill=\"#efc025\"\/>\n\t<\/g>\n\t<\/symbol>\t<\/svg>\n<h3 class=\"co-columns--box_headline\" >Pagar en l\u00ednea<\/h3><div class=\"co-columns--box_desc\"><p>Realice pagos en l\u00ednea a trav\u00e9s de <a href=\"https:\/\/soundcu.loanadministration.com\/soundcu\/#\/login\" rel=\"noopener\">Centro de pago de hipotecas<\/a>.<\/p>\n<\/div><div class=\"co-columns--box_button\"><\/div>\t\t\t\t\t<\/div>\n\t\t\t\t\t\t\t\t\t<div class=\"co-columns--box\">\n\t\t\t\t\t\t\t<svg\n\t\tclass=\"co-columns--box_icon IconDocument\"\n\t\tviewbox=\"0 0 68.424 72.069\"\n\t\twidth=\"68.424\"\n\t\theight=\"72.069\"\n\t>\n\t\t<title>Document<\/title>\n\t\tclase=\u201denvoltorio\u201d&gt;\n\t<g transform=\"translate(-328.544 -815.728)\">\n\t\t\t<path d=\"M981.1,2956.052v.133h-.047v4.933h9.235v-5.542a4.659,4.659,0,0,0-4.085-4.726v.1a5.1,5.1,0,0,0-5.1,5.1\" transform=\"translate(-593.321 -2135.101)\" fill=\"#00205b\"\/>\n\t\t\t<path d=\"M765.062,3308.245h0Z\" transform=\"translate(-420.862 -2420.462)\" fill=\"#eaf4fe\"\/>\n\t\t\t<path d=\"M736.068,3268.881v-1.625H687.387v1.625a6.636,6.636,0,0,0,6.636,6.636h43.684c.244,0,3.176.03,3.176,0l-.094-.023c-1.383-.341-4.72-.975-4.72-6.613\" transform=\"translate(-358.843 -2387.735)\" fill=\"#00205b\"\/>\n\t\t\t<path d=\"M776.036,2950.743h-37.23a6.636,6.636,0,0,0-6.636,6.636v57.157h39.655v1.625c0,5.638,3.337,6.272,4.72,6.613a6.506,6.506,0,0,0,5.788-6.613V2956.1h.047v-.133a5.1,5.1,0,0,1,5.1-5.1v-.12Zm-35.095,12.344h15.792v3.158H740.941Zm0,12.653h23.689v3.158H740.941Zm0,5.8h15.792v3.158H740.941Zm14.213,23.688H740.941v-3.158h14.213Zm9.476-7.877H740.941v-3.158H764.63Zm6.317-6.342H740.941v-3.158h30.006Z\" transform=\"translate(-394.599 -2135.015)\" fill=\"#1f79af\"\/>\n\t\t\t<rect width=\"15.792\" height=\"3.158\" transform=\"translate(346.342 846.525)\" fill=\"#efc025\"\/>\n\t\t\t<rect width=\"30.006\" height=\"3.158\" transform=\"translate(346.342 852.837)\" fill=\"#efc025\"\/>\n\t\t\t<rect width=\"23.689\" height=\"3.158\" transform=\"translate(346.342 859.178)\" fill=\"#efc025\"\/>\n\t\t\t<rect width=\"14.213\" height=\"3.159\" transform=\"translate(346.342 867.055)\" fill=\"#efc025\"\/>\n\t\t\t<rect width=\"15.792\" height=\"3.158\" transform=\"translate(346.342 828.072)\" fill=\"#efc025\"\/>\n\t\t\t<rect width=\"23.689\" height=\"3.158\" transform=\"translate(346.342 840.725)\" fill=\"#efc025\"\/>\n\t<\/g>\n\t<\/symbol>\t<\/svg>\n<h3 class=\"co-columns--box_headline\" >Env\u00eda tu pago por correo<\/h3><div class=\"co-columns--box_desc\"><p>Env\u00ede los pagos junto con su cup\u00f3n mensual desprendible a la siguiente direcci\u00f3n<\/p>\n<p>Sound Credit Union<br \/>\nAtenci\u00f3n: Procesamiento de pagos<br \/>\nApartado de correos 11733<br \/>\nNewark, NJ 07101-4733<\/p>\n<\/div><div class=\"co-columns--box_button\"><\/div>\t\t\t\t\t<\/div>\n\t\t\t\t\t\t\t<\/div>\n\t\t\t\t<\/div>\n\n\t<\/div>\n<\/div>","protected":false},"excerpt":{"rendered":"","protected":false},"author":9,"featured_media":0,"parent":2328,"menu_order":0,"comment_status":"closed","ping_status":"closed","template":"","meta":{"_acf_changed":false,"content-type":"","_searchwp_excluded":"","footnotes":""},"county":[],"class_list":["post-2335","page","type-page","status-publish","hentry"],"acf":[],"_links":{"self":[{"href":"https:\/\/www.soundcu.com\/es\/wp-json\/wp\/v2\/pages\/2335","targetHints":{"allow":["GET"]}}],"collection":[{"href":"https:\/\/www.soundcu.com\/es\/wp-json\/wp\/v2\/pages"}],"about":[{"href":"https:\/\/www.soundcu.com\/es\/wp-json\/wp\/v2\/types\/page"}],"author":[{"embeddable":true,"href":"https:\/\/www.soundcu.com\/es\/wp-json\/wp\/v2\/users\/9"}],"replies":[{"embeddable":true,"href":"https:\/\/www.soundcu.com\/es\/wp-json\/wp\/v2\/comments?post=2335"}],"version-history":[{"count":0,"href":"https:\/\/www.soundcu.com\/es\/wp-json\/wp\/v2\/pages\/2335\/revisions"}],"up":[{"embeddable":true,"href":"https:\/\/www.soundcu.com\/es\/wp-json\/wp\/v2\/pages\/2328"}],"wp:attachment":[{"href":"https:\/\/www.soundcu.com\/es\/wp-json\/wp\/v2\/media?parent=2335"}],"wp:term":[{"taxonomy":"county","embeddable":true,"href":"https:\/\/www.soundcu.com\/es\/wp-json\/wp\/v2\/county?post=2335"}],"curies":[{"name":"wp","href":"https:\/\/api.w.org\/{rel}","templated":true}]}}