{"id":2337,"date":"2023-08-14T18:12:39","date_gmt":"2023-08-15T01:12:39","guid":{"rendered":"https:\/\/www.soundcu.com\/personal\/auto-loans\/car-buying\/"},"modified":"2025-03-05T10:43:12","modified_gmt":"2025-03-05T18:43:12","slug":"car-buying","status":"publish","type":"page","link":"https:\/\/www.soundcu.com\/es\/personal\/auto-loans\/car-buying\/","title":{"rendered":"Pr\u00e9stamos para autom\u00f3viles y compra de coches"},"content":{"rendered":"<div class=\"co-flex_row co-flex_row__white co-flex_row__next_row_diff co-flex_row__page-hero co-flex_row__next_row__columns\" >\n\t<div class=\"co-flex_row--row co-row\">\n\t\t\t<header class=\"co-page_hero  co-page_hero__no_image\" aria-label=\"Encabezado: Pr\u00e9stamos para autom\u00f3viles y compra de coches\">\n\t\t<div class=\"co-page_hero--inner\">\n\t\t\t<div class=\"prow items-center\">\n\t\t\t\t\t\t\t\t<div class=\"co-page_hero--text\">\n\t\t\t\t\t\t\t\t\t\t<h1 class=\"co-page_hero--title\" >Pr\u00e9stamos para autom\u00f3viles y compra de coches<\/h1>\t\t\t\t\t<p class=\"co-page_hero--tagline\">Financia tu pr\u00f3ximo veh\u00edculo con total confianza. <\/p>\t\t\t\t<\/div>\n\t\t\t<\/div>\n\t\t<\/div>\n\t<\/header>\n\n\t<\/div>\n<\/div>\n\n\n<div class=\"co-flex_row co-flex_row__blue co-flex_row__last co-flex_row__columns\" >\n\t<div class=\"co-flex_row--row co-row\">\n\t\t\t<div class=\"co-columns\">\n\t\t\t\t<header class=\"co-intro_text\">\n\t\t\t<div class=\"co-intro_text--intro\"><p>Sound ofrece diversas opciones para comprar un coche y sacarle el m\u00e1ximo partido a su veh\u00edculo.<\/p>\n<\/div>\t\t<\/header>\n\t\t\t\t<div class=\"co-columns--row prow prow-md:2 prow-lg:4 co-columns--row__images justify-center\">\n\t\t\t\t\t\t\t\t\t<div class=\"co-columns--box\">\n\t\t\t\t\t\t<img loading=\"lazy\" decoding=\"async\" width=\"642\" height=\"540\" src=\"https:\/\/www.soundcu.com\/files\/iStock-1331288336_642x540-1.jpg\" class=\"co-columns--box_image\" alt=\"Lease Buyout Auto Loans\" srcset=\"https:\/\/www.soundcu.com\/files\/iStock-1331288336_642x540-1.jpg 642w, https:\/\/www.soundcu.com\/files\/iStock-1331288336_642x540-1-540x454.jpg 540w, https:\/\/www.soundcu.com\/files\/iStock-1331288336_642x540-1-396x333.jpg 396w, https:\/\/www.soundcu.com\/files\/iStock-1331288336_642x540-1-75x63.jpg 75w\" sizes=\"auto, (max-width: 642px) 100vw, 642px\" \/><h2 class=\"co-columns--box_headline\" >Obt\u00e9n un pr\u00e9stamo para autom\u00f3vil<\/h2><div class=\"co-columns--box_desc\"><p>Ll\u00e9vate el coche de tus sue\u00f1os con nuestros pr\u00e9stamos para autom\u00f3viles sin complicaciones.<\/p>\n<\/div><div class=\"co-columns--box_button\"><a class=\"co-columns--button co-button gtm-button\" href=\"https:\/\/www.soundcu.com\/es\/speed-bump\/?url=https%3A%2F%2Fwww.soundcu.com%2Fpersonal%2Fauto-loans%2Fget-auto-loan%2F&#038;prev=https%3A%2F%2Fwww.soundcu.com%2Fes%2Fpersonal%2Fauto-loans%2Fcar-buying%2F\"  >Financia tu veh\u00edculo<\/a><\/div>\t\t\t\t\t<\/div>\n\t\t\t\t\t\t\t\t\t<div class=\"co-columns--box\">\n\t\t\t\t\t\t<img loading=\"lazy\" decoding=\"async\" width=\"642\" height=\"540\" src=\"https:\/\/www.soundcu.com\/files\/iStock-1385115984_642x540.jpg\" class=\"co-columns--box_image\" alt=\"You can refinance your automobile for cash\" srcset=\"https:\/\/www.soundcu.com\/files\/iStock-1385115984_642x540.jpg 642w, https:\/\/www.soundcu.com\/files\/iStock-1385115984_642x540-540x454.jpg 540w, https:\/\/www.soundcu.com\/files\/iStock-1385115984_642x540-396x333.jpg 396w, https:\/\/www.soundcu.com\/files\/iStock-1385115984_642x540-75x63.jpg 75w\" sizes=\"auto, (max-width: 642px) 100vw, 642px\" \/><h2 class=\"co-columns--box_headline\" >Refinanciar mi pr\u00e9stamo de auto<\/h2><div class=\"co-columns--box_desc\"><p>Consigue ahorros, mejores tasas de inter\u00e9s y reduce tus pagos mensuales al refinanciar con Sound hoy mismo.<\/p>\n<\/div><div class=\"co-columns--box_button\"><a class=\"co-columns--button co-button gtm-button\" href=\"https:\/\/www.soundcu.com\/es\/speed-bump\/?url=https%3A%2F%2Fwww.soundcu.com%2Fpersonal%2Fauto-loans%2Frefinance%2F&#038;prev=https%3A%2F%2Fwww.soundcu.com%2Fes%2Fpersonal%2Fauto-loans%2Fcar-buying%2F\"  >M\u00e1s informaci\u00f3n<\/a><\/div>\t\t\t\t\t<\/div>\n\t\t\t\t\t\t\t\t\t<div class=\"co-columns--box\">\n\t\t\t\t\t\t<img loading=\"lazy\" decoding=\"async\" width=\"642\" height=\"540\" src=\"https:\/\/www.soundcu.com\/files\/iStock-1657121781_542x640.jpg\" class=\"co-columns--box_image\" alt=\"shopping for a new car on showroom floor with salesperson\" srcset=\"https:\/\/www.soundcu.com\/files\/iStock-1657121781_542x640.jpg 642w, https:\/\/www.soundcu.com\/files\/iStock-1657121781_542x640-540x454.jpg 540w, https:\/\/www.soundcu.com\/files\/iStock-1657121781_542x640-396x333.jpg 396w, https:\/\/www.soundcu.com\/files\/iStock-1657121781_542x640-75x63.jpg 75w\" sizes=\"auto, (max-width: 642px) 100vw, 642px\" \/><h2 class=\"co-columns--box_headline\" >Compra un veh\u00edculo<\/h2><div class=\"co-columns--box_desc\"><p>AutoSMART te permite investigar veh\u00edculos, comprar en concesionarios locales en l\u00ednea e incluso solicitar financiaci\u00f3n de Sound, todo en un mismo lugar.<\/p>\n<\/div><div class=\"co-columns--box_button\"><a class=\"co-columns--button co-button gtm-button\" href=\"https:\/\/soundcu.cudlautosmart.com\/\" rel=\"noopener\">Empieza a comprar<\/a><\/div>\t\t\t\t\t<\/div>\n\t\t\t\t\t\t\t\t\t<div class=\"co-columns--box\">\n\t\t\t\t\t\t<img loading=\"lazy\" decoding=\"async\" width=\"642\" height=\"540\" src=\"https:\/\/www.soundcu.com\/files\/iStock-521085904_642x540.jpg\" class=\"co-columns--box_image\" alt=\"Golden Retriever Looking Out Of Car Window\" srcset=\"https:\/\/www.soundcu.com\/files\/iStock-521085904_642x540.jpg 642w, https:\/\/www.soundcu.com\/files\/iStock-521085904_642x540-540x454.jpg 540w, https:\/\/www.soundcu.com\/files\/iStock-521085904_642x540-396x333.jpg 396w, https:\/\/www.soundcu.com\/files\/iStock-521085904_642x540-75x63.jpg 75w\" sizes=\"auto, (max-width: 642px) 100vw, 642px\" \/><h2 class=\"co-columns--box_headline\" >Pr\u00e9stamos para autom\u00f3viles con garant\u00eda de capital<\/h2><div class=\"co-columns--box_desc\"><p>Utiliza el valor acumulado de tu autom\u00f3vil para obtener el efectivo que necesitas. Sound puede financiar hasta 145% del valor de tu veh\u00edculo, si tu cr\u00e9dito lo permite.<\/p>\n<\/div><div class=\"co-columns--box_button\"><a class=\"co-columns--button co-button gtm-button\" href=\"https:\/\/www.soundcu.com\/es\/speed-bump\/?url=https%3A%2F%2Fwww.soundcu.com%2Fpersonal%2Fauto-loans%2Fequity%2F&#038;prev=https%3A%2F%2Fwww.soundcu.com%2Fes%2Fpersonal%2Fauto-loans%2Fcar-buying%2F\">M\u00e1s informaci\u00f3n<\/a><\/div>\t\t\t\t\t<\/div>\n\t\t\t\t\t\t\t<\/div>\n\t\t\t\t<\/div>\n\n\t<\/div>\n<\/div>","protected":false},"excerpt":{"rendered":"","protected":false},"author":9,"featured_media":0,"parent":2336,"menu_order":0,"comment_status":"closed","ping_status":"closed","template":"","meta":{"_acf_changed":false,"content-type":"","_searchwp_excluded":"","footnotes":""},"county":[],"class_list":["post-2337","page","type-page","status-publish","hentry"],"acf":[],"_links":{"self":[{"href":"https:\/\/www.soundcu.com\/es\/wp-json\/wp\/v2\/pages\/2337","targetHints":{"allow":["GET"]}}],"collection":[{"href":"https:\/\/www.soundcu.com\/es\/wp-json\/wp\/v2\/pages"}],"about":[{"href":"https:\/\/www.soundcu.com\/es\/wp-json\/wp\/v2\/types\/page"}],"author":[{"embeddable":true,"href":"https:\/\/www.soundcu.com\/es\/wp-json\/wp\/v2\/users\/9"}],"replies":[{"embeddable":true,"href":"https:\/\/www.soundcu.com\/es\/wp-json\/wp\/v2\/comments?post=2337"}],"version-history":[{"count":6,"href":"https:\/\/www.soundcu.com\/es\/wp-json\/wp\/v2\/pages\/2337\/revisions"}],"predecessor-version":[{"id":14123,"href":"https:\/\/www.soundcu.com\/es\/wp-json\/wp\/v2\/pages\/2337\/revisions\/14123"}],"up":[{"embeddable":true,"href":"https:\/\/www.soundcu.com\/es\/wp-json\/wp\/v2\/pages\/2336"}],"wp:attachment":[{"href":"https:\/\/www.soundcu.com\/es\/wp-json\/wp\/v2\/media?parent=2337"}],"wp:term":[{"taxonomy":"county","embeddable":true,"href":"https:\/\/www.soundcu.com\/es\/wp-json\/wp\/v2\/county?post=2337"}],"curies":[{"name":"wp","href":"https:\/\/api.w.org\/{rel}","templated":true}]}}