{"id":2338,"date":"2023-08-14T18:12:39","date_gmt":"2023-08-15T01:12:39","guid":{"rendered":"https:\/\/www.soundcu.com\/shop\/"},"modified":"2024-01-18T22:09:11","modified_gmt":"2024-01-19T06:09:11","slug":"shop","status":"publish","type":"page","link":"https:\/\/www.soundcu.com\/es\/personal\/auto-loans\/car-buying\/shop\/","title":{"rendered":"Compra un veh\u00edculo"},"content":{"rendered":"<div class=\"co-flex_row co-flex_row__blue co-flex_row__next_row_diff co-flex_row__page-hero co-flex_row__next_row__page-intro\" >\n\t<div class=\"co-flex_row--row co-row\">\n\t\t\t<header class=\"co-page_hero  co-page_hero__has_image\" aria-label=\"Encabezado: Compra un veh\u00edculo\">\n\t\t<div class=\"co-page_hero--inner\">\n\t\t\t<div class=\"prow items-center\">\n\t\t\t\t\t\t\t\t\t<div class=\"co-page_hero--img_wrap pcol-lg:6 pcol-xl:7\">\n\t\t\t\t\t\t<div class=\"co-page_hero--mask\"><svg width=\"997.021\" height=\"609.682\" viewbox=\"0 0 997.021 609.682\"><defs><clippath id=\"svgPathHero\"><path d=\"M299.014.148H0V609.681H299.014c480.632.192,698.007-296.752,698.007-296.752C691.761-16.846,299.014.148,299.014.148\"\/><\/clippath><\/defs><image id=\"image_69efb2f32719a\" xlink:href=\"https:\/\/www.soundcu.com\/files\/shop-for-a-vehicle.jpg\" src=\"https:\/\/www.soundcu.com\/files\/shop-for-a-vehicle.jpg\" clip-path=\"url(#svgPathHero)\"  alt=\"Father and child wearing sunglasses and high-fiving in a car\" \/><\/svg><\/div>\t\t\t\t\t<\/div>\n\t\t\t\t\t\t\t\t<div class=\"co-page_hero--text pcol-lg:6 pcol-xl:5\">\n\t\t\t\t\t\t\t\t\t\t<h1 class=\"co-page_hero--title\" >Compra un veh\u00edculo<\/h1>\t\t\t\t\t<p class=\"co-page_hero--tagline\">Encuentra el coche que buscas, cerca de casa.<\/p>\t\t\t\t<\/div>\n\t\t\t<\/div>\n\t\t<\/div>\n\t<\/header>\n\n\t<\/div>\n<\/div>\n\n\n<div class=\"co-flex_row co-flex_row__white co-flex_row__page-intro co-flex_row__next_row__sticky-nav\" >\n\t<div class=\"co-flex_row--row co-row\">\n\t\t\t<div class=\"co-page_intro\">\n\t\t<div class=\"co-page_intro--desc\"><p>Sound Credit Union tiene acuerdos de colaboraci\u00f3n con concesionarios locales que velan por sus mejores intereses.<\/p>\n<\/div>\t<\/div>\n\n\t<\/div>\n<\/div>\n\n\n<div class=\"co-flex_row co-flex_row__sticky-nav co-flex_row__next_row__columns\" >\n\t<div class=\"co-flex_row--row co-row\">\n\t\t\t<div class=\"co-sticky_nav_wrap is-active\" id=\"js-sticky_nav_wrap\">\n\t\t<nav\n\t\t\tclass=\"co-sticky_nav\"\n\t\t\tid=\"js-sticky_nav\"\n\t\t\taria-label=\"en la navegaci\u00f3n de anclaje de p\u00e1gina\"\n\t\t>\n\t\t\t<div class=\"co-sticky_nav--mobile\">\n\t\t\t\t<button\n\t\t\t\t\tclass=\"co-sticky_nav--toggle\"\n\t\t\t\t\tid=\"js-sticky_nav_toggle\"\n\t\t\t\t\taria-label=\"Abrir y cerrar men\u00fa de p\u00e1gina\"\n\t\t\t\t>Men\u00fa de p\u00e1gina<\/button>\n\t\t\t<\/div>\n\t\t\t<div\n\t\t\t\tclass=\"co-sticky_nav--row co-row\"\n\t\t\t\tid=\"js-sticky_nav_links\"\n\t\t\t>\n\t\t\t\t\t\t\t\t\t<a\n\t\t\t\t\t\thref=\"#shop\"\n\t\t\t\t\t\tclass=\"co-sticky_nav--link\t\t\t\t\t\t\tjs-sticky_nav_item\"\n\t\t\t\t\t\t\t\t\t\t\t>\n\t\t\t\t\t\tCompra online\t\t\t\t\t<\/a>\n\t\t\t\t\t\t\t\t\t<a\n\t\t\t\t\t\thref=\"#dealer\"\n\t\t\t\t\t\tclass=\"co-sticky_nav--link\t\t\t\t\t\t\tjs-sticky_nav_item\"\n\t\t\t\t\t\t\t\t\t\t\t>\n\t\t\t\t\t\tEncuentra un distribuidor\t\t\t\t\t<\/a>\n\t\t\t\t\t\t\t\t\t<a\n\t\t\t\t\t\thref=\"#prequal\"\n\t\t\t\t\t\tclass=\"co-sticky_nav--link\t\t\t\t\t\t\tjs-sticky_nav_item\"\n\t\t\t\t\t\t\t\t\t\t\t>\n\t\t\t\t\t\tObtenga la precalificaci\u00f3n\t\t\t\t\t<\/a>\n\t\t\t\t\t\t\t<\/div>\n\t\t<\/nav>\n\t<\/div>\n\n\t<\/div>\n<\/div>\n\n\n<div class=\"co-flex_row co-flex_row__white co-flex_row__columns co-flex_row__next_row__testimonial\" >\n\t<div class=\"co-flex_row--row co-row\">\n\t\t\t<div class=\"co-columns\">\n\t\t\t\t<header class=\"co-intro_text\">\n\t\t\t<h2 class=\"co-intro_text--title\">Nuevos, usados, de combustible o el\u00e9ctricos.<\/h2><div class=\"co-intro_text--intro\"><p>Compra online o en persona en los concesionarios participantes para encontrar el coche que necesitas.<\/p>\n<\/div>\t\t<\/header>\n\t\t\t\t<div class=\"co-columns--row prow prow-md:2 prow-lg:3 co-columns--row__images justify-center\">\n\t\t\t\t\t\t\t\t\t<div class=\"co-columns--box\">\n\t\t\t\t\t\t<h3 class=\"co-columns--box_headline\" >Busca, compra y financia desde casa.<\/h3><div class=\"co-columns--box_desc\"><p>Encuentra tu coche, SUV, autocaravana, barco o moto acu\u00e1tica ideal desde la comodidad de tu sof\u00e1.\u00a0<strong>AutoSMART<\/strong>\u00a0Te permite investigar veh\u00edculos, comprar en concesionarios locales en l\u00ednea e incluso solicitar financiaci\u00f3n de Sound, todo en un mismo lugar.<\/p>\n<\/div><div class=\"co-columns--box_button\"><a class=\"co-columns--button co-button gtm-button\" href=\"https:\/\/soundcu.cudlautosmart.com\/\" target=\"_blank\" rel=\"noopener\">COMPRA VEH\u00cdCULOS EN L\u00cdNEA<\/a><\/div>\t\t\t\t\t<\/div>\n\t\t\t\t\t\t\t\t\t<div class=\"co-columns--box\">\n\t\t\t\t\t\t<h3 class=\"co-columns--box_headline\" >Compra directamente en los concesionarios participantes.<\/h3><div class=\"co-columns--box_desc\"><p>\u00bfTiene un distribuidor favorito? Espere nuestra\u00a0<strong>Distribuidores PLUS<\/strong>\u00a0Para brindarle transparencia, confianza y una experiencia de compra de autom\u00f3viles sin estr\u00e9s.<\/p>\n<\/div><div class=\"co-columns--box_button\"><a class=\"co-columns--button co-button gtm-button\" href=\"https:\/\/soundcu.cudlautosmart.com\/Dealer?ASXOnly=true&#038;ZipCode=98402\" target=\"_blank\" rel=\"noopener\">ENCUENTRA UN DISTRIBUIDOR PLUS<\/a><\/div>\t\t\t\t\t<\/div>\n\t\t\t\t\t\t\t<\/div>\n\t\t\t\t<\/div>\n\n\t<\/div>\n<\/div>\n\n\n<div class=\"co-flex_row co-flex_row__white co-flex_row__testimonial co-flex_row__next_row__blog-feed\" >\n\t<div class=\"co-flex_row--row co-row\">\n\t\t\t<div class=\"co-testis\">\n\t\t\t\t<header class=\"co-intro_text\">\n\t\t\t<h2 class=\"co-intro_text--title\">T\u00edtulo de la secci\u00f3n<\/h2>\t\t<\/header>\n\t<blockquote class=\"co-testi--quote_text\"><p>\u00bfTestimonio de un miembro indirecto aqu\u00ed?<\/p>\n<\/blockquote>\t\t<div class=\"co-testi co-testi__no_image\">\n\t\t\t\t\t\t<div class=\"co-testi--attribution co-testi--attribution__center\">\n\t\t\t\t<cite class=\"co-testi--attr\">Lisa E.<\/cite><div class=\"co-testi--descriptor\">Tacoma, WA<\/div>\t\t\t<\/div>\n\t\t<\/div>\n\t\t<svg class=\"co-testis__svg\" width=\"377.943\" height=\"163.666\" viewbox=\"0 0 377.943 163.666\">\n\t\t\t\t<path d=\"M694.863,145.316c-116.926-112.5-257.349-46.268-377.943,0C436.886,186.329,587.092,254.31,694.863,145.316Z\" transform=\"translate(-316.92 -53.17)\" fill=\"#71c4e8\"\/>\n\t\t\t\t<path d=\"M461.6,107.088c-44.759-43.064-98.513-17.711-144.677,0C362.843,122.788,420.342,148.811,461.6,107.088Z\" transform=\"translate(-103.436 34.032)\" fill=\"#00205b\"\/>\n\t\t\t\t<path d=\"M505.892,114.347c-58.463-56.249-128.674-23.134-188.972,0C376.9,134.854,452.006,168.844,505.892,114.347Z\" transform=\"translate(-264.92 -83.379)\" fill=\"#1f79af\"\/>\n\t\t<\/svg>\n\t<\/div>\n\n\t<\/div>\n<\/div>\n\n\n<div class=\"co-flex_row co-flex_row__white co-flex_row__blog-feed co-flex_row__next_row__multi-path-cta\" >\n\t<div class=\"co-flex_row--row co-row\">\n\t\t<div class=\"co-bf\">\n\t\t\t<header class=\"co-intro_text\">\n\t\t\t<h2 class=\"co-intro_text--title\">T\u00edtulo de la secci\u00f3n<\/h2><div class=\"co-intro_text--intro\"><p>Introducci\u00f3n a la secci\u00f3n Lorem ipsum dolor sit amet, consectetur adipiscing elit, sed do eiusmod tempor incididunt ut labore et dolore magna aliqua.<\/p>\n<\/div>\t\t<\/header>\n\t\t<div class=\"co-bf--list prow prow-md:2 prow-lg:3\">\n\t\t\t<\/div>\n\t<\/div>\n\t<\/div>\n<\/div>\n\n\n<div class=\"co-flex_row co-flex_row__white co-flex_row__multi-path-cta co-flex_row__next_row__disclosures\" >\n\t<div class=\"co-flex_row--row co-row\">\n\t\t\t<div class=\"co-mp_ctas\">\n\t\t\t\t<header class=\"co-intro_text\">\n\t\t\t<h2 class=\"co-intro_text--title\">\u00a1P\u00f3ngase en marcha con su pr\u00e9stamo para autom\u00f3vil!<\/h2>\t\t<\/header>\n\t\t\t<div class=\"co-mp_ctas--list prow justify-center\">\n\t\t\t\t\t\t\t\t\t\t\t<div class=\"co-mp_cta pcol-lg:4\">\n\t\t\t\t\t<div class=\"co-mp_cta--title\">\n\t\t\t\t\t\tComienza ahora\t\t\t\t\t<\/div>\n\t\t\t\t\t<a class=\"co-mp_cta--link gtm-button\" href=\"https:\/\/www.soundcu.com\/es\/speed-bump\/?url=https%3A%2F%2Fwww.soundcu.com%2Fpersonal%2Fapply-for-a-loan%2F&#038;prev=https%3A%2F%2Fwww.soundcu.com%2Fes%2Fpersonal%2Fauto-loans%2Fcar-buying%2Fshop%2F\">Solicita en l\u00ednea<\/a>\t\t\t\t<\/div>\n\t\t\t\t\t\t\t\t\t\t\t<div class=\"co-mp_cta pcol-lg:4\">\n\t\t\t\t\t<div class=\"co-mp_cta--title\">\n\t\t\t\t\t\tVisite una sucursal local.\t\t\t\t\t<\/div>\n\t\t\t\t\t<a class=\"co-mp_cta--link gtm-button\" href=\"https:\/\/www.soundcu.com\/es\/speed-bump\/?url=https%3A%2F%2Fwww.soundcu.com%2Fbranches%2F&#038;prev=https%3A%2F%2Fwww.soundcu.com%2Fes%2Fpersonal%2Fauto-loans%2Fcar-buying%2Fshop%2F\">Encuentra una sucursal<\/a>\t\t\t\t<\/div>\n\t\t\t\t\t\t\t\t\t\t\t<div class=\"co-mp_cta pcol-lg:4\">\n\t\t\t\t\t<div class=\"co-mp_cta--title\">\n\t\t\t\t\t\tLl\u00e1menos\t\t\t\t\t<\/div>\n\t\t\t\t\t\t\t\t\t\t\t<div class=\"co-mp_cta--content\">\n\t\t\t\t\t\t\t<p><a href=\"tel:8005628130\">800.562.8130<\/a><\/p>\n\t\t\t\t\t\t<\/div>\n\t\t\t\t\t\t\t\t\t<\/div>\n\t\t\t\t\t<\/div>\n\t<\/div>\n\n\t<\/div>\n<\/div>\n\n\n<div class=\"co-flex_row co-flex_row__white co-flex_row__last co-flex_row__disclosures\" >\n\t<div class=\"co-flex_row--row co-row\">\n\t\t\t<div class=\"co-disclosures\">\n\t\t<h2 class=\"co-disclosures--title\">Divulgaciones<\/h2>\n\t\t<div class=\"co-disclosures--content\">\n\t\t\t<div class=\"small-text\">\n<p>La TAE es la Tasa Anual Equivalente. Su tasa y plazo se determinar\u00e1n seg\u00fan su solvencia crediticia. Es posible que se requiera verificaci\u00f3n de ingresos. Debe tener 18 a\u00f1os de edad para calificar para el pr\u00e9stamo. Las promociones de pr\u00e9stamos no se pueden combinar con ninguna otra oferta o descuento. Las tasas est\u00e1n sujetas a cambios. El a\u00f1o del modelo debe ser de los \u00faltimos 10 a\u00f1os para calificar para las tasas mencionadas anteriormente. Los veh\u00edculos m\u00e1s antiguos pueden calificar con una tasa y plazo diferentes. Los veh\u00edculos h\u00edbridos que califican son elegibles para un descuento de TAE de 0.25%. El descuento de TAE de 0.25% est\u00e1 disponible en pr\u00e9stamos de consumo seleccionados con pago autom\u00e1tico configurado desde una cuenta corriente Sound que califique. El prestatario principal debe ser el titular principal o cotitular de la cuenta corriente. La tasa con descuento puede volver a una tasa no promocional si el pago autom\u00e1tico se cancela en cualquier momento durante el plazo del pr\u00e9stamo.<\/p>\n<\/div>\n\t\t<\/div>\n\t<\/div>\n\n\t<\/div>\n<\/div>","protected":false},"excerpt":{"rendered":"","protected":false},"author":9,"featured_media":0,"parent":2337,"menu_order":0,"comment_status":"closed","ping_status":"closed","template":"","meta":{"_acf_changed":false,"content-type":"","_searchwp_excluded":"","footnotes":""},"county":[],"class_list":["post-2338","page","type-page","status-publish","hentry"],"acf":[],"_links":{"self":[{"href":"https:\/\/www.soundcu.com\/es\/wp-json\/wp\/v2\/pages\/2338","targetHints":{"allow":["GET"]}}],"collection":[{"href":"https:\/\/www.soundcu.com\/es\/wp-json\/wp\/v2\/pages"}],"about":[{"href":"https:\/\/www.soundcu.com\/es\/wp-json\/wp\/v2\/types\/page"}],"author":[{"embeddable":true,"href":"https:\/\/www.soundcu.com\/es\/wp-json\/wp\/v2\/users\/9"}],"replies":[{"embeddable":true,"href":"https:\/\/www.soundcu.com\/es\/wp-json\/wp\/v2\/comments?post=2338"}],"version-history":[{"count":0,"href":"https:\/\/www.soundcu.com\/es\/wp-json\/wp\/v2\/pages\/2338\/revisions"}],"up":[{"embeddable":true,"href":"https:\/\/www.soundcu.com\/es\/wp-json\/wp\/v2\/pages\/2337"}],"wp:attachment":[{"href":"https:\/\/www.soundcu.com\/es\/wp-json\/wp\/v2\/media?parent=2338"}],"wp:term":[{"taxonomy":"county","embeddable":true,"href":"https:\/\/www.soundcu.com\/es\/wp-json\/wp\/v2\/county?post=2338"}],"curies":[{"name":"wp","href":"https:\/\/api.w.org\/{rel}","templated":true}]}}