{"id":2348,"date":"2023-08-14T18:12:40","date_gmt":"2023-08-15T01:12:40","guid":{"rendered":"https:\/\/www.soundcu.com\/personal\/insurance\/homeowners\/"},"modified":"2025-11-20T07:38:25","modified_gmt":"2025-11-20T15:38:25","slug":"homeowners","status":"publish","type":"page","link":"https:\/\/www.soundcu.com\/es\/personal\/insurance\/homeowners\/","title":{"rendered":"Seguro para propietarios de vivienda"},"content":{"rendered":"<div class=\"co-flex_row co-flex_row__blue co-flex_row__page-hero co-flex_row__next_row__page-intro\" >\n\t<div class=\"co-flex_row--row co-row\">\n\t\t\t<header class=\"co-page_hero  co-page_hero__has_image\" aria-label=\"Header: Homeowners Insurance\">\n\t\t<div class=\"co-page_hero--inner\">\n\t\t\t<div class=\"prow items-center\">\n\t\t\t\t\t\t\t\t\t<div class=\"co-page_hero--img_wrap pcol-lg:6 pcol-xl:7\">\n\t\t\t\t\t\t<div class=\"co-page_hero--mask\"><svg width=\"997.021\" height=\"609.682\" viewbox=\"0 0 997.021 609.682\"><defs><clippath id=\"svgPathHero\"><path d=\"M299.014.148H0V609.681H299.014c480.632.192,698.007-296.752,698.007-296.752C691.761-16.846,299.014.148,299.014.148\"\/><\/clippath><\/defs><image id=\"image_69e95138d1220\" xlink:href=\"https:\/\/www.soundcu.com\/files\/GettyImages-478167773_997x610.jpg\" src=\"https:\/\/www.soundcu.com\/files\/GettyImages-478167773_997x610.jpg\" clip-path=\"url(#svgPathHero)\"  alt=\"Women in coffee shop smiling at camera\" \/><\/svg><\/div>\t\t\t\t\t<\/div>\n\t\t\t\t\t\t\t\t<div class=\"co-page_hero--text pcol-lg:6 pcol-xl:5\">\n\t\t\t\t\t\t\t\t\t\t\t<h1 class=\"co-page_hero--sup_heading\">\n\t\t\t\t\t\t\tSeguro para propietarios de vivienda\t\t\t\t\t\t<\/h1>\n\t\t\t\t\t\t\t\t\t\t<h2 class=\"co-page_hero--title\" >Seguro para propietarios de vivienda<\/h2>\t\t\t\t\t<p class=\"co-page_hero--tagline\">Proteja su hogar con un seguro integral para propietarios de viviendas.<\/p>\t\t\t\t\t\t<div class=\"co-page_hero--buttons\">\n\t\t\t\t\t\t\t<a class=\"co-page_hero--button gtm-button\" href=\"https:\/\/www.soundcu.com\/es\/speed-bump\/?url=https%3A%2F%2Fwww.soundcu.com%2Fpersonal%2Finsurance%2F&#038;prev=https%3A%2F%2Fwww.soundcu.com%2Fes%2Fpersonal%2Finsurance%2Fhomeowners%2F\">Seguro<\/a>\t\t\t\t\t\t<\/div>\n\t\t\t\t\t\t\t\t\t\t<\/div>\n\t\t\t<\/div>\n\t\t<\/div>\n\t<\/header>\n\n\t<\/div>\n<\/div>\n\n\n<div class=\"co-flex_row co-flex_row__blue co-flex_row__page-intro co-flex_row__next_row__sticky-nav\" >\n\t<div class=\"co-flex_row--row co-row\">\n\t\t\t<div class=\"co-page_intro\">\n\t\t<div class=\"co-page_intro--desc\"><p>Tu hogar es m\u00e1s que un simple lugar para vivir; es una inversi\u00f3n importante que merece protecci\u00f3n.<\/p>\n<\/div>\t<\/div>\n\n\t<\/div>\n<\/div>\n\n\n<div class=\"co-flex_row co-flex_row__sticky-nav co-flex_row__next_row__columns\" >\n\t<div class=\"co-flex_row--row co-row\">\n\t\t\t<div class=\"co-sticky_nav_wrap is-active\" id=\"js-sticky_nav_wrap\">\n\t\t<nav\n\t\t\tclass=\"co-sticky_nav\"\n\t\t\tid=\"js-sticky_nav\"\n\t\t\taria-label=\"en la navegaci\u00f3n de anclaje de p\u00e1gina\"\n\t\t>\n\t\t\t<div class=\"co-sticky_nav--mobile\">\n\t\t\t\t<button\n\t\t\t\t\tclass=\"co-sticky_nav--toggle\"\n\t\t\t\t\tid=\"js-sticky_nav_toggle\"\n\t\t\t\t\taria-label=\"Abrir y cerrar men\u00fa de p\u00e1gina\"\n\t\t\t\t>Men\u00fa de p\u00e1gina<\/button>\n\t\t\t<\/div>\n\t\t\t<div\n\t\t\t\tclass=\"co-sticky_nav--row co-row\"\n\t\t\t\tid=\"js-sticky_nav_links\"\n\t\t\t>\n\t\t\t\t\t\t\t\t\t<a\n\t\t\t\t\t\thref=\"#benefits\"\n\t\t\t\t\t\tclass=\"co-sticky_nav--link\t\t\t\t\t\t\tjs-sticky_nav_item\"\n\t\t\t\t\t\t\t\t\t\t\t>\n\t\t\t\t\t\tBeneficios\t\t\t\t\t<\/a>\n\t\t\t\t\t\t\t\t\t<a\n\t\t\t\t\t\thref=\"#faqs\"\n\t\t\t\t\t\tclass=\"co-sticky_nav--link\t\t\t\t\t\t\tjs-sticky_nav_item\"\n\t\t\t\t\t\t\t\t\t\t\t>\n\t\t\t\t\t\tPreguntas frecuentes\t\t\t\t\t<\/a>\n\t\t\t\t\t\t\t\t\t<a\n\t\t\t\t\t\thref=\"#quote\"\n\t\t\t\t\t\tclass=\"co-sticky_nav--link\t\t\t\t\t\t\tjs-sticky_nav_item\"\n\t\t\t\t\t\t\t\t\t\t\t>\n\t\t\t\t\t\tSolicita un presupuesto\t\t\t\t\t<\/a>\n\t\t\t\t\t\t\t<\/div>\n\t\t<\/nav>\n\t<\/div>\n\n\t<\/div>\n<\/div>\n\n\n<div class=\"co-flex_row co-flex_row__white co-flex_row__next_row_diff co-flex_row__columns co-flex_row__next_row__long-form-text\" id=\"benefits\">\n\t<div class=\"co-flex_row--row co-row\">\n\t\t\t<div class=\"co-columns\">\n\t\t\t\t<header class=\"co-intro_text\">\n\t\t\t<div class=\"co-intro_text--intro\"><p>Proteja su hogar, su familia y sus pertenencias.<\/p>\n<\/div>\t\t<\/header>\n\t\t\t\t<div class=\"co-columns--row prow prow-md:2 prow-lg:3 co-columns--row__icons justify-center\">\n\t\t\t\t\t\t\t\t\t<div class=\"co-columns--box\">\n\t\t\t\t\t\t\t<svg\n\t\tclass=\"co-columns--box_icon IconDocumentSignature\"\n\t\tviewbox=\"0 0 71.673 70.757\"\n\t\twidth=\"71.673\"\n\t\theight=\"70.757\"\n\t>\n\t\t<title>Document Signature<\/title>\n\t\tclase=\u201denvoltorio\u201d&gt;\n\t<g transform=\"translate(-694.115 -1370.371)\">\n\t\t\t<path d=\"M2544.279,5758.327v2.948h29.912v-2.948\" transform=\"translate(-1841.475 -4376.725)\" fill=\"#fff\"\/>\n\t\t\t<path d=\"M2553.314,5787.582v2.949h23.668v-2.949\" transform=\"translate(-1848.689 -4400.083)\" fill=\"#fff\"\/>\n\t\t\t<path d=\"M2544.279,5816.837v2.948h19.593v-2.948\" transform=\"translate(-1841.475 -4423.443)\" fill=\"#fff\"\/>\n\t\t\t<path d=\"M2728.435,5785.135l-2.085-2.085-4.8,4.8-10.833,10.833,2.085,2.085,4.169,4.169,2.085,2.085,2.494-2.495,13.141-13.142-2.085-2.084Z\" transform=\"translate(-1974.365 -4396.465)\" fill=\"#00205b\"\/>\n\t\t\t<path d=\"M2615.739,5873.054l-2.084-2.085-2.963,2.963-.678.692a114.229,114.229,0,0,0-12.137,14.015c-2.631,3.731-3.811,6.3-3.632,7.995l-2.479,2.479,2.084,2.084,2.429-2.428a3.247,3.247,0,0,0,.461.034c1.692,0,4.164-1.193,7.65-3.651a114.231,114.231,0,0,0,14.015-12.137l.681-.8,2.908-2.908-2.085-2.085Z\" transform=\"translate(-1879.389 -4466.664)\" fill=\"#00205b\"\/>\n\t\t\t<path d=\"M2809.055,5759.329l-2.085-2.085a4.43,4.43,0,0,0-6.254,0l-2.084,2.085,2.085,2.084,4.169,4.169,2.085,2.085,2.084-2.085a4.421,4.421,0,0,0,0-6.253\" transform=\"translate(-2044.562 -4374.829)\" fill=\"#00205b\"\/>\n\t\t\t<path d=\"M2730.559,5766.573l-4.17-4.169-2.085-2.084-3.127-3.127-3.759,3.759-11.876,11.876,2.085,2.084,9.791-9.792,3.759-3.759,1.043,1.042,2.085,2.085,4.169,4.169,2.085,2.085h0l2.085-2.085h0Z\" transform=\"translate(-1970.234 -4375.819)\" fill=\"#efc025\"\/>\n\t\t\t<path d=\"M2702.455,5860.623h0l-2.085,2.085h0l2.085,2.085,4.169,4.169,2.084,2.085,2.085-2.085h0l-2.084-2.084-4.169-4.169Z\" transform=\"translate(-1966.105 -4458.403)\" fill=\"#efc025\"\/>\n\t\t\t<path d=\"M2554.235,5702.6h-53.068v70.757h41.54l.04-.041v.041l11.488-11.487h-.041l.041-.041V5740.3l-2.494,2.495-2.085,2.084-2.908,2.909-.681.8a114.2,114.2,0,0,1-14.015,12.137c-3.486,2.458-5.958,3.651-7.65,3.651a3.17,3.17,0,0,1-.461-.035l-2.429,2.428-2.084-2.085,2.479-2.479c-.179-1.695,1-4.263,3.632-7.994a114.169,114.169,0,0,1,12.137-14.016l.678-.692,2.963-2.963h0l2.084-2.084h0l10.833-10.833v-2.085l-9.791,9.792-2.085-2.085,11.876-11.876Zm-11.488,59.27h10.3l-10.3,10.261Zm-13.3-33.3h-19.593v-2.948h19.593Zm5.9-5.9h-25.49v-2.948h25.49Zm4.422-5.9h-29.912v-2.948h29.912Z\" transform=\"translate(-1807.052 -4332.234)\" fill=\"#1f79af\"\/>\n\t<\/g>\n\t<\/symbol>\t<\/svg>\n<h2 class=\"co-columns--box_headline\" >Cobertura personalizada<\/h2><div class=\"co-columns--box_desc\"><p>Reconocemos que cada hogar es \u00fanico, por eso nuestras p\u00f3lizas se pueden personalizar para adaptarse a sus necesidades espec\u00edficas. Ya sea que tenga una casa unifamiliar, un condominio o una casa adosada, tenemos las opciones de cobertura adecuadas para usted.<\/p>\n<\/div><div class=\"co-columns--box_button\"><\/div>\t\t\t\t\t<\/div>\n\t\t\t\t\t\t\t\t\t<div class=\"co-columns--box\">\n\t\t\t\t\t\t\t<svg\n\t\tclass=\"co-columns--box_icon IconLock\"\n\t\tviewbox=\"0 0 51.162 72.093\"\n\t\twidth=\"51.162\"\n\t\theight=\"72.093\"\n\t>\n\t\t<title>Lock<\/title>\n\t\tclase=\u201denvoltorio\u201d&gt;\n\t<g transform=\"translate(-311.536 -626.483)\">\n\t\t\t<path d=\"M660.961,2173.432v-2.326h0v-2.326h6.977v-4.651a2.328,2.328,0,0,0-2.326-2.326H628.4a2.328,2.328,0,0,0-2.326,2.326v4.651h6.977v4.651h-6.977v4.651h6.977v4.651h-6.977v4.652h6.977v4.651h-6.977v4.651a2.328,2.328,0,0,0,2.326,2.325h37.209a2.328,2.328,0,0,0,2.326-2.325v-4.651h-6.977v-2.326h0v-2.325h6.977v-4.652h-6.977v-2.325h0v-2.326h6.977v-4.651Zm-11.628,11.628h-4.651v-9.3h4.651Z\" transform=\"translate(-309.89 -1505.089)\" fill=\"#1f79af\"\/>\n\t\t\t<line transform=\"translate(313.862 666.018)\" fill=\"none\" stroke=\"#ffab01\" stroke-linecap=\"round\" stroke-linejoin=\"round\" stroke-width=\"0\"\/>\n\t\t\t<line transform=\"translate(323.164 666.018)\" fill=\"none\" stroke=\"#ffab01\" stroke-linecap=\"round\" stroke-linejoin=\"round\" stroke-width=\"0\"\/>\n\t\t\t<line transform=\"translate(313.862 675.32)\" fill=\"none\" stroke=\"#ffab01\" stroke-linecap=\"round\" stroke-linejoin=\"round\" stroke-width=\"0\"\/>\n\t\t\t<line transform=\"translate(323.164 675.32)\" fill=\"none\" stroke=\"#ffab01\" stroke-linecap=\"round\" stroke-linejoin=\"round\" stroke-width=\"0\"\/>\n\t\t\t<line transform=\"translate(313.862 684.623)\" fill=\"none\" stroke=\"#ffab01\" stroke-linecap=\"round\" stroke-linejoin=\"round\" stroke-width=\"0\"\/>\n\t\t\t<line transform=\"translate(323.164 684.623)\" fill=\"none\" stroke=\"#ffab01\" stroke-linecap=\"round\" stroke-linejoin=\"round\" stroke-width=\"0\"\/>\n\t\t\t<line transform=\"translate(351.071 666.018)\" fill=\"none\" stroke=\"#ffab01\" stroke-linecap=\"round\" stroke-linejoin=\"round\" stroke-width=\"0\"\/>\n\t\t\t<line transform=\"translate(351.071 675.32)\" fill=\"none\" stroke=\"#ffab01\" stroke-linecap=\"round\" stroke-linejoin=\"round\" stroke-width=\"0\"\/>\n\t\t\t<line transform=\"translate(351.071 684.623)\" fill=\"none\" stroke=\"#ffab01\" stroke-linecap=\"round\" stroke-linejoin=\"round\" stroke-width=\"0\"\/>\n\t\t\t<path d=\"M647.187,2037.388h-2.326v-9.3a16.279,16.279,0,1,0-32.558,0v9.3h-2.326a6.984,6.984,0,0,0-6.977,6.976v32.558a6.984,6.984,0,0,0,6.977,6.977h37.209a6.984,6.984,0,0,0,6.976-6.977v-32.558a6.984,6.984,0,0,0-6.976-6.976m-30.233-9.3a11.628,11.628,0,1,1,23.256,0v9.3H616.954Zm32.558,48.837a2.328,2.328,0,0,1-2.325,2.326H609.977a2.328,2.328,0,0,1-2.326-2.326v-4.651h6.977v-4.651h-6.977v-4.651h6.977v-4.651h-6.977v-4.651h6.977v-4.651h-6.977v-4.652a2.328,2.328,0,0,1,2.326-2.326h37.209a2.328,2.328,0,0,1,2.325,2.326v4.652h-6.977v4.651h6.977v4.651h-6.977v4.651h6.977v4.651h-6.977v4.651h6.977Z\" transform=\"translate(-291.465 -1385.323)\" fill=\"#00205b\"\/>\n\t\t\t<rect width=\"4.651\" height=\"9.302\" transform=\"translate(334.792 670.669)\" fill=\"#efc025\"\/>\n\t<\/g>\n\t<\/symbol>\t<\/svg>\n<h2 class=\"co-columns--box_headline\" >Seguridad financiera<\/h2><div class=\"co-columns--box_desc\"><p>En caso de circunstancias imprevistas como desastres naturales, robos o accidentes, nuestro seguro de hogar le proporciona la seguridad financiera que necesita para recuperarse de forma r\u00e1pida y eficiente sin tener que asumir toda la carga financiera.<\/p>\n<\/div><div class=\"co-columns--box_button\"><\/div>\t\t\t\t\t<\/div>\n\t\t\t\t\t\t\t\t\t<div class=\"co-columns--box\">\n\t\t\t\t\t\t\t<svg\n\t\tclass=\"co-columns--box_icon IconCalculator\"\n\t\tviewbox=\"0 0 44.452 69.671\"\n\t\twidth=\"44.452\"\n\t\theight=\"69.671\"\n\t>\n\t\t<title>Calculator<\/title>\n\t\tclase=\u201denvoltorio\u201d&gt;\n\t<g transform=\"translate(-869.798 -431.253)\">\n\t\t<path d=\"M3414.592,1107.5H3409.3v4.468h-29.354V1107.5h-4.139a3,3,0,0,0-2.993,2.993v50.719a3,3,0,0,0,2.993,2.993h38.467a3,3,0,0,0,2.992-2.993v-50.719a3.386,3.386,0,0,0-2.263-2.884,2.262,2.262,0,0,0-.413-.109m-27.158,45.011h-5.47v3.231h-2.993v-6.224h8.463Zm0-8.21h-5.47v3.231h-2.993v-6.224h8.463Zm0-8.21h-5.47v3.231h-2.993V1133.1h8.463Zm11.449,16.421h-5.471v3.231h-2.992v-6.224h8.463Zm0-8.21h-5.471v3.231h-2.992v-6.224h8.463Zm0-8.21h-5.471v3.231h-2.992V1133.1h8.463Zm11.971,16.421h-5.47v3.231h-2.992v-6.224h8.462Zm0-8.21h-5.47v3.231h-2.992v-6.224h8.462Zm0-8.21h-5.47v3.231h-2.992V1133.1h8.462Zm.941-8.687h-33.837v-8.957h33.837Zm1-12.433h-36.325v-2.993h36.325Z\" transform=\"translate(-2503.018 -663.282)\" fill=\"#1f79af\"\/>\n\t\t<rect width=\"36.325\" height=\"2.993\" transform=\"translate(873.447 448.697)\" fill=\"#00205b\"\/>\n\t\t<path d=\"M3408.2,1043.17V1060.6h29.354V1043.17Z\" transform=\"translate(-2531.273 -611.918)\" fill=\"#efc025\"\/>\n\t\t<path d=\"M3403.353,1240.729h2.993V1237.5h5.47v-2.993h-8.463Z\" transform=\"translate(-2527.4 -764.689)\" fill=\"#00205b\"\/>\n\t\t<path d=\"M3460.154,1240.729h2.992V1237.5h5.47v-2.993h-8.463Z\" transform=\"translate(-2572.753 -764.689)\" fill=\"#00205b\"\/>\n\t\t<path d=\"M3519.548,1240.729h2.993V1237.5h5.47v-2.993h-8.463Z\" transform=\"translate(-2620.176 -764.689)\" fill=\"#00205b\"\/>\n\t\t<path d=\"M3403.353,1281.464h2.993v-3.231h5.47v-2.993h-8.463Z\" transform=\"translate(-2527.4 -797.213)\" fill=\"#00205b\"\/>\n\t\t<path d=\"M3460.154,1281.464h2.992v-3.231h5.47v-2.993h-8.463Z\" transform=\"translate(-2572.753 -797.213)\" fill=\"#00205b\"\/>\n\t\t<path d=\"M3519.548,1281.464h2.993v-3.231h5.47v-2.993h-8.463Z\" transform=\"translate(-2620.176 -797.213)\" fill=\"#00205b\"\/>\n\t\t<path d=\"M3403.353,1322.2h2.993v-3.231h5.47v-2.993h-8.463Z\" transform=\"translate(-2527.4 -829.74)\" fill=\"#00205b\"\/>\n\t\t<path d=\"M3460.154,1322.2h2.992v-3.231h5.47v-2.993h-8.463Z\" transform=\"translate(-2572.753 -829.74)\" fill=\"#00205b\"\/>\n\t\t<path d=\"M3519.548,1322.2h2.993v-3.231h5.47v-2.993h-8.463Z\" transform=\"translate(-2620.176 -829.74)\" fill=\"#00205b\"\/>\n\t<\/g>\n\t<\/symbol>\t<\/svg>\n<h2 class=\"co-columns--box_headline\" >Primas competitivas<\/h2><div class=\"co-columns--box_desc\"><p>Creemos que proteger tu hogar no deber\u00eda ser un gasto excesivo. Por eso, ofrecemos tarifas competitivas que te brindan una cobertura integral sin afectar tu presupuesto.<\/p>\n<\/div><div class=\"co-columns--box_button\"><\/div>\t\t\t\t\t<\/div>\n\t\t\t\t\t\t\t<\/div>\n\t\t\t\t<\/div>\n\n\t<\/div>\n<\/div>\n\n\n<div class=\"co-flex_row co-flex_row__blue co-flex_row__long-form-text co-flex_row__next_row__faqs\" >\n\t<div class=\"co-flex_row--row co-row\">\n\t\t\t<div class=\"co-long_form\">\n\t\t\t\t<header class=\"co-intro_text\">\n\t\t\t<h2 class=\"co-intro_text--title\">Asegure su hogar hoy mismo.<\/h2><div class=\"co-intro_text--intro\"><p>Nuestros profesionales de seguros, con amplia experiencia, se dedican a brindar un servicio personalizado y asesoramiento en cada etapa del proceso. Desde la elecci\u00f3n de la cobertura adecuada hasta la presentaci\u00f3n de una reclamaci\u00f3n, estamos aqu\u00ed para garantizar una experiencia sencilla y sin complicaciones.<\/p>\n<\/div>\t\t<\/header>\n\t\t\t\t<div class=\"co-long_form--block co-long_form--block__nomedia prow items-start\">\n\t\t\t\t<div class=\"co-long_form--text pcol-md:12\">\n\t\t\t\t\t<div class=\"co-long_form--content\"><p><img loading=\"lazy\" decoding=\"async\" class=\"alignnone size-full wp-image-5313\" src=\"https:\/\/www.soundcu.com\/files\/SIS_Logo_Horiz_GradientBlue_250x66.png\" alt=\"sound insurance services logo\" width=\"250\" height=\"66\" srcset=\"https:\/\/www.soundcu.com\/files\/SIS_Logo_Horiz_GradientBlue_250x66.png 250w, https:\/\/www.soundcu.com\/files\/SIS_Logo_Horiz_GradientBlue_250x66-75x20.png 75w\" sizes=\"auto, (max-width: 250px) 100vw, 250px\" \/><\/p>\n<\/div>\t\t\t\t<\/div>\n\t\t\t\t\t\t\t<\/div>\n\t\t\t\t<\/div>\n\n\t<\/div>\n<\/div>\n\n\n<div class=\"co-flex_row co-flex_row__blue co-flex_row__faqs co-flex_row__next_row__single-path-cta\" id=\"faqs\">\n\t<div class=\"co-flex_row--row co-row\">\n\t\t\t<section class=\"co-accords_section\" aria-label=\"\">\n\t\t\t\t<header class=\"co-intro_text\">\n\t\t\t<div class=\"co-intro_text--intro\"><p>Preguntas frecuentes sobre el seguro de vivienda<\/p>\n<\/div>\t\t<\/header>\n\t\t\t<div class=\"co-accordion\" data-animation=\"on\" data-multi-items=\"on\">\n\t\t\t\t\t\t\t<div class=\"co-accordion--item\">\n\t\t\t\t\t<button\n\t\t\t\t\t\t\t\t\t\t\t\t\tdata-accordid=\"3507\"\n\t\t\t\t\t\t\t\t\t\t\t\tclass=\"co-accordion--header\t\t\t\t\t\t\tjs-accord_toggle\t\t\t\t\t\t\tclosed\"\n\t\t\t\t\t>\n\t\t\t\t\t\t<span class=\"text-md\">\u00bfQu\u00e9 es un seguro personal?<\/span>\n\t\t\t\t\t\t<svg class=\"co-accordion--icon no-js:is-hidden\" viewbox=\"0 0 20 20\"><g class=\"icon__group\" fill=\"none\" stroke=\"currentColor\" stroke-linecap=\"round\" stroke-linejoin=\"round\"><line x1=\"3\" y1=\"3\" x2=\"17\" y2=\"17\"><\/line><line x1=\"17\" y1=\"3\" x2=\"3\" y2=\"17\"><\/line><\/g><\/svg>\n\t\t\t\t\t<\/button>\n\t\t\t\t\t<div class=\"co-accordion--panel\t\t\t\t\t\tjs-accord_content\">\n\t\t\t\t\t\t<p>Con una p\u00f3liza de seguro personal, usted y su familia pueden protegerse de posibles responsabilidades y recibir una compensaci\u00f3n justa en caso de siniestro. El seguro individual cubre gastos que podr\u00edan afectar gravemente su situaci\u00f3n financiera.<\/p>\n<p>Algunas p\u00f3lizas, como los seguros de auto y de hogar, son obligatorias por ley o por exigencias de terceros. Los accidentes ocurren, y es importante protegerse contra sus devastadoras consecuencias financieras.<\/p>\n\t\t\t\t\t<\/div>\n\t\t\t\t<\/div>\n\t\t\t\t\t\t\t<div class=\"co-accordion--item\">\n\t\t\t\t\t<button\n\t\t\t\t\t\t\t\t\t\t\t\t\tdata-accordid=\"4091\"\n\t\t\t\t\t\t\t\t\t\t\t\tclass=\"co-accordion--header\t\t\t\t\t\t\tjs-accord_toggle\t\t\t\t\t\t\tclosed\"\n\t\t\t\t\t>\n\t\t\t\t\t\t<span class=\"text-md\">\u00bfPuedo obtener un pr\u00e9stamo para la adquisici\u00f3n de un negocio?<\/span>\n\t\t\t\t\t\t<svg class=\"co-accordion--icon no-js:is-hidden\" viewbox=\"0 0 20 20\"><g class=\"icon__group\" fill=\"none\" stroke=\"currentColor\" stroke-linecap=\"round\" stroke-linejoin=\"round\"><line x1=\"3\" y1=\"3\" x2=\"17\" y2=\"17\"><\/line><line x1=\"17\" y1=\"3\" x2=\"3\" y2=\"17\"><\/line><\/g><\/svg>\n\t\t\t\t\t<\/button>\n\t\t\t\t\t<div class=\"co-accordion--panel\t\t\t\t\t\tjs-accord_content\">\n\t\t\t\t\t\t<p>S\u00ed, podemos ayudarle a obtener un pr\u00e9stamo para adquirir un negocio ya existente. Los pr\u00e9stamos para la adquisici\u00f3n de negocios deben ser para adquisiciones totales, no parciales.<\/p>\n\t\t\t\t\t<\/div>\n\t\t\t\t<\/div>\n\t\t\t\t\t\t\t<div class=\"co-accordion--item\">\n\t\t\t\t\t<button\n\t\t\t\t\t\t\t\t\t\t\t\t\tdata-accordid=\"3508\"\n\t\t\t\t\t\t\t\t\t\t\t\tclass=\"co-accordion--header\t\t\t\t\t\t\tjs-accord_toggle\t\t\t\t\t\t\tclosed\"\n\t\t\t\t\t>\n\t\t\t\t\t\t<span class=\"text-md\">\u00bfQu\u00e9 cubre un seguro personal?<\/span>\n\t\t\t\t\t\t<svg class=\"co-accordion--icon no-js:is-hidden\" viewbox=\"0 0 20 20\"><g class=\"icon__group\" fill=\"none\" stroke=\"currentColor\" stroke-linecap=\"round\" stroke-linejoin=\"round\"><line x1=\"3\" y1=\"3\" x2=\"17\" y2=\"17\"><\/line><line x1=\"17\" y1=\"3\" x2=\"3\" y2=\"17\"><\/line><\/g><\/svg>\n\t\t\t\t\t<\/button>\n\t\t\t\t\t<div class=\"co-accordion--panel\t\t\t\t\t\tjs-accord_content\">\n\t\t\t\t\t\t<p>Hay cientos de tipos diferentes de <a href=\"https:\/\/www.soundcu.com\/es\/personal\/insurance\/\">seguro personal<\/a> Puedes elegir seg\u00fan tus necesidades y situaci\u00f3n. Sin embargo, existen algunas p\u00f3lizas de seguro individuales importantes que todos deber\u00edan considerar:<\/p>\n<ul>\n<li><a href=\"https:\/\/www.leavitt.com\/lgna\/ins\/car-insurance\" rel=\"noopener\"><strong>Seguro de coche<\/strong><\/a>\u00a0\u2014 Una buena p\u00f3liza de seguro de autom\u00f3vil te protege a ti y a los dem\u00e1s conductores.<\/li>\n<li><a href=\"https:\/\/www.leavitt.com\/lgna\/ins\/earthquake-insurance\" rel=\"noopener\"><strong>Seguro contra terremotos<\/strong><\/a>\u00a0\u2014 Imposibles de predecir, los terremotos pueden causar da\u00f1os importantes a sus bienes personales y a su hogar. Se suele asumir que el seguro de hogar cubre terremotos y otros desastres naturales, pero no siempre es as\u00ed.<\/li>\n<li><a href=\"https:\/\/www.leavitt.com\/lgna\/ins\/flood-insurance\" rel=\"noopener\"><strong>Seguro contra inundaciones<\/strong><\/a>\u00a0Las p\u00f3lizas de seguro est\u00e1ndar para propietarios e inquilinos no cubren las inundaciones. Dado que las inundaciones pueden ocurrir en cualquier lugar donde llueva, todo propietario deber\u00eda considerar seriamente la posibilidad de contratar un seguro contra inundaciones.<\/li>\n<li><a href=\"https:\/\/www.leavitt.com\/lgna\/ins\/health-insurance\" rel=\"noopener\"><strong>Seguro m\u00e9dico<\/strong><\/a>\u00a0\u2014 Una p\u00f3liza de seguro m\u00e9dico individual puede brindar cobertura a individuos, a individuos y sus c\u00f3nyuges, o a familias enteras.<\/li>\n<li><a href=\"https:\/\/www.leavitt.com\/lgna\/ins\/home-and-condo-insurance\" rel=\"noopener\"><strong>Seguro de vivienda<\/strong><\/a>\u00a0Tu casa no es solo un techo sobre tu cabeza. Es el hogar de tu familia y alberga las cosas que valoras y por las que has trabajado duro. Adem\u00e1s, es una de las mayores inversiones que muchos hacemos.<\/li>\n<li><a href=\"https:\/\/www.leavitt.com\/lgna\/ins\/life-insurance\" rel=\"noopener\"><strong>Seguro de vida<\/strong><\/a>\u00a0\u2014 No es para ti, es para tu familia. El seguro de vida ofrece protecci\u00f3n financiera a tus dependientes en caso de tu fallecimiento.<\/li>\n<li><a href=\"https:\/\/www.leavitt.com\/lgna\/ins\/umbrella-coverage\" rel=\"noopener\"><strong>Seguro de responsabilidad civil adicional<\/strong><\/a>\u00a0\u2014 Esta p\u00f3liza proporciona un seguro de responsabilidad civil adicional que entra en vigor cuando una reclamaci\u00f3n supera los l\u00edmites de su p\u00f3liza de seguro de vivienda o de autom\u00f3vil.<\/li>\n<\/ul>\n<p>Entonces, \u00bfc\u00f3mo saber si su p\u00f3liza realmente cumplir\u00e1 su funci\u00f3n cuando la necesite?<\/p>\n<p>\u00bfC\u00f3mo saber si est\u00e1s obteniendo el mejor valor por tu dinero en seguros?<\/p>\n<p>Aqu\u00ed es donde entra en juego la experiencia y el conocimiento de un agente de seguros independiente. Contar con el agente adecuado puede brindarle tranquilidad al saber que tiene la cobertura apropiada para los riesgos que enfrenta a un precio competitivo.<\/p>\n\t\t\t\t\t<\/div>\n\t\t\t\t<\/div>\n\t\t\t\t\t<\/div>\n\t\t\t<\/section>\n\n\t<\/div>\n<\/div>\n\n\n<div class=\"co-flex_row co-flex_row__blue co-flex_row__single-path-cta co-flex_row__next_row__disclosures\" id=\"quote\">\n\t<div class=\"co-flex_row--row co-row\">\n\t\t\t<svg class=\"co-sp_cta__svg\" width=\"488.512\" height=\"338.101\" viewbox=\"0 0 488.512 338.101\">\n\t\t\t<path class=\"co-sp_cta__svg--path_big\" d=\"M488.512,163.324C337.738,308.387,172.875,346.284,6.386,332.445c-12.895-1.072-2.726.507,0-169.121C7.666,83.681-1.682,4.826,3.448,4.309,177.337-13.221,346.255,19.454,488.512,163.324Z\"\/>\n\t\t\t<path class=\"co-sp_cta__svg--path_small\" d=\"M408.431,63.648c-126.358,121.572-278.108,50-408.431,0C129.644,19.327,291.966-54.138,408.431,63.648Z\" transform=\"translate(0 207.52)\" fill=\"#efc025\"\/>\n\t<\/svg>\n\t<div class=\"co-sp_cta\">\n\t\t\t\t<header class=\"co-intro_text\">\n\t\t\t<h2 class=\"co-intro_text--title\">\u00bfTiene alguna pregunta o est\u00e1 listo para obtener una cotizaci\u00f3n de p\u00f3liza?<\/h2><div class=\"co-intro_text--intro\"><p>Proteja su bien m\u00e1s valioso con un seguro de hogar confiable y asequible de Sound Insurance Services.<\/p>\n<\/div>\t\t<\/header>\n\t<a class=\"co-sp_cta--button gtm-button\" href=\"https:\/\/www.soundcu.com\/es\/speed-bump\/?url=https%3A%2F%2Fwww.soundcu.com%2Fpersonal%2Finsurance%2Fhomeowners%2F&#038;prev=https%3A%2F%2Fwww.soundcu.com%2Fes%2Fpersonal%2Finsurance%2Fhomeowners%2F\">Seguro para propietarios de vivienda<\/a><a class=\"co-sp_cta--link\" href=\"https:\/\/www.soundcu.com\/es\/speed-bump\/?url=https%3A%2F%2Fwww.soundcu.com%2Fpersonal%2Finsurance%2F&#038;prev=https%3A%2F%2Fwww.soundcu.com%2Fes%2Fpersonal%2Finsurance%2Fhomeowners%2F\">Seguro<\/a>\t<\/div>\n\n\t<\/div>\n<\/div>\n\n\n<div class=\"co-flex_row co-flex_row__blue co-flex_row__last co-flex_row__disclosures\" >\n\t<div class=\"co-flex_row--row co-row\">\n\t\t\t<div class=\"co-disclosures\">\n\t\t<h2 class=\"co-disclosures--title\">Divulgaciones<\/h2>\n\t\t<div class=\"co-disclosures--content\">\n\t\t\t<div class=\"small-text\">\n<p>Los productos de seguros no son dep\u00f3sitos, no constituyen una obligaci\u00f3n ni est\u00e1n garantizados por Sound Credit Union. No est\u00e1n protegidos por la NCUA, pueden estar sujetos a riesgos y, en el caso de los seguros de vida, su valor puede disminuir. Cualquier seguro requerido como condici\u00f3n para la concesi\u00f3n de cr\u00e9dito no tiene que adquirirse necesariamente en la cooperativa de cr\u00e9dito y puede contratarse con un agente o compa\u00f1\u00eda de seguros de su elecci\u00f3n. Los productos de seguros no son exclusivos para los miembros de Sound Credit Union. Las transacciones con Sound Insurance Services son independientes y distintas de cualquier transacci\u00f3n con la cooperativa de cr\u00e9dito. Sound Insurance Services es una filial de Sound Credit Union.<\/p>\n<\/div>\n\t\t<\/div>\n\t<\/div>\n\n\t<\/div>\n<\/div>","protected":false},"excerpt":{"rendered":"","protected":false},"author":9,"featured_media":0,"parent":2346,"menu_order":0,"comment_status":"closed","ping_status":"closed","template":"","meta":{"_acf_changed":false,"content-type":"","_searchwp_excluded":"","footnotes":""},"county":[],"class_list":["post-2348","page","type-page","status-publish","hentry"],"acf":[],"_links":{"self":[{"href":"https:\/\/www.soundcu.com\/es\/wp-json\/wp\/v2\/pages\/2348","targetHints":{"allow":["GET"]}}],"collection":[{"href":"https:\/\/www.soundcu.com\/es\/wp-json\/wp\/v2\/pages"}],"about":[{"href":"https:\/\/www.soundcu.com\/es\/wp-json\/wp\/v2\/types\/page"}],"author":[{"embeddable":true,"href":"https:\/\/www.soundcu.com\/es\/wp-json\/wp\/v2\/users\/9"}],"replies":[{"embeddable":true,"href":"https:\/\/www.soundcu.com\/es\/wp-json\/wp\/v2\/comments?post=2348"}],"version-history":[{"count":3,"href":"https:\/\/www.soundcu.com\/es\/wp-json\/wp\/v2\/pages\/2348\/revisions"}],"predecessor-version":[{"id":17648,"href":"https:\/\/www.soundcu.com\/es\/wp-json\/wp\/v2\/pages\/2348\/revisions\/17648"}],"up":[{"embeddable":true,"href":"https:\/\/www.soundcu.com\/es\/wp-json\/wp\/v2\/pages\/2346"}],"wp:attachment":[{"href":"https:\/\/www.soundcu.com\/es\/wp-json\/wp\/v2\/media?parent=2348"}],"wp:term":[{"taxonomy":"county","embeddable":true,"href":"https:\/\/www.soundcu.com\/es\/wp-json\/wp\/v2\/county?post=2348"}],"curies":[{"name":"wp","href":"https:\/\/api.w.org\/{rel}","templated":true}]}}