{"id":2351,"date":"2023-08-14T18:12:40","date_gmt":"2023-08-15T01:12:40","guid":{"rendered":"https:\/\/www.soundcu.com\/personal\/insurance\/gap-mmp\/"},"modified":"2025-12-16T10:33:35","modified_gmt":"2025-12-16T18:33:35","slug":"gap-mmp","status":"publish","type":"page","link":"https:\/\/www.soundcu.com\/es\/personal\/services\/gap-mmp\/","title":{"rendered":"Cobertura GAP y MMP"},"content":{"rendered":"<div class=\"co-flex_row co-flex_row__blue co-flex_row__page-hero co-flex_row__next_row__page-intro\" >\n\t<div class=\"co-flex_row--row co-row\">\n\t\t\t<header class=\"co-page_hero  co-page_hero__has_image\" aria-label=\"Encabezado: Protecci&oacute;n de Activos Garantizada (GAP)&lt;br&gt;y&lt;br&gt;Protecci&oacute;n Mec&aacute;nica Mayor (MMP)&rdquo;&amp;gt;\t\t&amp;lt;div class=\"co-page_hero--inner\">\n\t\t\t<div class=\"prow items-center\">\n\t\t\t\t\t\t\t\t\t<div class=\"co-page_hero--img_wrap pcol-lg:6 pcol-xl:7\">\n\t\t\t\t\t\t<div class=\"co-page_hero--mask\"><svg width=\"997.021\" height=\"609.682\" viewbox=\"0 0 997.021 609.682\"><defs><clippath id=\"svgPathHero\"><path d=\"M299.014.148H0V609.681H299.014c480.632.192,698.007-296.752,698.007-296.752C691.761-16.846,299.014.148,299.014.148\"\/><\/clippath><\/defs><image id=\"image_69e93a1dd0ea3\" xlink:href=\"https:\/\/www.soundcu.com\/files\/gap-insurance.jpg\" src=\"https:\/\/www.soundcu.com\/files\/gap-insurance.jpg\" clip-path=\"url(#svgPathHero)\"  alt=\"Mother and child smiling in the back of their car at sunset\" \/><\/svg><\/div>\t\t\t\t\t<\/div>\n\t\t\t\t\t\t\t\t<div class=\"co-page_hero--text pcol-lg:6 pcol-xl:5\">\n\t\t\t\t\t\t\t\t\t\t\t<h1 class=\"co-page_hero--sup_heading\">\n\t\t\t\t\t\t\tServicios personales\t\t\t\t\t\t<\/h1>\n\t\t\t\t\t\t\t\t\t\t<h2 class=\"co-page_hero--title\" >Protecci\u00f3n de activos garantizada (GAP)<br>y<br>Protecci\u00f3n Mec\u00e1nica Mayor (MMP)<\/h2>\t\t\t\t\t<p class=\"co-page_hero--tagline\">Conduce con confianza.<\/p>\t\t\t\t<\/div>\n\t\t\t<\/div>\n\t\t<\/div>\n\t<\/header>\n\n\t<\/div>\n<\/div>\n\n\n<div class=\"co-flex_row co-flex_row__blue co-flex_row__page-intro co-flex_row__next_row__tabs\" >\n\t<div class=\"co-flex_row--row co-row\">\n\t\t\t<div class=\"co-page_intro\">\n\t\t<div class=\"co-page_intro--desc\"><p>Comprenda el valor de la cobertura de Protecci\u00f3n Automotriz Garantizada (GAP) y la Protecci\u00f3n Mec\u00e1nica Mayor (MMP) para su tranquilidad.<\/p>\n<\/div>\t<\/div>\n\n\t<\/div>\n<\/div>\n\n\n<div class=\"co-flex_row co-flex_row__blue co-flex_row__tabs co-flex_row__next_row__related-products\" >\n\t<div class=\"co-flex_row--row co-row\">\n\t\t\t<div class=\"co-tabs\">\n\t\t\t\t<header class=\"co-intro_text\">\n\t\t\t<h2 class=\"co-intro_text--title\">Cobertura para el camino de la vida<\/h2>\t\t<\/header>\n\t\t\t\t<div class=\"co-tabs--tabs js-tabs\">\n\t\t\t\t<nav class=\"co-tabs--nav\" aria-label=\"Tabs Navigation 69e93a1dd1d36\">\n\t\t\t\t\t\t\t\t\t\t\t<button\n\t\t\t\t\t\t\tclass=\"co-tabs--nav_toggle\t\t\t\t\t\t\t\tjs-tab_toggle\t\t\t\t\t\t\t\tjs-tab_toggle_large\"\n\t\t\t\t\t\t\tdata-tabtitle=\"guaranteedassetprotectiongap\"\n\t\t\t\t\t\t\tdata-tabindex=\"0_guaranteedassetprotectiongap\"\n\t\t\t\t\t\t\taria-label=\"Protecci\u00f3n de Activos Abierta Garantizada (GAP)\"\n\t\t\t\t\t\t>\n\t\t\t\t\t\t\tProtecci\u00f3n de activos garantizada (GAP)\t\t\t\t\t\t<\/button>\n\t\t\t\t\t\t\t\t\t\t\t<button\n\t\t\t\t\t\t\tclass=\"co-tabs--nav_toggle\t\t\t\t\t\t\t\tjs-tab_toggle\t\t\t\t\t\t\t\tjs-tab_toggle_large\"\n\t\t\t\t\t\t\tdata-tabtitle=\"majormechanicalprotectionmmp\"\n\t\t\t\t\t\t\tdata-tabindex=\"1_majormechanicalprotectionmmp\"\n\t\t\t\t\t\t\taria-label=\"Protecci\u00f3n mec\u00e1nica principal abierta (MMP)\"\n\t\t\t\t\t\t>\n\t\t\t\t\t\t\tProtecci\u00f3n Mec\u00e1nica Mayor (MMP)\t\t\t\t\t\t<\/button>\n\t\t\t\t\t\t\t\t\t<\/nav>\n\n\t\t\t\t<div class=\"co-tabs--panels\">\n\t\t\t\t\t\t\t\t\t\t\t<div class=\"co-tab js-tab co-tab__0\">\n\t\t\t\t\t\t\t<button\n\t\t\t\t\t\t\t\tclass=\"co-tab--toggle\t\t\t\t\t\t\t\t\tjs-tab_toggle\"\n\t\t\t\t\t\t\t\tdata-tabindex=\"0_guaranteedassetprotectiongap\"\n\t\t\t\t\t\t\t\taria-label=\"Abrir pesta\u00f1a m\u00f3vil Protecci\u00f3n garantizada de activos (GAP)\"\n\t\t\t\t\t\t\t>\n\t\t\t\t\t\t\t\tProtecci\u00f3n de activos garantizada (GAP)\t\t\t\t\t\t\t<\/button>\n\t\t\t\t\t\t\t<section\n\t\t\t\t\t\t\t\tclass=\"co-tab--content\t\t\t\t\t\t\t\t\tco-row\t\t\t\t\t\t\t\t\tjs-tab_content\"\n\t\t\t\t\t\t\t\taria-label=\"Contenido de la pesta\u00f1a para la protecci\u00f3n garantizada de activos (GAP)\"\n\t\t\t\t\t\t\t\tdata-tabindex=\"0_guaranteedassetprotectiongap\"\n\t\t\t\t\t\t\t>\n\t\t\t\t\t\t\t\t<h1 class=\"h3\">Protecci\u00f3n garantizada de activos<\/h1>\n<p>Si su veh\u00edculo es robado o declarado p\u00e9rdida total, es posible que el seguro solo le reembolse el valor del autom\u00f3vil, lo que podr\u00eda no cubrir el monto total de su pr\u00e9stamo para el autom\u00f3vil.<\/p>\n<p>GAP interviene para reducir o eliminar cualquier gasto que deba asumir el asegurado por el saldo restante del pr\u00e9stamo despu\u00e9s de que se produzca una p\u00e9rdida total.<\/p>\n<ul>\n<li>Tarifa fija que puede financiarse con la mayor\u00eda de los pr\u00e9stamos (o pagarse en efectivo).<\/li>\n<li>Protege tu calificaci\u00f3n crediticia<\/li>\n<li>Cubre p\u00e9rdidas que su compa\u00f1\u00eda de seguros principal podr\u00eda no cubrir.<\/li>\n<li>Sin complicaciones y sin suscripci\u00f3n.<\/li>\n<li>Posibilidad de adquirir un veh\u00edculo de reemplazo antes debido a que hay poco o ning\u00fan saldo remanente.<\/li>\n<\/ul>\n<div class=\"h4\"><strong>Incluye un beneficio adicional de $1,000 Advantage.<\/strong><\/div>\n<ul>\n<li>Reduce el pr\u00e9stamo de un veh\u00edculo de reemplazo, si se financia con Sound dentro de los 90 d\u00edas.<\/li>\n<li>Beneficio garantizado si no hay saldo pendiente.<\/li>\n<\/ul>\n<p>&nbsp;<\/p>\n\t\t\t\t\t\t\t<\/section>\n\t\t\t\t\t\t<\/div>\n\t\t\t\t\t\t\t\t\t\t\t<div class=\"co-tab js-tab co-tab__1\">\n\t\t\t\t\t\t\t<button\n\t\t\t\t\t\t\t\tclass=\"co-tab--toggle\t\t\t\t\t\t\t\t\tjs-tab_toggle\"\n\t\t\t\t\t\t\t\tdata-tabindex=\"1_majormechanicalprotectionmmp\"\n\t\t\t\t\t\t\t\taria-label=\"Abrir pesta\u00f1a m\u00f3vil Protecci\u00f3n mec\u00e1nica principal (MMP)\"\n\t\t\t\t\t\t\t>\n\t\t\t\t\t\t\t\tProtecci\u00f3n Mec\u00e1nica Mayor (MMP)\t\t\t\t\t\t\t<\/button>\n\t\t\t\t\t\t\t<section\n\t\t\t\t\t\t\t\tclass=\"co-tab--content\t\t\t\t\t\t\t\t\tco-row\t\t\t\t\t\t\t\t\tjs-tab_content\"\n\t\t\t\t\t\t\t\taria-label=\"Contenido de la pesta\u00f1a para Protecci\u00f3n Mec\u00e1nica Mayor (MMP)\"\n\t\t\t\t\t\t\t\tdata-tabindex=\"1_majormechanicalprotectionmmp\"\n\t\t\t\t\t\t\t>\n\t\t\t\t\t\t\t\t<h1 class=\"h2\">Protecci\u00f3n mec\u00e1nica principal<\/h1>\n<p>Por muy bien que mantengas tu veh\u00edculo, las aver\u00edas mec\u00e1nicas pueden ocurrir. Por solo unos pocos d\u00f3lares al mes, ten la tranquilidad de que, si sucede, estar\u00e1s cubierto. Adem\u00e1s, como miembro de Sound, puedes beneficiarte de precios preferenciales en tu cobertura mec\u00e1nica principal.<\/p>\n<p><strong>La protecci\u00f3n mec\u00e1nica principal incluye:<\/strong><\/p>\n<ul>\n<li>Cobertura total para piezas y mano de obra en reparaciones autorizadas.<\/li>\n<li>Servicio de emergencia en carretera<\/li>\n<li>reembolso del alquiler<\/li>\n<li>Cobertura nacional<\/li>\n<li>Sin complicaciones y sin suscripci\u00f3n.<\/li>\n<li>El costo de la garant\u00eda se puede incluir en su pago mensual.<\/li>\n<li>Transferible: la garant\u00eda puede permanecer con el coche si lo vende a un nuevo propietario.<\/li>\n<\/ul>\n\t\t\t\t\t\t\t<\/section>\n\t\t\t\t\t\t<\/div>\n\t\t\t\t\t\t\t\t\t<\/div>\n\t\t\t<\/div>\n\t\t\t<\/div>\n\t\n\t<\/div>\n<\/div>\n\n\n<div class=\"co-flex_row co-flex_row__blue co-flex_row__related-products co-flex_row__next_row__single-path-cta\" >\n\t<div class=\"co-flex_row--row co-row\">\n\t\t\t<div class=\"co-rel_prods\">\n\t\t\t\t<header class=\"co-intro_text\">\n\t\t\t<h2 class=\"co-intro_text--title\">M\u00e1s opciones de cobertura<\/h2><div class=\"co-intro_text--intro\"><p>Sound tambi\u00e9n ofrece p\u00f3lizas de seguros de hogar, autom\u00f3vil y vida que pueden ahorrarle dinero.<\/p>\n<\/div>\t\t<\/header>\n\t\t\t\t<div class=\"co-rel_prods--cols prow prow-md:2 justify-center\">\n\t\t\t\t\t\t\t\t\t<div class=\"co-rel_prods--col\">\n\t\t\t\t\t\t<h3 class=\"co-rel_prods--col_title\">Seguro para propietarios de vivienda<\/h3><div class=\"co-rel_prods--col_desc\">Tu hogar es m\u00e1s que un simple lugar para vivir; es una inversi\u00f3n importante que merece protecci\u00f3n.<\/div><a class=\"co-rel_prods--col_cta\" href=\"https:\/\/www.soundcu.com\/es\/personal\/insurance\/homeowners\/\" target=\"_blank\" aria-label=\"Lea m\u00e1s sobre el seguro de vivienda\">M\u00e1s informaci\u00f3n<\/a>\t\t\t\t\t<\/div>\n\t\t\t\t\t\t\t\t\t\t<div class=\"co-rel_prods--col\">\n\t\t\t\t\t\t<h3 class=\"co-rel_prods--col_title\">Seguro de autom\u00f3vil<\/h3><div class=\"co-rel_prods--col_desc\">Nuestras soluciones integrales de seguros de autom\u00f3viles est\u00e1n dise\u00f1adas para protegerle a usted, a sus pasajeros y a su veh\u00edculo, brind\u00e1ndole la tranquilidad de poder conducir sin preocupaciones.<\/div><a class=\"co-rel_prods--col_cta\" href=\"https:\/\/www.soundcu.com\/es\/personal\/insurance\/auto\/\" target=\"_blank\" aria-label=\"Lea m\u00e1s sobre seguros de autom\u00f3viles\">M\u00e1s informaci\u00f3n<\/a>\t\t\t\t\t<\/div>\n\t\t\t\t\t\t\t\t<\/div>\n\t\t\t<\/div>\n\n\t<\/div>\n<\/div>\n\n\n<div class=\"co-flex_row co-flex_row__blue co-flex_row__single-path-cta co-flex_row__next_row__disclosures\" >\n\t<div class=\"co-flex_row--row co-row\">\n\t\t\t<svg class=\"co-sp_cta__svg\" width=\"488.512\" height=\"338.101\" viewbox=\"0 0 488.512 338.101\">\n\t\t\t<path class=\"co-sp_cta__svg--path_big\" d=\"M488.512,163.324C337.738,308.387,172.875,346.284,6.386,332.445c-12.895-1.072-2.726.507,0-169.121C7.666,83.681-1.682,4.826,3.448,4.309,177.337-13.221,346.255,19.454,488.512,163.324Z\"\/>\n\t\t\t<path class=\"co-sp_cta__svg--path_small\" d=\"M408.431,63.648c-126.358,121.572-278.108,50-408.431,0C129.644,19.327,291.966-54.138,408.431,63.648Z\" transform=\"translate(0 207.52)\" fill=\"#efc025\"\/>\n\t<\/svg>\n\t<div class=\"co-sp_cta\">\n\t\t\t\t<header class=\"co-intro_text\">\n\t\t\t<h2 class=\"co-intro_text--title\">\u00bfListo para una protecci\u00f3n automotriz completa y total tranquilidad?<\/h2>\t\t<\/header>\n\t<a class=\"co-sp_cta--button gtm-button\" href=\"https:\/\/www.soundcu.com\/es\/speed-bump\/?url=https%3A%2F%2Fwww.soundcu.com%2Fcontact%2F&#038;prev=https%3A%2F%2Fwww.soundcu.com%2Fes%2Fpersonal%2Fservices%2Fgap-mmp%2F\"  >Cont\u00e1ctarnos<\/a><a class=\"co-sp_cta--link\" href=\"https:\/\/www.soundcu.com\/es\/speed-bump\/?url=https%3A%2F%2Fwww.soundcu.com%2Fbranches%2F&#038;prev=https%3A%2F%2Fwww.soundcu.com%2Fes%2Fpersonal%2Fservices%2Fgap-mmp%2F\"  >Visite una sucursal local.<\/a>\t<\/div>\n\n\t<\/div>\n<\/div>\n\n\n<div class=\"co-flex_row co-flex_row__blue co-flex_row__last co-flex_row__disclosures\" >\n\t<div class=\"co-flex_row--row co-row\">\n\t\t\t<div class=\"co-disclosures\">\n\t\t<h2 class=\"co-disclosures--title\">Divulgaciones<\/h2>\n\t\t<div class=\"co-disclosures--content\">\n\t\t\t<div class=\"small-text\">\n<p>Pueden aplicarse detalles y restricciones adicionales. Llame o visite su sucursal local para obtener informaci\u00f3n completa sobre la cobertura.<\/p>\n<\/div>\n\t\t<\/div>\n\t<\/div>\n\n\t<\/div>\n<\/div>","protected":false},"excerpt":{"rendered":"","protected":false},"author":9,"featured_media":0,"parent":2345,"menu_order":0,"comment_status":"closed","ping_status":"closed","template":"","meta":{"_acf_changed":false,"content-type":"","_searchwp_excluded":"","footnotes":""},"county":[],"class_list":["post-2351","page","type-page","status-publish","hentry"],"acf":[],"_links":{"self":[{"href":"https:\/\/www.soundcu.com\/es\/wp-json\/wp\/v2\/pages\/2351","targetHints":{"allow":["GET"]}}],"collection":[{"href":"https:\/\/www.soundcu.com\/es\/wp-json\/wp\/v2\/pages"}],"about":[{"href":"https:\/\/www.soundcu.com\/es\/wp-json\/wp\/v2\/types\/page"}],"author":[{"embeddable":true,"href":"https:\/\/www.soundcu.com\/es\/wp-json\/wp\/v2\/users\/9"}],"replies":[{"embeddable":true,"href":"https:\/\/www.soundcu.com\/es\/wp-json\/wp\/v2\/comments?post=2351"}],"version-history":[{"count":3,"href":"https:\/\/www.soundcu.com\/es\/wp-json\/wp\/v2\/pages\/2351\/revisions"}],"predecessor-version":[{"id":17858,"href":"https:\/\/www.soundcu.com\/es\/wp-json\/wp\/v2\/pages\/2351\/revisions\/17858"}],"up":[{"embeddable":true,"href":"https:\/\/www.soundcu.com\/es\/wp-json\/wp\/v2\/pages\/2345"}],"wp:attachment":[{"href":"https:\/\/www.soundcu.com\/es\/wp-json\/wp\/v2\/media?parent=2351"}],"wp:term":[{"taxonomy":"county","embeddable":true,"href":"https:\/\/www.soundcu.com\/es\/wp-json\/wp\/v2\/county?post=2351"}],"curies":[{"name":"wp","href":"https:\/\/api.w.org\/{rel}","templated":true}]}}