{"id":2352,"date":"2023-08-14T18:12:40","date_gmt":"2023-08-15T01:12:40","guid":{"rendered":"https:\/\/www.soundcu.com\/personal\/insurance\/payment-protection\/"},"modified":"2025-11-20T09:51:40","modified_gmt":"2025-11-20T17:51:40","slug":"payment-protection","status":"publish","type":"page","link":"https:\/\/www.soundcu.com\/es\/personal\/services\/payment-protection\/","title":{"rendered":"Protecci\u00f3n de pagos"},"content":{"rendered":"<div class=\"co-flex_row co-flex_row__blue co-flex_row__page-hero co-flex_row__next_row__page-intro\" >\n\t<div class=\"co-flex_row--row co-row\">\n\t\t\t<header class=\"co-page_hero  co-page_hero__has_image\" aria-label=\"Encabezado: Servicios Personales\">\n\t\t<div class=\"co-page_hero--inner\">\n\t\t\t<div class=\"prow items-center\">\n\t\t\t\t\t\t\t\t\t<div class=\"co-page_hero--img_wrap pcol-lg:6 pcol-xl:7\">\n\t\t\t\t\t\t<div class=\"co-page_hero--mask\"><svg width=\"997.021\" height=\"609.682\" viewbox=\"0 0 997.021 609.682\"><defs><clippath id=\"svgPathHero\"><path d=\"M299.014.148H0V609.681H299.014c480.632.192,698.007-296.752,698.007-296.752C691.761-16.846,299.014.148,299.014.148\"\/><\/clippath><\/defs><image id=\"image_69efb2f3798e8\" xlink:href=\"https:\/\/www.soundcu.com\/files\/iStock-1184242058_997x610.jpg\" src=\"https:\/\/www.soundcu.com\/files\/iStock-1184242058_997x610.jpg\" clip-path=\"url(#svgPathHero)\"  alt=\"Portrait of happy young man standing with his arms crossed in a coffee shop\" \/><\/svg><\/div>\t\t\t\t\t<\/div>\n\t\t\t\t\t\t\t\t<div class=\"co-page_hero--text pcol-lg:6 pcol-xl:5\">\n\t\t\t\t\t\t\t\t\t\t\t<h1 class=\"co-page_hero--sup_heading\">\n\t\t\t\t\t\t\tProtecci\u00f3n de pagos en Washington\t\t\t\t\t\t<\/h1>\n\t\t\t\t\t\t\t\t\t\t<h2 class=\"co-page_hero--title\" >Servicios personales<\/h2>\t\t\t\t\t<p class=\"co-page_hero--tagline\">Una forma sencilla y econ\u00f3mica de proteger a su familia.<\/p>\t\t\t\t<\/div>\n\t\t\t<\/div>\n\t\t<\/div>\n\t<\/header>\n\n\t<\/div>\n<\/div>\n\n\n<div class=\"co-flex_row co-flex_row__blue co-flex_row__next_row_diff co-flex_row__page-intro co-flex_row__next_row__long-form-text\" >\n\t<div class=\"co-flex_row--row co-row\">\n\t\t\t<div class=\"co-page_intro\">\n\t\t<div class=\"co-page_intro--desc\"><p>Pueden surgir imprevistos. La Protecci\u00f3n de Pagos le permite pausar temporalmente los pagos si atraviesa una dificultad econ\u00f3mica inesperada.<\/p>\n<\/div>\t<\/div>\n\n\t<\/div>\n<\/div>\n\n\n<div class=\"co-flex_row co-flex_row__white co-flex_row__next_row_diff co-flex_row__long-form-text co-flex_row__next_row__related-products\" >\n\t<div class=\"co-flex_row--row co-row\">\n\t\t\t<div class=\"co-long_form\">\n\t\t\t\t<header class=\"co-intro_text\">\n\t\t\t<h2 class=\"co-intro_text--title\">Protecci\u00f3n de pagos<\/h2><div class=\"co-intro_text--intro\"><p>Incluso la persona m\u00e1s responsable puede verse afectada por facturas que no puede pagar, da\u00f1os a su historial crediticio e incluso embargos cuando una enfermedad, lesi\u00f3n o muerte inesperada le impide obtener un salario.<\/p>\n<\/div>\t\t<\/header>\n\t\t\t\t<div class=\"co-long_form--block prow items-start\">\n\t\t\t\t<div class=\"co-long_form--text pcol-md:7\">\n\t\t\t\t\t<div class=\"co-long_form--content\"><h2 style=\"text-align: left;\">La protecci\u00f3n de pagos puede ayudarle a minimizar el impacto de lo inesperado.<\/h2>\n<p style=\"text-align: left;\">En la mayor\u00eda de los casos, la protecci\u00f3n de pagos puede:<\/p>\n<ul style=\"text-align: left;\">\n<li>Elimine la totalidad o parte del saldo restante de su pr\u00e9stamo.<\/li>\n<li>Proteja su historial crediticio, ya que las obligaciones de pago del pr\u00e9stamo se realizan en su nombre.<\/li>\n<li>Evite cargos por mora<\/li>\n<li>Proteja a su familia y sus pertenencias.<\/li>\n<li>Libera dinero extra cuando m\u00e1s lo necesites.<\/li>\n<li>Pagar beneficios adem\u00e1s de cualquier otra protecci\u00f3n que pueda tener<\/li>\n<\/ul>\n<p style=\"text-align: left;\">La protecci\u00f3n de pagos es asequible, puede cubrir tanto a usted como a su codeudor y forma parte de su pago habitual, lo que le permite tener una preocupaci\u00f3n menos.<\/p>\n<\/div>\t\t\t\t<\/div>\n\t\t\t\t\t\t\t\t\t<div class=\"co-long_form--media pcol-md:5 Image\">\n\t\t\t\t\t\t<div class=\"co-long_form--media_wrap\">\n\t\t\t\t\t\t\t<img loading=\"lazy\" decoding=\"async\" width=\"540\" height=\"454\" src=\"https:\/\/www.soundcu.com\/files\/iStock-1385115984_642x540-540x454.jpg\" class=\"co-long_form--image\" alt=\"You can refinance your automobile for cash\" srcset=\"https:\/\/www.soundcu.com\/files\/iStock-1385115984_642x540-540x454.jpg 540w, https:\/\/www.soundcu.com\/files\/iStock-1385115984_642x540-396x333.jpg 396w, https:\/\/www.soundcu.com\/files\/iStock-1385115984_642x540-75x63.jpg 75w, https:\/\/www.soundcu.com\/files\/iStock-1385115984_642x540.jpg 642w\" sizes=\"auto, (max-width: 540px) 100vw, 540px\" \/>\t\t\t\t\t\t\t\t\t\t\t\t\t\t\t<svg class=\"co-long_form--media__svg\" width=\"252.96\" height=\"86.432\" viewbox=\"0 0 252.96 86.432\"><g transform=\"translate(-992.041 -7954.568)\"><path d=\"M567.407,124.428c-77.494-74.559-170.562-30.665-250.487,0C396.429,151.611,495.98,196.666,567.407,124.428Z\" transform=\"translate(677.594 7871.189)\" fill=\"#71c4e8\"\/><path d=\"M452.635,105.62c-41.987-40.4-92.411-16.614-135.715,0C360,120.347,413.936,144.758,452.635,105.62Z\" transform=\"translate(675.121 7914.231)\" fill=\"#00205b\"\/><\/g><\/svg>\n\t\t\t\t\t\t\t\t\t\t\t\t\t<\/div>\n\t\t\t\t\t\t\t\t\t\t\t<\/div>\n\t\t\t\t\t\t\t<\/div>\n\t\t\t\t<\/div>\n\n\t<\/div>\n<\/div>\n\n\n<div class=\"co-flex_row co-flex_row__blue co-flex_row__related-products co-flex_row__next_row__single-path-cta\" >\n\t<div class=\"co-flex_row--row co-row\">\n\t\t\t<div class=\"co-rel_prods\">\n\t\t\t\t<header class=\"co-intro_text\">\n\t\t\t<h2 class=\"co-intro_text--title\">M\u00e1s opciones de cobertura<\/h2><div class=\"co-intro_text--intro\"><p>Sound tambi\u00e9n ofrece soluciones GAP y MMP para proteger sus veh\u00edculos.<\/p>\n<\/div>\t\t<\/header>\n\t\t\t\t<div class=\"co-rel_prods--cols prow prow-md:2 justify-center\">\n\t\t\t\t\t\t\t\t\t<div class=\"co-rel_prods--col\">\n\t\t\t\t\t\t<h3 class=\"co-rel_prods--col_title\">Cobertura GAP y MMP<\/h3><div class=\"co-rel_prods--col_desc\">Comprenda el valor de la cobertura de Protecci\u00f3n Automotriz Garantizada (GAP) y la Protecci\u00f3n Mec\u00e1nica Mayor (MMP) para su tranquilidad.<\/div><a class=\"co-rel_prods--col_cta\" href=\"https:\/\/www.soundcu.com\/es\/personal\/services\/gap-mmp\/\" target=\"_blank\" aria-label=\"Lea m\u00e1s sobre la cobertura de GAP y MMP.\">Leer m\u00e1s<\/a>\t\t\t\t\t<\/div>\n\t\t\t\t\t\t\t\t<\/div>\n\t\t\t<\/div>\n\n\t<\/div>\n<\/div>\n\n\n<div class=\"co-flex_row co-flex_row__blue co-flex_row__single-path-cta co-flex_row__next_row__disclosures\" >\n\t<div class=\"co-flex_row--row co-row\">\n\t\t\t<svg class=\"co-sp_cta__svg\" width=\"488.512\" height=\"338.101\" viewbox=\"0 0 488.512 338.101\">\n\t\t\t<path class=\"co-sp_cta__svg--path_big\" d=\"M488.512,163.324C337.738,308.387,172.875,346.284,6.386,332.445c-12.895-1.072-2.726.507,0-169.121C7.666,83.681-1.682,4.826,3.448,4.309,177.337-13.221,346.255,19.454,488.512,163.324Z\"\/>\n\t\t\t<path class=\"co-sp_cta__svg--path_small\" d=\"M408.431,63.648c-126.358,121.572-278.108,50-408.431,0C129.644,19.327,291.966-54.138,408.431,63.648Z\" transform=\"translate(0 207.52)\" fill=\"#efc025\"\/>\n\t<\/svg>\n\t<div class=\"co-sp_cta\">\n\t\t\t\t<header class=\"co-intro_text\">\n\t\t\t<h2 class=\"co-intro_text--title\">\u00bfListo para la protecci\u00f3n de pagos?<\/h2><div class=\"co-intro_text--intro\"><p>\u00a1Obt\u00e9n m\u00e1s informaci\u00f3n e inscr\u00edbete hoy mismo!<\/p>\n<\/div>\t\t<\/header>\n\t<a class=\"co-sp_cta--button gtm-button\" href=\"https:\/\/www.soundcu.com\/es\/speed-bump\/?url=https%3A%2F%2Fwww.soundcu.com%2Fcontact%2F&#038;prev=https%3A%2F%2Fwww.soundcu.com%2Fes%2Fpersonal%2Fservices%2Fpayment-protection%2F\"  >Cont\u00e1ctarnos<\/a><a class=\"co-sp_cta--link\" href=\"https:\/\/www.soundcu.com\/es\/speed-bump\/?url=https%3A%2F%2Fwww.soundcu.com%2Fbranches%2F&#038;prev=https%3A%2F%2Fwww.soundcu.com%2Fes%2Fpersonal%2Fservices%2Fpayment-protection%2F\"  >Visite una sucursal local.<\/a>\t<\/div>\n\n\t<\/div>\n<\/div>\n\n\n<div class=\"co-flex_row co-flex_row__blue co-flex_row__last co-flex_row__disclosures\" >\n\t<div class=\"co-flex_row--row co-row\">\n\t\t\t<div class=\"co-disclosures\">\n\t\t<h2 class=\"co-disclosures--title\">Divulgaciones<\/h2>\n\t\t<div class=\"co-disclosures--content\">\n\t\t\t<div id=\"content\" class=\"site_content\">\n<div class=\"small-text\">\n<p>Pueden aplicarse detalles y restricciones adicionales. Llame o visite su sucursal local para obtener informaci\u00f3n completa sobre la cobertura.<\/p>\n<\/div>\n<\/div>\n\t\t<\/div>\n\t<\/div>\n\n\t<\/div>\n<\/div>","protected":false},"excerpt":{"rendered":"","protected":false},"author":9,"featured_media":0,"parent":2345,"menu_order":0,"comment_status":"closed","ping_status":"closed","template":"","meta":{"_acf_changed":false,"content-type":"","_searchwp_excluded":"","footnotes":""},"county":[],"class_list":["post-2352","page","type-page","status-publish","hentry"],"acf":[],"_links":{"self":[{"href":"https:\/\/www.soundcu.com\/es\/wp-json\/wp\/v2\/pages\/2352","targetHints":{"allow":["GET"]}}],"collection":[{"href":"https:\/\/www.soundcu.com\/es\/wp-json\/wp\/v2\/pages"}],"about":[{"href":"https:\/\/www.soundcu.com\/es\/wp-json\/wp\/v2\/types\/page"}],"author":[{"embeddable":true,"href":"https:\/\/www.soundcu.com\/es\/wp-json\/wp\/v2\/users\/9"}],"replies":[{"embeddable":true,"href":"https:\/\/www.soundcu.com\/es\/wp-json\/wp\/v2\/comments?post=2352"}],"version-history":[{"count":5,"href":"https:\/\/www.soundcu.com\/es\/wp-json\/wp\/v2\/pages\/2352\/revisions"}],"predecessor-version":[{"id":17727,"href":"https:\/\/www.soundcu.com\/es\/wp-json\/wp\/v2\/pages\/2352\/revisions\/17727"}],"up":[{"embeddable":true,"href":"https:\/\/www.soundcu.com\/es\/wp-json\/wp\/v2\/pages\/2345"}],"wp:attachment":[{"href":"https:\/\/www.soundcu.com\/es\/wp-json\/wp\/v2\/media?parent=2352"}],"wp:term":[{"taxonomy":"county","embeddable":true,"href":"https:\/\/www.soundcu.com\/es\/wp-json\/wp\/v2\/county?post=2352"}],"curies":[{"name":"wp","href":"https:\/\/api.w.org\/{rel}","templated":true}]}}