{"id":2357,"date":"2023-08-14T18:12:41","date_gmt":"2023-08-15T01:12:41","guid":{"rendered":"https:\/\/www.soundcu.com\/personal\/rewards\/"},"modified":"2025-05-15T17:04:23","modified_gmt":"2025-05-16T00:04:23","slug":"rewards","status":"publish","type":"page","link":"https:\/\/www.soundcu.com\/es\/personal\/rewards\/","title":{"rendered":"Recompensas"},"content":{"rendered":"<div class=\"co-flex_row co-flex_row__white co-flex_row__next_row_diff co-flex_row__page-hero co-flex_row__next_row__page-intro\" >\n\t<div class=\"co-flex_row--row co-row\">\n\t\t\t<header class=\"co-page_hero  co-page_hero__has_image\" aria-label=\"Encabezado: Recompensas sonoras\">\n\t\t<div class=\"co-page_hero--inner\">\n\t\t\t<div class=\"prow items-center\">\n\t\t\t\t\t\t\t\t\t<div class=\"co-page_hero--img_wrap pcol-lg:6 pcol-xl:7\">\n\t\t\t\t\t\t<div class=\"co-page_hero--mask\"><svg width=\"997.021\" height=\"609.682\" viewbox=\"0 0 997.021 609.682\"><defs><clippath id=\"svgPathHero\"><path d=\"M299.014.148H0V609.681H299.014c480.632.192,698.007-296.752,698.007-296.752C691.761-16.846,299.014.148,299.014.148\"\/><\/clippath><\/defs><image id=\"image_69eecae03c489\" xlink:href=\"https:\/\/www.soundcu.com\/files\/iStock-1473510332_997x610.jpg\" src=\"https:\/\/www.soundcu.com\/files\/iStock-1473510332_997x610.jpg\" clip-path=\"url(#svgPathHero)\"  alt=\"sound rewards\" \/><\/svg><\/div>\t\t\t\t\t<\/div>\n\t\t\t\t\t\t\t\t<div class=\"co-page_hero--text pcol-lg:6 pcol-xl:5\">\n\t\t\t\t\t\t\t\t\t\t<h1 class=\"co-page_hero--title\" >Recompensas sonoras<\/h1>\t\t\t\t\t<p class=\"co-page_hero--tagline\">Gasta dinero. Gana puntos. Divi\u00e9rtete. Repite.<\/p>\t\t\t\t\t\t<div class=\"co-page_hero--buttons\">\n\t\t\t\t\t\t\t<a class=\"co-page_hero--button gtm-button\" href=\"https:\/\/www.dreampoints.com\/sound\/signin\" rel=\"noopener\">Inscr\u00edbete hoy<\/a>\t\t\t\t\t\t<\/div>\n\t\t\t\t\t\t\t\t\t\t<\/div>\n\t\t\t<\/div>\n\t\t<\/div>\n\t<\/header>\n\n\t<\/div>\n<\/div>\n\n\n<div class=\"co-flex_row co-flex_row__blue co-flex_row__next_row_diff co-flex_row__page-intro co-flex_row__next_row__columns\" >\n\t<div class=\"co-flex_row--row co-row\">\n\t\t\t<div class=\"co-page_intro\">\n\t\t<h2 class=\"co-page_intro--title\">Es sencillo. Compra cosas y obt\u00e9n recompensas.<\/h2>\t<\/div>\n\n\t<\/div>\n<\/div>\n\n\n<div class=\"co-flex_row co-flex_row__white co-flex_row__next_row_diff co-flex_row__columns co-flex_row__next_row__columns\" >\n\t<div class=\"co-flex_row--row co-row\">\n\t\t\t<div class=\"co-columns\">\n\t\t\t\t\t<div class=\"co-columns--row prow prow-md:2 prow-lg:3 co-columns--row__icons justify-center\">\n\t\t\t\t\t\t\t\t\t<div class=\"co-columns--box\">\n\t\t\t\t\t\t\t<svg\n\t\tclass=\"co-columns--box_icon IconArt\"\n\t\tviewbox=\"0 0 60.212 71.278\"\n\t\twidth=\"60.212\"\n\t\theight=\"71.278\"\n\t>\n\t\t<title>Art<\/title>\n\t\tclase=\u201denvoltorio\u201d&gt;\n\t<g transform=\"translate(-726.642 -1175.121)\">\n\t\t\t<path d=\"M2691.044,5032.091h0a1.4,1.4,0,0,0,1.916-.515l7.629-13.241h-3.238l-6.823,11.84a1.4,1.4,0,0,0,.515,1.916\" transform=\"translate(-1958.097 -3785.88)\" fill=\"#00205b\"\/>\n\t\t\t<path d=\"M2892.2,5032.091h0a1.4,1.4,0,0,0,.515-1.916l-6.822-11.84h-3.238l7.629,13.241a1.4,1.4,0,0,0,1.916.515\" transform=\"translate(-2111.647 -3785.88)\" fill=\"#00205b\"\/>\n\t\t\t<path d=\"M2806.362,5032.143h0a1.4,1.4,0,0,0,1.4-1.4v-12.4h-2.805v12.4a1.4,1.4,0,0,0,1.4,1.4\" transform=\"translate(-2049.614 -3785.88)\" fill=\"#00205b\"\/>\n\t\t\t<path d=\"M2690.366,4848.372h49V4812.5h-49Zm3.116-32.746h42.765v20.851h-14.266l-1.406-1.874-6.394-8.532-5.024,6.7-7.766-10.363-7.91,10.549Z\" transform=\"translate(-1958.117 -3621.532)\" fill=\"#1f79af\"\/>\n\t\t\t<rect width=\"13.543\" height=\"2.109\" transform=\"translate(749.977 1185.767)\" fill=\"#efc025\"\/>\n\t\t\t<path d=\"M2722.761,4784.642h-20.529v2.81h17.729v41.482h-54.61v-41.482h17.728v-2.81h-20.529v47.1h60.212\" transform=\"translate(-1935.906 -3599.288)\" fill=\"#efc025\"\/>\n\t\t\t<path d=\"M2705.824,4845.34l7.91-10.548,7.766,10.362,5.024-6.7,6.394,8.533,1.406,1.874h14.266v-20.851h-42.766Zm32.71-13.06a3.665,3.665,0,1,1-3.656,3.666,3.663,3.663,0,0,1,3.656-3.666\" transform=\"translate(-1970.46 -3633.912)\" fill=\"#efc025\"\/>\n\t\t\t<path d=\"M2713.328,4746.914v-5.2h-8.174v-6.437a1.4,1.4,0,1,0-2.806,0v6.437h-8.174v5.2h-17.728V4788.4h54.61v-41.482Zm-16.348-2.4h13.543v2.109h-13.543Zm31.271,41.073h-49V4749.72h49Z\" transform=\"translate(-1947.003 -3558.751)\" fill=\"#00205b\"\/>\n\t<\/g>\n\t<\/symbol>\t<\/svg>\n<h2 class=\"co-columns--box_headline\" > Gana puntos con cada compra.<\/h2><div class=\"co-columns--box_desc\"><p>Gana un punto por cada $1 que gastes con tu tarjeta de cr\u00e9dito Rewards.<\/p>\n<\/div><div class=\"co-columns--box_button\"><\/div>\t\t\t\t\t<\/div>\n\t\t\t\t\t\t\t\t\t<div class=\"co-columns--box\">\n\t\t\t\t\t\t\t<svg\n\t\tclass=\"co-columns--box_icon IconStorefront\"\n\t\tviewbox=\"0 0 75.333 56.05\"\n\t\twidth=\"75.333\"\n\t\theight=\"56.05\"\n\t>\n\t\t<title>Storefront<\/title>\n\t\tclase=\u201denvoltorio\u201d&gt;\n\t<g transform=\"translate(-669.914 -228.117)\">\n\t\t<path d=\"M2439.2,85.118V72.675h-17.521v34.934h6.984V85.118Zm-4.692-10.3h2.747v2.966h-2.747Zm0,5.19h2.747v2.966h-2.747Zm-5.485-5.19h2.746v2.966h-2.746Zm0,5.19h2.746v2.966h-2.746Zm-2.74,23.727h-2.745v-2.966h2.745Zm0-5.19h-2.745V95.582h2.745Zm0-5.19h-2.745V90.391h2.745Zm0-5.19h-2.745V85.2h2.745Zm0-5.19h-2.745V80.011h2.745Zm0-5.19h-2.745V74.821h2.745Z\" transform=\"translate(-1743.586 162.972)\" fill=\"#fff\"\/>\n\t\t<rect width=\"18.692\" height=\"1.599\" transform=\"translate(677.51 231.083)\" fill=\"#1f79af\"\/>\n\t\t<path d=\"M2635.05,72.675V85.118h10.567v22.491h6.953V72.675Zm4.6,10.3h-2.745V80.011h2.745Zm0-5.19h-2.745V74.821h2.745Zm5.486,5.19h-2.746V80.011h2.746Zm0-5.19h-2.746V74.821h2.746Zm5.486,25.951h-2.747v-2.966h2.747Zm0-5.19h-2.747V95.582h2.747Zm0-5.19h-2.747V90.391h2.747Zm0-5.19h-2.747V85.2h2.747Zm0-5.19h-2.747V80.011h2.747Zm0-5.19h-2.747V74.821h2.747Z\" transform=\"translate(-1913.95 162.972)\" fill=\"#fff\"\/>\n\t\t<rect width=\"18.691\" height=\"1.599\" transform=\"translate(720.515 231.083)\" fill=\"#1f79af\"\/>\n\t\t<path d=\"M2430.906,84.8v1.483h2.745V83.32h-2.745Z\" transform=\"translate(-1750.952 154.473)\" fill=\"#efc025\"\/>\n\t\t<rect width=\"2.746\" height=\"2.966\" transform=\"translate(685.439 237.793)\" fill=\"#efc025\"\/>\n\t\t<rect width=\"2.747\" height=\"2.966\" transform=\"translate(690.924 237.793)\" fill=\"#efc025\"\/>\n\t\t<path d=\"M2430.906,110.555v1.483h2.745v-2.966h-2.745Z\" transform=\"translate(-1750.952 133.911)\" fill=\"#efc025\"\/>\n\t\t<rect width=\"2.746\" height=\"2.966\" transform=\"translate(685.439 242.983)\" fill=\"#efc025\"\/>\n\t\t<rect width=\"2.747\" height=\"2.966\" transform=\"translate(690.924 242.983)\" fill=\"#efc025\"\/>\n\t\t<path d=\"M2430.906,136.305v1.483h2.745v-2.966h-2.745Z\" transform=\"translate(-1750.952 113.351)\" fill=\"#efc025\"\/>\n\t\t<path d=\"M2430.906,162.057v1.483h2.745v-2.966h-2.745Z\" transform=\"translate(-1750.952 92.789)\" fill=\"#efc025\"\/>\n\t\t<path d=\"M2430.906,187.808v1.483h2.745v-2.966h-2.745Z\" transform=\"translate(-1750.952 72.228)\" fill=\"#efc025\"\/>\n\t\t<path d=\"M2430.906,213.559v1.483h2.745v-2.966h-2.745Z\" transform=\"translate(-1750.952 51.668)\" fill=\"#efc025\"\/>\n\t\t<rect width=\"2.745\" height=\"2.966\" transform=\"translate(722.958 237.793)\" fill=\"#efc025\"\/>\n\t\t<path d=\"M2671.489,84.8v1.483h2.746V83.32h-2.746Z\" transform=\"translate(-1943.045 154.473)\" fill=\"#efc025\"\/>\n\t\t<path d=\"M2698.7,83.32v2.966h2.747V83.32Z\" transform=\"translate(-1964.773 154.473)\" fill=\"#efc025\"\/>\n\t\t<rect width=\"2.745\" height=\"2.966\" transform=\"translate(722.958 242.983)\" fill=\"#efc025\"\/>\n\t\t<path d=\"M2671.489,110.555v1.483h2.746v-2.966h-2.746Z\" transform=\"translate(-1943.045 133.911)\" fill=\"#efc025\"\/>\n\t\t<path d=\"M2698.7,110.555v1.483h2.747v-2.966H2698.7Z\" transform=\"translate(-1964.773 133.911)\" fill=\"#efc025\"\/>\n\t\t<path d=\"M2698.7,136.305v1.483h2.747v-2.966H2698.7Z\" transform=\"translate(-1964.773 113.351)\" fill=\"#efc025\"\/>\n\t\t<path d=\"M2698.7,162.057v1.483h2.747v-2.966H2698.7Z\" transform=\"translate(-1964.773 92.789)\" fill=\"#efc025\"\/>\n\t\t<path d=\"M2698.7,187.808v1.483h2.747v-2.966H2698.7Z\" transform=\"translate(-1964.773 72.228)\" fill=\"#efc025\"\/>\n\t\t<path d=\"M2698.7,213.559v1.483h2.747v-2.966H2698.7Z\" transform=\"translate(-1964.773 51.668)\" fill=\"#efc025\"\/>\n\t\t<path d=\"M2486.562,271.971h0a1.483,1.483,0,0,0,1.482,1.483h31.584a1.483,1.483,0,0,0,0-2.966h-31.584a1.483,1.483,0,0,0-1.482,1.483\" transform=\"translate(-1795.39 5.029)\" fill=\"#00205b\"\/>\n\t\t<path d=\"M2457.39,301.656h43.941a1.483,1.483,0,1,0,0-2.966H2457.39a1.483,1.483,0,0,0,0,2.966\" transform=\"translate(-1770.914 -17.489)\" fill=\"#00205b\"\/>\n\t\t<rect width=\"40.657\" height=\"1.731\" transform=\"translate(688.045 251.056)\" fill=\"#1f79af\"\/>\n\t\t<path d=\"M2471.049,187.255h18.918v-7.669h-15.3V176.62h33.561v2.966h-15.3v7.669h18.772V172.426h-40.656Z\" transform=\"translate(-1783.004 83.326)\" fill=\"#efc025\"\/>\n\t\t<path d=\"M2452.762,77.778V42.843h.586v-7.53h-24.623v7.53h.585V55.286h-19.552V42.843h.586v-7.53H2385.72v7.53h.585V77.778h-3.733a1.483,1.483,0,0,0,0,2.966h72.367a1.483,1.483,0,0,0,0-2.966Zm-12.884,0h-18.772V70.108h15.3V67.142h-33.561v2.966h15.3v7.669h-18.918V62.948h40.656Zm-40.656-19.525h40.656v1.731h-40.656Zm-10.535-19.973h18.691v1.6h-18.691Zm7.57,39.5h-6.985V42.843h17.521V55.286h-10.536Zm53.541,0h-6.953V55.286h-10.568V42.843H2449.8Zm.586-37.9h-18.691v-1.6h18.691Z\" transform=\"translate(-1711.177 192.804)\" fill=\"#00205b\"\/>\n\t<\/g>\n\t<\/symbol>\t<\/svg>\n<h2 class=\"co-columns--box_headline\" >Tarjeta de d\u00e9bito empresarial<\/h2><div class=\"co-columns--box_desc\"><p>Gana un punto por cada $3 que gastes con tu tarjeta de d\u00e9bito empresarial.<\/p>\n<\/div><div class=\"co-columns--box_button\"><a class=\"co-columns--button co-button gtm-button\" href=\"https:\/\/www.dreampoints.com\/sound\/\" rel=\"noopener\">EXPLORA LAS RECOMPENSAS DE SONIDO<\/a><\/div>\t\t\t\t\t<\/div>\n\t\t\t\t\t\t\t\t\t<div class=\"co-columns--box\">\n\t\t\t\t\t\t\t<svg\n\t\tclass=\"co-columns--box_icon IconHandWithDollar\"\n\t\tviewbox=\"0 0 70.308 70.764\"\n\t\twidth=\"70.308\"\n\t\theight=\"70.764\"\n\t>\n\t\t<title>Hand with Dollar<\/title>\n\t\tclase=\u201denvoltorio\u201d&gt;\n\t<g transform=\"translate(-686.671 -430.658)\">\n\t\t\t<path d=\"M2550.55,1105.646h6.015a6.333,6.333,0,0,1,3.644-3.516V1086.2a6.364,6.364,0,0,1-3.61-3.439h-45.751a6.36,6.36,0,0,1-3.61,3.439v15.926a6.337,6.337,0,0,1,3.644,3.516h28.873v-.257a4.64,4.64,0,0,1,4.635-4.635h1.527a4.64,4.64,0,0,1,4.634,4.635Zm-28.615-9.895h-11.345v-3.09h11.345Zm11.787,7.574a9.121,9.121,0,1,1,9.22-9.119,9.18,9.18,0,0,1-9.22,9.119m11.788-10.664h11.344v3.09h-11.344Z\" transform=\"translate(-1811.898 -643.532)\" fill=\"#efc025\"\/>\n\t\t\t<path d=\"M2614.361,1109.6a6.031,6.031,0,1,0,6.13,6.032,6.088,6.088,0,0,0-6.13-6.032\" transform=\"translate(-1892.537 -664.962)\" fill=\"#efc025\"\/>\n\t\t\t<path d=\"M2464.232,1040.22v40.031h41.185v-5.485H2474.1l-.229-1.27a3.249,3.249,0,0,0-2.745-2.619l-1.32-.195V1049.71l1.321-.193a3.254,3.254,0,0,0,2.733-2.567l.246-1.245h50.549l.247,1.244a3.256,3.256,0,0,0,2.733,2.567l1.321.193v20.975l-1.32.194a3.244,3.244,0,0,0-2.743,2.617l-.229,1.271h-8.455v5.485h18.327V1040.22Z\" transform=\"translate(-1777.561 -609.562)\" fill=\"#efc025\"\/>\n\t\t\t<path d=\"M2624.533,1245.258c.4-.662.757-1.2,1.04-1.6.081-.115.158-.222.225-.312v-4.51h-7.328l-2.022,1.429-.093.093a4.643,4.643,0,0,0,0,6.554l1.079,1.08a4.639,4.639,0,0,0,5.314.881,25.27,25.27,0,0,1,1.787-3.612\" transform=\"translate(-1897.941 -768.144)\" fill=\"#1f79af\"\/>\n\t\t\t<path d=\"M2668.855,1264.156\" transform=\"translate(-1940.942 -788.363)\" fill=\"#0450cf\"\/>\n\t\t\t<path d=\"M2674.169,1197.726v5.032h-3.09v-13.864a1.546,1.546,0,0,0-1.544-1.545h-1.527a1.546,1.546,0,0,0-1.545,1.545V1203.3l-.344.425c-.06.074-6.061,7.649-3.359,14.406l.11.276v3.89h14.9v-2.619l5.495-8.426a13.577,13.577,0,0,0,2.211-7.437v-6.093Z\" transform=\"translate(-1935.518 -727.037)\" fill=\"#1f79af\"\/>\n\t\t\t<path d=\"M2657.26,1172.019h-1.527a4.64,4.64,0,0,0-4.635,4.635V1190c-.066.09-.143.2-.225.313-.282.4-.644.94-1.039,1.6a25.2,25.2,0,0,0-1.787,3.612,15.605,15.605,0,0,0-.542,11.234v3.3h3.09v-3.89l-.111-.276c-2.7-6.756,3.3-14.332,3.359-14.406l.344-.425v-14.411a1.546,1.546,0,0,1,1.545-1.545h1.527a1.547,1.547,0,0,1,1.545,1.545v13.864h3.089v-13.864a4.639,4.639,0,0,0-4.634-4.635\" transform=\"translate(-1923.243 -714.797)\" fill=\"#00205b\"\/>\n\t\t\t<path d=\"M2654.49,1360.767h-21.584v6.158h25.181v-6.158Z\" transform=\"translate(-1912.238 -865.502)\" fill=\"#00205b\"\/>\n\t<\/g>\n\t<\/symbol>\t<\/svg>\n<h2 class=\"co-columns--box_headline\" >Gana dinero en efectivo y premios. No necesitas participar en ning\u00fan concurso.<\/h2><div class=\"co-columns--box_desc\"><p>Canjea tus puntos de recompensa por viajes, productos, tarjetas de regalo, dinero en efectivo y mucho m\u00e1s.<\/p>\n<\/div><div class=\"co-columns--box_button\"><\/div>\t\t\t\t\t<\/div>\n\t\t\t\t\t\t\t<\/div>\n\t\t\t\t<\/div>\n\n\t<\/div>\n<\/div>\n\n\n<div class=\"co-flex_row co-flex_row__blue co-flex_row__columns co-flex_row__next_row__full-width-promo\" >\n\t<div class=\"co-flex_row--row co-row\">\n\t\t\t<div class=\"co-columns\">\n\t\t\t\t<header class=\"co-intro_text\">\n\t\t\t<h2 class=\"co-intro_text--title\">\u00bfPor qu\u00e9 elegir un solo tipo de recompensa?<\/h2>\t\t<\/header>\n\t\t\t\t<div class=\"co-columns--row prow prow-md:2 prow-lg:3 justify-center\">\n\t\t\t\t\t\t\t\t\t<div class=\"co-columns--box\">\n\t\t\t\t\t\t<h3 class=\"co-columns--box_headline\" >Viajar<\/h3><div class=\"co-columns--box_desc\"><p>Utiliza tus puntos para billetes de avi\u00f3n, alquiler de coches, cruceros, estancias en hoteles, parques tem\u00e1ticos y mucho m\u00e1s.<\/p>\n<\/div><div class=\"co-columns--box_button\"><\/div>\t\t\t\t\t<\/div>\n\t\t\t\t\t\t\t\t\t<div class=\"co-columns--box\">\n\t\t\t\t\t\t<h3 class=\"co-columns--box_headline\" >Conciertos y eventos<\/h3><div class=\"co-columns--box_desc\"><p>Encuentra entradas para conciertos, espect\u00e1culos y eventos deportivos tanto a nivel local como en todo el pa\u00eds.<\/p>\n<\/div><div class=\"co-columns--box_button\"><\/div>\t\t\t\t\t<\/div>\n\t\t\t\t\t\t\t\t\t<div class=\"co-columns--box\">\n\t\t\t\t\t\t<h3 class=\"co-columns--box_headline\" >Mercanc\u00edas<\/h3><div class=\"co-columns--box_desc\"><p>Descubre miles de opciones, desde electr\u00f3nica y art\u00edculos deportivos hasta joyer\u00eda y muebles para el hogar.<\/p>\n<\/div><div class=\"co-columns--box_button\"><\/div>\t\t\t\t\t<\/div>\n\t\t\t\t\t\t\t\t\t<div class=\"co-columns--box\">\n\t\t\t\t\t\t<h3 class=\"co-columns--box_headline\" >Efectivo y tarjetas de regalo<\/h3><div class=\"co-columns--box_desc\"><p>Consigue tarjetas regalo para tus tiendas de ropa, entretenimiento, spas y restaurantes favoritos, o canjea tus puntos por dinero en efectivo.<\/p>\n<\/div><div class=\"co-columns--box_button\"><\/div>\t\t\t\t\t<\/div>\n\t\t\t\t\t\t\t\t\t<div class=\"co-columns--box\">\n\t\t\t\t\t\t<h3 class=\"co-columns--box_headline\" >Donaciones ben\u00e9ficas<\/h3><div class=\"co-columns--box_desc\"><p>Dona a tu organizaci\u00f3n favorita. El programa CharityChoice de Sound Rewards cuenta con m\u00e1s de 1000 organizaciones importantes y locales entre las que puedes elegir.<\/p>\n<\/div><div class=\"co-columns--box_button\"><\/div>\t\t\t\t\t<\/div>\n\t\t\t\t\t\t\t\t\t<div class=\"co-columns--box\">\n\t\t\t\t\t\t<h3 class=\"co-columns--box_headline\" >Regalo de puntos<\/h3><div class=\"co-columns--box_desc\"><p>Transfiere tus puntos de recompensa a otro miembro del programa de recompensas.*<\/p>\n<\/div><div class=\"co-columns--box_button\"><\/div>\t\t\t\t\t<\/div>\n\t\t\t\t\t\t\t<\/div>\n\t\t\t\t<\/div>\n\n\t<\/div>\n<\/div>\n\n\n<div class=\"co-flex_row co-flex_row__blue co-flex_row__full-width-promo co-flex_row__next_row__single-path-cta\" >\n\t<div class=\"co-flex_row--row co-row\">\n\t\t<div class=\"co-fwp_wrap\">\n\t\t\t<header class=\"co-intro_text\">\n\t\t\t<h2 class=\"co-intro_text--title\">\u00a1Extra! \u00a1Extra!<\/h2><div class=\"co-intro_text--intro\"><p>Gana 10.000 puntos de bonificaci\u00f3n con una nueva tarjeta de cr\u00e9dito con recompensas.<\/p>\n<\/div>\t\t<\/header>\n\t\t\t<div \n\t\t\tclass=\"co-fwp js-promo\" \n\t\t\tdata-position=\"fw-promo\" \n\t\t\tdata-title=\"Get a 10,000 Point Head Start on Rewards Credit Card\" \n\t\t\tdata-id=\"7749\" \n\t\t\tdata-isretar=\"false\"\n\t\t>\n\t\t\t<div class=\"prow\">\n\t\t\t\t<div class=\"co-fwp--img_wrap pcol-md:6 pcol-lg:5\">\n\t\t\t\t\t<img loading=\"lazy\" decoding=\"async\" width=\"700\" height=\"462\" src=\"https:\/\/www.soundcu.com\/files\/iStock-1392022910_700x462.jpg\" class=\"co-fwp--img\" alt=\"couple during sunrise watching hot air balloons in Cappadocia, Turkey\" srcset=\"https:\/\/www.soundcu.com\/files\/iStock-1392022910_700x462.jpg 700w, https:\/\/www.soundcu.com\/files\/iStock-1392022910_700x462-540x356.jpg 540w, https:\/\/www.soundcu.com\/files\/iStock-1392022910_700x462-396x261.jpg 396w, https:\/\/www.soundcu.com\/files\/iStock-1392022910_700x462-75x50.jpg 75w\" sizes=\"auto, (max-width: 700px) 100vw, 700px\" \/>\t\t\t\t<\/div>\n\t\t\t\t<div class=\"co-fwp--text pcol-md:6 pcol-lg:7\">\n\t\t\t\t\t<h3 class=\"co-fwp--title\">Obt\u00e9n una ventaja de 10,000 puntos con tu tarjeta de cr\u00e9dito de recompensas.<\/h3><div class=\"co-fwp--desc\"><p>Solicita una nueva tarjeta de cr\u00e9dito Rewards y te regalaremos 10.000 puntos Rewards para que empieces a disfrutar de sus beneficios.<\/p>\n<\/div><a class=\"co-fwp--button co-button gtm-button\" href=\"https:\/\/www.soundcu.com\/es\/speed-bump\/?url=https%3A%2F%2Fwww.soundcu.com%2Fbonus-rewards%2F&#038;prev=https%3A%2F%2Fwww.soundcu.com%2Fes%2Fpersonal%2Frewards%2F\">APRENDE M\u00c1S<\/a>\t\t\t\t<\/div>\n\t\t\t<\/div>\n\t\t<\/div>\n\t\t<\/div>\n\t<\/div>\n<\/div>\n\n\n<div class=\"co-flex_row co-flex_row__blue co-flex_row__single-path-cta co-flex_row__next_row__multi-path-cta\" >\n\t<div class=\"co-flex_row--row co-row\">\n\t\t\t<svg class=\"co-sp_cta__svg\" width=\"488.512\" height=\"338.101\" viewbox=\"0 0 488.512 338.101\">\n\t\t\t<path class=\"co-sp_cta__svg--path_big\" d=\"M488.512,163.324C337.738,308.387,172.875,346.284,6.386,332.445c-12.895-1.072-2.726.507,0-169.121C7.666,83.681-1.682,4.826,3.448,4.309,177.337-13.221,346.255,19.454,488.512,163.324Z\"\/>\n\t\t\t<path class=\"co-sp_cta__svg--path_small\" d=\"M408.431,63.648c-126.358,121.572-278.108,50-408.431,0C129.644,19.327,291.966-54.138,408.431,63.648Z\" transform=\"translate(0 207.52)\" fill=\"#efc025\"\/>\n\t<\/svg>\n\t<div class=\"co-sp_cta\">\n\t\t\t\t<header class=\"co-intro_text\">\n\t\t\t<h2 class=\"co-intro_text--title\">Gestiona tus puntos en l\u00ednea<\/h2><div class=\"co-intro_text--intro\"><p>Directamente desde la Banca en L\u00ednea o la Aplicaci\u00f3n M\u00f3vil, seleccione &quot;Sound Rewards&quot; en el men\u00fa de Administraci\u00f3n de Tarjetas para explorar el cat\u00e1logo, consultar su saldo de puntos y canjearlos.<\/p>\n<\/div>\t\t<\/header>\n\t\t<\/div>\n\n\t<\/div>\n<\/div>\n\n\n<div class=\"co-flex_row co-flex_row__blue co-flex_row__next_row_diff co-flex_row__multi-path-cta co-flex_row__next_row__disclosures\" >\n\t<div class=\"co-flex_row--row co-row\">\n\t\t\t<div class=\"co-mp_ctas\">\n\t\t\t\t<header class=\"co-intro_text\">\n\t\t\t<h2 class=\"co-intro_text--title\">\u00bfNo tienes Sound Rewards?<\/h2><div class=\"co-intro_text--intro\"><p>\u00a1Titulares de tarjetas de cr\u00e9dito con recompensas, qu\u00e9 suerte tienen! Las tarjetas de cr\u00e9dito con recompensas y las tarjetas de cr\u00e9dito empresariales con recompensas se inscriben autom\u00e1ticamente en Sound Rewards. Para titulares de tarjetas de d\u00e9bito empresariales:<\/p>\n<\/div>\t\t<\/header>\n\t\t\t<div class=\"co-mp_ctas--list prow justify-center\">\n\t\t\t\t\t\t\t\t\t\t\t<div class=\"co-mp_cta pcol-lg:4\">\n\t\t\t\t\t<div class=\"co-mp_cta--title\">\n\t\t\t\t\t\tVisite una sucursal local.\t\t\t\t\t<\/div>\n\t\t\t\t\t<a class=\"co-mp_cta--link gtm-button\" href=\"https:\/\/www.soundcu.com\/es\/speed-bump\/?url=https%3A%2F%2Fwww.soundcu.com%2Fbranches%2F&#038;prev=https%3A%2F%2Fwww.soundcu.com%2Fes%2Fpersonal%2Frewards%2F\">Encuentra una sucursal<\/a>\t\t\t\t<\/div>\n\t\t\t\t\t\t\t\t\t\t\t<div class=\"co-mp_cta pcol-lg:4\">\n\t\t\t\t\t<div class=\"co-mp_cta--title\">\n\t\t\t\t\t\tLl\u00e1menos\t\t\t\t\t<\/div>\n\t\t\t\t\t\t\t\t\t\t\t<div class=\"co-mp_cta--content\">\n\t\t\t\t\t\t\t<p><a href=\"tel:8005628130\">800.562.8130<\/a><\/p>\n\t\t\t\t\t\t<\/div>\n\t\t\t\t\t\t\t\t\t<\/div>\n\t\t\t\t\t<\/div>\n\t<\/div>\n\n\t<\/div>\n<\/div>\n\n\n<div class=\"co-flex_row co-flex_row__white co-flex_row__last co-flex_row__disclosures\" >\n\t<div class=\"co-flex_row--row co-row\">\n\t\t\t<div class=\"co-disclosures\">\n\t\t<h2 class=\"co-disclosures--title\">Divulgaciones<\/h2>\n\t\t<div class=\"co-disclosures--content\">\n\t\t\t<div class=\"disclosures_footer--title small-text\">El canje de puntos Sound Rewards est\u00e1 sujeto a las condiciones. <a href=\"https:\/\/www.soundcu.com\/files\/Sound-Rewards-Terms-Conditions.pdf\">T\u00e9rminos y condiciones del programa de recompensas<\/a>. Todos los puntos se acumulan en una misma cuenta de membres\u00eda y la acumulaci\u00f3n comienza entre 5 y 7 d\u00edas despu\u00e9s de la inscripci\u00f3n. Los puntos caducan a los 4 a\u00f1os.<\/div>\n<div class=\"disclosures_footer--content\">\n<div class=\"small-text\">\n<p><strong>Cr\u00e9dito personal y empresarial:<\/strong>\u00a0Para solicitarlo, debe ser miembro de Sound Credit Union. Sujeto a aprobaci\u00f3n crediticia. Su tasa de inter\u00e9s y l\u00edmite de cr\u00e9dito se determinar\u00e1n seg\u00fan su solvencia individual, incluyendo ingresos, relaci\u00f3n deuda-ingresos, empleo e historial crediticio. Debe tener 18 a\u00f1os o m\u00e1s para calificar. Es posible que se requiera verificaci\u00f3n de ingresos. Recibir\u00e1 10,000 puntos Sound Rewards el primer d\u00eda del mes siguiente a la apertura de la cuenta.<br \/>\n<strong>D\u00e9bito comercial:<\/strong>\u00a0Previa solicitud, su cuenta corriente Sound Business se inscribir\u00e1 para recibir recompensas gratuitas con su tarjeta de d\u00e9bito. Debe cumplir con los requisitos para participar. Con una sola inscripci\u00f3n, se inscribir\u00e1n todas las tarjetas de d\u00e9bito Sound v\u00e1lidas vinculadas a la cuenta de membres\u00eda empresarial. Podr\u00e1 consultar y canjear sus puntos entre 5 y 7 d\u00edas despu\u00e9s de la inscripci\u00f3n. Las recompensas se eliminar\u00e1n autom\u00e1ticamente si no hay actividad con la tarjeta de d\u00e9bito durante m\u00e1s de seis (6) meses.<br \/>\n<strong>*Puntos de regalo:<\/strong>\u00a0El destinatario deber\u00e1 canjear los puntos regalados en un plazo de 90 d\u00edas a partir de su recepci\u00f3n; de lo contrario, caducar\u00e1n.<\/p>\n<\/div>\n<\/div>\n\t\t<\/div>\n\t<\/div>\n\n\t<\/div>\n<\/div>","protected":false},"excerpt":{"rendered":"","protected":false},"author":9,"featured_media":0,"parent":2314,"menu_order":0,"comment_status":"closed","ping_status":"closed","template":"","meta":{"_acf_changed":false,"content-type":"","_searchwp_excluded":"","footnotes":""},"county":[],"class_list":["post-2357","page","type-page","status-publish","hentry"],"acf":[],"_links":{"self":[{"href":"https:\/\/www.soundcu.com\/es\/wp-json\/wp\/v2\/pages\/2357","targetHints":{"allow":["GET"]}}],"collection":[{"href":"https:\/\/www.soundcu.com\/es\/wp-json\/wp\/v2\/pages"}],"about":[{"href":"https:\/\/www.soundcu.com\/es\/wp-json\/wp\/v2\/types\/page"}],"author":[{"embeddable":true,"href":"https:\/\/www.soundcu.com\/es\/wp-json\/wp\/v2\/users\/9"}],"replies":[{"embeddable":true,"href":"https:\/\/www.soundcu.com\/es\/wp-json\/wp\/v2\/comments?post=2357"}],"version-history":[{"count":7,"href":"https:\/\/www.soundcu.com\/es\/wp-json\/wp\/v2\/pages\/2357\/revisions"}],"predecessor-version":[{"id":15173,"href":"https:\/\/www.soundcu.com\/es\/wp-json\/wp\/v2\/pages\/2357\/revisions\/15173"}],"up":[{"embeddable":true,"href":"https:\/\/www.soundcu.com\/es\/wp-json\/wp\/v2\/pages\/2314"}],"wp:attachment":[{"href":"https:\/\/www.soundcu.com\/es\/wp-json\/wp\/v2\/media?parent=2357"}],"wp:term":[{"taxonomy":"county","embeddable":true,"href":"https:\/\/www.soundcu.com\/es\/wp-json\/wp\/v2\/county?post=2357"}],"curies":[{"name":"wp","href":"https:\/\/api.w.org\/{rel}","templated":true}]}}