{"id":2358,"date":"2025-11-12T12:37:20","date_gmt":"2025-11-12T20:37:20","guid":{"rendered":"https:\/\/www.soundcu.com\/personal\/security\/"},"modified":"2026-03-26T11:32:51","modified_gmt":"2026-03-26T18:32:51","slug":"security","status":"publish","type":"page","link":"https:\/\/www.soundcu.com\/es\/personal\/security\/","title":{"rendered":"Seguridad"},"content":{"rendered":"<div class=\"co-flex_row co-flex_row__white co-flex_row__page-hero co-flex_row__next_row__page-intro\" >\n\t<div class=\"co-flex_row--row co-row\">\n\t\t\t<header class=\"co-page_hero  co-page_hero__has_image\" aria-label=\"Encabezado: Seguridad en l\u00ednea\">\n\t\t<div class=\"co-page_hero--inner\">\n\t\t\t<div class=\"prow items-center\">\n\t\t\t\t\t\t\t\t\t<div class=\"co-page_hero--img_wrap pcol-lg:6 pcol-xl:7\">\n\t\t\t\t\t\t<div class=\"co-page_hero--mask\"><svg width=\"997.021\" height=\"609.682\" viewbox=\"0 0 997.021 609.682\"><defs><clippath id=\"svgPathHero\"><path d=\"M299.014.148H0V609.681H299.014c480.632.192,698.007-296.752,698.007-296.752C691.761-16.846,299.014.148,299.014.148\"\/><\/clippath><\/defs><image id=\"image_69f0a5f7a0858\" xlink:href=\"https:\/\/www.soundcu.com\/files\/iStock-825154794_997x610.jpg\" src=\"https:\/\/www.soundcu.com\/files\/iStock-825154794_997x610.jpg\" clip-path=\"url(#svgPathHero)\"  alt=\"couple sitting on their living room couch working on finances together on a laptop and tablet\" \/><\/svg><\/div>\t\t\t\t\t<\/div>\n\t\t\t\t\t\t\t\t<div class=\"co-page_hero--text pcol-lg:6 pcol-xl:5\">\n\t\t\t\t\t\t\t\t\t\t<h1 class=\"co-page_hero--title\" >Seguridad en l\u00ednea<\/h1>\t\t\t\t\t<p class=\"co-page_hero--tagline\">Proteja la informaci\u00f3n de su cuenta<\/p>\t\t\t\t<\/div>\n\t\t\t<\/div>\n\t\t<\/div>\n\t<\/header>\n\n\t<\/div>\n<\/div>\n\n\n<div class=\"co-flex_row co-flex_row__white co-flex_row__next_row_diff co-flex_row__page-intro co-flex_row__next_row__columns\" >\n\t<div class=\"co-flex_row--row co-row\">\n\t\t\t<div class=\"co-page_intro\">\n\t\t<div class=\"co-page_intro--desc\"><p>Sound nunca le pedir\u00e1 su PIN, contrase\u00f1as, n\u00fameros de cuenta u otra informaci\u00f3n confidencial por tel\u00e9fono, correo electr\u00f3nico o mensaje de texto.<\/p>\n<\/div>\t<\/div>\n\n\t<\/div>\n<\/div>\n\n\n<div class=\"co-flex_row co-flex_row__blue co-flex_row__next_row_diff co-flex_row__columns co-flex_row__next_row__long-form-text\" >\n\t<div class=\"co-flex_row--row co-row\">\n\t\t\t<div class=\"co-columns\">\n\t\t\t\t\t<div class=\"co-columns--row prow prow-md:2 prow-lg:3 co-columns--row__images justify-center\">\n\t\t\t\t\t\t\t\t\t<div class=\"co-columns--box\">\n\t\t\t\t\t\t<h2 class=\"co-columns--box_headline\" >S\u00e9 esc\u00e9ptico<\/h2><div class=\"co-columns--box_desc\"><p>Evite actuar precipitadamente cuando reciba llamadas telef\u00f3nicas, correos electr\u00f3nicos o mensajes de texto inesperados.<\/p>\n<\/div><div class=\"co-columns--box_button\"><\/div>\t\t\t\t\t<\/div>\n\t\t\t\t\t\t\t\t\t<div class=\"co-columns--box\">\n\t\t\t\t\t\t<h2 class=\"co-columns--box_headline\" >Trucos para identificar llamadas<\/h2><div class=\"co-columns--box_desc\"><p>Los estafadores pueden enga\u00f1ar a tu identificador de llamadas para que parezca que la llamada proviene de Sound.<\/p>\n<\/div><div class=\"co-columns--box_button\"><\/div>\t\t\t\t\t<\/div>\n\t\t\t\t\t\t\t\t\t<div class=\"co-columns--box\">\n\t\t\t\t\t\t<h2 class=\"co-columns--box_headline\" ><a href=\"https:\/\/www.soundcu.com\/es\/contact\/\">Cont\u00e1ctarnos<\/a><\/h2><div class=\"co-columns--box_desc\"><p>Cuelgue y ll\u00e1menos de nuevo al 800.562.8130 para confirmar que realmente fuimos nosotros.<\/p>\n<\/div><div class=\"co-columns--box_button\"><\/div>\t\t\t\t\t<\/div>\n\t\t\t\t\t\t\t<\/div>\n\t\t\t\t<\/div>\n\n\t<\/div>\n<\/div>\n\n\n<div class=\"co-flex_row co-flex_row__white co-flex_row__next_row_diff co-flex_row__long-form-text co-flex_row__next_row__columns\" >\n\t<div class=\"co-flex_row--row co-row\">\n\t\t\t<div class=\"co-long_form\">\n\t\t\t\t<header class=\"co-intro_text\">\n\t\t\t<h2 class=\"co-intro_text--title\">C\u00f3mo Sound protege tu cuenta en l\u00ednea<\/h2><div class=\"co-intro_text--intro\"><p><a href=\"https:\/\/www.soundcu.com\/es\/\">Sound Credit Union<\/a> Protegemos su cuenta en nuestra plataforma de banca digital mediante cifrado TLS, autenticaci\u00f3n multifactor y auditor\u00edas.<\/p>\n<\/div>\t\t<\/header>\n\t\t\t\t<div class=\"co-long_form--block co-long_form--block__nomedia prow items-start\">\n\t\t\t\t<div class=\"co-long_form--text pcol-md:8\">\n\t\t\t\t\t<div class=\"co-long_form--content\"><h3 style=\"text-align: left;\">seguridad de la capa de transporte<\/h3>\n<p style=\"text-align: left;\">El protocolo de seguridad de la capa de transporte (TLS) es la primera l\u00ednea de defensa para garantizar el acceso seguro a su cuenta en l\u00ednea. TLS impide que otros equipos intercepten la comunicaci\u00f3n cifrando todos los datos transmitidos entre nuestro sitio web y su ordenador. Por ello, su navegador o dispositivo debe ser compatible con TLS 1.2 para poder acceder a su cuenta en l\u00ednea.<\/p>\n<h3 style=\"text-align: left;\"><strong>autenticaci\u00f3n multifactor<\/strong><\/h3>\n<p style=\"text-align: left;\">La autenticaci\u00f3n multifactor (MFA) ayuda a prevenir el acceso no autorizado a tu cuenta en l\u00ednea. La MFA requiere un segundo m\u00e9todo de autenticaci\u00f3n adem\u00e1s del nombre de usuario y la contrase\u00f1a. Este m\u00e9todo se puede completar mediante una cookie almacenada en tu navegador o una contrase\u00f1a enviada por correo electr\u00f3nico o mensaje de texto.<\/p>\n<h3 style=\"text-align: left;\"><strong>Verificaci\u00f3n continua<\/strong><\/h3>\n<p style=\"text-align: left;\">La verificaci\u00f3n continua utiliza datos biom\u00e9tricos de comportamiento, an\u00e1lisis de ubicaci\u00f3n e identificaci\u00f3n de dispositivos para monitorear las interacciones de los usuarios en tiempo real. Este enfoque proactivo ayuda a identificar posibles amenazas y a denegar el acceso a actores maliciosos que puedan haber obtenido nombres de usuario y contrase\u00f1as comprometidos.<\/p>\n<h3 style=\"text-align: left;\"><strong>Auditor\u00edas anuales de sistemas y seguridad<\/strong><\/h3>\n<p style=\"text-align: left;\">Las revisiones peri\u00f3dicas garantizan que le ofrecemos una experiencia de banca digital segura y confiable.<\/p>\n<hr \/>\n<p>&nbsp;<\/p>\n<\/div>\t\t\t\t<\/div>\n\t\t\t\t\t\t\t<\/div>\n\t\t\t\t\t\t<div class=\"co-long_form--block co-long_form--block__nomedia prow items-start\">\n\t\t\t\t<div class=\"co-long_form--text pcol-md:12\">\n\t\t\t\t\t<div class=\"co-long_form--content\"><h3 style=\"text-align: left;\">Qu\u00e9 puedes hacer para protegerte en l\u00ednea:<\/h3>\n<ul>\n<li style=\"text-align: left;\">Desconf\u00eda de cualquier correo electr\u00f3nico o llamada telef\u00f3nica inesperada que te incite a tomar medidas r\u00e1pidas.<\/li>\n<li style=\"text-align: left;\">Mant\u00e9n actualizado el software de tu ordenador, especialmente los parches de seguridad.<\/li>\n<li style=\"text-align: left;\">Utilice un software antivirus y antispyware de una marca reconocida. Tenga cuidado con los programas\/aplicaciones antivirus gratuitos falsos.<\/li>\n<li style=\"text-align: left;\">Nunca hagas clic en un enlace o archivo adjunto de un mensaje procedente de una fuente no verificada.<\/li>\n<li style=\"text-align: left;\">No proporcione informaci\u00f3n personal en encuestas en l\u00ednea o fuera de l\u00ednea.<\/li>\n<li style=\"text-align: left;\">No utilice ordenadores p\u00fablicos para transacciones confidenciales. Del mismo modo, no utilice redes wifi p\u00fablicas o no seguras para transacciones confidenciales.<\/li>\n<li style=\"text-align: left;\">Configura tu navegador para que no guarde las contrase\u00f1as de los sitios web financieros.<\/li>\n<li style=\"text-align: left;\">Elige contrase\u00f1as seguras, c\u00e1mbialas peri\u00f3dicamente y no las compartas con nadie.<\/li>\n<\/ul>\n<\/div>\t\t\t\t<\/div>\n\t\t\t\t\t\t\t<\/div>\n\t\t\t\t<\/div>\n\n\t<\/div>\n<\/div>\n\n\n<div class=\"co-flex_row co-flex_row__blue co-flex_row__columns co-flex_row__next_row__multi-path-cta\" >\n\t<div class=\"co-flex_row--row co-row\">\n\t\t\t<div class=\"co-columns\">\n\t\t\t\t\t<div class=\"co-columns--row prow prow-md:2 prow-lg:2 co-columns--row__icons justify-center\">\n\t\t\t\t\t\t\t\t\t<div class=\"co-columns--box\">\n\t\t\t\t\t\t\t<svg\n\t\tclass=\"co-columns--box_icon IconIndividualLaptop\"\n\t\tviewbox=\"0 0 85.872 71.489\"\n\t\twidth=\"85.872\"\n\t\theight=\"71.489\"\n\t>\n\t\t<title>Individual at Laptop<\/title>\n\t\tclase=\u201denvoltorio\u201d&gt;\n\t<g transform=\"translate(-207.488 -1174.48)\">\n\t\t\t<path d=\"M121.523,4913.954v-23.128a1.836,1.836,0,0,1,1.831-1.831H158.66a1.836,1.836,0,0,1,1.831,1.831v23.128a1.811,1.811,0,0,1-.105.6h4.081c5.488-1.176,8.523-5.552,6.923-10.672q-1.968-6.874-3.937-13.749c-1.862-5.959-7.252-12.063-12.074-12.938a88.325,88.325,0,0,0-28.743,0c-4.823.875-10.212,6.981-12.074,12.938l-3.937,13.749c-1.6,5.12,1.439,9.5,6.925,10.672h4.079a1.807,1.807,0,0,1-.105-.6\" transform=\"translate(102.012 -3672.251)\" fill=\"#00205b\"\/>\n\t\t\t<path d=\"M217.346,4758.293h0a10.788,10.788,0,0,0,10.756-10.757v-6.088a10.788,10.788,0,0,0-10.756-10.756h0a10.788,10.788,0,0,0-10.756,10.756v6.088a10.788,10.788,0,0,0,10.756,10.757\" transform=\"translate(25.049 -3556.212)\" fill=\"#00205b\"\/>\n\t\t\t<path d=\"M205.35,4942.218a1.836,1.836,0,0,0-1.831-1.831H168.214a1.836,1.836,0,0,0-1.831,1.831v23.128a1.806,1.806,0,0,0,.105.6h38.757a1.805,1.805,0,0,0,.105-.6Z\" transform=\"translate(57.152 -3723.643)\" fill=\"#efc025\"\/>\n\t\t\t<path d=\"M145.759,5067.22H86.769v3.662h85.872v-3.662Z\" transform=\"translate(120.719 -3824.912)\" fill=\"#1f79af\"\/>\n\t<\/g>\n\t<\/symbol>\t<\/svg>\n<h2 class=\"co-columns--box_headline\" >Pr\u00e1cticas de correo electr\u00f3nico<\/h2><div class=\"co-columns--box_desc\"><p>Los correos electr\u00f3nicos de marketing (cuyo prop\u00f3sito principal es comercial) se gestionan de acuerdo con la ley federal CAN-SPAM. En la parte inferior de cada correo electr\u00f3nico encontrar\u00e1 un enlace para cancelar la suscripci\u00f3n. Puede dejar de recibir correos electr\u00f3nicos de marketing de Sound Credit Union en cualquier momento haciendo clic en el enlace para cancelar la suscripci\u00f3n.<\/p>\n<p>Nunca vendemos ni compartimos su informaci\u00f3n personal con empresas de marketing independientes o de terceros.<\/p>\n<\/div><div class=\"co-columns--box_button\"><\/div>\t\t\t\t\t<\/div>\n\t\t\t\t\t\t\t\t\t<div class=\"co-columns--box\">\n\t\t\t\t\t\t\t<svg\n\t\tclass=\"co-columns--box_icon IconShieldCheck\"\n\t\tviewbox=\"0 0 61.117 70.765\"\n\t\twidth=\"61.117\"\n\t\theight=\"70.765\"\n\t>\n\t\t<title>Shield Check<\/title>\n\t\tclase=\u201denvoltorio\u201d&gt;\n\t<g transform=\"translate(-200.384 -430.658)\">\n\t\t<g>\n\t\t\t<path d=\"M112.638,1048.993a8.722,8.722,0,0,0-2.428-6.055q-.145-.153-.3-.3c-.151-.144-.306-.284-.467-.417q-.162-.134-.331-.261c-.157-.117-.319-.227-.483-.333-.19-.124-.384-.242-.584-.351a8.736,8.736,0,0,0-1.165-.526q-.4-.147-.824-.256a8.783,8.783,0,0,0-2.192-.276H60.294a8.786,8.786,0,0,0-2.193.276q-.42.108-.824.256-.2.074-.4.157a8.813,8.813,0,0,0-3.86,3.179q-.236.35-.439.724a8.722,8.722,0,0,0-1.048,3.73q-.011.224-.011.452v35.818a8.754,8.754,0,0,0,.145,1.577q.068.373.168.737c.054.2.113.4.181.589q.081.23.174.456a8.771,8.771,0,0,0,2.63,3.5l21.785,17.4a8.773,8.773,0,0,0,10.95,0l21.785-17.4a8.773,8.773,0,0,0,3.3-6.855Zm-4.233,35.818a4.518,4.518,0,0,1-1.707,3.548l-21.785,17.4a4.541,4.541,0,0,1-5.667,0l-21.785-17.4a4.518,4.518,0,0,1-1.707-3.548v-35.818a4.546,4.546,0,0,1,4.541-4.541h43.571a4.546,4.546,0,0,1,4.541,4.541Z\" transform=\"translate(148.863 -609.561)\" fill=\"#eec022\"\/>\n\t\t\t<path d=\"M116.7,1066.671H81.415a3.446,3.446,0,0,0-3.442,3.442v35.818a3.424,3.424,0,0,0,1.294,2.689l21.785,17.4s22.268-23.112,15.652-59.349\" transform=\"translate(127.743 -630.682)\" fill=\"#1f79af\"\/>\n\t\t\t<path d=\"M120.632,1061.22H77.062a4.546,4.546,0,0,0-4.541,4.541v35.818a4.517,4.517,0,0,0,1.707,3.548l21.785,17.4a4.541,4.541,0,0,0,5.667,0l21.785-17.4a4.517,4.517,0,0,0,1.707-3.548v-35.818a4.546,4.546,0,0,0-4.541-4.541m-45.718,43.049a3.425,3.425,0,0,1-1.294-2.69v-35.818a3.446,3.446,0,0,1,3.442-3.442h35.289c6.617,36.237-15.652,59.349-15.652,59.349Z\" transform=\"translate(132.096 -626.329)\" fill=\"#00205b\"\/>\n\t\t<\/g>\n\t<\/g>\n\t<\/symbol>\t<\/svg>\n<h2 class=\"co-columns--box_headline\" >Actualizaciones del servicio<\/h2><div class=\"co-columns--box_desc\"><p>Para mantenerle al d\u00eda de nuestras \u00faltimas ofertas de servicios, en ocasiones podemos compartir su informaci\u00f3n con nuestras empresas afiliadas y proveedores de servicios externos.<\/p>\n<p>El env\u00edo de correos electr\u00f3nicos con informaci\u00f3n importante sobre la cuenta no se ve afectado por la cancelaci\u00f3n de la suscripci\u00f3n a los correos electr\u00f3nicos de marketing\/comerciales.<\/p>\n<p>Nos reservamos el derecho de incluir cierta informaci\u00f3n promocional, seg\u00fan lo permita la ley, en las notificaciones digitales o por correo electr\u00f3nico de los estados de cuenta peri\u00f3dicos y otras divulgaciones o informaci\u00f3n sobre transacciones de los miembros.<\/p>\n<\/div><div class=\"co-columns--box_button\"><\/div>\t\t\t\t\t<\/div>\n\t\t\t\t\t\t\t<\/div>\n\t\t\t<div class=\"co-columns--cta\"><p>P\u00f3ngase en contacto con nosotros de inmediato si recibe un mensaje que le solicite informaci\u00f3n confidencial, como n\u00fameros de la Seguridad Social, contrase\u00f1as de banca digital, n\u00fameros PIN de tarjetas de cr\u00e9dito o d\u00e9bito o n\u00fameros de cuenta.<\/p>\n<\/div>\t<\/div>\n\n\t<\/div>\n<\/div>\n\n\n<div class=\"co-flex_row co-flex_row__blue co-flex_row__last co-flex_row__multi-path-cta\" >\n\t<div class=\"co-flex_row--row co-row\">\n\t\t\t<div class=\"co-mp_ctas\">\n\t\t\t\t<header class=\"co-intro_text\">\n\t\t\t<h2 class=\"co-intro_text--title\">\u00bfTienes preguntas? Podemos ayudarte.<\/h2>\t\t<\/header>\n\t\t\t<div class=\"co-mp_ctas--list prow justify-center\">\n\t\t\t\t\t\t\t\t\t\t\t<div class=\"co-mp_cta pcol-lg:4\">\n\t\t\t\t\t<div class=\"co-mp_cta--title\">\n\t\t\t\t\t\tAbre tu cuenta en l\u00ednea\t\t\t\t\t<\/div>\n\t\t\t\t\t<a data-trigger-id=\"18040\" class=\"modal-trigger co-mp_cta--link\" href=\"#\">Abrir una cuenta<\/a>\t<div class=\"co-overlay with-sidebar\" data-trigger-id=\"18040\">\n\t\t<div class=\"co-overlay--inner\">\n\t\t\t\t\t<div class=\"co-overlay--content text-component\">\n\t\t\t\t<div class=\"co-overlay--content_inner\">\n\t\t\t\t\t<h2 class=\"co-overlay--title\">Abre una cuenta en Sound<\/h2><p>\u00bfEres nuevo en Sound o ya eres miembro?<\/p>\n\t\t\t\t\t\t<div class=\"co-overlay--cta\">\n\t\t\t\t\t\t\t\t\t\t\t\t\t\t\t<div class=\"co-overlay--cta__block\">\n\t\t\t\t\t\t\t\t\t<a data-trigger-id=\"18039\" class=\"modal-trigger co-overlay--cta_button\" href=\"#\">Soy nuevo<\/a>\t<div class=\"co-overlay with-sidebar\" data-trigger-id=\"18039\">\n\t\t<div class=\"co-overlay--inner\">\n\t\t\t\t\t<div class=\"co-overlay--content text-component\">\n\t\t\t\t<div class=\"co-overlay--content_inner\">\n\t\t\t\t\t<h2 class=\"co-overlay--title\">\u00a1Bienvenido!<\/h2><p>La membres\u00eda comienza con una cuenta de ahorros. Tambi\u00e9n puedes solicitar cuentas corrientes, certificados de dep\u00f3sito y m\u00e1s, todo en aproximadamente 5 minutos.<\/p>\n<p>Necesitar\u00e1s tener listo lo siguiente:<\/p>\n<ol>\n<li>Documento de identidad con fotograf\u00eda v\u00e1lido<\/li>\n<li>N\u00famero de Seguro Social (SSN) o n\u00famero de identificaci\u00f3n fiscal de EE. UU.<\/li>\n<li>Direcci\u00f3n postal f\u00edsica<\/li>\n<\/ol>\n\t\t\t\t\t\t<div class=\"co-overlay--cta\">\n\t\t\t\t\t\t\t\t\t\t\t\t\t\t\t<div class=\"co-overlay--cta__block\">\n\t\t\t\t\t\t\t\t\t<a class=\"co-overlay--cta_button\" href=\"https:\/\/account.soundcu.com\/\" rel=\"noopener\">Comience<\/a>\t\t\t\t\t\t\t\t<\/div>\n\t\t\t\t\t\t\t\t\t\t\t\t\t<\/div>\n\t\t\t\t\t\t\t\t\t<\/div>\n\t\t\t<\/div>\n\t\t\t\t\t\t\t<div class=\"co-overlay--sidebar text-component\">\n\t\t\t\t\t<h3>Gracias por su inter\u00e9s en el sonido.<\/h3>\n<p>Estamos aqu\u00ed para ayudarte de la manera que te resulte m\u00e1s f\u00e1cil.<\/p>\n<p><span class=\"co-button\"><a href=\"https:\/\/www.soundcu.com\/es\/contact\/\" target=\"_blank\" rel=\"noopener\">Cont\u00e1ctarnos<\/a><\/span><\/p>\n<hr \/>\n<div class=\"small-text\">\n<p><span class=\"co-button\"><a href=\"https:\/\/account.soundcu.com\/apptracker#\/\" rel=\"noopener\">Reanudar una aplicaci\u00f3n guardada<\/a><\/span><\/p>\n<\/div>\n\t\t\t\t<\/div>\n\t\t\t\t\t\t\t<\/div>\n\t<\/div>\n\t\t\t\t\t\t\t\t<\/div>\n\t\t\t\t\t\t\t\t\t\t\t\t\t\t\t<div class=\"co-overlay--cta__block\">\n\t\t\t\t\t\t\t\t\t<a data-trigger-id=\"18041\" class=\"modal-trigger co-overlay--cta_button\" href=\"#\">Ya eres miembro<\/a>\t<div class=\"co-overlay with-sidebar\" data-trigger-id=\"18041\">\n\t\t<div class=\"co-overlay--inner\">\n\t\t\t\t\t<div class=\"co-overlay--content text-component\">\n\t\t\t\t<div class=\"co-overlay--content_inner\">\n\t\t\t\t\t<h2 class=\"co-overlay--title\">\u00a1Bienvenido de nuevo!<\/h2><p>A continuaci\u00f3n, deber\u00e1 decidir si desea agregar cuentas a su membres\u00eda actual o abrir una nueva.<\/p>\n\t\t\t\t\t\t<div class=\"co-overlay--cta\">\n\t\t\t\t\t\t\t\t\t\t\t\t\t\t\t<div class=\"co-overlay--cta__block\">\n\t\t\t\t\t\t\t\t\t<a class=\"co-overlay--cta_button\" href=\"https:\/\/account.soundcu.com\/\" rel=\"noopener\">Comience<\/a>\t\t\t\t\t\t\t\t<\/div>\n\t\t\t\t\t\t\t\t\t\t\t\t\t<\/div>\n\t\t\t\t\t\t\t\t\t<\/div>\n\t\t\t<\/div>\n\t\t\t\t\t\t\t<div class=\"co-overlay--sidebar text-component\">\n\t\t\t\t\t<h3>Agradecemos su membres\u00eda.<\/h3>\n<p>Estamos aqu\u00ed para ayudarte de la manera que te resulte m\u00e1s f\u00e1cil.<\/p>\n<p><span class=\"co-button\"><a href=\"https:\/\/www.soundcu.com\/es\/contact\/\" target=\"_blank\" rel=\"noopener\">Cont\u00e1ctarnos<\/a><\/span><\/p>\n<hr \/>\n<div class=\"small-text\">\n<p><span class=\"co-button\"><a href=\"https:\/\/account.soundcu.com\/apptracker#\/\" rel=\"noopener\">Reanudar una aplicaci\u00f3n guardada<\/a><\/span><\/p>\n<\/div>\n\t\t\t\t<\/div>\n\t\t\t\t\t\t\t<\/div>\n\t<\/div>\n\t\t\t\t\t\t\t\t<\/div>\n\t\t\t\t\t\t\t\t\t\t\t\t\t<\/div>\n\t\t\t\t\t\t\t\t\t<\/div>\n\t\t\t<\/div>\n\t\t\t\t\t\t\t<div class=\"co-overlay--sidebar text-component\">\n\t\t\t\t\t<h3>\u00a1Hola!<\/h3>\n<p>Estamos aqu\u00ed para ayudarte de la manera que te resulte m\u00e1s f\u00e1cil.<\/p>\n<p><span class=\"co-button\"><a href=\"https:\/\/www.soundcu.com\/es\/contact\/\" target=\"_blank\" rel=\"noopener\">Cont\u00e1ctarnos<\/a><\/span><\/p>\n<hr \/>\n<div class=\"small-text\">\n<p><span class=\"co-button\"><a href=\"https:\/\/account.soundcu.com\/apptracker#\/\" rel=\"noopener\">Reanudar una aplicaci\u00f3n guardada<\/a><\/span><\/p>\n<\/div>\n\t\t\t\t<\/div>\n\t\t\t\t\t\t\t<\/div>\n\t<\/div>\n\t\t\t\t<\/div>\n\t\t\t\t\t\t\t\t\t\t\t<div class=\"co-mp_cta pcol-lg:4\">\n\t\t\t\t\t<div class=\"co-mp_cta--title\">\n\t\t\t\t\t\tLl\u00e1menos\t\t\t\t\t<\/div>\n\t\t\t\t\t\t\t\t\t\t\t<div class=\"co-mp_cta--content\">\n\t\t\t\t\t\t\t<p><a href=\"tel:8005628130\">800.562.8130<\/a><\/p>\n\t\t\t\t\t\t<\/div>\n\t\t\t\t\t\t\t\t\t<\/div>\n\t\t\t\t\t\t\t\t\t\t\t<div class=\"co-mp_cta pcol-lg:4\">\n\t\t\t\t\t<div class=\"co-mp_cta--title\">\n\t\t\t\t\t\tVisita una sucursal local.\t\t\t\t\t<\/div>\n\t\t\t\t\t<a class=\"co-mp_cta--link gtm-button\" href=\"https:\/\/www.soundcu.com\/es\/speed-bump\/?url=https%3A%2F%2Fwww.soundcu.com%2Fbranches%2F&#038;prev=https%3A%2F%2Fwww.soundcu.com%2Fes%2Fpersonal%2Fsecurity%2F\">Encuentra una sucursal<\/a>\t\t\t\t<\/div>\n\t\t\t\t\t<\/div>\n\t<\/div>\n\n\t<\/div>\n<\/div>","protected":false},"excerpt":{"rendered":"","protected":false},"author":9,"featured_media":0,"parent":2314,"menu_order":0,"comment_status":"closed","ping_status":"closed","template":"","meta":{"_acf_changed":false,"content-type":"","_searchwp_excluded":"","footnotes":""},"county":[],"class_list":["post-2358","page","type-page","status-publish","hentry"],"acf":[],"_links":{"self":[{"href":"https:\/\/www.soundcu.com\/es\/wp-json\/wp\/v2\/pages\/2358","targetHints":{"allow":["GET"]}}],"collection":[{"href":"https:\/\/www.soundcu.com\/es\/wp-json\/wp\/v2\/pages"}],"about":[{"href":"https:\/\/www.soundcu.com\/es\/wp-json\/wp\/v2\/types\/page"}],"author":[{"embeddable":true,"href":"https:\/\/www.soundcu.com\/es\/wp-json\/wp\/v2\/users\/9"}],"replies":[{"embeddable":true,"href":"https:\/\/www.soundcu.com\/es\/wp-json\/wp\/v2\/comments?post=2358"}],"version-history":[{"count":18,"href":"https:\/\/www.soundcu.com\/es\/wp-json\/wp\/v2\/pages\/2358\/revisions"}],"predecessor-version":[{"id":18563,"href":"https:\/\/www.soundcu.com\/es\/wp-json\/wp\/v2\/pages\/2358\/revisions\/18563"}],"up":[{"embeddable":true,"href":"https:\/\/www.soundcu.com\/es\/wp-json\/wp\/v2\/pages\/2314"}],"wp:attachment":[{"href":"https:\/\/www.soundcu.com\/es\/wp-json\/wp\/v2\/media?parent=2358"}],"wp:term":[{"taxonomy":"county","embeddable":true,"href":"https:\/\/www.soundcu.com\/es\/wp-json\/wp\/v2\/county?post=2358"}],"curies":[{"name":"wp","href":"https:\/\/api.w.org\/{rel}","templated":true}]}}