{"id":2369,"date":"2025-06-11T09:04:00","date_gmt":"2025-06-11T16:04:00","guid":{"rendered":"https:\/\/www.soundcu.com\/money-market\/"},"modified":"2026-01-23T14:21:20","modified_gmt":"2026-01-23T22:21:20","slug":"money-market","status":"publish","type":"page","link":"https:\/\/www.soundcu.com\/es\/business\/savings-and-certificates\/money-market\/","title":{"rendered":"Mercado monetario empresarial"},"content":{"rendered":"<div class=\"co-flex_row co-flex_row__blue co-flex_row__page-hero co-flex_row__next_row__page-intro\" >\n\t<div class=\"co-flex_row--row co-row\">\n\t\t\t<header class=\"co-page_hero  co-page_hero__has_image\" aria-label=\"Encabezado: Cuenta de mercado monetario empresarial\">\n\t\t<div class=\"co-page_hero--inner\">\n\t\t\t<div class=\"prow items-center\">\n\t\t\t\t\t\t\t\t\t<div class=\"co-page_hero--img_wrap pcol-lg:6 pcol-xl:7\">\n\t\t\t\t\t\t<div class=\"co-page_hero--mask\"><svg width=\"997.021\" height=\"609.682\" viewbox=\"0 0 997.021 609.682\"><defs><clippath id=\"svgPathHero\"><path d=\"M299.014.148H0V609.681H299.014c480.632.192,698.007-296.752,698.007-296.752C691.761-16.846,299.014.148,299.014.148\"\/><\/clippath><\/defs><image id=\"image_69e90d334d7cf\" xlink:href=\"https:\/\/www.soundcu.com\/files\/Woman-Striped-Shirt_997x610.jpg\" src=\"https:\/\/www.soundcu.com\/files\/Woman-Striped-Shirt_997x610.jpg\" clip-path=\"url(#svgPathHero)\"  alt=\"Woman in a bright office setting.\" \/><\/svg><\/div>\t\t\t\t\t<\/div>\n\t\t\t\t\t\t\t\t<div class=\"co-page_hero--text pcol-lg:6 pcol-xl:5\">\n\t\t\t\t\t\t\t\t\t\t<h1 class=\"co-page_hero--title\" >Cuenta de mercado monetario empresarial<\/h1>\t\t\t\t\t<p class=\"co-page_hero--tagline\">Mejora tus inversiones empresariales<\/p>\t\t\t\t<\/div>\n\t\t\t<\/div>\n\t\t<\/div>\n\t<\/header>\n\n\t<\/div>\n<\/div>\n\n\n<div class=\"co-flex_row co-flex_row__blue co-flex_row__page-intro co-flex_row__next_row__sticky-nav\" >\n\t<div class=\"co-flex_row--row co-row\">\n\t\t\t<div class=\"co-page_intro\">\n\t\t<h2 class=\"co-page_intro--title\">Maximice la rentabilidad de los fondos de su empresa manteniendo la liquidez.<\/h2>\t<\/div>\n\n\t<\/div>\n<\/div>\n\n\n<div class=\"co-flex_row co-flex_row__sticky-nav co-flex_row__next_row__columns\" >\n\t<div class=\"co-flex_row--row co-row\">\n\t\t\t<div class=\"co-sticky_nav_wrap is-active\" id=\"js-sticky_nav_wrap\">\n\t\t<nav\n\t\t\tclass=\"co-sticky_nav\"\n\t\t\tid=\"js-sticky_nav\"\n\t\t\taria-label=\"en la navegaci\u00f3n de anclaje de p\u00e1gina\"\n\t\t>\n\t\t\t<div class=\"co-sticky_nav--mobile\">\n\t\t\t\t<button\n\t\t\t\t\tclass=\"co-sticky_nav--toggle\"\n\t\t\t\t\tid=\"js-sticky_nav_toggle\"\n\t\t\t\t\taria-label=\"Abrir y cerrar men\u00fa de p\u00e1gina\"\n\t\t\t\t>Men\u00fa de p\u00e1gina<\/button>\n\t\t\t<\/div>\n\t\t\t<div\n\t\t\t\tclass=\"co-sticky_nav--row co-row\"\n\t\t\t\tid=\"js-sticky_nav_links\"\n\t\t\t>\n\t\t\t\t\t\t\t\t\t<a\n\t\t\t\t\t\thref=\"#benefits\"\n\t\t\t\t\t\tclass=\"co-sticky_nav--link\t\t\t\t\t\t\tjs-sticky_nav_item\"\n\t\t\t\t\t\t\t\t\t\t\t>\n\t\t\t\t\t\tBeneficios\t\t\t\t\t<\/a>\n\t\t\t\t\t\t\t\t\t<a\n\t\t\t\t\t\thref=\"#rates\"\n\t\t\t\t\t\tclass=\"co-sticky_nav--link\t\t\t\t\t\t\tjs-sticky_nav_item\"\n\t\t\t\t\t\t\t\t\t\t\t>\n\t\t\t\t\t\ttasas de interes\t\t\t\t\t<\/a>\n\t\t\t\t\t\t\t\t\t<a\n\t\t\t\t\t\thref=\"#apply\"\n\t\t\t\t\t\tclass=\"co-sticky_nav--link\t\t\t\t\t\t\tjs-sticky_nav_item\"\n\t\t\t\t\t\t\t\t\t\t\t>\n\t\t\t\t\t\tSolicita en l\u00ednea\t\t\t\t\t<\/a>\n\t\t\t\t\t\t\t\t\t<a\n\t\t\t\t\t\thref=\"#apply\"\n\t\t\t\t\t\tclass=\"co-sticky_nav--link\t\t\t\t\t\t\tjs-sticky_nav_item\"\n\t\t\t\t\t\t\t\t\t\t\t>\n\t\t\t\t\t\tCont\u00e1ctarnos\t\t\t\t\t<\/a>\n\t\t\t\t\t\t\t<\/div>\n\t\t<\/nav>\n\t<\/div>\n\n\t<\/div>\n<\/div>\n\n\n<div class=\"co-flex_row co-flex_row__blue co-flex_row__columns co-flex_row__next_row__long-form-text\" id=\"benefits\">\n\t<div class=\"co-flex_row--row co-row\">\n\t\t\t<div class=\"co-columns\">\n\t\t\t\t<header class=\"co-intro_text\">\n\t\t\t<div class=\"co-intro_text--intro\"><p>Nuestra cuenta de mercado monetario para empresas ofrece una soluci\u00f3n sofisticada dise\u00f1ada para ayudar a su negocio a incrementar su capital de forma eficaz.<\/p>\n<\/div>\t\t<\/header>\n\t\t\t\t<div class=\"co-columns--row prow prow-md:2 prow-lg:4 justify-center\">\n\t\t\t\t\t\t\t\t\t<div class=\"co-columns--box\">\n\t\t\t\t\t\t<h2 class=\"co-columns--box_headline\" >Tarifas competitivas escalonadas<\/h2><div class=\"co-columns--box_desc\"><p>Benef\u00edciese de tipos de inter\u00e9s escalonados que recompensan los saldos m\u00e1s altos con rendimientos a\u00fan mayores, lo que permite a su empresa optimizar su potencial de ganancias.<\/p>\n<\/div><div class=\"co-columns--box_button\"><\/div>\t\t\t\t\t<\/div>\n\t\t\t\t\t\t\t\t\t<div class=\"co-columns--box\">\n\t\t\t\t\t\t<h2 class=\"co-columns--box_headline\" >Liquidez<\/h2><div class=\"co-columns--box_desc\"><p>Disfrute de la flexibilidad de acceder a sus fondos cuando lo necesite. Sin penalizaciones y con retiros y transferencias ilimitadas*, tendr\u00e1 la libertad de administrar su flujo de efectivo de manera eficiente.<\/p>\n<\/div><div class=\"co-columns--box_button\"><\/div>\t\t\t\t\t<\/div>\n\t\t\t\t\t\t\t\t\t<div class=\"co-columns--box\">\n\t\t\t\t\t\t<h2 class=\"co-columns--box_headline\" >Sin cuota mensual<\/h2><div class=\"co-columns--box_desc\"><p>A diferencia de otras cuentas, nuestra Cuenta de Mercado Monetario para Empresas no tiene comisiones mensuales si se mantiene el saldo m\u00ednimo, lo que le permite maximizar sus ganancias sin preocuparse de que los costos adicionales reduzcan sus rendimientos.<\/p>\n<\/div><div class=\"co-columns--box_button\"><\/div>\t\t\t\t\t<\/div>\n\t\t\t\t\t\t\t\t\t<div class=\"co-columns--box\">\n\t\t\t\t\t\t<h2 class=\"co-columns--box_headline\" >Acceso seguro a la cuenta<\/h2><div class=\"co-columns--box_desc\"><p>Gestiona tu cuenta de mercado monetario empresarial sin complicaciones a trav\u00e9s de nuestra plataforma de banca online y aplicaci\u00f3n m\u00f3vil, f\u00e1ciles de usar. Consulta saldos, realiza transferencias y rastrea transacciones con facilidad, todo desde la comodidad de tu oficina o dispositivo m\u00f3vil.<\/p>\n<\/div><div class=\"co-columns--box_button\"><\/div>\t\t\t\t\t<\/div>\n\t\t\t\t\t\t\t<\/div>\n\t\t\t\t<\/div>\n\n\t<\/div>\n<\/div>\n\n\n<div class=\"co-flex_row co-flex_row__blue co-flex_row__long-form-text co-flex_row__next_row__single-path-cta\" id=\"rates\">\n\t<div class=\"co-flex_row--row co-row\">\n\t\t\t<div class=\"co-long_form\">\n\t\t\t\t<header class=\"co-intro_text\">\n\t\t\t<h2 class=\"co-intro_text--title\">Tasas del mercado monetario empresarial<\/h2>\t\t<\/header>\n\t\t\t\t<div class=\"co-long_form--block co-long_form--block__nomedia prow items-start\">\n\t\t\t\t<div class=\"co-long_form--text pcol-md:12\">\n\t\t\t\t\t<div class=\"co-long_form--content\"><div class=\"co-rates_table_wrap co-rates_table_wrap__rates_list\">\n\t<table class=\"co-rates_table\">\n\t\t<caption class=\"co-rates_table_wrap--title\" id=\"businesshighyieldmoneymarket\">\n\t\t\tMercado monetario de alto rendimiento para empresas\t\t<\/caption>\n\t\t\t\t\t<thead>\n\t\t\t\t<tr>\n\t\t\t\t\t\t\t\t\t\t\t<th\n\t\t\t\t\t\t\tclass=\"co-rates_table--heading\"\n\t\t\t\t\t\t\tscope=\"col\"\n\t\t\t\t\t\t>\n\t\t\t\t\t\t\t<p>Saldo m\u00ednimo<\/p>\t\t\t\t\t\t<\/th>\n\t\t\t\t\t\t\t\t\t\t\t<th\n\t\t\t\t\t\t\tclass=\"co-rates_table--heading\"\n\t\t\t\t\t\t\tscope=\"col\"\n\t\t\t\t\t\t>\n\t\t\t\t\t\t\t<p>Tasa de dividendo<\/p>\t\t\t\t\t\t<\/th>\n\t\t\t\t\t\t\t\t\t\t\t<th\n\t\t\t\t\t\t\tclass=\"co-rates_table--heading\"\n\t\t\t\t\t\t\tscope=\"col\"\n\t\t\t\t\t\t>\n\t\t\t\t\t\t\t<p>APY*<\/p>\t\t\t\t\t\t<\/th>\n\t\t\t\t\t\t\t\t\t\t\t<th\n\t\t\t\t\t\t\tclass=\"co-rates_table--heading\"\n\t\t\t\t\t\t\tscope=\"col\"\n\t\t\t\t\t\t>\n\t\t\t\t\t\t\t<p>Saldo m\u00ednimo para obtener TAE*<\/p>\t\t\t\t\t\t<\/th>\n\t\t\t\t\t\t\t\t\t<\/tr>\n\t\t\t<\/thead>\n\t\t\t\t\t<tfoot>\n\t\t\t\t<tr>\n\t\t\t\t\t<td class=\"co-rates_table--foot_cell\" colspan=\"4\">\n\t\t\t\t\t\t<div class=\"small-text\">\n<p>Las tarifas y los cargos est\u00e1n sujetos a cambios. Por favor, consulte con <a href=\"https:\/\/www.soundcu.com\/es\/branches\/\">su sucursal local<\/a>, o ll\u00e1menos si podemos responder a alguna pregunta.<\/p>\n<p>*APY = Rendimiento porcentual anual. Las tasas est\u00e1n sujetas a cambios sin previo aviso.<br \/>\n<strong>Nota:<\/strong> Todas las cuentas de ahorro con dividendos compuestos y abonados se pagan mensualmente.<br \/>\nEste Cuadro de Tarifas y Comisiones establece las condiciones, tarifas, comisiones y cargos vigentes aplicables a sus cuentas en Sound Credit Union. La Cooperativa de Cr\u00e9dito podr\u00e1 ofrecer otras tasas de dividendos, rendimientos porcentuales anuales y comisiones, o modificar las tasas de dividendos, rendimientos porcentuales anuales y comisiones contenidas en este cuadro peri\u00f3dicamente. Cada titular de cuenta acepta los t\u00e9rminos establecidos en este Cuadro de Tarifas y Comisiones y reconoce que forma parte del Contrato de Membres\u00eda y Cuenta.<\/p>\n<\/div>\n\t\t\t\t\t<\/td>\n\t\t\t\t<\/tr>\n\t\t\t<\/tfoot>\n\t\t\t\t\t<tbody>\n\t\t\t\t\t\t\t\t\t<tr class=\"co-rates_table--row\">\n\t\t\t\t\t\t\t\t\t\t\t\t\t<td class=\"co-rates_table--cell\">\n\t\t\t\t\t\t\t\t<div class=\"co-rates_table--cell_mobile_title\">\n\t\t\t\t\t\t\t\t\t<p>Saldo m\u00ednimo<\/p>\t\t\t\t\t\t\t\t<\/div>\n\t\t\t\t\t\t\t\t<p>$0 \u2013 $99.999,99<\/p>\t\t\t\t\t\t\t<\/td>\n\t\t\t\t\t\t\t\t\t\t\t\t\t<td class=\"co-rates_table--cell\">\n\t\t\t\t\t\t\t\t<div class=\"co-rates_table--cell_mobile_title\">\n\t\t\t\t\t\t\t\t\t<p>Tasa de dividendo<\/p>\t\t\t\t\t\t\t\t<\/div>\n\t\t\t\t\t\t\t\t<p>1.98%<\/p>\t\t\t\t\t\t\t<\/td>\n\t\t\t\t\t\t\t\t\t\t\t\t\t<td class=\"co-rates_table--cell\">\n\t\t\t\t\t\t\t\t<div class=\"co-rates_table--cell_mobile_title\">\n\t\t\t\t\t\t\t\t\t<p>APY*<\/p>\t\t\t\t\t\t\t\t<\/div>\n\t\t\t\t\t\t\t\t<p>2.00%<\/p>\t\t\t\t\t\t\t<\/td>\n\t\t\t\t\t\t\t\t\t\t\t\t\t<td class=\"co-rates_table--cell\">\n\t\t\t\t\t\t\t\t<div class=\"co-rates_table--cell_mobile_title\">\n\t\t\t\t\t\t\t\t\t<p>Saldo m\u00ednimo para obtener TAE*<\/p>\t\t\t\t\t\t\t\t<\/div>\n\t\t\t\t\t\t\t\t<p>$0<\/p>\t\t\t\t\t\t\t<\/td>\n\t\t\t\t\t\t\t\t\t\t\t<\/tr>\n\t\t\t\t\t\t\t\t\t<tr class=\"co-rates_table--row\">\n\t\t\t\t\t\t\t\t\t\t\t\t\t<td class=\"co-rates_table--cell\">\n\t\t\t\t\t\t\t\t<div class=\"co-rates_table--cell_mobile_title\">\n\t\t\t\t\t\t\t\t\t<p>Saldo m\u00ednimo<\/p>\t\t\t\t\t\t\t\t<\/div>\n\t\t\t\t\t\t\t\t<p>$100,000.00 <\/p>\t\t\t\t\t\t\t<\/td>\n\t\t\t\t\t\t\t\t\t\t\t\t\t<td class=\"co-rates_table--cell\">\n\t\t\t\t\t\t\t\t<div class=\"co-rates_table--cell_mobile_title\">\n\t\t\t\t\t\t\t\t\t<p>Tasa de dividendo<\/p>\t\t\t\t\t\t\t\t<\/div>\n\t\t\t\t\t\t\t\t<p>1.98%<\/p>\t\t\t\t\t\t\t<\/td>\n\t\t\t\t\t\t\t\t\t\t\t\t\t<td class=\"co-rates_table--cell\">\n\t\t\t\t\t\t\t\t<div class=\"co-rates_table--cell_mobile_title\">\n\t\t\t\t\t\t\t\t\t<p>APY*<\/p>\t\t\t\t\t\t\t\t<\/div>\n\t\t\t\t\t\t\t\t<p>2.00%<\/p>\t\t\t\t\t\t\t<\/td>\n\t\t\t\t\t\t\t\t\t\t\t\t\t<td class=\"co-rates_table--cell\">\n\t\t\t\t\t\t\t\t<div class=\"co-rates_table--cell_mobile_title\">\n\t\t\t\t\t\t\t\t\t<p>Saldo m\u00ednimo para obtener TAE*<\/p>\t\t\t\t\t\t\t\t<\/div>\n\t\t\t\t\t\t\t\t<p>$100,000.00<\/p>\t\t\t\t\t\t\t<\/td>\n\t\t\t\t\t\t\t\t\t\t\t<\/tr>\n\t\t\t\t\t\t\t<\/tbody>\n\t\t\t<\/table>\n<\/div>\n<\/div>\t\t\t\t<\/div>\n\t\t\t\t\t\t\t<\/div>\n\t\t\t\t<\/div>\n\n\t<\/div>\n<\/div>\n\n\n<div class=\"co-flex_row co-flex_row__blue co-flex_row__next_row_diff co-flex_row__single-path-cta co-flex_row__next_row__related-products\" id=\"apply\">\n\t<div class=\"co-flex_row--row co-row\">\n\t\t\t<svg class=\"co-sp_cta__svg\" width=\"488.512\" height=\"338.101\" viewbox=\"0 0 488.512 338.101\">\n\t\t\t<path class=\"co-sp_cta__svg--path_big\" d=\"M488.512,163.324C337.738,308.387,172.875,346.284,6.386,332.445c-12.895-1.072-2.726.507,0-169.121C7.666,83.681-1.682,4.826,3.448,4.309,177.337-13.221,346.255,19.454,488.512,163.324Z\"\/>\n\t\t\t<path class=\"co-sp_cta__svg--path_small\" d=\"M408.431,63.648c-126.358,121.572-278.108,50-408.431,0C129.644,19.327,291.966-54.138,408.431,63.648Z\" transform=\"translate(0 207.52)\" fill=\"#efc025\"\/>\n\t<\/svg>\n\t<div class=\"co-sp_cta\">\n\t\t\t\t<header class=\"co-intro_text\">\n\t\t\t<h2 class=\"co-intro_text--title\">Abra hoy mismo su cuenta de mercado monetario empresarial en Sound.<\/h2><div class=\"co-intro_text--intro\"><p>Muchos tipos de empresas pueden solicitar su membres\u00eda empresarial en l\u00ednea.<sup>1<\/sup>.<\/p>\n<\/div>\t\t<\/header>\n\t<a data-trigger-id=\"17864\" class=\"modal-trigger co-sp_cta--button\" href=\"#\">Abra una cuenta comercial<\/a>\t<div class=\"co-overlay with-sidebar\" data-trigger-id=\"17864\">\n\t\t<div class=\"co-overlay--inner\">\n\t\t\t\t\t<div class=\"co-overlay--content text-component\">\n\t\t\t\t<div class=\"co-overlay--content_inner\">\n\t\t\t\t\t<h2 class=\"co-overlay--title\">Abra una cuenta comercial<\/h2><p>\u00bfLa estructura de su empresa es alguna de las siguientes?<\/p>\n<ul>\n<li>Empresa unipersonal<\/li>\n<li>Sociedad de responsabilidad limitada unipersonal<\/li>\n<li>Sociedad de responsabilidad limitada con varios miembros, con hasta 4 miembros individuales.<\/li>\n<li>Sociedad colectiva<\/li>\n<\/ul>\n\t\t\t\t\t\t<div class=\"co-overlay--cta\">\n\t\t\t\t\t\t\t\t\t\t\t\t\t\t\t<div class=\"co-overlay--cta__block\">\n\t\t\t\t\t\t\t\t\t<a data-trigger-id=\"17866\" class=\"modal-trigger co-overlay--cta_button\" href=\"#\">S\u00ed<\/a>\t<div class=\"co-overlay with-sidebar\" data-trigger-id=\"17866\">\n\t\t<div class=\"co-overlay--inner\">\n\t\t\t\t\t<div class=\"co-overlay--content text-component\">\n\t\t\t\t<div class=\"co-overlay--content_inner\">\n\t\t\t\t\t<h2 class=\"co-overlay--title\">\u00bfEres nuevo en el mundo del sonido?<\/h2><p>Solo los nuevos miembros empresariales pueden solicitar su(s) primera(s) cuenta(s) en l\u00ednea.<\/p>\n\t\t\t\t\t\t<div class=\"co-overlay--cta\">\n\t\t\t\t\t\t\t\t\t\t\t\t\t\t\t<div class=\"co-overlay--cta__block\">\n\t\t\t\t\t\t\t\t\t<a class=\"co-overlay--cta_button\" href=\"https:\/\/account.soundcu.com\/?flow=business\" rel=\"noopener\">\u00a1S\u00ed, soy nuevo!<\/a>\t\t\t\t\t\t\t\t<\/div>\n\t\t\t\t\t\t\t\t\t\t\t\t\t\t\t<div class=\"co-overlay--cta__block\">\n\t\t\t\t\t\t\t\t\t<a class=\"co-overlay--cta_button\" href=\"https:\/\/www.soundcu.com\/es\/speed-bump\/?url=https%3A%2F%2Fwww.soundcu.com%2Fbusiness%2Fbanking-with-sound%2F%23team&#038;prev=https%3A%2F%2Fwww.soundcu.com%2Fes%2Fbusiness%2Fsavings-and-certificates%2Fmoney-market%2F\">No, ya soy miembro empresarial.<\/a>\t\t\t\t\t\t\t\t<\/div>\n\t\t\t\t\t\t\t\t\t\t\t\t\t<\/div>\n\t\t\t\t\t\t\t\t\t<\/div>\n\t\t\t<\/div>\n\t\t\t\t\t\t\t<div class=\"co-overlay--sidebar text-component\">\n\t\t\t\t\t<h3>\u00bfYa eres miembro empresarial?<\/h3>\n<p>\u00a1Agradecemos su colaboraci\u00f3n! Comun\u00edquese con su responsable de servicios empresariales para obtener asistencia con su cuenta.<\/p>\n<p><span class=\"co-button\"><a href=\"https:\/\/www.soundcu.com\/es\/business\/banking-with-sound\/#team\">Cont\u00e1ctanos<\/a><\/span><\/p>\n<p>&nbsp;<\/p>\n\t\t\t\t<\/div>\n\t\t\t\t\t\t\t<\/div>\n\t<\/div>\n\t\t\t\t\t\t\t\t<\/div>\n\t\t\t\t\t\t\t\t\t\t\t\t\t\t\t<div class=\"co-overlay--cta__block\">\n\t\t\t\t\t\t\t\t\t<a data-trigger-id=\"17865\" class=\"modal-trigger co-overlay--cta_button\" href=\"#\">No<\/a>\t<div class=\"co-overlay with-sidebar\" data-trigger-id=\"17865\">\n\t\t<div class=\"co-overlay--inner\">\n\t\t\t\t\t<div class=\"co-overlay--content text-component\">\n\t\t\t\t<div class=\"co-overlay--content_inner\">\n\t\t\t\t\t<h2 class=\"co-overlay--title\">Soporte para cuentas comerciales<\/h2><p>Solo los 4 tipos de negocios mencionados anteriormente pueden presentar su solicitud en l\u00ednea.<\/p>\n<p>Invitamos a todo tipo de empresas a presentar su solicitud a trav\u00e9s de un responsable de servicios empresariales.<\/p>\n<p><\/br><\/p>\n\t\t\t\t\t\t<div class=\"co-overlay--cta\">\n\t\t\t\t\t\t\t\t\t\t\t\t\t\t\t<div class=\"co-overlay--cta__block\">\n\t\t\t\t\t\t\t\t\t<a class=\"co-overlay--cta_button\" href=\"https:\/\/www.soundcu.com\/es\/speed-bump\/?url=https%3A%2F%2Fwww.soundcu.com%2Fbusiness%2Fbanking-with-sound%2F%23team&#038;prev=https%3A%2F%2Fwww.soundcu.com%2Fes%2Fbusiness%2Fsavings-and-certificates%2Fmoney-market%2F\">Contacta con un BSO<\/a>\t\t\t\t\t\t\t\t<\/div>\n\t\t\t\t\t\t\t\t\t\t\t\t\t<\/div>\n\t\t\t\t\t\t\t\t\t<\/div>\n\t\t\t<\/div>\n\t\t\t\t\t\t\t<div class=\"co-overlay--sidebar text-component\">\n\t\t\t\t\t<h3>Estamos aqu\u00ed para ayudar.<\/h3>\n<p>Gracias por su inter\u00e9s en Sound Credit Union. Nuestro equipo de Servicios Empresariales espera tener la oportunidad de ayudarle.<\/p>\n<p><span class=\"co-button\"><a href=\"https:\/\/www.soundcu.com\/es\/business\/banking-with-sound\/#team\">Cont\u00e1ctanos<\/a><\/span><\/p>\n\t\t\t\t<\/div>\n\t\t\t\t\t\t\t<\/div>\n\t<\/div>\n\t\t\t\t\t\t\t\t<\/div>\n\t\t\t\t\t\t\t\t\t\t\t\t\t<\/div>\n\t\t\t\t\t\t\t\t\t<\/div>\n\t\t\t<\/div>\n\t\t\t\t\t\t\t<div class=\"co-overlay--sidebar text-component\">\n\t\t\t\t\t<h3>Estamos aqu\u00ed.<\/h3>\n<p>Nuestros responsables de servicios empresariales est\u00e1n a su disposici\u00f3n para ayudarle.<\/p>\n<p><span class=\"co-button\"><a href=\"https:\/\/www.soundcu.com\/es\/business\/banking-with-sound\/#team\">Cont\u00e1ctarnos<\/a><\/span><\/p>\n\t\t\t\t<\/div>\n\t\t\t\t\t\t\t<\/div>\n\t<\/div>\n<a class=\"co-sp_cta--link\" href=\"https:\/\/www.soundcu.com\/es\/speed-bump\/?url=https%3A%2F%2Fwww.soundcu.com%2Fbusiness%2Fbanking-services%2F%23contact&#038;prev=https%3A%2F%2Fwww.soundcu.com%2Fes%2Fbusiness%2Fsavings-and-certificates%2Fmoney-market%2F\">Cont\u00e1ctanos para empezar.<\/a>\t<\/div>\n\n\t<\/div>\n<\/div>\n\n\n<div class=\"co-flex_row co-flex_row__white co-flex_row__next_row_diff co-flex_row__related-products co-flex_row__next_row__blog-feed\" >\n\t<div class=\"co-flex_row--row co-row\">\n\t\t\t<div class=\"co-rel_prods\">\n\t\t\t\t<header class=\"co-intro_text\">\n\t\t\t<h2 class=\"co-intro_text--title\">Explora cuentas comerciales relacionadas para impulsar tu empresa.<\/h2>\t\t<\/header>\n\t\t\t\t<div class=\"co-rel_prods--cols prow prow-md:2 justify-center\">\n\t\t\t\t\t\t\t\t\t<div class=\"co-rel_prods--col\">\n\t\t\t\t\t\t<h3 class=\"co-rel_prods--col_title\">Tarjetas de cr\u00e9dito empresariales<\/h3><div class=\"co-rel_prods--col_desc\">Simplifica la contabilidad, delega las compras y mant\u00e9n organizados los gastos de tu negocio con una tarjeta de cr\u00e9dito empresarial.<\/div><a class=\"co-rel_prods--col_cta\" href=\"https:\/\/www.soundcu.com\/es\/business\/credit-cards\/\" target=\"_blank\" aria-label=\"M\u00e1s informaci\u00f3n sobre tarjetas de cr\u00e9dito empresariales\">M\u00e1s informaci\u00f3n<\/a>\t\t\t\t\t<\/div>\n\t\t\t\t\t\t\t\t\t\t<div class=\"co-rel_prods--col\">\n\t\t\t\t\t\t<h3 class=\"co-rel_prods--col_title\">Cuenta de ahorros empresariales de alto rendimiento<\/h3><div class=\"co-rel_prods--col_desc\">Comprendemos la importancia de maximizar la rentabilidad de los fondos de su empresa, manteniendo al mismo tiempo la liquidez y la seguridad.<\/div><a class=\"co-rel_prods--col_cta\" href=\"https:\/\/www.soundcu.com\/es\/business\/savings-and-certificates\/high-yield-business-savings-account\/\" target=\"_blank\" aria-label=\"Lea m\u00e1s sobre la cuenta de ahorros empresariales de alto rendimiento.\">Leer m\u00e1s<\/a>\t\t\t\t\t<\/div>\n\t\t\t\t\t\t\t\t<\/div>\n\t\t\t<\/div>\n\n\t<\/div>\n<\/div>\n\n\n<div class=\"co-flex_row co-flex_row__blue co-flex_row__blog-feed co-flex_row__next_row__back-to-top\" >\n\t<div class=\"co-flex_row--row co-row\">\n\t\t<div class=\"co-bf\">\n\t\t\t<header class=\"co-intro_text\">\n\t\t\t<h2 class=\"co-intro_text--title\"> Herramientas y orientaci\u00f3n para quienes tienen mentalidad empresarial.<\/h2><div class=\"co-intro_text--intro\"><p>El blog de Sound ofrece contenido relevante sobre negocios y comercio, incluyendo consejos, tutoriales y recomendaciones diarias para personas con mentalidad empresarial similar.<\/p>\n<\/div>\t\t<\/header>\n\t\t<div class=\"co-bf--list prow prow-md:2 prow-lg:3\">\n\t\t<div class=\"co-post_tile co-columns--box\">\n\t<img loading=\"lazy\" decoding=\"async\" width=\"396\" height=\"250\" src=\"https:\/\/www.soundcu.com\/files\/Calculate-a-Business-Loan-Payment-396x250.jpg\" class=\"co-post_tile--img co-columns--box_image wp-post-image\" alt=\"Business Financial Health Check\" srcset=\"https:\/\/www.soundcu.com\/files\/Calculate-a-Business-Loan-Payment-396x250.jpg 396w, https:\/\/www.soundcu.com\/files\/Calculate-a-Business-Loan-Payment-540x340.jpg 540w, https:\/\/www.soundcu.com\/files\/Calculate-a-Business-Loan-Payment-75x47.jpg 75w, https:\/\/www.soundcu.com\/files\/Calculate-a-Business-Loan-Payment.jpg 730w\" sizes=\"auto, (max-width: 396px) 100vw, 396px\" \/><h2 class=\"co-post_tile--box_headline co-columns--box_headline\" > <a href=\"https:\/\/www.soundcu.com\/es\/blog\/business-financial-health-check\/\" class=\"link\">Revisi\u00f3n de la salud financiera de la empresa<\/a><\/h2>\t<div class=\"co-post_tile--box_desc co-post_tile--excerpt co-columns--box_desc\">\t\t\n\t\t<p>Utilice nuestro an\u00e1lisis de salud financiera para descubrir los factores clave que impulsan el \u00e9xito de su negocio. <a href=\"https:\/\/www.soundcu.com\/es\/blog\/business-financial-health-check\/\">Contin\u00faa leyendo <span class=\"meta-nav\">\u2192<\/span><\/a><\/p>\n\t<\/div>\n<\/div><div class=\"co-post_tile co-columns--box\">\n\t<img loading=\"lazy\" decoding=\"async\" width=\"396\" height=\"258\" src=\"https:\/\/www.soundcu.com\/files\/iStock-1362265242_842x548-396x258.jpg\" class=\"co-post_tile--img co-columns--box_image wp-post-image\" alt=\"A confident woman smiling at the camera with arms crossed.\" srcset=\"https:\/\/www.soundcu.com\/files\/iStock-1362265242_842x548-396x258.jpg 396w, https:\/\/www.soundcu.com\/files\/iStock-1362265242_842x548-540x351.jpg 540w, https:\/\/www.soundcu.com\/files\/iStock-1362265242_842x548-730x475.jpg 730w, https:\/\/www.soundcu.com\/files\/iStock-1362265242_842x548-768x500.jpg 768w, https:\/\/www.soundcu.com\/files\/iStock-1362265242_842x548-75x49.jpg 75w, https:\/\/www.soundcu.com\/files\/iStock-1362265242_842x548.jpg 842w\" sizes=\"auto, (max-width: 396px) 100vw, 396px\" \/><h2 class=\"co-post_tile--box_headline co-columns--box_headline\" > <a href=\"https:\/\/www.soundcu.com\/es\/blog\/business-start-up-guide\/\" class=\"link\">Gu\u00eda para la creaci\u00f3n de empresas<\/a><\/h2>\t<div class=\"co-post_tile--box_desc co-post_tile--excerpt co-columns--box_desc\">\t\t\n\t\t<p>Esta gu\u00eda para la creaci\u00f3n de empresas est\u00e1 dise\u00f1ada para ayudarte a convertir ese deseo de iniciar tu propio negocio en una realidad. <a href=\"https:\/\/www.soundcu.com\/es\/blog\/business-start-up-guide\/\">Contin\u00faa leyendo <span class=\"meta-nav\">\u2192<\/span><\/a><\/p>\n\t<\/div>\n<\/div><div class=\"co-post_tile co-columns--box\">\n\t<img loading=\"lazy\" decoding=\"async\" width=\"396\" height=\"258\" src=\"https:\/\/www.soundcu.com\/files\/FeatImg_842x548_BizValCalc-396x258.jpg\" class=\"co-post_tile--img co-columns--box_image wp-post-image\" alt=\"Pie chart icon\" srcset=\"https:\/\/www.soundcu.com\/files\/FeatImg_842x548_BizValCalc-396x258.jpg 396w, https:\/\/www.soundcu.com\/files\/FeatImg_842x548_BizValCalc-540x351.jpg 540w, https:\/\/www.soundcu.com\/files\/FeatImg_842x548_BizValCalc-730x475.jpg 730w, https:\/\/www.soundcu.com\/files\/FeatImg_842x548_BizValCalc-768x500.jpg 768w, https:\/\/www.soundcu.com\/files\/FeatImg_842x548_BizValCalc-75x49.jpg 75w, https:\/\/www.soundcu.com\/files\/FeatImg_842x548_BizValCalc.jpg 842w\" sizes=\"auto, (max-width: 396px) 100vw, 396px\" \/><h2 class=\"co-post_tile--box_headline co-columns--box_headline\" > <a href=\"https:\/\/www.soundcu.com\/es\/blog\/calculator-business-valuation\/\" class=\"link\">Calculadora de valoraci\u00f3n de empresas<\/a><\/h2>\t<div class=\"co-post_tile--box_desc co-post_tile--excerpt co-columns--box_desc\">\t\t\n\t\t<p>Utilice esta calculadora para estimar cu\u00e1nto podr\u00eda pagar un comprador por su negocio. <a href=\"https:\/\/www.soundcu.com\/es\/blog\/calculator-business-valuation\/\">Contin\u00faa leyendo <span class=\"meta-nav\">\u2192<\/span><\/a><\/p>\n\t<\/div>\n<\/div>\t<\/div>\n\t<\/div>\n\t<\/div>\n<\/div>\n\n\n<div class=\"co-flex_row co-flex_row__back-to-top co-flex_row__next_row__disclosures\" >\n\t<div class=\"co-flex_row--row co-row\">\n\t\t<div class=\"co-back-to-top\">\t\n  <a class=\"co-back-to-top--link js-scroll_link\" href=\"#\" aria-label=\"\">\n\t\t<img\n\t\t\tclass=\"co-back-to-top--arrow\"\n\t\t\tsrc=\"https:\/\/www.soundcu.com\/wp-content\/themes\/soundcu-theme\/images\/back_top.svg\"\n\t\t\talt=\"Back to Top Button\"\n\t\t\twidth=\"18.07\"\n\t\t\theight=\"23.169\"\n\t\t\tloading=\"lazy\"\n\t\t>\n\t  Volver arriba  <\/a>\n<\/div>\n\n\t<\/div>\n<\/div>\n\n\n<div class=\"co-flex_row co-flex_row__blue co-flex_row__last co-flex_row__disclosures\" >\n\t<div class=\"co-flex_row--row co-row\">\n\t\t\t<div class=\"co-disclosures\">\n\t\t<h2 class=\"co-disclosures--title\">Divulgaciones<\/h2>\n\t\t<div class=\"co-disclosures--content\">\n\t\t\t<div class=\"small-text\">\n<p>ASEGURADO FEDERALMENTE POR\u00a0<a href=\"https:\/\/mycreditunion.gov\/share-insurance-estimator-home\" target=\"_blank\" rel=\"noopener\">NCUA<\/a><\/p>\n<p>No hay l\u00edmite en la cantidad de transferencias o retiros de cuenta cuando se realizan en persona en una sucursal de Sound Credit Union. Se aplicar\u00e1 un cargo de $10 por cheque si se emiten m\u00e1s de tres cheques en un mes.<\/p>\n<p><sup>1<\/sup>La apertura de una cuenta comercial en l\u00ednea solo est\u00e1 disponible para nuevos miembros cuyos negocios sean empresas unipersonales, LLC de un solo miembro, LLC de varios miembros (con hasta 4 miembros individuales) o sociedades colectivas. Si usted es un miembro comercial existente o su negocio tiene una estructura diferente, <a href=\"https:\/\/www.soundcu.com\/es\/business\/banking-with-sound\/#team\">Contacta con nuestro equipo de servicios empresariales.<\/a>. \u201cMiembros individuales\u201d se refiere a personas f\u00edsicas, no a corporaciones, fideicomisos u otras entidades comerciales.<\/p>\n<\/div>\n\t\t<\/div>\n\t<\/div>\n\n\t<\/div>\n<\/div>","protected":false},"excerpt":{"rendered":"","protected":false},"author":9,"featured_media":0,"parent":2367,"menu_order":0,"comment_status":"closed","ping_status":"closed","template":"","meta":{"_acf_changed":false,"content-type":"","_searchwp_excluded":"","footnotes":""},"county":[],"class_list":["post-2369","page","type-page","status-publish","hentry"],"acf":[],"_links":{"self":[{"href":"https:\/\/www.soundcu.com\/es\/wp-json\/wp\/v2\/pages\/2369","targetHints":{"allow":["GET"]}}],"collection":[{"href":"https:\/\/www.soundcu.com\/es\/wp-json\/wp\/v2\/pages"}],"about":[{"href":"https:\/\/www.soundcu.com\/es\/wp-json\/wp\/v2\/types\/page"}],"author":[{"embeddable":true,"href":"https:\/\/www.soundcu.com\/es\/wp-json\/wp\/v2\/users\/9"}],"replies":[{"embeddable":true,"href":"https:\/\/www.soundcu.com\/es\/wp-json\/wp\/v2\/comments?post=2369"}],"version-history":[{"count":11,"href":"https:\/\/www.soundcu.com\/es\/wp-json\/wp\/v2\/pages\/2369\/revisions"}],"predecessor-version":[{"id":18199,"href":"https:\/\/www.soundcu.com\/es\/wp-json\/wp\/v2\/pages\/2369\/revisions\/18199"}],"up":[{"embeddable":true,"href":"https:\/\/www.soundcu.com\/es\/wp-json\/wp\/v2\/pages\/2367"}],"wp:attachment":[{"href":"https:\/\/www.soundcu.com\/es\/wp-json\/wp\/v2\/media?parent=2369"}],"wp:term":[{"taxonomy":"county","embeddable":true,"href":"https:\/\/www.soundcu.com\/es\/wp-json\/wp\/v2\/county?post=2369"}],"curies":[{"name":"wp","href":"https:\/\/api.w.org\/{rel}","templated":true}]}}