{"id":2372,"date":"2023-08-14T18:12:42","date_gmt":"2023-08-15T01:12:42","guid":{"rendered":"https:\/\/www.soundcu.com\/visa-rewards\/"},"modified":"2025-11-20T08:50:23","modified_gmt":"2025-11-20T16:50:23","slug":"rewards","status":"publish","type":"page","link":"https:\/\/www.soundcu.com\/es\/business\/credit-cards\/rewards\/","title":{"rendered":"Recompensas empresariales"},"content":{"rendered":"<div class=\"co-flex_row co-flex_row__white co-flex_row__page-hero co-flex_row__next_row__page-intro\" >\n\t<div class=\"co-flex_row--row co-row\">\n\t\t\t<header class=\"co-page_hero  co-page_hero__has_image\" aria-label=\"Encabezado: Tarjeta de cr\u00e9dito con recompensas para empresas\">\n\t\t<div class=\"co-page_hero--inner\">\n\t\t\t<div class=\"prow items-center\">\n\t\t\t\t\t\t\t\t\t<div class=\"co-page_hero--img_wrap pcol-lg:6 pcol-xl:7\">\n\t\t\t\t\t\t<div class=\"co-page_hero--mask\"><svg width=\"997.021\" height=\"609.682\" viewbox=\"0 0 997.021 609.682\"><defs><clippath id=\"svgPathHero\"><path d=\"M299.014.148H0V609.681H299.014c480.632.192,698.007-296.752,698.007-296.752C691.761-16.846,299.014.148,299.014.148\"\/><\/clippath><\/defs><image id=\"image_69efb177d8a4f\" xlink:href=\"https:\/\/www.soundcu.com\/files\/iStock-1777713921_997x610.jpg\" src=\"https:\/\/www.soundcu.com\/files\/iStock-1777713921_997x610.jpg\" clip-path=\"url(#svgPathHero)\"  alt=\"Young architects working on a house project in an office\" \/><\/svg><\/div>\t\t\t\t\t<\/div>\n\t\t\t\t\t\t\t\t<div class=\"co-page_hero--text pcol-lg:6 pcol-xl:5\">\n\t\t\t\t\t\t\t\t\t\t<h1 class=\"co-page_hero--title\" >Tarjeta de cr\u00e9dito con recompensas para empresas<\/h1>\t\t\t\t\t<p class=\"co-page_hero--tagline\">Un sinf\u00edn de opciones de recompensa y una amplia gama de beneficios.<\/p>\t\t\t\t\t\t<div class=\"co-page_hero--buttons\">\n\t\t\t\t\t\t\t<a class=\"co-page_hero--button gtm-button\" href=\"https:\/\/app.loanspq.com\/apply.aspx?lenderref=soundcu082521&#038;list=BL&#038;_ga=2.116170117.2098939652.1707153956-539114806.1696019864&#038;_gl=1*be56lj*_ga*NTM5MTE0ODA2LjE2OTYwMTk4NjQ.*_ga_FR6440DWJ8*MTcwNzI1NDU2Mi4yOTAuMS4xNzA3MjU3MjI1LjU5LjAuMA..\" rel=\"noopener\">SOLICITA AHORA<\/a>\t\t\t\t\t\t<\/div>\n\t\t\t\t\t\t\t\t\t\t<\/div>\n\t\t\t<\/div>\n\t\t<\/div>\n\t<\/header>\n\n\t<\/div>\n<\/div>\n\n\n<div class=\"co-flex_row co-flex_row__white co-flex_row__page-intro co-flex_row__next_row__sticky-nav\" >\n\t<div class=\"co-flex_row--row co-row\">\n\t\t\t<div class=\"co-page_intro\">\n\t\t<div class=\"co-page_intro--desc\"><p>Tarjeta de cr\u00e9dito Sound Business Rewards. Gane recompensas con cada compra.<\/p>\n<\/div>\t<\/div>\n\n\t<\/div>\n<\/div>\n\n\n<div class=\"co-flex_row co-flex_row__sticky-nav co-flex_row__next_row__columns\" >\n\t<div class=\"co-flex_row--row co-row\">\n\t\t\t<div class=\"co-sticky_nav_wrap is-active\" id=\"js-sticky_nav_wrap\">\n\t\t<nav\n\t\t\tclass=\"co-sticky_nav\"\n\t\t\tid=\"js-sticky_nav\"\n\t\t\taria-label=\"en la navegaci\u00f3n de anclaje de p\u00e1gina\"\n\t\t>\n\t\t\t<div class=\"co-sticky_nav--mobile\">\n\t\t\t\t<button\n\t\t\t\t\tclass=\"co-sticky_nav--toggle\"\n\t\t\t\t\tid=\"js-sticky_nav_toggle\"\n\t\t\t\t\taria-label=\"Abrir y cerrar men\u00fa de p\u00e1gina\"\n\t\t\t\t>Men\u00fa de p\u00e1gina<\/button>\n\t\t\t<\/div>\n\t\t\t<div\n\t\t\t\tclass=\"co-sticky_nav--row co-row\"\n\t\t\t\tid=\"js-sticky_nav_links\"\n\t\t\t>\n\t\t\t\t\t\t\t\t\t<a\n\t\t\t\t\t\thref=\"#benefits\"\n\t\t\t\t\t\tclass=\"co-sticky_nav--link\t\t\t\t\t\t\tjs-sticky_nav_item\"\n\t\t\t\t\t\taria-label=\"beneficios\"\t\t\t\t\t>\n\t\t\t\t\t\tBeneficios\t\t\t\t\t<\/a>\n\t\t\t\t\t\t\t\t\t<a\n\t\t\t\t\t\thref=\"#rates\"\n\t\t\t\t\t\tclass=\"co-sticky_nav--link\t\t\t\t\t\t\tjs-sticky_nav_item\"\n\t\t\t\t\t\taria-label=\"tasas\"\t\t\t\t\t>\n\t\t\t\t\t\ttasas de interes\t\t\t\t\t<\/a>\n\t\t\t\t\t\t\t\t\t<a\n\t\t\t\t\t\thref=\"#apply\"\n\t\t\t\t\t\tclass=\"co-sticky_nav--link\t\t\t\t\t\t\tjs-sticky_nav_item\"\n\t\t\t\t\t\taria-label=\"aplicar\"\t\t\t\t\t>\n\t\t\t\t\t\tSolicita ahora\t\t\t\t\t<\/a>\n\t\t\t\t\t\t\t\t\t<a\n\t\t\t\t\t\thref=\"#faqs\"\n\t\t\t\t\t\tclass=\"co-sticky_nav--link\t\t\t\t\t\t\tjs-sticky_nav_item\"\n\t\t\t\t\t\taria-label=\"preguntas frecuentes\"\t\t\t\t\t>\n\t\t\t\t\t\tPreguntas frecuentes\t\t\t\t\t<\/a>\n\t\t\t\t\t\t\t<\/div>\n\t\t<\/nav>\n\t<\/div>\n\n\t<\/div>\n<\/div>\n\n\n<div class=\"co-flex_row co-flex_row__white co-flex_row__columns co-flex_row__next_row__cc-comparison-horizontal\" id=\"benefits\">\n\t<div class=\"co-flex_row--row co-row\">\n\t\t\t<div class=\"co-columns\">\n\t\t\t\t<header class=\"co-intro_text\">\n\t\t\t<h2 class=\"co-intro_text--title\">Beneficios de una tarjeta de cr\u00e9dito con recompensas para empresas<\/h2>\t\t<\/header>\n\t\t\t\t<div class=\"co-columns--row prow prow-md:2 prow-lg:3 justify-center\">\n\t\t\t\t\t\t\t\t\t<div class=\"co-columns--box\">\n\t\t\t\t\t\t<a class=\"co-columns--box_link\" href=\"https:\/\/www.soundcu.com\/es\/speed-bump\/?url=https%3A%2F%2Fwww.soundcu.com%2Fbusiness%2Fcredit-cards%2Frewards%2F&#038;prev=https%3A%2F%2Fwww.soundcu.com%2Fes%2Fbusiness%2Fcredit-cards%2Frewards%2F\"><h3 class=\"co-columns--box_headline\" >Recompensas sonoras<\/h3><\/a><div class=\"co-columns--box_desc\"><p>Gana puntos con cada compra que podr\u00e1s canjear por viajes, productos, tarjetas de regalo e incluso dinero en efectivo.<\/p>\n<\/div><div class=\"co-columns--box_button\"><\/div>\t\t\t\t\t<\/div>\n\t\t\t\t\t\t\t\t\t<div class=\"co-columns--box\">\n\t\t\t\t\t\t<h3 class=\"co-columns--box_headline\" >Firmantes autorizados ilimitados<\/h3><div class=\"co-columns--box_desc\"><p>No hay l\u00edmite en el n\u00famero de firmantes autorizados en su tarjeta de cr\u00e9dito empresarial.<\/p>\n<\/div><div class=\"co-columns--box_button\"><\/div>\t\t\t\t\t<\/div>\n\t\t\t\t\t\t\t\t\t<div class=\"co-columns--box\">\n\t\t\t\t\t\t<h3 class=\"co-columns--box_headline\" >Alertas de compra<\/h3><div class=\"co-columns--box_desc\"><p>Inscr\u00edbete en <a href=\"https:\/\/usa.visa.com\/pay-with-visa\/featured-technologies\/purchase-alerts.html\" target=\"_blank\" rel=\"noopener\">visa.usia.com<\/a> Reciba alertas por SMS o correo electr\u00f3nico en tiempo real cada vez que se utilice su tarjeta de d\u00e9bito o cr\u00e9dito Sound. Usted elige los activadores y c\u00f3mo recibir\u00e1 las notificaciones.<\/p>\n<\/div><div class=\"co-columns--box_button\"><\/div>\t\t\t\t\t<\/div>\n\t\t\t\t\t\t\t\t\t<div class=\"co-columns--box\">\n\t\t\t\t\t\t<h3 class=\"co-columns--box_headline\" >Exenci\u00f3n de responsabilidad por da\u00f1os por colisi\u00f3n en alquiler de autom\u00f3viles1<\/h3><div class=\"co-columns--box_desc\"><p>Alquila un coche con la tranquilidad de saber que los da\u00f1os est\u00e1n cubiertos si pagaste con tu tarjeta Sound.<\/p>\n<\/div><div class=\"co-columns--box_button\"><\/div>\t\t\t\t\t<\/div>\n\t\t\t\t\t\t\t\t\t<div class=\"co-columns--box\">\n\t\t\t\t\t\t<h3 class=\"co-columns--box_headline\" >Seguridad en la compra y protecci\u00f3n de garant\u00eda extendida<\/h3><div class=\"co-columns--box_desc\"><p>La mayor\u00eda de los art\u00edculos nuevos comprados con tu tarjeta est\u00e1n cubiertos en caso de p\u00e9rdida, robo o da\u00f1o dentro de los d\u00edas posteriores a la compra.<\/p>\n<\/div><div class=\"co-columns--box_button\"><\/div>\t\t\t\t\t<\/div>\n\t\t\t\t\t\t\t\t\t<div class=\"co-columns--box\">\n\t\t\t\t\t\t<h3 class=\"co-columns--box_headline\" >Asistencia en viajes y emergencias<\/h3><div class=\"co-columns--box_desc\"><p>Los servicios de asistencia en viajes y emergencias pueden ser de gran ayuda cuando las emergencias se agravan durante un viaje. Pueden proporcionar medicamentos recetados y asistencia con idiomas extranjeros y leyes.<\/p>\n<\/div><div class=\"co-columns--box_button\"><\/div>\t\t\t\t\t<\/div>\n\t\t\t\t\t\t\t<\/div>\n\t\t\t\t<\/div>\n\n\t<\/div>\n<\/div>\n\n\n<div class=\"co-flex_row co-flex_row__white co-flex_row__next_row_diff co-flex_row__cc-comparison-horizontal co-flex_row__next_row__related-products\" id=\"rates\">\n\t<div class=\"co-flex_row--row co-row\">\n\t\t\t<div class=\"co-ccHorizontal\">\n\t\t\t\t<header class=\"co-intro_text\">\n\t\t\t<h2 class=\"co-intro_text--title\">Tarjeta de cr\u00e9dito con recompensas para empresas<\/h2><div class=\"co-intro_text--intro\"><p>Gana puntos Sound Rewards con tus compras para tu negocio.<\/p>\n<\/div>\t\t<\/header>\n\t\t\t\t<div class=\"co-ccHorizontal--wrapper\">\n\t\t\t\t\t\t\t\t\t<div class=\"co-ccHorizontal--card\">\n\t\t\t\t\t\t<div class=\"co-ccHorizontal--table prow\">\n\t\t\t\t\t\t\t<div class=\"co-ccHorizontal--col co-ccHorizontal--col_image pcol-md:4 pcol-lg:4\"><img loading=\"lazy\" decoding=\"async\" width=\"730\" height=\"467\" src=\"https:\/\/www.soundcu.com\/files\/Sound-Business-CC-Rewards-730x467.jpg\" class=\"co-ccHorizontal--card_img\" alt=\"Image of the Business Rewards Credit Card\" srcset=\"https:\/\/www.soundcu.com\/files\/Sound-Business-CC-Rewards-730x467.jpg 730w, https:\/\/www.soundcu.com\/files\/Sound-Business-CC-Rewards-540x345.jpg 540w, https:\/\/www.soundcu.com\/files\/Sound-Business-CC-Rewards-768x491.jpg 768w, https:\/\/www.soundcu.com\/files\/Sound-Business-CC-Rewards-396x253.jpg 396w, https:\/\/www.soundcu.com\/files\/Sound-Business-CC-Rewards-955x610.jpg 955w, https:\/\/www.soundcu.com\/files\/Sound-Business-CC-Rewards-75x48.jpg 75w, https:\/\/www.soundcu.com\/files\/Sound-Business-CC-Rewards.jpg 1050w\" sizes=\"auto, (max-width: 730px) 100vw, 730px\" \/><\/div>\t\t\t\t\t\t\t<div class=\"co-ccHorizontal--col pcol-md:4 pcol-lg:5\">\n\t\t\t\t\t\t\t\t<h3 class=\"co-ccHorizontal--heading\">Recompensas empresariales<\/h3>\t\t\t\t\t\t\t\t\t\t\t\t\t\t\t\t\t<span>Lo mejor si te interesa\u2026<\/span>\n\t\t\t\t\t\t\t\t\t<ul>\n<li>Ganar\u00a0<a href=\"https:\/\/www.soundcu.com\/es\/personal\/rewards\/\" target=\"_blank\" rel=\"noopener\">Recompensas sonoras<\/a>\u00a0en cada compra<\/li>\n<li>Seguridad en la compra y protecci\u00f3n extendida<\/li>\n<li>Exenci\u00f3n de responsabilidad por da\u00f1os por colisi\u00f3n en el alquiler de autom\u00f3viles<sup>1<\/sup><\/li>\n<li>Servicios de viaje y asistencia de emergencia<\/li>\n<\/ul>\n\t\t\t\t\t\t\t\t\t\t\t\t\t\t\t\t<div class=\"co-ccHorizontal--col_inner\">\n\t\t\t\t\t\t\t\t\t\t\t\t\t\t\t\t\t\t\t<div class=\"co-ccHorizontal--col_inner--content\">\n\t\t\t\t\t\t\t\t\t\t\t<span>ABR<\/span>\n\t\t\t\t\t\t\t\t\t\t\t12.45% \u2013 22.45%\t\t\t\t\t\t\t\t\t\t<\/div>\n\t\t\t\t\t\t\t\t\t\t\t\t\t\t\t\t\t\t\t\t\t\t\t\t\t\t\t\t<div class=\"co-ccHorizontal--col_inner--content\">\n\t\t\t\t\t\t\t\t\t\t\t<span>Honorarios<\/span>\n\t\t\t\t\t\t\t\t\t\t\tSin cuota anual\t\t\t\t\t\t\t\t\t\t<\/div>\n\t\t\t\t\t\t\t\t\t\t\t\t\t\t\t\t\t\t\t\n\t\t\t\t\t\t\t\t<\/div>\n\t\t\t\t\t\t\t<\/div>\n\t\t\t\t\t\t\t<div class=\"co-ccHorizontal--col co-ccHorizontal--col_ctas  pcol-md:4 pcol-lg:3\">\n\t\t\t\t\t\t\t\t<a class=\"co-ccHorizontal--button gtm-button\" href=\"https:\/\/app.loanspq.com\/apply.aspx?lenderref=soundcu082521&#038;list=BL&#038;_ga=2.116170117.2098939652.1707153956-539114806.1696019864&#038;_gl=1*be56lj*_ga*NTM5MTE0ODA2LjE2OTYwMTk4NjQ.*_ga_FR6440DWJ8*MTcwNzI1NDU2Mi4yOTAuMS4xNzA3MjU3MjI1LjU5LjAuMA..\" rel=\"noopener\">SOLICITA AHORA<\/a>\t\t\t\t\t\t\t<\/div>\n\t\t\t\t\t\t<\/div>\n\t\t\t\t\t<\/div>\n\t\t\t\t\t\t\t<\/div>\n\t\t\t<\/div>\n\n\t<\/div>\n<\/div>\n\n\n<div class=\"co-flex_row co-flex_row__blue co-flex_row__next_row_diff co-flex_row__related-products co-flex_row__next_row__multi-path-cta\" >\n\t<div class=\"co-flex_row--row co-row\">\n\t\t\t<div class=\"co-rel_prods\">\n\t\t\t\t<header class=\"co-intro_text\">\n\t\t\t<div class=\"co-intro_text--intro\"><p>Explorar temas relacionados <a href=\"https:\/\/www.soundcu.com\/es\/business\/credit-cards\/\">Tarjetas de cr\u00e9dito empresariales<\/a>.<\/p>\n<\/div>\t\t<\/header>\n\t\t\t\t<div class=\"co-rel_prods--cols prow prow-md:2 justify-center\">\n\t\t\t\t\t\t\t\t\t<div class=\"co-rel_prods--col\">\n\t\t\t\t\t\t<h2 class=\"co-rel_prods--col_title\">Platino empresarial<\/h2><div class=\"co-rel_prods--col_desc\">Las tarjetas de sonido no incluyen cuotas anuales, ni comisiones por transferencia de saldo, ni comisiones por transacciones en el extranjero.<\/div><a class=\"co-rel_prods--col_cta\" href=\"https:\/\/www.soundcu.com\/es\/business\/credit-cards\/platinum\/\" target=\"_blank\" aria-label=\"Lea m\u00e1s sobre Business Platinum\">Leer m\u00e1s<\/a>\t\t\t\t\t<\/div>\n\t\t\t\t\t\t\t\t\t\t<div class=\"co-rel_prods--col\">\n\t\t\t\t\t\t<h2 class=\"co-rel_prods--col_title\">Empresa Platinum asegurada<\/h2><div class=\"co-rel_prods--col_desc\">Las tarjetas de cr\u00e9dito pueden ayudar a crear o reparar un historial crediticio cuando se usan de forma responsable y pueden mejorar su futuro financiero.<\/div><a class=\"co-rel_prods--col_cta\" href=\"https:\/\/www.soundcu.com\/es\/business\/credit-cards\/platinum-secured\/\" target=\"_blank\" aria-label=\"Lea m\u00e1s sobre Business Platinum Secured.\">Leer m\u00e1s<\/a>\t\t\t\t\t<\/div>\n\t\t\t\t\t\t\t\t<\/div>\n\t\t\t<\/div>\n\n\t<\/div>\n<\/div>\n\n\n<div class=\"co-flex_row co-flex_row__white co-flex_row__next_row_diff co-flex_row__multi-path-cta co-flex_row__next_row__faqs\" id=\"apply\">\n\t<div class=\"co-flex_row--row co-row\">\n\t\t\t<div class=\"co-mp_ctas\">\n\t\t\t\t<header class=\"co-intro_text\">\n\t\t\t<h2 class=\"co-intro_text--title\">Obt\u00e9n hoy mismo la aprobaci\u00f3n para tu tarjeta de cr\u00e9dito Sound Business.<\/h2>\t\t<\/header>\n\t\t\t<div class=\"co-mp_ctas--list prow justify-center\">\n\t\t\t\t\t\t\t\t\t\t\t<div class=\"co-mp_cta pcol-lg:4\">\n\t\t\t\t\t<div class=\"co-mp_cta--title\">\n\t\t\t\t\t\tComienza ahora\t\t\t\t\t<\/div>\n\t\t\t\t\t<a class=\"co-mp_cta--link gtm-button\" href=\"https:\/\/app.loanspq.com\/cc\/CreditCard.aspx?lenderref=soundcu082521&#038;_gl=1*dlwkik*_ga*MTA1MzQyMDc1My4xNjgzMDU4MTM2*_ga_FR6440DWJ8*MTY5NzIwOTk5Mi42NC4xLjE2OTcyMTUzNjYuNDUuMC4w&#038;_ga=2.190972521.2127022585.1697209993-1053420753.1683058136\" rel=\"noopener\">Solicita en l\u00ednea<\/a>\t\t\t\t<\/div>\n\t\t\t\t\t\t\t\t\t\t\t<div class=\"co-mp_cta pcol-lg:4\">\n\t\t\t\t\t<div class=\"co-mp_cta--title\">\n\t\t\t\t\t\tLl\u00e1menos\t\t\t\t\t<\/div>\n\t\t\t\t\t\t\t\t\t\t\t<div class=\"co-mp_cta--content\">\n\t\t\t\t\t\t\t<p><a href=\"tel:8005628130\">800.562.8130<\/a><\/p>\n\t\t\t\t\t\t<\/div>\n\t\t\t\t\t\t\t\t\t<\/div>\n\t\t\t\t\t\t\t\t\t\t\t<div class=\"co-mp_cta pcol-lg:4\">\n\t\t\t\t\t<div class=\"co-mp_cta--title\">\n\t\t\t\t\t\tVisite una sucursal local.\t\t\t\t\t<\/div>\n\t\t\t\t\t<a class=\"co-mp_cta--link gtm-button\" href=\"https:\/\/www.soundcu.com\/es\/speed-bump\/?url=https%3A%2F%2Fwww.soundcu.com%2Fbranches%2F&#038;prev=https%3A%2F%2Fwww.soundcu.com%2Fes%2Fbusiness%2Fcredit-cards%2Frewards%2F\">Encuentra una sucursal<\/a>\t\t\t\t<\/div>\n\t\t\t\t\t<\/div>\n\t<\/div>\n\n\t<\/div>\n<\/div>\n\n\n<div class=\"co-flex_row co-flex_row__blue co-flex_row__next_row_diff co-flex_row__faqs co-flex_row__next_row__disclosures\" id=\"faqs\">\n\t<div class=\"co-flex_row--row co-row\">\n\t\t\t<section class=\"co-accords_section\" aria-label=\"Obt\u00e9n las respuestas que buscas.\">\n\t\t\t\t<header class=\"co-intro_text\">\n\t\t\t<h2 class=\"co-intro_text--title\">Obt\u00e9n las respuestas que buscas.<\/h2>\t\t<\/header>\n\t\t\t<div class=\"co-accordion\" data-animation=\"on\" data-multi-items=\"on\">\n\t\t\t\t\t\t\t<div class=\"co-accordion--item\">\n\t\t\t\t\t<button\n\t\t\t\t\t\t\t\t\t\t\t\t\tdata-accordid=\"4034\"\n\t\t\t\t\t\t\t\t\t\t\t\tclass=\"co-accordion--header\t\t\t\t\t\t\tjs-accord_toggle\t\t\t\t\t\t\tclosed\"\n\t\t\t\t\t>\n\t\t\t\t\t\t<span class=\"text-md\">\u00bfCu\u00e1les son las opciones de pago para los pr\u00e9stamos de Sound?<\/span>\n\t\t\t\t\t\t<svg class=\"co-accordion--icon no-js:is-hidden\" viewbox=\"0 0 20 20\"><g class=\"icon__group\" fill=\"none\" stroke=\"currentColor\" stroke-linecap=\"round\" stroke-linejoin=\"round\"><line x1=\"3\" y1=\"3\" x2=\"17\" y2=\"17\"><\/line><line x1=\"17\" y1=\"3\" x2=\"3\" y2=\"17\"><\/line><\/g><\/svg>\n\t\t\t\t\t<\/button>\n\t\t\t\t\t<div class=\"co-accordion--panel\t\t\t\t\t\tjs-accord_content\">\n\t\t\t\t\t\t<h2>Formas de realizar el pago de su pr\u00e9stamo<\/h2>\n<p>Es f\u00e1cil realizar pagos \u00fanicos o configurar pagos recurrentes.<\/p>\n<h3><strong>Pagar desde una cuenta segura<\/strong><\/h3>\n<ul>\n<li><span class=\"bold\"><strong>En l\u00ednea<\/strong><\/span> \u2013 Inicie sesi\u00f3n en su cuenta y seleccione <span class=\"bold\"><strong>Transferencia y pago &gt;<a href=\"https:\/\/www.soundcuonline.com\/dbank\/live\/app\/ql\/all\/b1c353e8ac\" rel=\"noopener\"><span class=\"underline\"> Transferencias y pagos de sonido<\/span><\/a><\/strong><\/span> para transferir su pago \u00fanico o configurar pagos recurrentes.<\/li>\n<li>Utilice la banca en l\u00ednea, m\u00f3vil o telef\u00f3nica para realizar transferencias de pago \u00fanicas o recurrentes.<\/li>\n<li><span class=\"underline\"><a href=\"https:\/\/www.soundcu.com\/es\/contact\/\">Cont\u00e1ctanos<\/a><\/span> De la forma que le resulte m\u00e1s conveniente, nosotros le transferiremos el pago.<\/li>\n<\/ul>\n<h3>Pagar desde otra instituci\u00f3n financiera<\/h3>\n<ul>\n<li><span class=\"bold\"><strong>En l\u00ednea<\/strong><\/span> \u2013 Inicia sesi\u00f3n en tu cuenta de Sound y selecciona:\n<ul>\n<li><span class=\"bold\"><strong>Transferencia y pago &gt; <a href=\"https:\/\/www.soundcuonline.com\/dbank\/live\/app\/ql\/all\/70990d0f94\" rel=\"noopener\"><span class=\"underline\">Transferencias externas<\/span><\/a><\/strong><\/span> para transferir dinero desde una cuenta que tienes en otra instituci\u00f3n financiera<\/li>\n<li><span class=\"bold\"><strong>Transferencia y pago &gt; <a href=\"https:\/\/www.soundcuonline.com\/dbank\/live\/app\/ql\/all\/5c3eee0e59\" rel=\"noopener\"><span class=\"underline\">Pagos externos<\/span><\/a><\/strong><\/span>\u00a0para configurar un pago utilizando su tarjeta de d\u00e9bito o una cuenta en otra instituci\u00f3n financiera.<\/li>\n<\/ul>\n<\/li>\n<li><span class=\"bold\"><strong>Dep\u00f3sito m\u00f3vil (cheque)<\/strong><\/span> \u2013 Descarga la aplicaci\u00f3n Sound y usa el Dep\u00f3sito M\u00f3vil para depositar un cheque en tu cuenta de ahorros o corriente, y luego transfiere el pago a tu pr\u00e9stamo.<\/li>\n<li><span class=\"bold\"><strong>Paga mediante ACH o tarjeta de d\u00e9bito.<\/strong><\/span> \u2013 Configurar un <a href=\"https:\/\/web.baconpay.com\/gate\/login?institutionId=60354d12-badc-4995-9b47-006167b7a40a\" rel=\"noopener\"><span class=\"underline\">pago acelerado del pr\u00e9stamo<\/span><\/a> a su tarjeta de cr\u00e9dito Sound, veh\u00edculo, personal, capital inmobiliario o hipoteca Express utilizando su tarjeta de d\u00e9bito o una cuenta en otra instituci\u00f3n financiera.<a href=\"https:\/\/www.soundcu.com\/es\/rates\/personal\/account-fees\/\"><span class=\"underline\">Honorarios<\/span><\/a> Aplicar. El monto m\u00e1ximo de pago es de $1,500)<\/li>\n<li><span class=\"bold\"><strong>Configurar pagos autom\u00e1ticos (pago ACH)<\/strong><\/span> \u2013 Completar el <a href=\"https:\/\/www.soundcu.com\/files\/ACH-Debit-Authorization.pdf\"><span class=\"underline\">Formulario de autorizaci\u00f3n de d\u00e9bito ACH<\/span><\/a>, lo que nos permite deducir autom\u00e1ticamente su pago cada mes de la cuenta que haya elegido.<\/li>\n<\/ul>\n<h3>Pago en persona (efectivo o cheque)<\/h3>\n<ul>\n<li>Visita un <a href=\"https:\/\/www.soundcu.com\/es\/branches\/\"><span class=\"underline\">Rama sana<\/span><\/a> Para realizar su pago en efectivo o con cheque.<\/li>\n<li>Visita un <a href=\"https:\/\/www.soundcu.com\/es\/branches\/\"><span class=\"underline\">Ubicaci\u00f3n de sucursal compartida de CO-OP<\/span><\/a> para realizar su pago.<\/li>\n<\/ul>\n<h3><strong>Pago por correo<\/strong><\/h3>\n<p>Por favor, incluya los \u00faltimos cuatro d\u00edgitos de su n\u00famero de cuenta y el n\u00famero de pr\u00e9stamo en su cheque.<\/p>\n<p>Sound Credit Union<br \/>\nApartado de correos 1595<br \/>\nTacoma, WA 98401<\/p>\n<h3><strong>Paga una hipoteca segura<\/strong><\/h3>\n<ul>\n<li><span class=\"bold\"><strong>En l\u00ednea<\/strong><\/span> \u2013 Realice pagos en l\u00ednea a trav\u00e9s de <span class=\"underline\"><a href=\"https:\/\/soundcu.loanadministration.com\/\" rel=\"noopener\">Centro de pago de hipotecas<\/a><\/span><\/li>\n<li><span class=\"bold\"><strong>Por correo (cheque)<\/strong><\/span> \u2013 Env\u00ede los pagos junto con su cup\u00f3n mensual desprendible a la siguiente direcci\u00f3n:<\/li>\n<\/ul>\n<p>Sound Credit Union<br \/>\nAtenci\u00f3n: Procesamiento de pagos<br \/>\nApartado de correos 11733<br \/>\nNewark, NJ 07101\u20104733<\/p>\n\t\t\t\t\t<\/div>\n\t\t\t\t<\/div>\n\t\t\t\t\t\t\t<div class=\"co-accordion--item\">\n\t\t\t\t\t<button\n\t\t\t\t\t\t\t\t\t\t\t\t\tdata-accordid=\"7670\"\n\t\t\t\t\t\t\t\t\t\t\t\tclass=\"co-accordion--header\t\t\t\t\t\t\tjs-accord_toggle\t\t\t\t\t\t\tclosed\"\n\t\t\t\t\t>\n\t\t\t\t\t\t<span class=\"text-md\">\u00bfExiste alg\u00fan cargo asociado a la transferencia del saldo de mi tarjeta de cr\u00e9dito a Sound?<\/span>\n\t\t\t\t\t\t<svg class=\"co-accordion--icon no-js:is-hidden\" viewbox=\"0 0 20 20\"><g class=\"icon__group\" fill=\"none\" stroke=\"currentColor\" stroke-linecap=\"round\" stroke-linejoin=\"round\"><line x1=\"3\" y1=\"3\" x2=\"17\" y2=\"17\"><\/line><line x1=\"17\" y1=\"3\" x2=\"3\" y2=\"17\"><\/line><\/g><\/svg>\n\t\t\t\t\t<\/button>\n\t\t\t\t\t<div class=\"co-accordion--panel\t\t\t\t\t\tjs-accord_content\">\n\t\t\t\t\t\t<p><span class=\"bold\">Sound no cobra comisiones por transferencia de saldo.<\/span><\/p>\n<p>Esta es una ventaja clave al considerar Sound Credit Union. La mayor\u00eda de las tarjetas de cr\u00e9dito ofrecen promociones de transferencia de saldo, generalmente con una tasa de inter\u00e9s anual introductoria del 0.001% (TP3T), pero cobran una comisi\u00f3n por transferencia, que suele oscilar entre el 31% y el 51% del monto transferido. Es fundamental revisar cuidadosamente los t\u00e9rminos y condiciones para comprender las comisiones asociadas. Adem\u00e1s, considere si el ahorro potencial en intereses compensa la comisi\u00f3n por transferencia.<\/p>\n\t\t\t\t\t<\/div>\n\t\t\t\t<\/div>\n\t\t\t\t\t\t\t<div class=\"co-accordion--item\">\n\t\t\t\t\t<button\n\t\t\t\t\t\t\t\t\t\t\t\t\tdata-accordid=\"7671\"\n\t\t\t\t\t\t\t\t\t\t\t\tclass=\"co-accordion--header\t\t\t\t\t\t\tjs-accord_toggle\t\t\t\t\t\t\tclosed\"\n\t\t\t\t\t>\n\t\t\t\t\t\t<span class=\"text-md\">\u00bfC\u00f3mo puedo transferir el saldo de mi tarjeta de cr\u00e9dito con una tasa de inter\u00e9s alta a una tarjeta con una tasa de inter\u00e9s m\u00e1s baja en Sound Credit Union?<\/span>\n\t\t\t\t\t\t<svg class=\"co-accordion--icon no-js:is-hidden\" viewbox=\"0 0 20 20\"><g class=\"icon__group\" fill=\"none\" stroke=\"currentColor\" stroke-linecap=\"round\" stroke-linejoin=\"round\"><line x1=\"3\" y1=\"3\" x2=\"17\" y2=\"17\"><\/line><line x1=\"17\" y1=\"3\" x2=\"3\" y2=\"17\"><\/line><\/g><\/svg>\n\t\t\t\t\t<\/button>\n\t\t\t\t\t<div class=\"co-accordion--panel\t\t\t\t\t\tjs-accord_content\">\n\t\t\t\t\t\t<p>Puedes transferir f\u00e1cilmente tus saldos a trav\u00e9s de la banca en l\u00ednea.\u00a0<a href=\"https:\/\/www.soundcuonline.com\/dbank\/live\/app\/ql\/all\/40326ae5e7\" rel=\"noopener\"><strong>ingresarse\u00a0<\/strong><\/a>&gt;\u00a0<strong>Transferir dinero<\/strong>\u00a0&gt;\u00a0<strong>Transferencia de saldo<\/strong><\/p>\n<p>Tambi\u00e9n puede descargar, completar y devolver el formulario de transferencia de saldo para comenzar a transferir saldos de tarjetas con tasas de inter\u00e9s m\u00e1s altas.<\/p>\n<p><span class=\"bold\"><a href=\"https:\/\/www.soundcu.com\/files\/Balance-Transfer-Form.pdf\" target=\"_blank\" rel=\"noopener\">FORMULARIO DE TRANSFERENCIA DE SALDO PDF<\/a><\/span><\/p>\n<p>Necesitar\u00e1s tener a mano la siguiente informaci\u00f3n:<\/p>\n<ul>\n<li>Su n\u00famero de cuenta\/socio de Sound Credit Union<\/li>\n<li>Nombres de las tarjetas\/entidades prestamistas de los saldos que est\u00e1 transfiriendo a Sound, as\u00ed como:\n<ul>\n<li>N\u00famero de cuenta<\/li>\n<li>N\u00famero de tel\u00e9fono de atenci\u00f3n al cliente<\/li>\n<li>Cantidad a transferir<\/li>\n<li>Direcci\u00f3n de pago<\/li>\n<\/ul>\n<\/li>\n<\/ul>\n\t\t\t\t\t<\/div>\n\t\t\t\t<\/div>\n\t\t\t\t\t<\/div>\n\t\t<div class=\"co-accordion--cta\"><p><a href=\"https:\/\/www.soundcu.com\/es\/support\/\">Obt\u00e9n m\u00e1s informaci\u00f3n en nuestra secci\u00f3n de soporte.<\/a><\/p>\n<\/div>\t<\/section>\n\n\t<\/div>\n<\/div>\n\n\n<div class=\"co-flex_row co-flex_row__white co-flex_row__last co-flex_row__disclosures\" >\n\t<div class=\"co-flex_row--row co-row\">\n\t\t\t<div class=\"co-disclosures\">\n\t\t<h2 class=\"co-disclosures--title\">Divulgaciones<\/h2>\n\t\t<div class=\"co-disclosures--content\">\n\t\t\t<div class=\"small-text\">\n<p>\u00b9Se aplican ciertos t\u00e9rminos, condiciones y exclusiones. Consulte su Gu\u00eda de Beneficios para obtener m\u00e1s detalles.<br \/>\nAunque la l\u00ednea de cr\u00e9dito total puede ser mayor, el cr\u00e9dito m\u00e1ximo permitido por tarjeta es de $20,000.<\/p>\n<\/div>\n\t\t<\/div>\n\t<\/div>\n\n\t<\/div>\n<\/div>","protected":false},"excerpt":{"rendered":"","protected":false},"author":9,"featured_media":0,"parent":2371,"menu_order":0,"comment_status":"closed","ping_status":"closed","template":"","meta":{"_acf_changed":false,"content-type":"","_searchwp_excluded":"","footnotes":""},"county":[],"class_list":["post-2372","page","type-page","status-publish","hentry"],"acf":[],"_links":{"self":[{"href":"https:\/\/www.soundcu.com\/es\/wp-json\/wp\/v2\/pages\/2372","targetHints":{"allow":["GET"]}}],"collection":[{"href":"https:\/\/www.soundcu.com\/es\/wp-json\/wp\/v2\/pages"}],"about":[{"href":"https:\/\/www.soundcu.com\/es\/wp-json\/wp\/v2\/types\/page"}],"author":[{"embeddable":true,"href":"https:\/\/www.soundcu.com\/es\/wp-json\/wp\/v2\/users\/9"}],"replies":[{"embeddable":true,"href":"https:\/\/www.soundcu.com\/es\/wp-json\/wp\/v2\/comments?post=2372"}],"version-history":[{"count":6,"href":"https:\/\/www.soundcu.com\/es\/wp-json\/wp\/v2\/pages\/2372\/revisions"}],"predecessor-version":[{"id":17919,"href":"https:\/\/www.soundcu.com\/es\/wp-json\/wp\/v2\/pages\/2372\/revisions\/17919"}],"up":[{"embeddable":true,"href":"https:\/\/www.soundcu.com\/es\/wp-json\/wp\/v2\/pages\/2371"}],"wp:attachment":[{"href":"https:\/\/www.soundcu.com\/es\/wp-json\/wp\/v2\/media?parent=2372"}],"wp:term":[{"taxonomy":"county","embeddable":true,"href":"https:\/\/www.soundcu.com\/es\/wp-json\/wp\/v2\/county?post=2372"}],"curies":[{"name":"wp","href":"https:\/\/api.w.org\/{rel}","templated":true}]}}