{"id":2376,"date":"2023-08-14T18:12:42","date_gmt":"2023-08-15T01:12:42","guid":{"rendered":"https:\/\/www.soundcu.com\/rates\/business\/credit-cards-loans\/"},"modified":"2025-09-17T15:48:12","modified_gmt":"2025-09-17T22:48:12","slug":"credit-cards-loans","status":"publish","type":"page","link":"https:\/\/www.soundcu.com\/es\/business\/credit-cards-loans\/","title":{"rendered":"Tarjetas de cr\u00e9dito y pr\u00e9stamos para empresas"},"content":{"rendered":"<div class=\"co-flex_row co-flex_row__blue co-flex_row__next_row_diff co-flex_row__page-hero co-flex_row__next_row__columns\" >\n\t<div class=\"co-flex_row--row co-row\">\n\t\t\t<header class=\"co-page_hero  co-page_hero__no_image\" aria-label=\"Encabezado: Tarjetas de cr\u00e9dito y pr\u00e9stamos para empresas\">\n\t\t<div class=\"co-page_hero--inner\">\n\t\t\t<div class=\"prow items-center\">\n\t\t\t\t\t\t\t\t<div class=\"co-page_hero--text\">\n\t\t\t\t\t\t\t\t\t\t<h1 class=\"co-page_hero--title\" >Tarjetas de cr\u00e9dito y pr\u00e9stamos para empresas<\/h1>\t\t\t\t\t\t\t\t\t\t\t<div class=\"co-page_hero--buttons\">\n\t\t\t\t\t\t\t<a class=\"co-page_hero--button gtm-button\" href=\"https:\/\/www.soundcu.com\/es\/speed-bump\/?url=https%3A%2F%2Fwww.soundcu.com%2Fbusiness%2Fcredit-cards-loans%2F&#038;prev=https%3A%2F%2Fwww.soundcu.com%2Fes%2Fbusiness%2Fcredit-cards-loans%2F\"  >Tarjetas de cr\u00e9dito empresariales<\/a>\t\t\t\t\t\t<\/div>\n\t\t\t\t\t\t\t\t\t\t<\/div>\n\t\t\t<\/div>\n\t\t<\/div>\n\t<\/header>\n\n\t<\/div>\n<\/div>\n\n\n<div class=\"co-flex_row co-flex_row__white co-flex_row__last co-flex_row__columns\" >\n\t<div class=\"co-flex_row--row co-row\">\n\t\t\t<div class=\"co-columns\">\n\t\t\t\t\t<div class=\"co-columns--row prow prow-md:2 prow-lg:3 justify-center\">\n\t\t\t\t\t\t\t\t\t<div class=\"co-columns--box\">\n\t\t\t\t\t\t<h2 class=\"co-columns--box_headline\" >Bienes ra\u00edces comerciales<\/h2><div class=\"co-columns--box_desc\"><p>\u00bfListo para comprar un nuevo local comercial? Nuestros asesores de pr\u00e9stamos comerciales trabajar\u00e1n contigo de forma personalizada para encontrar la financiaci\u00f3n adecuada para tu propiedad.<\/p>\n<\/div><div class=\"co-columns--box_button\"><a class=\"co-columns--button co-button gtm-button\" href=\"https:\/\/www.soundcu.com\/es\/speed-bump\/?url=https%3A%2F%2Fwww.soundcu.com%2Fbusiness%2Fcommercial-real-estate%2F&#038;prev=https%3A%2F%2Fwww.soundcu.com%2Fes%2Fbusiness%2Fcredit-cards-loans%2F\"  >M\u00e1s informaci\u00f3n<\/a><\/div>\t\t\t\t\t<\/div>\n\t\t\t\t\t\t\t\t\t<div class=\"co-columns--box\">\n\t\t\t\t\t\t<h2 class=\"co-columns--box_headline\" >Pr\u00e9stamos para autom\u00f3viles comerciales<\/h2><div class=\"co-columns--box_desc\"><p>Mantenga su negocio en marcha con un pr\u00e9stamo para veh\u00edculos comerciales. Ofrecemos financiaci\u00f3n para veh\u00edculos especializados de gran tama\u00f1o, as\u00ed como para turismos, camiones y autom\u00f3viles.<\/p>\n<\/div><div class=\"co-columns--box_button\"><a class=\"co-columns--button co-button gtm-button\" href=\"https:\/\/www.soundcu.com\/es\/speed-bump\/?url=https%3A%2F%2Fwww.soundcu.com%2Fbusiness%2Fauto-loans%2F&#038;prev=https%3A%2F%2Fwww.soundcu.com%2Fes%2Fbusiness%2Fcredit-cards-loans%2F\"  >M\u00e1s informaci\u00f3n<\/a><\/div>\t\t\t\t\t<\/div>\n\t\t\t\t\t\t\t\t\t<div class=\"co-columns--box\">\n\t\t\t\t\t\t<h2 class=\"co-columns--box_headline\" >Pr\u00e9stamos para peque\u00f1as empresas<\/h2><div class=\"co-columns--box_desc\"><p>Nuestro <a href=\"https:\/\/www.soundcu.com\/es\/business\/loans\/\">pr\u00e9stamos para peque\u00f1as empresas<\/a> Le ofrecemos una suma global que podr\u00e1 utilizar para financiar compras importantes, realizar mejoras y renovaciones, o aprovechar nuevas oportunidades de negocio.<\/p>\n<\/div><div class=\"co-columns--box_button\"><a class=\"co-columns--button co-button gtm-button\" href=\"https:\/\/www.soundcu.com\/es\/speed-bump\/?url=https%3A%2F%2Fwww.soundcu.com%2Fbusiness%2Floans%2F&#038;prev=https%3A%2F%2Fwww.soundcu.com%2Fes%2Fbusiness%2Fcredit-cards-loans%2F\"  >M\u00e1s informaci\u00f3n<\/a><\/div>\t\t\t\t\t<\/div>\n\t\t\t\t\t\t\t<\/div>\n\t\t\t\t<\/div>\n\n\t<\/div>\n<\/div>","protected":false},"excerpt":{"rendered":"","protected":false},"author":9,"featured_media":0,"parent":2364,"menu_order":0,"comment_status":"closed","ping_status":"closed","template":"","meta":{"_acf_changed":false,"content-type":"","_searchwp_excluded":"","footnotes":""},"county":[],"class_list":["post-2376","page","type-page","status-publish","hentry"],"acf":[],"_links":{"self":[{"href":"https:\/\/www.soundcu.com\/es\/wp-json\/wp\/v2\/pages\/2376","targetHints":{"allow":["GET"]}}],"collection":[{"href":"https:\/\/www.soundcu.com\/es\/wp-json\/wp\/v2\/pages"}],"about":[{"href":"https:\/\/www.soundcu.com\/es\/wp-json\/wp\/v2\/types\/page"}],"author":[{"embeddable":true,"href":"https:\/\/www.soundcu.com\/es\/wp-json\/wp\/v2\/users\/9"}],"replies":[{"embeddable":true,"href":"https:\/\/www.soundcu.com\/es\/wp-json\/wp\/v2\/comments?post=2376"}],"version-history":[{"count":3,"href":"https:\/\/www.soundcu.com\/es\/wp-json\/wp\/v2\/pages\/2376\/revisions"}],"predecessor-version":[{"id":16936,"href":"https:\/\/www.soundcu.com\/es\/wp-json\/wp\/v2\/pages\/2376\/revisions\/16936"}],"up":[{"embeddable":true,"href":"https:\/\/www.soundcu.com\/es\/wp-json\/wp\/v2\/pages\/2364"}],"wp:attachment":[{"href":"https:\/\/www.soundcu.com\/es\/wp-json\/wp\/v2\/media?parent=2376"}],"wp:term":[{"taxonomy":"county","embeddable":true,"href":"https:\/\/www.soundcu.com\/es\/wp-json\/wp\/v2\/county?post=2376"}],"curies":[{"name":"wp","href":"https:\/\/api.w.org\/{rel}","templated":true}]}}