{"id":2382,"date":"2023-08-14T18:12:43","date_gmt":"2023-08-15T01:12:43","guid":{"rendered":"https:\/\/www.soundcu.com\/rates\/business\/services\/"},"modified":"2024-03-13T13:44:26","modified_gmt":"2024-03-13T20:44:26","slug":"services","status":"publish","type":"page","link":"https:\/\/www.soundcu.com\/es\/business\/services\/","title":{"rendered":"Servicios empresariales"},"content":{"rendered":"<div class=\"co-flex_row co-flex_row__blue co-flex_row__page-hero co-flex_row__next_row__columns\" >\n\t<div class=\"co-flex_row--row co-row\">\n\t\t\t<header class=\"co-page_hero  co-page_hero__no_image\" aria-label=\"Encabezado: Servicios empresariales\">\n\t\t<div class=\"co-page_hero--inner\">\n\t\t\t<div class=\"prow items-center\">\n\t\t\t\t\t\t\t\t<div class=\"co-page_hero--text\">\n\t\t\t\t\t\t\t\t\t\t<h1 class=\"co-page_hero--title\" >Servicios empresariales<\/h1>\t\t\t\t\t\t\t\t\t<\/div>\n\t\t\t<\/div>\n\t\t<\/div>\n\t<\/header>\n\n\t<\/div>\n<\/div>\n\n\n<div class=\"co-flex_row co-flex_row__blue co-flex_row__last co-flex_row__columns\" >\n\t<div class=\"co-flex_row--row co-row\">\n\t\t\t<div class=\"co-columns\">\n\t\t\t\t\t<div class=\"co-columns--row prow prow-md:2 prow-lg:3 justify-center\">\n\t\t\t\t\t\t\t\t\t<div class=\"co-columns--box\">\n\t\t\t\t\t\t<h2 class=\"co-columns--box_headline\" >Banca en l\u00ednea para empresas<\/h2><div class=\"co-columns--box_desc\"><p>Acceso seguro y c\u00f3modo a las finanzas de su empresa desde cualquier dispositivo. Aproveche los dep\u00f3sitos m\u00f3viles, los servicios ACH y mucho m\u00e1s.<\/p>\n<\/div><div class=\"co-columns--box_button\"><a class=\"co-columns--button co-button gtm-button\" href=\"https:\/\/www.soundcu.com\/es\/speed-bump\/?url=https%3A%2F%2Fwww.soundcu.com%2Fbusiness%2Fonline-banking%2F&#038;prev=https%3A%2F%2Fwww.soundcu.com%2Fes%2Fbusiness%2Fservices%2F\"  >M\u00e1s informaci\u00f3n<\/a><\/div>\t\t\t\t\t<\/div>\n\t\t\t\t\t\t\t\t\t<div class=\"co-columns--box\">\n\t\t\t\t\t\t<h2 class=\"co-columns--box_headline\" >Servicios bancarios para empresas<\/h2><div class=\"co-columns--box_desc\"><p>Nuestro equipo de Servicios Empresariales est\u00e1 cerca y comprometido a ayudarle a crecer con una gama completa de servicios que incluyen servicios de n\u00f3mina, procesamiento de pagos y mucho m\u00e1s.<\/p>\n<\/div><div class=\"co-columns--box_button\"><a class=\"co-columns--button co-button gtm-button\" href=\"https:\/\/www.soundcu.com\/es\/speed-bump\/?url=https%3A%2F%2Fwww.soundcu.com%2Fbusiness%2Fbanking-services%2F&#038;prev=https%3A%2F%2Fwww.soundcu.com%2Fes%2Fbusiness%2Fservices%2F\"  >M\u00e1s informaci\u00f3n<\/a><\/div>\t\t\t\t\t<\/div>\n\t\t\t\t\t\t\t\t\t<div class=\"co-columns--box\">\n\t\t\t\t\t\t<h2 class=\"co-columns--box_headline\" >Banca empresarial con sonido<\/h2><div class=\"co-columns--box_desc\"><p>Estamos aqu\u00ed para ayudarte a que tu negocio sea un \u00e9xito. Descubre nuestras cuentas y servicios para empresas locales.<\/p>\n<\/div><div class=\"co-columns--box_button\"><a class=\"co-columns--button co-button gtm-button\" href=\"https:\/\/www.soundcu.com\/es\/speed-bump\/?url=https%3A%2F%2Fwww.soundcu.com%2Fbusiness%2Fbanking-with-sound%2F&#038;prev=https%3A%2F%2Fwww.soundcu.com%2Fes%2Fbusiness%2Fservices%2F\"  >M\u00e1s informaci\u00f3n<\/a><\/div>\t\t\t\t\t<\/div>\n\t\t\t\t\t\t\t<\/div>\n\t\t\t\t<\/div>\n\n\t<\/div>\n<\/div>","protected":false},"excerpt":{"rendered":"","protected":false},"author":9,"featured_media":0,"parent":2364,"menu_order":0,"comment_status":"closed","ping_status":"closed","template":"","meta":{"_acf_changed":false,"content-type":"","_searchwp_excluded":"","footnotes":""},"county":[],"class_list":["post-2382","page","type-page","status-publish","hentry"],"acf":[],"_links":{"self":[{"href":"https:\/\/www.soundcu.com\/es\/wp-json\/wp\/v2\/pages\/2382","targetHints":{"allow":["GET"]}}],"collection":[{"href":"https:\/\/www.soundcu.com\/es\/wp-json\/wp\/v2\/pages"}],"about":[{"href":"https:\/\/www.soundcu.com\/es\/wp-json\/wp\/v2\/types\/page"}],"author":[{"embeddable":true,"href":"https:\/\/www.soundcu.com\/es\/wp-json\/wp\/v2\/users\/9"}],"replies":[{"embeddable":true,"href":"https:\/\/www.soundcu.com\/es\/wp-json\/wp\/v2\/comments?post=2382"}],"version-history":[{"count":1,"href":"https:\/\/www.soundcu.com\/es\/wp-json\/wp\/v2\/pages\/2382\/revisions"}],"predecessor-version":[{"id":10475,"href":"https:\/\/www.soundcu.com\/es\/wp-json\/wp\/v2\/pages\/2382\/revisions\/10475"}],"up":[{"embeddable":true,"href":"https:\/\/www.soundcu.com\/es\/wp-json\/wp\/v2\/pages\/2364"}],"wp:attachment":[{"href":"https:\/\/www.soundcu.com\/es\/wp-json\/wp\/v2\/media?parent=2382"}],"wp:term":[{"taxonomy":"county","embeddable":true,"href":"https:\/\/www.soundcu.com\/es\/wp-json\/wp\/v2\/county?post=2382"}],"curies":[{"name":"wp","href":"https:\/\/api.w.org\/{rel}","templated":true}]}}