{"id":2386,"date":"2023-08-14T18:12:43","date_gmt":"2023-08-15T01:12:43","guid":{"rendered":"https:\/\/www.soundcu.com\/rates\/business\/apply-for-loan\/"},"modified":"2023-12-19T13:29:51","modified_gmt":"2023-12-19T21:29:51","slug":"apply-for-loan","status":"publish","type":"page","link":"https:\/\/www.soundcu.com\/es\/business\/apply-for-loan\/","title":{"rendered":"Solicita un pr\u00e9stamo comercial"},"content":{"rendered":"<div class=\"co-flex_row co-flex_row__blue co-flex_row__page-hero co-flex_row__next_row__columns\" >\n\t<div class=\"co-flex_row--row co-row\">\n\t\t\t<header class=\"co-page_hero  co-page_hero__has_image\" aria-label=\"Encabezado: Solicitar un pr\u00e9stamo comercial\">\n\t\t<div class=\"co-page_hero--inner\">\n\t\t\t<div class=\"prow items-center\">\n\t\t\t\t\t\t\t\t\t<div class=\"co-page_hero--img_wrap pcol-lg:6 pcol-xl:7\">\n\t\t\t\t\t\t<div class=\"co-page_hero--mask\"><svg width=\"997.021\" height=\"609.682\" viewbox=\"0 0 997.021 609.682\"><defs><clippath id=\"svgPathHero\"><path d=\"M299.014.148H0V609.681H299.014c480.632.192,698.007-296.752,698.007-296.752C691.761-16.846,299.014.148,299.014.148\"\/><\/clippath><\/defs><image id=\"image_69efb1789ada8\" xlink:href=\"https:\/\/www.soundcu.com\/files\/hero-image-840x514.jpg\" src=\"https:\/\/www.soundcu.com\/files\/hero-image-840x514.jpg\" clip-path=\"url(#svgPathHero)\"  alt=\"hero-image\" \/><\/svg><\/div>\t\t\t\t\t<\/div>\n\t\t\t\t\t\t\t\t<div class=\"co-page_hero--text pcol-lg:6 pcol-xl:5\">\n\t\t\t\t\t\t\t\t\t\t<h1 class=\"co-page_hero--title\" >Solicita un pr\u00e9stamo comercial<\/h1>\t\t\t\t\t<p class=\"co-page_hero--tagline\">Encuentra el pr\u00e9stamo que necesitas y solic\u00edtalo en minutos.<\/p>\t\t\t\t<\/div>\n\t\t\t<\/div>\n\t\t<\/div>\n\t<\/header>\n\n\t<\/div>\n<\/div>\n\n\n<div class=\"co-flex_row co-flex_row__blue co-flex_row__last co-flex_row__columns\" >\n\t<div class=\"co-flex_row--row co-row\">\n\t\t\t<div class=\"co-columns\">\n\t\t\t\t\t<div class=\"co-columns--row prow prow-md:2 prow-lg:3 justify-center\">\n\t\t\t\t\t\t\t\t\t<div class=\"co-columns--box\">\n\t\t\t\t\t\t<h2 class=\"co-columns--box_headline\" >Negocios \u2265 $500,000+<\/h2><div class=\"co-columns--box_desc\"><p>P\u00f3ngase en contacto con un asesor de pr\u00e9stamos comerciales para analizar y encontrar la mejor soluci\u00f3n de financiaci\u00f3n para las necesidades de su negocio.<\/p>\n<\/div><div class=\"co-columns--box_button\"><a class=\"co-columns--button co-button gtm-button\" href=\"https:\/\/www.soundcu.com\/es\/speed-bump\/?url=https%3A%2F%2Fwww.soundcu.com%2Fbusiness%2Floans%2F%23contact&#038;prev=https%3A%2F%2Fwww.soundcu.com%2Fes%2Fbusiness%2Fapply-for-loan%2F\"  >Solicita ahora<\/a><\/div>\t\t\t\t\t<\/div>\n\t\t\t\t\t\t\t\t\t<div class=\"co-columns--box\">\n\t\t\t\t\t\t<h2 class=\"co-columns--box_headline\" >Pr\u00e9stamos comerciales $50,000 \u2013 $500,000<\/h2><div class=\"co-columns--box_desc\"><p>Adquiera nuevos equipos, financie la expansi\u00f3n o adquisici\u00f3n de su negocio, o refinancie una deuda para llevar su empresa al siguiente nivel.<\/p>\n<\/div><div class=\"co-columns--box_button\"><a class=\"co-columns--button co-button gtm-button\" href=\"https:\/\/soundcu.onlineportalnow.com\/#\/login\" rel=\"noopener\">Solicita ahora<\/a><\/div>\t\t\t\t\t<\/div>\n\t\t\t\t\t\t\t\t\t<div class=\"co-columns--box\">\n\t\t\t\t\t\t<h2 class=\"co-columns--box_headline\" >Pr\u00e9stamos comerciales de hasta $49,999<\/h2><div class=\"co-columns--box_desc\"><p>Tarjetas de cr\u00e9dito empresariales, veh\u00edculos, l\u00edneas de cr\u00e9dito y pr\u00e9stamos a plazo para mantener sus gastos bajo control y darle a su empresa poder adquisitivo.<\/p>\n<\/div><div class=\"co-columns--box_button\"><a class=\"co-columns--button co-button gtm-button\" href=\"https:\/\/app.loanspq.com\/apply.aspx?lenderref=soundcu082521&#038;list=BL&#038;_gl=1*y4v8so*_ga*MTA1MzQyMDc1My4xNjgzMDU4MTM2*_ga_FR6440DWJ8*MTcwMzAxODM2MS4xMTUuMS4xNzAzMDIwOTY4LjI5LjAuMA..&#038;_ga=2.150521078.1105713255.1702934666-1053420753.1683058136\" rel=\"noopener\">Solicita ahora<\/a><\/div>\t\t\t\t\t<\/div>\n\t\t\t\t\t\t\t<\/div>\n\t\t\t\t<\/div>\n\n\t<\/div>\n<\/div>","protected":false},"excerpt":{"rendered":"","protected":false},"author":9,"featured_media":0,"parent":2364,"menu_order":0,"comment_status":"closed","ping_status":"closed","template":"","meta":{"_acf_changed":false,"content-type":"","_searchwp_excluded":"","footnotes":""},"county":[],"class_list":["post-2386","page","type-page","status-publish","hentry"],"acf":[],"_links":{"self":[{"href":"https:\/\/www.soundcu.com\/es\/wp-json\/wp\/v2\/pages\/2386","targetHints":{"allow":["GET"]}}],"collection":[{"href":"https:\/\/www.soundcu.com\/es\/wp-json\/wp\/v2\/pages"}],"about":[{"href":"https:\/\/www.soundcu.com\/es\/wp-json\/wp\/v2\/types\/page"}],"author":[{"embeddable":true,"href":"https:\/\/www.soundcu.com\/es\/wp-json\/wp\/v2\/users\/9"}],"replies":[{"embeddable":true,"href":"https:\/\/www.soundcu.com\/es\/wp-json\/wp\/v2\/comments?post=2386"}],"version-history":[{"count":0,"href":"https:\/\/www.soundcu.com\/es\/wp-json\/wp\/v2\/pages\/2386\/revisions"}],"up":[{"embeddable":true,"href":"https:\/\/www.soundcu.com\/es\/wp-json\/wp\/v2\/pages\/2364"}],"wp:attachment":[{"href":"https:\/\/www.soundcu.com\/es\/wp-json\/wp\/v2\/media?parent=2386"}],"wp:term":[{"taxonomy":"county","embeddable":true,"href":"https:\/\/www.soundcu.com\/es\/wp-json\/wp\/v2\/county?post=2386"}],"curies":[{"name":"wp","href":"https:\/\/api.w.org\/{rel}","templated":true}]}}