{"id":2388,"date":"2023-08-14T18:12:43","date_gmt":"2023-08-15T01:12:43","guid":{"rendered":"https:\/\/www.soundcu.com\/resources\/"},"modified":"2024-05-24T14:07:45","modified_gmt":"2024-05-24T21:07:45","slug":"resources","status":"publish","type":"page","link":"https:\/\/www.soundcu.com\/es\/resources\/","title":{"rendered":"Recursos"},"content":{"rendered":"<div class=\"co-flex_row co-flex_row__blue co-flex_row__page-hero co-flex_row__next_row__columns\" >\n\t<div class=\"co-flex_row--row co-row\">\n\t\t\t<header class=\"co-page_hero  co-page_hero__no_image\" aria-label=\"Encabezado: Recursos\">\n\t\t<div class=\"co-page_hero--inner\">\n\t\t\t<div class=\"prow items-center\">\n\t\t\t\t\t\t\t\t<div class=\"co-page_hero--text\">\n\t\t\t\t\t\t\t\t\t\t<h1 class=\"co-page_hero--title\" >Recursos<\/h1>\t\t\t\t\t\t\t\t\t<\/div>\n\t\t\t<\/div>\n\t\t<\/div>\n\t<\/header>\n\n\t<\/div>\n<\/div>\n\n\n<div class=\"co-flex_row co-flex_row__blue co-flex_row__last co-flex_row__columns\" >\n\t<div class=\"co-flex_row--row co-row\">\n\t\t\t<div class=\"co-columns\">\n\t\t\t\t\t<div class=\"co-columns--row prow prow-md:2 prow-lg:5 justify-center\">\n\t\t\t\t\t\t\t\t\t<div class=\"co-columns--box\">\n\t\t\t\t\t\t<h2 class=\"co-columns--box_headline\" >Educaci\u00f3n financiera<\/h2><div class=\"co-columns--box_desc\"><p>Explora nuestros recursos para obtener informaci\u00f3n experta y consejos pr\u00e1cticos que te ayudar\u00e1n a administrar, ahorrar y hacer crecer tu dinero de forma inteligente. Comienza hoy mismo tu camino hacia la educaci\u00f3n financiera.<\/p>\n<\/div><div class=\"co-columns--box_button\"><a class=\"co-columns--button co-button gtm-button\" href=\"https:\/\/www.soundcu.com\/es\/speed-bump\/?url=https%3A%2F%2Fwww.soundcu.com%2Ffinancial-education%2F&#038;prev=https%3A%2F%2Fwww.soundcu.com%2Fes%2Fresources%2F\"  >M\u00e1s informaci\u00f3n<\/a><\/div>\t\t\t\t\t<\/div>\n\t\t\t\t\t\t\t\t\t<div class=\"co-columns--box\">\n\t\t\t\t\t\t<h2 class=\"co-columns--box_headline\" >Blog<\/h2><div class=\"co-columns--box_desc\"><p>Mantente informado e inspirado con los \u00faltimos consejos, historias y recomendaciones para administrar tus finanzas. Ya sea que est\u00e9s comprando una casa, ahorrando para la universidad o planificando tu jubilaci\u00f3n, nuestro blog tiene algo para todos.<\/p>\n<\/div><div class=\"co-columns--box_button\"><a class=\"co-columns--button co-button gtm-button\" href=\"https:\/\/www.soundcu.com\/es\/speed-bump\/?url=https%3A%2F%2Fwww.soundcu.com%2Fblog%2F&#038;prev=https%3A%2F%2Fwww.soundcu.com%2Fes%2Fresources%2F\"  >Visita el blog<\/a><\/div>\t\t\t\t\t<\/div>\n\t\t\t\t\t\t\t\t\t<div class=\"co-columns--box\">\n\t\t\t\t\t\t<h2 class=\"co-columns--box_headline\" >Noticias<\/h2><div class=\"co-columns--box_desc\"><p>Visite nuestra p\u00e1gina de noticias para obtener informaci\u00f3n actualizada sobre los servicios de Sound Credit Union, nuestra participaci\u00f3n en la comunidad y las novedades financieras importantes.<\/p>\n<\/div><div class=\"co-columns--box_button\"><a class=\"co-columns--button co-button gtm-button\" href=\"https:\/\/www.soundcu.com\/es\/speed-bump\/?url=https%3A%2F%2Fwww.soundcu.com%2Fnews%2F&#038;prev=https%3A%2F%2Fwww.soundcu.com%2Fes%2Fresources%2F\"  >Ver noticias recientes<\/a><\/div>\t\t\t\t\t<\/div>\n\t\t\t\t\t\t\t\t\t<div class=\"co-columns--box\">\n\t\t\t\t\t\t<h2 class=\"co-columns--box_headline\" >Eventos y talleres<\/h2><div class=\"co-columns--box_desc\"><p>Consulta nuestros eventos y talleres para aprender, participar y crecer. Desde talleres de educaci\u00f3n financiera hasta encuentros comunitarios, organizamos diversos eventos para apoyarte.<\/p>\n<\/div><div class=\"co-columns--box_button\"><a class=\"co-columns--button co-button gtm-button\" href=\"https:\/\/www.soundcu.com\/es\/speed-bump\/?url=https%3A%2F%2Fwww.soundcu.com%2Fevents-workshops%2F&#038;prev=https%3A%2F%2Fwww.soundcu.com%2Fes%2Fresources%2F\"  >Ver eventos actuales<\/a><\/div>\t\t\t\t\t<\/div>\n\t\t\t\t\t\t\t\t\t<div class=\"co-columns--box\">\n\t\t\t\t\t\t<h2 class=\"co-columns--box_headline\" >Calculadoras<\/h2><div class=\"co-columns--box_desc\"><p>Ya sea que est\u00e9 calculando una hipoteca, presupuestando un auto nuevo o planificando sus ahorros para la jubilaci\u00f3n, nuestras herramientas f\u00e1ciles de usar pueden ayudarle.<\/p>\n<\/div><div class=\"co-columns--box_button\"><a class=\"co-columns--button co-button gtm-button\" href=\"https:\/\/www.soundcu.com\/es\/speed-bump\/?url=https%3A%2F%2Fwww.soundcu.com%2Fblog%2Fcategory%2Ftools-advice%2Fcalculators%2F&#038;prev=https%3A%2F%2Fwww.soundcu.com%2Fes%2Fresources%2F\"  >Encuentra una calculadora<\/a><\/div>\t\t\t\t\t<\/div>\n\t\t\t\t\t\t\t<\/div>\n\t\t\t\t<\/div>\n\n\t<\/div>\n<\/div>","protected":false},"excerpt":{"rendered":"","protected":false},"author":9,"featured_media":0,"parent":0,"menu_order":0,"comment_status":"closed","ping_status":"closed","template":"","meta":{"_acf_changed":false,"content-type":"","_searchwp_excluded":"","footnotes":""},"county":[],"class_list":["post-2388","page","type-page","status-publish","hentry"],"acf":[],"_links":{"self":[{"href":"https:\/\/www.soundcu.com\/es\/wp-json\/wp\/v2\/pages\/2388","targetHints":{"allow":["GET"]}}],"collection":[{"href":"https:\/\/www.soundcu.com\/es\/wp-json\/wp\/v2\/pages"}],"about":[{"href":"https:\/\/www.soundcu.com\/es\/wp-json\/wp\/v2\/types\/page"}],"author":[{"embeddable":true,"href":"https:\/\/www.soundcu.com\/es\/wp-json\/wp\/v2\/users\/9"}],"replies":[{"embeddable":true,"href":"https:\/\/www.soundcu.com\/es\/wp-json\/wp\/v2\/comments?post=2388"}],"version-history":[{"count":1,"href":"https:\/\/www.soundcu.com\/es\/wp-json\/wp\/v2\/pages\/2388\/revisions"}],"predecessor-version":[{"id":11604,"href":"https:\/\/www.soundcu.com\/es\/wp-json\/wp\/v2\/pages\/2388\/revisions\/11604"}],"wp:attachment":[{"href":"https:\/\/www.soundcu.com\/es\/wp-json\/wp\/v2\/media?parent=2388"}],"wp:term":[{"taxonomy":"county","embeddable":true,"href":"https:\/\/www.soundcu.com\/es\/wp-json\/wp\/v2\/county?post=2388"}],"curies":[{"name":"wp","href":"https:\/\/api.w.org\/{rel}","templated":true}]}}