{"id":2390,"date":"2023-08-14T18:12:44","date_gmt":"2023-08-15T01:12:44","guid":{"rendered":"https:\/\/www.soundcu.com\/financial-education\/wellness\/"},"modified":"2025-06-12T15:02:44","modified_gmt":"2025-06-12T22:02:44","slug":"wellness","status":"publish","type":"page","link":"https:\/\/www.soundcu.com\/es\/financial-education\/wellness\/","title":{"rendered":"Bienestar financiero"},"content":{"rendered":"<div class=\"co-flex_row co-flex_row__blue co-flex_row__page-hero co-flex_row__next_row__page-intro\" >\n\t<div class=\"co-flex_row--row co-row\">\n\t\t\t<header class=\"co-page_hero  co-page_hero__has_image\" aria-label=\"Encabezado: Asesoramiento financiero gratuito\">\n\t\t<div class=\"co-page_hero--inner\">\n\t\t\t<div class=\"prow items-center\">\n\t\t\t\t\t\t\t\t\t<div class=\"co-page_hero--img_wrap pcol-lg:6 pcol-xl:7\">\n\t\t\t\t\t\t<div class=\"co-page_hero--mask\"><svg width=\"997.021\" height=\"609.682\" viewbox=\"0 0 997.021 609.682\"><defs><clippath id=\"svgPathHero\"><path d=\"M299.014.148H0V609.681H299.014c480.632.192,698.007-296.752,698.007-296.752C691.761-16.846,299.014.148,299.014.148\"\/><\/clippath><\/defs><image id=\"image_69e932054b6ad\" xlink:href=\"https:\/\/www.soundcu.com\/files\/iStock-491963574_997x610.jpg\" src=\"https:\/\/www.soundcu.com\/files\/iStock-491963574_997x610.jpg\" clip-path=\"url(#svgPathHero)\"  alt=\"financial wellness\" \/><\/svg><\/div>\t\t\t\t\t<\/div>\n\t\t\t\t\t\t\t\t<div class=\"co-page_hero--text pcol-lg:6 pcol-xl:5\">\n\t\t\t\t\t\t\t\t\t\t\t<h1 class=\"co-page_hero--sup_heading\">\n\t\t\t\t\t\t\tBienestar financiero de GreenPath\t\t\t\t\t\t<\/h1>\n\t\t\t\t\t\t\t\t\t\t<h2 class=\"co-page_hero--title\" >Asesoramiento financiero gratuito<\/h2>\t\t\t\t\t<p class=\"co-page_hero--tagline\">Tu camino hacia un futuro financiero exitoso.<\/p>\t\t\t\t\t\t<div class=\"co-page_hero--buttons\">\n\t\t\t\t\t\t\t<a class=\"co-page_hero--button gtm-button\" href=\"https:\/\/www.soundcu.com\/es\/speed-bump\/?url=https%3A%2F%2Fwww.greenpath.com%2Fsoundcu&#038;prev=https%3A%2F%2Fwww.soundcu.com%2Fes%2Ffinancial-education%2Fwellness%2F\"  >Contacta con GreenPath<\/a>\t\t\t\t\t\t<\/div>\n\t\t\t\t\t\t\t\t\t\t<\/div>\n\t\t\t<\/div>\n\t\t<\/div>\n\t<\/header>\n\n\t<\/div>\n<\/div>\n\n\n<div class=\"co-flex_row co-flex_row__blue co-flex_row__page-intro co-flex_row__next_row__columns\" >\n\t<div class=\"co-flex_row--row co-row\">\n\t\t\t<div class=\"co-page_intro\">\n\t\t<h2 class=\"co-page_intro--title\">Tu camino hacia un futuro financiero brillante comienza aqu\u00ed.<\/h2><div class=\"co-page_intro--desc\"><p><a href=\"https:\/\/www.soundcu.com\/es\/\">Sound Credit Union<\/a> se enorgullece de colaborar con <a href=\"https:\/\/www.greenpath.com\/soundcu\" rel=\"noopener\">Bienestar financiero de GreenPath<\/a> Proporcionar a los miembros acceso a asesoramiento financiero personalizado, servicios de gesti\u00f3n de deudas y herramientas de educaci\u00f3n financiera.<\/p>\n<\/div>\t<\/div>\n\n\t<\/div>\n<\/div>\n\n\n<div class=\"co-flex_row co-flex_row__blue co-flex_row__columns co-flex_row__next_row__multi-path-cta\" >\n\t<div class=\"co-flex_row--row co-row\">\n\t\t\t<div class=\"co-columns\">\n\t\t\t\t<header class=\"co-intro_text\">\n\t\t\t<h2 class=\"co-intro_text--title\">GreenPath es gratuito, sin presiones y 100% confidencial.<\/h2><div class=\"co-intro_text--intro\"><p>Como organizaci\u00f3n nacional sin \u00e1nimo de lucro, GreenPath lleva casi 60 a\u00f1os ayudando a personas de todo el pa\u00eds y trabajar\u00e1 con usted para ofrecerle las mejores opciones posibles en funci\u00f3n de su situaci\u00f3n financiera individual.<\/p>\n<\/div>\t\t<\/header>\n\t\t\t\t<div class=\"co-columns--row prow prow-md:2 prow-lg:5 co-columns--row__icons justify-center\">\n\t\t\t\t\t\t\t\t\t<div class=\"co-columns--box\">\n\t\t\t\t\t\t\t<svg\n\t\tclass=\"co-columns--box_icon IconIndividualLaptop\"\n\t\tviewbox=\"0 0 85.872 71.489\"\n\t\twidth=\"85.872\"\n\t\theight=\"71.489\"\n\t>\n\t\t<title>Individual at Laptop<\/title>\n\t\tclase=\u201denvoltorio\u201d&gt;\n\t<g transform=\"translate(-207.488 -1174.48)\">\n\t\t\t<path d=\"M121.523,4913.954v-23.128a1.836,1.836,0,0,1,1.831-1.831H158.66a1.836,1.836,0,0,1,1.831,1.831v23.128a1.811,1.811,0,0,1-.105.6h4.081c5.488-1.176,8.523-5.552,6.923-10.672q-1.968-6.874-3.937-13.749c-1.862-5.959-7.252-12.063-12.074-12.938a88.325,88.325,0,0,0-28.743,0c-4.823.875-10.212,6.981-12.074,12.938l-3.937,13.749c-1.6,5.12,1.439,9.5,6.925,10.672h4.079a1.807,1.807,0,0,1-.105-.6\" transform=\"translate(102.012 -3672.251)\" fill=\"#00205b\"\/>\n\t\t\t<path d=\"M217.346,4758.293h0a10.788,10.788,0,0,0,10.756-10.757v-6.088a10.788,10.788,0,0,0-10.756-10.756h0a10.788,10.788,0,0,0-10.756,10.756v6.088a10.788,10.788,0,0,0,10.756,10.757\" transform=\"translate(25.049 -3556.212)\" fill=\"#00205b\"\/>\n\t\t\t<path d=\"M205.35,4942.218a1.836,1.836,0,0,0-1.831-1.831H168.214a1.836,1.836,0,0,0-1.831,1.831v23.128a1.806,1.806,0,0,0,.105.6h38.757a1.805,1.805,0,0,0,.105-.6Z\" transform=\"translate(57.152 -3723.643)\" fill=\"#efc025\"\/>\n\t\t\t<path d=\"M145.759,5067.22H86.769v3.662h85.872v-3.662Z\" transform=\"translate(120.719 -3824.912)\" fill=\"#1f79af\"\/>\n\t<\/g>\n\t<\/symbol>\t<\/svg>\n<h3 class=\"co-columns--box_headline\" >Asesoramiento financiero<\/h3><div class=\"co-columns--box_desc\"><p>Tienes acceso a asesoramiento financiero y de deudas gratuito y personalizado, brindado por expertos certificados y comprometidos. Te ayudar\u00e1n a comprender tu situaci\u00f3n, conocer tus opciones y elaborar un plan para alcanzar tus metas.<\/p>\n<\/div><div class=\"co-columns--box_button\"><\/div>\t\t\t\t\t<\/div>\n\t\t\t\t\t\t\t\t\t<div class=\"co-columns--box\">\n\t\t\t\t\t\t\t<svg\n\t\tclass=\"co-columns--box_icon IconBook\"\n\t\tviewbox=\"0 0 66.893 71.829\"\n\t\twidth=\"66.893\"\n\t\theight=\"71.829\"\n\t>\n\t\t<title>Book<\/title>\n\t\tclase=\u201denvoltorio\u201d&gt;\n\t<g transform=\"translate(-777.054 -626.428)\">\n\t\t\t<path d=\"M3012.735,2026.061h-32.917v65.972h32.917a1.466,1.466,0,0,0,1.461-1.468v-63.037a1.466,1.466,0,0,0-1.461-1.468m-4.632,24.8h-23.408v-14.414H3008.1Z\" transform=\"translate(-2189.23 -1396.705)\" fill=\"#1f79af\"\/>\n\t\t\t<path d=\"M2959.118,2011.53h-43.892v6.785h-2.559v2.929h2.559v3.219h-2.559v2.929h2.559v3.219h-2.559v2.929h2.559v3.219h-2.559v2.929h2.559v3.219h-2.559v2.929h2.559v3.219h-2.559v2.929h2.559v3.218h-2.559v2.929h2.559v3.219h-2.559v2.929h2.559v3.219h-2.559v2.929h2.559v3.219h-2.559v2.928h2.559v6.785h43.892a4.4,4.4,0,0,0,4.39-4.4v-63.037a4.4,4.4,0,0,0-4.39-4.4m-35.845,68.9h-5.118v-3.856h2.8v-2.928h-2.8v-3.219h2.8V2067.5h-2.8v-3.219h2.8v-2.929h-2.8v-3.219h2.8V2055.2h-2.8v-3.218h2.8v-2.929h-2.8v-3.219h2.8v-2.929h-2.8v-3.219h2.8v-2.929h-2.8v-3.219h2.8v-2.929h-2.8v-3.219h2.8v-2.929h-2.8v-3.219h2.8v-2.929h-2.8v-3.856h5.118Zm37.307-1.468a1.466,1.466,0,0,1-1.461,1.468H2926.2v-65.972h32.916a1.466,1.466,0,0,1,1.461,1.468Z\" transform=\"translate(-2135.613 -1385.102)\" fill=\"#00205b\"\/>\n\t\t\t<rect width=\"16.336\" height=\"2.929\" transform=\"translate(799.122 645.485)\" fill=\"#efc025\"\/>\n\t\t\t<path d=\"M3203.063,2334.719h-2.928v2.828a2.1,2.1,0,0,0,2.106,2.1h4.564a2.105,2.105,0,0,0,2.11-2.1v-2.828h-5.853Z\" transform=\"translate(-2365.141 -1643.152)\" fill=\"#1f79af\"\/>\n\t\t\t<path d=\"M3206.075,2035.553c-.993-.815-2.262-1.86-3.261-2.689l-3.531,7.9v46.417h9.125v-46.417Z\" transform=\"translate(-2364.461 -1402.137)\" fill=\"#00205b\"\/>\n\t\t\t<path d=\"M3199.273,2309h9.125V2302.5h-9.125Z\" transform=\"translate(-2364.453 -1617.43)\" fill=\"#efc025\"\/>\n\t\t\t<path d=\"M3217.826,2021.461l-1.027,2.3c1,.83,2.268,1.874,3.262,2.689Z\" transform=\"translate(-2378.447 -1393.032)\" fill=\"#1f79af\"\/>\n\t<\/g>\n\t<\/symbol>\t<\/svg>\n<h3 class=\"co-columns--box_headline\" >Servicios de gesti\u00f3n de deudas<\/h3><div class=\"co-columns--box_desc\"><p>Si tiene deudas de tarjetas de cr\u00e9dito con intereses altos, un plan de gesti\u00f3n de deudas de GreenPath puede ayudarle a reducir sus tasas de inter\u00e9s para que pueda pagar sus deudas m\u00e1s r\u00e1pidamente.<\/p>\n<\/div><div class=\"co-columns--box_button\"><\/div>\t\t\t\t\t<\/div>\n\t\t\t\t\t\t\t\t\t<div class=\"co-columns--box\">\n\t\t\t\t\t\t\t<svg\n\t\tclass=\"co-columns--box_icon IconLightBulb\"\n\t\tviewbox=\"0 0 46.439 72.783\"\n\t\twidth=\"46.439\"\n\t\theight=\"72.783\"\n\t>\n\t\t<title>Light Bulb<\/title>\n\t\tclase=\u201denvoltorio\u201d&gt;\n\t<g transform=\"translate(-314.012 -1005.859)\">\n\t\t\t<path d=\"M626,3921.867l3.468-.624.151.842,1.8.9,2.754-1.372h1.571l2.755,1.372,2.756-1.372h1.57l2.762,1.373,1.806-.9.151-.841,3.468.623-4.284,23.836h3.766a12.252,12.252,0,0,1,1.925-5.562c8.746-11.287,9.306-22.039,9.306-22.8a23.219,23.219,0,1,0-46.439,0c0,.76.545,11.505,9.3,22.8a12.137,12.137,0,0,1,1.9,5.562h3.8Zm-2.794-4.611h-3.523a18.819,18.819,0,0,1,18.822-18.769v3.523a15.291,15.291,0,0,0-15.3,15.246\" transform=\"translate(-301.273 -2888.217)\" fill=\"#ffc400\"\/>\n\t\t\t<path d=\"M706.23,4049.641h-1.568l-2.762-1.373-2.756,1.372h-1.571l-2.755-1.372-2.754,1.372h-1.571l-.237-.118,3.469,19.294h9.281l3.468-19.3Z\" transform=\"translate(-361.134 -3011.332)\" fill=\"#ffc400\"\/>\n\t\t\t<path d=\"M655.92,3919.481v-3.523a18.819,18.819,0,0,0-18.822,18.769h3.523a15.291,15.291,0,0,1,15.3-15.246\" transform=\"translate(-318.69 -2905.689)\" fill=\"#00205b\"\/>\n\t\t\t<path d=\"M685.777,4056.85v-3.523H678.9l4.284-23.836-3.468-.623-.151.841-1.806.9L675,4029.233h-1.57l-2.756,1.372-2.755-1.372h-1.571l-2.754,1.372-1.8-.9-.151-.842-3.468.624,4.286,23.836h-6.878v3.523h1.743v2.354h-1.743v3.523h1.743v2.355h-1.743v3.523h30.2v-3.523h-24.93v-2.355h24.93V4059.2h-24.93v-2.354Zm-22.97-22.7h1.571l2.754-1.372,2.755,1.372h1.571l2.756-1.373,2.762,1.373h1.569l.245-.122-3.468,19.3h-9.281l-3.469-19.294Z\" transform=\"translate(-333.447 -2995.842)\" fill=\"#1f79af\"\/>\n\t\t\t<rect width=\"21.983\" height=\"3.523\" transform=\"translate(326.24 1075.119)\" fill=\"#1f79af\"\/>\n\t\t<\/g>\n\t<\/symbol>\t<\/svg>\n<h3 class=\"co-columns--box_headline\" >Servicios de vivienda<\/h3><div class=\"co-columns--box_desc\"><p>Aproveche los servicios de prevenci\u00f3n de ejecuciones hipotecarias, la asistencia para la preparaci\u00f3n de la compra de una vivienda y el asesoramiento sobre hipotecas inversas.<\/p>\n<\/div><div class=\"co-columns--box_button\"><\/div>\t\t\t\t\t<\/div>\n\t\t\t\t\t\t\t\t\t<div class=\"co-columns--box\">\n\t\t\t\t\t\t\t<svg\n\t\tclass=\"co-columns--box_icon IconDocumentSignature\"\n\t\tviewbox=\"0 0 71.673 70.757\"\n\t\twidth=\"71.673\"\n\t\theight=\"70.757\"\n\t>\n\t\t<title>Document Signature<\/title>\n\t\tclase=\u201denvoltorio\u201d&gt;\n\t<g transform=\"translate(-694.115 -1370.371)\">\n\t\t\t<path d=\"M2544.279,5758.327v2.948h29.912v-2.948\" transform=\"translate(-1841.475 -4376.725)\" fill=\"#fff\"\/>\n\t\t\t<path d=\"M2553.314,5787.582v2.949h23.668v-2.949\" transform=\"translate(-1848.689 -4400.083)\" fill=\"#fff\"\/>\n\t\t\t<path d=\"M2544.279,5816.837v2.948h19.593v-2.948\" transform=\"translate(-1841.475 -4423.443)\" fill=\"#fff\"\/>\n\t\t\t<path d=\"M2728.435,5785.135l-2.085-2.085-4.8,4.8-10.833,10.833,2.085,2.085,4.169,4.169,2.085,2.085,2.494-2.495,13.141-13.142-2.085-2.084Z\" transform=\"translate(-1974.365 -4396.465)\" fill=\"#00205b\"\/>\n\t\t\t<path d=\"M2615.739,5873.054l-2.084-2.085-2.963,2.963-.678.692a114.229,114.229,0,0,0-12.137,14.015c-2.631,3.731-3.811,6.3-3.632,7.995l-2.479,2.479,2.084,2.084,2.429-2.428a3.247,3.247,0,0,0,.461.034c1.692,0,4.164-1.193,7.65-3.651a114.231,114.231,0,0,0,14.015-12.137l.681-.8,2.908-2.908-2.085-2.085Z\" transform=\"translate(-1879.389 -4466.664)\" fill=\"#00205b\"\/>\n\t\t\t<path d=\"M2809.055,5759.329l-2.085-2.085a4.43,4.43,0,0,0-6.254,0l-2.084,2.085,2.085,2.084,4.169,4.169,2.085,2.085,2.084-2.085a4.421,4.421,0,0,0,0-6.253\" transform=\"translate(-2044.562 -4374.829)\" fill=\"#00205b\"\/>\n\t\t\t<path d=\"M2730.559,5766.573l-4.17-4.169-2.085-2.084-3.127-3.127-3.759,3.759-11.876,11.876,2.085,2.084,9.791-9.792,3.759-3.759,1.043,1.042,2.085,2.085,4.169,4.169,2.085,2.085h0l2.085-2.085h0Z\" transform=\"translate(-1970.234 -4375.819)\" fill=\"#efc025\"\/>\n\t\t\t<path d=\"M2702.455,5860.623h0l-2.085,2.085h0l2.085,2.085,4.169,4.169,2.084,2.085,2.085-2.085h0l-2.084-2.084-4.169-4.169Z\" transform=\"translate(-1966.105 -4458.403)\" fill=\"#efc025\"\/>\n\t\t\t<path d=\"M2554.235,5702.6h-53.068v70.757h41.54l.04-.041v.041l11.488-11.487h-.041l.041-.041V5740.3l-2.494,2.495-2.085,2.084-2.908,2.909-.681.8a114.2,114.2,0,0,1-14.015,12.137c-3.486,2.458-5.958,3.651-7.65,3.651a3.17,3.17,0,0,1-.461-.035l-2.429,2.428-2.084-2.085,2.479-2.479c-.179-1.695,1-4.263,3.632-7.994a114.169,114.169,0,0,1,12.137-14.016l.678-.692,2.963-2.963h0l2.084-2.084h0l10.833-10.833v-2.085l-9.791,9.792-2.085-2.085,11.876-11.876Zm-11.488,59.27h10.3l-10.3,10.261Zm-13.3-33.3h-19.593v-2.948h19.593Zm5.9-5.9h-25.49v-2.948h25.49Zm4.422-5.9h-29.912v-2.948h29.912Z\" transform=\"translate(-1807.052 -4332.234)\" fill=\"#1f79af\"\/>\n\t<\/g>\n\t<\/symbol>\t<\/svg>\n<h3 class=\"co-columns--box_headline\" >Revisi\u00f3n del informe crediticio<\/h3><div class=\"co-columns--box_desc\"><p>Comprenda su informe de cr\u00e9dito personal y c\u00f3mo mejorar su puntaje.<\/p>\n<\/div><div class=\"co-columns--box_button\"><\/div>\t\t\t\t\t<\/div>\n\t\t\t\t\t\t\t\t\t<div class=\"co-columns--box\">\n\t\t\t\t\t\t\t<svg\n\t\tclass=\"co-columns--box_icon IconGraduationCap\"\n\t\tviewbox=\"0 0 99.252 69.121\"\n\t\twidth=\"99.252\"\n\t\theight=\"69.121\"\n\t>\n\t\t<title>Graduation Cap<\/title>\n\t\tclase=\u201denvoltorio\u201d&gt;\n\t<g transform=\"translate(-535.82 -1177.748)\">\n\t\t\t<path d=\"M1886.561,4871.821l-19.045-6.873v19.472c21.038,8.893,26.415,6.616,55.481-6.835.165-5.567.331-13.477.5-19.093Z\" transform=\"translate(-1301.114 -3658.254)\" fill=\"#00205b\"\/>\n\t\t\t<path d=\"M1791.557,4865.287l-1.523.034c.152,5.1.3,12.592.455,17.689,4.106,1.9,7.735,3.575,11.006,5.029v-19.165Z\" transform=\"translate(-1239.249 -3663.679)\" fill=\"#00205b\"\/>\n\t\t\t<path d=\"M1742.214,4773.771a2.078,2.078,0,0,1,1.373-1.954l20.084-7.248a2.077,2.077,0,1,1,1.411,3.908l-18.712,6.753v.622l19.045,6.874,36.933-13.329,12.693-4.58-49.626-17.91-49.626,17.91,16.488,5.95,9.938,3.587Z\" transform=\"translate(-1179.968 -3569.158)\" fill=\"#1f79af\"\/>\n\t\t\t<path d=\"M1864.928,4835.294a2.077,2.077,0,0,0-2.659-1.249l-20.084,7.248a2.078,2.078,0,0,0-1.373,1.955v25.058a3.962,3.962,0,1,0,4.156-.432v-23.167l18.711-6.753a2.078,2.078,0,0,0,1.249-2.66\" transform=\"translate(-1278.566 -3638.635)\" fill=\"#efc025\"\/>\n\t\t\t<path d=\"M1839.276,5043.657v6.146h7.924v-6.146a3.962,3.962,0,1,0-7.924,0\" transform=\"translate(-1278.566 -3802.935)\" fill=\"#efc025\"\/>\n\t<\/g>\n\t<\/symbol>\t<\/svg>\n<h3 class=\"co-columns--box_headline\" >Asesoramiento sobre pr\u00e9stamos estudiantiles<\/h3><div class=\"co-columns--box_desc\"><p>Inf\u00f3rmese sobre las opciones de pago que le permiten aplazar o reducir sus cuotas. Conozca las ventajas y desventajas de cada estrategia para que pueda tomar una decisi\u00f3n informada sobre cu\u00e1l es la mejor para usted.<\/p>\n<\/div><div class=\"co-columns--box_button\"><\/div>\t\t\t\t\t<\/div>\n\t\t\t\t\t\t\t<\/div>\n\t\t\t\t<\/div>\n\n\t<\/div>\n<\/div>\n\n\n<div class=\"co-flex_row co-flex_row__blue co-flex_row__last co-flex_row__multi-path-cta\" >\n\t<div class=\"co-flex_row--row co-row\">\n\t\t\t<div class=\"co-mp_ctas\">\n\t\t\t\t<header class=\"co-intro_text\">\n\t\t\t<h2 class=\"co-intro_text--title\">Los asesores de GreenPath certificados por la NFCC est\u00e1n disponibles para ayudarle.<\/h2><div class=\"co-intro_text--intro\"><p>\u00a1Hablar de finanzas no tiene por qu\u00e9 ser doloroso! Contacta hoy mismo con GreenPath y uno de sus asesores, amables y comprensivos, te ayudar\u00e1 a acceder a los recursos y la experiencia que necesitas para tomar decisiones financieras informadas y encontrar el camino hacia un futuro financiero pr\u00f3spero.<\/p>\n<\/div>\t\t<\/header>\n\t\t\t<div class=\"co-mp_ctas--list prow justify-center\">\n\t\t\t\t\t\t\t\t\t\t\t<div class=\"co-mp_cta pcol-lg:4\">\n\t\t\t\t\t<div class=\"co-mp_cta--title\">\n\t\t\t\t\t\tLlama a GreenPath\t\t\t\t\t<\/div>\n\t\t\t\t\t<a class=\"co-mp_cta--link gtm-button\" href=\"https:\/\/www.soundcu.com\/es\/speed-bump\/?url=tel%3A877-337-3399&#038;prev=https%3A%2F%2Fwww.soundcu.com%2Fes%2Ffinancial-education%2Fwellness%2F\">Llama a GreenPath<\/a>\t\t\t\t<\/div>\n\t\t\t\t\t\t\t\t\t\t\t<div class=\"co-mp_cta pcol-lg:4\">\n\t\t\t\t\t<div class=\"co-mp_cta--title\">\n\t\t\t\t\t\tSolicitar una llamada\t\t\t\t\t<\/div>\n\t\t\t\t\t<a class=\"co-mp_cta--link gtm-button\" href=\"https:\/\/www.soundcu.com\/es\/speed-bump\/?url=https%3A%2F%2Fwww.greenpath.com%2Fwellness%2Fcontact-us%2F%3Futm_source%3Dpartner%26utm_medium%3Dwebsite%2Bredirect%26partner_type%3Dcredit_union%26partner_name%3DSound%2BCredit%2BUnion%26utm_campaign%3Dwebsite%2Bredirect%2Bfor%2BSound%2BCredit%2BUnion&#038;prev=https%3A%2F%2Fwww.soundcu.com%2Fes%2Ffinancial-education%2Fwellness%2F\">Solicitar una llamada<\/a>\t\t\t\t<\/div>\n\t\t\t\t\t\t\t\t\t\t\t<div class=\"co-mp_cta pcol-lg:4\">\n\t\t\t\t\t<div class=\"co-mp_cta--title\">\n\t\t\t\t\t\tHorario de asesoramiento\t\t\t\t\t<\/div>\n\t\t\t\t\t\t\t\t\t\t\t<div class=\"co-mp_cta--content\">\n\t\t\t\t\t\t\t<div class=\"small-text\">\n<p>De lunes a jueves de 5:00 a 19:00 (hora del Pac\u00edfico)<br \/>\nViernes de 5:00 a 16:00.<br \/>\nS\u00e1bado de 6:00 a 15:00.<\/p>\n<\/div>\n\t\t\t\t\t\t<\/div>\n\t\t\t\t\t\t\t\t\t<\/div>\n\t\t\t\t\t<\/div>\n\t<\/div>\n\n\t<\/div>\n<\/div>","protected":false},"excerpt":{"rendered":"","protected":false},"author":9,"featured_media":0,"parent":2389,"menu_order":0,"comment_status":"closed","ping_status":"closed","template":"","meta":{"_acf_changed":false,"content-type":"","_searchwp_excluded":"","footnotes":""},"county":[],"class_list":["post-2390","page","type-page","status-publish","hentry"],"acf":[],"_links":{"self":[{"href":"https:\/\/www.soundcu.com\/es\/wp-json\/wp\/v2\/pages\/2390","targetHints":{"allow":["GET"]}}],"collection":[{"href":"https:\/\/www.soundcu.com\/es\/wp-json\/wp\/v2\/pages"}],"about":[{"href":"https:\/\/www.soundcu.com\/es\/wp-json\/wp\/v2\/types\/page"}],"author":[{"embeddable":true,"href":"https:\/\/www.soundcu.com\/es\/wp-json\/wp\/v2\/users\/9"}],"replies":[{"embeddable":true,"href":"https:\/\/www.soundcu.com\/es\/wp-json\/wp\/v2\/comments?post=2390"}],"version-history":[{"count":5,"href":"https:\/\/www.soundcu.com\/es\/wp-json\/wp\/v2\/pages\/2390\/revisions"}],"predecessor-version":[{"id":15859,"href":"https:\/\/www.soundcu.com\/es\/wp-json\/wp\/v2\/pages\/2390\/revisions\/15859"}],"up":[{"embeddable":true,"href":"https:\/\/www.soundcu.com\/es\/wp-json\/wp\/v2\/pages\/2389"}],"wp:attachment":[{"href":"https:\/\/www.soundcu.com\/es\/wp-json\/wp\/v2\/media?parent=2390"}],"wp:term":[{"taxonomy":"county","embeddable":true,"href":"https:\/\/www.soundcu.com\/es\/wp-json\/wp\/v2\/county?post=2390"}],"curies":[{"name":"wp","href":"https:\/\/api.w.org\/{rel}","templated":true}]}}