{"id":2398,"date":"2023-08-14T18:12:44","date_gmt":"2023-08-15T01:12:44","guid":{"rendered":"https:\/\/www.soundcu.com\/about\/"},"modified":"2024-09-16T09:53:38","modified_gmt":"2024-09-16T16:53:38","slug":"about","status":"publish","type":"page","link":"https:\/\/www.soundcu.com\/es\/about\/","title":{"rendered":"Acerca de"},"content":{"rendered":"<div class=\"co-flex_row co-flex_row__blue co-flex_row__page-hero co-flex_row__next_row__columns\" >\n\t<div class=\"co-flex_row--row co-row\">\n\t\t\t<header class=\"co-page_hero  co-page_hero__no_image\" aria-label=\"Encabezado: Sobre nosotros\">\n\t\t<div class=\"co-page_hero--inner\">\n\t\t\t<div class=\"prow items-center\">\n\t\t\t\t\t\t\t\t<div class=\"co-page_hero--text\">\n\t\t\t\t\t\t\t\t\t\t<h1 class=\"co-page_hero--title\" >Sobre nosotros<\/h1>\t\t\t\t\t<p class=\"co-page_hero--tagline\">Invertimos en nosotros<sup style=\"font-size:small\">\u00ae<\/sup><\/p>\t\t\t\t<\/div>\n\t\t\t<\/div>\n\t\t<\/div>\n\t<\/header>\n\n\t<\/div>\n<\/div>\n\r\n\r\n<div class=\"co-flex_row co-flex_row__blue co-flex_row__last co-flex_row__columns\" >\n\t<div class=\"co-flex_row--row co-row\">\n\t\t\t<div class=\"co-columns\">\n\t\t\t\t\t<div class=\"co-columns--row prow prow-md:2 prow-lg:5 justify-center\">\n\t\t\t\t\t\t\t\t\t<div class=\"co-columns--box\">\n\t\t\t\t\t\t<a class=\"co-columns--box_link\" href=\"https:\/\/www.soundcu.com\/es\/speed-bump\/?url=https%3A%2F%2Fwww.soundcu.com%2Fthe-credit-union-difference%2F&#038;prev=https%3A%2F%2Fwww.soundcu.com%2Fes%2Fabout%2F\"  ><h2 class=\"co-columns--box_headline\" >La diferencia de la cooperativa de cr\u00e9dito<\/h2><\/a><div class=\"co-columns--box_desc\"><p>Descubre qu\u00e9 nos diferencia. Explora las ventajas \u00fanicas de operar con Sound Credit Union. Conoce c\u00f3mo somos un socio comunitario comprometido con tu \u00e9xito financiero.<\/p>\n<\/div><div class=\"co-columns--box_button\"><a class=\"co-columns--button co-button gtm-button\" href=\"https:\/\/www.soundcu.com\/es\/speed-bump\/?url=https%3A%2F%2Fwww.soundcu.com%2Fthe-credit-union-difference%2F&#038;prev=https%3A%2F%2Fwww.soundcu.com%2Fes%2Fabout%2F\"  >M\u00e1s informaci\u00f3n<\/a><\/div>\t\t\t\t\t<\/div>\n\t\t\t\t\t\t\t\t\t<div class=\"co-columns--box\">\n\t\t\t\t\t\t<a class=\"co-columns--box_link\" href=\"https:\/\/www.soundcu.com\/es\/speed-bump\/?url=https%3A%2F%2Fwww.soundcu.com%2Fcommunity-impact%2F&#038;prev=https%3A%2F%2Fwww.soundcu.com%2Fes%2Fabout%2F\"  ><h2 class=\"co-columns--box_headline\" >Impacto en la comunidad<\/h2><\/a><div class=\"co-columns--box_desc\"><p>Descubre nuestro impacto en acci\u00f3n. Explora c\u00f3mo Sound contribuye a nuestra comunidad y c\u00f3mo puedes formar parte de un cambio positivo.<\/p>\n<\/div><div class=\"co-columns--box_button\"><a class=\"co-columns--button co-button gtm-button\" href=\"https:\/\/www.soundcu.com\/es\/speed-bump\/?url=https%3A%2F%2Fwww.soundcu.com%2Fcommunity-impact%2F&#038;prev=https%3A%2F%2Fwww.soundcu.com%2Fes%2Fabout%2F\"  >M\u00e1s informaci\u00f3n<\/a><\/div>\t\t\t\t\t<\/div>\n\t\t\t\t\t\t\t\t\t<div class=\"co-columns--box\">\n\t\t\t\t\t\t<a class=\"co-columns--box_link\" href=\"https:\/\/www.soundcu.com\/es\/speed-bump\/?url=https%3A%2F%2Fwww.soundcu.com%2Four-board%2F&#038;prev=https%3A%2F%2Fwww.soundcu.com%2Fes%2Fabout%2F\"  ><h2 class=\"co-columns--box_headline\" >Nuestra Junta Directiva<\/h2><\/a><div class=\"co-columns--box_desc\"><p>Conozca a las personas que est\u00e1n detr\u00e1s de Sound Credit Union. Descubra el compromiso de los miembros de nuestra junta directiva para guiar a nuestra cooperativa de cr\u00e9dito hacia un futuro m\u00e1s brillante e inclusivo.<\/p>\n<\/div><div class=\"co-columns--box_button\"><a class=\"co-columns--button co-button gtm-button\" href=\"https:\/\/www.soundcu.com\/es\/speed-bump\/?url=https%3A%2F%2Fwww.soundcu.com%2Four-board%2F&#038;prev=https%3A%2F%2Fwww.soundcu.com%2Fes%2Fabout%2F\"  >M\u00e1s informaci\u00f3n<\/a><\/div>\t\t\t\t\t<\/div>\n\t\t\t\t\t\t\t\t\t<div class=\"co-columns--box\">\n\t\t\t\t\t\t<a class=\"co-columns--box_link\" href=\"https:\/\/www.soundcu.com\/es\/speed-bump\/?url=https%3A%2F%2Fwww.soundcu.com%2Fcareers%2F&#038;prev=https%3A%2F%2Fwww.soundcu.com%2Fes%2Fabout%2F\"  ><h2 class=\"co-columns--box_headline\" >Carreras profesionales<\/h2><\/a><div class=\"co-columns--box_desc\"><p>Desarrolla tu carrera profesional con nosotros. Descubre oportunidades apasionantes en Sound y \u00fanete a un equipo que valora el crecimiento, la innovaci\u00f3n y el servicio a la comunidad.<\/p>\n<\/div><div class=\"co-columns--box_button\"><a class=\"co-columns--button co-button gtm-button\" href=\"https:\/\/www.soundcu.com\/es\/speed-bump\/?url=https%3A%2F%2Fwww.soundcu.com%2Fcareers%2F&#038;prev=https%3A%2F%2Fwww.soundcu.com%2Fes%2Fabout%2F\"  >M\u00e1s informaci\u00f3n<\/a><\/div>\t\t\t\t\t<\/div>\n\t\t\t\t\t\t\t\t\t<div class=\"co-columns--box\">\n\t\t\t\t\t\t<a class=\"co-columns--box_link\" href=\"https:\/\/www.soundcu.com\/es\/speed-bump\/?url=https%3A%2F%2Fwww.soundcu.com%2Fdiversity-equity-inclusion%2F&#038;prev=https%3A%2F%2Fwww.soundcu.com%2Fes%2Fabout%2F\"  ><h2 class=\"co-columns--box_headline\" >Diversidad, equidad e inclusi\u00f3n<\/h2><\/a><div class=\"co-columns--box_desc\"><p>Descubre nuestro compromiso con la diversidad, la equidad y la inclusi\u00f3n. Observa c\u00f3mo estamos construyendo un entorno laboral y una comunidad donde todos son valorados y respetados.<\/p>\n<\/div><div class=\"co-columns--box_button\"><a class=\"co-columns--button co-button gtm-button\" href=\"https:\/\/www.soundcu.com\/es\/speed-bump\/?url=https%3A%2F%2Fwww.soundcu.com%2Fdiversity-equity-inclusion%2F&#038;prev=https%3A%2F%2Fwww.soundcu.com%2Fes%2Fabout%2F\"  >M\u00e1s informaci\u00f3n<\/a><\/div>\t\t\t\t\t<\/div>\n\t\t\t\t\t\t\t<\/div>\n\t\t\t\t<\/div>\n\n\t<\/div>\n<\/div>","protected":false},"excerpt":{"rendered":"","protected":false},"author":9,"featured_media":0,"parent":0,"menu_order":0,"comment_status":"closed","ping_status":"closed","template":"","meta":{"_acf_changed":false,"content-type":"","_searchwp_excluded":"","footnotes":""},"county":[],"class_list":["post-2398","page","type-page","status-publish","hentry"],"acf":[],"_links":{"self":[{"href":"https:\/\/www.soundcu.com\/es\/wp-json\/wp\/v2\/pages\/2398","targetHints":{"allow":["GET"]}}],"collection":[{"href":"https:\/\/www.soundcu.com\/es\/wp-json\/wp\/v2\/pages"}],"about":[{"href":"https:\/\/www.soundcu.com\/es\/wp-json\/wp\/v2\/types\/page"}],"author":[{"embeddable":true,"href":"https:\/\/www.soundcu.com\/es\/wp-json\/wp\/v2\/users\/9"}],"replies":[{"embeddable":true,"href":"https:\/\/www.soundcu.com\/es\/wp-json\/wp\/v2\/comments?post=2398"}],"version-history":[{"count":3,"href":"https:\/\/www.soundcu.com\/es\/wp-json\/wp\/v2\/pages\/2398\/revisions"}],"predecessor-version":[{"id":18327,"href":"https:\/\/www.soundcu.com\/es\/wp-json\/wp\/v2\/pages\/2398\/revisions\/18327"}],"wp:attachment":[{"href":"https:\/\/www.soundcu.com\/es\/wp-json\/wp\/v2\/media?parent=2398"}],"wp:term":[{"taxonomy":"county","embeddable":true,"href":"https:\/\/www.soundcu.com\/es\/wp-json\/wp\/v2\/county?post=2398"}],"curies":[{"name":"wp","href":"https:\/\/api.w.org\/{rel}","templated":true}]}}