{"id":2399,"date":"2023-08-14T18:12:45","date_gmt":"2023-08-15T01:12:45","guid":{"rendered":"https:\/\/www.soundcu.com\/the-credit-union-difference\/"},"modified":"2026-03-04T09:34:08","modified_gmt":"2026-03-04T17:34:08","slug":"the-credit-union-difference","status":"publish","type":"page","link":"https:\/\/www.soundcu.com\/es\/the-credit-union-difference\/","title":{"rendered":"La diferencia de la cooperativa de cr\u00e9dito"},"content":{"rendered":"<div class=\"co-flex_row co-flex_row__blue co-flex_row__page-hero co-flex_row__next_row__columns\" >\n\t<div class=\"co-flex_row--row co-row\">\n\t\t\t<header class=\"co-page_hero  co-page_hero__has_image\" aria-label=\"Encabezado: La diferencia de las cooperativas de cr\u00e9dito\">\n\t\t<div class=\"co-page_hero--inner\">\n\t\t\t<div class=\"prow items-center\">\n\t\t\t\t\t\t\t\t\t<div class=\"co-page_hero--img_wrap pcol-lg:6 pcol-xl:7\">\n\t\t\t\t\t\t<div class=\"co-page_hero--mask\"><svg width=\"997.021\" height=\"609.682\" viewbox=\"0 0 997.021 609.682\"><defs><clippath id=\"svgPathHero\"><path d=\"M299.014.148H0V609.681H299.014c480.632.192,698.007-296.752,698.007-296.752C691.761-16.846,299.014.148,299.014.148\"\/><\/clippath><\/defs><image id=\"image_69f11b7bae8d8\" xlink:href=\"https:\/\/www.soundcu.com\/files\/H4H-Build-Day-3_997x610.jpg\" src=\"https:\/\/www.soundcu.com\/files\/H4H-Build-Day-3_997x610.jpg\" clip-path=\"url(#svgPathHero)\"  alt=\"credit union\" \/><\/svg><\/div>\t\t\t\t\t<\/div>\n\t\t\t\t\t\t\t\t<div class=\"co-page_hero--text pcol-lg:6 pcol-xl:5\">\n\t\t\t\t\t\t\t\t\t\t\t<h1 class=\"co-page_hero--sup_heading\">\n\t\t\t\t\t\t\tSobre nosotros\t\t\t\t\t\t<\/h1>\n\t\t\t\t\t\t\t\t\t\t<h2 class=\"co-page_hero--title\" >La diferencia de la cooperativa de cr\u00e9dito<\/h2>\t\t\t\t\t<p class=\"co-page_hero--tagline\">Para nuestra comunidad, sin fines de lucro, donde los miembros son los duenos.<\/p>\t\t\t\t\t\t<div class=\"co-page_hero--buttons\">\n\t\t\t\t\t\t\t<a class=\"co-page_hero--button gtm-button\" href=\"https:\/\/www.soundcu.com\/es\/speed-bump\/?url=https%3A%2F%2Fwww.soundcu.com%2Fopen-an-account%2F&#038;prev=https%3A%2F%2Fwww.soundcu.com%2Fes%2Fthe-credit-union-difference%2F\"  >\u00danete al Sound<\/a>\t\t\t\t\t\t<\/div>\n\t\t\t\t\t\t\t\t\t\t<\/div>\n\t\t\t<\/div>\n\t\t<\/div>\n\t<\/header>\n\n\t<\/div>\n<\/div>\n\n\n<div class=\"co-flex_row co-flex_row__blue co-flex_row__next_row_diff co-flex_row__columns co-flex_row__next_row__columns\" >\n\t<div class=\"co-flex_row--row co-row\">\n\t\t\t<div class=\"co-columns\">\n\t\t\t\t<header class=\"co-intro_text\">\n\t\t\t<h2 class=\"co-intro_text--title\">Somos buenos para la comunidad.<\/h2>\t\t<\/header>\n\t\t\t\t<div class=\"co-columns--row prow prow-md:2 prow-lg:3 co-columns--row__icons justify-center\">\n\t\t\t\t\t\t\t\t\t<div class=\"co-columns--box\">\n\t\t\t\t\t\t\t<svg\n\t\tclass=\"co-columns--box_icon IconBagWithDollarSign\"\n\t\tviewbox=\"0 0 69.832 71.004\"\n\t\twidth=\"69.832\"\n\t\theight=\"71.004\"\n\t>\n\t\t<title>Bag with Dollar Sign<\/title>\n\t\tclase=\u201denvoltorio\u201d&gt;\n\t<g transform=\"translate(-535.355 -816.755)\">\n\t\t\t<path d=\"M1817.147,3031.256h17.97c.006.065.062.647.062.647.073,2.564-1.959,5.416-4.539,5.49l-10.072-.024,0,1.542h8.394l10.847-1.731.79-.456,6.26-3.579v-21.771c0-6.583-6.124-12.133-14.266-13.538v.711h-10.117v-.711c-8.141,1.405-14.266,6.956-14.266,13.538v27.486h1.991Zm11.157-13.711h-1.543a5.4,5.4,0,0,1-.771-10.742v-3.141h3.085v3.141a5.407,5.407,0,0,1,4.628,5.343h-3.085a2.316,2.316,0,0,0-2.313-2.314h-1.543a2.314,2.314,0,0,0,0,4.628h1.543a5.4,5.4,0,0,1,.771,10.742v3.141h-3.085V3025.2a5.407,5.407,0,0,1-4.627-5.343h3.085a2.316,2.316,0,0,0,2.314,2.314h1.543a2.314,2.314,0,0,0,0-4.627\" transform=\"translate(-1253.76 -2172.617)\" fill=\"#efc025\"\/>\n\t\t\t<path d=\"M1883.26,2955.843l-7.032,1.542-7.032-1.542,2.806,6.09h8.453Z\" transform=\"translate(-1302.455 -2139.087)\" fill=\"#efc025\"\/>\n\t\t\t<path d=\"M1849.024,3158.825l-1.161-1.154c-1.93-1.912-5.16-1.445-7.417.166l-3.377,1.931-6.26,3.578-.79.456-3,1.731h-16.242l0-1.542,10.072.023c2.581-.074,4.613-2.926,4.539-5.49,0,0-.056-.582-.062-.647h-17.969l-6.948,7.605h-4.462v13.879h11.718l25.288-9.318,16.2-11.064c-.045-.054-.085-.106-.135-.156\" transform=\"translate(-1243.973 -2299.24)\" fill=\"#1f79af\"\/>\n\t\t\t<path d=\"M1713.478,3207.63h15.557v-25.369h-15.557Zm8.033-7.375h2.927v3.085h-2.927Z\" transform=\"translate(-1178.123 -2319.871)\" fill=\"#00205b\"\/>\n\t\t\t<rect width=\"2.927\" height=\"3.085\" transform=\"translate(543.388 880.385)\" fill=\"#eaf4fe\"\/>\n\t\t\t<path d=\"M1889.1,2989.144v-3.085h-10.117v3.085Z\" transform=\"translate(-1310.274 -2163.213)\" fill=\"#00205b\"\/>\n\t<\/g>\n\t<\/symbol>\t<\/svg>\n<h3 class=\"co-columns--box_headline\" >$142+ Millones en Contribuciones Econ\u00f3micas<\/h3><div class=\"co-columns--box_desc\"><p>Remuneraci\u00f3n y gasto respaldados por la cooperativa de cr\u00e9dito para nuestra econom\u00eda local.<\/p>\n<\/div><div class=\"co-columns--box_button\"><\/div>\t\t\t\t\t<\/div>\n\t\t\t\t\t\t\t\t\t<div class=\"co-columns--box\">\n\t\t\t\t\t\t\t<svg\n\t\tclass=\"co-columns--box_icon IconIndividualLaptop\"\n\t\tviewbox=\"0 0 85.872 71.489\"\n\t\twidth=\"85.872\"\n\t\theight=\"71.489\"\n\t>\n\t\t<title>Individual at Laptop<\/title>\n\t\tclase=\u201denvoltorio\u201d&gt;\n\t<g transform=\"translate(-207.488 -1174.48)\">\n\t\t\t<path d=\"M121.523,4913.954v-23.128a1.836,1.836,0,0,1,1.831-1.831H158.66a1.836,1.836,0,0,1,1.831,1.831v23.128a1.811,1.811,0,0,1-.105.6h4.081c5.488-1.176,8.523-5.552,6.923-10.672q-1.968-6.874-3.937-13.749c-1.862-5.959-7.252-12.063-12.074-12.938a88.325,88.325,0,0,0-28.743,0c-4.823.875-10.212,6.981-12.074,12.938l-3.937,13.749c-1.6,5.12,1.439,9.5,6.925,10.672h4.079a1.807,1.807,0,0,1-.105-.6\" transform=\"translate(102.012 -3672.251)\" fill=\"#00205b\"\/>\n\t\t\t<path d=\"M217.346,4758.293h0a10.788,10.788,0,0,0,10.756-10.757v-6.088a10.788,10.788,0,0,0-10.756-10.756h0a10.788,10.788,0,0,0-10.756,10.756v6.088a10.788,10.788,0,0,0,10.756,10.757\" transform=\"translate(25.049 -3556.212)\" fill=\"#00205b\"\/>\n\t\t\t<path d=\"M205.35,4942.218a1.836,1.836,0,0,0-1.831-1.831H168.214a1.836,1.836,0,0,0-1.831,1.831v23.128a1.806,1.806,0,0,0,.105.6h38.757a1.805,1.805,0,0,0,.105-.6Z\" transform=\"translate(57.152 -3723.643)\" fill=\"#efc025\"\/>\n\t\t\t<path d=\"M145.759,5067.22H86.769v3.662h85.872v-3.662Z\" transform=\"translate(120.719 -3824.912)\" fill=\"#1f79af\"\/>\n\t<\/g>\n\t<\/symbol>\t<\/svg>\n<h3 class=\"co-columns--box_headline\" >1,193 puestos de trabajo respaldados<\/h3><div class=\"co-columns--box_desc\"><p>Las operaciones de Sound generan un efecto domin\u00f3 en la comunidad, apoyando miles de otros empleos que fomentan el crecimiento.<\/p>\n<\/div><div class=\"co-columns--box_button\"><\/div>\t\t\t\t\t<\/div>\n\t\t\t\t\t\t\t\t\t<div class=\"co-columns--box\">\n\t\t\t\t\t\t\t<svg\n\t\tclass=\"co-columns--box_icon IconGraph\"\n\t\tviewbox=\"0 0 71.072 71.072\"\n\t\twidth=\"71.072\"\n\t\theight=\"71.072\"\n\t>\n\t\t<title>Graph<\/title>\n\t\tclase=\u201denvoltorio\u201d&gt;\n\t<g transform=\"translate(-671.059 -626.927)\">\n\t\t\t<path d=\"M2562.387,2014.006c-.059,0-.117,0-.177,0v2.431l2.367-2.367c-.725-.044-1.454-.069-2.19-.069\" transform=\"translate(-1855.791 -1387.079)\" fill=\"#efc025\"\/>\n\t\t\t<path d=\"M2568.466,2016.585l-6.255,6.255v4.511l9.93-9.93a35.322,35.322,0,0,0-3.675-.836\" transform=\"translate(-1855.792 -1389.139)\" fill=\"#efc025\"\/>\n\t\t\t<path d=\"M2575.383,2026.17l-13.172,13.172v2.426c.059,0,.117-.009.176-.009a17.654,17.654,0,0,1,1.823.095l14.284-14.284q-1.515-.772-3.111-1.4\" transform=\"translate(-1855.792 -1396.792)\" fill=\"#efc025\"\/>\n\t\t\t<path d=\"M2603.359,2040.915l-13.472,13.471a17.41,17.41,0,0,1,3.138,1.373l13-13q-1.288-.982-2.664-1.847\" transform=\"translate(-1877.89 -1408.565)\" fill=\"#efc025\"\/>\n\t\t\t<path d=\"M2631.036,2059.859l-12.787,12.786a17.658,17.658,0,0,1,2.265,2.246l12.782-12.781q-1.08-1.174-2.26-2.251\" transform=\"translate(-1900.536 -1423.691)\" fill=\"#efc025\"\/>\n\t\t\t<path d=\"M2651.638,2083.168l-12.99,12.99a17.38,17.38,0,0,1,1.344,3l13.437-13.437q-.839-1.319-1.79-2.558\" transform=\"translate(-1916.823 -1442.302)\" fill=\"#efc025\"\/>\n\t\t\t<path d=\"M2651.425,2126.767l13.6-13.6q-.63-1.592-1.405-3.106l-14.261,14.261a17.59,17.59,0,0,1,.106,1.915c0,.179-.021.353-.027.531Z\" transform=\"translate(-1925.375 -1463.774)\" fill=\"#efc025\"\/>\n\t\t\t<path d=\"M2685.645,2151.892l6.7-6.7a35.416,35.416,0,0,0-.845-3.666l-10.364,10.364Z\" transform=\"translate(-1950.745 -1488.899)\" fill=\"#efc025\"\/>\n\t\t\t<path d=\"M2727.921,2181.784c0-.177.014-.352.014-.53,0-.769-.028-1.531-.076-2.288l-2.818,2.818Z\" transform=\"translate(-1985.803 -1518.792)\" fill=\"#efc025\"\/>\n\t\t\t<path d=\"M2448.129,2074.708l-12.77-12.771a17.486,17.486,0,1,1-16.761-28.72v-18.252a35.536,35.536,0,1,0,29.531,59.75l0,0Z\" transform=\"translate(-1715.716 -1387.846)\" fill=\"#1f79af\"\/>\n\t\t\t<path d=\"M2647.736,2220.4l0-.01q.126-.313.247-.63l.024-.063q.115-.3.223-.608c.01-.026.019-.052.028-.078q.109-.305.212-.613l.006-.017q.3-.9.554-1.827c.022-.081.045-.163.067-.244.037-.138.071-.277.107-.415.029-.113.057-.225.085-.338.031-.128.061-.255.09-.383s.058-.253.086-.38.052-.24.078-.361c.029-.137.057-.275.083-.412.022-.114.045-.228.066-.342.028-.148.054-.3.08-.447.018-.106.037-.211.055-.317.028-.169.053-.339.078-.509.013-.087.027-.174.04-.261q.055-.387.1-.777h-18.32c-.052.211-.111.421-.171.629-.019.066-.04.132-.06.2-.044.146-.09.29-.138.433-.024.072-.047.145-.072.216q-.094.271-.2.537c-.038.1-.079.2-.118.3s-.078.194-.119.289c-.049.115-.1.23-.151.344l-.081.175a17.541,17.541,0,0,1-2.8,4.268l12.771,12.771a35.6,35.6,0,0,0,7.142-11.125\" transform=\"translate(-1908.18 -1544.665)\" fill=\"#00205b\"\/>\n\t<\/g>\n\t<\/symbol>\t<\/svg>\n<h3 class=\"co-columns--box_headline\" >$16.2 millones en beneficios directos para los miembros<\/h3><div class=\"co-columns--box_desc\"><p>Cada beneficio que reciben los miembros de Sound les ayuda a construir estabilidad financiera y bienestar.<\/p>\n<div class=\"small-text\">\n<p>Fuente: CUNA &amp; Informa Research Center, ECONorthwest, NCUA.<\/p>\n<\/div>\n<\/div><div class=\"co-columns--box_button\"><\/div>\t\t\t\t\t<\/div>\n\t\t\t\t\t\t\t<\/div>\n\t\t\t\t<\/div>\n\n\t<\/div>\n<\/div>\n\n\n<div class=\"co-flex_row co-flex_row__white co-flex_row__next_row_diff co-flex_row__columns co-flex_row__next_row__columns\" >\n\t<div class=\"co-flex_row--row co-row\">\n\t\t\t<div class=\"co-columns\">\n\t\t\t\t<header class=\"co-intro_text\">\n\t\t\t<h2 class=\"co-intro_text--title\">Estamos comprometidos con su bienestar financiero.<\/h2>\t\t<\/header>\n\t\t\t\t<div class=\"co-columns--row prow prow-md:2 prow-lg:3 justify-center\">\n\t\t\t\t\t\t\t\t\t<div class=\"co-columns--box\">\n\t\t\t\t\t\t<h3 class=\"co-columns--box_headline\" >Tarifas y comisiones competitivas<\/h3><div class=\"co-columns--box_desc\"><p>Como cooperativa sin \u00e1nimo de lucro, devolvemos nuestras ganancias a nuestros miembros en forma de tarifas y comisiones m\u00e1s competitivas. Eso es bueno para tu bolsillo.<br \/>\n<a href=\"https:\/\/www.soundcu.com\/es\/rates\/\">Consulte las tarifas de hoy.<\/a>.<\/p>\n<\/div><div class=\"co-columns--box_button\"><\/div>\t\t\t\t\t<\/div>\n\t\t\t\t\t\t\t\t\t<div class=\"co-columns--box\">\n\t\t\t\t\t\t<h3 class=\"co-columns--box_headline\" >Herramientas y consejos<\/h3><div class=\"co-columns--box_desc\"><p>Ofrecemos art\u00edculos y herramientas en l\u00ednea, junto con talleres financieros gratuitos, todo ello para ayudarte a sentirte seguro con tus finanzas. <a href=\"https:\/\/www.soundcu.com\/es\/blog\/category\/life-finances\/\">Consulte nuestra secci\u00f3n de Vida y Finanzas.<\/a>.<\/p>\n<\/div><div class=\"co-columns--box_button\"><\/div>\t\t\t\t\t<\/div>\n\t\t\t\t\t\t\t\t\t<div class=\"co-columns--box\">\n\t\t\t\t\t\t<h3 class=\"co-columns--box_headline\" >Servicio y soporte \u00fatiles<\/h3><div class=\"co-columns--box_desc\"><p>\u00bfSabes qu\u00e9 nunca pasa de moda? Hablar con alguien que realmente pueda ayudarte. En una sucursal, por tel\u00e9fono o en l\u00ednea, estamos aqu\u00ed para ayudarte. <a href=\"https:\/\/www.soundcu.com\/es\/contact\/\">Cont\u00e1ctanos<\/a>. <a href=\"https:\/\/www.soundcu.com\/es\/support\/\">Apoyo<\/a>.<\/p>\n<\/div><div class=\"co-columns--box_button\"><\/div>\t\t\t\t\t<\/div>\n\t\t\t\t\t\t\t<\/div>\n\t\t\t\t<\/div>\n\n\t<\/div>\n<\/div>\n\n\n<div class=\"co-flex_row co-flex_row__blue co-flex_row__columns co-flex_row__next_row__single-path-cta\" >\n\t<div class=\"co-flex_row--row co-row\">\n\t\t\t<div class=\"co-columns\">\n\t\t\t\t<header class=\"co-intro_text\">\n\t\t\t<h2 class=\"co-intro_text--title\">La membres\u00eda supera la fidelizaci\u00f3n de clientes.<\/h2>\t\t<\/header>\n\t\t\t\t<div class=\"co-columns--row prow prow-md:2 prow-lg:3 co-columns--row__images justify-center\">\n\t\t\t\t\t\t\t\t\t<div class=\"co-columns--box\">\n\t\t\t\t\t\t<img loading=\"lazy\" decoding=\"async\" width=\"640\" height=\"420\" src=\"https:\/\/www.soundcu.com\/files\/7B0A8102_640x420.jpg\" class=\"co-columns--box_image\" alt=\"member at service desk with associate in sound credit union lobby\" srcset=\"https:\/\/www.soundcu.com\/files\/7B0A8102_640x420.jpg 640w, https:\/\/www.soundcu.com\/files\/7B0A8102_640x420-540x354.jpg 540w, https:\/\/www.soundcu.com\/files\/7B0A8102_640x420-396x260.jpg 396w, https:\/\/www.soundcu.com\/files\/7B0A8102_640x420-75x49.jpg 75w\" sizes=\"auto, (max-width: 640px) 100vw, 640px\" \/><h3 class=\"co-columns--box_headline\" >Servicio estelar<\/h3><div class=\"co-columns--box_desc\"><p>Las cooperativas de cr\u00e9dito son conocidas por ofrecer un servicio superior en comparaci\u00f3n con los bancos, y nosotros no somos una excepci\u00f3n.<\/p>\n<\/div><div class=\"co-columns--box_button\"><\/div>\t\t\t\t\t<\/div>\n\t\t\t\t\t\t\t\t\t<div class=\"co-columns--box\">\n\t\t\t\t\t\t<img loading=\"lazy\" decoding=\"async\" width=\"640\" height=\"420\" src=\"https:\/\/www.soundcu.com\/files\/OLB_device_cluster__640x420.jpg\" class=\"co-columns--box_image\" alt=\"Examples of online banking and mobile banking screens on various devices\" srcset=\"https:\/\/www.soundcu.com\/files\/OLB_device_cluster__640x420.jpg 640w, https:\/\/www.soundcu.com\/files\/OLB_device_cluster__640x420-540x354.jpg 540w, https:\/\/www.soundcu.com\/files\/OLB_device_cluster__640x420-396x260.jpg 396w, https:\/\/www.soundcu.com\/files\/OLB_device_cluster__640x420-75x49.jpg 75w\" sizes=\"auto, (max-width: 640px) 100vw, 640px\" \/><h3 class=\"co-columns--box_headline\" >Acceso a la cuenta en cualquier momento<\/h3><div class=\"co-columns--box_desc\"><p>Junto con <a href=\"https:\/\/www.soundcu.com\/es\/personal\/online-banking\/\">en l\u00ednea<\/a> y opciones de banca m\u00f3vil, las cooperativas de cr\u00e9dito comparten miles de <a href=\"https:\/\/www.soundcu.com\/es\/branches\/\">sucursales<\/a> y cajeros autom\u00e1ticos sin comisiones en todo el pa\u00eds.<\/p>\n<\/div><div class=\"co-columns--box_button\"><\/div>\t\t\t\t\t<\/div>\n\t\t\t\t\t\t\t\t\t<div class=\"co-columns--box\">\n\t\t\t\t\t\t<img loading=\"lazy\" decoding=\"async\" width=\"640\" height=\"420\" src=\"https:\/\/www.soundcu.com\/files\/7B0A8258_640x420.jpg\" class=\"co-columns--box_image\" alt=\"sound associate smiling in sound credit union lobby\" srcset=\"https:\/\/www.soundcu.com\/files\/7B0A8258_640x420.jpg 640w, https:\/\/www.soundcu.com\/files\/7B0A8258_640x420-540x354.jpg 540w, https:\/\/www.soundcu.com\/files\/7B0A8258_640x420-396x260.jpg 396w, https:\/\/www.soundcu.com\/files\/7B0A8258_640x420-75x49.jpg 75w\" sizes=\"auto, (max-width: 640px) 100vw, 640px\" \/><h3 class=\"co-columns--box_headline\" >Sin fines de lucro<\/h3><div class=\"co-columns--box_desc\"><p>Como cooperativa sin \u00e1nimo de lucro, nuestros beneficios se devuelven a los socios en forma de mejores tarifas, menos comisiones, herramientas tecnol\u00f3gicas avanzadas y ventajas gratuitas para los miembros.<\/p>\n<\/div><div class=\"co-columns--box_button\"><\/div>\t\t\t\t\t<\/div>\n\t\t\t\t\t\t\t<\/div>\n\t\t\t\t<\/div>\n\n\t<\/div>\n<\/div>\n\n\n<div class=\"co-flex_row co-flex_row__blue co-flex_row__single-path-cta co-flex_row__next_row__long-form-text\" >\n\t<div class=\"co-flex_row--row co-row\">\n\t\t\t<svg class=\"co-sp_cta__svg\" width=\"488.512\" height=\"338.101\" viewbox=\"0 0 488.512 338.101\">\n\t\t\t<path class=\"co-sp_cta__svg--path_big\" d=\"M488.512,163.324C337.738,308.387,172.875,346.284,6.386,332.445c-12.895-1.072-2.726.507,0-169.121C7.666,83.681-1.682,4.826,3.448,4.309,177.337-13.221,346.255,19.454,488.512,163.324Z\"\/>\n\t\t\t<path class=\"co-sp_cta__svg--path_small\" d=\"M408.431,63.648c-126.358,121.572-278.108,50-408.431,0C129.644,19.327,291.966-54.138,408.431,63.648Z\" transform=\"translate(0 207.52)\" fill=\"#efc025\"\/>\n\t<\/svg>\n\t<div class=\"co-sp_cta\">\n\t\t\t\t<header class=\"co-intro_text\">\n\t\t\t<h2 class=\"co-intro_text--title\">Local. Nacional. Global.<\/h2><div class=\"co-intro_text--intro\"><p>M\u00e1s de 170,000 miembros han elegido Sound como su banco. Disfrute de la comodidad de las sucursales locales, el acceso a cajeros autom\u00e1ticos en todo el pa\u00eds y la asistencia y los beneficios globales, sin importar d\u00f3nde viva o viaje.<\/p>\n<\/div>\t\t<\/header>\n\t<a class=\"co-sp_cta--button gtm-button\" href=\"https:\/\/www.soundcu.com\/es\/speed-bump\/?url=https%3A%2F%2Fwww.soundcu.com%2Fopen-an-account%2F&#038;prev=https%3A%2F%2Fwww.soundcu.com%2Fes%2Fthe-credit-union-difference%2F\"  >\u00danete al Sound<\/a>\t<\/div>\n\n\t<\/div>\n<\/div>\n\n\n<div class=\"co-flex_row co-flex_row__blue co-flex_row__long-form-text co-flex_row__next_row__multi-path-cta\" >\n\t<div class=\"co-flex_row--row co-row\">\n\t\t\t<div class=\"co-long_form\">\n\t\t\t\t\t<div class=\"co-long_form--block prow items-start\">\n\t\t\t\t<div class=\"co-long_form--text pcol-md:7\">\n\t\t\t\t\t<h2 class=\"co-long_form--headline\" >El a\u00f1o pasado, Sound proporcion\u00f3 casi $579k+ en apoyo a organizaciones locales.<\/h2><a class=\"co-long_form--button co-button gtm-button\" href=\"https:\/\/www.soundcu.com\/es\/speed-bump\/?url=https%3A%2F%2Fwww.soundcu.com%2Fcommunity-impact%2F&#038;prev=https%3A%2F%2Fwww.soundcu.com%2Fes%2Fthe-credit-union-difference%2F\"  >Descubre nuestro impacto en la comunidad.<\/a>\t\t\t\t<\/div>\n\t\t\t\t\t\t\t\t\t<div class=\"co-long_form--media pcol-md:5 Image\">\n\t\t\t\t\t\t<div class=\"co-long_form--media_wrap\">\n\t\t\t\t\t\t\t<img loading=\"lazy\" decoding=\"async\" width=\"540\" height=\"330\" src=\"https:\/\/www.soundcu.com\/files\/Bonney-Lake-Food-Bank-2_997x610-540x330.jpg\" class=\"co-long_form--image\" alt=\"volunteers from Sound helping pack food at a local food bank\" srcset=\"https:\/\/www.soundcu.com\/files\/Bonney-Lake-Food-Bank-2_997x610-540x330.jpg 540w, https:\/\/www.soundcu.com\/files\/Bonney-Lake-Food-Bank-2_997x610-730x447.jpg 730w, https:\/\/www.soundcu.com\/files\/Bonney-Lake-Food-Bank-2_997x610-768x470.jpg 768w, https:\/\/www.soundcu.com\/files\/Bonney-Lake-Food-Bank-2_997x610-396x242.jpg 396w, https:\/\/www.soundcu.com\/files\/Bonney-Lake-Food-Bank-2_997x610-75x46.jpg 75w, https:\/\/www.soundcu.com\/files\/Bonney-Lake-Food-Bank-2_997x610.jpg 997w\" sizes=\"auto, (max-width: 540px) 100vw, 540px\" \/>\t\t\t\t\t\t\t\t\t\t\t\t\t\t\t<svg class=\"co-long_form--media__svg\" width=\"252.96\" height=\"86.432\" viewbox=\"0 0 252.96 86.432\"><g transform=\"translate(-992.041 -7954.568)\"><path d=\"M567.407,124.428c-77.494-74.559-170.562-30.665-250.487,0C396.429,151.611,495.98,196.666,567.407,124.428Z\" transform=\"translate(677.594 7871.189)\" fill=\"#71c4e8\"\/><path d=\"M452.635,105.62c-41.987-40.4-92.411-16.614-135.715,0C360,120.347,413.936,144.758,452.635,105.62Z\" transform=\"translate(675.121 7914.231)\" fill=\"#00205b\"\/><\/g><\/svg>\n\t\t\t\t\t\t\t\t\t\t\t\t\t<\/div>\n\t\t\t\t\t\t\t\t\t\t\t<\/div>\n\t\t\t\t\t\t\t<\/div>\n\t\t\t\t<\/div>\n\n\t<\/div>\n<\/div>\n\n\n<div class=\"co-flex_row co-flex_row__blue co-flex_row__last co-flex_row__multi-path-cta\" >\n\t<div class=\"co-flex_row--row co-row\">\n\t\t\t<div class=\"co-mp_ctas\">\n\t\t\t\t<div class=\"co-mp_ctas--list prow justify-center\">\n\t\t\t\t\t\t\t\t\t\t\t<div class=\"co-mp_cta pcol-lg:4\">\n\t\t\t\t\t<div class=\"co-mp_cta--title\">\n\t\t\t\t\t\tComienza ahora\t\t\t\t\t<\/div>\n\t\t\t\t\t<a class=\"co-mp_cta--link gtm-button\" href=\"https:\/\/www.soundcu.com\/es\/speed-bump\/?url=https%3A%2F%2Fwww.soundcu.com%2Fpersonal%2Fapply-for-a-loan%2F&#038;prev=https%3A%2F%2Fwww.soundcu.com%2Fes%2Fthe-credit-union-difference%2F\"  >Solicita en l\u00ednea<\/a>\t\t\t\t<\/div>\n\t\t\t\t\t\t\t\t\t\t\t<div class=\"co-mp_cta pcol-lg:4\">\n\t\t\t\t\t<div class=\"co-mp_cta--title\">\n\t\t\t\t\t\tAbre tu cuenta en l\u00ednea\t\t\t\t\t<\/div>\n\t\t\t\t\t<a data-trigger-id=\"18040\" class=\"modal-trigger co-mp_cta--link\" href=\"#\">Abrir una cuenta<\/a>\t<div class=\"co-overlay with-sidebar\" data-trigger-id=\"18040\">\n\t\t<div class=\"co-overlay--inner\">\n\t\t\t\t\t<div class=\"co-overlay--content text-component\">\n\t\t\t\t<div class=\"co-overlay--content_inner\">\n\t\t\t\t\t<h2 class=\"co-overlay--title\">Abre una cuenta en Sound<\/h2><p>\u00bfEres nuevo en Sound o ya eres miembro?<\/p>\n\t\t\t\t\t\t<div class=\"co-overlay--cta\">\n\t\t\t\t\t\t\t\t\t\t\t\t\t\t\t<div class=\"co-overlay--cta__block\">\n\t\t\t\t\t\t\t\t\t<a data-trigger-id=\"18039\" class=\"modal-trigger co-overlay--cta_button\" href=\"#\">Soy nuevo<\/a>\t<div class=\"co-overlay with-sidebar\" data-trigger-id=\"18039\">\n\t\t<div class=\"co-overlay--inner\">\n\t\t\t\t\t<div class=\"co-overlay--content text-component\">\n\t\t\t\t<div class=\"co-overlay--content_inner\">\n\t\t\t\t\t<h2 class=\"co-overlay--title\">\u00a1Bienvenido!<\/h2><p>La membres\u00eda comienza con una cuenta de ahorros. Tambi\u00e9n puedes solicitar cuentas corrientes, certificados de dep\u00f3sito y m\u00e1s, todo en aproximadamente 5 minutos.<\/p>\n<p>Necesitar\u00e1s tener listo lo siguiente:<\/p>\n<ol>\n<li>Documento de identidad con fotograf\u00eda v\u00e1lido<\/li>\n<li>N\u00famero de Seguro Social (SSN) o n\u00famero de identificaci\u00f3n fiscal de EE. UU.<\/li>\n<li>Direcci\u00f3n postal f\u00edsica<\/li>\n<\/ol>\n\t\t\t\t\t\t<div class=\"co-overlay--cta\">\n\t\t\t\t\t\t\t\t\t\t\t\t\t\t\t<div class=\"co-overlay--cta__block\">\n\t\t\t\t\t\t\t\t\t<a class=\"co-overlay--cta_button\" href=\"https:\/\/account.soundcu.com\/\" rel=\"noopener\">Comience<\/a>\t\t\t\t\t\t\t\t<\/div>\n\t\t\t\t\t\t\t\t\t\t\t\t\t<\/div>\n\t\t\t\t\t\t\t\t\t<\/div>\n\t\t\t<\/div>\n\t\t\t\t\t\t\t<div class=\"co-overlay--sidebar text-component\">\n\t\t\t\t\t<h3>Gracias por su inter\u00e9s en el sonido.<\/h3>\n<p>Estamos aqu\u00ed para ayudarte de la manera que te resulte m\u00e1s f\u00e1cil.<\/p>\n<p><span class=\"co-button\"><a href=\"https:\/\/www.soundcu.com\/es\/contact\/\" target=\"_blank\" rel=\"noopener\">Cont\u00e1ctarnos<\/a><\/span><\/p>\n<hr \/>\n<div class=\"small-text\">\n<p><span class=\"co-button\"><a href=\"https:\/\/account.soundcu.com\/apptracker#\/\" rel=\"noopener\">Reanudar una aplicaci\u00f3n guardada<\/a><\/span><\/p>\n<\/div>\n\t\t\t\t<\/div>\n\t\t\t\t\t\t\t<\/div>\n\t<\/div>\n\t\t\t\t\t\t\t\t<\/div>\n\t\t\t\t\t\t\t\t\t\t\t\t\t\t\t<div class=\"co-overlay--cta__block\">\n\t\t\t\t\t\t\t\t\t<a data-trigger-id=\"18041\" class=\"modal-trigger co-overlay--cta_button\" href=\"#\">Ya eres miembro<\/a>\t<div class=\"co-overlay with-sidebar\" data-trigger-id=\"18041\">\n\t\t<div class=\"co-overlay--inner\">\n\t\t\t\t\t<div class=\"co-overlay--content text-component\">\n\t\t\t\t<div class=\"co-overlay--content_inner\">\n\t\t\t\t\t<h2 class=\"co-overlay--title\">\u00a1Bienvenido de nuevo!<\/h2><p>A continuaci\u00f3n, deber\u00e1 decidir si desea agregar cuentas a su membres\u00eda actual o abrir una nueva.<\/p>\n\t\t\t\t\t\t<div class=\"co-overlay--cta\">\n\t\t\t\t\t\t\t\t\t\t\t\t\t\t\t<div class=\"co-overlay--cta__block\">\n\t\t\t\t\t\t\t\t\t<a class=\"co-overlay--cta_button\" href=\"https:\/\/account.soundcu.com\/\" rel=\"noopener\">Comience<\/a>\t\t\t\t\t\t\t\t<\/div>\n\t\t\t\t\t\t\t\t\t\t\t\t\t<\/div>\n\t\t\t\t\t\t\t\t\t<\/div>\n\t\t\t<\/div>\n\t\t\t\t\t\t\t<div class=\"co-overlay--sidebar text-component\">\n\t\t\t\t\t<h3>Agradecemos su membres\u00eda.<\/h3>\n<p>Estamos aqu\u00ed para ayudarte de la manera que te resulte m\u00e1s f\u00e1cil.<\/p>\n<p><span class=\"co-button\"><a href=\"https:\/\/www.soundcu.com\/es\/contact\/\" target=\"_blank\" rel=\"noopener\">Cont\u00e1ctarnos<\/a><\/span><\/p>\n<hr \/>\n<div class=\"small-text\">\n<p><span class=\"co-button\"><a href=\"https:\/\/account.soundcu.com\/apptracker#\/\" rel=\"noopener\">Reanudar una aplicaci\u00f3n guardada<\/a><\/span><\/p>\n<\/div>\n\t\t\t\t<\/div>\n\t\t\t\t\t\t\t<\/div>\n\t<\/div>\n\t\t\t\t\t\t\t\t<\/div>\n\t\t\t\t\t\t\t\t\t\t\t\t\t<\/div>\n\t\t\t\t\t\t\t\t\t<\/div>\n\t\t\t<\/div>\n\t\t\t\t\t\t\t<div class=\"co-overlay--sidebar text-component\">\n\t\t\t\t\t<h3>\u00a1Hola!<\/h3>\n<p>Estamos aqu\u00ed para ayudarte de la manera que te resulte m\u00e1s f\u00e1cil.<\/p>\n<p><span class=\"co-button\"><a href=\"https:\/\/www.soundcu.com\/es\/contact\/\" target=\"_blank\" rel=\"noopener\">Cont\u00e1ctarnos<\/a><\/span><\/p>\n<hr \/>\n<div class=\"small-text\">\n<p><span class=\"co-button\"><a href=\"https:\/\/account.soundcu.com\/apptracker#\/\" rel=\"noopener\">Reanudar una aplicaci\u00f3n guardada<\/a><\/span><\/p>\n<\/div>\n\t\t\t\t<\/div>\n\t\t\t\t\t\t\t<\/div>\n\t<\/div>\n\t\t\t\t<\/div>\n\t\t\t\t\t\t\t\t\t\t\t<div class=\"co-mp_cta pcol-lg:4\">\n\t\t\t\t\t<div class=\"co-mp_cta--title\">\n\t\t\t\t\t\tLl\u00e1menos\t\t\t\t\t<\/div>\n\t\t\t\t\t\t\t\t\t\t\t<div class=\"co-mp_cta--content\">\n\t\t\t\t\t\t\t<p><a href=\"tel:8005628130\">800.562.8130<\/a><\/p>\n\t\t\t\t\t\t<\/div>\n\t\t\t\t\t\t\t\t\t<\/div>\n\t\t\t\t\t<\/div>\n\t<\/div>\n\n\t<\/div>\n<\/div>","protected":false},"excerpt":{"rendered":"","protected":false},"author":9,"featured_media":0,"parent":0,"menu_order":0,"comment_status":"closed","ping_status":"closed","template":"","meta":{"_acf_changed":false,"content-type":"","_searchwp_excluded":"","footnotes":""},"county":[],"class_list":["post-2399","page","type-page","status-publish","hentry"],"acf":[],"_links":{"self":[{"href":"https:\/\/www.soundcu.com\/es\/wp-json\/wp\/v2\/pages\/2399","targetHints":{"allow":["GET"]}}],"collection":[{"href":"https:\/\/www.soundcu.com\/es\/wp-json\/wp\/v2\/pages"}],"about":[{"href":"https:\/\/www.soundcu.com\/es\/wp-json\/wp\/v2\/types\/page"}],"author":[{"embeddable":true,"href":"https:\/\/www.soundcu.com\/es\/wp-json\/wp\/v2\/users\/9"}],"replies":[{"embeddable":true,"href":"https:\/\/www.soundcu.com\/es\/wp-json\/wp\/v2\/comments?post=2399"}],"version-history":[{"count":11,"href":"https:\/\/www.soundcu.com\/es\/wp-json\/wp\/v2\/pages\/2399\/revisions"}],"predecessor-version":[{"id":18434,"href":"https:\/\/www.soundcu.com\/es\/wp-json\/wp\/v2\/pages\/2399\/revisions\/18434"}],"wp:attachment":[{"href":"https:\/\/www.soundcu.com\/es\/wp-json\/wp\/v2\/media?parent=2399"}],"wp:term":[{"taxonomy":"county","embeddable":true,"href":"https:\/\/www.soundcu.com\/es\/wp-json\/wp\/v2\/county?post=2399"}],"curies":[{"name":"wp","href":"https:\/\/api.w.org\/{rel}","templated":true}]}}