{"id":2517,"date":"2023-08-17T16:32:45","date_gmt":"2023-08-17T23:32:45","guid":{"rendered":"https:\/\/www.soundcu.com\/?page_id=2517"},"modified":"2026-01-14T09:35:52","modified_gmt":"2026-01-14T17:35:52","slug":"secondary-savings","status":"publish","type":"page","link":"https:\/\/www.soundcu.com\/es\/personal\/secondary-savings\/","title":{"rendered":"Ahorros secundarios"},"content":{"rendered":"<div class=\"co-flex_row co-flex_row__white co-flex_row__page-hero co-flex_row__next_row__page-intro\" >\n\t<div class=\"co-flex_row--row co-row\">\n\t\t\t<header class=\"co-page_hero  co-page_hero__has_image\" aria-label=\"Encabezado: Cuenta de ahorros secundaria Washington\">\n\t\t<div class=\"co-page_hero--inner\">\n\t\t\t<div class=\"prow items-center\">\n\t\t\t\t\t\t\t\t\t<div class=\"co-page_hero--img_wrap pcol-lg:6 pcol-xl:7\">\n\t\t\t\t\t\t<div class=\"co-page_hero--mask\"><svg width=\"997.021\" height=\"609.682\" viewbox=\"0 0 997.021 609.682\"><defs><clippath id=\"svgPathHero\"><path d=\"M299.014.148H0V609.681H299.014c480.632.192,698.007-296.752,698.007-296.752C691.761-16.846,299.014.148,299.014.148\"\/><\/clippath><\/defs><image id=\"image_69e94486687fe\" xlink:href=\"https:\/\/www.soundcu.com\/files\/Woman-Striped-Shirt_997x610.jpg\" src=\"https:\/\/www.soundcu.com\/files\/Woman-Striped-Shirt_997x610.jpg\" clip-path=\"url(#svgPathHero)\"  alt=\"Woman in a bright office setting.\" \/><\/svg><\/div>\t\t\t\t\t<\/div>\n\t\t\t\t\t\t\t\t<div class=\"co-page_hero--text pcol-lg:6 pcol-xl:5\">\n\t\t\t\t\t\t\t\t\t\t<h1 class=\"co-page_hero--title\" >Cuenta de ahorros secundaria Washington<\/h1>\t\t\t\t\t<p class=\"co-page_hero--tagline\">Personaliza tus objetivos de ahorro.<\/p>\t\t\t\t\t\t<div class=\"co-page_hero--buttons\">\n\t\t\t\t\t\t\t<a class=\"co-page_hero--button gtm-button\" href=\"\/es\/open-a-savings-account\/\"  >Abra una cuenta de ahorros<\/a>\t\t\t\t\t\t<\/div>\n\t\t\t\t\t\t\t\t\t\t<\/div>\n\t\t\t<\/div>\n\t\t<\/div>\n\t<\/header>\n\n\t<\/div>\n<\/div>\n\n\n<div class=\"co-flex_row co-flex_row__white co-flex_row__page-intro co-flex_row__next_row__sticky-nav\" >\n\t<div class=\"co-flex_row--row co-row\">\n\t\t\t<div class=\"co-page_intro\">\n\t\t<div class=\"co-page_intro--desc\"><p>Utiliza una cuenta de ahorros secundaria para organizar tus gastos o planificar un objetivo importante.<\/p>\n<\/div>\t<\/div>\n\n\t<\/div>\n<\/div>\n\n\n<div class=\"co-flex_row co-flex_row__sticky-nav co-flex_row__next_row__columns\" >\n\t<div class=\"co-flex_row--row co-row\">\n\t\t\t<div class=\"co-sticky_nav_wrap is-active\" id=\"js-sticky_nav_wrap\">\n\t\t<nav\n\t\t\tclass=\"co-sticky_nav\"\n\t\t\tid=\"js-sticky_nav\"\n\t\t\taria-label=\"en la navegaci\u00f3n de anclaje de p\u00e1gina\"\n\t\t>\n\t\t\t<div class=\"co-sticky_nav--mobile\">\n\t\t\t\t<button\n\t\t\t\t\tclass=\"co-sticky_nav--toggle\"\n\t\t\t\t\tid=\"js-sticky_nav_toggle\"\n\t\t\t\t\taria-label=\"Abrir y cerrar men\u00fa de p\u00e1gina\"\n\t\t\t\t>Men\u00fa de p\u00e1gina<\/button>\n\t\t\t<\/div>\n\t\t\t<div\n\t\t\t\tclass=\"co-sticky_nav--row co-row\"\n\t\t\t\tid=\"js-sticky_nav_links\"\n\t\t\t>\n\t\t\t\t\t\t\t\t\t<a\n\t\t\t\t\t\thref=\"#benefits\"\n\t\t\t\t\t\tclass=\"co-sticky_nav--link\t\t\t\t\t\t\tjs-sticky_nav_item\"\n\t\t\t\t\t\t\t\t\t\t\t>\n\t\t\t\t\t\tBeneficios\t\t\t\t\t<\/a>\n\t\t\t\t\t\t\t\t\t<a\n\t\t\t\t\t\thref=\"#faqs\"\n\t\t\t\t\t\tclass=\"co-sticky_nav--link\t\t\t\t\t\t\tjs-sticky_nav_item\"\n\t\t\t\t\t\t\t\t\t\t\t>\n\t\t\t\t\t\tPreguntas frecuentes\t\t\t\t\t<\/a>\n\t\t\t\t\t\t\t\t\t<a\n\t\t\t\t\t\thref=\"#open\"\n\t\t\t\t\t\tclass=\"co-sticky_nav--link\t\t\t\t\t\t\tjs-sticky_nav_item\"\n\t\t\t\t\t\t\t\t\t\t\t>\n\t\t\t\t\t\tAbrir una cuenta\t\t\t\t\t<\/a>\n\t\t\t\t\t\t\t<\/div>\n\t\t<\/nav>\n\t<\/div>\n\n\t<\/div>\n<\/div>\n\n\n<div class=\"co-flex_row co-flex_row__white co-flex_row__columns co-flex_row__next_row__long-form-text\" id=\"benefits\">\n\t<div class=\"co-flex_row--row co-row\">\n\t\t\t<div class=\"co-columns\">\n\t\t\t\t<header class=\"co-intro_text\">\n\t\t\t<h2 class=\"co-intro_text--title\">Beneficios de una cuenta de ahorros secundaria<\/h2>\t\t<\/header>\n\t\t\t\t<div class=\"co-columns--row prow prow-md:2 prow-lg:3 justify-center\">\n\t\t\t\t\t\t\t\t\t<div class=\"co-columns--box\">\n\t\t\t\t\t\t<h3 class=\"co-columns--box_headline\" >Liquidez y flexibilidad<\/h3><div class=\"co-columns--box_desc\"><p>Realizar transferencias en la aplicaci\u00f3n m\u00f3vil o <a href=\"https:\/\/www.soundcu.com\/es\/personal\/online-banking\/\">banca en l\u00ednea<\/a>. Acceda a sus fondos cuando y como lo necesite.<\/p>\n<\/div><div class=\"co-columns--box_button\"><\/div>\t\t\t\t\t<\/div>\n\t\t\t\t\t\t\t\t\t<div class=\"co-columns--box\">\n\t\t\t\t\t\t<h3 class=\"co-columns--box_headline\" >Ahorro autom\u00e1tico<\/h3><div class=\"co-columns--box_desc\"><p>Empiece a ahorrar hoy mismo con las transferencias autom\u00e1ticas. Configure el importe y la frecuencia de los dep\u00f3sitos y nosotros nos encargamos del resto. Puede realizar cambios en cualquier momento.<\/p>\n<\/div><div class=\"co-columns--box_button\"><\/div>\t\t\t\t\t<\/div>\n\t\t\t\t\t\t\t\t\t<div class=\"co-columns--box\">\n\t\t\t\t\t\t<h3 class=\"co-columns--box_headline\" >Acceso a la cuenta en cualquier momento<\/h3><div class=\"co-columns--box_desc\"><p>Administre sus fondos en varias docenas de empresas de servicios completos de Sound <a href=\"https:\/\/www.soundcu.com\/es\/branches\/\">sucursales<\/a>, en l\u00ednea, desde su tel\u00e9fono y en m\u00e1s de 5.000 sucursales compartidas y 30.000 cajeros autom\u00e1ticos en todo el pa\u00eds.<\/p>\n<\/div><div class=\"co-columns--box_button\"><\/div>\t\t\t\t\t<\/div>\n\t\t\t\t\t\t\t<\/div>\n\t\t\t\t<\/div>\n\n\t<\/div>\n<\/div>\n\n\n<div class=\"co-flex_row co-flex_row__white co-flex_row__long-form-text co-flex_row__next_row__faqs\" >\n\t<div class=\"co-flex_row--row co-row\">\n\t\t\t<div class=\"co-long_form\">\n\t\t\t\t\t<div class=\"co-long_form--block prow items-start\">\n\t\t\t\t<div class=\"co-long_form--text pcol-md:7\">\n\t\t\t\t\t<h2 class=\"co-long_form--headline\" >\u00a1Oye, gran ahorrador! Convi\u00e9rtete en un gran generador de ingresos.<\/h2><div class=\"co-long_form--content\"><p>\u00bfTienes un saldo elevado en tus ahorros? Abre una cuenta de ahorros con alto inter\u00e9s y haz que tu dinero rinda m\u00e1s.<\/p>\n<ul>\n<li>Mercados monetarios<\/li>\n<li>Certificados (CD)<\/li>\n<li>Cuentas Individuales de Jubilaci\u00f3n (IRA)<\/li>\n<li>Cuentas de Ahorro para la Educaci\u00f3n (ESA)<\/li>\n<\/ul>\n<\/div><a class=\"co-long_form--button co-button gtm-button\" href=\"https:\/\/www.soundcu.com\/es\/speed-bump\/?url=https%3A%2F%2Fwww.soundcu.com%2Fpersonal%2Fhigh-yield-savings%2F&#038;prev=https%3A%2F%2Fwww.soundcu.com%2Fes%2Fpersonal%2Fsecondary-savings%2F\"  >Ahorros de alto rendimiento<\/a>\t\t\t\t<\/div>\n\t\t\t\t\t\t\t\t\t<div class=\"co-long_form--media pcol-md:5 Image\">\n\t\t\t\t\t\t<div class=\"co-long_form--media_wrap\">\n\t\t\t\t\t\t\t<img loading=\"lazy\" decoding=\"async\" width=\"540\" height=\"330\" src=\"https:\/\/www.soundcu.com\/files\/Guy-with-specs-and-laptop-540x330-1.jpg\" class=\"co-long_form--image\" alt=\"Guy smiling at camera with coffee and tablet in living space\" srcset=\"https:\/\/www.soundcu.com\/files\/Guy-with-specs-and-laptop-540x330-1.jpg 540w, https:\/\/www.soundcu.com\/files\/Guy-with-specs-and-laptop-540x330-1-396x242.jpg 396w, https:\/\/www.soundcu.com\/files\/Guy-with-specs-and-laptop-540x330-1-75x46.jpg 75w\" sizes=\"auto, (max-width: 540px) 100vw, 540px\" \/>\t\t\t\t\t\t\t\t\t\t\t\t\t\t\t<svg class=\"co-long_form--media__svg\" width=\"252.96\" height=\"86.432\" viewbox=\"0 0 252.96 86.432\"><g transform=\"translate(-992.041 -7954.568)\"><path d=\"M567.407,124.428c-77.494-74.559-170.562-30.665-250.487,0C396.429,151.611,495.98,196.666,567.407,124.428Z\" transform=\"translate(677.594 7871.189)\" fill=\"#71c4e8\"\/><path d=\"M452.635,105.62c-41.987-40.4-92.411-16.614-135.715,0C360,120.347,413.936,144.758,452.635,105.62Z\" transform=\"translate(675.121 7914.231)\" fill=\"#00205b\"\/><\/g><\/svg>\n\t\t\t\t\t\t\t\t\t\t\t\t\t<\/div>\n\t\t\t\t\t\t\t\t\t\t\t<\/div>\n\t\t\t\t\t\t\t<\/div>\n\t\t\t\t<\/div>\n\n\t<\/div>\n<\/div>\n\n\n<div class=\"co-flex_row co-flex_row__white co-flex_row__faqs co-flex_row__next_row__multi-path-cta\" id=\"faqs\">\n\t<div class=\"co-flex_row--row co-row\">\n\t\t\t<section class=\"co-accords_section\" aria-label=\"Preguntas frecuentes sobre ahorros secundarios\">\n\t\t\t\t<header class=\"co-intro_text\">\n\t\t\t<h2 class=\"co-intro_text--title\">Preguntas frecuentes sobre ahorros secundarios<\/h2>\t\t<\/header>\n\t\t\t<div class=\"co-accordion\" data-animation=\"on\" data-multi-items=\"on\">\n\t\t\t\t\t\t\t<div class=\"co-accordion--item\">\n\t\t\t\t\t<button\n\t\t\t\t\t\t\t\t\t\t\t\t\tdata-accordid=\"4023\"\n\t\t\t\t\t\t\t\t\t\t\t\tclass=\"co-accordion--header\t\t\t\t\t\t\tjs-accord_toggle\t\t\t\t\t\t\tclosed\"\n\t\t\t\t\t>\n\t\t\t\t\t\t<span class=\"text-md\">\u00bfC\u00f3mo puedo abrir una cuenta de ahorros?<\/span>\n\t\t\t\t\t\t<svg class=\"co-accordion--icon no-js:is-hidden\" viewbox=\"0 0 20 20\"><g class=\"icon__group\" fill=\"none\" stroke=\"currentColor\" stroke-linecap=\"round\" stroke-linejoin=\"round\"><line x1=\"3\" y1=\"3\" x2=\"17\" y2=\"17\"><\/line><line x1=\"17\" y1=\"3\" x2=\"3\" y2=\"17\"><\/line><\/g><\/svg>\n\t\t\t\t\t<\/button>\n\t\t\t\t\t<div class=\"co-accordion--panel\t\t\t\t\t\tjs-accord_content\">\n\t\t\t\t\t\t<p>A <a href=\"https:\/\/www.soundcu.com\/es\/personal\/savings\/\">abrir una cuenta de ahorros<\/a> Deber\u00e1 completar la solicitud proporcionada y realizar un dep\u00f3sito inicial, si es necesario. Tambi\u00e9n necesitar\u00e1 su n\u00famero de socio (si ya lo es) e informaci\u00f3n personal, incluyendo una identificaci\u00f3n oficial con foto. Puede abrir una cuenta de ahorros en l\u00ednea o en cualquier sucursal. Si abre su cuenta en l\u00ednea, tenga su dispositivo m\u00f3vil a mano y est\u00e9 preparado para acceder a su correo electr\u00f3nico.<\/p>\n<p><a href=\"https:\/\/www.soundcu.com\/es\/\">Sound Credit Union<\/a> Ofrece cuentas de ahorro. <a href=\"https:\/\/www.soundcu.com\/es\/personal\/savings\/\">M\u00e1s informaci\u00f3n \u00bb<\/a><\/p>\n\t\t\t\t\t<\/div>\n\t\t\t\t<\/div>\n\t\t\t\t\t\t\t<div class=\"co-accordion--item\">\n\t\t\t\t\t<button\n\t\t\t\t\t\t\t\t\t\t\t\t\tdata-accordid=\"4024\"\n\t\t\t\t\t\t\t\t\t\t\t\tclass=\"co-accordion--header\t\t\t\t\t\t\tjs-accord_toggle\t\t\t\t\t\t\tclosed\"\n\t\t\t\t\t>\n\t\t\t\t\t\t<span class=\"text-md\">\u00bfCu\u00e1ntos retiros puedo hacer de mi cuenta cada mes?<\/span>\n\t\t\t\t\t\t<svg class=\"co-accordion--icon no-js:is-hidden\" viewbox=\"0 0 20 20\"><g class=\"icon__group\" fill=\"none\" stroke=\"currentColor\" stroke-linecap=\"round\" stroke-linejoin=\"round\"><line x1=\"3\" y1=\"3\" x2=\"17\" y2=\"17\"><\/line><line x1=\"17\" y1=\"3\" x2=\"3\" y2=\"17\"><\/line><\/g><\/svg>\n\t\t\t\t\t<\/button>\n\t\t\t\t\t<div class=\"co-accordion--panel\t\t\t\t\t\tjs-accord_content\">\n\t\t\t\t\t\t<p>La ley federal limita el n\u00famero de retiros y transferencias de su cuenta de ahorros a seis (6) por mes.<\/p>\n\t\t\t\t\t<\/div>\n\t\t\t\t<\/div>\n\t\t\t\t\t\t\t<div class=\"co-accordion--item\">\n\t\t\t\t\t<button\n\t\t\t\t\t\t\t\t\t\t\t\t\tdata-accordid=\"4026\"\n\t\t\t\t\t\t\t\t\t\t\t\tclass=\"co-accordion--header\t\t\t\t\t\t\tjs-accord_toggle\t\t\t\t\t\t\tclosed\"\n\t\t\t\t\t>\n\t\t\t\t\t\t<span class=\"text-md\">\u00bfQu\u00e9 es una cuenta de ahorros para la salud?<\/span>\n\t\t\t\t\t\t<svg class=\"co-accordion--icon no-js:is-hidden\" viewbox=\"0 0 20 20\"><g class=\"icon__group\" fill=\"none\" stroke=\"currentColor\" stroke-linecap=\"round\" stroke-linejoin=\"round\"><line x1=\"3\" y1=\"3\" x2=\"17\" y2=\"17\"><\/line><line x1=\"17\" y1=\"3\" x2=\"3\" y2=\"17\"><\/line><\/g><\/svg>\n\t\t\t\t\t<\/button>\n\t\t\t\t\t<div class=\"co-accordion--panel\t\t\t\t\t\tjs-accord_content\">\n\t\t\t\t\t\t<p>Una cuenta de ahorros para la salud (HSA, por sus siglas en ingl\u00e9s) es una cuenta bancaria que se puede utilizar para pagar gastos m\u00e9dicos, libres de impuestos, si usted tiene un plan de salud con altos costos de bolsillo.<\/p>\n<p>Sound Credit Union ofrece cuentas de ahorro para gastos m\u00e9dicos. <a href=\"https:\/\/www.soundcu.com\/es\/personal\/hsa\/\">M\u00e1s informaci\u00f3n \u00bb<\/a><\/p>\n\t\t\t\t\t<\/div>\n\t\t\t\t<\/div>\n\t\t\t\t\t<\/div>\n\t\t\t<\/section>\n\n\t<\/div>\n<\/div>\n\n\n<div class=\"co-flex_row co-flex_row__white co-flex_row__multi-path-cta co-flex_row__next_row__disclosures\" id=\"open\">\n\t<div class=\"co-flex_row--row co-row\">\n\t\t\t<div class=\"co-mp_ctas\">\n\t\t\t\t<header class=\"co-intro_text\">\n\t\t\t<h2 class=\"co-intro_text--title\">Abra hoy mismo una cuenta de ahorros secundaria.<\/h2>\t\t<\/header>\n\t\t\t<div class=\"co-mp_ctas--list prow justify-center\">\n\t\t\t\t\t\t\t\t\t\t\t<div class=\"co-mp_cta pcol-lg:4\">\n\t\t\t\t\t<div class=\"co-mp_cta--title\">\n\t\t\t\t\t\tAbrir una cuenta\t\t\t\t\t<\/div>\n\t\t\t\t\t<a data-trigger-id=\"18040\" class=\"modal-trigger co-mp_cta--link\" href=\"#\">Comience<\/a>\t<div class=\"co-overlay with-sidebar\" data-trigger-id=\"18040\">\n\t\t<div class=\"co-overlay--inner\">\n\t\t\t\t\t<div class=\"co-overlay--content text-component\">\n\t\t\t\t<div class=\"co-overlay--content_inner\">\n\t\t\t\t\t<h2 class=\"co-overlay--title\">Abre una cuenta en Sound<\/h2><p>\u00bfEres nuevo en Sound o ya eres miembro?<\/p>\n\t\t\t\t\t\t<div class=\"co-overlay--cta\">\n\t\t\t\t\t\t\t\t\t\t\t\t\t\t\t<div class=\"co-overlay--cta__block\">\n\t\t\t\t\t\t\t\t\t<a data-trigger-id=\"18039\" class=\"modal-trigger co-overlay--cta_button\" href=\"#\">Soy nuevo<\/a>\t<div class=\"co-overlay with-sidebar\" data-trigger-id=\"18039\">\n\t\t<div class=\"co-overlay--inner\">\n\t\t\t\t\t<div class=\"co-overlay--content text-component\">\n\t\t\t\t<div class=\"co-overlay--content_inner\">\n\t\t\t\t\t<h2 class=\"co-overlay--title\">\u00a1Bienvenido!<\/h2><p>La membres\u00eda comienza con una cuenta de ahorros. Tambi\u00e9n puedes solicitar cuentas corrientes, certificados de dep\u00f3sito y m\u00e1s, todo en aproximadamente 5 minutos.<\/p>\n<p>Necesitar\u00e1s tener listo lo siguiente:<\/p>\n<ol>\n<li>Documento de identidad con fotograf\u00eda v\u00e1lido<\/li>\n<li>N\u00famero de Seguro Social (SSN) o n\u00famero de identificaci\u00f3n fiscal de EE. UU.<\/li>\n<li>Direcci\u00f3n postal f\u00edsica<\/li>\n<\/ol>\n\t\t\t\t\t\t<div class=\"co-overlay--cta\">\n\t\t\t\t\t\t\t\t\t\t\t\t\t\t\t<div class=\"co-overlay--cta__block\">\n\t\t\t\t\t\t\t\t\t<a class=\"co-overlay--cta_button\" href=\"https:\/\/account.soundcu.com\/\" rel=\"noopener\">Comience<\/a>\t\t\t\t\t\t\t\t<\/div>\n\t\t\t\t\t\t\t\t\t\t\t\t\t<\/div>\n\t\t\t\t\t\t\t\t\t<\/div>\n\t\t\t<\/div>\n\t\t\t\t\t\t\t<div class=\"co-overlay--sidebar text-component\">\n\t\t\t\t\t<h3>Gracias por su inter\u00e9s en el sonido.<\/h3>\n<p>Estamos aqu\u00ed para ayudarte de la manera que te resulte m\u00e1s f\u00e1cil.<\/p>\n<p><span class=\"co-button\"><a href=\"https:\/\/www.soundcu.com\/es\/contact\/\" target=\"_blank\" rel=\"noopener\">Cont\u00e1ctarnos<\/a><\/span><\/p>\n<hr \/>\n<div class=\"small-text\">\n<p><span class=\"co-button\"><a href=\"https:\/\/account.soundcu.com\/apptracker#\/\" rel=\"noopener\">Reanudar una aplicaci\u00f3n guardada<\/a><\/span><\/p>\n<\/div>\n\t\t\t\t<\/div>\n\t\t\t\t\t\t\t<\/div>\n\t<\/div>\n\t\t\t\t\t\t\t\t<\/div>\n\t\t\t\t\t\t\t\t\t\t\t\t\t\t\t<div class=\"co-overlay--cta__block\">\n\t\t\t\t\t\t\t\t\t<a data-trigger-id=\"18041\" class=\"modal-trigger co-overlay--cta_button\" href=\"#\">Ya eres miembro<\/a>\t<div class=\"co-overlay with-sidebar\" data-trigger-id=\"18041\">\n\t\t<div class=\"co-overlay--inner\">\n\t\t\t\t\t<div class=\"co-overlay--content text-component\">\n\t\t\t\t<div class=\"co-overlay--content_inner\">\n\t\t\t\t\t<h2 class=\"co-overlay--title\">\u00a1Bienvenido de nuevo!<\/h2><p>A continuaci\u00f3n, deber\u00e1 decidir si desea agregar cuentas a su membres\u00eda actual o abrir una nueva.<\/p>\n\t\t\t\t\t\t<div class=\"co-overlay--cta\">\n\t\t\t\t\t\t\t\t\t\t\t\t\t\t\t<div class=\"co-overlay--cta__block\">\n\t\t\t\t\t\t\t\t\t<a class=\"co-overlay--cta_button\" href=\"https:\/\/account.soundcu.com\/\" rel=\"noopener\">Comience<\/a>\t\t\t\t\t\t\t\t<\/div>\n\t\t\t\t\t\t\t\t\t\t\t\t\t<\/div>\n\t\t\t\t\t\t\t\t\t<\/div>\n\t\t\t<\/div>\n\t\t\t\t\t\t\t<div class=\"co-overlay--sidebar text-component\">\n\t\t\t\t\t<h3>Agradecemos su membres\u00eda.<\/h3>\n<p>Estamos aqu\u00ed para ayudarte de la manera que te resulte m\u00e1s f\u00e1cil.<\/p>\n<p><span class=\"co-button\"><a href=\"https:\/\/www.soundcu.com\/es\/contact\/\" target=\"_blank\" rel=\"noopener\">Cont\u00e1ctarnos<\/a><\/span><\/p>\n<hr \/>\n<div class=\"small-text\">\n<p><span class=\"co-button\"><a href=\"https:\/\/account.soundcu.com\/apptracker#\/\" rel=\"noopener\">Reanudar una aplicaci\u00f3n guardada<\/a><\/span><\/p>\n<\/div>\n\t\t\t\t<\/div>\n\t\t\t\t\t\t\t<\/div>\n\t<\/div>\n\t\t\t\t\t\t\t\t<\/div>\n\t\t\t\t\t\t\t\t\t\t\t\t\t<\/div>\n\t\t\t\t\t\t\t\t\t<\/div>\n\t\t\t<\/div>\n\t\t\t\t\t\t\t<div class=\"co-overlay--sidebar text-component\">\n\t\t\t\t\t<h3>\u00a1Hola!<\/h3>\n<p>Estamos aqu\u00ed para ayudarte de la manera que te resulte m\u00e1s f\u00e1cil.<\/p>\n<p><span class=\"co-button\"><a href=\"https:\/\/www.soundcu.com\/es\/contact\/\" target=\"_blank\" rel=\"noopener\">Cont\u00e1ctarnos<\/a><\/span><\/p>\n<hr \/>\n<div class=\"small-text\">\n<p><span class=\"co-button\"><a href=\"https:\/\/account.soundcu.com\/apptracker#\/\" rel=\"noopener\">Reanudar una aplicaci\u00f3n guardada<\/a><\/span><\/p>\n<\/div>\n\t\t\t\t<\/div>\n\t\t\t\t\t\t\t<\/div>\n\t<\/div>\n\t\t\t\t<\/div>\n\t\t\t\t\t\t\t\t\t\t\t<div class=\"co-mp_cta pcol-lg:4\">\n\t\t\t\t\t<div class=\"co-mp_cta--title\">\n\t\t\t\t\t\tVisite una sucursal local.\t\t\t\t\t<\/div>\n\t\t\t\t\t<a class=\"co-mp_cta--link gtm-button\" href=\"https:\/\/www.soundcu.com\/es\/speed-bump\/?url=https%3A%2F%2Fwww.soundcu.com%2Fbranches%2F&#038;prev=https%3A%2F%2Fwww.soundcu.com%2Fes%2Fpersonal%2Fsecondary-savings%2F\">Encuentra una sucursal<\/a>\t\t\t\t<\/div>\n\t\t\t\t\t\t\t\t\t\t\t<div class=\"co-mp_cta pcol-lg:4\">\n\t\t\t\t\t<div class=\"co-mp_cta--title\">\n\t\t\t\t\t\tLl\u00e1menos\t\t\t\t\t<\/div>\n\t\t\t\t\t\t\t\t\t\t\t<div class=\"co-mp_cta--content\">\n\t\t\t\t\t\t\t<p><a href=\"tel:8005628130\">800.562.8130<\/a><\/p>\n\t\t\t\t\t\t<\/div>\n\t\t\t\t\t\t\t\t\t<\/div>\n\t\t\t\t\t<\/div>\n\t<\/div>\n\n\t<\/div>\n<\/div>\n\n\n<div class=\"co-flex_row co-flex_row__white co-flex_row__last co-flex_row__disclosures\" >\n\t<div class=\"co-flex_row--row co-row\">\n\t\t\t<div class=\"co-disclosures\">\n\t\t<h2 class=\"co-disclosures--title\">Divulgaciones<\/h2>\n\t\t<div class=\"co-disclosures--content\">\n\t\t\t<div class=\"small-text\">\n<p>Asegurado por la NCUA.<\/p>\n<\/div>\n\t\t<\/div>\n\t<\/div>\n\n\t<\/div>\n<\/div>","protected":false},"excerpt":{"rendered":"","protected":false},"author":9,"featured_media":0,"parent":2314,"menu_order":0,"comment_status":"closed","ping_status":"closed","template":"","meta":{"_acf_changed":false,"content-type":"","_searchwp_excluded":"","footnotes":""},"county":[],"class_list":["post-2517","page","type-page","status-publish","hentry"],"acf":[],"_links":{"self":[{"href":"https:\/\/www.soundcu.com\/es\/wp-json\/wp\/v2\/pages\/2517","targetHints":{"allow":["GET"]}}],"collection":[{"href":"https:\/\/www.soundcu.com\/es\/wp-json\/wp\/v2\/pages"}],"about":[{"href":"https:\/\/www.soundcu.com\/es\/wp-json\/wp\/v2\/types\/page"}],"author":[{"embeddable":true,"href":"https:\/\/www.soundcu.com\/es\/wp-json\/wp\/v2\/users\/9"}],"replies":[{"embeddable":true,"href":"https:\/\/www.soundcu.com\/es\/wp-json\/wp\/v2\/comments?post=2517"}],"version-history":[{"count":10,"href":"https:\/\/www.soundcu.com\/es\/wp-json\/wp\/v2\/pages\/2517\/revisions"}],"predecessor-version":[{"id":18167,"href":"https:\/\/www.soundcu.com\/es\/wp-json\/wp\/v2\/pages\/2517\/revisions\/18167"}],"up":[{"embeddable":true,"href":"https:\/\/www.soundcu.com\/es\/wp-json\/wp\/v2\/pages\/2314"}],"wp:attachment":[{"href":"https:\/\/www.soundcu.com\/es\/wp-json\/wp\/v2\/media?parent=2517"}],"wp:term":[{"taxonomy":"county","embeddable":true,"href":"https:\/\/www.soundcu.com\/es\/wp-json\/wp\/v2\/county?post=2517"}],"curies":[{"name":"wp","href":"https:\/\/api.w.org\/{rel}","templated":true}]}}