{"id":2943,"date":"2023-09-15T14:43:50","date_gmt":"2023-09-15T21:43:50","guid":{"rendered":"https:\/\/www.soundcu.com\/?page_id=2943"},"modified":"2024-02-13T09:28:23","modified_gmt":"2024-02-13T17:28:23","slug":"credit-cards","status":"publish","type":"page","link":"https:\/\/www.soundcu.com\/es\/rates\/personal\/credit-cards\/","title":{"rendered":"Tasas de tarjetas de cr\u00e9dito"},"content":{"rendered":"<div class=\"co-flex_row co-flex_row__blue co-flex_row__next_row_diff co-flex_row__minimal-hero co-flex_row__next_row__long-form-text\" >\n\t<div class=\"co-flex_row--row co-row\">\n\t\t\t<header class=\"co-page_hero co-page_minimalHero co-page_hero__no_image\" aria-label=\"Encabezado: Tasas de inter\u00e9s de las tarjetas de cr\u00e9dito\">\n\t\t<div class=\"co-page_hero--inner\">\n\t\t\t<div class=\"prow items-center\">\n\t\t\t\t<div class=\"co-page_hero--text\">\n\t\t\t\t\t<h1 class=\"co-page_hero--title\" >Tasas de tarjetas de cr\u00e9dito<\/h1>\t\t\t\t\t\t\t\t\t<\/div>\n\t\t\t<\/div>\n\t\t<\/div>\n\t<\/header>\n\n\t<\/div>\n<\/div>\n\n\n<div class=\"co-flex_row co-flex_row__white co-flex_row__last co-flex_row__long-form-text\" >\n\t<div class=\"co-flex_row--row co-row\">\n\t\t\t<div class=\"co-long_form\">\n\t\t\t\t\t<div class=\"co-long_form--block co-long_form--block__nomedia prow items-start\">\n\t\t\t\t<div class=\"co-long_form--text pcol-md:8\">\n\t\t\t\t\t<div class=\"co-long_form--content\"><div class=\"co-rates_table_wrap co-rates_table_wrap__rates_list\">\n\t<table class=\"co-rates_table\">\n\t\t<caption class=\"co-rates_table_wrap--title\" id=\"creditcards\">\n\t\t\tTarjetas de cr\u00e9dito\t\t<\/caption>\n\t\t\t\t\t<thead>\n\t\t\t\t<tr>\n\t\t\t\t\t\t\t\t\t\t\t<th\n\t\t\t\t\t\t\tclass=\"co-rates_table--heading\"\n\t\t\t\t\t\t\tscope=\"col\"\n\t\t\t\t\t\t>\n\t\t\t\t\t\t\t<p>Tipo de tarjeta<\/p>\t\t\t\t\t\t<\/th>\n\t\t\t\t\t\t\t\t\t\t\t<th\n\t\t\t\t\t\t\tclass=\"co-rates_table--heading\"\n\t\t\t\t\t\t\tscope=\"col\"\n\t\t\t\t\t\t>\n\t\t\t\t\t\t\t<p>Rango de TAE<sup>*1<\/sup><\/p>\t\t\t\t\t\t<\/th>\n\t\t\t\t\t\t\t\t\t<\/tr>\n\t\t\t<\/thead>\n\t\t\t\t\t<tfoot>\n\t\t\t\t<tr>\n\t\t\t\t\t<td class=\"co-rates_table--foot_cell\" colspan=\"2\">\n\t\t\t\t\t\t<div class=\"small-text\">\n<p style=\"text-align: left;\">\u00b9Informaci\u00f3n sobre la tasa variable: Su tasa puede aumentar o disminuir si la tasa preferencial publicada en el Wall Street Journal 5 d\u00edas antes del final del mes anterior aumenta o disminuye. Su tasa puede cambiar mensualmente el primer d\u00eda de cada ciclo de facturaci\u00f3n posterior a un cambio en la tasa preferencial. Su tasa ser\u00e1 igual a la tasa preferencial m\u00e1s un margen de: 3.70%-14.70% para Select y Select Secured; 5.70%-15.70% para Rewards y Cash Back. Cualquier aumento se reflejar\u00e1 en pagos adicionales del mismo monto. Su tasa variable nunca ser\u00e1 mayor que la tasa m\u00e1xima permitida por la ley aplicable.<\/p>\n<p style=\"text-align: left;\">Las tarifas y los cargos est\u00e1n sujetos a cambios. Consulte con su sucursal local o ll\u00e1menos si tiene alguna pregunta.<\/p>\n<p style=\"text-align: left;\">Todos los pr\u00e9stamos est\u00e1n sujetos a aprobaci\u00f3n crediticia. Su tasa de inter\u00e9s y l\u00edmite de cr\u00e9dito se determinar\u00e1n seg\u00fan su solvencia crediticia individual, incluyendo ingresos, \u00edndice de endeudamiento y empleo. Es posible que se requiera verificaci\u00f3n de ingresos. Debe tener 18 a\u00f1os o m\u00e1s para calificar para un pr\u00e9stamo. Debe ser miembro de Sound Credit Union para participar. Cualquier persona que viva o trabaje en el estado de Washington puede unirse. La membres\u00eda en Sound requiere una cuenta de ahorros.<\/p>\n<\/div>\n\t\t\t\t\t<\/td>\n\t\t\t\t<\/tr>\n\t\t\t<\/tfoot>\n\t\t\t\t\t<tbody>\n\t\t\t\t\t\t\t\t\t<tr class=\"co-rates_table--row\">\n\t\t\t\t\t\t\t\t\t\t\t\t\t<td class=\"co-rates_table--cell\">\n\t\t\t\t\t\t\t\t<div class=\"co-rates_table--cell_mobile_title\">\n\t\t\t\t\t\t\t\t\t<p>Tipo de tarjeta<\/p>\t\t\t\t\t\t\t\t<\/div>\n\t\t\t\t\t\t\t\t<p>Recompensas<\/p>\t\t\t\t\t\t\t<\/td>\n\t\t\t\t\t\t\t\t\t\t\t\t\t<td class=\"co-rates_table--cell\">\n\t\t\t\t\t\t\t\t<div class=\"co-rates_table--cell_mobile_title\">\n\t\t\t\t\t\t\t\t\t<p>Rango de TAE<sup>*1<\/sup><\/p>\t\t\t\t\t\t\t\t<\/div>\n\t\t\t\t\t\t\t\t<p>12.45% \u2013 22.45%<\/p>\t\t\t\t\t\t\t<\/td>\n\t\t\t\t\t\t\t\t\t\t\t<\/tr>\n\t\t\t\t\t\t\t\t\t<tr class=\"co-rates_table--row\">\n\t\t\t\t\t\t\t\t\t\t\t\t\t<td class=\"co-rates_table--cell\">\n\t\t\t\t\t\t\t\t<div class=\"co-rates_table--cell_mobile_title\">\n\t\t\t\t\t\t\t\t\t<p>Tipo de tarjeta<\/p>\t\t\t\t\t\t\t\t<\/div>\n\t\t\t\t\t\t\t\t<p>Reembolso en efectivo<\/p>\t\t\t\t\t\t\t<\/td>\n\t\t\t\t\t\t\t\t\t\t\t\t\t<td class=\"co-rates_table--cell\">\n\t\t\t\t\t\t\t\t<div class=\"co-rates_table--cell_mobile_title\">\n\t\t\t\t\t\t\t\t\t<p>Rango de TAE<sup>*1<\/sup><\/p>\t\t\t\t\t\t\t\t<\/div>\n\t\t\t\t\t\t\t\t<p>12.45% \u2013 22.45%<\/p>\t\t\t\t\t\t\t<\/td>\n\t\t\t\t\t\t\t\t\t\t\t<\/tr>\n\t\t\t\t\t\t\t\t\t<tr class=\"co-rates_table--row\">\n\t\t\t\t\t\t\t\t\t\t\t\t\t<td class=\"co-rates_table--cell\">\n\t\t\t\t\t\t\t\t<div class=\"co-rates_table--cell_mobile_title\">\n\t\t\t\t\t\t\t\t\t<p>Tipo de tarjeta<\/p>\t\t\t\t\t\t\t\t<\/div>\n\t\t\t\t\t\t\t\t<p>Seleccionar<\/p>\t\t\t\t\t\t\t<\/td>\n\t\t\t\t\t\t\t\t\t\t\t\t\t<td class=\"co-rates_table--cell\">\n\t\t\t\t\t\t\t\t<div class=\"co-rates_table--cell_mobile_title\">\n\t\t\t\t\t\t\t\t\t<p>Rango de TAE<sup>*1<\/sup><\/p>\t\t\t\t\t\t\t\t<\/div>\n\t\t\t\t\t\t\t\t<p>10.45% \u2013 21.45%<\/p>\t\t\t\t\t\t\t<\/td>\n\t\t\t\t\t\t\t\t\t\t\t<\/tr>\n\t\t\t\t\t\t\t\t\t<tr class=\"co-rates_table--row\">\n\t\t\t\t\t\t\t\t\t\t\t\t\t<td class=\"co-rates_table--cell\">\n\t\t\t\t\t\t\t\t<div class=\"co-rates_table--cell_mobile_title\">\n\t\t\t\t\t\t\t\t\t<p>Tipo de tarjeta<\/p>\t\t\t\t\t\t\t\t<\/div>\n\t\t\t\t\t\t\t\t<p>Seleccione Seguro<\/p>\t\t\t\t\t\t\t<\/td>\n\t\t\t\t\t\t\t\t\t\t\t\t\t<td class=\"co-rates_table--cell\">\n\t\t\t\t\t\t\t\t<div class=\"co-rates_table--cell_mobile_title\">\n\t\t\t\t\t\t\t\t\t<p>Rango de TAE<sup>*1<\/sup><\/p>\t\t\t\t\t\t\t\t<\/div>\n\t\t\t\t\t\t\t\t<p>10.45% \u2013 21.45%<\/p>\t\t\t\t\t\t\t<\/td>\n\t\t\t\t\t\t\t\t\t\t\t<\/tr>\n\t\t\t\t\t\t\t<\/tbody>\n\t\t\t<\/table>\n<\/div>\n<\/div>\t\t\t\t<\/div>\n\t\t\t\t\t\t\t<\/div>\n\t\t\t\t<\/div>\n\n\t<\/div>\n<\/div>","protected":false},"excerpt":{"rendered":"","protected":false},"author":9,"featured_media":0,"parent":2362,"menu_order":0,"comment_status":"closed","ping_status":"closed","template":"","meta":{"_acf_changed":false,"content-type":"","_searchwp_excluded":"","footnotes":""},"county":[],"class_list":["post-2943","page","type-page","status-publish","hentry"],"acf":[],"_links":{"self":[{"href":"https:\/\/www.soundcu.com\/es\/wp-json\/wp\/v2\/pages\/2943","targetHints":{"allow":["GET"]}}],"collection":[{"href":"https:\/\/www.soundcu.com\/es\/wp-json\/wp\/v2\/pages"}],"about":[{"href":"https:\/\/www.soundcu.com\/es\/wp-json\/wp\/v2\/types\/page"}],"author":[{"embeddable":true,"href":"https:\/\/www.soundcu.com\/es\/wp-json\/wp\/v2\/users\/9"}],"replies":[{"embeddable":true,"href":"https:\/\/www.soundcu.com\/es\/wp-json\/wp\/v2\/comments?post=2943"}],"version-history":[{"count":0,"href":"https:\/\/www.soundcu.com\/es\/wp-json\/wp\/v2\/pages\/2943\/revisions"}],"up":[{"embeddable":true,"href":"https:\/\/www.soundcu.com\/es\/wp-json\/wp\/v2\/pages\/2362"}],"wp:attachment":[{"href":"https:\/\/www.soundcu.com\/es\/wp-json\/wp\/v2\/media?parent=2943"}],"wp:term":[{"taxonomy":"county","embeddable":true,"href":"https:\/\/www.soundcu.com\/es\/wp-json\/wp\/v2\/county?post=2943"}],"curies":[{"name":"wp","href":"https:\/\/api.w.org\/{rel}","templated":true}]}}