{"id":2984,"date":"2023-09-18T08:54:36","date_gmt":"2023-09-18T15:54:36","guid":{"rendered":"https:\/\/www.soundcu.com\/?page_id=2984"},"modified":"2025-11-20T07:50:33","modified_gmt":"2025-11-20T15:50:33","slug":"prime-savings","status":"publish","type":"page","link":"https:\/\/www.soundcu.com\/es\/personal\/prime-savings\/","title":{"rendered":"Ahorros Prime"},"content":{"rendered":"<div class=\"co-flex_row co-flex_row__blue co-flex_row__next_row_diff co-flex_row__page-hero co-flex_row__next_row__page-intro\" >\n\t<div class=\"co-flex_row--row co-row\">\n\t\t\t<header class=\"co-page_hero  co-page_hero__has_image\" aria-label=\"Encabezado: La forma favorita de ahorrar en el estado de Washington\">\n\t\t<div class=\"co-page_hero--inner\">\n\t\t\t<div class=\"prow items-center\">\n\t\t\t\t\t\t\t\t\t<div class=\"co-page_hero--img_wrap pcol-lg:6 pcol-xl:7\">\n\t\t\t\t\t\t<div class=\"co-page_hero--mask\"><svg width=\"997.021\" height=\"609.682\" viewbox=\"0 0 997.021 609.682\"><defs><clippath id=\"svgPathHero\"><path d=\"M299.014.148H0V609.681H299.014c480.632.192,698.007-296.752,698.007-296.752C691.761-16.846,299.014.148,299.014.148\"\/><\/clippath><\/defs><image id=\"image_69e9448725299\" xlink:href=\"https:\/\/www.soundcu.com\/files\/iStock-1493266293_997x610.jpg\" src=\"https:\/\/www.soundcu.com\/files\/iStock-1493266293_997x610.jpg\" clip-path=\"url(#svgPathHero)\"  alt=\"Portrait of a mid adult woman in the library\" \/><\/svg><\/div>\t\t\t\t\t<\/div>\n\t\t\t\t\t\t\t\t<div class=\"co-page_hero--text pcol-lg:6 pcol-xl:5\">\n\t\t\t\t\t\t\t\t\t\t\t<h1 class=\"co-page_hero--sup_heading\">\n\t\t\t\t\t\t\tAbre una cuenta de ahorros Prime en l\u00ednea.\t\t\t\t\t\t<\/h1>\n\t\t\t\t\t\t\t\t\t\t<h2 class=\"co-page_hero--title\" >La forma favorita del estado de Washington de ahorrar<\/h2>\t\t\t\t\t<p class=\"co-page_hero--tagline\">Una forma sencilla de empezar a ahorrar.<\/p>\t\t\t\t\t\t<div class=\"co-page_hero--buttons\">\n\t\t\t\t\t\t\t<a class=\"co-page_hero--button gtm-button\" href=\"https:\/\/www.soundcu.com\/es\/speed-bump\/?url=https%3A%2F%2Fwww.soundcu.com%2Fopen-an-account%2F&#038;prev=https%3A%2F%2Fwww.soundcu.com%2Fes%2Fpersonal%2Fprime-savings%2F\"  >Abrir una cuenta<\/a>\t\t\t\t\t\t<\/div>\n\t\t\t\t\t\t\t\t\t\t<\/div>\n\t\t\t<\/div>\n\t\t<\/div>\n\t<\/header>\n\n\t<\/div>\n<\/div>\n\n\n<div class=\"co-flex_row co-flex_row__white co-flex_row__page-intro co-flex_row__next_row__sticky-nav\" >\n\t<div class=\"co-flex_row--row co-row\">\n\t\t\t<div class=\"co-page_intro\">\n\t\t<div class=\"co-page_intro--desc\"><p>Abrir una cuenta de ahorros Prime en Sound te da acceso a tu membres\u00eda y te permite disfrutar de grandes ventajas.<\/p>\n<\/div>\t<\/div>\n\n\t<\/div>\n<\/div>\n\n\n<div class=\"co-flex_row co-flex_row__sticky-nav co-flex_row__next_row__columns\" >\n\t<div class=\"co-flex_row--row co-row\">\n\t\t\t<div class=\"co-sticky_nav_wrap is-active\" id=\"js-sticky_nav_wrap\">\n\t\t<nav\n\t\t\tclass=\"co-sticky_nav\"\n\t\t\tid=\"js-sticky_nav\"\n\t\t\taria-label=\"en la navegaci\u00f3n de anclaje de p\u00e1gina\"\n\t\t>\n\t\t\t<div class=\"co-sticky_nav--mobile\">\n\t\t\t\t<button\n\t\t\t\t\tclass=\"co-sticky_nav--toggle\"\n\t\t\t\t\tid=\"js-sticky_nav_toggle\"\n\t\t\t\t\taria-label=\"Abrir y cerrar men\u00fa de p\u00e1gina\"\n\t\t\t\t>Men\u00fa de p\u00e1gina<\/button>\n\t\t\t<\/div>\n\t\t\t<div\n\t\t\t\tclass=\"co-sticky_nav--row co-row\"\n\t\t\t\tid=\"js-sticky_nav_links\"\n\t\t\t>\n\t\t\t\t\t\t\t\t\t<a\n\t\t\t\t\t\thref=\"#benefits\"\n\t\t\t\t\t\tclass=\"co-sticky_nav--link\t\t\t\t\t\t\tjs-sticky_nav_item\"\n\t\t\t\t\t\t\t\t\t\t\t>\n\t\t\t\t\t\tBeneficios\t\t\t\t\t<\/a>\n\t\t\t\t\t\t\t\t\t<a\n\t\t\t\t\t\thref=\"#faqs\"\n\t\t\t\t\t\tclass=\"co-sticky_nav--link\t\t\t\t\t\t\tjs-sticky_nav_item\"\n\t\t\t\t\t\t\t\t\t\t\t>\n\t\t\t\t\t\tPreguntas frecuentes\t\t\t\t\t<\/a>\n\t\t\t\t\t\t\t\t\t<a\n\t\t\t\t\t\thref=\"#open\"\n\t\t\t\t\t\tclass=\"co-sticky_nav--link\t\t\t\t\t\t\tjs-sticky_nav_item\"\n\t\t\t\t\t\t\t\t\t\t\t>\n\t\t\t\t\t\tAbrir una cuenta\t\t\t\t\t<\/a>\n\t\t\t\t\t\t\t<\/div>\n\t\t<\/nav>\n\t<\/div>\n\n\t<\/div>\n<\/div>\n\n\n<div class=\"co-flex_row co-flex_row__white co-flex_row__columns co-flex_row__next_row__faqs\" id=\"benefits\">\n\t<div class=\"co-flex_row--row co-row\">\n\t\t\t<div class=\"co-columns\">\n\t\t\t\t<header class=\"co-intro_text\">\n\t\t\t<h2 class=\"co-intro_text--title\">Beneficios de una cuenta de ahorros Prime<\/h2>\t\t<\/header>\n\t\t\t\t<div class=\"co-columns--row prow prow-md:2 prow-lg:3 justify-center\">\n\t\t\t\t\t\t\t\t\t<div class=\"co-columns--box\">\n\t\t\t\t\t\t<h3 class=\"co-columns--box_headline\" >Tarifas competitivas + Sin cuotas mensuales<\/h3><div class=\"co-columns--box_desc\"><p>Ganas dinero. Ahorras dinero. Y con nuestro <a href=\"https:\/\/www.soundcu.com\/es\/rates\/\">tarifas competitivas<\/a> Incluso ganar\u00e1s un poco m\u00e1s.<\/p>\n<\/div><div class=\"co-columns--box_button\"><\/div>\t\t\t\t\t<\/div>\n\t\t\t\t\t\t\t\t\t<div class=\"co-columns--box\">\n\t\t\t\t\t\t<h3 class=\"co-columns--box_headline\" >Ahorro autom\u00e1tico<\/h3><div class=\"co-columns--box_desc\"><p>Empiece a ahorrar hoy mismo con las transferencias autom\u00e1ticas. Configure el importe y la frecuencia de los dep\u00f3sitos y nosotros nos encargamos del resto. Puede realizar cambios en cualquier momento.<\/p>\n<\/div><div class=\"co-columns--box_button\"><\/div>\t\t\t\t\t<\/div>\n\t\t\t\t\t\t\t\t\t<div class=\"co-columns--box\">\n\t\t\t\t\t\t<h3 class=\"co-columns--box_headline\" >Alertas de cuenta<\/h3><div class=\"co-columns--box_desc\"><p>Mant\u00e9n tus cuentas bajo control en todo momento mediante alertas por SMS y correo electr\u00f3nico.<\/p>\n<\/div><div class=\"co-columns--box_button\"><\/div>\t\t\t\t\t<\/div>\n\t\t\t\t\t\t\t\t\t<div class=\"co-columns--box\">\n\t\t\t\t\t\t<h3 class=\"co-columns--box_headline\" >Funciones de banca digital convenientes<\/h3><div class=\"co-columns--box_desc\"><p>Banca digital, dep\u00f3sito m\u00f3vil y pago m\u00f3vil para dispositivos Apple y Android.<\/p>\n<\/div><div class=\"co-columns--box_button\"><\/div>\t\t\t\t\t<\/div>\n\t\t\t\t\t\t\t\t\t<div class=\"co-columns--box\">\n\t\t\t\t\t\t<h3 class=\"co-columns--box_headline\" >Soporte amable<\/h3><div class=\"co-columns--box_desc\"><p>\u00bfTienes preguntas? Contamos con personal real disponible para ayudarte a trav\u00e9s del chat en vivo, en una sucursal o por tel\u00e9fono.<\/p>\n<\/div><div class=\"co-columns--box_button\"><\/div>\t\t\t\t\t<\/div>\n\t\t\t\t\t\t\t\t\t<div class=\"co-columns--box\">\n\t\t\t\t\t\t<h3 class=\"co-columns--box_headline\" >Acceso a la cuenta en cualquier momento<\/h3><div class=\"co-columns--box_desc\"><p>Gestione sus fondos en decenas de sucursales de servicio completo de Sound, en l\u00ednea, por tel\u00e9fono y en m\u00e1s de 5000 puntos de atenci\u00f3n compartidos y 30 000 cajeros autom\u00e1ticos en todo el pa\u00eds.<\/p>\n<\/div><div class=\"co-columns--box_button\"><\/div>\t\t\t\t\t<\/div>\n\t\t\t\t\t\t\t<\/div>\n\t\t\t\t<\/div>\n\n\t<\/div>\n<\/div>\n\n\n<div class=\"co-flex_row co-flex_row__white co-flex_row__faqs co-flex_row__next_row__related-products\" id=\"faqs\">\n\t<div class=\"co-flex_row--row co-row\">\n\t\t\t<section class=\"co-accords_section\" aria-label=\"Preguntas frecuentes\">\n\t\t\t\t<header class=\"co-intro_text\">\n\t\t\t<h2 class=\"co-intro_text--title\">Preguntas frecuentes<\/h2>\t\t<\/header>\n\t\t\t<div class=\"co-accordion\" data-animation=\"on\" data-multi-items=\"on\">\n\t\t\t\t\t\t\t<div class=\"co-accordion--item\">\n\t\t\t\t\t<button\n\t\t\t\t\t\t\t\t\t\t\t\t\tdata-accordid=\"4022\"\n\t\t\t\t\t\t\t\t\t\t\t\tclass=\"co-accordion--header\t\t\t\t\t\t\tjs-accord_toggle\t\t\t\t\t\t\tclosed\"\n\t\t\t\t\t>\n\t\t\t\t\t\t<span class=\"text-md\">\u00bfQu\u00e9 es una cuenta de ahorros?<\/span>\n\t\t\t\t\t\t<svg class=\"co-accordion--icon no-js:is-hidden\" viewbox=\"0 0 20 20\"><g class=\"icon__group\" fill=\"none\" stroke=\"currentColor\" stroke-linecap=\"round\" stroke-linejoin=\"round\"><line x1=\"3\" y1=\"3\" x2=\"17\" y2=\"17\"><\/line><line x1=\"17\" y1=\"3\" x2=\"3\" y2=\"17\"><\/line><\/g><\/svg>\n\t\t\t\t\t<\/button>\n\t\t\t\t\t<div class=\"co-accordion--panel\t\t\t\t\t\tjs-accord_content\">\n\t\t\t\t\t\t<p>Una cuenta de ahorros es una cuenta bancaria que te permite depositar dinero y retirar fondos en un lugar seguro, a la vez que ganas intereses.<\/p>\n<p>Sound Credit Union ofrece cuentas de ahorro. <a href=\"https:\/\/www.soundcu.com\/es\/personal\/savings\/\">M\u00e1s informaci\u00f3n \u00bb<\/a><\/p>\n\t\t\t\t\t<\/div>\n\t\t\t\t<\/div>\n\t\t\t\t\t\t\t<div class=\"co-accordion--item\">\n\t\t\t\t\t<button\n\t\t\t\t\t\t\t\t\t\t\t\t\tdata-accordid=\"4106\"\n\t\t\t\t\t\t\t\t\t\t\t\tclass=\"co-accordion--header\t\t\t\t\t\t\tjs-accord_toggle\t\t\t\t\t\t\tclosed\"\n\t\t\t\t\t>\n\t\t\t\t\t\t<span class=\"text-md\">\u00bfC\u00f3mo puedo abrir una cuenta de ahorros para un menor de edad?<\/span>\n\t\t\t\t\t\t<svg class=\"co-accordion--icon no-js:is-hidden\" viewbox=\"0 0 20 20\"><g class=\"icon__group\" fill=\"none\" stroke=\"currentColor\" stroke-linecap=\"round\" stroke-linejoin=\"round\"><line x1=\"3\" y1=\"3\" x2=\"17\" y2=\"17\"><\/line><line x1=\"17\" y1=\"3\" x2=\"3\" y2=\"17\"><\/line><\/g><\/svg>\n\t\t\t\t\t<\/button>\n\t\t\t\t\t<div class=\"co-accordion--panel\t\t\t\t\t\tjs-accord_content\">\n\t\t\t\t\t\t<p>Para abrir una cuenta de ahorros para ni\u00f1os, deber\u00e1 completar la solicitud proporcionada y realizar un dep\u00f3sito inicial, si es necesario. Necesitar\u00e1 la documentaci\u00f3n e informaci\u00f3n personal de su hijo, incluyendo una identificaci\u00f3n con foto v\u00e1lida. Si su hijo tiene 18 a\u00f1os, puede solicitar la cuenta sin la presencia de un padre o tutor, presentando una identificaci\u00f3n con foto y un comprobante de domicilio. Las cuentas para ni\u00f1os se pueden abrir en cualquier sucursal.<\/p>\n<p><a href=\"https:\/\/www.soundcu.com\/es\/\">Sound Credit Union<\/a> Ofrece cuentas de ahorro para menores.\u00a0<a href=\"https:\/\/www.soundcu.com\/es\/personal\/kids-savings-account\/\">M\u00e1s informaci\u00f3n \u00bb<\/a><\/p>\n\t\t\t\t\t<\/div>\n\t\t\t\t<\/div>\n\t\t\t\t\t\t\t<div class=\"co-accordion--item\">\n\t\t\t\t\t<button\n\t\t\t\t\t\t\t\t\t\t\t\t\tdata-accordid=\"3057\"\n\t\t\t\t\t\t\t\t\t\t\t\tclass=\"co-accordion--header\t\t\t\t\t\t\tjs-accord_toggle\t\t\t\t\t\t\tclosed\"\n\t\t\t\t\t>\n\t\t\t\t\t\t<span class=\"text-md\">\u00bfQu\u00e9 cuentas se pueden utilizar para un pr\u00e9stamo garantizado con acciones o certificados?<\/span>\n\t\t\t\t\t\t<svg class=\"co-accordion--icon no-js:is-hidden\" viewbox=\"0 0 20 20\"><g class=\"icon__group\" fill=\"none\" stroke=\"currentColor\" stroke-linecap=\"round\" stroke-linejoin=\"round\"><line x1=\"3\" y1=\"3\" x2=\"17\" y2=\"17\"><\/line><line x1=\"17\" y1=\"3\" x2=\"3\" y2=\"17\"><\/line><\/g><\/svg>\n\t\t\t\t\t<\/button>\n\t\t\t\t\t<div class=\"co-accordion--panel\t\t\t\t\t\tjs-accord_content\">\n\t\t\t\t\t\t<p>Solo se puede utilizar una cuenta de ahorros o un certificado de dep\u00f3sito para un pr\u00e9stamo garantizado con acciones o certificados. No se pueden utilizar cuentas IRA, de cheques ni de mercado monetario.<\/p>\n\t\t\t\t\t<\/div>\n\t\t\t\t<\/div>\n\t\t\t\t\t<\/div>\n\t\t<div class=\"co-accordion--cta\"><p><a href=\"https:\/\/www.soundcu.com\/es\/support\/\">Obt\u00e9n m\u00e1s informaci\u00f3n en nuestra secci\u00f3n de soporte.<\/a><\/p>\n<\/div>\t<\/section>\n\n\t<\/div>\n<\/div>\n\n\n<div class=\"co-flex_row co-flex_row__white co-flex_row__related-products co-flex_row__next_row__multi-path-cta\" >\n\t<div class=\"co-flex_row--row co-row\">\n\t\t\t<div class=\"co-rel_prods\">\n\t\t\t\t<header class=\"co-intro_text\">\n\t\t\t<h2 class=\"co-intro_text--title\">Explora cuentas de ahorro relacionadas<\/h2>\t\t<\/header>\n\t\t\t\t<div class=\"co-rel_prods--cols prow prow-md:2 justify-center\">\n\t\t\t\t\t\t\t\t\t<div class=\"co-rel_prods--col\">\n\t\t\t\t\t\t<h3 class=\"co-rel_prods--col_title\">Cuenta de ahorros para ni\u00f1os<\/h3><div class=\"co-rel_prods--col_desc\"><p>Ayude a su familia a adquirir rutinas de ahorro sencillas para crear valiosos h\u00e1bitos financieros para toda la vida.<\/p>\n<\/div><a class=\"co-rel_prods--col_cta\" href=\"https:\/\/www.soundcu.com\/es\/personal\/kids-savings-account\/\" target=\"_blank\" aria-label=\"M\u00e1s informaci\u00f3n sobre la cuenta de ahorros para ni\u00f1os\">M\u00e1s informaci\u00f3n<\/a>\t\t\t\t\t<\/div>\n\t\t\t\t\t\t\t\t<\/div>\n\t\t\t<\/div>\n\n\t<\/div>\n<\/div>\n\n\n<div class=\"co-flex_row co-flex_row__white co-flex_row__multi-path-cta co-flex_row__next_row__disclosures\" id=\"open\">\n\t<div class=\"co-flex_row--row co-row\">\n\t\t\t<div class=\"co-mp_ctas\">\n\t\t\t\t<header class=\"co-intro_text\">\n\t\t\t<div class=\"co-intro_text--intro\"><p>Abra hoy mismo una cuenta de ahorros Prime.<\/p>\n<\/div>\t\t<\/header>\n\t\t\t<div class=\"co-mp_ctas--list prow justify-center\">\n\t\t\t\t\t\t\t\t\t\t\t<div class=\"co-mp_cta pcol-lg:4\">\n\t\t\t\t\t<div class=\"co-mp_cta--title\">\n\t\t\t\t\t\tAbre tu cuenta en l\u00ednea\t\t\t\t\t<\/div>\n\t\t\t\t\t<a data-trigger-id=\"18040\" class=\"modal-trigger co-mp_cta--link\" href=\"#\">Abrir una cuenta<\/a>\t<div class=\"co-overlay with-sidebar\" data-trigger-id=\"18040\">\n\t\t<div class=\"co-overlay--inner\">\n\t\t\t\t\t<div class=\"co-overlay--content text-component\">\n\t\t\t\t<div class=\"co-overlay--content_inner\">\n\t\t\t\t\t<h2 class=\"co-overlay--title\">Abre una cuenta en Sound<\/h2><p>\u00bfEres nuevo en Sound o ya eres miembro?<\/p>\n\t\t\t\t\t\t<div class=\"co-overlay--cta\">\n\t\t\t\t\t\t\t\t\t\t\t\t\t\t\t<div class=\"co-overlay--cta__block\">\n\t\t\t\t\t\t\t\t\t<a data-trigger-id=\"18039\" class=\"modal-trigger co-overlay--cta_button\" href=\"#\">Soy nuevo<\/a>\t<div class=\"co-overlay with-sidebar\" data-trigger-id=\"18039\">\n\t\t<div class=\"co-overlay--inner\">\n\t\t\t\t\t<div class=\"co-overlay--content text-component\">\n\t\t\t\t<div class=\"co-overlay--content_inner\">\n\t\t\t\t\t<h2 class=\"co-overlay--title\">\u00a1Bienvenido!<\/h2><p>La membres\u00eda comienza con una cuenta de ahorros. Tambi\u00e9n puedes solicitar cuentas corrientes, certificados de dep\u00f3sito y m\u00e1s, todo en aproximadamente 5 minutos.<\/p>\n<p>Necesitar\u00e1s tener listo lo siguiente:<\/p>\n<ol>\n<li>Documento de identidad con fotograf\u00eda v\u00e1lido<\/li>\n<li>N\u00famero de Seguro Social (SSN) o n\u00famero de identificaci\u00f3n fiscal de EE. UU.<\/li>\n<li>Direcci\u00f3n postal f\u00edsica<\/li>\n<\/ol>\n\t\t\t\t\t\t<div class=\"co-overlay--cta\">\n\t\t\t\t\t\t\t\t\t\t\t\t\t\t\t<div class=\"co-overlay--cta__block\">\n\t\t\t\t\t\t\t\t\t<a class=\"co-overlay--cta_button\" href=\"https:\/\/account.soundcu.com\/\" rel=\"noopener\">Comience<\/a>\t\t\t\t\t\t\t\t<\/div>\n\t\t\t\t\t\t\t\t\t\t\t\t\t<\/div>\n\t\t\t\t\t\t\t\t\t<\/div>\n\t\t\t<\/div>\n\t\t\t\t\t\t\t<div class=\"co-overlay--sidebar text-component\">\n\t\t\t\t\t<h3>Gracias por su inter\u00e9s en el sonido.<\/h3>\n<p>Estamos aqu\u00ed para ayudarte de la manera que te resulte m\u00e1s f\u00e1cil.<\/p>\n<p><span class=\"co-button\"><a href=\"https:\/\/www.soundcu.com\/es\/contact\/\" target=\"_blank\" rel=\"noopener\">Cont\u00e1ctarnos<\/a><\/span><\/p>\n<hr \/>\n<div class=\"small-text\">\n<p><span class=\"co-button\"><a href=\"https:\/\/account.soundcu.com\/apptracker#\/\" rel=\"noopener\">Reanudar una aplicaci\u00f3n guardada<\/a><\/span><\/p>\n<\/div>\n\t\t\t\t<\/div>\n\t\t\t\t\t\t\t<\/div>\n\t<\/div>\n\t\t\t\t\t\t\t\t<\/div>\n\t\t\t\t\t\t\t\t\t\t\t\t\t\t\t<div class=\"co-overlay--cta__block\">\n\t\t\t\t\t\t\t\t\t<a data-trigger-id=\"18041\" class=\"modal-trigger co-overlay--cta_button\" href=\"#\">Ya eres miembro<\/a>\t<div class=\"co-overlay with-sidebar\" data-trigger-id=\"18041\">\n\t\t<div class=\"co-overlay--inner\">\n\t\t\t\t\t<div class=\"co-overlay--content text-component\">\n\t\t\t\t<div class=\"co-overlay--content_inner\">\n\t\t\t\t\t<h2 class=\"co-overlay--title\">\u00a1Bienvenido de nuevo!<\/h2><p>A continuaci\u00f3n, deber\u00e1 decidir si desea agregar cuentas a su membres\u00eda actual o abrir una nueva.<\/p>\n\t\t\t\t\t\t<div class=\"co-overlay--cta\">\n\t\t\t\t\t\t\t\t\t\t\t\t\t\t\t<div class=\"co-overlay--cta__block\">\n\t\t\t\t\t\t\t\t\t<a class=\"co-overlay--cta_button\" href=\"https:\/\/account.soundcu.com\/\" rel=\"noopener\">Comience<\/a>\t\t\t\t\t\t\t\t<\/div>\n\t\t\t\t\t\t\t\t\t\t\t\t\t<\/div>\n\t\t\t\t\t\t\t\t\t<\/div>\n\t\t\t<\/div>\n\t\t\t\t\t\t\t<div class=\"co-overlay--sidebar text-component\">\n\t\t\t\t\t<h3>Agradecemos su membres\u00eda.<\/h3>\n<p>Estamos aqu\u00ed para ayudarte de la manera que te resulte m\u00e1s f\u00e1cil.<\/p>\n<p><span class=\"co-button\"><a href=\"https:\/\/www.soundcu.com\/es\/contact\/\" target=\"_blank\" rel=\"noopener\">Cont\u00e1ctarnos<\/a><\/span><\/p>\n<hr \/>\n<div class=\"small-text\">\n<p><span class=\"co-button\"><a href=\"https:\/\/account.soundcu.com\/apptracker#\/\" rel=\"noopener\">Reanudar una aplicaci\u00f3n guardada<\/a><\/span><\/p>\n<\/div>\n\t\t\t\t<\/div>\n\t\t\t\t\t\t\t<\/div>\n\t<\/div>\n\t\t\t\t\t\t\t\t<\/div>\n\t\t\t\t\t\t\t\t\t\t\t\t\t<\/div>\n\t\t\t\t\t\t\t\t\t<\/div>\n\t\t\t<\/div>\n\t\t\t\t\t\t\t<div class=\"co-overlay--sidebar text-component\">\n\t\t\t\t\t<h3>\u00a1Hola!<\/h3>\n<p>Estamos aqu\u00ed para ayudarte de la manera que te resulte m\u00e1s f\u00e1cil.<\/p>\n<p><span class=\"co-button\"><a href=\"https:\/\/www.soundcu.com\/es\/contact\/\" target=\"_blank\" rel=\"noopener\">Cont\u00e1ctarnos<\/a><\/span><\/p>\n<hr \/>\n<div class=\"small-text\">\n<p><span class=\"co-button\"><a href=\"https:\/\/account.soundcu.com\/apptracker#\/\" rel=\"noopener\">Reanudar una aplicaci\u00f3n guardada<\/a><\/span><\/p>\n<\/div>\n\t\t\t\t<\/div>\n\t\t\t\t\t\t\t<\/div>\n\t<\/div>\n\t\t\t\t<\/div>\n\t\t\t\t\t\t\t\t\t\t\t<div class=\"co-mp_cta pcol-lg:4\">\n\t\t\t\t\t<div class=\"co-mp_cta--title\">\n\t\t\t\t\t\tVisite una sucursal local.\t\t\t\t\t<\/div>\n\t\t\t\t\t<a class=\"co-mp_cta--link gtm-button\" href=\"https:\/\/www.soundcu.com\/es\/speed-bump\/?url=https%3A%2F%2Fwww.soundcu.com%2Fbranches%2F&#038;prev=https%3A%2F%2Fwww.soundcu.com%2Fes%2Fpersonal%2Fprime-savings%2F\">Encuentra una sucursal<\/a>\t\t\t\t<\/div>\n\t\t\t\t\t\t\t\t\t\t\t<div class=\"co-mp_cta pcol-lg:4\">\n\t\t\t\t\t<div class=\"co-mp_cta--title\">\n\t\t\t\t\t\tLl\u00e1menos\t\t\t\t\t<\/div>\n\t\t\t\t\t\t\t\t\t\t\t<div class=\"co-mp_cta--content\">\n\t\t\t\t\t\t\t<p><a href=\"tel:8005628130\">800.562.8130<\/a><\/p>\n\t\t\t\t\t\t<\/div>\n\t\t\t\t\t\t\t\t\t<\/div>\n\t\t\t\t\t<\/div>\n\t<\/div>\n\n\t<\/div>\n<\/div>\n\n\n<div class=\"co-flex_row co-flex_row__white co-flex_row__last co-flex_row__disclosures\" >\n\t<div class=\"co-flex_row--row co-row\">\n\t\t\t<div class=\"co-disclosures\">\n\t\t<h2 class=\"co-disclosures--title\">Divulgaciones<\/h2>\n\t\t<div class=\"co-disclosures--content\">\n\t\t\t<div class=\"small-text\">\n<p>ASEGURADO FEDERALMENTE POR\u00a0<a href=\"https:\/\/mycreditunion.gov\/share-insurance-estimator-home\" target=\"_blank\" rel=\"noopener\">NCUA<\/a><\/p>\n<\/div>\n\t\t<\/div>\n\t<\/div>\n\n\t<\/div>\n<\/div>","protected":false},"excerpt":{"rendered":"","protected":false},"author":9,"featured_media":0,"parent":2314,"menu_order":0,"comment_status":"closed","ping_status":"closed","template":"","meta":{"_acf_changed":false,"content-type":"","_searchwp_excluded":"","footnotes":""},"county":[],"class_list":["post-2984","page","type-page","status-publish","hentry"],"acf":[],"_links":{"self":[{"href":"https:\/\/www.soundcu.com\/es\/wp-json\/wp\/v2\/pages\/2984","targetHints":{"allow":["GET"]}}],"collection":[{"href":"https:\/\/www.soundcu.com\/es\/wp-json\/wp\/v2\/pages"}],"about":[{"href":"https:\/\/www.soundcu.com\/es\/wp-json\/wp\/v2\/types\/page"}],"author":[{"embeddable":true,"href":"https:\/\/www.soundcu.com\/es\/wp-json\/wp\/v2\/users\/9"}],"replies":[{"embeddable":true,"href":"https:\/\/www.soundcu.com\/es\/wp-json\/wp\/v2\/comments?post=2984"}],"version-history":[{"count":2,"href":"https:\/\/www.soundcu.com\/es\/wp-json\/wp\/v2\/pages\/2984\/revisions"}],"predecessor-version":[{"id":17656,"href":"https:\/\/www.soundcu.com\/es\/wp-json\/wp\/v2\/pages\/2984\/revisions\/17656"}],"up":[{"embeddable":true,"href":"https:\/\/www.soundcu.com\/es\/wp-json\/wp\/v2\/pages\/2314"}],"wp:attachment":[{"href":"https:\/\/www.soundcu.com\/es\/wp-json\/wp\/v2\/media?parent=2984"}],"wp:term":[{"taxonomy":"county","embeddable":true,"href":"https:\/\/www.soundcu.com\/es\/wp-json\/wp\/v2\/county?post=2984"}],"curies":[{"name":"wp","href":"https:\/\/api.w.org\/{rel}","templated":true}]}}