{"id":5524,"date":"2023-11-10T11:46:30","date_gmt":"2023-11-10T19:46:30","guid":{"rendered":"https:\/\/www.soundcu.com\/?page_id=5524"},"modified":"2025-07-01T16:46:56","modified_gmt":"2025-07-01T23:46:56","slug":"seattle","status":"publish","type":"page","link":"https:\/\/www.soundcu.com\/es\/seattle\/","title":{"rendered":"Seattle"},"content":{"rendered":"<div class=\"co-flex_row co-flex_row__blue co-flex_row__page-hero co-flex_row__next_row__page-intro\" >\n\t<div class=\"co-flex_row--row co-row\">\n\t\t\t<header class=\"co-page_hero  co-page_hero__has_image\" aria-label=\"Encabezado: Cooperativa de Cr\u00e9dito de Seattle\">\n\t\t<div class=\"co-page_hero--inner\">\n\t\t\t<div class=\"prow items-center\">\n\t\t\t\t\t\t\t\t\t<div class=\"co-page_hero--img_wrap pcol-lg:6 pcol-xl:7\">\n\t\t\t\t\t\t<div class=\"co-page_hero--mask\"><svg width=\"997.021\" height=\"609.682\" viewbox=\"0 0 997.021 609.682\"><defs><clippath id=\"svgPathHero\"><path d=\"M299.014.148H0V609.681H299.014c480.632.192,698.007-296.752,698.007-296.752C691.761-16.846,299.014.148,299.014.148\"\/><\/clippath><\/defs><image id=\"image_69e929770b668\" xlink:href=\"https:\/\/www.soundcu.com\/files\/Frame-1-3.jpg\" src=\"https:\/\/www.soundcu.com\/files\/Frame-1-3.jpg\" clip-path=\"url(#svgPathHero)\"  alt=\"Seattle credit union\" \/><\/svg><\/div>\t\t\t\t\t<\/div>\n\t\t\t\t\t\t\t\t<div class=\"co-page_hero--text pcol-lg:6 pcol-xl:5\">\n\t\t\t\t\t\t\t\t\t\t<h1 class=\"co-page_hero--title\" >Cooperativa de Cr\u00e9dito de Seattle<\/h1>\t\t\t\t\t<p class=\"co-page_hero--tagline\">Presentado por Sound Credit Union<\/p>\t\t\t\t\t\t<div class=\"co-page_hero--buttons\">\n\t\t\t\t\t\t\t<a class=\"co-page_hero--button gtm-button\" href=\"https:\/\/www.soundcu.com\/es\/speed-bump\/?url=https%3A%2F%2Fwww.soundcu.com%2Fopen-an-account%2F&#038;prev=https%3A%2F%2Fwww.soundcu.com%2Fes%2Fseattle%2F\"  >Unirse<\/a>\t\t\t\t\t\t<\/div>\n\t\t\t\t\t\t\t\t\t\t<\/div>\n\t\t\t<\/div>\n\t\t<\/div>\n\t<\/header>\n\n\t<\/div>\n<\/div>\n\n\n<div class=\"co-flex_row co-flex_row__blue co-flex_row__page-intro co-flex_row__next_row__services-location\" >\n\t<div class=\"co-flex_row--row co-row\">\n\t\t\t<div class=\"co-page_intro\">\n\t\t<h2 class=\"co-page_intro--title\">Prestando servicios en el \u00e1rea metropolitana de Seattle.<\/h2><div class=\"co-page_intro--desc\"><p>Descubra soluciones financieras confiables y seguras para sus necesidades personales o comerciales en las convenientes sucursales de Sound Credit Union en toda el \u00e1rea de Puget Sound. Ofrecemos una gama de servicios, que incluyen: <a href=\"https:\/\/www.soundcu.com\/es\/personal\/checking\/free-checking\/\">comprobaci\u00f3n gratuita<\/a> y <a href=\"https:\/\/www.soundcu.com\/es\/personal\/high-yield-savings\/\">ahorros de alto rendimiento<\/a>, <a href=\"https:\/\/www.soundcu.com\/es\/personal\/invest\/\">servicios de inversi\u00f3n<\/a> (disponible a trav\u00e9s de LPL Financial), refinanciamiento, <a href=\"https:\/\/www.soundcu.com\/es\/personal\/home-loans\/equity\/\">pr\u00e9stamos con garant\u00eda hipotecaria<\/a>, <a href=\"https:\/\/www.soundcu.com\/es\/business\/banking-services\/\">cuentas comerciales<\/a>, <a href=\"https:\/\/www.soundcu.com\/es\/personal\/credit-cards\/\">tarjetas de cr\u00e9dito<\/a> y m\u00e1s. Ya sea que est\u00e9s de viaje o relaj\u00e1ndote en casa, nuestros cajeros autom\u00e1ticos, aplicaciones y servicios digitales est\u00e1n a tu disposici\u00f3n. <a href=\"https:\/\/www.soundcu.com\/es\/blog\/category\/tools-advice\/\">herramientas<\/a> Gestionar tus finanzas ser\u00e1 f\u00e1cil y sin estr\u00e9s.<\/p>\n<\/div>\t<\/div>\n\n\t<\/div>\n<\/div>\n\n\n<div class=\"co-flex_row co-flex_row__blue co-flex_row__services-location co-flex_row__next_row__location-details\" >\n\t<div class=\"co-flex_row--row co-row\">\n\t\t\t<div class=\"co-services_loc\">\n  <div class=\"co-services_loc--row prow prow-lg:2\">\n   <div class=\"co-services_loc--services_and_features\">\n     <div class=\"prow prow-lg:2\">\n           <div class=\"co-services_loc--box services\">\n       <h2 class=\"co-services_loc--box_headline\" >Servicios<\/h2><div class=\"co-services_loc--box_content\"><p><svg xmlns=\"http:\/\/www.w3.org\/2000\/svg\" width=\"35.815\" height=\"25.203\" viewbox=\"0 0 35.815 25.203\"><path d=\"M-4717.4-4563.8a1.982,1.982,0,0,1-1.407-.583l-10.612-10.612a1.989,1.989,0,0,1,0-2.813,1.989,1.989,0,0,1,2.813,0l9.205,9.2,19.817-19.816a1.989,1.989,0,0,1,2.813,0,1.989,1.989,0,0,1,0,2.813l-21.224,21.224A1.982,1.982,0,0,1-4717.4-4563.8Z\" transform=\"translate(4730 4589)\" fill=\"#0f205b\"\/><\/svg> Ramificaci\u00f3n compartida<br \/>\n<svg xmlns=\"http:\/\/www.w3.org\/2000\/svg\" width=\"35.815\" height=\"25.203\" viewbox=\"0 0 35.815 25.203\"><path d=\"M-4717.4-4563.8a1.982,1.982,0,0,1-1.407-.583l-10.612-10.612a1.989,1.989,0,0,1,0-2.813,1.989,1.989,0,0,1,2.813,0l9.205,9.2,19.817-19.816a1.989,1.989,0,0,1,2.813,0,1.989,1.989,0,0,1,0,2.813l-21.224,21.224A1.982,1.982,0,0,1-4717.4-4563.8Z\" transform=\"translate(4730 4589)\" fill=\"#0f205b\"\/><\/svg> Cajero autom\u00e1tico disponible las 24 horas, los 7 d\u00edas de la semana (dep\u00f3sitos, retiros, atenci\u00f3n a pie y desde el auto).<br \/>\n<svg xmlns=\"http:\/\/www.w3.org\/2000\/svg\" width=\"35.815\" height=\"25.203\" viewbox=\"0 0 35.815 25.203\"><path d=\"M-4717.4-4563.8a1.982,1.982,0,0,1-1.407-.583l-10.612-10.612a1.989,1.989,0,0,1,0-2.813,1.989,1.989,0,0,1,2.813,0l9.205,9.2,19.817-19.816a1.989,1.989,0,0,1,2.813,0,1.989,1.989,0,0,1,0,2.813l-21.224,21.224A1.982,1.982,0,0,1-4717.4-4563.8Z\" transform=\"translate(4730 4589)\" fill=\"#0f205b\"\/><\/svg> Soporte de cajero por video en vivo<br \/>\n<svg xmlns=\"http:\/\/www.w3.org\/2000\/svg\" width=\"35.815\" height=\"25.203\" viewbox=\"0 0 35.815 25.203\"><path d=\"M-4717.4-4563.8a1.982,1.982,0,0,1-1.407-.583l-10.612-10.612a1.989,1.989,0,0,1,0-2.813,1.989,1.989,0,0,1,2.813,0l9.205,9.2,19.817-19.816a1.989,1.989,0,0,1,2.813,0,1.989,1.989,0,0,1,0,2.813l-21.224,21.224A1.982,1.982,0,0,1-4717.4-4563.8Z\" transform=\"translate(4730 4589)\" fill=\"#0f205b\"\/><\/svg> Contadores de monedas de autoservicio<br \/>\n<svg xmlns=\"http:\/\/www.w3.org\/2000\/svg\" width=\"35.815\" height=\"25.203\" viewbox=\"0 0 35.815 25.203\"><path d=\"M-4717.4-4563.8a1.982,1.982,0,0,1-1.407-.583l-10.612-10.612a1.989,1.989,0,0,1,0-2.813,1.989,1.989,0,0,1,2.813,0l9.205,9.2,19.817-19.816a1.989,1.989,0,0,1,2.813,0,1.989,1.989,0,0,1,0,2.813l-21.224,21.224A1.982,1.982,0,0,1-4717.4-4563.8Z\" transform=\"translate(4730 4589)\" fill=\"#0f205b\"\/><\/svg> Cajas de seguridad<br \/>\n<svg xmlns=\"http:\/\/www.w3.org\/2000\/svg\" width=\"35.815\" height=\"25.203\" viewbox=\"0 0 35.815 25.203\"><path d=\"M-4717.4-4563.8a1.982,1.982,0,0,1-1.407-.583l-10.612-10.612a1.989,1.989,0,0,1,0-2.813,1.989,1.989,0,0,1,2.813,0l9.205,9.2,19.817-19.816a1.989,1.989,0,0,1,2.813,0,1.989,1.989,0,0,1,0,2.813l-21.224,21.224A1.982,1.982,0,0,1-4717.4-4563.8Z\" transform=\"translate(4730 4589)\" fill=\"#0f205b\"\/><\/svg> Notario<br \/>\n<svg xmlns=\"http:\/\/www.w3.org\/2000\/svg\" width=\"35.815\" height=\"25.203\" viewbox=\"0 0 35.815 25.203\"><path d=\"M-4717.4-4563.8a1.982,1.982,0,0,1-1.407-.583l-10.612-10.612a1.989,1.989,0,0,1,0-2.813,1.989,1.989,0,0,1,2.813,0l9.205,9.2,19.817-19.816a1.989,1.989,0,0,1,2.813,0,1.989,1.989,0,0,1,0,2.813l-21.224,21.224A1.982,1.982,0,0,1-4717.4-4563.8Z\" transform=\"translate(4730 4589)\" fill=\"#0f205b\"\/><\/svg> Sonrisas<\/p>\n<\/div>      <\/div>\n               <\/div>\n   <\/div>\n    \n   <div class=\"co-services_loc--products\">\n    <h2 class=\"co-services_loc--box_headline\" >Productos<\/h2>    <div class=\"co-services_loc--box_content\">\n     <ul>\n     <li><a href=\"https:\/\/www.soundcu.com\/es\/seattle\/auto-loans\/\">Pr\u00e9stamos para autom\u00f3viles en Seattle<\/a><\/li><li><a href=\"https:\/\/www.soundcu.com\/es\/seattle\/checking\/\">Seattle Checking<\/a><\/li><li><a href=\"https:\/\/www.soundcu.com\/es\/seattle\/high-yield-savings-2\/\">Tarjetas de cr\u00e9dito de Seattle<\/a><\/li><li><a href=\"https:\/\/www.soundcu.com\/es\/seattle\/health-savings-accounts\/\">Cuentas de ahorro para la salud en Seattle<\/a><\/li><li><a href=\"https:\/\/www.soundcu.com\/es\/seattle\/high-yield-savings\/\">Ahorros de alto rendimiento en Seattle<\/a><\/li><li><a href=\"https:\/\/www.soundcu.com\/es\/seattle\/home-equity-loans\/\">Pr\u00e9stamos con garant\u00eda hipotecaria en Seattle<\/a><\/li><li><a href=\"https:\/\/www.soundcu.com\/es\/seattle\/hsa\/\">Pr\u00e9stamos hipotecarios en Seattle<\/a><\/li><li><a href=\"https:\/\/www.soundcu.com\/es\/seattle\/minor-savings\/\">Cuentas de ahorro para ni\u00f1os en Seattle<\/a><\/li><li><a href=\"https:\/\/www.soundcu.com\/es\/seattle\/personal-loans\/\">Pr\u00e9stamos personales en Seattle<\/a><\/li><li><a href=\"https:\/\/www.soundcu.com\/es\/seattle\/private-student-loans\/\">Pr\u00e9stamos estudiantiles privados en Seattle<\/a><\/li><li><a href=\"https:\/\/www.soundcu.com\/es\/seattle\/rv-boat-and-motorcycle-loans\/\">Pr\u00e9stamos para autocaravanas, barcos y motocicletas en Seattle<\/a><\/li><li><a href=\"https:\/\/www.soundcu.com\/es\/seattle\/savings\/\">Cuentas de ahorro en Seattle<\/a><\/li>     <\/ul>\n    <\/div>\n   <\/div>\n     <\/div>\n\t<\/div>\n\n\t<\/div>\n<\/div>\n\n\n<div class=\"co-flex_row co-flex_row__blue co-flex_row__last co-flex_row__location-details\" >\n\t<div class=\"co-flex_row--row co-row\">\n\t\t\t<div class=\"co-loc_details\">\n  <div class=\"co-loc_details--row prow prow-lg:2\">\n          <div class=\"co-loc_details--map\">\n      <h2 class=\"co-loc_details--box_headline\" >Ubicaci\u00f3n<\/h2><div class=\"co-loc_details--box_description\">Ubicaciones de Sound Credit Union<\/div><div class=\"co-loc_details--box_map\"><p><iframe loading=\"lazy\" width=\"100%\" height=\"500\" id=\"gmap_canvas\" src=\"https:\/\/maps.google.com\/maps?q=sound%20credit%20union&#038;t=&#038;z=9&#038;ie=UTF8&#038;iwloc=&#038;output=embed\" frameborder=\"0\" scrolling=\"no\" marginheight=\"0\" marginwidth=\"0\"><\/iframe><\/p>\n<\/div>      <\/div>\n              <div class=\"co-loc_details--facts\">\n        <h2 class=\"co-loc_details--box_headline\" >Datos curiosos<\/h2>        <div class=\"co-loc_details--facts_row prow prow-sm:2 gap-lg:5\">\n                      <div class=\"co-loc_details--fact\">\n              <div class=\"co-loc_details--fact_title\">M\u00e1s de 130.000 miembros<\/div><div class=\"co-loc_details--fact_content\">\u00a1Y en crecimiento!<\/div>            <\/div>\n                      <div class=\"co-loc_details--fact\">\n              <div class=\"co-loc_details--fact_title\">M\u00e1s de 25 sucursales con servicio completo<\/div><div class=\"co-loc_details--fact_content\">De Everett a Olympia<\/div>            <\/div>\n                      <div class=\"co-loc_details--fact\">\n              <div class=\"co-loc_details--fact_title\">Orgullosos del Noroeste del Pac\u00edfico<\/div><div class=\"co-loc_details--fact_content\">Todos los habitantes de Washington son bienvenidos.<\/div>            <\/div>\n                      <div class=\"co-loc_details--fact\">\n              <div class=\"co-loc_details--fact_title\">Fundada en 1940<\/div><div class=\"co-loc_details--fact_content\">M\u00e1s de 80 a\u00f1os en Puget Sound<\/div>            <\/div>\n                  <\/div>\n      <\/div>\n      <\/div>\n\t<\/div>\n\n\t<\/div>\n<\/div>","protected":false},"excerpt":{"rendered":"","protected":false},"author":9,"featured_media":0,"parent":0,"menu_order":0,"comment_status":"closed","ping_status":"closed","template":"tpl-individualLocation.php","meta":{"_acf_changed":false,"content-type":"","_searchwp_excluded":"","footnotes":""},"county":[],"class_list":["post-5524","page","type-page","status-publish","hentry"],"acf":[],"_links":{"self":[{"href":"https:\/\/www.soundcu.com\/es\/wp-json\/wp\/v2\/pages\/5524","targetHints":{"allow":["GET"]}}],"collection":[{"href":"https:\/\/www.soundcu.com\/es\/wp-json\/wp\/v2\/pages"}],"about":[{"href":"https:\/\/www.soundcu.com\/es\/wp-json\/wp\/v2\/types\/page"}],"author":[{"embeddable":true,"href":"https:\/\/www.soundcu.com\/es\/wp-json\/wp\/v2\/users\/9"}],"replies":[{"embeddable":true,"href":"https:\/\/www.soundcu.com\/es\/wp-json\/wp\/v2\/comments?post=5524"}],"version-history":[{"count":6,"href":"https:\/\/www.soundcu.com\/es\/wp-json\/wp\/v2\/pages\/5524\/revisions"}],"predecessor-version":[{"id":16103,"href":"https:\/\/www.soundcu.com\/es\/wp-json\/wp\/v2\/pages\/5524\/revisions\/16103"}],"wp:attachment":[{"href":"https:\/\/www.soundcu.com\/es\/wp-json\/wp\/v2\/media?parent=5524"}],"wp:term":[{"taxonomy":"county","embeddable":true,"href":"https:\/\/www.soundcu.com\/es\/wp-json\/wp\/v2\/county?post=5524"}],"curies":[{"name":"wp","href":"https:\/\/api.w.org\/{rel}","templated":true}]}}