{"id":5580,"date":"2023-11-10T12:17:44","date_gmt":"2023-11-10T20:17:44","guid":{"rendered":"https:\/\/www.soundcu.com\/?page_id=5580"},"modified":"2026-03-16T13:19:05","modified_gmt":"2026-03-16T20:19:05","slug":"insurance","status":"publish","type":"page","link":"https:\/\/www.soundcu.com\/es\/business\/insurance\/","title":{"rendered":"Seguro para empresas"},"content":{"rendered":"<div class=\"co-flex_row co-flex_row__blue co-flex_row__page-hero co-flex_row__next_row__page-intro\" >\n\t<div class=\"co-flex_row--row co-row\">\n\t\t\t<header class=\"co-page_hero  co-page_hero__no_image\" aria-label=\"Encabezado: Seguros para empresas en Washington\">\n\t\t<div class=\"co-page_hero--inner\">\n\t\t\t<div class=\"prow items-center\">\n\t\t\t\t\t\t\t\t<div class=\"co-page_hero--text\">\n\t\t\t\t\t\t\t\t\t\t\t<h1 class=\"co-page_hero--sup_heading\">\n\t\t\t\t\t\t\tServicios de seguros de calidad, impulsados por Leavitt Group Northwest.\t\t\t\t\t\t<\/h1>\n\t\t\t\t\t\t\t\t\t\t<h2 class=\"co-page_hero--title\" >Seguros comerciales en Washington<\/h2>\t\t\t\t\t<p class=\"co-page_hero--tagline\">Seguros para grandes y peque\u00f1as empresas <\/p>\t\t\t\t\t\t<div class=\"co-page_hero--buttons\">\n\t\t\t\t\t\t\t<a class=\"co-page_hero--button gtm-button\" href=\"https:\/\/www.soundcu.com\/es\/speed-bump\/?url=https%3A%2F%2Fbusiness.insurancebysound.com%2F&#038;prev=https%3A%2F%2Fwww.soundcu.com%2Fes%2Fbusiness%2Finsurance%2F\">Obt\u00e9n un presupuesto<\/a>\t\t\t\t\t\t<\/div>\n\t\t\t\t\t\t\t\t\t\t<\/div>\n\t\t\t<\/div>\n\t\t<\/div>\n\t<\/header>\n\n\t<\/div>\n<\/div>\n\n\n<div class=\"co-flex_row co-flex_row__blue co-flex_row__page-intro co-flex_row__next_row__columns\" >\n\t<div class=\"co-flex_row--row co-row\">\n\t\t\t<div class=\"co-page_intro\">\n\t\t<h2 class=\"co-page_intro--title\">Servicios de seguros s\u00f3lidos<\/h2><div class=\"co-page_intro--desc\"><p>Desde seguros para autom\u00f3viles de empresa y protecci\u00f3n de la propiedad hasta compensaci\u00f3n laboral, Sound Insurance Services puede ayudar a su empresa a obtener la cobertura que necesita.<\/p>\n<\/div>\t<\/div>\n\n\t<\/div>\n<\/div>\n\n\n<div class=\"co-flex_row co-flex_row__blue co-flex_row__columns co-flex_row__next_row__long-form-text\" >\n\t<div class=\"co-flex_row--row co-row\">\n\t\t\t<div class=\"co-columns\">\n\t\t\t\t\t<div class=\"co-columns--row prow prow-md:2 prow-lg:2 justify-center\">\n\t\t\t\t\t\t\t\t\t<div class=\"co-columns--box\">\n\t\t\t\t\t\t<h2 class=\"co-columns--box_headline\" >Proteja su inversi\u00f3n<\/h2><div class=\"co-columns--box_desc\"><p>El seguro empresarial protege a los propietarios de negocios y sus activos frente a diversos riesgos.<\/p>\n<p>Las opciones de cobertura incluyen:<\/p>\n<ul>\n<li>seguro de responsabilidad civil general<\/li>\n<li>seguro de responsabilidad profesional<\/li>\n<li>Pol\u00edticas para propietarios de negocios<\/li>\n<li>Seguro para veh\u00edculos comerciales<\/li>\n<\/ul>\n<\/div><div class=\"co-columns--box_button\"><\/div>\t\t\t\t\t<\/div>\n\t\t\t\t\t\t\t\t\t<div class=\"co-columns--box\">\n\t\t\t\t\t\t<h2 class=\"co-columns--box_headline\" >Obt\u00e9n un presupuesto gratuito y sin compromiso.<\/h2><div class=\"co-columns--box_desc\"><p>Obtenga un presupuesto en l\u00ednea o ll\u00e1menos al <a href=\"tel:800-218-3255\">888.479.3070<\/a>\u00a0explorar opciones pol\u00edticas.<\/p>\n<p>&nbsp;<\/p>\n<p><img loading=\"lazy\" decoding=\"async\" class=\"alignnone size-full wp-image-5313\" src=\"https:\/\/www.soundcu.com\/files\/SIS_Logo_Horiz_GradientBlue_250x66.png\" alt=\"sound insurance services logo\" width=\"250\" height=\"66\" srcset=\"https:\/\/www.soundcu.com\/files\/SIS_Logo_Horiz_GradientBlue_250x66.png 250w, https:\/\/www.soundcu.com\/files\/SIS_Logo_Horiz_GradientBlue_250x66-75x20.png 75w\" sizes=\"auto, (max-width: 250px) 100vw, 250px\" \/><\/p>\n<\/div><div class=\"co-columns--box_button\"><a class=\"co-columns--button co-button gtm-button\" href=\"https:\/\/www.soundcu.com\/es\/speed-bump\/?url=https%3A%2F%2Fbusiness.insurancebysound.com%2F&#038;prev=https%3A%2F%2Fwww.soundcu.com%2Fes%2Fbusiness%2Finsurance%2F\" target=\"_blank\">Obtenga un presupuesto de seguro para empresas<\/a><\/div>\t\t\t\t\t<\/div>\n\t\t\t\t\t\t\t<\/div>\n\t\t\t\t<\/div>\n\n\t<\/div>\n<\/div>\n\n\n<div class=\"co-flex_row co-flex_row__blue co-flex_row__long-form-text co-flex_row__next_row__faqs\" >\n\t<div class=\"co-flex_row--row co-row\">\n\t\t\t<div class=\"co-long_form\">\n\t\t\t\t\t<div class=\"co-long_form--block prow items-start\">\n\t\t\t\t<div class=\"co-long_form--text pcol-md:7\">\n\t\t\t\t\t<h2 class=\"co-long_form--headline\" >\u00bfNo est\u00e1 seguro de lo que necesita su negocio?<\/h2><div class=\"co-long_form--content\"><p>Sound Insurance Services puede ayudarle a identificar e implementar la estrategia de gesti\u00f3n de riesgos y las coberturas de seguro adecuadas para proteger el negocio que ha creado y para garantizar que su negocio siga teniendo \u00e9xito y creciendo.<\/p>\n<\/div><a class=\"co-long_form--button co-button gtm-button\" href=\"https:\/\/www.soundcu.com\/es\/speed-bump\/?url=https%3A%2F%2Fbusiness.insurancebysound.com%2F&#038;prev=https%3A%2F%2Fwww.soundcu.com%2Fes%2Fbusiness%2Finsurance%2F\">Cont\u00e1ctarnos<\/a>\t\t\t\t<\/div>\n\t\t\t\t\t\t\t\t\t<div class=\"co-long_form--media pcol-md:5 Image\">\n\t\t\t\t\t\t<div class=\"co-long_form--media_wrap\">\n\t\t\t\t\t\t\t<img loading=\"lazy\" decoding=\"async\" width=\"350\" height=\"245\" src=\"https:\/\/www.soundcu.com\/files\/iStock-1164377489-350x245-1.jpg\" class=\"co-long_form--image\" alt=\"Business Insurance Long-form Text\" srcset=\"https:\/\/www.soundcu.com\/files\/iStock-1164377489-350x245-1.jpg 350w, https:\/\/www.soundcu.com\/files\/iStock-1164377489-350x245-1-75x53.jpg 75w\" sizes=\"auto, (max-width: 350px) 100vw, 350px\" \/>\t\t\t\t\t\t\t\t\t\t\t\t\t\t\t<svg class=\"co-long_form--media__svg\" width=\"252.96\" height=\"86.432\" viewbox=\"0 0 252.96 86.432\"><g transform=\"translate(-992.041 -7954.568)\"><path d=\"M567.407,124.428c-77.494-74.559-170.562-30.665-250.487,0C396.429,151.611,495.98,196.666,567.407,124.428Z\" transform=\"translate(677.594 7871.189)\" fill=\"#71c4e8\"\/><path d=\"M452.635,105.62c-41.987-40.4-92.411-16.614-135.715,0C360,120.347,413.936,144.758,452.635,105.62Z\" transform=\"translate(675.121 7914.231)\" fill=\"#00205b\"\/><\/g><\/svg>\n\t\t\t\t\t\t\t\t\t\t\t\t\t<\/div>\n\t\t\t\t\t\t\t\t\t\t\t<\/div>\n\t\t\t\t\t\t\t<\/div>\n\t\t\t\t<\/div>\n\n\t<\/div>\n<\/div>\n\n\n<div class=\"co-flex_row co-flex_row__blue co-flex_row__faqs co-flex_row__next_row__multi-path-cta\" >\n\t<div class=\"co-flex_row--row co-row\">\n\t\t\t<section class=\"co-accords_section\" aria-label=\"Preguntas frecuentes sobre seguros para empresas\">\n\t\t\t\t<header class=\"co-intro_text\">\n\t\t\t<h2 class=\"co-intro_text--title\">Preguntas frecuentes sobre seguros para empresas<\/h2>\t\t<\/header>\n\t\t\t<div class=\"co-accordion\" data-animation=\"on\" data-multi-items=\"on\">\n\t\t\t\t\t\t\t<div class=\"co-accordion--item\">\n\t\t\t\t\t<button\n\t\t\t\t\t\t\t\t\t\t\t\t\tdata-accordid=\"5584\"\n\t\t\t\t\t\t\t\t\t\t\t\tclass=\"co-accordion--header\t\t\t\t\t\t\tjs-accord_toggle\t\t\t\t\t\t\tclosed\"\n\t\t\t\t\t>\n\t\t\t\t\t\t<span class=\"text-md\">\u00bfQu\u00e9 es un seguro para empresas?<\/span>\n\t\t\t\t\t\t<svg class=\"co-accordion--icon no-js:is-hidden\" viewbox=\"0 0 20 20\"><g class=\"icon__group\" fill=\"none\" stroke=\"currentColor\" stroke-linecap=\"round\" stroke-linejoin=\"round\"><line x1=\"3\" y1=\"3\" x2=\"17\" y2=\"17\"><\/line><line x1=\"17\" y1=\"3\" x2=\"3\" y2=\"17\"><\/line><\/g><\/svg>\n\t\t\t\t\t<\/button>\n\t\t\t\t\t<div class=\"co-accordion--panel\t\t\t\t\t\tjs-accord_content\">\n\t\t\t\t\t\t<p>El t\u00e9rmino seguro empresarial abarca una amplia gama de p\u00f3lizas disponibles para las empresas. No existe una \u00fanica p\u00f3liza que cubra todos sus riesgos. Sin embargo, hay una ventaja: dado que su negocio es \u00fanico, puede personalizar la cobertura para que se ajuste mejor a sus necesidades.<\/p>\n\t\t\t\t\t<\/div>\n\t\t\t\t<\/div>\n\t\t\t\t\t\t\t<div class=\"co-accordion--item\">\n\t\t\t\t\t<button\n\t\t\t\t\t\t\t\t\t\t\t\t\tdata-accordid=\"5585\"\n\t\t\t\t\t\t\t\t\t\t\t\tclass=\"co-accordion--header\t\t\t\t\t\t\tjs-accord_toggle\t\t\t\t\t\t\tclosed\"\n\t\t\t\t\t>\n\t\t\t\t\t\t<span class=\"text-md\">\u00bfQui\u00e9n necesita un seguro para empresas?<\/span>\n\t\t\t\t\t\t<svg class=\"co-accordion--icon no-js:is-hidden\" viewbox=\"0 0 20 20\"><g class=\"icon__group\" fill=\"none\" stroke=\"currentColor\" stroke-linecap=\"round\" stroke-linejoin=\"round\"><line x1=\"3\" y1=\"3\" x2=\"17\" y2=\"17\"><\/line><line x1=\"17\" y1=\"3\" x2=\"3\" y2=\"17\"><\/line><\/g><\/svg>\n\t\t\t\t\t<\/button>\n\t\t\t\t\t<div class=\"co-accordion--panel\t\t\t\t\t\tjs-accord_content\">\n\t\t\t\t\t\t<p>Esta respuesta puede variar de persona a persona, pero una buena regla general es &quot;todo aquel que tenga un negocio&quot;.\u201c<\/p>\n<p>Casi todas las empresas se enfrentan a riesgos de responsabilidad civil, y es posible que usted posea bienes empresariales que no pueda reemplazar sin un seguro. Existen diversas opciones de cobertura que podr\u00eda necesitar seg\u00fan las operaciones de su negocio.<\/p>\n\t\t\t\t\t<\/div>\n\t\t\t\t<\/div>\n\t\t\t\t\t\t\t<div class=\"co-accordion--item\">\n\t\t\t\t\t<button\n\t\t\t\t\t\t\t\t\t\t\t\t\tdata-accordid=\"5586\"\n\t\t\t\t\t\t\t\t\t\t\t\tclass=\"co-accordion--header\t\t\t\t\t\t\tjs-accord_toggle\t\t\t\t\t\t\tclosed\"\n\t\t\t\t\t>\n\t\t\t\t\t\t<span class=\"text-md\">\u00bfQu\u00e9 cubre el seguro para empresas?<\/span>\n\t\t\t\t\t\t<svg class=\"co-accordion--icon no-js:is-hidden\" viewbox=\"0 0 20 20\"><g class=\"icon__group\" fill=\"none\" stroke=\"currentColor\" stroke-linecap=\"round\" stroke-linejoin=\"round\"><line x1=\"3\" y1=\"3\" x2=\"17\" y2=\"17\"><\/line><line x1=\"17\" y1=\"3\" x2=\"3\" y2=\"17\"><\/line><\/g><\/svg>\n\t\t\t\t\t<\/button>\n\t\t\t\t\t<div class=\"co-accordion--panel\t\t\t\t\t\tjs-accord_content\">\n\t\t\t\t\t\t<p>La cobertura del seguro para empresas var\u00eda seg\u00fan la p\u00f3liza. Algunas de las p\u00f3lizas m\u00e1s comunes incluyen las siguientes:<\/p>\n<h2><strong>1. Responsabilidad comercial<\/strong><\/h2>\n<p>Como propietario de un negocio, usted es potencialmente responsable de cada producto, servicio y operaci\u00f3n relacionados con su empresa. Si bien es cierto que se enfatizan los procedimientos adecuados en toda la organizaci\u00f3n, ninguna persona ni m\u00e1quina es perfecta. A pesar de sus mejores esfuerzos, los da\u00f1os causados a terceros relacionados con su negocio podr\u00edan dar lugar a litigios. El seguro de responsabilidad civil comercial est\u00e1 dise\u00f1ado para proteger a los propietarios y activos de las empresas frente a diversos riesgos.<\/p>\n<h2><strong>2. Responsabilidad por productos defectuosos<\/strong><\/h2>\n<p>Aunque la responsabilidad civil comercial y la responsabilidad civil por productos defectuosos suenan similares, es fundamental saber que no son lo mismo. Si su producto puede da\u00f1ar a una persona o propiedad, incluso si se usa correctamente, entonces el seguro de responsabilidad civil por productos defectuosos es esencial.<\/p>\n<h2><strong>3. Seguro de propiedad<\/strong><\/h2>\n<p>Imagina que se produce un incendio y pierdes todo tu inventario. O que tu negocio sufre un robo, con da\u00f1os materiales y posiblemente la p\u00e9rdida de bienes. Tu capacidad para recuperarte de estos incidentes depende de tu seguro de propiedad comercial.<\/p>\n<h2><strong>4. Seguro de autom\u00f3vil para empresas<\/strong><\/h2>\n<p>Imagina que sufres un accidente con tu veh\u00edculo personal mientras realizas actividades laborales. \u00bfSab\u00edas que tu seguro personal podr\u00eda no cubrirte? \u00bfY si tienes empleados que realizan visitas de servicio a clientes? El seguro de auto comercial ofrece una valiosa protecci\u00f3n para los veh\u00edculos de tu empresa, los veh\u00edculos arrendados o alquilados, y los veh\u00edculos de tus empleados utilizados para fines comerciales.<\/p>\n<p><a href=\"https:\/\/news.leavitt.com\/business-insurance\/hired-non-owned-auto\/\" rel=\"noopener\">Lea m\u00e1s sobre seguros de autom\u00f3viles para empresas \u00bb<\/a><\/p>\n<h2><strong>5. Indemnizaci\u00f3n por accidentes laborales<\/strong><\/h2>\n<p>Si emplea a trabajadores que no son propietarios del negocio, est\u00e1 legalmente obligado a contar con una p\u00f3liza de compensaci\u00f3n laboral. Si bien usted se esfuerza por mantener un entorno de trabajo seguro, si alguno de sus empleados sufre una lesi\u00f3n o enfermedad durante el trabajo, usted es legalmente responsable. Una p\u00f3liza de compensaci\u00f3n laboral puede cubrir los gastos m\u00e9dicos, la p\u00e9rdida de salario y los costos de rehabilitaci\u00f3n de sus empleados.<\/p>\n<h2><strong>6. Exceso\/Paraguas<\/strong><\/h2>\n<p>Sin una p\u00f3liza de exceso o de cobertura adicional, un siniestro catastr\u00f3fico podr\u00eda agotar sus ingresos futuros y el patrimonio de su empresa. Toda empresa es vulnerable a p\u00e9rdidas devastadoras y demandas que podr\u00edan superar la cobertura de su seguro principal. Esta cobertura es fundamental, especialmente para las peque\u00f1as y medianas empresas.<\/p>\n<hr \/>\n<h2><strong>Inundaciones y terremotos<\/strong><\/h2>\n<p>Su p\u00f3liza de seguro b\u00e1sica no lo protege contra los da\u00f1os causados por terremotos e inundaciones. Ya sea que se encuentre en una zona de alto riesgo o en una de riesgo moderado a bajo, deber\u00eda considerar agregar un seguro contra terremotos e inundaciones a su p\u00f3liza de seguro comercial. M\u00e1s de la mitad de las reclamaciones por inundaciones ocurren en zonas consideradas de baja exposici\u00f3n a inundaciones, y cada a\u00f1o se registran alrededor de 5000 terremotos en Estados Unidos.<\/p>\n<p><a href=\"https:\/\/news.leavitt.com\/business-insurance\/preparing-business-natural-disaster\/\" rel=\"noopener\">En lo que respecta a desastres naturales, aqu\u00ed hay algunas cosas importantes que debes tener en cuenta \u00bb<\/a><\/p>\n<h2><strong>Inland Marine<\/strong><\/h2>\n<p>\u00bfTiene equipos, materiales o suministros comerciales en tr\u00e1nsito? \u00bfAlmacena bienes de su empresa fuera de sus instalaciones? Proteja sus bienes o equipos comerciales m\u00e1s valiosos, dondequiera que se encuentren, con un seguro de transporte terrestre.<\/p>\n<h2><strong>Responsabilidad profesional<\/strong><\/h2>\n<p>Si usted o sus empleados son especialistas que prestan servicios que pueden ocasionar da\u00f1os econ\u00f3micos a un cliente debido a errores u omisiones, se beneficiar\u00e1n de un seguro de responsabilidad profesional. Usted se esfuerza por cumplir con sus deberes y responsabilidades lo mejor posible, pero si su cliente no queda satisfecho, podr\u00eda enfrentarse a una demanda. Proteja a sus empleados, su negocio y a usted mismo con una p\u00f3liza de responsabilidad profesional.<\/p>\n<h2><strong>Ciberseguridad<\/strong><\/h2>\n<p>En el mundo digital actual, el cibercrimen campa a sus anchas. Las filtraciones de datos son demasiado frecuentes y suelen tener como objetivo a las peque\u00f1as empresas. Si almacena informaci\u00f3n confidencial de sus clientes, como n\u00fameros de cuenta, n\u00fameros de licencia de conducir y n\u00fameros de tarjetas de cr\u00e9dito, y es v\u00edctima de una filtraci\u00f3n de datos, usted es responsable de los da\u00f1os ocasionados por dicha informaci\u00f3n.<\/p>\n<p>Aprende sobre el\u00a0<a href=\"https:\/\/news.leavitt.com\/business-insurance\/the-case-for-cyber-liability-insurance\/\" rel=\"noopener\">Importancia del seguro de responsabilidad cibern\u00e9tica<\/a>\u00a0y\u00a0<a href=\"https:\/\/news.leavitt.com\/business-insurance\/protecting-business-cybercrime\/\" rel=\"noopener\">C\u00f3mo proteger su negocio del cibercrimen<\/a>.<\/p>\n\t\t\t\t\t<\/div>\n\t\t\t\t<\/div>\n\t\t\t\t\t\t\t<div class=\"co-accordion--item\">\n\t\t\t\t\t<button\n\t\t\t\t\t\t\t\t\t\t\t\t\tdata-accordid=\"5587\"\n\t\t\t\t\t\t\t\t\t\t\t\tclass=\"co-accordion--header\t\t\t\t\t\t\tjs-accord_toggle\t\t\t\t\t\t\tclosed\"\n\t\t\t\t\t>\n\t\t\t\t\t\t<span class=\"text-md\">\u00bfC\u00f3mo puedo encontrar el seguro empresarial adecuado para m\u00ed?<\/span>\n\t\t\t\t\t\t<svg class=\"co-accordion--icon no-js:is-hidden\" viewbox=\"0 0 20 20\"><g class=\"icon__group\" fill=\"none\" stroke=\"currentColor\" stroke-linecap=\"round\" stroke-linejoin=\"round\"><line x1=\"3\" y1=\"3\" x2=\"17\" y2=\"17\"><\/line><line x1=\"17\" y1=\"3\" x2=\"3\" y2=\"17\"><\/line><\/g><\/svg>\n\t\t\t\t\t<\/button>\n\t\t\t\t\t<div class=\"co-accordion--panel\t\t\t\t\t\tjs-accord_content\">\n\t\t\t\t\t\t<p>Uno de nuestros asesores de seguros empresariales con amplia experiencia puede ayudarle a encontrar la p\u00f3liza que mejor se adapte a sus necesidades. Le ayudaremos a identificar sus riesgos y responsabilidades potenciales y, posteriormente, dise\u00f1aremos una p\u00f3liza a medida que proteja su negocio.<\/p>\n<p>Nos encantar\u00eda charlar contigo.\u00a0<a href=\"https:\/\/quote.insurancebysound.com\/\" rel=\"noopener\">\u00a1Cont\u00e1ctanos hoy!<\/a><\/p>\n\t\t\t\t\t<\/div>\n\t\t\t\t<\/div>\n\t\t\t\t\t\t\t<div class=\"co-accordion--item\">\n\t\t\t\t\t<button\n\t\t\t\t\t\t\t\t\t\t\t\t\tdata-accordid=\"18511\"\n\t\t\t\t\t\t\t\t\t\t\t\tclass=\"co-accordion--header\t\t\t\t\t\t\tjs-accord_toggle\t\t\t\t\t\t\tclosed\"\n\t\t\t\t\t>\n\t\t\t\t\t\t<span class=\"text-md\">\u00bfQui\u00e9n es Leavitt Group Northwest?<\/span>\n\t\t\t\t\t\t<svg class=\"co-accordion--icon no-js:is-hidden\" viewbox=\"0 0 20 20\"><g class=\"icon__group\" fill=\"none\" stroke=\"currentColor\" stroke-linecap=\"round\" stroke-linejoin=\"round\"><line x1=\"3\" y1=\"3\" x2=\"17\" y2=\"17\"><\/line><line x1=\"17\" y1=\"3\" x2=\"3\" y2=\"17\"><\/line><\/g><\/svg>\n\t\t\t\t\t<\/button>\n\t\t\t\t\t<div class=\"co-accordion--panel\t\t\t\t\t\tjs-accord_content\">\n\t\t\t\t\t\t<div class=\"grid-container dark-mode\">Leavitt Group Northwest es el corredor de seguros de confianza de Sound para necesidades personales y comerciales. Obtenga m\u00e1s informaci\u00f3n sobre Leavitt Group Northwest en <a href=\"https:\/\/www.leavitt.com\/northwest\" rel=\"noopener\">leavitt.com\/norte<\/a>.<\/div>\n<div class=\"grid-container medium py4\">\n<div id=\"checkbox-container\" class=\"grid-x grid-margin-x small-up-2 large-up-4\">\n<div class=\"cell\"><\/div>\n<\/div>\n<\/div>\n<p>&nbsp;<\/p>\n\t\t\t\t\t<\/div>\n\t\t\t\t<\/div>\n\t\t\t\t\t<\/div>\n\t\t<div class=\"co-accordion--cta\"><p><a href=\"https:\/\/www.soundcu.com\/es\/support\/\">Ver todas las preguntas frecuentes<\/a><\/p>\n<\/div>\t<\/section>\n\n\t<\/div>\n<\/div>\n\n\n<div class=\"co-flex_row co-flex_row__blue co-flex_row__multi-path-cta co-flex_row__next_row__back-to-top\" >\n\t<div class=\"co-flex_row--row co-row\">\n\t\t\t<div class=\"co-mp_ctas\">\n\t\t\t\t<header class=\"co-intro_text\">\n\t\t\t<h2 class=\"co-intro_text--title\">\u00bfTiene alguna pregunta o est\u00e1 listo para obtener una cotizaci\u00f3n de p\u00f3liza? <\/h2>\t\t<\/header>\n\t\t\t<div class=\"co-mp_ctas--list prow justify-center\">\n\t\t\t\t\t\t\t\t\t\t\t<div class=\"co-mp_cta pcol-lg:4\">\n\t\t\t\t\t<div class=\"co-mp_cta--title\">\n\t\t\t\t\t\tObt\u00e9n un presupuesto de seguro\t\t\t\t\t<\/div>\n\t\t\t\t\t<a class=\"co-mp_cta--link gtm-button\" href=\"https:\/\/www.soundcu.com\/es\/speed-bump\/?url=https%3A%2F%2Fbusiness.insurancebysound.com%2F&#038;prev=https%3A%2F%2Fwww.soundcu.com%2Fes%2Fbusiness%2Finsurance%2F\">Solicitar cotizaci\u00f3n de p\u00f3liza<\/a>\t\t\t\t<\/div>\n\t\t\t\t\t\t\t\t\t\t\t<div class=\"co-mp_cta pcol-lg:4\">\n\t\t\t\t\t<div class=\"co-mp_cta--title\">\n\t\t\t\t\t\tLl\u00e1menos\t\t\t\t\t<\/div>\n\t\t\t\t\t\t\t\t\t\t\t<div class=\"co-mp_cta--content\">\n\t\t\t\t\t\t\t<p><a href=\"tel:8005628130\">800.562.8130<\/a><\/p>\n\t\t\t\t\t\t<\/div>\n\t\t\t\t\t\t\t\t\t<\/div>\n\t\t\t\t\t\t\t\t\t\t\t<div class=\"co-mp_cta pcol-lg:4\">\n\t\t\t\t\t<div class=\"co-mp_cta--title\">\n\t\t\t\t\t\tServicios de seguros s\u00f3lidos\t\t\t\t\t<\/div>\n\t\t\t\t\t<a class=\"co-mp_cta--link gtm-button\" href=\"https:\/\/www.soundcu.com\/es\/speed-bump\/?url=https%3A%2F%2Fbusiness.insurancebysound.com%2F&#038;prev=https%3A%2F%2Fwww.soundcu.com%2Fes%2Fbusiness%2Finsurance%2F\">Cont\u00e1ctarnos<\/a>\t\t\t\t<\/div>\n\t\t\t\t\t<\/div>\n\t<\/div>\n\n\t<\/div>\n<\/div>\n\n\n<div class=\"co-flex_row co-flex_row__back-to-top co-flex_row__next_row__disclosures\" >\n\t<div class=\"co-flex_row--row co-row\">\n\t\t<div class=\"co-back-to-top\">\t\n  <a class=\"co-back-to-top--link js-scroll_link\" href=\"#\" aria-label=\"\">\n\t\t<img\n\t\t\tclass=\"co-back-to-top--arrow\"\n\t\t\tsrc=\"https:\/\/www.soundcu.com\/wp-content\/themes\/soundcu-theme\/images\/back_top.svg\"\n\t\t\talt=\"Back to Top Button\"\n\t\t\twidth=\"18.07\"\n\t\t\theight=\"23.169\"\n\t\t\tloading=\"lazy\"\n\t\t>\n\t  Volver arriba  <\/a>\n<\/div>\n\n\t<\/div>\n<\/div>\n\n\n<div class=\"co-flex_row co-flex_row__blue co-flex_row__last co-flex_row__disclosures\" >\n\t<div class=\"co-flex_row--row co-row\">\n\t\t\t<div class=\"co-disclosures\">\n\t\t<h2 class=\"co-disclosures--title\">Divulgaciones<\/h2>\n\t\t<div class=\"co-disclosures--content\">\n\t\t\t<p>Los productos de seguros no son dep\u00f3sitos, no constituyen una obligaci\u00f3n ni est\u00e1n garantizados por Sound Credit Union. No est\u00e1n protegidos por la NCUA, pueden estar sujetos a riesgos y, en el caso de los seguros de vida, su valor puede disminuir. Cualquier seguro requerido como condici\u00f3n para la concesi\u00f3n de cr\u00e9dito no tiene que adquirirse necesariamente en la cooperativa de cr\u00e9dito y puede contratarse con un agente o compa\u00f1\u00eda de seguros de su elecci\u00f3n. Los productos de seguros no son exclusivos para los miembros de Sound Credit Union. Las transacciones con Sound Insurance Services son independientes y distintas de cualquier transacci\u00f3n con la cooperativa de cr\u00e9dito. Sound Insurance Services es una filial de Sound Credit Union.<\/p>\n\t\t<\/div>\n\t<\/div>\n\n\t<\/div>\n<\/div>","protected":false},"excerpt":{"rendered":"","protected":false},"author":9,"featured_media":0,"parent":2364,"menu_order":0,"comment_status":"closed","ping_status":"closed","template":"","meta":{"_acf_changed":false,"content-type":"","_searchwp_excluded":"","footnotes":""},"county":[],"class_list":["post-5580","page","type-page","status-publish","hentry"],"acf":[],"_links":{"self":[{"href":"https:\/\/www.soundcu.com\/es\/wp-json\/wp\/v2\/pages\/5580","targetHints":{"allow":["GET"]}}],"collection":[{"href":"https:\/\/www.soundcu.com\/es\/wp-json\/wp\/v2\/pages"}],"about":[{"href":"https:\/\/www.soundcu.com\/es\/wp-json\/wp\/v2\/types\/page"}],"author":[{"embeddable":true,"href":"https:\/\/www.soundcu.com\/es\/wp-json\/wp\/v2\/users\/9"}],"replies":[{"embeddable":true,"href":"https:\/\/www.soundcu.com\/es\/wp-json\/wp\/v2\/comments?post=5580"}],"version-history":[{"count":7,"href":"https:\/\/www.soundcu.com\/es\/wp-json\/wp\/v2\/pages\/5580\/revisions"}],"predecessor-version":[{"id":18513,"href":"https:\/\/www.soundcu.com\/es\/wp-json\/wp\/v2\/pages\/5580\/revisions\/18513"}],"up":[{"embeddable":true,"href":"https:\/\/www.soundcu.com\/es\/wp-json\/wp\/v2\/pages\/2364"}],"wp:attachment":[{"href":"https:\/\/www.soundcu.com\/es\/wp-json\/wp\/v2\/media?parent=5580"}],"wp:term":[{"taxonomy":"county","embeddable":true,"href":"https:\/\/www.soundcu.com\/es\/wp-json\/wp\/v2\/county?post=5580"}],"curies":[{"name":"wp","href":"https:\/\/api.w.org\/{rel}","templated":true}]}}