{"id":8081,"date":"2024-01-24T15:04:30","date_gmt":"2024-01-24T23:04:30","guid":{"rendered":"https:\/\/www.soundcu.com\/?page_id=8081"},"modified":"2024-01-24T15:04:35","modified_gmt":"2024-01-24T23:04:35","slug":"home-loans-wa","status":"publish","type":"page","link":"https:\/\/www.soundcu.com\/es\/home-loans-wa\/","title":{"rendered":"Pr\u00e9stamos hipotecarios en Australia Occidental"},"content":{"rendered":"<div class=\"co-flex_row co-flex_row__blue co-flex_row__lead-capture-hero co-flex_row__next_row__long-form-text\" >\n\t<div class=\"co-flex_row--row co-row\">\n\t\t\t<header class=\"co-lead_capture_hero  co-lead_capture_hero__has_image benefits has_button\" aria-label=\"Encabezado: Pr\u00e9stamos hipotecarios en Washington\">\n\t\t<div class=\"co-lead_capture_hero--inner\">\n\t\t\t<div class=\"prow items-center\">\n\t\t\t\t<div class=\"co-lead_capture_hero--text pcol-lg:6 pcol-xl:6\">\n\t\t\t\t\t<h1 class=\"co-lead_capture_hero--title\" >Pr\u00e9stamos hipotecarios en Washington<\/h1>\t\t\t\t\t<p class=\"co-lead_capture_hero--tagline\">Hipotecas o l\u00edneas de cr\u00e9dito con garant\u00eda hipotecaria. Tenemos el pr\u00e9stamo adecuado para usted.<\/p>\t\t\t\t\t\t<div class=\"co-lead_capture_hero--buttons\">\n\t\t\t\t\t\t\t<a class=\"co-lead_capture_hero--button\" href=\"https:\/\/borrow.soundcu.com\/?&#038;_ga=2.122659659.1906913564.1705944138-539114806.1696019864&#038;_gl=1*1efhlm1*_ga*NTM5MTE0ODA2LjE2OTYwMTk4NjQ.*_ga_FR6440DWJ8*MTcwNjEzNTY5My4yNTMuMS4xNzA2MTM2MzgwLjQyLjAuMA..#\/milestones\" rel=\"noopener\">SOLICITA AHORA<\/a>\t\t\t\t\t\t<\/div>\n\t\t\t\t\t\t\t\t\t\t<\/div>\n\t\t\t\t\t\t\t\t\t<div class=\"co-lead_capture_hero--img_wrap pcol-lg:6 pcol-xl:6\">\n\t\t\t\t\t\t<svg class=\"co-branch_location_hero--svg-gradient\" width=\"159.2\" height=\"609\" viewbox=\"0 0 159.2 609\">\n  <defs>\n   <clippath id=\"clip-path-hero-gradient\">\n    <path d=\"M0,0H159.2V609H0Z\" fill=\"none\"\/>\n   <\/clippath>\n   <lineargradient id=\"linear-gradient-hero\" x1=\"1\" y1=\"1\" x2=\"1.147\" gradientunits=\"objectBoundingBox\">\n    <stop offset=\"0\" stop-color=\"#0d2c6c\"\/>\n    <stop offset=\"1\" stop-color=\"#67ccf2\"\/>\n   <\/lineargradient>\n  <\/defs>\n  <g transform=\"translate(487 -10)\">\n   <g transform=\"translate(-487 10)\" clip-path=\"url(#clip-path-hero-gradient)\">\n    <path d=\"M148.955,0H96.92c-232.639,458.1,26.61,607.908,26.61,607.908h25.425s-249.534-124.9,0-607.908\" transform=\"translate(0)\" fill=\"url(#linear-gradient-hero)\"\/>\n     <path d=\"M747.31,0Z\" transform=\"translate(246.995)\" fill=\"#040504\"\/>\n   <\/g>\n  <\/g>\n<\/svg>\n<div class=\"co-lead_capture_hero--mask\"><svg width=\"997.021\" height=\"609\" viewbox=\"0 0 997.021 609\"><defs><clippath id=\"svgPathHero\"><path d=\"M144.231,0c-260.172,483.012,0,607.908,0,607.908L1025.62,609V0Z\" transform=\"translate(-28.599)\"\/><\/clippath><\/defs><image id=\"image_69e9897f2360b\" xlink:href=\"https:\/\/www.soundcu.com\/files\/iStock-1200912156_944x612-941x610.jpg\" src=\"https:\/\/www.soundcu.com\/files\/iStock-1200912156_944x612-941x610.jpg\" clip-path=\"url(#svgPathHero)\"  alt=\"young family looking at new kitchen with loan officer\" \/><\/svg><\/div>\t\t\t\t\t<\/div>\n\t\t\t\t\t\t\t<\/div>\n\t\t<\/div>\n\t\t\t<\/header>\n\t<div class=\"co-benefits-hero benefits\">\n\t\t<div class=\"co-row\">\n\t\t\t<div class=\"prow\">\n\t\t\t\t<div class=\"pcol-lg:7 co-benefits-hero--col__info\">\n\t\t\t\t\t\t\t\t\t\t\t\t\t\t\t\t\t\t\t\t\t\t\t\t<div class=\"co-benefits-hero--description\">\n\t\t\t\t\t\t\t\t\t\t\t\t\t\t\t\t\t<div class=\"co-benefits-hero--description_head\">Hipotecas que se adaptan a tu estilo de vida<\/div>\n\t\t\t\t\t\t\t\t\t\t\t\t\t\t\t\t\t\t\t\t\t\t\t\t\t<div class=\"co-benefits-hero--description_text\"><ul>\n<li>Tarifas competitivas<\/li>\n<li>Sin cuota de solicitud<\/li>\n<li>Sin comisi\u00f3n de apertura<\/li>\n<li>Cierres flexibles<\/li>\n<li>Preaprobaciones en tan solo un d\u00eda h\u00e1bil.<\/li>\n<li>Congele su tarifa hasta por 60 d\u00edas.<\/li>\n<li>Asistencia en l\u00ednea o presencial<\/li>\n<\/ul>\n<\/div>\n\t\t\t\t\t\t\t\t\t\t\t\t\t\t\t<\/div>\n\t\t\t\t\t\t\t\t\t\t\t\t\t\t\t<\/div>\n\t\t\t\t<div class=\"pcol-lg:5 co-benefits-hero--col__form\">\t\t\t\n\t\t\t\t\t\t\t\t\t<div class=\"co-benefits-hero--button_wrap\">\n\t\t\t\t\t\t<a class=\"co-benefits-hero--button\" href=\"https:\/\/borrow.soundcu.com\/?&#038;_ga=2.114149959.1906913564.1705944138-539114806.1696019864&#038;_gl=1*1lq4ggc*_ga*NTM5MTE0ODA2LjE2OTYwMTk4NjQ.*_ga_FR6440DWJ8*MTcwNjEzNTY5My4yNTMuMS4xNzA2MTM2MzgwLjQyLjAuMA..#\/milestones\" rel=\"noopener\">SOLICITA AHORA<\/a>\t\t\t\t\t<\/div>\n\t\t\t\t\t\t\t\t\t\t\t\t\t\t<div class=\"co-benefits-hero--promo\">\n\t\t\t\t\t\t\t<h2>Hipotecas de primera categor\u00eda sin comisi\u00f3n de apertura.<\/h2>\n<p>Tasas bajas y una variedad de opciones de pr\u00e9stamos hipotecarios para quienes se inician en la profesi\u00f3n.<\/p>\n\t\t\t\t\t\t<\/div>\n\t\t\t\t\t\t\t\t\t\t\t\t<\/div>\n\t\t\t<\/div>\n\t\t<\/div>\n\t<\/div>\n\n\t<\/div>\n<\/div>\n\n\n<div class=\"co-flex_row co-flex_row__blue co-flex_row__long-form-text co-flex_row__next_row__disclosures\" >\n\t<div class=\"co-flex_row--row co-row\">\n\t\t\t<div class=\"co-long_form\">\n\t\t\t\t<header class=\"co-intro_text\">\n\t\t\t<h2 class=\"co-intro_text--title\">La membres\u00eda supera la fidelizaci\u00f3n de clientes.<\/h2><div class=\"co-intro_text--intro\"><p>Como cooperativa local propiedad de sus miembros, reinvertimos nuestras ganancias entre ellos y las comunidades a las que servimos. Desde 1940, hemos ayudado a los residentes de Washington a comprar la casa de sus sue\u00f1os y autos nuevos, o a ahorrar para imprevistos.<\/p>\n<\/div>\t\t<\/header>\n\t\t\t\t<div class=\"co-long_form--block prow items-start\">\n\t\t\t\t<div class=\"co-long_form--text pcol-md:7\">\n\t\t\t\t\t<h3 class=\"co-long_form--headline\" >Sound cuenta con expertos que pueden ayudarte a encontrar las mejores opciones para ti y tu presupuesto.<\/h3><a class=\"co-long_form--button co-button gtm-button\" href=\"https:\/\/www.soundcu.com\/es\/speed-bump\/?url=https%3A%2F%2Fwww.soundcu.com%2Fthe-credit-union-difference%2F&#038;prev=https%3A%2F%2Fwww.soundcu.com%2Fes%2Fhome-loans-wa%2F\">SOBRE NOSOTROS<\/a>\t\t\t\t<\/div>\n\t\t\t\t\t\t\t\t\t<div class=\"co-long_form--media pcol-md:5 Image\">\n\t\t\t\t\t\t<div class=\"co-long_form--media_wrap\">\n\t\t\t\t\t\t\t<img loading=\"lazy\" decoding=\"async\" width=\"540\" height=\"330\" src=\"https:\/\/www.soundcu.com\/files\/iStock-1572059022_540x330.jpg\" class=\"co-long_form--image\" alt=\"state agent talking with couple\" srcset=\"https:\/\/www.soundcu.com\/files\/iStock-1572059022_540x330.jpg 540w, https:\/\/www.soundcu.com\/files\/iStock-1572059022_540x330-396x242.jpg 396w, https:\/\/www.soundcu.com\/files\/iStock-1572059022_540x330-75x46.jpg 75w\" sizes=\"auto, (max-width: 540px) 100vw, 540px\" \/>\t\t\t\t\t\t\t\t\t\t\t\t\t\t\t<svg class=\"co-long_form--media__svg\" width=\"252.96\" height=\"86.432\" viewbox=\"0 0 252.96 86.432\"><g transform=\"translate(-992.041 -7954.568)\"><path d=\"M567.407,124.428c-77.494-74.559-170.562-30.665-250.487,0C396.429,151.611,495.98,196.666,567.407,124.428Z\" transform=\"translate(677.594 7871.189)\" fill=\"#71c4e8\"\/><path d=\"M452.635,105.62c-41.987-40.4-92.411-16.614-135.715,0C360,120.347,413.936,144.758,452.635,105.62Z\" transform=\"translate(675.121 7914.231)\" fill=\"#00205b\"\/><\/g><\/svg>\n\t\t\t\t\t\t\t\t\t\t\t\t\t<\/div>\n\t\t\t\t\t\t\t\t\t\t\t<\/div>\n\t\t\t\t\t\t\t<\/div>\n\t\t\t\t\t\t<div class=\"co-long_form--block co-long_form--block__nomedia prow items-start\">\n\t\t\t\t<div class=\"co-long_form--text pcol-md:8\">\n\t\t\t\t\t<h3 class=\"co-long_form--headline\" >C\u00f3mo iniciar el camino hacia la compra de una vivienda<\/h3><div class=\"co-long_form--content\"><p>Si es la primera vez que compra una vivienda, le conviene conocer a fondo el funcionamiento de la financiaci\u00f3n hipotecaria para saber qu\u00e9 esperar.<\/p>\n<p><script src='https:\/\/embed.signalintent.com\/js\/embedded.js?org-guid=850e5e14-1a59-4071-99d9-018f3fef274d'><\/script><\/p>\n<div id=\"sgi\" data-guid=\"bc1000c4-afb1-4460-84e9-50be650f2bf1\"><\/div>\n<\/div>\t\t\t\t<\/div>\n\t\t\t\t\t\t\t<\/div>\n\t\t\t\t<\/div>\n\n\t<\/div>\n<\/div>\n\n\n<div class=\"co-flex_row co-flex_row__blue co-flex_row__last co-flex_row__disclosures\" >\n\t<div class=\"co-flex_row--row co-row\">\n\t\t\t<div class=\"co-disclosures\">\n\t\t<h2 class=\"co-disclosures--title\">Divulgaciones<\/h2>\n\t\t<div class=\"co-disclosures--content\">\n\t\t\t<div class=\"small-text\">\n<p>Todos los pr\u00e9stamos est\u00e1n sujetos a aprobaci\u00f3n crediticia. Es posible que se requiera verificaci\u00f3n de ingresos. Debe tener 18 a\u00f1os de edad para calificar para el pr\u00e9stamo. La TAE es la Tasa Anual Equivalente. La tasa y la oferta est\u00e1n sujetas a cambios en cualquier momento. La promoci\u00f3n de Cero Comisi\u00f3n de Apertura es una oferta por tiempo limitado y est\u00e1 sujeta a cambios en cualquier momento. Los pr\u00e9stamos FHA y USDA est\u00e1n excluidos de esta oferta. La propiedad hipotecada debe estar ubicada en Washington, Oreg\u00f3n o Idaho. Esta oferta no se puede combinar con otros descuentos y no est\u00e1 disponible para pr\u00e9stamos con garant\u00eda hipotecaria ni l\u00edneas de cr\u00e9dito con garant\u00eda hipotecaria. Se aplican las pautas de evaluaci\u00f3n crediticia est\u00e1ndar. Se requiere ser miembro de Sound Credit Union sin saldo m\u00ednimo de ahorro.<\/p>\n<p><strong><sup>1<\/sup>FHA:<\/strong>\u00a0Se requiere un seguro hipotecario privado (PMI) durante toda la vigencia del pr\u00e9stamo. VA: disponible solo para militares en servicio activo o veteranos que cumplan con los requisitos.<\/p>\n<\/div>\n\t\t<\/div>\n\t<\/div>\n\n\t<\/div>\n<\/div>","protected":false},"excerpt":{"rendered":"","protected":false},"author":10,"featured_media":0,"parent":0,"menu_order":0,"comment_status":"closed","ping_status":"closed","template":"tpl-leadCapture.php","meta":{"_acf_changed":false,"content-type":"","_searchwp_excluded":"","footnotes":""},"county":[],"class_list":["post-8081","page","type-page","status-publish","hentry"],"acf":[],"_links":{"self":[{"href":"https:\/\/www.soundcu.com\/es\/wp-json\/wp\/v2\/pages\/8081","targetHints":{"allow":["GET"]}}],"collection":[{"href":"https:\/\/www.soundcu.com\/es\/wp-json\/wp\/v2\/pages"}],"about":[{"href":"https:\/\/www.soundcu.com\/es\/wp-json\/wp\/v2\/types\/page"}],"author":[{"embeddable":true,"href":"https:\/\/www.soundcu.com\/es\/wp-json\/wp\/v2\/users\/10"}],"replies":[{"embeddable":true,"href":"https:\/\/www.soundcu.com\/es\/wp-json\/wp\/v2\/comments?post=8081"}],"version-history":[{"count":0,"href":"https:\/\/www.soundcu.com\/es\/wp-json\/wp\/v2\/pages\/8081\/revisions"}],"wp:attachment":[{"href":"https:\/\/www.soundcu.com\/es\/wp-json\/wp\/v2\/media?parent=8081"}],"wp:term":[{"taxonomy":"county","embeddable":true,"href":"https:\/\/www.soundcu.com\/es\/wp-json\/wp\/v2\/county?post=8081"}],"curies":[{"name":"wp","href":"https:\/\/api.w.org\/{rel}","templated":true}]}}