{"id":8202,"date":"2024-01-25T14:46:44","date_gmt":"2024-01-25T22:46:44","guid":{"rendered":"https:\/\/www.soundcu.com\/?page_id=8202"},"modified":"2024-04-11T15:16:42","modified_gmt":"2024-04-11T22:16:42","slug":"bonus-rewards","status":"publish","type":"page","link":"https:\/\/www.soundcu.com\/es\/bonus-rewards\/","title":{"rendered":"10.000 recompensas adicionales"},"content":{"rendered":"<div class=\"co-flex_row co-flex_row__white co-flex_row__lead-capture-hero co-flex_row__next_row__columns\" >\n\t<div class=\"co-flex_row--row co-row\">\n\t\t\t<header class=\"co-lead_capture_hero  co-lead_capture_hero__has_image benefits has_button\" aria-label=\"Encabezado: Obt\u00e9n una ventaja de 10 000 puntos\">\n\t\t<div class=\"co-lead_capture_hero--inner\">\n\t\t\t<div class=\"prow items-center\">\n\t\t\t\t<div class=\"co-lead_capture_hero--text pcol-lg:6 pcol-xl:6\">\n\t\t\t\t\t<h1 class=\"co-lead_capture_hero--title\" >Obt\u00e9n una ventaja de 10,000 puntos.<\/h1>\t\t\t\t\t<p class=\"co-lead_capture_hero--tagline\">Con una nueva tarjeta de cr\u00e9dito con recompensas<\/p>\t\t\t\t\t\t<div class=\"co-lead_capture_hero--buttons\">\n\t\t\t\t\t\t\t<a class=\"co-lead_capture_hero--button\" href=\"https:\/\/www.soundcu.com\/es\/speed-bump\/?url=https%3A%2F%2Fwww.soundcu.com%2Fpersonal%2Fapply-for-a-loan%2F&#038;prev=https%3A%2F%2Fwww.soundcu.com%2Fes%2Fbonus-rewards%2F\"  >Solicita ahora<\/a>\t\t\t\t\t\t<\/div>\n\t\t\t\t\t\t\t\t\t\t<\/div>\n\t\t\t\t\t\t\t\t\t<div class=\"co-lead_capture_hero--img_wrap pcol-lg:6 pcol-xl:6\">\n\t\t\t\t\t\t<svg class=\"co-branch_location_hero--svg-gradient\" width=\"159.2\" height=\"609\" viewbox=\"0 0 159.2 609\">\n  <defs>\n   <clippath id=\"clip-path-hero-gradient\">\n    <path d=\"M0,0H159.2V609H0Z\" fill=\"none\"\/>\n   <\/clippath>\n   <lineargradient id=\"linear-gradient-hero\" x1=\"1\" y1=\"1\" x2=\"1.147\" gradientunits=\"objectBoundingBox\">\n    <stop offset=\"0\" stop-color=\"#0d2c6c\"\/>\n    <stop offset=\"1\" stop-color=\"#67ccf2\"\/>\n   <\/lineargradient>\n  <\/defs>\n  <g transform=\"translate(487 -10)\">\n   <g transform=\"translate(-487 10)\" clip-path=\"url(#clip-path-hero-gradient)\">\n    <path d=\"M148.955,0H96.92c-232.639,458.1,26.61,607.908,26.61,607.908h25.425s-249.534-124.9,0-607.908\" transform=\"translate(0)\" fill=\"url(#linear-gradient-hero)\"\/>\n     <path d=\"M747.31,0Z\" transform=\"translate(246.995)\" fill=\"#040504\"\/>\n   <\/g>\n  <\/g>\n<\/svg>\n<div class=\"co-lead_capture_hero--mask\"><svg width=\"997.021\" height=\"609\" viewbox=\"0 0 997.021 609\"><defs><clippath id=\"svgPathHero\"><path d=\"M144.231,0c-260.172,483.012,0,607.908,0,607.908L1025.62,609V0Z\" transform=\"translate(-28.599)\"\/><\/clippath><\/defs><image id=\"image_69eae3b9284da\" xlink:href=\"https:\/\/www.soundcu.com\/files\/iStock-1392022910_944x612-941x610.jpg\" src=\"https:\/\/www.soundcu.com\/files\/iStock-1392022910_944x612-941x610.jpg\" clip-path=\"url(#svgPathHero)\"  alt=\"couple during sunrise watching hot air balloons in Cappadocia, Turkey\" \/><\/svg><\/div>\t\t\t\t\t<\/div>\n\t\t\t\t\t\t\t<\/div>\n\t\t<\/div>\n\t\t\t<\/header>\n\t<div class=\"co-benefits-hero benefits\">\n\t\t<div class=\"co-row\">\n\t\t\t<div class=\"prow\">\n\t\t\t\t<div class=\"pcol-lg:7 co-benefits-hero--col__info\">\n\t\t\t\t\t\t\t\t\t\t\t\t\t\t\t\t\t\t\t\t\t\t\t\t<div class=\"co-benefits-hero--description\">\n\t\t\t\t\t\t\t\t\t\t\t\t\t\t\t\t\t<div class=\"co-benefits-hero--description_head\">Vive una experiencia extraordinaria<\/div>\n\t\t\t\t\t\t\t\t\t\t\t\t\t\t\t\t\t\t\t\t\t\t\t\t\t<div class=\"co-benefits-hero--description_text\"><p>Al abrir una nueva tarjeta de cr\u00e9dito Rewards, te regalaremos 10.000 puntos Sound Rewards, totalmente gratis, para que puedas empezar a disfrutar de sus beneficios.<\/p>\n<ul>\n<li>Despu\u00e9s de eso, gana un punto de recompensa por cada $1 que gastes.<\/li>\n<li>Prep\u00e1rate para convertir tus Sound Rewards en viajes, escapadas, tarjetas de regalo o dinero en efectivo.<\/li>\n<\/ul>\n<\/div>\n\t\t\t\t\t\t\t\t\t\t\t\t\t\t\t<\/div>\n\t\t\t\t\t\t\t\t\t\t\t\t\t\t\t<\/div>\n\t\t\t\t<div class=\"pcol-lg:5 co-benefits-hero--col__form\">\t\t\t\n\t\t\t\t\t\t\t\t\t<div class=\"co-benefits-hero--button_wrap\">\n\t\t\t\t\t\t<a class=\"co-benefits-hero--button\" href=\"https:\/\/www.soundcu.com\/es\/speed-bump\/?url=https%3A%2F%2Fwww.soundcu.com%2Fpersonal%2Frewards%2F&#038;prev=https%3A%2F%2Fwww.soundcu.com%2Fes%2Fbonus-rewards%2F\"  >Explora las recompensas sonoras<\/a>\t\t\t\t\t<\/div>\n\t\t\t\t\t\t\t\t\t\t\t\t\t\t<div class=\"co-benefits-hero--promo\">\n\t\t\t\t\t\t\t<h2>Gasta dinero. Gana puntos. Divi\u00e9rtete. Repite.<\/h2>\n<ul>\n<li style=\"text-align: left;\">Gana puntos con cada compra.<\/li>\n<li style=\"text-align: left;\">Gana dinero en efectivo y premios. No necesitas participar en ning\u00fan concurso.<\/li>\n<\/ul>\n<p>&nbsp;<\/p>\n\t\t\t\t\t\t<\/div>\n\t\t\t\t\t\t\t\t\t\t\t\t<\/div>\n\t\t\t<\/div>\n\t\t<\/div>\n\t<\/div>\n\n\t<\/div>\n<\/div>\n\n\n<div class=\"co-flex_row co-flex_row__white co-flex_row__next_row_diff co-flex_row__columns co-flex_row__next_row__single-path-cta\" >\n\t<div class=\"co-flex_row--row co-row\">\n\t\t\t<div class=\"co-columns\">\n\t\t\t\t<header class=\"co-intro_text\">\n\t\t\t<h2 class=\"co-intro_text--title\">Las oportunidades de obtener recompensas son infinitas.<\/h2><div class=\"co-intro_text--intro\"><p>Sound Rewards te permite canjear puntos como prefieras.<\/p>\n<\/div>\t\t<\/header>\n\t\t\t\t<div class=\"co-columns--row prow prow-md:2 prow-lg:3 co-columns--row__icons justify-center co-columns--row__narrow\">\n\t\t\t\t\t\t\t\t\t<div class=\"co-columns--box\">\n\t\t\t\t\t\t\t<svg\n\t\tclass=\"co-columns--box_icon IconForkPlateKnife\"\n\t\tviewbox=\"0 0 82.648 63.093\"\n\t\twidth=\"82.648\"\n\t\theight=\"63.093\"\n\t>\n\t\t<title>Fork, Plate and Knife<\/title>\n\t\tclase=\u201denvoltorio\u201d&gt;\n\t<g transform=\"translate(-377.209 -1179.127)\">\n\t\t\t<path d=\"M1032.767,4796.769a27.153,27.153,0,1,0,27.154,27.154,27.184,27.184,0,0,0-27.154-27.154m0,50.948a23.794,23.794,0,1,1,23.795-23.794,23.821,23.821,0,0,1-23.795,23.794\" transform=\"translate(-612.93 -3608.971)\" fill=\"#00205b\"\/>\n\t\t\t<path d=\"M1054.165,4823.569a21.751,21.751,0,1,0,21.752,21.752,21.751,21.751,0,0,0-21.752-21.752m0,37.4a15.649,15.649,0,1,1,15.649-15.648,15.649,15.649,0,0,1-15.649,15.648\" transform=\"translate(-634.328 -3630.369)\" fill=\"#1f79af\"\/>\n\t\t\t<path d=\"M1079.276,4931.491Z\" transform=\"translate(-671.746 -3716.54)\" fill=\"#fff\"\/>\n\t\t\t<path d=\"M1070.942,4876.068a.019.019,0,0,0,.019.019h3.322a.018.018,0,0,0,.018-.018,10.511,10.511,0,0,1,.105-1.458,10.686,10.686,0,0,1,9.043-9.045,10.515,10.515,0,0,1,1.46-.106.018.018,0,0,0,.018-.018v-3.322a.019.019,0,0,0-.019-.019,14,14,0,0,0-13.967,13.966\" transform=\"translate(-665.092 -3661.136)\" fill=\"#00205b\"\/>\n\t\t\t<path d=\"M942.459,4768.815a1.679,1.679,0,0,0-1.68,1.679v14.567a4.291,4.291,0,0,1-1.9,3.562l-.74.5v35.066a1.31,1.31,0,0,1-1.111,1.313,1.281,1.281,0,0,1-1.448-1.269v-34.849l-.951-.458a4.26,4.26,0,0,1-2.438-3.865v-14.567a1.68,1.68,0,0,0-3.359,0v14.567a7.7,7.7,0,0,0,3.389,6.345v32.713a4.714,4.714,0,0,0,4.459,4.749,4.644,4.644,0,0,0,4.818-4.635V4790.84a7.642,7.642,0,0,0,2.637-5.779v-14.567a1.679,1.679,0,0,0-1.68-1.679\" transform=\"translate(-551.627 -3586.651)\" fill=\"#efc025\"\/>\n\t\t\t<path d=\"M1294.81,4754.971c-3.075,1.543-4.937,5.875-5.957,9.237a57.419,57.419,0,0,0-2.124,16.112,62.058,62.058,0,0,0,1.237,12.627v19.417a4.641,4.641,0,0,0,9.277,0V4753.75Zm-.926,5.742v29.226h-3.059a61.25,61.25,0,0,1-.737-9.619c0-8.791,1.691-15.845,3.8-19.607m0,51.652a1.291,1.291,0,0,1-2.559,0V4793.3h2.559Z\" transform=\"translate(-837.386 -3574.623)\" fill=\"#efc025\"\/>\n\t\t\t<path d=\"M961.821,4770.577v-.085a1.68,1.68,0,0,0-3.359,0v14.025h0v.084a1.68,1.68,0,1,0,3.359,0v-14.024h0Z\" transform=\"translate(-575.282 -3586.649)\" fill=\"#efc025\"\/>\n\t<\/g>\n\t<\/symbol>\t<\/svg>\n<h3 class=\"co-columns--box_headline\" >Viajar<\/h3><div class=\"co-columns--box_button\"><\/div>\t\t\t\t\t<\/div>\n\t\t\t\t\t\t\t\t\t<div class=\"co-columns--box\">\n\t\t\t\t\t\t\t<svg\n\t\tclass=\"co-columns--box_icon IconCalendarCrossedOut\"\n\t\tviewbox=\"0 0 81.407 71.232\"\n\t\twidth=\"81.407\"\n\t\theight=\"71.232\"\n\t>\n\t\t<title>Calendar Crossed Out<\/title>\n\t\tclase=\u201denvoltorio\u201d&gt;\n\t<g transform=\"translate(-199.078 -627.12)\">\n\t\t\t<rect width=\"16.96\" height=\"1.696\" transform=\"translate(251.654 654.419)\" fill=\"#1f79af\"\/>\n\t\t\t<path d=\"M123.113,2014.966H48.38a3.337,3.337,0,0,0-3.337,3.338v10.679H126.45V2018.3a3.338,3.338,0,0,0-3.338-3.338m-69.59,8.48H50.131v-3.392h3.392Zm6.784,0H56.915v-3.392h3.392Zm7.084,0H64v-3.392h3.392Zm40.657,0h-3.392v-3.392h3.392Zm6.784,0H111.44v-3.392h3.392Zm7.084,0h-3.392v-3.392h3.392Z\" transform=\"translate(154.035 -1387.846)\" fill=\"#00205b\"\/>\n\t\t\t<path d=\"M289.067,2142.063h23.744v-8.48H289.067Zm20.352-3.392h-16.96v-1.7h16.96Z\" transform=\"translate(-40.805 -1482.555)\" fill=\"#efc025\"\/>\n\t\t\t<rect width=\"22.048\" height=\"3.392\" transform=\"translate(248.988 678.163)\" fill=\"#efc025\"\/>\n\t\t\t<rect width=\"11.872\" height=\"3.392\" transform=\"translate(248.988 683.251)\" fill=\"#efc025\"\/>\n\t\t\t<path d=\"M45.043,2084.509v47.5a9.712,9.712,0,0,0,9.712,9.712h61.984a9.712,9.712,0,0,0,9.712-9.712v-47.5Zm38.951,40.235a12.346,12.346,0,0,1-5.334,4.472,20.621,20.621,0,0,1-8.865,1.7,31.7,31.7,0,0,1-7.662-.941,22.683,22.683,0,0,1-6.564-2.667l3.766-7.793a16.858,16.858,0,0,0,4.838,2.249,18.916,18.916,0,0,0,5.308.785,7.847,7.847,0,0,0,4.236-.994,3.156,3.156,0,0,0,1.569-2.824q0-3.556-5.6-3.556H65.349v-6.538l6.538-7.061H57.452v-8H83.916v6.485l-7.584,8.159a12.184,12.184,0,0,1,6.982,3.74,9.972,9.972,0,0,1,2.432,6.773,11.045,11.045,0,0,1-1.752,6.015m22.83,5.271H94.952v-3.392h11.872ZM117,2124.928H94.952v-3.392H117Zm.97-22.048H94.227v-8.48H117.97Z\" transform=\"translate(154.035 -1443.373)\" fill=\"#1f79af\"\/>\n\t<\/g>\n\t<\/symbol>\t<\/svg>\n<h3 class=\"co-columns--box_headline\" >Conciertos y eventos<\/h3><div class=\"co-columns--box_button\"><\/div>\t\t\t\t\t<\/div>\n\t\t\t\t\t\t\t\t\t<div class=\"co-columns--box\">\n\t\t\t\t\t\t\t<svg\n\t\tclass=\"co-columns--box_icon IconArt\"\n\t\tviewbox=\"0 0 60.212 71.278\"\n\t\twidth=\"60.212\"\n\t\theight=\"71.278\"\n\t>\n\t\t<title>Art<\/title>\n\t\tclase=\u201denvoltorio\u201d&gt;\n\t<g transform=\"translate(-726.642 -1175.121)\">\n\t\t\t<path d=\"M2691.044,5032.091h0a1.4,1.4,0,0,0,1.916-.515l7.629-13.241h-3.238l-6.823,11.84a1.4,1.4,0,0,0,.515,1.916\" transform=\"translate(-1958.097 -3785.88)\" fill=\"#00205b\"\/>\n\t\t\t<path d=\"M2892.2,5032.091h0a1.4,1.4,0,0,0,.515-1.916l-6.822-11.84h-3.238l7.629,13.241a1.4,1.4,0,0,0,1.916.515\" transform=\"translate(-2111.647 -3785.88)\" fill=\"#00205b\"\/>\n\t\t\t<path d=\"M2806.362,5032.143h0a1.4,1.4,0,0,0,1.4-1.4v-12.4h-2.805v12.4a1.4,1.4,0,0,0,1.4,1.4\" transform=\"translate(-2049.614 -3785.88)\" fill=\"#00205b\"\/>\n\t\t\t<path d=\"M2690.366,4848.372h49V4812.5h-49Zm3.116-32.746h42.765v20.851h-14.266l-1.406-1.874-6.394-8.532-5.024,6.7-7.766-10.363-7.91,10.549Z\" transform=\"translate(-1958.117 -3621.532)\" fill=\"#1f79af\"\/>\n\t\t\t<rect width=\"13.543\" height=\"2.109\" transform=\"translate(749.977 1185.767)\" fill=\"#efc025\"\/>\n\t\t\t<path d=\"M2722.761,4784.642h-20.529v2.81h17.729v41.482h-54.61v-41.482h17.728v-2.81h-20.529v47.1h60.212\" transform=\"translate(-1935.906 -3599.288)\" fill=\"#efc025\"\/>\n\t\t\t<path d=\"M2705.824,4845.34l7.91-10.548,7.766,10.362,5.024-6.7,6.394,8.533,1.406,1.874h14.266v-20.851h-42.766Zm32.71-13.06a3.665,3.665,0,1,1-3.656,3.666,3.663,3.663,0,0,1,3.656-3.666\" transform=\"translate(-1970.46 -3633.912)\" fill=\"#efc025\"\/>\n\t\t\t<path d=\"M2713.328,4746.914v-5.2h-8.174v-6.437a1.4,1.4,0,1,0-2.806,0v6.437h-8.174v5.2h-17.728V4788.4h54.61v-41.482Zm-16.348-2.4h13.543v2.109h-13.543Zm31.271,41.073h-49V4749.72h49Z\" transform=\"translate(-1947.003 -3558.751)\" fill=\"#00205b\"\/>\n\t<\/g>\n\t<\/symbol>\t<\/svg>\n<h3 class=\"co-columns--box_headline\" >Mercanc\u00edas<\/h3><div class=\"co-columns--box_button\"><\/div>\t\t\t\t\t<\/div>\n\t\t\t\t\t\t\t\t\t<div class=\"co-columns--box\">\n\t\t\t\t\t\t\t<svg\n\t\tclass=\"co-columns--box_icon IconHandWithDollar\"\n\t\tviewbox=\"0 0 70.308 70.764\"\n\t\twidth=\"70.308\"\n\t\theight=\"70.764\"\n\t>\n\t\t<title>Hand with Dollar<\/title>\n\t\tclase=\u201denvoltorio\u201d&gt;\n\t<g transform=\"translate(-686.671 -430.658)\">\n\t\t\t<path d=\"M2550.55,1105.646h6.015a6.333,6.333,0,0,1,3.644-3.516V1086.2a6.364,6.364,0,0,1-3.61-3.439h-45.751a6.36,6.36,0,0,1-3.61,3.439v15.926a6.337,6.337,0,0,1,3.644,3.516h28.873v-.257a4.64,4.64,0,0,1,4.635-4.635h1.527a4.64,4.64,0,0,1,4.634,4.635Zm-28.615-9.895h-11.345v-3.09h11.345Zm11.787,7.574a9.121,9.121,0,1,1,9.22-9.119,9.18,9.18,0,0,1-9.22,9.119m11.788-10.664h11.344v3.09h-11.344Z\" transform=\"translate(-1811.898 -643.532)\" fill=\"#efc025\"\/>\n\t\t\t<path d=\"M2614.361,1109.6a6.031,6.031,0,1,0,6.13,6.032,6.088,6.088,0,0,0-6.13-6.032\" transform=\"translate(-1892.537 -664.962)\" fill=\"#efc025\"\/>\n\t\t\t<path d=\"M2464.232,1040.22v40.031h41.185v-5.485H2474.1l-.229-1.27a3.249,3.249,0,0,0-2.745-2.619l-1.32-.195V1049.71l1.321-.193a3.254,3.254,0,0,0,2.733-2.567l.246-1.245h50.549l.247,1.244a3.256,3.256,0,0,0,2.733,2.567l1.321.193v20.975l-1.32.194a3.244,3.244,0,0,0-2.743,2.617l-.229,1.271h-8.455v5.485h18.327V1040.22Z\" transform=\"translate(-1777.561 -609.562)\" fill=\"#efc025\"\/>\n\t\t\t<path d=\"M2624.533,1245.258c.4-.662.757-1.2,1.04-1.6.081-.115.158-.222.225-.312v-4.51h-7.328l-2.022,1.429-.093.093a4.643,4.643,0,0,0,0,6.554l1.079,1.08a4.639,4.639,0,0,0,5.314.881,25.27,25.27,0,0,1,1.787-3.612\" transform=\"translate(-1897.941 -768.144)\" fill=\"#1f79af\"\/>\n\t\t\t<path d=\"M2668.855,1264.156\" transform=\"translate(-1940.942 -788.363)\" fill=\"#0450cf\"\/>\n\t\t\t<path d=\"M2674.169,1197.726v5.032h-3.09v-13.864a1.546,1.546,0,0,0-1.544-1.545h-1.527a1.546,1.546,0,0,0-1.545,1.545V1203.3l-.344.425c-.06.074-6.061,7.649-3.359,14.406l.11.276v3.89h14.9v-2.619l5.495-8.426a13.577,13.577,0,0,0,2.211-7.437v-6.093Z\" transform=\"translate(-1935.518 -727.037)\" fill=\"#1f79af\"\/>\n\t\t\t<path d=\"M2657.26,1172.019h-1.527a4.64,4.64,0,0,0-4.635,4.635V1190c-.066.09-.143.2-.225.313-.282.4-.644.94-1.039,1.6a25.2,25.2,0,0,0-1.787,3.612,15.605,15.605,0,0,0-.542,11.234v3.3h3.09v-3.89l-.111-.276c-2.7-6.756,3.3-14.332,3.359-14.406l.344-.425v-14.411a1.546,1.546,0,0,1,1.545-1.545h1.527a1.547,1.547,0,0,1,1.545,1.545v13.864h3.089v-13.864a4.639,4.639,0,0,0-4.634-4.635\" transform=\"translate(-1923.243 -714.797)\" fill=\"#00205b\"\/>\n\t\t\t<path d=\"M2654.49,1360.767h-21.584v6.158h25.181v-6.158Z\" transform=\"translate(-1912.238 -865.502)\" fill=\"#00205b\"\/>\n\t<\/g>\n\t<\/symbol>\t<\/svg>\n<h3 class=\"co-columns--box_headline\" >Efectivo y tarjetas de regalo<\/h3><div class=\"co-columns--box_button\"><\/div>\t\t\t\t\t<\/div>\n\t\t\t\t\t\t\t\t\t<div class=\"co-columns--box\">\n\t\t\t\t\t\t\t<svg\n\t\tclass=\"co-columns--box_icon IconHandWithHeart\"\n\t\tviewbox=\"0 0 61.514 70.245\"\n\t\twidth=\"61.514\"\n\t\theight=\"70.245\"\n\t>\n\t\t<title>Hand with Heart<\/title>\n\t\tclase=\u201denvoltorio\u201d&gt;\n\t<g transform=\"translate(-502.994 -431.253)\">\n\t\t<path d=\"M1613.265,1284.181h-9.784l-21.114-7.78-13.528-9.238c.038-.045.071-.089.113-.13l.969-.963c1.611-1.6,4.308-1.207,6.193.139l8.046,4.6,3.165,1.827h13.561l0-1.288-8.409.019c-2.155-.062-3.851-2.443-3.79-4.583,0,0,.047-.486.052-.541h15l5.8,6.35h3.725\" transform=\"translate(-1062.635 -789.059)\" fill=\"#1f79af\"\/>\n\t\t<path d=\"M1793.673,1307.783h12.989V1286.6h-12.989Zm6.282-3.582h-2.444v-2.575h2.444Z\" transform=\"translate(-1242.154 -806.285)\" fill=\"#00205b\"\/>\n\t\t<rect width=\"2.444\" height=\"2.576\" transform=\"translate(555.357 495.341)\" fill=\"#eaf4fe\"\/>\n\t\t<path d=\"M1591.729,1054.354a22.278,22.278,0,0,0-1.023-7.872,10.967,10.967,0,0,0-1.2-2.6l-.461-.631a13.309,13.309,0,0,0-10.7,7.841,13.273,13.273,0,1,0-21.423,14.844l-.006.005,20.565,20.565a82.3,82.3,0,0,0,11.164-18.822,39.728,39.728,0,0,0,3.09-13.329\" transform=\"translate(-1049.923 -611.917)\" fill=\"#efc025\"\/>\n\t\t<path d=\"M1692.316,1045.414q.06.155.12.321c.12.331.24.7.355,1.091q.116.4.223.835.054.219.1.45t.1.472q.024.12.047.244.046.246.087.5c.014.086.027.172.041.26q.059.394.107.813.016.14.031.282.044.426.075.878t.046.926q.01.317.013.645a34.176,34.176,0,0,1-1.075,8.528q-.111.448-.235.906t-.262.928q-.138.469-.29.95-.229.721-.491,1.466-.175.5-.365,1.005-.1.254-.195.511-.2.513-.414,1.038-.537,1.311-1.182,2.69-.258.552-.534,1.115t-.571,1.136q-.738,1.435-1.6,2.938-1.547,2.707-3.518,5.636-.44.651-.9,1.313-1.387,1.987-2.985,4.073l21.635-21.635,0,0,0,0a13.4,13.4,0,0,0,1.581-1.953q.349-.525.648-1.084a13.254,13.254,0,0,0-.042-12.565q-.307-.564-.666-1.095-.179-.265-.371-.521a13.382,13.382,0,0,0-2.7-2.7q-.256-.191-.521-.371a13.2,13.2,0,0,0-7.418-2.271,8.5,8.5,0,0,1,.717,1.291c.128.274.266.592.406.953\" transform=\"translate(-1150.633 -611.917)\" fill=\"#efc025\"\/>\n\t\t<path d=\"M1693.858,1237.045q.462-.662.9-1.313-.44.651-.9,1.313\" transform=\"translate(-1162.458 -765.668)\" fill=\"#fff\"\/>\n\t\t<path d=\"M1715.788,1196.129q.859-1.5,1.6-2.938-.738,1.434-1.6,2.938\" transform=\"translate(-1179.968 -731.701)\" fill=\"#fff\"\/>\n\t\t<path d=\"M1786.368,1155.085l0,0Z\" transform=\"translate(-1236.32 -701.273)\" fill=\"#fff\"\/>\n\t\t<path d=\"M1700.684,1155.11h0l-21.635,21.635Z\" transform=\"translate(-1150.633 -701.296)\" fill=\"#fff\"\/>\n\t\t<path d=\"M1739.3,1043.17h0a8.516,8.516,0,0,1,.717,1.29,8.544,8.544,0,0,0-.717-1.29\" transform=\"translate(-1198.743 -611.917)\" fill=\"#fff\"\/>\n\t\t<path d=\"M1735.054,1164.563q.215-.524.414-1.038-.2.513-.414,1.038\" transform=\"translate(-1195.35 -708.015)\" fill=\"#fff\"\/>\n\t\t<path d=\"M1726.539,1183.136q.276-.563.534-1.115-.258.552-.534,1.115\" transform=\"translate(-1188.552 -722.783)\" fill=\"#fff\"\/>\n\t\t<path d=\"M1748.957,1068.159q-.047-.241-.1-.472.051.23.1.472\" transform=\"translate(-1206.373 -631.493)\" fill=\"#fff\"\/>\n\t\t<path d=\"M1748.445,1065.9q-.051-.23-.1-.45.054.22.1.45\" transform=\"translate(-1205.959 -629.711)\" fill=\"#fff\"\/>\n\t\t<path d=\"M1745.825,1056.987c-.115-.4-.235-.76-.355-1.091.12.331.24.7.355,1.091\" transform=\"translate(-1203.667 -622.078)\" fill=\"#fff\"\/>\n\t\t<path d=\"M1749.665,1071.741q-.042-.258-.087-.5.046.246.087.5\" transform=\"translate(-1206.947 -634.328)\" fill=\"#fff\"\/>\n\t\t<path d=\"M1743.268,1050.526c-.14-.362-.277-.68-.406-.953.129.274.266.592.406.953\" transform=\"translate(-1201.585 -617.03)\" fill=\"#fff\"\/>\n\t\t<path d=\"M1751.51,1090.053q0-.328-.013-.645.01.317.013.645\" transform=\"translate(-1208.479 -648.836)\" fill=\"#fff\"\/>\n\t\t<path d=\"M1742.32,1144.969q.153-.481.29-.95-.138.469-.29.95\" transform=\"translate(-1201.152 -692.44)\" fill=\"#fff\"\/>\n\t\t<path d=\"M1745.063,1135.824q.124-.459.235-.906-.111.448-.235.906\" transform=\"translate(-1203.342 -685.173)\" fill=\"#fff\"\/>\n\t\t<path d=\"M1750.971,1081.336q-.031-.451-.075-.878.044.426.075.878\" transform=\"translate(-1207.999 -641.69)\" fill=\"#fff\"\/>\n\t\t<path d=\"M1750.319,1075.839q-.048-.418-.107-.812.059.394.107.813\" transform=\"translate(-1207.453 -637.354)\" fill=\"#fff\"\/>\n\t\t<path d=\"M1738.071,1157.012q.19-.508.365-1-.174.5-.365,1\" transform=\"translate(-1197.759 -702.012)\" fill=\"#fff\"\/>\n\t<\/g>\n\t<\/symbol>\t<\/svg>\n<h3 class=\"co-columns--box_headline\" >Donaciones ben\u00e9ficas<\/h3><div class=\"co-columns--box_button\"><\/div>\t\t\t\t\t<\/div>\n\t\t\t\t\t\t\t\t\t<div class=\"co-columns--box\">\n\t\t\t\t\t\t\t<svg\n\t\tclass=\"co-columns--box_icon IconArrowsUpDown\"\n\t\tviewbox=\"0 0 74.214 71.041\"\n\t\twidth=\"74.214\"\n\t\theight=\"71.041\"\n\t>\n\t\t<title>Arrows Up &amp; Down<\/title>\n\t\tclase=\u201denvoltorio\u201d&gt;\n\t<g transform=\"translate(-190 -816.756)\">\n\t\t\t<path d=\"M115.662,3035.821a19.089,19.089,0,1,0,19.089,19.089,19.111,19.111,0,0,0-19.089-19.089m0,35.076a15.987,15.987,0,1,1,15.987-15.987,16.005,16.005,0,0,1-15.987,15.987\" transform=\"translate(112.892 -2202.945)\" fill=\"#efc025\"\/>\n\t\t\t<path d=\"M166.012,3075.169h1.469a2.329,2.329,0,0,1,2.327,2.327h3.1a5.437,5.437,0,0,0-4.653-5.373v-2.4a.758.758,0,0,0-.758-.758h-1.586a.758.758,0,0,0-.758.758v2.4a5.436,5.436,0,0,0-4.65,5.58,5.512,5.512,0,0,0,5.551,5.221H167.4a2.382,2.382,0,0,1,2.4,2.167,2.329,2.329,0,0,1-2.321,2.486H165.93a2.329,2.329,0,0,1-2.327-2.327h-3.1a5.436,5.436,0,0,0,4.654,5.373v2.285a.874.874,0,0,0,.874.874h1.355a.874.874,0,0,0,.874-.874v-2.285a5.436,5.436,0,0,0,4.649-5.58,5.512,5.512,0,0,0-5.551-5.221H165.93a2.329,2.329,0,0,1-2.321-2.486,2.382,2.382,0,0,1,2.4-2.167\" transform=\"translate(61.849 -2229.409)\" fill=\"#efc025\"\/>\n\t\t\t<path d=\"M146.579,3015.109v-24.868h5.315l-9.285-13.923-10.492,13.923h5.154v24.868a18.8,18.8,0,0,1-34.206,10.792l-5.777,7.666a28.088,28.088,0,0,0,49.29-18.458\" transform=\"translate(112.32 -2155.436)\" fill=\"#00205b\"\/>\n\t\t\t<path d=\"M9.285,3022.758l10.492-13.924H14.622v-24.867a18.8,18.8,0,0,1,34.206-10.792l5.777-7.666a28.088,28.088,0,0,0-49.29,18.458v24.867H0Z\" transform=\"translate(190 -2139.087)\" fill=\"#1f79af\"\/>\n\t<\/g>\n\t<\/symbol>\t<\/svg>\n<h3 class=\"co-columns--box_headline\" >Regalo de puntos<\/h3><div class=\"co-columns--box_button\"><\/div>\t\t\t\t\t<\/div>\n\t\t\t\t\t\t\t<\/div>\n\t\t\t\t<\/div>\n\n\t<\/div>\n<\/div>\n\n\n<div class=\"co-flex_row co-flex_row__blue co-flex_row__next_row_diff co-flex_row__single-path-cta co-flex_row__next_row__disclosures\" >\n\t<div class=\"co-flex_row--row co-row\">\n\t\t\t<svg class=\"co-sp_cta__svg\" width=\"488.512\" height=\"338.101\" viewbox=\"0 0 488.512 338.101\">\n\t\t\t<path class=\"co-sp_cta__svg--path_big\" d=\"M488.512,163.324C337.738,308.387,172.875,346.284,6.386,332.445c-12.895-1.072-2.726.507,0-169.121C7.666,83.681-1.682,4.826,3.448,4.309,177.337-13.221,346.255,19.454,488.512,163.324Z\"\/>\n\t\t\t<path class=\"co-sp_cta__svg--path_small\" d=\"M408.431,63.648c-126.358,121.572-278.108,50-408.431,0C129.644,19.327,291.966-54.138,408.431,63.648Z\" transform=\"translate(0 207.52)\" fill=\"#efc025\"\/>\n\t<\/svg>\n\t<div class=\"co-sp_cta\">\n\t\t\t\t<header class=\"co-intro_text\">\n\t\t\t<h2 class=\"co-intro_text--title\">\u00bfListo para una tarjeta de cr\u00e9dito con recompensas?<\/h2><div class=\"co-intro_text--intro\"><p>Es muy sencillo. \u00a1Compra cosas y consigue recompensas!<\/p>\n<\/div>\t\t<\/header>\n\t<a class=\"co-sp_cta--button gtm-button\" href=\"https:\/\/www.soundcu.com\/es\/speed-bump\/?url=https%3A%2F%2Fwww.soundcu.com%2Fpersonal%2Fapply-for-a-loan%2F&#038;prev=https%3A%2F%2Fwww.soundcu.com%2Fes%2Fbonus-rewards%2F\"  >Solicita ahora<\/a><a class=\"co-sp_cta--link\" href=\"https:\/\/www.soundcu.com\/es\/speed-bump\/?url=https%3A%2F%2Fwww.soundcu.com%2Fpersonal%2Frewards%2F&#038;prev=https%3A%2F%2Fwww.soundcu.com%2Fes%2Fbonus-rewards%2F\"  >Obt\u00e9n m\u00e1s informaci\u00f3n sobre Sound Rewards.<\/a>\t<\/div>\n\n\t<\/div>\n<\/div>\n\n\n<div class=\"co-flex_row co-flex_row__white co-flex_row__last co-flex_row__disclosures\" >\n\t<div class=\"co-flex_row--row co-row\">\n\t\t\t<div class=\"co-disclosures\">\n\t\t<h2 class=\"co-disclosures--title\">Divulgaciones<\/h2>\n\t\t<div class=\"co-disclosures--content\">\n\t\t\t<div class=\"small-text\">\n<p>Disponible \u00fanicamente en tarjetas de cr\u00e9dito con recompensas para consumidores. Se otorgar\u00e1n 10,000 puntos Sound Rewards el primer d\u00eda del mes siguiente a la apertura de la cuenta. El canje de puntos Sound Rewards est\u00e1 sujeto a los t\u00e9rminos y condiciones de la tarjeta.\u00a0<a href=\"https:\/\/www.soundcu.com\/files\/Sound-Rewards-Terms-Conditions.pdf\">Programa de recompensas<\/a>. Oferta sujeta a cambios en cualquier momento.<\/p>\n<\/div>\n\t\t<\/div>\n\t<\/div>\n\n\t<\/div>\n<\/div>","protected":false},"excerpt":{"rendered":"","protected":false},"author":10,"featured_media":0,"parent":0,"menu_order":0,"comment_status":"closed","ping_status":"closed","template":"tpl-leadCapture.php","meta":{"_acf_changed":false,"content-type":"","_searchwp_excluded":"","footnotes":""},"county":[],"class_list":["post-8202","page","type-page","status-publish","hentry"],"acf":[],"_links":{"self":[{"href":"https:\/\/www.soundcu.com\/es\/wp-json\/wp\/v2\/pages\/8202","targetHints":{"allow":["GET"]}}],"collection":[{"href":"https:\/\/www.soundcu.com\/es\/wp-json\/wp\/v2\/pages"}],"about":[{"href":"https:\/\/www.soundcu.com\/es\/wp-json\/wp\/v2\/types\/page"}],"author":[{"embeddable":true,"href":"https:\/\/www.soundcu.com\/es\/wp-json\/wp\/v2\/users\/10"}],"replies":[{"embeddable":true,"href":"https:\/\/www.soundcu.com\/es\/wp-json\/wp\/v2\/comments?post=8202"}],"version-history":[{"count":2,"href":"https:\/\/www.soundcu.com\/es\/wp-json\/wp\/v2\/pages\/8202\/revisions"}],"predecessor-version":[{"id":10912,"href":"https:\/\/www.soundcu.com\/es\/wp-json\/wp\/v2\/pages\/8202\/revisions\/10912"}],"wp:attachment":[{"href":"https:\/\/www.soundcu.com\/es\/wp-json\/wp\/v2\/media?parent=8202"}],"wp:term":[{"taxonomy":"county","embeddable":true,"href":"https:\/\/www.soundcu.com\/es\/wp-json\/wp\/v2\/county?post=8202"}],"curies":[{"name":"wp","href":"https:\/\/api.w.org\/{rel}","templated":true}]}}