{"id":9285,"date":"2026-01-14T08:28:40","date_gmt":"2026-01-14T16:28:40","guid":{"rendered":"https:\/\/www.soundcu.com\/?page_id=9285"},"modified":"2026-01-14T08:28:46","modified_gmt":"2026-01-14T16:28:46","slug":"open-a-savings-account","status":"publish","type":"page","link":"https:\/\/www.soundcu.com\/es\/open-a-savings-account\/","title":{"rendered":"Abra una cuenta de ahorros"},"content":{"rendered":"<div class=\"co-flex_row co-flex_row__blue co-flex_row__minimal-hero co-flex_row__next_row__columns\" >\n\t<div class=\"co-flex_row--row co-row\">\n\t\t\t<header class=\"co-page_hero co-page_minimalHero co-page_hero__no_image\" aria-label=\"Encabezado: Abrir una cuenta de ahorros en Washington\">\n\t\t<div class=\"co-page_hero--inner\">\n\t\t\t<div class=\"prow items-center\">\n\t\t\t\t<div class=\"co-page_hero--text\">\n\t\t\t\t\t<h1 class=\"co-page_hero--title\" >Abra una cuenta de ahorros en Washington.<\/h1>\t\t\t\t\t\t\t\t\t<\/div>\n\t\t\t<\/div>\n\t\t<\/div>\n\t<\/header>\n\n\t<\/div>\n<\/div>\n\n\n<div class=\"co-flex_row co-flex_row__blue co-flex_row__columns co-flex_row__next_row__long-form-text\" id=\"start\">\n\t<div class=\"co-flex_row--row co-row\">\n\t\t\t<div class=\"co-columns\">\n\t\t\t\t<header class=\"co-intro_text\">\n\t\t\t<div class=\"co-intro_text--intro\"><p>Seleccione la cuenta de ahorros que desea abrir en los enlaces que aparecen a continuaci\u00f3n.<\/p>\n<\/div>\t\t<\/header>\n\t\t\t\t<div class=\"co-columns--row prow prow-md:2 prow-lg:3 co-columns--row__images justify-center\">\n\t\t\t\t\t\t\t\t\t<div class=\"co-columns--box\">\n\t\t\t\t\t\t<h2 class=\"co-columns--box_headline\" >Ahorros Prime<\/h2><div class=\"co-columns--box_desc\"><p>Reg\u00edstrate como miembro y desbloquea ventajas.<\/p>\n<p><\/br><\/p>\n<\/div><div class=\"co-columns--box_button\"><a data-trigger-id=\"18040\" class=\"modal-trigger co-columns--button co-button\" href=\"#\">Comience<\/a>\t<div class=\"co-overlay with-sidebar\" data-trigger-id=\"18040\">\n\t\t<div class=\"co-overlay--inner\">\n\t\t\t\t\t<div class=\"co-overlay--content text-component\">\n\t\t\t\t<div class=\"co-overlay--content_inner\">\n\t\t\t\t\t<h2 class=\"co-overlay--title\">Abre una cuenta en Sound<\/h2><p>\u00bfEres nuevo en Sound o ya eres miembro?<\/p>\n\t\t\t\t\t\t<div class=\"co-overlay--cta\">\n\t\t\t\t\t\t\t\t\t\t\t\t\t\t\t<div class=\"co-overlay--cta__block\">\n\t\t\t\t\t\t\t\t\t<a data-trigger-id=\"18039\" class=\"modal-trigger co-overlay--cta_button\" href=\"#\">Soy nuevo<\/a>\t<div class=\"co-overlay with-sidebar\" data-trigger-id=\"18039\">\n\t\t<div class=\"co-overlay--inner\">\n\t\t\t\t\t<div class=\"co-overlay--content text-component\">\n\t\t\t\t<div class=\"co-overlay--content_inner\">\n\t\t\t\t\t<h2 class=\"co-overlay--title\">\u00a1Bienvenido!<\/h2><p>La membres\u00eda comienza con una cuenta de ahorros. Tambi\u00e9n puedes solicitar cuentas corrientes, certificados de dep\u00f3sito y m\u00e1s, todo en aproximadamente 5 minutos.<\/p>\n<p>Necesitar\u00e1s tener listo lo siguiente:<\/p>\n<ol>\n<li>Documento de identidad con fotograf\u00eda v\u00e1lido<\/li>\n<li>N\u00famero de Seguro Social (SSN) o n\u00famero de identificaci\u00f3n fiscal de EE. UU.<\/li>\n<li>Direcci\u00f3n postal f\u00edsica<\/li>\n<\/ol>\n\t\t\t\t\t\t<div class=\"co-overlay--cta\">\n\t\t\t\t\t\t\t\t\t\t\t\t\t\t\t<div class=\"co-overlay--cta__block\">\n\t\t\t\t\t\t\t\t\t<a class=\"co-overlay--cta_button\" href=\"https:\/\/account.soundcu.com\/\" rel=\"noopener\">Comience<\/a>\t\t\t\t\t\t\t\t<\/div>\n\t\t\t\t\t\t\t\t\t\t\t\t\t<\/div>\n\t\t\t\t\t\t\t\t\t<\/div>\n\t\t\t<\/div>\n\t\t\t\t\t\t\t<div class=\"co-overlay--sidebar text-component\">\n\t\t\t\t\t<h3>Gracias por su inter\u00e9s en el sonido.<\/h3>\n<p>Estamos aqu\u00ed para ayudarte de la manera que te resulte m\u00e1s f\u00e1cil.<\/p>\n<p><span class=\"co-button\"><a href=\"https:\/\/www.soundcu.com\/es\/contact\/\" target=\"_blank\" rel=\"noopener\">Cont\u00e1ctarnos<\/a><\/span><\/p>\n<hr \/>\n<div class=\"small-text\">\n<p><span class=\"co-button\"><a href=\"https:\/\/account.soundcu.com\/apptracker#\/\" rel=\"noopener\">Reanudar una aplicaci\u00f3n guardada<\/a><\/span><\/p>\n<\/div>\n\t\t\t\t<\/div>\n\t\t\t\t\t\t\t<\/div>\n\t<\/div>\n\t\t\t\t\t\t\t\t<\/div>\n\t\t\t\t\t\t\t\t\t\t\t\t\t\t\t<div class=\"co-overlay--cta__block\">\n\t\t\t\t\t\t\t\t\t<a data-trigger-id=\"18041\" class=\"modal-trigger co-overlay--cta_button\" href=\"#\">Ya eres miembro<\/a>\t<div class=\"co-overlay with-sidebar\" data-trigger-id=\"18041\">\n\t\t<div class=\"co-overlay--inner\">\n\t\t\t\t\t<div class=\"co-overlay--content text-component\">\n\t\t\t\t<div class=\"co-overlay--content_inner\">\n\t\t\t\t\t<h2 class=\"co-overlay--title\">\u00a1Bienvenido de nuevo!<\/h2><p>A continuaci\u00f3n, deber\u00e1 decidir si desea agregar cuentas a su membres\u00eda actual o abrir una nueva.<\/p>\n\t\t\t\t\t\t<div class=\"co-overlay--cta\">\n\t\t\t\t\t\t\t\t\t\t\t\t\t\t\t<div class=\"co-overlay--cta__block\">\n\t\t\t\t\t\t\t\t\t<a class=\"co-overlay--cta_button\" href=\"https:\/\/account.soundcu.com\/\" rel=\"noopener\">Comience<\/a>\t\t\t\t\t\t\t\t<\/div>\n\t\t\t\t\t\t\t\t\t\t\t\t\t<\/div>\n\t\t\t\t\t\t\t\t\t<\/div>\n\t\t\t<\/div>\n\t\t\t\t\t\t\t<div class=\"co-overlay--sidebar text-component\">\n\t\t\t\t\t<h3>Agradecemos su membres\u00eda.<\/h3>\n<p>Estamos aqu\u00ed para ayudarte de la manera que te resulte m\u00e1s f\u00e1cil.<\/p>\n<p><span class=\"co-button\"><a href=\"https:\/\/www.soundcu.com\/es\/contact\/\" target=\"_blank\" rel=\"noopener\">Cont\u00e1ctarnos<\/a><\/span><\/p>\n<hr \/>\n<div class=\"small-text\">\n<p><span class=\"co-button\"><a href=\"https:\/\/account.soundcu.com\/apptracker#\/\" rel=\"noopener\">Reanudar una aplicaci\u00f3n guardada<\/a><\/span><\/p>\n<\/div>\n\t\t\t\t<\/div>\n\t\t\t\t\t\t\t<\/div>\n\t<\/div>\n\t\t\t\t\t\t\t\t<\/div>\n\t\t\t\t\t\t\t\t\t\t\t\t\t<\/div>\n\t\t\t\t\t\t\t\t\t<\/div>\n\t\t\t<\/div>\n\t\t\t\t\t\t\t<div class=\"co-overlay--sidebar text-component\">\n\t\t\t\t\t<h3>\u00a1Hola!<\/h3>\n<p>Estamos aqu\u00ed para ayudarte de la manera que te resulte m\u00e1s f\u00e1cil.<\/p>\n<p><span class=\"co-button\"><a href=\"https:\/\/www.soundcu.com\/es\/contact\/\" target=\"_blank\" rel=\"noopener\">Cont\u00e1ctarnos<\/a><\/span><\/p>\n<hr \/>\n<div class=\"small-text\">\n<p><span class=\"co-button\"><a href=\"https:\/\/account.soundcu.com\/apptracker#\/\" rel=\"noopener\">Reanudar una aplicaci\u00f3n guardada<\/a><\/span><\/p>\n<\/div>\n\t\t\t\t<\/div>\n\t\t\t\t\t\t\t<\/div>\n\t<\/div>\n<\/div>\t\t\t\t\t<\/div>\n\t\t\t\t\t\t\t\t\t<div class=\"co-columns--box\">\n\t\t\t\t\t\t<h2 class=\"co-columns--box_headline\" >Ahorros secundarios<\/h2><div class=\"co-columns--box_desc\"><p>Abre f\u00e1cilmente una segunda cuenta de ahorros con un saldo m\u00ednimo de $0 para ahorrar para algo especial.<\/p>\n<\/div><div class=\"co-columns--box_button\"><a data-trigger-id=\"18040\" class=\"modal-trigger co-columns--button co-button\" href=\"#\">Comience<\/a>\t<div class=\"co-overlay with-sidebar\" data-trigger-id=\"18040\">\n\t\t<div class=\"co-overlay--inner\">\n\t\t\t\t\t<div class=\"co-overlay--content text-component\">\n\t\t\t\t<div class=\"co-overlay--content_inner\">\n\t\t\t\t\t<h2 class=\"co-overlay--title\">Abre una cuenta en Sound<\/h2><p>\u00bfEres nuevo en Sound o ya eres miembro?<\/p>\n\t\t\t\t\t\t<div class=\"co-overlay--cta\">\n\t\t\t\t\t\t\t\t\t\t\t\t\t\t\t<div class=\"co-overlay--cta__block\">\n\t\t\t\t\t\t\t\t\t<a data-trigger-id=\"18039\" class=\"modal-trigger co-overlay--cta_button\" href=\"#\">Soy nuevo<\/a>\t<div class=\"co-overlay with-sidebar\" data-trigger-id=\"18039\">\n\t\t<div class=\"co-overlay--inner\">\n\t\t\t\t\t<div class=\"co-overlay--content text-component\">\n\t\t\t\t<div class=\"co-overlay--content_inner\">\n\t\t\t\t\t<h2 class=\"co-overlay--title\">\u00a1Bienvenido!<\/h2><p>La membres\u00eda comienza con una cuenta de ahorros. Tambi\u00e9n puedes solicitar cuentas corrientes, certificados de dep\u00f3sito y m\u00e1s, todo en aproximadamente 5 minutos.<\/p>\n<p>Necesitar\u00e1s tener listo lo siguiente:<\/p>\n<ol>\n<li>Documento de identidad con fotograf\u00eda v\u00e1lido<\/li>\n<li>N\u00famero de Seguro Social (SSN) o n\u00famero de identificaci\u00f3n fiscal de EE. UU.<\/li>\n<li>Direcci\u00f3n postal f\u00edsica<\/li>\n<\/ol>\n\t\t\t\t\t\t<div class=\"co-overlay--cta\">\n\t\t\t\t\t\t\t\t\t\t\t\t\t\t\t<div class=\"co-overlay--cta__block\">\n\t\t\t\t\t\t\t\t\t<a class=\"co-overlay--cta_button\" href=\"https:\/\/account.soundcu.com\/\" rel=\"noopener\">Comience<\/a>\t\t\t\t\t\t\t\t<\/div>\n\t\t\t\t\t\t\t\t\t\t\t\t\t<\/div>\n\t\t\t\t\t\t\t\t\t<\/div>\n\t\t\t<\/div>\n\t\t\t\t\t\t\t<div class=\"co-overlay--sidebar text-component\">\n\t\t\t\t\t<h3>Gracias por su inter\u00e9s en el sonido.<\/h3>\n<p>Estamos aqu\u00ed para ayudarte de la manera que te resulte m\u00e1s f\u00e1cil.<\/p>\n<p><span class=\"co-button\"><a href=\"https:\/\/www.soundcu.com\/es\/contact\/\" target=\"_blank\" rel=\"noopener\">Cont\u00e1ctarnos<\/a><\/span><\/p>\n<hr \/>\n<div class=\"small-text\">\n<p><span class=\"co-button\"><a href=\"https:\/\/account.soundcu.com\/apptracker#\/\" rel=\"noopener\">Reanudar una aplicaci\u00f3n guardada<\/a><\/span><\/p>\n<\/div>\n\t\t\t\t<\/div>\n\t\t\t\t\t\t\t<\/div>\n\t<\/div>\n\t\t\t\t\t\t\t\t<\/div>\n\t\t\t\t\t\t\t\t\t\t\t\t\t\t\t<div class=\"co-overlay--cta__block\">\n\t\t\t\t\t\t\t\t\t<a data-trigger-id=\"18041\" class=\"modal-trigger co-overlay--cta_button\" href=\"#\">Ya eres miembro<\/a>\t<div class=\"co-overlay with-sidebar\" data-trigger-id=\"18041\">\n\t\t<div class=\"co-overlay--inner\">\n\t\t\t\t\t<div class=\"co-overlay--content text-component\">\n\t\t\t\t<div class=\"co-overlay--content_inner\">\n\t\t\t\t\t<h2 class=\"co-overlay--title\">\u00a1Bienvenido de nuevo!<\/h2><p>A continuaci\u00f3n, deber\u00e1 decidir si desea agregar cuentas a su membres\u00eda actual o abrir una nueva.<\/p>\n\t\t\t\t\t\t<div class=\"co-overlay--cta\">\n\t\t\t\t\t\t\t\t\t\t\t\t\t\t\t<div class=\"co-overlay--cta__block\">\n\t\t\t\t\t\t\t\t\t<a class=\"co-overlay--cta_button\" href=\"https:\/\/account.soundcu.com\/\" rel=\"noopener\">Comience<\/a>\t\t\t\t\t\t\t\t<\/div>\n\t\t\t\t\t\t\t\t\t\t\t\t\t<\/div>\n\t\t\t\t\t\t\t\t\t<\/div>\n\t\t\t<\/div>\n\t\t\t\t\t\t\t<div class=\"co-overlay--sidebar text-component\">\n\t\t\t\t\t<h3>Agradecemos su membres\u00eda.<\/h3>\n<p>Estamos aqu\u00ed para ayudarte de la manera que te resulte m\u00e1s f\u00e1cil.<\/p>\n<p><span class=\"co-button\"><a href=\"https:\/\/www.soundcu.com\/es\/contact\/\" target=\"_blank\" rel=\"noopener\">Cont\u00e1ctarnos<\/a><\/span><\/p>\n<hr \/>\n<div class=\"small-text\">\n<p><span class=\"co-button\"><a href=\"https:\/\/account.soundcu.com\/apptracker#\/\" rel=\"noopener\">Reanudar una aplicaci\u00f3n guardada<\/a><\/span><\/p>\n<\/div>\n\t\t\t\t<\/div>\n\t\t\t\t\t\t\t<\/div>\n\t<\/div>\n\t\t\t\t\t\t\t\t<\/div>\n\t\t\t\t\t\t\t\t\t\t\t\t\t<\/div>\n\t\t\t\t\t\t\t\t\t<\/div>\n\t\t\t<\/div>\n\t\t\t\t\t\t\t<div class=\"co-overlay--sidebar text-component\">\n\t\t\t\t\t<h3>\u00a1Hola!<\/h3>\n<p>Estamos aqu\u00ed para ayudarte de la manera que te resulte m\u00e1s f\u00e1cil.<\/p>\n<p><span class=\"co-button\"><a href=\"https:\/\/www.soundcu.com\/es\/contact\/\" target=\"_blank\" rel=\"noopener\">Cont\u00e1ctarnos<\/a><\/span><\/p>\n<hr \/>\n<div class=\"small-text\">\n<p><span class=\"co-button\"><a href=\"https:\/\/account.soundcu.com\/apptracker#\/\" rel=\"noopener\">Reanudar una aplicaci\u00f3n guardada<\/a><\/span><\/p>\n<\/div>\n\t\t\t\t<\/div>\n\t\t\t\t\t\t\t<\/div>\n\t<\/div>\n<\/div>\t\t\t\t\t<\/div>\n\t\t\t\t\t\t\t\t\t<div class=\"co-columns--box\">\n\t\t\t\t\t\t<h2 class=\"co-columns--box_headline\" >Ahorra para ganar descuentos<\/h2><div class=\"co-columns--box_desc\"><p>Acumule ahorros, obtenga dividendos y oportunidades de ganar premios.<\/p>\n<\/div><div class=\"co-columns--box_button\"><a data-trigger-id=\"18040\" class=\"modal-trigger co-columns--button co-button\" href=\"#\">Comience<\/a>\t<div class=\"co-overlay with-sidebar\" data-trigger-id=\"18040\">\n\t\t<div class=\"co-overlay--inner\">\n\t\t\t\t\t<div class=\"co-overlay--content text-component\">\n\t\t\t\t<div class=\"co-overlay--content_inner\">\n\t\t\t\t\t<h2 class=\"co-overlay--title\">Abre una cuenta en Sound<\/h2><p>\u00bfEres nuevo en Sound o ya eres miembro?<\/p>\n\t\t\t\t\t\t<div class=\"co-overlay--cta\">\n\t\t\t\t\t\t\t\t\t\t\t\t\t\t\t<div class=\"co-overlay--cta__block\">\n\t\t\t\t\t\t\t\t\t<a data-trigger-id=\"18039\" class=\"modal-trigger co-overlay--cta_button\" href=\"#\">Soy nuevo<\/a>\t<div class=\"co-overlay with-sidebar\" data-trigger-id=\"18039\">\n\t\t<div class=\"co-overlay--inner\">\n\t\t\t\t\t<div class=\"co-overlay--content text-component\">\n\t\t\t\t<div class=\"co-overlay--content_inner\">\n\t\t\t\t\t<h2 class=\"co-overlay--title\">\u00a1Bienvenido!<\/h2><p>La membres\u00eda comienza con una cuenta de ahorros. Tambi\u00e9n puedes solicitar cuentas corrientes, certificados de dep\u00f3sito y m\u00e1s, todo en aproximadamente 5 minutos.<\/p>\n<p>Necesitar\u00e1s tener listo lo siguiente:<\/p>\n<ol>\n<li>Documento de identidad con fotograf\u00eda v\u00e1lido<\/li>\n<li>N\u00famero de Seguro Social (SSN) o n\u00famero de identificaci\u00f3n fiscal de EE. UU.<\/li>\n<li>Direcci\u00f3n postal f\u00edsica<\/li>\n<\/ol>\n\t\t\t\t\t\t<div class=\"co-overlay--cta\">\n\t\t\t\t\t\t\t\t\t\t\t\t\t\t\t<div class=\"co-overlay--cta__block\">\n\t\t\t\t\t\t\t\t\t<a class=\"co-overlay--cta_button\" href=\"https:\/\/account.soundcu.com\/\" rel=\"noopener\">Comience<\/a>\t\t\t\t\t\t\t\t<\/div>\n\t\t\t\t\t\t\t\t\t\t\t\t\t<\/div>\n\t\t\t\t\t\t\t\t\t<\/div>\n\t\t\t<\/div>\n\t\t\t\t\t\t\t<div class=\"co-overlay--sidebar text-component\">\n\t\t\t\t\t<h3>Gracias por su inter\u00e9s en el sonido.<\/h3>\n<p>Estamos aqu\u00ed para ayudarte de la manera que te resulte m\u00e1s f\u00e1cil.<\/p>\n<p><span class=\"co-button\"><a href=\"https:\/\/www.soundcu.com\/es\/contact\/\" target=\"_blank\" rel=\"noopener\">Cont\u00e1ctarnos<\/a><\/span><\/p>\n<hr \/>\n<div class=\"small-text\">\n<p><span class=\"co-button\"><a href=\"https:\/\/account.soundcu.com\/apptracker#\/\" rel=\"noopener\">Reanudar una aplicaci\u00f3n guardada<\/a><\/span><\/p>\n<\/div>\n\t\t\t\t<\/div>\n\t\t\t\t\t\t\t<\/div>\n\t<\/div>\n\t\t\t\t\t\t\t\t<\/div>\n\t\t\t\t\t\t\t\t\t\t\t\t\t\t\t<div class=\"co-overlay--cta__block\">\n\t\t\t\t\t\t\t\t\t<a data-trigger-id=\"18041\" class=\"modal-trigger co-overlay--cta_button\" href=\"#\">Ya eres miembro<\/a>\t<div class=\"co-overlay with-sidebar\" data-trigger-id=\"18041\">\n\t\t<div class=\"co-overlay--inner\">\n\t\t\t\t\t<div class=\"co-overlay--content text-component\">\n\t\t\t\t<div class=\"co-overlay--content_inner\">\n\t\t\t\t\t<h2 class=\"co-overlay--title\">\u00a1Bienvenido de nuevo!<\/h2><p>A continuaci\u00f3n, deber\u00e1 decidir si desea agregar cuentas a su membres\u00eda actual o abrir una nueva.<\/p>\n\t\t\t\t\t\t<div class=\"co-overlay--cta\">\n\t\t\t\t\t\t\t\t\t\t\t\t\t\t\t<div class=\"co-overlay--cta__block\">\n\t\t\t\t\t\t\t\t\t<a class=\"co-overlay--cta_button\" href=\"https:\/\/account.soundcu.com\/\" rel=\"noopener\">Comience<\/a>\t\t\t\t\t\t\t\t<\/div>\n\t\t\t\t\t\t\t\t\t\t\t\t\t<\/div>\n\t\t\t\t\t\t\t\t\t<\/div>\n\t\t\t<\/div>\n\t\t\t\t\t\t\t<div class=\"co-overlay--sidebar text-component\">\n\t\t\t\t\t<h3>Agradecemos su membres\u00eda.<\/h3>\n<p>Estamos aqu\u00ed para ayudarte de la manera que te resulte m\u00e1s f\u00e1cil.<\/p>\n<p><span class=\"co-button\"><a href=\"https:\/\/www.soundcu.com\/es\/contact\/\" target=\"_blank\" rel=\"noopener\">Cont\u00e1ctarnos<\/a><\/span><\/p>\n<hr \/>\n<div class=\"small-text\">\n<p><span class=\"co-button\"><a href=\"https:\/\/account.soundcu.com\/apptracker#\/\" rel=\"noopener\">Reanudar una aplicaci\u00f3n guardada<\/a><\/span><\/p>\n<\/div>\n\t\t\t\t<\/div>\n\t\t\t\t\t\t\t<\/div>\n\t<\/div>\n\t\t\t\t\t\t\t\t<\/div>\n\t\t\t\t\t\t\t\t\t\t\t\t\t<\/div>\n\t\t\t\t\t\t\t\t\t<\/div>\n\t\t\t<\/div>\n\t\t\t\t\t\t\t<div class=\"co-overlay--sidebar text-component\">\n\t\t\t\t\t<h3>\u00a1Hola!<\/h3>\n<p>Estamos aqu\u00ed para ayudarte de la manera que te resulte m\u00e1s f\u00e1cil.<\/p>\n<p><span class=\"co-button\"><a href=\"https:\/\/www.soundcu.com\/es\/contact\/\" target=\"_blank\" rel=\"noopener\">Cont\u00e1ctarnos<\/a><\/span><\/p>\n<hr \/>\n<div class=\"small-text\">\n<p><span class=\"co-button\"><a href=\"https:\/\/account.soundcu.com\/apptracker#\/\" rel=\"noopener\">Reanudar una aplicaci\u00f3n guardada<\/a><\/span><\/p>\n<\/div>\n\t\t\t\t<\/div>\n\t\t\t\t\t\t\t<\/div>\n\t<\/div>\n<\/div>\t\t\t\t\t<\/div>\n\t\t\t\t\t\t\t<\/div>\n\t\t\t\t<\/div>\n\n\t<\/div>\n<\/div>\n\n\n<div class=\"co-flex_row co-flex_row__blue co-flex_row__long-form-text co-flex_row__next_row__multi-path-cta\" >\n\t<div class=\"co-flex_row--row co-row\">\n\t\t\t<div class=\"co-long_form\">\n\t\t\t\t<header class=\"co-intro_text\">\n\t\t\t<h2 class=\"co-intro_text--title\">Lo que necesitar\u00e1s.<\/h2><div class=\"co-intro_text--intro\"><p>Tenga listos y anotados los siguientes elementos antes de comenzar.<\/p>\n<\/div>\t\t<\/header>\n\t\t\t\t<div class=\"co-long_form--block co-long_form--block__nomedia prow items-start\">\n\t\t\t\t<div class=\"co-long_form--text pcol-md:8\">\n\t\t\t\t\t<div class=\"co-long_form--content\"><ul>\n<li style=\"text-align: left;\">Licencia de conducir<\/li>\n<li style=\"text-align: left;\">N\u00famero de Seguro Social (SSN) o n\u00famero de identificaci\u00f3n fiscal de EE. UU.<\/li>\n<li style=\"text-align: left;\">Direcci\u00f3n postal f\u00edsica<\/li>\n<\/ul>\n<p><span class=\"bold\">\u00a1Bienvenidos nuevos miembros!<\/span> Si abres tu primera cuenta en Sound, tambi\u00e9n se abrir\u00e1 una cuenta Prime Savings (para establecer tu membres\u00eda), adem\u00e1s del otro tipo de cuenta que solicites.<\/p>\n<\/div>\t\t\t\t<\/div>\n\t\t\t\t\t\t\t<\/div>\n\t\t\t\t<\/div>\n\n\t<\/div>\n<\/div>\n\n\n<div class=\"co-flex_row co-flex_row__blue co-flex_row__multi-path-cta co-flex_row__next_row__disclosures\" >\n\t<div class=\"co-flex_row--row co-row\">\n\t\t\t<div class=\"co-mp_ctas\">\n\t\t\t\t<header class=\"co-intro_text\">\n\t\t\t<h2 class=\"co-intro_text--title\">\u00bfNecesitas ayuda para abrir tu cuenta?<\/h2>\t\t<\/header>\n\t\t\t<div class=\"co-mp_ctas--list prow justify-center\">\n\t\t\t\t\t\t\t\t\t\t\t<div class=\"co-mp_cta pcol-lg:4\">\n\t\t\t\t\t<div class=\"co-mp_cta--title\">\n\t\t\t\t\t\tAbrir una cuenta\t\t\t\t\t<\/div>\n\t\t\t\t\t<a data-trigger-id=\"18040\" class=\"modal-trigger co-mp_cta--link\" href=\"#\">Comience<\/a>\t<div class=\"co-overlay with-sidebar\" data-trigger-id=\"18040\">\n\t\t<div class=\"co-overlay--inner\">\n\t\t\t\t\t<div class=\"co-overlay--content text-component\">\n\t\t\t\t<div class=\"co-overlay--content_inner\">\n\t\t\t\t\t<h2 class=\"co-overlay--title\">Abre una cuenta en Sound<\/h2><p>\u00bfEres nuevo en Sound o ya eres miembro?<\/p>\n\t\t\t\t\t\t<div class=\"co-overlay--cta\">\n\t\t\t\t\t\t\t\t\t\t\t\t\t\t\t<div class=\"co-overlay--cta__block\">\n\t\t\t\t\t\t\t\t\t<a data-trigger-id=\"18039\" class=\"modal-trigger co-overlay--cta_button\" href=\"#\">Soy nuevo<\/a>\t<div class=\"co-overlay with-sidebar\" data-trigger-id=\"18039\">\n\t\t<div class=\"co-overlay--inner\">\n\t\t\t\t\t<div class=\"co-overlay--content text-component\">\n\t\t\t\t<div class=\"co-overlay--content_inner\">\n\t\t\t\t\t<h2 class=\"co-overlay--title\">\u00a1Bienvenido!<\/h2><p>La membres\u00eda comienza con una cuenta de ahorros. Tambi\u00e9n puedes solicitar cuentas corrientes, certificados de dep\u00f3sito y m\u00e1s, todo en aproximadamente 5 minutos.<\/p>\n<p>Necesitar\u00e1s tener listo lo siguiente:<\/p>\n<ol>\n<li>Documento de identidad con fotograf\u00eda v\u00e1lido<\/li>\n<li>N\u00famero de Seguro Social (SSN) o n\u00famero de identificaci\u00f3n fiscal de EE. UU.<\/li>\n<li>Direcci\u00f3n postal f\u00edsica<\/li>\n<\/ol>\n\t\t\t\t\t\t<div class=\"co-overlay--cta\">\n\t\t\t\t\t\t\t\t\t\t\t\t\t\t\t<div class=\"co-overlay--cta__block\">\n\t\t\t\t\t\t\t\t\t<a class=\"co-overlay--cta_button\" href=\"https:\/\/account.soundcu.com\/\" rel=\"noopener\">Comience<\/a>\t\t\t\t\t\t\t\t<\/div>\n\t\t\t\t\t\t\t\t\t\t\t\t\t<\/div>\n\t\t\t\t\t\t\t\t\t<\/div>\n\t\t\t<\/div>\n\t\t\t\t\t\t\t<div class=\"co-overlay--sidebar text-component\">\n\t\t\t\t\t<h3>Gracias por su inter\u00e9s en el sonido.<\/h3>\n<p>Estamos aqu\u00ed para ayudarte de la manera que te resulte m\u00e1s f\u00e1cil.<\/p>\n<p><span class=\"co-button\"><a href=\"https:\/\/www.soundcu.com\/es\/contact\/\" target=\"_blank\" rel=\"noopener\">Cont\u00e1ctarnos<\/a><\/span><\/p>\n<hr \/>\n<div class=\"small-text\">\n<p><span class=\"co-button\"><a href=\"https:\/\/account.soundcu.com\/apptracker#\/\" rel=\"noopener\">Reanudar una aplicaci\u00f3n guardada<\/a><\/span><\/p>\n<\/div>\n\t\t\t\t<\/div>\n\t\t\t\t\t\t\t<\/div>\n\t<\/div>\n\t\t\t\t\t\t\t\t<\/div>\n\t\t\t\t\t\t\t\t\t\t\t\t\t\t\t<div class=\"co-overlay--cta__block\">\n\t\t\t\t\t\t\t\t\t<a data-trigger-id=\"18041\" class=\"modal-trigger co-overlay--cta_button\" href=\"#\">Ya eres miembro<\/a>\t<div class=\"co-overlay with-sidebar\" data-trigger-id=\"18041\">\n\t\t<div class=\"co-overlay--inner\">\n\t\t\t\t\t<div class=\"co-overlay--content text-component\">\n\t\t\t\t<div class=\"co-overlay--content_inner\">\n\t\t\t\t\t<h2 class=\"co-overlay--title\">\u00a1Bienvenido de nuevo!<\/h2><p>A continuaci\u00f3n, deber\u00e1 decidir si desea agregar cuentas a su membres\u00eda actual o abrir una nueva.<\/p>\n\t\t\t\t\t\t<div class=\"co-overlay--cta\">\n\t\t\t\t\t\t\t\t\t\t\t\t\t\t\t<div class=\"co-overlay--cta__block\">\n\t\t\t\t\t\t\t\t\t<a class=\"co-overlay--cta_button\" href=\"https:\/\/account.soundcu.com\/\" rel=\"noopener\">Comience<\/a>\t\t\t\t\t\t\t\t<\/div>\n\t\t\t\t\t\t\t\t\t\t\t\t\t<\/div>\n\t\t\t\t\t\t\t\t\t<\/div>\n\t\t\t<\/div>\n\t\t\t\t\t\t\t<div class=\"co-overlay--sidebar text-component\">\n\t\t\t\t\t<h3>Agradecemos su membres\u00eda.<\/h3>\n<p>Estamos aqu\u00ed para ayudarte de la manera que te resulte m\u00e1s f\u00e1cil.<\/p>\n<p><span class=\"co-button\"><a href=\"https:\/\/www.soundcu.com\/es\/contact\/\" target=\"_blank\" rel=\"noopener\">Cont\u00e1ctarnos<\/a><\/span><\/p>\n<hr \/>\n<div class=\"small-text\">\n<p><span class=\"co-button\"><a href=\"https:\/\/account.soundcu.com\/apptracker#\/\" rel=\"noopener\">Reanudar una aplicaci\u00f3n guardada<\/a><\/span><\/p>\n<\/div>\n\t\t\t\t<\/div>\n\t\t\t\t\t\t\t<\/div>\n\t<\/div>\n\t\t\t\t\t\t\t\t<\/div>\n\t\t\t\t\t\t\t\t\t\t\t\t\t<\/div>\n\t\t\t\t\t\t\t\t\t<\/div>\n\t\t\t<\/div>\n\t\t\t\t\t\t\t<div class=\"co-overlay--sidebar text-component\">\n\t\t\t\t\t<h3>\u00a1Hola!<\/h3>\n<p>Estamos aqu\u00ed para ayudarte de la manera que te resulte m\u00e1s f\u00e1cil.<\/p>\n<p><span class=\"co-button\"><a href=\"https:\/\/www.soundcu.com\/es\/contact\/\" target=\"_blank\" rel=\"noopener\">Cont\u00e1ctarnos<\/a><\/span><\/p>\n<hr \/>\n<div class=\"small-text\">\n<p><span class=\"co-button\"><a href=\"https:\/\/account.soundcu.com\/apptracker#\/\" rel=\"noopener\">Reanudar una aplicaci\u00f3n guardada<\/a><\/span><\/p>\n<\/div>\n\t\t\t\t<\/div>\n\t\t\t\t\t\t\t<\/div>\n\t<\/div>\n\t\t\t\t<\/div>\n\t\t\t\t\t\t\t\t\t\t\t<div class=\"co-mp_cta pcol-lg:4\">\n\t\t\t\t\t<div class=\"co-mp_cta--title\">\n\t\t\t\t\t\tVisita, llama, env\u00eda un correo electr\u00f3nico\t\t\t\t\t<\/div>\n\t\t\t\t\t<a class=\"co-mp_cta--link gtm-button\" href=\"https:\/\/www.soundcu.com\/es\/speed-bump\/?url=https%3A%2F%2Fwww.soundcu.com%2Fcontact%2F&#038;prev=https%3A%2F%2Fwww.soundcu.com%2Fes%2Fopen-a-savings-account%2F\">Cont\u00e1ctarnos<\/a>\t\t\t\t<\/div>\n\t\t\t\t\t\t\t\t\t\t\t<div class=\"co-mp_cta pcol-lg:4\">\n\t\t\t\t\t<div class=\"co-mp_cta--title\">\n\t\t\t\t\t\t\u00bfYa empezaste?\t\t\t\t\t<\/div>\n\t\t\t\t\t<a class=\"co-mp_cta--link gtm-button\" href=\"https:\/\/account.soundcu.com\/apptracker#\/\" rel=\"noopener\">Finaliza tu solicitud<\/a>\t\t\t\t<\/div>\n\t\t\t\t\t<\/div>\n\t<\/div>\n\n\t<\/div>\n<\/div>\n\n\n<div class=\"co-flex_row co-flex_row__blue co-flex_row__last co-flex_row__disclosures\" >\n\t<div class=\"co-flex_row--row co-row\">\n\t\t\t<div class=\"co-disclosures\">\n\t\t<h2 class=\"co-disclosures--title\">Divulgaciones<\/h2>\n\t\t<div class=\"co-disclosures--content\">\n\t\t\t<hr \/>\n<div class=\"small-text\">\n<p>ASEGURADO FEDERALMENTE POR LA NCUA.<\/p>\n<\/div>\n\t\t<\/div>\n\t<\/div>\n\n\t<\/div>\n<\/div>","protected":false},"excerpt":{"rendered":"","protected":false},"author":10,"featured_media":0,"parent":0,"menu_order":0,"comment_status":"closed","ping_status":"closed","template":"","meta":{"_acf_changed":true,"content-type":"","_searchwp_excluded":"","footnotes":""},"county":[],"class_list":["post-9285","page","type-page","status-publish","hentry"],"acf":[],"_links":{"self":[{"href":"https:\/\/www.soundcu.com\/es\/wp-json\/wp\/v2\/pages\/9285","targetHints":{"allow":["GET"]}}],"collection":[{"href":"https:\/\/www.soundcu.com\/es\/wp-json\/wp\/v2\/pages"}],"about":[{"href":"https:\/\/www.soundcu.com\/es\/wp-json\/wp\/v2\/types\/page"}],"author":[{"embeddable":true,"href":"https:\/\/www.soundcu.com\/es\/wp-json\/wp\/v2\/users\/10"}],"replies":[{"embeddable":true,"href":"https:\/\/www.soundcu.com\/es\/wp-json\/wp\/v2\/comments?post=9285"}],"version-history":[{"count":6,"href":"https:\/\/www.soundcu.com\/es\/wp-json\/wp\/v2\/pages\/9285\/revisions"}],"predecessor-version":[{"id":18089,"href":"https:\/\/www.soundcu.com\/es\/wp-json\/wp\/v2\/pages\/9285\/revisions\/18089"}],"wp:attachment":[{"href":"https:\/\/www.soundcu.com\/es\/wp-json\/wp\/v2\/media?parent=9285"}],"wp:term":[{"taxonomy":"county","embeddable":true,"href":"https:\/\/www.soundcu.com\/es\/wp-json\/wp\/v2\/county?post=9285"}],"curies":[{"name":"wp","href":"https:\/\/api.w.org\/{rel}","templated":true}]}}