{"id":9715,"date":"2024-02-20T11:40:10","date_gmt":"2024-02-20T19:40:10","guid":{"rendered":"https:\/\/www.soundcu.com\/?page_id=9715"},"modified":"2025-04-22T11:00:48","modified_gmt":"2025-04-22T18:00:48","slug":"website-redesign","status":"publish","type":"page","link":"https:\/\/www.soundcu.com\/es\/website-redesign\/","title":{"rendered":"Redise\u00f1o de sitio web"},"content":{"rendered":"<div class=\"co-flex_row co-flex_row__blue co-flex_row__page-hero co-flex_row__next_row__page-intro\" >\n\t<div class=\"co-flex_row--row co-row\">\n\t\t\t<header class=\"co-page_hero  co-page_hero__has_image\" aria-label=\"Encabezado: Redise\u00f1o del sitio web\">\n\t\t<div class=\"co-page_hero--inner\">\n\t\t\t<div class=\"prow items-center\">\n\t\t\t\t\t\t\t\t\t<div class=\"co-page_hero--img_wrap pcol-lg:6 pcol-xl:7\">\n\t\t\t\t\t\t<div class=\"co-page_hero--mask\"><svg width=\"997.021\" height=\"609.682\" viewbox=\"0 0 997.021 609.682\"><defs><clippath id=\"svgPathHero\"><path d=\"M299.014.148H0V609.681H299.014c480.632.192,698.007-296.752,698.007-296.752C691.761-16.846,299.014.148,299.014.148\"\/><\/clippath><\/defs><image id=\"image_69efc5161164f\" xlink:href=\"https:\/\/www.soundcu.com\/files\/iStock-1490827605_997x610.jpg\" src=\"https:\/\/www.soundcu.com\/files\/iStock-1490827605_997x610.jpg\" clip-path=\"url(#svgPathHero)\"  alt=\"Young professional in blue glasses looking up out a sunny window\" \/><\/svg><\/div>\t\t\t\t\t<\/div>\n\t\t\t\t\t\t\t\t<div class=\"co-page_hero--text pcol-lg:6 pcol-xl:5\">\n\t\t\t\t\t\t\t\t\t\t\t<h1 class=\"co-page_hero--sup_heading\">\n\t\t\t\t\t\t\tObserva con m\u00e1s atenci\u00f3n\t\t\t\t\t\t<\/h1>\n\t\t\t\t\t\t\t\t\t\t<h2 class=\"co-page_hero--title\" >Redise\u00f1o del sitio web<\/h2>\t\t\t\t\t<p class=\"co-page_hero--tagline\">\u00a1Ya est\u00e1 aqu\u00ed el nuevo soundcu.com!<\/p>\t\t\t\t<\/div>\n\t\t\t<\/div>\n\t\t<\/div>\n\t<\/header>\n\n\t<\/div>\n<\/div>\n\n\n<div class=\"co-flex_row co-flex_row__blue co-flex_row__page-intro co-flex_row__next_row__columns\" >\n\t<div class=\"co-flex_row--row co-row\">\n\t\t\t<div class=\"co-page_intro\">\n\t\t<h2 class=\"co-page_intro--title\">Echa un vistazo a algunas de las mejoras que ver\u00e1s en el nuevo soundcu.com.<\/h2>\t<\/div>\n\n\t<\/div>\n<\/div>\n\n\n<div class=\"co-flex_row co-flex_row__blue co-flex_row__next_row_diff co-flex_row__columns co-flex_row__next_row__long-form-text\" >\n\t<div class=\"co-flex_row--row co-row\">\n\t\t\t<div class=\"co-columns\">\n\t\t\t\t\t<div class=\"co-columns--row prow prow-md:2 prow-lg:3 co-columns--row__icons justify-center\">\n\t\t\t\t\t\t\t\t\t<div class=\"co-columns--box\">\n\t\t\t\t\t\t\t<svg\n\t\tclass=\"co-columns--box_icon IconStarTeamwork\"\n\t\tviewbox=\"0 0 72.388 72.388\"\n\t\twidth=\"72.388\"\n\t\theight=\"72.388\"\n\t>\n\t\t<title>Star Teamwork<\/title>\n\t\tclase=\u201denvoltorio\u201d&gt;\n\t<g transform=\"translate(-197.847 -1006.406)\">\n\t\t\t<path d=\"M108.474,3918.9q-.515-1.218-1.115-2.389t-1.28-2.291q-.453-.747-.941-1.469-.732-1.083-1.538-2.11-.537-.683-1.106-1.34-.284-.329-.576-.65-.584-.643-1.2-1.257-.921-.922-1.907-1.775-.657-.569-1.341-1.107-1.026-.805-2.109-1.538a36.1,36.1,0,0,0-3.759-2.221q-.39-.2-.786-.391-1.582-.762-3.247-1.373t-3.4-1.057a35.991,35.991,0,0,0-3.533-.722,36.638,36.638,0,0,0-11.024,0,36,36,0,0,0-3.534.722q-1.734.446-3.4,1.057t-3.247,1.373q-.4.191-.786.391a36.106,36.106,0,0,0-3.759,2.221q-1.083.732-2.109,1.538-.684.538-1.341,1.107-.985.853-1.907,1.775-.614.614-1.2,1.257-.292.322-.577.65-.569.657-1.106,1.34-.806,1.026-1.538,2.11-.488.722-.941,1.469-.68,1.12-1.28,2.291t-1.115,2.389a36.194,36.194,0,1,0,66.7,0m-5.772,20.48q-.158.685-.349,1.356a28.192,28.192,0,0,1-4.148,8.636q-.395.554-.815,1.09t-.865,1.048q-.445.514-.913,1.005t-.96.96q-.983.938-2.053,1.779-.534.42-1.09.814t-1.129.763q-1.149.736-2.37,1.362-.61.313-1.237.6-.94.426-1.916.783-.65.238-1.315.445t-1.343.381q-.678.175-1.369.316t-1.394.249q-.7.108-1.416.18a28.694,28.694,0,0,1-2.894.146,28.3,28.3,0,0,1-28.3-28.3,28.667,28.667,0,0,1,.146-2.894q.073-.713.18-1.416t.249-1.394q.142-.691.316-1.369t.381-1.344q.207-.664.445-1.315.357-.975.783-1.916.283-.627.6-1.237.625-1.221,1.362-2.37.368-.574.763-1.129t.815-1.09q.84-1.069,1.779-2.053.469-.492.96-.96t1.005-.913q.514-.445,1.048-.865t1.09-.815a28.2,28.2,0,0,1,8.636-4.148q.671-.191,1.356-.349a28.593,28.593,0,0,1,9.285-.579q.713.073,1.416.18t1.394.249q.346.07.688.15,1.027.237,2.025.548.665.207,1.315.445.975.356,1.916.783.627.283,1.237.6,1.221.625,2.37,1.362.574.368,1.129.763t1.09.815q.535.42,1.048.865t1.005.913q.492.468.96.96t.913,1.005q.445.513.865,1.048t.815,1.09q.395.555.763,1.129.736,1.149,1.363,2.37.312.61.6,1.237.425.94.783,1.916.238.65.445,1.315.31,1,.548,2.025.079.342.15.688.142.69.249,1.394t.18,1.416a28.6,28.6,0,0,1-.579,9.286\" transform=\"translate(158.917 -2890.388)\" fill=\"#00205b\"\/>\n\t\t\t<path d=\"M134.363,3959.94q-.107-.7-.249-1.394-.071-.346-.15-.688-.237-1.027-.548-2.025-.207-.664-.445-1.315-.357-.976-.783-1.916-.283-.627-.6-1.237-.625-1.221-1.363-2.37-.368-.574-.763-1.129t-.815-1.09q-.42-.535-.865-1.049t-.913-1.005q-.469-.491-.96-.96t-1.005-.913q-.513-.445-1.048-.865t-1.09-.815q-.555-.394-1.129-.763-1.148-.736-2.37-1.363-.61-.312-1.237-.6-.94-.425-1.916-.782-.65-.238-1.315-.445-1-.31-2.025-.548-.343-.079-.688-.15-.691-.141-1.394-.249t-1.416-.18a28.6,28.6,0,0,0-9.286.578q-.685.158-1.356.349A28.181,28.181,0,0,0,90,3941.169q-.555.395-1.09.815t-1.048.865q-.513.444-1.005.913t-.96.96q-.937.984-1.779,2.054-.42.534-.815,1.09T82.543,3949q-.736,1.148-1.362,2.37-.313.61-.6,1.237-.425.94-.783,1.916-.238.65-.445,1.315t-.381,1.343q-.174.678-.316,1.37t-.249,1.394q-.107.7-.18,1.416a28.608,28.608,0,0,0-.146,2.894,28.3,28.3,0,0,0,28.3,28.3,28.623,28.623,0,0,0,2.894-.146q.713-.073,1.416-.18t1.394-.249q.691-.141,1.369-.316t1.343-.382q.665-.207,1.315-.445.975-.357,1.916-.783.627-.283,1.237-.6,1.221-.625,2.37-1.362.574-.368,1.129-.762t1.09-.815q1.069-.84,2.053-1.778.492-.469.96-.96t.913-1.006q.445-.513.865-1.049t.815-1.089a28.187,28.187,0,0,0,4.148-8.635q.19-.672.349-1.357a28.6,28.6,0,0,0,.579-9.286q-.073-.713-.18-1.416m-9.1,23.183a26.69,26.69,0,1,1,7.817-18.872,26.515,26.515,0,0,1-7.817,18.872\" transform=\"translate(127.654 -2921.65)\" fill=\"#ffc400\"\/>\n\t\t\t<path d=\"M284.8,4194.67q-1.149.736-2.37,1.362,1.22-.625,2.37-1.362\" transform=\"translate(-35.508 -3128.226)\" fill=\"#ffc400\"\/>\n\t\t\t<path d=\"M325.551,4163.065c-.28.356-.569.707-.865,1.048.3-.342.585-.692.865-1.048\" transform=\"translate(-69.245 -3102.991)\" fill=\"#ffc400\"\/>\n\t\t\t<path d=\"M300.885,4186.843q-.534.42-1.09.814.555-.395,1.09-.814\" transform=\"translate(-49.371 -3121.977)\" fill=\"#ffc400\"\/>\n\t\t\t<path d=\"M329.793,4157.659q-.395.554-.815,1.089.42-.535.815-1.089\" transform=\"translate(-72.672 -3098.675)\" fill=\"#ffc400\"\/>\n\t\t\t<path d=\"M268.7,4204.388q-.94.425-1.916.783.975-.357,1.916-.783\" transform=\"translate(-23.016 -3135.986)\" fill=\"#ffc400\"\/>\n\t\t\t<path d=\"M353.951,4108.083q-.158.685-.349,1.356.191-.671.349-1.356\" transform=\"translate(-92.333 -3059.091)\" fill=\"#ffc400\"\/>\n\t\t\t<path d=\"M234.28,4215.175q-.7.107-1.417.18.714-.072,1.417-.18\" transform=\"translate(4.071 -3144.598)\" fill=\"#ffc400\"\/>\n\t\t\t<path d=\"M328.978,3989.675q.42.534.815,1.09-.395-.555-.815-1.09\" transform=\"translate(-72.672 -2964.549)\" fill=\"#ffc400\"\/>\n\t\t\t<path d=\"M336.806,4000.684q.736,1.148,1.362,2.37-.625-1.22-1.362-2.37\" transform=\"translate(-78.922 -2973.339)\" fill=\"#ffc400\"\/>\n\t\t\t<path d=\"M324.686,3984.474q.445.513.865,1.048-.42-.535-.865-1.048\" transform=\"translate(-69.245 -2960.396)\" fill=\"#ffc400\"\/>\n\t\t\t<path d=\"M305.2,3965.9q.535.42,1.048.865-.513-.445-1.048-.865\" transform=\"translate(-53.687 -2945.564)\" fill=\"#ffc400\"\/>\n\t\t\t<path d=\"M346.524,4018.581q.425.94.783,1.916-.357-.975-.783-1.916\" transform=\"translate(-86.681 -2987.628)\" fill=\"#ffc400\"\/>\n\t\t\t<path d=\"M282.434,3951.31q1.22.625,2.37,1.363-1.149-.736-2.37-1.363\" transform=\"translate(-35.509 -2933.916)\" fill=\"#ffc400\"\/>\n\t\t\t<path d=\"M299.795,3961.855q.555.395,1.09.815-.534-.42-1.09-.815\" transform=\"translate(-49.371 -2942.336)\" fill=\"#ffc400\"\/>\n\t\t\t<path d=\"M352.615,4034.613q.31,1,.548,2.025-.237-1.028-.548-2.025\" transform=\"translate(-91.545 -3000.429)\" fill=\"#ffc400\"\/>\n\t\t\t<path d=\"M266.788,3944.469q.975.357,1.916.783-.94-.425-1.916-.783\" transform=\"translate(-23.016 -2928.454)\" fill=\"#ffc400\"\/>\n\t\t\t<path d=\"M315.389,4174.214q.492-.469.96-.96-.469.491-.96.96\" transform=\"translate(-61.822 -3111.126)\" fill=\"#ffc400\"\/>\n\t\t\t<path d=\"M316.349,3975.683q-.469-.491-.96-.96.491.469.96.96\" transform=\"translate(-61.822 -2952.61)\" fill=\"#ffc400\"\/>\n\t\t\t<path d=\"M117.819,3974.723q-.492.469-.96.96.469-.491.96-.96\" transform=\"translate(96.694 -2952.61)\" fill=\"#ffc400\"\/>\n\t\t\t<path d=\"M254.942,4210.479q-.664.207-1.343.381.678-.175,1.343-.381\" transform=\"translate(-12.486 -3140.849)\" fill=\"#ffc400\"\/>\n\t\t\t<path d=\"M356.076,4048.07q.141.691.249,1.394-.107-.7-.249-1.394\" transform=\"translate(-94.308 -3011.174)\" fill=\"#ffc400\"\/>\n\t\t\t<path d=\"M357.31,4054.985q.107.7.18,1.417-.072-.714-.18-1.417\" transform=\"translate(-95.293 -3016.695)\" fill=\"#ffc400\"\/>\n\t\t\t<path d=\"M82.5,4035.955q.174-.679.381-1.343-.207.665-.381,1.343\" transform=\"translate(124.124 -3000.428)\" fill=\"#ffc400\"\/>\n\t\t\t<path d=\"M79.7,4049.463q.107-.7.249-1.394-.141.691-.249,1.394\" transform=\"translate(126.362 -3011.174)\" fill=\"#ffc400\"\/>\n\t\t\t<path d=\"M86.6,4020.5q.357-.975.783-1.916-.425.94-.783,1.916\" transform=\"translate(120.85 -2987.628)\" fill=\"#ffc400\"\/>\n\t\t\t<path d=\"M241.285,4213.94q-.691.141-1.394.249.7-.107,1.394-.249\" transform=\"translate(-1.541 -3143.613)\" fill=\"#ffc400\"\/>\n\t\t\t<path d=\"M93.446,4003.054q.625-1.22,1.362-2.37-.736,1.149-1.362,2.37\" transform=\"translate(115.388 -2973.339)\" fill=\"#ffc400\"\/>\n\t\t\t<path d=\"M250.219,3939.544q1.027.237,2.025.548-1-.31-2.025-.548\" transform=\"translate(-9.787 -2924.521)\" fill=\"#ffc400\"\/>\n\t\t\t<path d=\"M78.809,4056.4q.073-.713.18-1.417-.107.7-.18,1.417\" transform=\"translate(127.075 -3016.695)\" fill=\"#ffc400\"\/>\n\t\t\t<path d=\"M232.863,3936.673q.714.073,1.417.18-.7-.107-1.417-.18\" transform=\"translate(4.071 -2922.229)\" fill=\"#ffc400\"\/>\n\t\t\t<path d=\"M239.891,3937.566q.7.107,1.394.249-.691-.142-1.394-.249\" transform=\"translate(-1.541 -2922.942)\" fill=\"#ffc400\"\/>\n\t\t\t<path d=\"M180.064,3939.893q.671-.19,1.356-.349-.685.158-1.356.349\" transform=\"translate(46.228 -2924.521)\" fill=\"#ffc400\"\/>\n\t\t\t<path d=\"M131.811,3962.67q.535-.42,1.09-.815-.555.395-1.09.815\" transform=\"translate(84.756 -2942.336)\" fill=\"#ffc400\"\/>\n\t\t\t<path d=\"M126.61,3966.763q.513-.445,1.048-.865-.535.42-1.048.865\" transform=\"translate(88.908 -2945.564)\" fill=\"#ffc400\"\/>\n\t\t\t<path d=\"M103.991,3990.766q.395-.555.815-1.089-.42.534-.815,1.089\" transform=\"translate(106.969 -2964.55)\" fill=\"#ffc400\"\/>\n\t\t\t<path d=\"M150.9,3994.509l-5.72-11.59-5.72,11.59-12.79,1.859,9.255,9.021-2.185,12.739,11.44-6.014,11.44,6.014-2.185-12.739,9.255-9.021Z\" transform=\"translate(88.863 -2959.154)\" fill=\"#1f79af\"\/>\n\t<\/g>\n\t<\/symbol>\t<\/svg>\n<h2 class=\"co-columns--box_headline\" >Mejor experiencia<\/h2><div class=\"co-columns--box_desc\"><p>Disfruta de una experiencia de usuario modernizada, lo que significa que encontrar\u00e1s lo que buscas de forma m\u00e1s r\u00e1pida y sencilla.<\/p>\n<\/div><div class=\"co-columns--box_button\"><\/div>\t\t\t\t\t<\/div>\n\t\t\t\t\t\t\t\t\t<div class=\"co-columns--box\">\n\t\t\t\t\t\t\t<svg\n\t\tclass=\"co-columns--box_icon IconArt\"\n\t\tviewbox=\"0 0 60.212 71.278\"\n\t\twidth=\"60.212\"\n\t\theight=\"71.278\"\n\t>\n\t\t<title>Art<\/title>\n\t\tclase=\u201denvoltorio\u201d&gt;\n\t<g transform=\"translate(-726.642 -1175.121)\">\n\t\t\t<path d=\"M2691.044,5032.091h0a1.4,1.4,0,0,0,1.916-.515l7.629-13.241h-3.238l-6.823,11.84a1.4,1.4,0,0,0,.515,1.916\" transform=\"translate(-1958.097 -3785.88)\" fill=\"#00205b\"\/>\n\t\t\t<path d=\"M2892.2,5032.091h0a1.4,1.4,0,0,0,.515-1.916l-6.822-11.84h-3.238l7.629,13.241a1.4,1.4,0,0,0,1.916.515\" transform=\"translate(-2111.647 -3785.88)\" fill=\"#00205b\"\/>\n\t\t\t<path d=\"M2806.362,5032.143h0a1.4,1.4,0,0,0,1.4-1.4v-12.4h-2.805v12.4a1.4,1.4,0,0,0,1.4,1.4\" transform=\"translate(-2049.614 -3785.88)\" fill=\"#00205b\"\/>\n\t\t\t<path d=\"M2690.366,4848.372h49V4812.5h-49Zm3.116-32.746h42.765v20.851h-14.266l-1.406-1.874-6.394-8.532-5.024,6.7-7.766-10.363-7.91,10.549Z\" transform=\"translate(-1958.117 -3621.532)\" fill=\"#1f79af\"\/>\n\t\t\t<rect width=\"13.543\" height=\"2.109\" transform=\"translate(749.977 1185.767)\" fill=\"#efc025\"\/>\n\t\t\t<path d=\"M2722.761,4784.642h-20.529v2.81h17.729v41.482h-54.61v-41.482h17.728v-2.81h-20.529v47.1h60.212\" transform=\"translate(-1935.906 -3599.288)\" fill=\"#efc025\"\/>\n\t\t\t<path d=\"M2705.824,4845.34l7.91-10.548,7.766,10.362,5.024-6.7,6.394,8.533,1.406,1.874h14.266v-20.851h-42.766Zm32.71-13.06a3.665,3.665,0,1,1-3.656,3.666,3.663,3.663,0,0,1,3.656-3.666\" transform=\"translate(-1970.46 -3633.912)\" fill=\"#efc025\"\/>\n\t\t\t<path d=\"M2713.328,4746.914v-5.2h-8.174v-6.437a1.4,1.4,0,1,0-2.806,0v6.437h-8.174v5.2h-17.728V4788.4h54.61v-41.482Zm-16.348-2.4h13.543v2.109h-13.543Zm31.271,41.073h-49V4749.72h49Z\" transform=\"translate(-1947.003 -3558.751)\" fill=\"#00205b\"\/>\n\t<\/g>\n\t<\/symbol>\t<\/svg>\n<h2 class=\"co-columns--box_headline\" >Dise\u00f1o de p\u00e1gina actualizado<\/h2><div class=\"co-columns--box_desc\"><p>Disfrute de una apariencia renovada y una experiencia de usuario equilibrada con contenido limpio y f\u00e1cil de navegar.<\/p>\n<\/div><div class=\"co-columns--box_button\"><\/div>\t\t\t\t\t<\/div>\n\t\t\t\t\t\t\t\t\t<div class=\"co-columns--box\">\n\t\t\t\t\t\t\t<svg\n\t\tclass=\"co-columns--box_icon IconSpeechBubbles\"\n\t\tviewbox=\"0 0 95.202 72.046\"\n\t\twidth=\"95.202\"\n\t\theight=\"72.046\"\n\t>\n\t\t<title>Speech Bubbles<\/title>\n\t\tclase=\u201denvoltorio\u201d&gt;\n\t<g transform=\"translate(-735.355 -815.728)\">\n\t\t\t<path d=\"M2761.273,3051.755h-7.941v-29.2h-47.554v45.661h33.75l11.911,11.912v-11.912h19.853v-14.565l-10.019,10.019Zm-45.344-11.009h19.236v3.847H2715.93Zm24.935,10.911H2715.93v-3.847h24.935Zm3.918-14.129H2715.93v-3.847h28.854Z\" transform=\"translate(-1970.423 -2192.352)\" fill=\"#1f79af\"\/>\n\t\t\t<path d=\"M2941.72,2950.743v43.676h7.941v11.912l10.018-10.018,1.894-1.893h27.794v-43.676Zm28.633,24.245h-19.236v-3.847h19.236Zm9.618-7.064h-28.854v-3.847h28.854Z\" transform=\"translate(-2158.81 -2135.015)\" fill=\"#ffc400\"\/>\n\t\t\t<rect width=\"19.236\" height=\"3.847\" transform=\"translate(792.306 836.126)\" fill=\"#00205b\"\/>\n\t\t\t<rect width=\"28.853\" height=\"3.847\" transform=\"translate(792.306 829.062)\" fill=\"#00205b\"\/>\n\t\t\t<rect width=\"19.236\" height=\"3.847\" transform=\"translate(745.507 848.395)\" fill=\"#00205b\"\/>\n\t\t\t<rect width=\"28.853\" height=\"3.847\" transform=\"translate(745.507 841.331)\" fill=\"#00205b\"\/>\n\t\t\t<rect width=\"24.935\" height=\"3.847\" transform=\"translate(745.507 855.459)\" fill=\"#00205b\"\/>\n\t<\/g>\n\t<\/symbol>\t<\/svg>\n<h2 class=\"co-columns--box_headline\" >Soporte y recursos<\/h2><div class=\"co-columns--box_desc\"><p>Encuentra opciones de autoservicio e informaci\u00f3n al alcance de tu mano, as\u00ed como una variedad de formas de obtener asistencia.<\/p>\n<\/div><div class=\"co-columns--box_button\"><\/div>\t\t\t\t\t<\/div>\n\t\t\t\t\t\t\t<\/div>\n\t\t\t\t<\/div>\n\n\t<\/div>\n<\/div>\n\n\n<div class=\"co-flex_row co-flex_row__white co-flex_row__next_row_diff co-flex_row__long-form-text co-flex_row__next_row__accordions\" >\n\t<div class=\"co-flex_row--row co-row\">\n\t\t\t<div class=\"co-long_form\">\n\t\t\t\t<header class=\"co-intro_text\">\n\t\t\t<h2 class=\"co-intro_text--title\">El nuevo soundcu.com<\/h2><div class=\"co-intro_text--intro\"><p>Redise\u00f1ado pensando en ti.<\/p>\n<\/div>\t\t<\/header>\n\t\t\t\t<div class=\"co-long_form--block prow items-start flex-row-reverse\">\n\t\t\t\t<div class=\"co-long_form--text pcol-md:7\">\n\t\t\t\t\t<div class=\"co-long_form--content\"><ul>\n<li>Una experiencia moderna y mejorada al navegar por el sitio.<\/li>\n<li>Mejor informaci\u00f3n sobre nuestros productos y servicios para ayudarle con sus necesidades financieras.<\/li>\n<li>Ahora es m\u00e1s sencillo encontrar lo que buscas y gestionar tus cuentas.<\/li>\n<li>Un flujo de trabajo sencillo y acogedor para los nuevos miembros, con un proceso r\u00e1pido y directo para unirse a nuestra comunidad y sacar el m\u00e1ximo partido a sus cuentas en Sound.<\/li>\n<\/ul>\n<\/div><a class=\"co-long_form--button co-button gtm-button\" href=\"\/es\/\"  >Volver a la p\u00e1gina principal \u00bb<\/a>\t\t\t\t<\/div>\n\t\t\t\t\t\t\t\t\t<div class=\"co-long_form--media pcol-md:5 Image\">\n\t\t\t\t\t\t<div class=\"co-long_form--media_wrap\">\n\t\t\t\t\t\t\t<img loading=\"lazy\" decoding=\"async\" width=\"540\" height=\"330\" src=\"https:\/\/www.soundcu.com\/files\/WebsiteRedesign_MockUpDevices_iStock-533870009_540x330.jpg\" class=\"co-long_form--image\" alt=\"Examples of the new website design screens on various devices\" srcset=\"https:\/\/www.soundcu.com\/files\/WebsiteRedesign_MockUpDevices_iStock-533870009_540x330.jpg 540w, https:\/\/www.soundcu.com\/files\/WebsiteRedesign_MockUpDevices_iStock-533870009_540x330-396x242.jpg 396w, https:\/\/www.soundcu.com\/files\/WebsiteRedesign_MockUpDevices_iStock-533870009_540x330-75x46.jpg 75w\" sizes=\"auto, (max-width: 540px) 100vw, 540px\" \/>\t\t\t\t\t\t\t\t\t\t\t\t\t\t\t<svg class=\"co-long_form--media__svg\" width=\"252.96\" height=\"86.432\" viewbox=\"0 0 252.96 86.432\"><g transform=\"translate(-992.041 -7954.568)\"><path d=\"M567.407,124.428c-77.494-74.559-170.562-30.665-250.487,0C396.429,151.611,495.98,196.666,567.407,124.428Z\" transform=\"translate(677.594 7871.189)\" fill=\"#71c4e8\"\/><path d=\"M452.635,105.62c-41.987-40.4-92.411-16.614-135.715,0C360,120.347,413.936,144.758,452.635,105.62Z\" transform=\"translate(675.121 7914.231)\" fill=\"#00205b\"\/><\/g><\/svg>\n\t\t\t\t\t\t\t\t\t\t\t\t\t<\/div>\n\t\t\t\t\t\t\t\t\t\t\t<\/div>\n\t\t\t\t\t\t\t<\/div>\n\t\t\t\t<\/div>\n\n\t<\/div>\n<\/div>\n\n\n<div class=\"co-flex_row co-flex_row__blue co-flex_row__accordions co-flex_row__next_row__testimonial\" >\n\t<div class=\"co-flex_row--row co-row\">\n\t\t\t<section class=\"co-accords_section\" aria-label=\"Preguntas frecuentes sobre el redise\u00f1o del sitio web\">\n\t\t\t\t<header class=\"co-intro_text\">\n\t\t\t<h2 class=\"co-intro_text--title\">Preguntas frecuentes sobre el redise\u00f1o del sitio web<\/h2>\t\t<\/header>\n\t\t\t<div class=\"co-accordion\" data-animation=\"on\" data-multi-items=\"on\">\n\t\t\t\t\t\t\t<div class=\"co-accordion--item\">\n\t\t\t\t\t<button\n\t\t\t\t\t\t\t\t\t\t\t\tclass=\"co-accordion--header\t\t\t\t\t\t\tjs-accord_toggle\t\t\t\t\t\t\tclosed\"\n\t\t\t\t\t>\n\t\t\t\t\t\t<span class=\"text-md\">\u00bfPor qu\u00e9 se redise\u00f1\u00f3 soundcu.com?<\/span>\n\t\t\t\t\t\t<svg class=\"co-accordion--icon no-js:is-hidden\" viewbox=\"0 0 20 20\"><g class=\"icon__group\" fill=\"none\" stroke=\"currentColor\" stroke-linecap=\"round\" stroke-linejoin=\"round\"><line x1=\"3\" y1=\"3\" x2=\"17\" y2=\"17\"><\/line><line x1=\"17\" y1=\"3\" x2=\"3\" y2=\"17\"><\/line><\/g><\/svg>\n\t\t\t\t\t<\/button>\n\t\t\t\t\t<div class=\"co-accordion--panel\t\t\t\t\t\tjs-accord_content\">\n\t\t\t\t\t\t<p>El dise\u00f1o anterior del sitio web funcion\u00f3 bien para Sound durante m\u00e1s de 5 a\u00f1os, \u00a1y ya era hora de renovarlo! El objetivo es brindar la mejor experiencia posible y garantizar que, cuando los miembros nos visiten en l\u00ednea, obtengan la informaci\u00f3n m\u00e1s relevante y un soporte de alta calidad.<\/p>\n<p>\u00a1Nos entusiasma presentarles estos cambios y mejorar a\u00fan m\u00e1s sus interacciones en l\u00ednea con nosotros!<\/p>\n\t\t\t\t\t<\/div>\n\t\t\t\t<\/div>\n\t\t\t\t\t\t\t<div class=\"co-accordion--item\">\n\t\t\t\t\t<button\n\t\t\t\t\t\t\t\t\t\t\t\tclass=\"co-accordion--header\t\t\t\t\t\t\tjs-accord_toggle\t\t\t\t\t\t\tclosed\"\n\t\t\t\t\t>\n\t\t\t\t\t\t<span class=\"text-md\">\u00bfCu\u00e1ndo se lanz\u00f3 el nuevo sitio web?<\/span>\n\t\t\t\t\t\t<svg class=\"co-accordion--icon no-js:is-hidden\" viewbox=\"0 0 20 20\"><g class=\"icon__group\" fill=\"none\" stroke=\"currentColor\" stroke-linecap=\"round\" stroke-linejoin=\"round\"><line x1=\"3\" y1=\"3\" x2=\"17\" y2=\"17\"><\/line><line x1=\"17\" y1=\"3\" x2=\"3\" y2=\"17\"><\/line><\/g><\/svg>\n\t\t\t\t\t<\/button>\n\t\t\t\t\t<div class=\"co-accordion--panel\t\t\t\t\t\tjs-accord_content\">\n\t\t\t\t\t\t<p>El nuevo dise\u00f1o del sitio web se lanz\u00f3 el mi\u00e9rcoles 21 de febrero de 2024.<\/p>\n\t\t\t\t\t<\/div>\n\t\t\t\t<\/div>\n\t\t\t\t\t\t\t<div class=\"co-accordion--item\">\n\t\t\t\t\t<button\n\t\t\t\t\t\t\t\t\t\t\t\tclass=\"co-accordion--header\t\t\t\t\t\t\tjs-accord_toggle\t\t\t\t\t\t\tclosed\"\n\t\t\t\t\t>\n\t\t\t\t\t\t<span class=\"text-md\">\u00bfEst\u00e1 cambiando la banca m\u00f3vil o en l\u00ednea? \u00bfQu\u00e9 ocurre con otros sitios web de terceros a los que accedo desde soundcu.com?<\/span>\n\t\t\t\t\t\t<svg class=\"co-accordion--icon no-js:is-hidden\" viewbox=\"0 0 20 20\"><g class=\"icon__group\" fill=\"none\" stroke=\"currentColor\" stroke-linecap=\"round\" stroke-linejoin=\"round\"><line x1=\"3\" y1=\"3\" x2=\"17\" y2=\"17\"><\/line><line x1=\"17\" y1=\"3\" x2=\"3\" y2=\"17\"><\/line><\/g><\/svg>\n\t\t\t\t\t<\/button>\n\t\t\t\t\t<div class=\"co-accordion--panel\t\t\t\t\t\tjs-accord_content\">\n\t\t\t\t\t\t<p>La banca m\u00f3vil, la aplicaci\u00f3n m\u00f3vil y <a href=\"https:\/\/www.soundcu.com\/es\/personal\/online-banking\/\">banca en l\u00ednea<\/a> No habr\u00e1 cambios. Sus contrase\u00f1as actuales seguir\u00e1n funcionando y no se realizar\u00e1 ninguna conversi\u00f3n de cuenta. Se trata simplemente de una renovaci\u00f3n de la p\u00e1gina web p\u00fablica para miembros, soundcu.com.<\/p>\n<p>Otros proveedores de servicios externos, como CUSO Investment Services y Mortgage Servicing, seguir\u00e1n estando disponibles y enlazados desde el nuevo sitio web soundcu.com.<\/p>\n\t\t\t\t\t<\/div>\n\t\t\t\t<\/div>\n\t\t\t\t\t<\/div>\n\t\t\t<\/section>\n\n\t<\/div>\n<\/div>\n\n\n<div class=\"co-flex_row co-flex_row__blue co-flex_row__next_row_diff co-flex_row__testimonial co-flex_row__next_row__single-path-cta\" >\n\t<div class=\"co-flex_row--row co-row\">\n\t\t\t<div class=\"co-testis\">\n\t\t\t\t<header class=\"co-intro_text\">\n\t\t\t<h2 class=\"co-intro_text--title\">Nuestro compromiso contigo.<\/h2>\t\t<\/header>\n\t<blockquote class=\"co-testi--quote_text\"><p>En Sound nos comprometemos a brindar el mejor servicio posible y esperamos ofrecer una experiencia en l\u00ednea excepcional. Agradecemos su paciencia y apoyo durante la transici\u00f3n al nuevo dise\u00f1o de soundcu.com.<\/p>\n<\/blockquote>\t\t<div class=\"co-testi co-testi__with_image prow\">\n\t\t\t\t\t\t\t<div class=\"co-testi--img_wrap pcol pcol-lg:2\">\n\t\t\t\t\t<img loading=\"lazy\" decoding=\"async\" width=\"396\" height=\"256\" src=\"https:\/\/www.soundcu.com\/files\/iStock-1490814161_396x256.jpg\" class=\"co-testi--img\" alt=\"Student in yellow top and blue glasses looking at camera\" srcset=\"https:\/\/www.soundcu.com\/files\/iStock-1490814161_396x256.jpg 396w, https:\/\/www.soundcu.com\/files\/iStock-1490814161_396x256-75x48.jpg 75w\" sizes=\"auto, (max-width: 396px) 100vw, 396px\" \/>\t\t\t\t<\/div>\n\t\t\t\t\t\t\t<div class=\"co-testi--attribution pcol-lg:6\">\n\t\t\t\t\t\t\t<\/div>\n\t\t<\/div>\n\t\t<svg class=\"co-testis__svg\" width=\"377.943\" height=\"163.666\" viewbox=\"0 0 377.943 163.666\">\n\t\t\t\t<path d=\"M694.863,145.316c-116.926-112.5-257.349-46.268-377.943,0C436.886,186.329,587.092,254.31,694.863,145.316Z\" transform=\"translate(-316.92 -53.17)\" fill=\"#71c4e8\"\/>\n\t\t\t\t<path d=\"M461.6,107.088c-44.759-43.064-98.513-17.711-144.677,0C362.843,122.788,420.342,148.811,461.6,107.088Z\" transform=\"translate(-103.436 34.032)\" fill=\"#00205b\"\/>\n\t\t\t\t<path d=\"M505.892,114.347c-58.463-56.249-128.674-23.134-188.972,0C376.9,134.854,452.006,168.844,505.892,114.347Z\" transform=\"translate(-264.92 -83.379)\" fill=\"#1f79af\"\/>\n\t\t<\/svg>\n\t<\/div>\n\n\t<\/div>\n<\/div>\n\n\n<div class=\"co-flex_row co-flex_row__white co-flex_row__last co-flex_row__single-path-cta\" >\n\t<div class=\"co-flex_row--row co-row\">\n\t\t\t<svg class=\"co-sp_cta__svg\" width=\"488.512\" height=\"338.101\" viewbox=\"0 0 488.512 338.101\">\n\t\t\t<path class=\"co-sp_cta__svg--path_big\" d=\"M488.512,163.324C337.738,308.387,172.875,346.284,6.386,332.445c-12.895-1.072-2.726.507,0-169.121C7.666,83.681-1.682,4.826,3.448,4.309,177.337-13.221,346.255,19.454,488.512,163.324Z\"\/>\n\t\t\t<path class=\"co-sp_cta__svg--path_small\" d=\"M408.431,63.648c-126.358,121.572-278.108,50-408.431,0C129.644,19.327,291.966-54.138,408.431,63.648Z\" transform=\"translate(0 207.52)\" fill=\"#efc025\"\/>\n\t<\/svg>\n\t<div class=\"co-sp_cta\">\n\t\t\t\t<header class=\"co-intro_text\">\n\t\t\t<h2 class=\"co-intro_text--title\">Ponte en contacto.<\/h2><div class=\"co-intro_text--intro\"><p>Agradecemos sus preguntas y comentarios.<\/p>\n<\/div>\t\t<\/header>\n\t<a class=\"co-sp_cta--button gtm-button\" href=\"https:\/\/www.soundcu.com\/es\/speed-bump\/?url=https%3A%2F%2Fwww.soundcu.com%2Fcontact%2F&#038;prev=https%3A%2F%2Fwww.soundcu.com%2Fes%2Fwebsite-redesign%2F\"  >P\u00f3ngase en contacto con nosotros de la forma que le resulte m\u00e1s f\u00e1cil.<\/a>\t<\/div>\n\n\t<\/div>\n<\/div>","protected":false},"excerpt":{"rendered":"","protected":false},"author":10,"featured_media":0,"parent":0,"menu_order":0,"comment_status":"closed","ping_status":"closed","template":"","meta":{"_acf_changed":false,"content-type":"","_searchwp_excluded":"","footnotes":""},"county":[],"class_list":["post-9715","page","type-page","status-publish","hentry"],"acf":[],"_links":{"self":[{"href":"https:\/\/www.soundcu.com\/es\/wp-json\/wp\/v2\/pages\/9715","targetHints":{"allow":["GET"]}}],"collection":[{"href":"https:\/\/www.soundcu.com\/es\/wp-json\/wp\/v2\/pages"}],"about":[{"href":"https:\/\/www.soundcu.com\/es\/wp-json\/wp\/v2\/types\/page"}],"author":[{"embeddable":true,"href":"https:\/\/www.soundcu.com\/es\/wp-json\/wp\/v2\/users\/10"}],"replies":[{"embeddable":true,"href":"https:\/\/www.soundcu.com\/es\/wp-json\/wp\/v2\/comments?post=9715"}],"version-history":[{"count":11,"href":"https:\/\/www.soundcu.com\/es\/wp-json\/wp\/v2\/pages\/9715\/revisions"}],"predecessor-version":[{"id":14651,"href":"https:\/\/www.soundcu.com\/es\/wp-json\/wp\/v2\/pages\/9715\/revisions\/14651"}],"wp:attachment":[{"href":"https:\/\/www.soundcu.com\/es\/wp-json\/wp\/v2\/media?parent=9715"}],"wp:term":[{"taxonomy":"county","embeddable":true,"href":"https:\/\/www.soundcu.com\/es\/wp-json\/wp\/v2\/county?post=9715"}],"curies":[{"name":"wp","href":"https:\/\/api.w.org\/{rel}","templated":true}]}}