{"id":9787,"date":"2025-05-28T15:15:00","date_gmt":"2025-05-28T22:15:00","guid":{"rendered":"https:\/\/www.soundcu.com\/?page_id=9787"},"modified":"2026-03-18T14:36:02","modified_gmt":"2026-03-18T21:36:02","slug":"annual-meeting","status":"publish","type":"page","link":"https:\/\/www.soundcu.com\/es\/annual-meeting\/","title":{"rendered":"Encuentro anual"},"content":{"rendered":"<div class=\"co-flex_row co-flex_row__blue co-flex_row__minimal-hero co-flex_row__next_row__long-form-text\" >\n\t<div class=\"co-flex_row--row co-row\">\n\t\t\t<header class=\"co-page_hero co-page_minimalHero co-page_hero__no_image\" aria-label=\"Encabezado: 86.\u00aa Reuni\u00f3n Anual\">\n\t\t<div class=\"co-page_hero--inner\">\n\t\t\t<div class=\"prow items-center\">\n\t\t\t\t<div class=\"co-page_hero--text\">\n\t\t\t\t\t<h1 class=\"co-page_hero--title\" >86.\u00aa Reuni\u00f3n Anual<\/h1>\t\t\t\t\t<p class=\"co-page_hero--tagline\">Mi\u00e9rcoles, 27 de mayo de 2026 \u2022 Evento virtual<\/p>\t\t\t\t<\/div>\n\t\t\t<\/div>\n\t\t<\/div>\n\t<\/header>\n\n\t<\/div>\n<\/div>\n\n\n<div class=\"co-flex_row co-flex_row__blue co-flex_row__long-form-text co-flex_row__next_row__tabs\" >\n\t<div class=\"co-flex_row--row co-row\">\n\t\t\t<div class=\"co-long_form\">\n\t\t\t\t<header class=\"co-intro_text\">\n\t\t\t<h2 class=\"co-intro_text--title\">86.\u00aa Reuni\u00f3n Anual de Sound Credit Union<\/h2>\t\t<\/header>\n\t\t\t\t<div class=\"co-long_form--block prow items-start flex-row-reverse\">\n\t\t\t\t<div class=\"co-long_form--text pcol-md:7\">\n\t\t\t\t\t<h3 class=\"co-long_form--headline\" >Todos los miembros de Sound Credit Union est\u00e1n invitados a asistir.<\/h3><div class=\"co-long_form--content\"><p>Pr\u00f3ximamente se publicar\u00e1n los detalles para la inscripci\u00f3n al evento virtual.<\/p>\n<\/div>\t\t\t\t<\/div>\n\t\t\t\t\t\t\t\t\t<div class=\"co-long_form--media pcol-md:5 Image\">\n\t\t\t\t\t\t<div class=\"co-long_form--media_wrap\">\n\t\t\t\t\t\t\t<img loading=\"lazy\" decoding=\"async\" width=\"540\" height=\"330\" src=\"https:\/\/www.soundcu.com\/files\/Annual-Mtg-LFT-86th_540x330.jpg\" class=\"co-long_form--image\" alt=\"Annual Meeting graphic\" srcset=\"https:\/\/www.soundcu.com\/files\/Annual-Mtg-LFT-86th_540x330.jpg 540w, https:\/\/www.soundcu.com\/files\/Annual-Mtg-LFT-86th_540x330-396x242.jpg 396w, https:\/\/www.soundcu.com\/files\/Annual-Mtg-LFT-86th_540x330-75x46.jpg 75w\" sizes=\"auto, (max-width: 540px) 100vw, 540px\" \/>\t\t\t\t\t\t\t\t\t\t\t\t\t\t\t<svg class=\"co-long_form--media__svg\" width=\"252.96\" height=\"86.432\" viewbox=\"0 0 252.96 86.432\"><g transform=\"translate(-992.041 -7954.568)\"><path d=\"M567.407,124.428c-77.494-74.559-170.562-30.665-250.487,0C396.429,151.611,495.98,196.666,567.407,124.428Z\" transform=\"translate(677.594 7871.189)\" fill=\"#71c4e8\"\/><path d=\"M452.635,105.62c-41.987-40.4-92.411-16.614-135.715,0C360,120.347,413.936,144.758,452.635,105.62Z\" transform=\"translate(675.121 7914.231)\" fill=\"#00205b\"\/><\/g><\/svg>\n\t\t\t\t\t\t\t\t\t\t\t\t\t<\/div>\n\t\t\t\t\t\t\t\t\t\t\t<\/div>\n\t\t\t\t\t\t\t<\/div>\n\t\t\t\t<\/div>\n\n\t<\/div>\n<\/div>\n\n\n<div class=\"co-flex_row co-flex_row__blue co-flex_row__last co-flex_row__tabs\" >\n\t<div class=\"co-flex_row--row co-row\">\n\t\t\t<div class=\"co-tabs\">\n\t\t\t\t\t<div class=\"co-tabs--tabs js-tabs\">\n\t\t\t\t<nav class=\"co-tabs--nav\" aria-label=\"Tabs Navigation 69e948bf37053\">\n\t\t\t\t\t\t\t\t\t\t\t<button\n\t\t\t\t\t\t\tclass=\"co-tabs--nav_toggle\t\t\t\t\t\t\t\tjs-tab_toggle\t\t\t\t\t\t\t\tjs-tab_toggle_large\"\n\t\t\t\t\t\t\tdata-tabtitle=\"nominations\"\n\t\t\t\t\t\t\tdata-tabindex=\"0_nominations\"\n\t\t\t\t\t\t\taria-label=\"Abre el plazo de presentaci\u00f3n de candidaturas\"\n\t\t\t\t\t\t>\n\t\t\t\t\t\t\tNominaciones\t\t\t\t\t\t<\/button>\n\t\t\t\t\t\t\t\t\t\t\t<button\n\t\t\t\t\t\t\tclass=\"co-tabs--nav_toggle\t\t\t\t\t\t\t\tjs-tab_toggle\t\t\t\t\t\t\t\tjs-tab_toggle_large\"\n\t\t\t\t\t\t\tdata-tabtitle=\"materials\"\n\t\t\t\t\t\t\tdata-tabindex=\"1_materials\"\n\t\t\t\t\t\t\taria-label=\"Materiales abiertos\"\n\t\t\t\t\t\t>\n\t\t\t\t\t\t\tMateriales\t\t\t\t\t\t<\/button>\n\t\t\t\t\t\t\t\t\t\t\t<button\n\t\t\t\t\t\t\tclass=\"co-tabs--nav_toggle\t\t\t\t\t\t\t\tjs-tab_toggle\t\t\t\t\t\t\t\tjs-tab_toggle_large\"\n\t\t\t\t\t\t\tdata-tabtitle=\"recording\"\n\t\t\t\t\t\t\tdata-tabindex=\"2_recording\"\n\t\t\t\t\t\t\taria-label=\"Grabaci\u00f3n abierta\"\n\t\t\t\t\t\t>\n\t\t\t\t\t\t\tGrabaci\u00f3n\t\t\t\t\t\t<\/button>\n\t\t\t\t\t\t\t\t\t\t\t<button\n\t\t\t\t\t\t\tclass=\"co-tabs--nav_toggle\t\t\t\t\t\t\t\tjs-tab_toggle\t\t\t\t\t\t\t\tjs-tab_toggle_large\"\n\t\t\t\t\t\t\tdata-tabtitle=\"agenda\"\n\t\t\t\t\t\t\tdata-tabindex=\"3_agenda\"\n\t\t\t\t\t\t\taria-label=\"Agenda abierta\"\n\t\t\t\t\t\t>\n\t\t\t\t\t\t\tOrden del d\u00eda\t\t\t\t\t\t<\/button>\n\t\t\t\t\t\t\t\t\t<\/nav>\n\n\t\t\t\t<div class=\"co-tabs--panels\">\n\t\t\t\t\t\t\t\t\t\t\t<div class=\"co-tab js-tab co-tab__0\">\n\t\t\t\t\t\t\t<button\n\t\t\t\t\t\t\t\tclass=\"co-tab--toggle\t\t\t\t\t\t\t\t\tjs-tab_toggle\"\n\t\t\t\t\t\t\t\tdata-tabindex=\"0_nominations\"\n\t\t\t\t\t\t\t\taria-label=\"Abrir la pesta\u00f1a m\u00f3vil Nominaciones\"\n\t\t\t\t\t\t\t>\n\t\t\t\t\t\t\t\tNominaciones\t\t\t\t\t\t\t<\/button>\n\t\t\t\t\t\t\t<section\n\t\t\t\t\t\t\t\tclass=\"co-tab--content\t\t\t\t\t\t\t\t\tco-row\t\t\t\t\t\t\t\t\tjs-tab_content\"\n\t\t\t\t\t\t\t\taria-label=\"Pesta\u00f1a Contenido para Nominaciones\"\n\t\t\t\t\t\t\t\tdata-tabindex=\"0_nominations\"\n\t\t\t\t\t\t\t>\n\t\t\t\t\t\t\t\t<h3>Nominaciones para 2026<\/h3>\n<ul>\n<li><a href=\"\/es\/our-board\/\">Juan Bauder<\/a>, Junta Directiva<\/li>\n<li><a href=\"\/es\/our-board\/\">Haluk Demirkan, Doctor en Filosof\u00eda.<\/a>, Junta Directiva, Comit\u00e9 de Auditor\u00eda<\/li>\n<li><a href=\"\/es\/our-board\/\">Altaf Merchant, Doctor en Filosof\u00eda.<\/a>, Junta Directiva<\/li>\n<\/ul>\n\t\t\t\t\t\t\t<\/section>\n\t\t\t\t\t\t<\/div>\n\t\t\t\t\t\t\t\t\t\t\t<div class=\"co-tab js-tab co-tab__1\">\n\t\t\t\t\t\t\t<button\n\t\t\t\t\t\t\t\tclass=\"co-tab--toggle\t\t\t\t\t\t\t\t\tjs-tab_toggle\"\n\t\t\t\t\t\t\t\tdata-tabindex=\"1_materials\"\n\t\t\t\t\t\t\t\taria-label=\"Abrir la pesta\u00f1a m\u00f3vil Materiales\"\n\t\t\t\t\t\t\t>\n\t\t\t\t\t\t\t\tMateriales\t\t\t\t\t\t\t<\/button>\n\t\t\t\t\t\t\t<section\n\t\t\t\t\t\t\t\tclass=\"co-tab--content\t\t\t\t\t\t\t\t\tco-row\t\t\t\t\t\t\t\t\tjs-tab_content\"\n\t\t\t\t\t\t\t\taria-label=\"Contenido de la pesta\u00f1a Materiales\"\n\t\t\t\t\t\t\t\tdata-tabindex=\"1_materials\"\n\t\t\t\t\t\t\t>\n\t\t\t\t\t\t\t\t<h3>Materiales de la reuni\u00f3n anual anterior (28\/05\/2025)<\/h3>\n<a href=\"https:\/\/www.soundcu.com\/files\/2023-Annual-Meeting-Minutes-05.29.2024.pdf\" class=\"co-button\">ACTA DE LA REUNI\u00d3N DEL A\u00d1O PASADO<\/a>\n<a href=\"https:\/\/www.soundcu.com\/files\/2024-SoundCreditUnion-AnnualReport.pdf\" class=\"co-button\">INFORME ANUAL 2024<\/a>\n<a href=\"https:\/\/www.soundcu.com\/files\/2024-SoundCreditUnion-CommunityImpactReport.pdf\" class=\"co-button\">INFORME DE IMPACTO COMUNITARIO 2024<\/a>\n\t\t\t\t\t\t\t<\/section>\n\t\t\t\t\t\t<\/div>\n\t\t\t\t\t\t\t\t\t\t\t<div class=\"co-tab js-tab co-tab__2\">\n\t\t\t\t\t\t\t<button\n\t\t\t\t\t\t\t\tclass=\"co-tab--toggle\t\t\t\t\t\t\t\t\tjs-tab_toggle\"\n\t\t\t\t\t\t\t\tdata-tabindex=\"2_recording\"\n\t\t\t\t\t\t\t\taria-label=\"Grabaci\u00f3n de la pesta\u00f1a m\u00f3vil abierta\"\n\t\t\t\t\t\t\t>\n\t\t\t\t\t\t\t\tGrabaci\u00f3n\t\t\t\t\t\t\t<\/button>\n\t\t\t\t\t\t\t<section\n\t\t\t\t\t\t\t\tclass=\"co-tab--content\t\t\t\t\t\t\t\t\tco-row\t\t\t\t\t\t\t\t\tjs-tab_content\"\n\t\t\t\t\t\t\t\taria-label=\"Contenido de la pesta\u00f1a para grabaci\u00f3n\"\n\t\t\t\t\t\t\t\tdata-tabindex=\"2_recording\"\n\t\t\t\t\t\t\t>\n\t\t\t\t\t\t\t\t<h3>Grabaci\u00f3n de la reuni\u00f3n anterior 28\/05\/2025<\/h3>\n<p><iframe loading=\"lazy\" title=\"Reproductor de v\u00eddeo de YouTube\" src=\"https:\/\/www.youtube.com\/embed\/9DTAlXHn-vY?si=79QhDjKrrh7IaoTv&amp;controls=0\" width=\"560\" height=\"315\" frameborder=\"0\" allowfullscreen=\"allowfullscreen\"><\/iframe><\/p>\n\t\t\t\t\t\t\t<\/section>\n\t\t\t\t\t\t<\/div>\n\t\t\t\t\t\t\t\t\t\t\t<div class=\"co-tab js-tab co-tab__3\">\n\t\t\t\t\t\t\t<button\n\t\t\t\t\t\t\t\tclass=\"co-tab--toggle\t\t\t\t\t\t\t\t\tjs-tab_toggle\"\n\t\t\t\t\t\t\t\tdata-tabindex=\"3_agenda\"\n\t\t\t\t\t\t\t\taria-label=\"Abrir la pesta\u00f1a m\u00f3vil Agenda\"\n\t\t\t\t\t\t\t>\n\t\t\t\t\t\t\t\tOrden del d\u00eda\t\t\t\t\t\t\t<\/button>\n\t\t\t\t\t\t\t<section\n\t\t\t\t\t\t\t\tclass=\"co-tab--content\t\t\t\t\t\t\t\t\tco-row\t\t\t\t\t\t\t\t\tjs-tab_content\"\n\t\t\t\t\t\t\t\taria-label=\"Contenido de la pesta\u00f1a para la agenda\"\n\t\t\t\t\t\t\t\tdata-tabindex=\"3_agenda\"\n\t\t\t\t\t\t\t>\n\t\t\t\t\t\t\t\t<h3>Programa de la reuni\u00f3n anual<\/h3>\n<p>Se declara abierta la reuni\u00f3n.<\/p>\n<ul>\n<li class=\"p1\">Declaraci\u00f3n de que hay qu\u00f3rum presente<\/li>\n<li class=\"p1\">Lectura de las actas de la reuni\u00f3n del a\u00f1o anterior.<\/li>\n<li class=\"p1\">Informe del Presidente del Consejo de Administraci\u00f3n<\/li>\n<li class=\"p1\">Informe del Comit\u00e9 de Auditor\u00eda<\/li>\n<li class=\"p1\">Informe del Presidente (Informe del Tesorero)<\/li>\n<li>Elecciones<\/li>\n<li class=\"p1\">Nuevos negocios<\/li>\n<\/ul>\n<p>Aplazar<\/p>\n\t\t\t\t\t\t\t<\/section>\n\t\t\t\t\t\t<\/div>\n\t\t\t\t\t\t\t\t\t<\/div>\n\t\t\t<\/div>\n\t\t\t<\/div>\n\t\n\t<\/div>\n<\/div>","protected":false},"excerpt":{"rendered":"","protected":false},"author":10,"featured_media":0,"parent":0,"menu_order":0,"comment_status":"closed","ping_status":"closed","template":"","meta":{"_acf_changed":false,"content-type":"","_searchwp_excluded":"","footnotes":""},"county":[],"class_list":["post-9787","page","type-page","status-publish","hentry"],"acf":[],"_links":{"self":[{"href":"https:\/\/www.soundcu.com\/es\/wp-json\/wp\/v2\/pages\/9787","targetHints":{"allow":["GET"]}}],"collection":[{"href":"https:\/\/www.soundcu.com\/es\/wp-json\/wp\/v2\/pages"}],"about":[{"href":"https:\/\/www.soundcu.com\/es\/wp-json\/wp\/v2\/types\/page"}],"author":[{"embeddable":true,"href":"https:\/\/www.soundcu.com\/es\/wp-json\/wp\/v2\/users\/10"}],"replies":[{"embeddable":true,"href":"https:\/\/www.soundcu.com\/es\/wp-json\/wp\/v2\/comments?post=9787"}],"version-history":[{"count":43,"href":"https:\/\/www.soundcu.com\/es\/wp-json\/wp\/v2\/pages\/9787\/revisions"}],"predecessor-version":[{"id":18528,"href":"https:\/\/www.soundcu.com\/es\/wp-json\/wp\/v2\/pages\/9787\/revisions\/18528"}],"wp:attachment":[{"href":"https:\/\/www.soundcu.com\/es\/wp-json\/wp\/v2\/media?parent=9787"}],"wp:term":[{"taxonomy":"county","embeddable":true,"href":"https:\/\/www.soundcu.com\/es\/wp-json\/wp\/v2\/county?post=9787"}],"curies":[{"name":"wp","href":"https:\/\/api.w.org\/{rel}","templated":true}]}}